{"id":9255,"date":"2021-07-02T22:42:13","date_gmt":"2021-07-02T22:42:13","guid":{"rendered":"https:\/\/globalmedsonlineinc.com\/se\/?post_type=product&#038;p=9255"},"modified":"2024-02-21T08:54:29","modified_gmt":"2024-02-21T08:54:29","slug":"mdpv","status":"publish","type":"product","link":"https:\/\/globalmedsonlineinc.com\/se\/product\/research-chemicals\/mdpv\/","title":{"rendered":"K\u00f6p MDPV online"},"content":{"rendered":"<h1>MDPV till salu p\u00e5 n\u00e4tet<\/h1>\n<p><a href=\"https:\/\/globalmedsonlineinc.com\/se\/product\/research-chemicals\/mdpv\/\">MDPV till salu p\u00e5 n\u00e4tet<\/a>. Om MDPV (metylendioxypyrovaleron)<br \/>\nMetylendioxypyrovaleron (MDPV) \u00e4r ett stimulerande medel i katinonklassen som fungerar som en noradrenalin-dopamin\u00e5terupptagsh\u00e4mmare.<br \/>\nDet utvecklades f\u00f6rst p\u00e5 1960-talet av ett team vid Boehringer Ingelheim.<br \/>\nDess aktivitet vid dopamintransport\u00f6ren \u00e4r sex g\u00e5nger starkare \u00e4n vid noradrenalintransport\u00f6ren och den \u00e4r praktiskt taget inaktiv vid serotonintransport\u00f6ren.<\/p>\n<p>F\u00f6rblev ett ok\u00e4nt stimulerande medel fram till omkring 2004 d\u00e5 det enligt uppgift s\u00e5ldes som en designerdrog. Fram till dess att de f\u00f6rbj\u00f6ds 2011 s\u00e5ldes produkter som inneh\u00f6ll metylendioxypyrovaleron och som var m\u00e4rkta som badsalt som <a href=\"https:\/\/en.wikipedia.org\/wiki\/Methylenedioxypyrovalerone\">rekreationsdroger<\/a> p\u00e5 bensinstationer och i n\u00e4rbutiker i USA, vilket liknar marknadsf\u00f6ringen av Spice och K2 som r\u00f6kelse.<\/p>\n<p>MDPV:s utseende<br \/>\nHydrokloridsaltet finns som ett mycket fint kristallint pulver som \u00e4r hygroskopiskt.<\/p>\n<p>Det tenderar d\u00e4rf\u00f6r att bilda klumpar som liknar n\u00e5got som liknar pulveriserat socker.<br \/>\nDessutom kan dess f\u00e4rg variera fr\u00e5n rent vitt till en gulbrun f\u00e4rg och har en svag lukt som f\u00f6rst\u00e4rks n\u00e4r det f\u00e4rgas.<\/p>\n<p>MDPV:s farmakologi<br \/>\nMetylendioxypyrovaleron har ett register \u00f6ver FDA-godk\u00e4nd medicinsk anv\u00e4ndning.<\/p>\n<p>Det har visat sig ge robusta f\u00f6rst\u00e4rkningseffekter och tv\u00e5ngsm\u00e4ssig sj\u00e4lvadministration hos r\u00e5ttor, \u00e4ven om detta redan hade fastst\u00e4llts prelimin\u00e4rt genom ett antal dokumenterade fall av missbruk och beroende hos m\u00e4nniskor innan djurf\u00f6rs\u00f6ken utf\u00f6rdes.<\/p>\n<p>MDPV \u00e4r en 3,4-metylendioxyring-substituerad analog till den p\u00e5 1960-talet utvecklade f\u00f6reningen pyrovaleron, som har anv\u00e4nts f\u00f6r behandling av kronisk tr\u00f6tthet och som anorektiskt medel.<\/p>\n<p>Effekter av MDPV<br \/>\nMDPV fungerar som ett stimulerande medel och har rapporterats ge effekter som liknar effekterna av kokain, metylfenidat och amfetamin.<\/p>\n<p>De prim\u00e4ra psykologiska effekterna har en varaktighet p\u00e5 ungef\u00e4r 3 till 4 timmar, med efterverkningar som takykardi, hypertoni och mild stimulering som varar 6 till 8 timmar. h\u00f6ga doser har observerats orsaka intensiva, l\u00e5ngvariga panikattacker hos stimulantintoleranta anv\u00e4ndare.<\/p>\n<p>Det finns ocks\u00e5 anekdotiska rapporter om psykos fr\u00e5n s\u00f6mnborttagning och beroende vid h\u00f6gre doser eller mer frekventa doseringsintervaller. det har ocks\u00e5 upprepade g\u00e5nger noterats att det framkallar oemotst\u00e5ndliga beg\u00e4r att \u00e5terigen administrera.<\/p>\n<p>Rapporterade former av intag inkluderar oral konsumtion, insufflation, r\u00f6kning, rektal och intraven\u00f6s anv\u00e4ndning.<\/p>\n<p>Det antas vara aktivt vid 3-5 mg, med typiska doser som varierar mellan 5-20 mg.<\/p>\n<p>God kvalitet MDPV online: Det \u00e4r helt klart att m\u00e4nniskor inte snabbt litar p\u00e5 kvaliteten p\u00e5 MDPV som s\u00e4ljs p\u00e5 n\u00e4tet eftersom de inte kan unders\u00f6ka det fysiskt. Men det \u00e4r inte samma sak med MDPV-leverant\u00f6rer online. Produkterna h\u00e4r \u00e4r trogna sin beskrivning med h\u00f6gkvalitativt underh\u00e5ll som g\u00f6rs under experternas \u00f6verinseende.<\/p>\n<p>Snabb och diskret leverans: Leveransen av MDPV efter mottagandet av best\u00e4llningen sker inom den utlovade tidsramen. Fraktteamet l\u00e4gger all sin kraft p\u00e5 att g\u00f6ra frakt- och leveransf\u00f6rfarandet smidigt och snabbt. Du kan ocks\u00e5 f\u00f6rv\u00e4nta dig utm\u00e4rkta tj\u00e4nster n\u00e4r du k\u00f6per Fentany fr\u00e5n proffsen p\u00e5 onlineplattformen.<\/p>\n","protected":false},"excerpt":{"rendered":"<p>K\u00f6p Pure MDPV online.<\/p>\n<p>Best\u00e4ll minst 10 gram minimum. f\u00f6r vissa platser accepterar vi endast 25 gram minsta best\u00e4llningsbelopp. hoppas att du gillar kvaliteten p\u00e5 v\u00e5r produkt. f\u00f6r n\u00e5gon information kontakta oss direkt.<\/p>\n<p>Vi har den b\u00e4sta kvaliteten MDPV till salu p\u00e5 v\u00e5r webbutik, vi erbjuder ocks\u00e5 diskret leverans och betalningen \u00e4r s\u00e4ker med 100% sekretess garanterad hela tiden. prova oss och se resultatet. eftersom vi har MDPV till salu p\u00e5 n\u00e4tet, anser vi att sekretess och s\u00e4kerhet f\u00f6r v\u00e5ra anv\u00e4ndare och oss \u00e4r mycket viktigt och som s\u00e5dan har vi gjort ett s\u00e4kert betalningssystem f\u00f6r er alla. njut av att k\u00f6pa MDPV online fr\u00e5n v\u00e5r butik.<\/p>\n","protected":false},"featured_media":9261,"comment_status":"open","ping_status":"closed","template":"","meta":{"_acf_changed":false,"_monsterinsights_skip_tracking":false,"_monsterinsights_sitenote_active":false,"_monsterinsights_sitenote_note":"","_monsterinsights_sitenote_category":0},"product_brand":[],"product_cat":[53],"product_tag":[],"class_list":{"0":"post-9255","1":"product","2":"type-product","3":"status-publish","4":"has-post-thumbnail","6":"product_cat-research-chemicals","8":"first","9":"instock","10":"sale","11":"shipping-taxable","12":"purchasable","13":"product-type-variable","14":"has-default-attributes"},"acf":[],"yoast_head":"<!-- This site is optimized with the Yoast SEO plugin v27.2 - https:\/\/yoast.com\/product\/yoast-seo-wordpress\/ -->\n<title>MDPV till salu p\u00e5 n\u00e4tet | Global Meds Inc<\/title>\n<meta name=\"description\" content=\"MDPV till f\u00f6rs\u00e4ljning p\u00e5 n\u00e4tet. Om du letar efter hur du kan k\u00f6pa MDPV online \u00e4r du p\u00e5 r\u00e4tt st\u00e4lle f\u00f6r att k\u00f6pa MDPV online.\" \/>\n<meta name=\"robots\" content=\"index, follow, max-snippet:-1, max-image-preview:large, max-video-preview:-1\" \/>\n<link rel=\"canonical\" href=\"https:\/\/globalmedsonlineinc.com\/se\/product\/research-chemicals\/mdpv\/\" \/>\n<meta property=\"og:locale\" content=\"sv_SE\" \/>\n<meta property=\"og:type\" content=\"article\" \/>\n<meta property=\"og:title\" content=\"MDPV till salu p\u00e5 n\u00e4tet | Global Meds Inc\" \/>\n<meta property=\"og:description\" content=\"MDPV till f\u00f6rs\u00e4ljning p\u00e5 n\u00e4tet. Om du letar efter hur du kan k\u00f6pa MDPV online \u00e4r du p\u00e5 r\u00e4tt st\u00e4lle f\u00f6r att k\u00f6pa MDPV online.\" \/>\n<meta property=\"og:url\" content=\"https:\/\/globalmedsonlineinc.com\/se\/product\/research-chemicals\/mdpv\/\" \/>\n<meta property=\"og:site_name\" content=\"Global Meds Inc\" \/>\n<meta property=\"article:modified_time\" content=\"2024-02-21T08:54:29+00:00\" \/>\n<meta property=\"og:image\" content=\"https:\/\/globalmedsonlineinc.com\/se\/content\/media\/uploads\/sites\/8\/2021\/07\/MDPV.jpg\" \/>\n\t<meta property=\"og:image:width\" content=\"1200\" \/>\n\t<meta property=\"og:image:height\" content=\"1200\" \/>\n\t<meta property=\"og:image:type\" content=\"image\/jpeg\" \/>\n<meta name=\"twitter:card\" content=\"summary_large_image\" \/>\n<meta name=\"twitter:label1\" content=\"Ber\u00e4knad l\u00e4stid\" \/>\n\t<meta name=\"twitter:data1\" content=\"3 minuter\" \/>\n<script type=\"application\/ld+json\" class=\"yoast-schema-graph\">{\"@context\":\"https:\/\/schema.org\",\"@graph\":[{\"@type\":\"WebPage\",\"@id\":\"https:\/\/globalmedsonlineinc.com\/se\/product\/research-chemicals\/mdpv\/\",\"url\":\"https:\/\/globalmedsonlineinc.com\/se\/product\/research-chemicals\/mdpv\/\",\"name\":\"MDPV till salu p\u00e5 n\u00e4tet | Global Meds Inc\",\"isPartOf\":{\"@id\":\"https:\/\/globalmedsonlineinc.com\/se\/#website\"},\"primaryImageOfPage\":{\"@id\":\"https:\/\/globalmedsonlineinc.com\/se\/product\/research-chemicals\/mdpv\/#primaryimage\"},\"image\":{\"@id\":\"https:\/\/globalmedsonlineinc.com\/se\/product\/research-chemicals\/mdpv\/#primaryimage\"},\"thumbnailUrl\":\"https:\/\/globalmedsonlineinc.com\/se\/content\/media\/uploads\/sites\/8\/2021\/07\/MDPV.jpg\",\"datePublished\":\"2021-07-02T22:42:13+00:00\",\"dateModified\":\"2024-02-21T08:54:29+00:00\",\"description\":\"MDPV till f\u00f6rs\u00e4ljning p\u00e5 n\u00e4tet. Om du letar efter hur du kan k\u00f6pa MDPV online \u00e4r du p\u00e5 r\u00e4tt st\u00e4lle f\u00f6r att k\u00f6pa MDPV online.\",\"breadcrumb\":{\"@id\":\"https:\/\/globalmedsonlineinc.com\/se\/product\/research-chemicals\/mdpv\/#breadcrumb\"},\"inLanguage\":\"sv-SE\",\"potentialAction\":[{\"@type\":\"ReadAction\",\"target\":[\"https:\/\/globalmedsonlineinc.com\/se\/product\/research-chemicals\/mdpv\/\"]}]},{\"@type\":\"ImageObject\",\"inLanguage\":\"sv-SE\",\"@id\":\"https:\/\/globalmedsonlineinc.com\/se\/product\/research-chemicals\/mdpv\/#primaryimage\",\"url\":\"https:\/\/globalmedsonlineinc.com\/se\/content\/media\/uploads\/sites\/8\/2021\/07\/MDPV.jpg\",\"contentUrl\":\"https:\/\/globalmedsonlineinc.com\/se\/content\/media\/uploads\/sites\/8\/2021\/07\/MDPV.jpg\",\"width\":1200,\"height\":1200,\"caption\":\"MDPV for sale online\"},{\"@type\":\"BreadcrumbList\",\"@id\":\"https:\/\/globalmedsonlineinc.com\/se\/product\/research-chemicals\/mdpv\/#breadcrumb\",\"itemListElement\":[{\"@type\":\"ListItem\",\"position\":1,\"name\":\"Home\",\"item\":\"https:\/\/globalmedsonlineinc.com\/se\/\"},{\"@type\":\"ListItem\",\"position\":2,\"name\":\"Produkter\",\"item\":\"https:\/\/globalmedsonlineinc.com\/se\/produkter\/\"},{\"@type\":\"ListItem\",\"position\":3,\"name\":\"K\u00f6p MDPV online\"}]},{\"@type\":\"WebSite\",\"@id\":\"https:\/\/globalmedsonlineinc.com\/se\/#website\",\"url\":\"https:\/\/globalmedsonlineinc.com\/se\/\",\"name\":\"Global Meds Inc\",\"description\":\"\",\"publisher\":{\"@id\":\"https:\/\/globalmedsonlineinc.com\/se\/#organization\"},\"potentialAction\":[{\"@type\":\"SearchAction\",\"target\":{\"@type\":\"EntryPoint\",\"urlTemplate\":\"https:\/\/globalmedsonlineinc.com\/se\/?s={search_term_string}\"},\"query-input\":{\"@type\":\"PropertyValueSpecification\",\"valueRequired\":true,\"valueName\":\"search_term_string\"}}],\"inLanguage\":\"sv-SE\"},{\"@type\":\"Organization\",\"@id\":\"https:\/\/globalmedsonlineinc.com\/se\/#organization\",\"name\":\"Global Meds Inc.\",\"url\":\"https:\/\/globalmedsonlineinc.com\/se\/\",\"logo\":{\"@type\":\"ImageObject\",\"inLanguage\":\"sv-SE\",\"@id\":\"https:\/\/globalmedsonlineinc.com\/se\/#\/schema\/logo\/image\/\",\"url\":\"https:\/\/globalmedsonlineinc.com\/se\/content\/media\/uploads\/sites\/8\/2021\/06\/globalmedsonlineincLogoShop20210630123730.00.png\",\"contentUrl\":\"https:\/\/globalmedsonlineinc.com\/se\/content\/media\/uploads\/sites\/8\/2021\/06\/globalmedsonlineincLogoShop20210630123730.00.png\",\"width\":450,\"height\":117,\"caption\":\"Global Meds Inc.\"},\"image\":{\"@id\":\"https:\/\/globalmedsonlineinc.com\/se\/#\/schema\/logo\/image\/\"}}]}<\/script>\n<!-- \/ Yoast SEO plugin. -->","yoast_head_json":{"title":"MDPV till salu p\u00e5 n\u00e4tet | Global Meds Inc","description":"MDPV till f\u00f6rs\u00e4ljning p\u00e5 n\u00e4tet. Om du letar efter hur du kan k\u00f6pa MDPV online \u00e4r du p\u00e5 r\u00e4tt st\u00e4lle f\u00f6r att k\u00f6pa MDPV online.","robots":{"index":"index","follow":"follow","max-snippet":"max-snippet:-1","max-image-preview":"max-image-preview:large","max-video-preview":"max-video-preview:-1"},"canonical":"https:\/\/globalmedsonlineinc.com\/se\/product\/research-chemicals\/mdpv\/","og_locale":"sv_SE","og_type":"article","og_title":"MDPV till salu p\u00e5 n\u00e4tet | Global Meds Inc","og_description":"MDPV till f\u00f6rs\u00e4ljning p\u00e5 n\u00e4tet. Om du letar efter hur du kan k\u00f6pa MDPV online \u00e4r du p\u00e5 r\u00e4tt st\u00e4lle f\u00f6r att k\u00f6pa MDPV online.","og_url":"https:\/\/globalmedsonlineinc.com\/se\/product\/research-chemicals\/mdpv\/","og_site_name":"Global Meds Inc","article_modified_time":"2024-02-21T08:54:29+00:00","og_image":[{"width":1200,"height":1200,"url":"https:\/\/globalmedsonlineinc.com\/se\/content\/media\/uploads\/sites\/8\/2021\/07\/MDPV.jpg","type":"image\/jpeg"}],"twitter_card":"summary_large_image","twitter_misc":{"Ber\u00e4knad l\u00e4stid":"3 minuter"},"schema":{"@context":"https:\/\/schema.org","@graph":[{"@type":"WebPage","@id":"https:\/\/globalmedsonlineinc.com\/se\/product\/research-chemicals\/mdpv\/","url":"https:\/\/globalmedsonlineinc.com\/se\/product\/research-chemicals\/mdpv\/","name":"MDPV till salu p\u00e5 n\u00e4tet | Global Meds Inc","isPartOf":{"@id":"https:\/\/globalmedsonlineinc.com\/se\/#website"},"primaryImageOfPage":{"@id":"https:\/\/globalmedsonlineinc.com\/se\/product\/research-chemicals\/mdpv\/#primaryimage"},"image":{"@id":"https:\/\/globalmedsonlineinc.com\/se\/product\/research-chemicals\/mdpv\/#primaryimage"},"thumbnailUrl":"https:\/\/globalmedsonlineinc.com\/se\/content\/media\/uploads\/sites\/8\/2021\/07\/MDPV.jpg","datePublished":"2021-07-02T22:42:13+00:00","dateModified":"2024-02-21T08:54:29+00:00","description":"MDPV till f\u00f6rs\u00e4ljning p\u00e5 n\u00e4tet. Om du letar efter hur du kan k\u00f6pa MDPV online \u00e4r du p\u00e5 r\u00e4tt st\u00e4lle f\u00f6r att k\u00f6pa MDPV online.","breadcrumb":{"@id":"https:\/\/globalmedsonlineinc.com\/se\/product\/research-chemicals\/mdpv\/#breadcrumb"},"inLanguage":"sv-SE","potentialAction":[{"@type":"ReadAction","target":["https:\/\/globalmedsonlineinc.com\/se\/product\/research-chemicals\/mdpv\/"]}]},{"@type":"ImageObject","inLanguage":"sv-SE","@id":"https:\/\/globalmedsonlineinc.com\/se\/product\/research-chemicals\/mdpv\/#primaryimage","url":"https:\/\/globalmedsonlineinc.com\/se\/content\/media\/uploads\/sites\/8\/2021\/07\/MDPV.jpg","contentUrl":"https:\/\/globalmedsonlineinc.com\/se\/content\/media\/uploads\/sites\/8\/2021\/07\/MDPV.jpg","width":1200,"height":1200,"caption":"MDPV for sale online"},{"@type":"BreadcrumbList","@id":"https:\/\/globalmedsonlineinc.com\/se\/product\/research-chemicals\/mdpv\/#breadcrumb","itemListElement":[{"@type":"ListItem","position":1,"name":"Home","item":"https:\/\/globalmedsonlineinc.com\/se\/"},{"@type":"ListItem","position":2,"name":"Produkter","item":"https:\/\/globalmedsonlineinc.com\/se\/produkter\/"},{"@type":"ListItem","position":3,"name":"K\u00f6p MDPV online"}]},{"@type":"WebSite","@id":"https:\/\/globalmedsonlineinc.com\/se\/#website","url":"https:\/\/globalmedsonlineinc.com\/se\/","name":"Global Meds Inc","description":"","publisher":{"@id":"https:\/\/globalmedsonlineinc.com\/se\/#organization"},"potentialAction":[{"@type":"SearchAction","target":{"@type":"EntryPoint","urlTemplate":"https:\/\/globalmedsonlineinc.com\/se\/?s={search_term_string}"},"query-input":{"@type":"PropertyValueSpecification","valueRequired":true,"valueName":"search_term_string"}}],"inLanguage":"sv-SE"},{"@type":"Organization","@id":"https:\/\/globalmedsonlineinc.com\/se\/#organization","name":"Global Meds Inc.","url":"https:\/\/globalmedsonlineinc.com\/se\/","logo":{"@type":"ImageObject","inLanguage":"sv-SE","@id":"https:\/\/globalmedsonlineinc.com\/se\/#\/schema\/logo\/image\/","url":"https:\/\/globalmedsonlineinc.com\/se\/content\/media\/uploads\/sites\/8\/2021\/06\/globalmedsonlineincLogoShop20210630123730.00.png","contentUrl":"https:\/\/globalmedsonlineinc.com\/se\/content\/media\/uploads\/sites\/8\/2021\/06\/globalmedsonlineincLogoShop20210630123730.00.png","width":450,"height":117,"caption":"Global Meds Inc."},"image":{"@id":"https:\/\/globalmedsonlineinc.com\/se\/#\/schema\/logo\/image\/"}}]}},"_links":{"self":[{"href":"https:\/\/globalmedsonlineinc.com\/se\/wp-json\/wp\/v2\/product\/9255","targetHints":{"allow":["GET"]}}],"collection":[{"href":"https:\/\/globalmedsonlineinc.com\/se\/wp-json\/wp\/v2\/product"}],"about":[{"href":"https:\/\/globalmedsonlineinc.com\/se\/wp-json\/wp\/v2\/types\/product"}],"replies":[{"embeddable":true,"href":"https:\/\/globalmedsonlineinc.com\/se\/wp-json\/wp\/v2\/comments?post=9255"}],"wp:featuredmedia":[{"embeddable":true,"href":"https:\/\/globalmedsonlineinc.com\/se\/wp-json\/wp\/v2\/media\/9261"}],"wp:attachment":[{"href":"https:\/\/globalmedsonlineinc.com\/se\/wp-json\/wp\/v2\/media?parent=9255"}],"wp:term":[{"taxonomy":"product_brand","embeddable":true,"href":"https:\/\/globalmedsonlineinc.com\/se\/wp-json\/wp\/v2\/product_brand?post=9255"},{"taxonomy":"product_cat","embeddable":true,"href":"https:\/\/globalmedsonlineinc.com\/se\/wp-json\/wp\/v2\/product_cat?post=9255"},{"taxonomy":"product_tag","embeddable":true,"href":"https:\/\/globalmedsonlineinc.com\/se\/wp-json\/wp\/v2\/product_tag?post=9255"}],"curies":[{"name":"wp","href":"https:\/\/api.w.org\/{rel}","templated":true}]}}