{"id":9247,"date":"2021-07-02T22:30:11","date_gmt":"2021-07-02T22:30:11","guid":{"rendered":"https:\/\/globalmedsonlineinc.com\/se\/?post_type=product&#038;p=9247"},"modified":"2024-02-21T08:56:55","modified_gmt":"2024-02-21T08:56:55","slug":"buphedrone","status":"publish","type":"product","link":"https:\/\/globalmedsonlineinc.com\/se\/product\/research-chemicals\/buphedrone\/","title":{"rendered":"K\u00f6p Buphedrone online"},"content":{"rendered":"<h1 class=\"lRu31\" dir=\"ltr\"><span class=\"HwtZe\" lang=\"sv\"><span class=\"jCAhz ChMk0b\"><span class=\"ryNqvb\">Bufedronpulver till salu online<\/span><\/span><\/span><\/h1>\n<div dir=\"ltr\"><\/div>\n<div class=\"lRu31\" dir=\"ltr\"><span class=\"HwtZe\" lang=\"sv\"><span class=\"jCAhz ChMk0b\"><span class=\"ryNqvb\">Bufedronpulver till salu online<\/span><\/span><\/span><a href=\"https:\/\/en.wikipedia.org\/wiki\/Buphedrone\">. Buphedrone<\/a><span style=\"font-size: 1rem\"> historia b\u00f6rjar 1928. N\u00e4r forskningskemikalien f\u00f6rst syntetiserades ingick den i klassen fenetylaminer och katinoner. Det \u00e4r f\u00f6rbjudet att konsumera buphedron f\u00f6r f\u00f6rs\u00e4ljning, men det finns tillg\u00e4ngligt p\u00e5 forskningskemikaliemarknaden f\u00f6r forskning och kriminaltekniska \u00e4ndam\u00e5l. I v\u00e5r buphedrone onlinebutik hittar du buphedrone till salu samt m\u00e5nga andra stimulantia till salu som liknar buphedrone.<\/span><\/div>\n<p>K\u00e4nd som MABP \u00e4r denna designerdrog en beta-keton. Om du beh\u00f6ver k\u00f6pa metamfetaminanaloger kommer MABP att vara ett bra val.<\/p>\n<p>Du kan k\u00f6pa MABP online med leverans \u00f6ver hela v\u00e4rlden. V\u00e5rt f\u00f6retag \u00e4r engagerat i MABP grossisthandel. Att ing\u00e5 i gr\u00e5zonens forskningskemikalie MABP anv\u00e4nds i stor utstr\u00e4ckning bland forskare och vetenskapsm\u00e4n i olika tester och experiment. N\u00e4r du beh\u00f6ver MABP K\u00f6p online fr\u00e5n betrodda leverant\u00f6rer ENDAST. P\u00e5 s\u00e5 s\u00e4tt f\u00e5r du rena \u00e4mnen till \u00f6verkomligt pris.<\/p>\n<p>Innan kunderna best\u00e4ller MABP online rekommenderar vi att l\u00e4sa MABP effekter och information om biverkningar f\u00f6r att veta vad man kan f\u00f6rv\u00e4nta sig av MABP erfarenhet. Det \u00e4r ocks\u00e5 m\u00f6jligt att bekanta sig med MABP tripprapporter och MABP d\u00f6dsfall samt MABP bad trip och skador fr\u00e5n uttalanden fr\u00e5n tidigare anv\u00e4ndare som bes\u00f6ker MABP Erowid-sidan.<\/p>\n<p>K\u00e4nsla av eufori uppgavs av alla MABP-anv\u00e4ndare. De medgav ocks\u00e5 att det \u00e4r mycket viktigt hur man tar <a href=\"https:\/\/en.wikipedia.org\/wiki\/Buphedrone\">och<\/a> anv\u00e4nder MABP. Det leder inte bara till f\u00f6rh\u00f6jt hum\u00f6r, utan m\u00e4nniskor blev mer pratsamma, deras hj\u00e4rtfrekvens \u00f6kar. Deras tal blev slentrianm\u00e4ssigt och de kan inte somna. De k\u00e4nde sig rastl\u00f6sa och hade \u00f6kad kommunikationsf\u00f6rm\u00e5ga samt motivation.<\/p>\n<p>MABP \u00e4r en kraftfull fris\u00e4ttare av dopamin. Om man j\u00e4mf\u00f6r MABP och metamfetamin \u00e4r MABP mer euforiskt och mindre stimulerande.<\/p>\n<p>K\u00e4nsla av eufori uppgavs av alla Buphedronanv\u00e4ndare. De medgav ocks\u00e5 att det \u00e4r mycket viktigt hur man tar och anv\u00e4nder bufedron. Det leder inte bara till ett h\u00f6jt hum\u00f6r, utan m\u00e4nniskor blir mer pratsamma och deras hj\u00e4rtfrekvens \u00f6kar. Deras tal blev slentrianm\u00e4ssigt och de kan inte somna. De k\u00e4nde sig rastl\u00f6sa och hade \u00f6kad kommunikationsf\u00f6rm\u00e5ga samt motivation.<\/p>\n<p>Buphedrone av god kvalitet p\u00e5 n\u00e4tet: Det \u00e4r helt klart att m\u00e4nniskor inte snabbt litar p\u00e5 kvaliteten p\u00e5 Buphedrone som s\u00e4ljs p\u00e5 n\u00e4tet eftersom de inte kan unders\u00f6ka det fysiskt. Men det \u00e4r inte samma sak med<a href=\"https:\/\/globalmedsonlineinc.com\/se\/product\/research-chemicals\/buphedrone\/\"> Buphedrone-leverant\u00f6rer online<\/a>. Produkterna h\u00e4r \u00e4r trogna sin beskrivning med h\u00f6gkvalitativt underh\u00e5ll som g\u00f6rs under experternas \u00f6verinseende.<\/p>\n<p>Snabb &amp; amp; Diskret leverans: Leveransen av Buphedrone efter mottagandet av best\u00e4llningen sker inom den utlovade tidsramen. Fraktteamet l\u00e4gger all sin kraft p\u00e5 att g\u00f6ra frakt- och leveransf\u00f6rfarandet smidigt och snabbt. Du kan ocks\u00e5 f\u00f6rv\u00e4nta dig utm\u00e4rkta tj\u00e4nster n\u00e4r du k\u00f6per Buphedrone fr\u00e5n den professionella p\u00e5 onlineplattformen.<\/p>\n","protected":false},"excerpt":{"rendered":"<p>K\u00f6p Buphedrone online<a href=\"https:\/\/en.wikipedia.org\/wiki\/Buphedrone\">. Buphedrone<\/a> historia b\u00f6rjar 1928. N\u00e4r forskningskemikalien f\u00f6rst syntetiserades ingick den i klassen fenetylaminer och katinoner. Det \u00e4r f\u00f6rbjudet att konsumera buphedron f\u00f6r f\u00f6rs\u00e4ljning, men det finns tillg\u00e4ngligt p\u00e5 forskningskemikaliemarknaden f\u00f6r forskning och kriminaltekniska \u00e4ndam\u00e5l. I v\u00e5r buphedrone onlinebutik hittar du buphedrone till salu samt m\u00e5nga andra stimulantia till salu som liknar buphedrone.<\/p>\n","protected":false},"featured_media":9254,"comment_status":"open","ping_status":"closed","template":"","meta":{"_acf_changed":false,"_monsterinsights_skip_tracking":false,"_monsterinsights_sitenote_active":false,"_monsterinsights_sitenote_note":"","_monsterinsights_sitenote_category":0},"product_brand":[],"product_cat":[53],"product_tag":[507,476,501,479,502,503,504,505,506],"class_list":{"0":"post-9247","1":"product","2":"type-product","3":"status-publish","4":"has-post-thumbnail","6":"product_cat-research-chemicals","7":"product_tag-bestalla-buphedrone","8":"product_tag-buphedrone","9":"product_tag-buphedrone-kopa","10":"product_tag-buphedrone-priz","11":"product_tag-buphedrone-till-salu","12":"product_tag-kopa-buphedrone-online","13":"product_tag-kopa-mabp","14":"product_tag-kopa-mabp-online","15":"product_tag-mabp-till-salu","17":"first","18":"instock","19":"shipping-taxable","20":"purchasable","21":"product-type-variable","22":"has-default-attributes"},"acf":[],"yoast_head":"<!-- This site is optimized with the Yoast SEO plugin v27.2 - https:\/\/yoast.com\/product\/yoast-seo-wordpress\/ -->\n<title>Bufedronpulver till salu online | Global Meds Inc.<\/title>\n<meta name=\"description\" content=\"Bufedronpulver till salu online. Vi s\u00e4ljer Buphedrone-pulver av b\u00e4sta kvalitet. Kontakta oss g\u00e4rna f\u00f6r mer information och priser.\" \/>\n<meta name=\"robots\" content=\"index, follow, max-snippet:-1, max-image-preview:large, max-video-preview:-1\" \/>\n<link rel=\"canonical\" href=\"https:\/\/globalmedsonlineinc.com\/se\/product\/research-chemicals\/buphedrone\/\" \/>\n<meta property=\"og:locale\" content=\"sv_SE\" \/>\n<meta property=\"og:type\" content=\"article\" \/>\n<meta property=\"og:title\" content=\"Bufedronpulver till salu online | Global Meds Inc.\" \/>\n<meta property=\"og:description\" content=\"Bufedronpulver till salu online. Vi s\u00e4ljer Buphedrone-pulver av b\u00e4sta kvalitet. Kontakta oss g\u00e4rna f\u00f6r mer information och priser.\" \/>\n<meta property=\"og:url\" content=\"https:\/\/globalmedsonlineinc.com\/se\/product\/research-chemicals\/buphedrone\/\" \/>\n<meta property=\"og:site_name\" content=\"Global Meds Inc\" \/>\n<meta property=\"article:modified_time\" content=\"2024-02-21T08:56:55+00:00\" \/>\n<meta property=\"og:image\" content=\"https:\/\/globalmedsonlineinc.com\/se\/content\/media\/uploads\/sites\/8\/2021\/07\/Buphedrone.jpg\" \/>\n\t<meta property=\"og:image:width\" content=\"1200\" \/>\n\t<meta property=\"og:image:height\" content=\"1200\" \/>\n\t<meta property=\"og:image:type\" content=\"image\/jpeg\" \/>\n<meta name=\"twitter:card\" content=\"summary_large_image\" \/>\n<meta name=\"twitter:label1\" content=\"Ber\u00e4knad l\u00e4stid\" \/>\n\t<meta name=\"twitter:data1\" content=\"3 minuter\" \/>\n<script type=\"application\/ld+json\" class=\"yoast-schema-graph\">{\"@context\":\"https:\/\/schema.org\",\"@graph\":[{\"@type\":\"WebPage\",\"@id\":\"https:\/\/globalmedsonlineinc.com\/se\/product\/research-chemicals\/buphedrone\/\",\"url\":\"https:\/\/globalmedsonlineinc.com\/se\/product\/research-chemicals\/buphedrone\/\",\"name\":\"Bufedronpulver till salu online | Global Meds Inc.\",\"isPartOf\":{\"@id\":\"https:\/\/globalmedsonlineinc.com\/se\/#website\"},\"primaryImageOfPage\":{\"@id\":\"https:\/\/globalmedsonlineinc.com\/se\/product\/research-chemicals\/buphedrone\/#primaryimage\"},\"image\":{\"@id\":\"https:\/\/globalmedsonlineinc.com\/se\/product\/research-chemicals\/buphedrone\/#primaryimage\"},\"thumbnailUrl\":\"https:\/\/globalmedsonlineinc.com\/se\/content\/media\/uploads\/sites\/8\/2021\/07\/Buphedrone.jpg\",\"datePublished\":\"2021-07-02T22:30:11+00:00\",\"dateModified\":\"2024-02-21T08:56:55+00:00\",\"description\":\"Bufedronpulver till salu online. Vi s\u00e4ljer Buphedrone-pulver av b\u00e4sta kvalitet. Kontakta oss g\u00e4rna f\u00f6r mer information och priser.\",\"breadcrumb\":{\"@id\":\"https:\/\/globalmedsonlineinc.com\/se\/product\/research-chemicals\/buphedrone\/#breadcrumb\"},\"inLanguage\":\"sv-SE\",\"potentialAction\":[{\"@type\":\"ReadAction\",\"target\":[\"https:\/\/globalmedsonlineinc.com\/se\/product\/research-chemicals\/buphedrone\/\"]}]},{\"@type\":\"ImageObject\",\"inLanguage\":\"sv-SE\",\"@id\":\"https:\/\/globalmedsonlineinc.com\/se\/product\/research-chemicals\/buphedrone\/#primaryimage\",\"url\":\"https:\/\/globalmedsonlineinc.com\/se\/content\/media\/uploads\/sites\/8\/2021\/07\/Buphedrone.jpg\",\"contentUrl\":\"https:\/\/globalmedsonlineinc.com\/se\/content\/media\/uploads\/sites\/8\/2021\/07\/Buphedrone.jpg\",\"width\":1200,\"height\":1200,\"caption\":\"Buy Buphedrone online\"},{\"@type\":\"BreadcrumbList\",\"@id\":\"https:\/\/globalmedsonlineinc.com\/se\/product\/research-chemicals\/buphedrone\/#breadcrumb\",\"itemListElement\":[{\"@type\":\"ListItem\",\"position\":1,\"name\":\"Home\",\"item\":\"https:\/\/globalmedsonlineinc.com\/se\/\"},{\"@type\":\"ListItem\",\"position\":2,\"name\":\"Produkter\",\"item\":\"https:\/\/globalmedsonlineinc.com\/se\/produkter\/\"},{\"@type\":\"ListItem\",\"position\":3,\"name\":\"K\u00f6p Buphedrone online\"}]},{\"@type\":\"WebSite\",\"@id\":\"https:\/\/globalmedsonlineinc.com\/se\/#website\",\"url\":\"https:\/\/globalmedsonlineinc.com\/se\/\",\"name\":\"Global Meds Inc\",\"description\":\"\",\"publisher\":{\"@id\":\"https:\/\/globalmedsonlineinc.com\/se\/#organization\"},\"potentialAction\":[{\"@type\":\"SearchAction\",\"target\":{\"@type\":\"EntryPoint\",\"urlTemplate\":\"https:\/\/globalmedsonlineinc.com\/se\/?s={search_term_string}\"},\"query-input\":{\"@type\":\"PropertyValueSpecification\",\"valueRequired\":true,\"valueName\":\"search_term_string\"}}],\"inLanguage\":\"sv-SE\"},{\"@type\":\"Organization\",\"@id\":\"https:\/\/globalmedsonlineinc.com\/se\/#organization\",\"name\":\"Global Meds Inc.\",\"url\":\"https:\/\/globalmedsonlineinc.com\/se\/\",\"logo\":{\"@type\":\"ImageObject\",\"inLanguage\":\"sv-SE\",\"@id\":\"https:\/\/globalmedsonlineinc.com\/se\/#\/schema\/logo\/image\/\",\"url\":\"https:\/\/globalmedsonlineinc.com\/se\/content\/media\/uploads\/sites\/8\/2021\/06\/globalmedsonlineincLogoShop20210630123730.00.png\",\"contentUrl\":\"https:\/\/globalmedsonlineinc.com\/se\/content\/media\/uploads\/sites\/8\/2021\/06\/globalmedsonlineincLogoShop20210630123730.00.png\",\"width\":450,\"height\":117,\"caption\":\"Global Meds Inc.\"},\"image\":{\"@id\":\"https:\/\/globalmedsonlineinc.com\/se\/#\/schema\/logo\/image\/\"}}]}<\/script>\n<!-- \/ Yoast SEO plugin. -->","yoast_head_json":{"title":"Bufedronpulver till salu online | Global Meds Inc.","description":"Bufedronpulver till salu online. Vi s\u00e4ljer Buphedrone-pulver av b\u00e4sta kvalitet. Kontakta oss g\u00e4rna f\u00f6r mer information och priser.","robots":{"index":"index","follow":"follow","max-snippet":"max-snippet:-1","max-image-preview":"max-image-preview:large","max-video-preview":"max-video-preview:-1"},"canonical":"https:\/\/globalmedsonlineinc.com\/se\/product\/research-chemicals\/buphedrone\/","og_locale":"sv_SE","og_type":"article","og_title":"Bufedronpulver till salu online | Global Meds Inc.","og_description":"Bufedronpulver till salu online. Vi s\u00e4ljer Buphedrone-pulver av b\u00e4sta kvalitet. Kontakta oss g\u00e4rna f\u00f6r mer information och priser.","og_url":"https:\/\/globalmedsonlineinc.com\/se\/product\/research-chemicals\/buphedrone\/","og_site_name":"Global Meds Inc","article_modified_time":"2024-02-21T08:56:55+00:00","og_image":[{"width":1200,"height":1200,"url":"https:\/\/globalmedsonlineinc.com\/se\/content\/media\/uploads\/sites\/8\/2021\/07\/Buphedrone.jpg","type":"image\/jpeg"}],"twitter_card":"summary_large_image","twitter_misc":{"Ber\u00e4knad l\u00e4stid":"3 minuter"},"schema":{"@context":"https:\/\/schema.org","@graph":[{"@type":"WebPage","@id":"https:\/\/globalmedsonlineinc.com\/se\/product\/research-chemicals\/buphedrone\/","url":"https:\/\/globalmedsonlineinc.com\/se\/product\/research-chemicals\/buphedrone\/","name":"Bufedronpulver till salu online | Global Meds Inc.","isPartOf":{"@id":"https:\/\/globalmedsonlineinc.com\/se\/#website"},"primaryImageOfPage":{"@id":"https:\/\/globalmedsonlineinc.com\/se\/product\/research-chemicals\/buphedrone\/#primaryimage"},"image":{"@id":"https:\/\/globalmedsonlineinc.com\/se\/product\/research-chemicals\/buphedrone\/#primaryimage"},"thumbnailUrl":"https:\/\/globalmedsonlineinc.com\/se\/content\/media\/uploads\/sites\/8\/2021\/07\/Buphedrone.jpg","datePublished":"2021-07-02T22:30:11+00:00","dateModified":"2024-02-21T08:56:55+00:00","description":"Bufedronpulver till salu online. Vi s\u00e4ljer Buphedrone-pulver av b\u00e4sta kvalitet. Kontakta oss g\u00e4rna f\u00f6r mer information och priser.","breadcrumb":{"@id":"https:\/\/globalmedsonlineinc.com\/se\/product\/research-chemicals\/buphedrone\/#breadcrumb"},"inLanguage":"sv-SE","potentialAction":[{"@type":"ReadAction","target":["https:\/\/globalmedsonlineinc.com\/se\/product\/research-chemicals\/buphedrone\/"]}]},{"@type":"ImageObject","inLanguage":"sv-SE","@id":"https:\/\/globalmedsonlineinc.com\/se\/product\/research-chemicals\/buphedrone\/#primaryimage","url":"https:\/\/globalmedsonlineinc.com\/se\/content\/media\/uploads\/sites\/8\/2021\/07\/Buphedrone.jpg","contentUrl":"https:\/\/globalmedsonlineinc.com\/se\/content\/media\/uploads\/sites\/8\/2021\/07\/Buphedrone.jpg","width":1200,"height":1200,"caption":"Buy Buphedrone online"},{"@type":"BreadcrumbList","@id":"https:\/\/globalmedsonlineinc.com\/se\/product\/research-chemicals\/buphedrone\/#breadcrumb","itemListElement":[{"@type":"ListItem","position":1,"name":"Home","item":"https:\/\/globalmedsonlineinc.com\/se\/"},{"@type":"ListItem","position":2,"name":"Produkter","item":"https:\/\/globalmedsonlineinc.com\/se\/produkter\/"},{"@type":"ListItem","position":3,"name":"K\u00f6p Buphedrone online"}]},{"@type":"WebSite","@id":"https:\/\/globalmedsonlineinc.com\/se\/#website","url":"https:\/\/globalmedsonlineinc.com\/se\/","name":"Global Meds Inc","description":"","publisher":{"@id":"https:\/\/globalmedsonlineinc.com\/se\/#organization"},"potentialAction":[{"@type":"SearchAction","target":{"@type":"EntryPoint","urlTemplate":"https:\/\/globalmedsonlineinc.com\/se\/?s={search_term_string}"},"query-input":{"@type":"PropertyValueSpecification","valueRequired":true,"valueName":"search_term_string"}}],"inLanguage":"sv-SE"},{"@type":"Organization","@id":"https:\/\/globalmedsonlineinc.com\/se\/#organization","name":"Global Meds Inc.","url":"https:\/\/globalmedsonlineinc.com\/se\/","logo":{"@type":"ImageObject","inLanguage":"sv-SE","@id":"https:\/\/globalmedsonlineinc.com\/se\/#\/schema\/logo\/image\/","url":"https:\/\/globalmedsonlineinc.com\/se\/content\/media\/uploads\/sites\/8\/2021\/06\/globalmedsonlineincLogoShop20210630123730.00.png","contentUrl":"https:\/\/globalmedsonlineinc.com\/se\/content\/media\/uploads\/sites\/8\/2021\/06\/globalmedsonlineincLogoShop20210630123730.00.png","width":450,"height":117,"caption":"Global Meds Inc."},"image":{"@id":"https:\/\/globalmedsonlineinc.com\/se\/#\/schema\/logo\/image\/"}}]}},"_links":{"self":[{"href":"https:\/\/globalmedsonlineinc.com\/se\/wp-json\/wp\/v2\/product\/9247","targetHints":{"allow":["GET"]}}],"collection":[{"href":"https:\/\/globalmedsonlineinc.com\/se\/wp-json\/wp\/v2\/product"}],"about":[{"href":"https:\/\/globalmedsonlineinc.com\/se\/wp-json\/wp\/v2\/types\/product"}],"replies":[{"embeddable":true,"href":"https:\/\/globalmedsonlineinc.com\/se\/wp-json\/wp\/v2\/comments?post=9247"}],"wp:featuredmedia":[{"embeddable":true,"href":"https:\/\/globalmedsonlineinc.com\/se\/wp-json\/wp\/v2\/media\/9254"}],"wp:attachment":[{"href":"https:\/\/globalmedsonlineinc.com\/se\/wp-json\/wp\/v2\/media?parent=9247"}],"wp:term":[{"taxonomy":"product_brand","embeddable":true,"href":"https:\/\/globalmedsonlineinc.com\/se\/wp-json\/wp\/v2\/product_brand?post=9247"},{"taxonomy":"product_cat","embeddable":true,"href":"https:\/\/globalmedsonlineinc.com\/se\/wp-json\/wp\/v2\/product_cat?post=9247"},{"taxonomy":"product_tag","embeddable":true,"href":"https:\/\/globalmedsonlineinc.com\/se\/wp-json\/wp\/v2\/product_tag?post=9247"}],"curies":[{"name":"wp","href":"https:\/\/api.w.org\/{rel}","templated":true}]}}