{"id":9239,"date":"2021-07-02T22:17:23","date_gmt":"2021-07-02T22:17:23","guid":{"rendered":"https:\/\/globalmedsonlineinc.com\/se\/?post_type=product&#038;p=9239"},"modified":"2024-02-21T08:58:25","modified_gmt":"2024-02-21T08:58:25","slug":"butylone","status":"publish","type":"product","link":"https:\/\/globalmedsonlineinc.com\/se\/product\/research-chemicals\/butylone\/","title":{"rendered":"K\u00f6p Butylone online"},"content":{"rendered":"<h1 class=\"lRu31\" dir=\"ltr\"><span class=\"HwtZe\" lang=\"sv\"><span class=\"jCAhz ChMk0b\"><span class=\"ryNqvb\">Butylonpulver till salu online<\/span><\/span><\/span><\/h1>\n<div class=\"lRu31\" dir=\"ltr\"><span class=\"HwtZe\" lang=\"sv\"><span class=\"jCAhz ChMk0b\"><span class=\"ryNqvb\"><a href=\"https:\/\/en.wikipedia.org\/wiki\/Butylone\">Butylonpulver till salu online<\/a>. <\/span><\/span><\/span><span style=\"font-size: 1rem\">Butylone (\u00e4ven k\u00e4nt som \u03b2-keto-N-metylbenzodioxolylbutanamin, \u03b2k-MBDB eller B1) \u00e4r ett syntetiskt entaktogen och stimulerande medel i klasserna fenetylamin och katinon. Butylon \u00e4r \u03b2-ketoanalogen av MBDB och den substituerade metylendioxyanalogen av buphedron.<\/span><\/div>\n<p>Som designerdrog s\u00e4ljs det ofta p\u00e5 gatan tillsammans med etylon som en ers\u00e4ttning eller f\u00f6rfalskning av MDMA och metylon (som alla tillsammans har kommit att kallas &#8220;Molly&#8221;) p\u00e5 grund av metylons minskande tillg\u00e4nglighet p\u00e5 marknaden f\u00f6r forskningskemikalier.<\/p>\n<p>Men trots beteendem\u00e4ssiga och <a href=\"https:\/\/en.wikipedia.org\/wiki\/Butylone\">farmakologiska<\/a> likheter mellan butylon och MDMA \u00e4r de observerade subjektiva effekterna av de b\u00e5da substanserna inte helt identiska.<\/p>\n<p>Butylon har endast en kort historia av m\u00e4nsklig anv\u00e4ndning och rapporteras vara mindre potent \u00e4n sina sl\u00e4ktingar metylon och etylon samt besitta mer klassiska stimulerande i motsats till entaktogena effekter.<\/p>\n<p>Kallas \u00e4ven \u03b2-keto-N-metylbenzodioxolylbutanamin och \u00e4r en syntetisk molekyl av katinonfamiljen. Cathinoner liknar strukturellt sett amfetaminer genom att de inneh\u00e5ller en fenetylamink\u00e4rna med en fenylring som \u00e4r bunden till en aminogrupp (NH2) genom en etylkedja med ytterligare en etylsubstitution vid R\u03b1. Katinoner som butylon \u00e4r alfa-metylerade fenetylaminer (dvs. amfetaminer) men skiljer sig fr\u00e5n dem genom att en ketonfunktionell grupp (en karbonylgrupp vid R\u03b2) l\u00e4ggs till. Butylon inneh\u00e5ller en metylsubstitution vid RN, en substitution som delas med MDEA, etylon, 4-MEC och vissa andra stimulantia och entaktogener. Dessutom inneh\u00e5ller butylon substitutioner vid R3 och R4 i fenylringen med syrgasgrupper. Dessa syregrupper \u00e4r inf\u00f6rlivade i en metylendioxiring genom en metylenkedja. Butylon delar denna metylendioxyring med MDA, MDAI och MDMA.<\/p>\n<p>Det fungerar som en blandad \u00e5terupptagsh\u00e4mmare\/frig\u00f6rare av serotonin, noradrenalin och dopamin. Dessa \u00e4r de neurotransmittorer som ansvarar f\u00f6r njutning, bel\u00f6ning, motivation och fokus. Detta g\u00f6rs genom att h\u00e4mma \u00e5terupptaget och \u00e5terabsorptionen av neurotransmittorerna efter att de har utf\u00f6rt sin funktion att \u00f6verf\u00f6ra en neuronal impuls, vilket i huvudsak g\u00f6r att de kan ackumuleras och \u00e5teranv\u00e4ndas, vilket orsakar fysiskt stimulerande och euforiska effekter.<\/p>\n<p>God kvalitet Butylone online: Det \u00e4r helt f\u00f6rst\u00e5tt att m\u00e4nniskor inte snabbt litar p\u00e5 kvaliteten p\u00e5 Butylone som s\u00e4ljs p\u00e5 n\u00e4tet eftersom de inte kan unders\u00f6ka det fysiskt. Men det \u00e4r inte samma sak med Butylone-leverant\u00f6rer online. Produkterna h\u00e4r \u00e4r trogna sin beskrivning med h\u00f6gkvalitativt underh\u00e5ll som g\u00f6rs under experternas \u00f6verinseende.<\/p>\n<p>Snabb &amp; amp; Diskret leverans: Leveransen av Butylone efter mottagandet av best\u00e4llningen sker inom den utlovade tidsramen. Fraktteamet l\u00e4gger all sin kraft p\u00e5 att g\u00f6ra frakt- och leveransf\u00f6rfarandet smidigt och snabbt. Du kan ocks\u00e5 f\u00f6rv\u00e4nta dig utm\u00e4rkta tj\u00e4nster n\u00e4r du k\u00f6per Butylone fr\u00e5n proffsen p\u00e5 onlineplattformen.<\/p>\n","protected":false},"excerpt":{"rendered":"<p>Butylon (\u00e4ven k\u00e4nt som \u03b2-keto-N-metylbenzodioxolylbutanamin, \u03b2k-MBDB eller B1) \u00e4r en syntetisk entaktogen och stimulerande substans i klasserna fenetylamin och katinon. Butylon \u00e4r \u03b2-ketoanalogen av MBDB och den substituerade metylendioxyanalogen av buphedron.<\/p>\n","protected":false},"featured_media":9246,"comment_status":"open","ping_status":"closed","template":"","meta":{"_acf_changed":false,"_monsterinsights_skip_tracking":false,"_monsterinsights_sitenote_active":false,"_monsterinsights_sitenote_note":"","_monsterinsights_sitenote_category":0},"product_brand":[],"product_cat":[53],"product_tag":[508,523,524,519,452,509,510,511,512,526,521,522,517,513,525,514,515,518,516,520,527,528,529],"class_list":{"0":"post-9239","1":"product","2":"type-product","3":"status-publish","4":"has-post-thumbnail","6":"product_cat-research-chemicals","7":"product_tag-99-renhet-butylone-online","8":"product_tag-bestall-butylone-crystal-online","9":"product_tag-bestall-butylone-online","10":"product_tag-billigt-butylone-till-salu","11":"product_tag-butylone","12":"product_tag-butylone-bk-mbdb-till-salu","13":"product_tag-butylone-bk-mbdb-till-salu-over-hela-varlden","14":"product_tag-butylone-crystal-till-salu","15":"product_tag-butylone-till-salu","16":"product_tag-det-basta-stallet-att-kopa-butylone-online","17":"product_tag-hur-man-koper-butylone-crystal-online","18":"product_tag-hur-man-koper-butylone-onlinel","19":"product_tag-kop-billigt-butylone-online","20":"product_tag-kop-butylone-crystal-online","21":"product_tag-kop-butylone-med-bitcoin","22":"product_tag-kop-butylone-online","23":"product_tag-kop-butylone-pulver-och-kristaller-online","24":"product_tag-kop-ethylone-pulver-och-kristall-online","25":"product_tag-kop-methylone-pulver-och-kristall-online","26":"product_tag-snabb-leverans-forskningskemikalie","27":"product_tag-var-man-koper-butylone-bk-mbdb","28":"product_tag-var-man-koper-butylone-crystal-online","29":"product_tag-var-man-koper-butylone-online","31":"first","32":"instock","33":"sale","34":"shipping-taxable","35":"purchasable","36":"product-type-variable"},"acf":[],"yoast_head":"<!-- This site is optimized with the Yoast SEO plugin v27.2 - https:\/\/yoast.com\/product\/yoast-seo-wordpress\/ -->\n<title>Butylonpulver till salu online - Global Meds Inc.<\/title>\n<meta name=\"description\" content=\"Butylonpulver till salu online. Vi s\u00e4ljer butylonpulver av b\u00e4sta kvalitet. Kontakta oss g\u00e4rna f\u00f6r mer information och priser.\" \/>\n<meta name=\"robots\" content=\"index, follow, max-snippet:-1, max-image-preview:large, max-video-preview:-1\" \/>\n<link rel=\"canonical\" href=\"https:\/\/globalmedsonlineinc.com\/se\/product\/research-chemicals\/butylone\/\" \/>\n<meta property=\"og:locale\" content=\"sv_SE\" \/>\n<meta property=\"og:type\" content=\"article\" \/>\n<meta property=\"og:title\" content=\"Butylonpulver till salu online - Global Meds Inc.\" \/>\n<meta property=\"og:description\" content=\"Butylonpulver till salu online. Vi s\u00e4ljer butylonpulver av b\u00e4sta kvalitet. Kontakta oss g\u00e4rna f\u00f6r mer information och priser.\" \/>\n<meta property=\"og:url\" content=\"https:\/\/globalmedsonlineinc.com\/se\/product\/research-chemicals\/butylone\/\" \/>\n<meta property=\"og:site_name\" content=\"Global Meds Inc\" \/>\n<meta property=\"article:modified_time\" content=\"2024-02-21T08:58:25+00:00\" \/>\n<meta property=\"og:image\" content=\"https:\/\/globalmedsonlineinc.com\/se\/content\/media\/uploads\/sites\/8\/2021\/07\/Buy-Butylone-powder.jpg\" \/>\n\t<meta property=\"og:image:width\" content=\"1200\" \/>\n\t<meta property=\"og:image:height\" content=\"1200\" \/>\n\t<meta property=\"og:image:type\" content=\"image\/jpeg\" \/>\n<meta name=\"twitter:card\" content=\"summary_large_image\" \/>\n<meta name=\"twitter:label1\" content=\"Ber\u00e4knad l\u00e4stid\" \/>\n\t<meta name=\"twitter:data1\" content=\"3 minuter\" \/>\n<script type=\"application\/ld+json\" class=\"yoast-schema-graph\">{\"@context\":\"https:\/\/schema.org\",\"@graph\":[{\"@type\":\"WebPage\",\"@id\":\"https:\/\/globalmedsonlineinc.com\/se\/product\/research-chemicals\/butylone\/\",\"url\":\"https:\/\/globalmedsonlineinc.com\/se\/product\/research-chemicals\/butylone\/\",\"name\":\"Butylonpulver till salu online - Global Meds Inc.\",\"isPartOf\":{\"@id\":\"https:\/\/globalmedsonlineinc.com\/se\/#website\"},\"primaryImageOfPage\":{\"@id\":\"https:\/\/globalmedsonlineinc.com\/se\/product\/research-chemicals\/butylone\/#primaryimage\"},\"image\":{\"@id\":\"https:\/\/globalmedsonlineinc.com\/se\/product\/research-chemicals\/butylone\/#primaryimage\"},\"thumbnailUrl\":\"https:\/\/globalmedsonlineinc.com\/se\/content\/media\/uploads\/sites\/8\/2021\/07\/Buy-Butylone-powder.jpg\",\"datePublished\":\"2021-07-02T22:17:23+00:00\",\"dateModified\":\"2024-02-21T08:58:25+00:00\",\"description\":\"Butylonpulver till salu online. Vi s\u00e4ljer butylonpulver av b\u00e4sta kvalitet. Kontakta oss g\u00e4rna f\u00f6r mer information och priser.\",\"breadcrumb\":{\"@id\":\"https:\/\/globalmedsonlineinc.com\/se\/product\/research-chemicals\/butylone\/#breadcrumb\"},\"inLanguage\":\"sv-SE\",\"potentialAction\":[{\"@type\":\"ReadAction\",\"target\":[\"https:\/\/globalmedsonlineinc.com\/se\/product\/research-chemicals\/butylone\/\"]}]},{\"@type\":\"ImageObject\",\"inLanguage\":\"sv-SE\",\"@id\":\"https:\/\/globalmedsonlineinc.com\/se\/product\/research-chemicals\/butylone\/#primaryimage\",\"url\":\"https:\/\/globalmedsonlineinc.com\/se\/content\/media\/uploads\/sites\/8\/2021\/07\/Buy-Butylone-powder.jpg\",\"contentUrl\":\"https:\/\/globalmedsonlineinc.com\/se\/content\/media\/uploads\/sites\/8\/2021\/07\/Buy-Butylone-powder.jpg\",\"width\":1200,\"height\":1200,\"caption\":\"Butylonpulver till salu online\"},{\"@type\":\"BreadcrumbList\",\"@id\":\"https:\/\/globalmedsonlineinc.com\/se\/product\/research-chemicals\/butylone\/#breadcrumb\",\"itemListElement\":[{\"@type\":\"ListItem\",\"position\":1,\"name\":\"Home\",\"item\":\"https:\/\/globalmedsonlineinc.com\/se\/\"},{\"@type\":\"ListItem\",\"position\":2,\"name\":\"Produkter\",\"item\":\"https:\/\/globalmedsonlineinc.com\/se\/produkter\/\"},{\"@type\":\"ListItem\",\"position\":3,\"name\":\"K\u00f6p Butylone online\"}]},{\"@type\":\"WebSite\",\"@id\":\"https:\/\/globalmedsonlineinc.com\/se\/#website\",\"url\":\"https:\/\/globalmedsonlineinc.com\/se\/\",\"name\":\"Global Meds Inc\",\"description\":\"\",\"publisher\":{\"@id\":\"https:\/\/globalmedsonlineinc.com\/se\/#organization\"},\"potentialAction\":[{\"@type\":\"SearchAction\",\"target\":{\"@type\":\"EntryPoint\",\"urlTemplate\":\"https:\/\/globalmedsonlineinc.com\/se\/?s={search_term_string}\"},\"query-input\":{\"@type\":\"PropertyValueSpecification\",\"valueRequired\":true,\"valueName\":\"search_term_string\"}}],\"inLanguage\":\"sv-SE\"},{\"@type\":\"Organization\",\"@id\":\"https:\/\/globalmedsonlineinc.com\/se\/#organization\",\"name\":\"Global Meds Inc.\",\"url\":\"https:\/\/globalmedsonlineinc.com\/se\/\",\"logo\":{\"@type\":\"ImageObject\",\"inLanguage\":\"sv-SE\",\"@id\":\"https:\/\/globalmedsonlineinc.com\/se\/#\/schema\/logo\/image\/\",\"url\":\"https:\/\/globalmedsonlineinc.com\/se\/content\/media\/uploads\/sites\/8\/2021\/06\/globalmedsonlineincLogoShop20210630123730.00.png\",\"contentUrl\":\"https:\/\/globalmedsonlineinc.com\/se\/content\/media\/uploads\/sites\/8\/2021\/06\/globalmedsonlineincLogoShop20210630123730.00.png\",\"width\":450,\"height\":117,\"caption\":\"Global Meds Inc.\"},\"image\":{\"@id\":\"https:\/\/globalmedsonlineinc.com\/se\/#\/schema\/logo\/image\/\"}}]}<\/script>\n<!-- \/ Yoast SEO plugin. -->","yoast_head_json":{"title":"Butylonpulver till salu online - Global Meds Inc.","description":"Butylonpulver till salu online. Vi s\u00e4ljer butylonpulver av b\u00e4sta kvalitet. Kontakta oss g\u00e4rna f\u00f6r mer information och priser.","robots":{"index":"index","follow":"follow","max-snippet":"max-snippet:-1","max-image-preview":"max-image-preview:large","max-video-preview":"max-video-preview:-1"},"canonical":"https:\/\/globalmedsonlineinc.com\/se\/product\/research-chemicals\/butylone\/","og_locale":"sv_SE","og_type":"article","og_title":"Butylonpulver till salu online - Global Meds Inc.","og_description":"Butylonpulver till salu online. Vi s\u00e4ljer butylonpulver av b\u00e4sta kvalitet. Kontakta oss g\u00e4rna f\u00f6r mer information och priser.","og_url":"https:\/\/globalmedsonlineinc.com\/se\/product\/research-chemicals\/butylone\/","og_site_name":"Global Meds Inc","article_modified_time":"2024-02-21T08:58:25+00:00","og_image":[{"width":1200,"height":1200,"url":"https:\/\/globalmedsonlineinc.com\/se\/content\/media\/uploads\/sites\/8\/2021\/07\/Buy-Butylone-powder.jpg","type":"image\/jpeg"}],"twitter_card":"summary_large_image","twitter_misc":{"Ber\u00e4knad l\u00e4stid":"3 minuter"},"schema":{"@context":"https:\/\/schema.org","@graph":[{"@type":"WebPage","@id":"https:\/\/globalmedsonlineinc.com\/se\/product\/research-chemicals\/butylone\/","url":"https:\/\/globalmedsonlineinc.com\/se\/product\/research-chemicals\/butylone\/","name":"Butylonpulver till salu online - Global Meds Inc.","isPartOf":{"@id":"https:\/\/globalmedsonlineinc.com\/se\/#website"},"primaryImageOfPage":{"@id":"https:\/\/globalmedsonlineinc.com\/se\/product\/research-chemicals\/butylone\/#primaryimage"},"image":{"@id":"https:\/\/globalmedsonlineinc.com\/se\/product\/research-chemicals\/butylone\/#primaryimage"},"thumbnailUrl":"https:\/\/globalmedsonlineinc.com\/se\/content\/media\/uploads\/sites\/8\/2021\/07\/Buy-Butylone-powder.jpg","datePublished":"2021-07-02T22:17:23+00:00","dateModified":"2024-02-21T08:58:25+00:00","description":"Butylonpulver till salu online. Vi s\u00e4ljer butylonpulver av b\u00e4sta kvalitet. Kontakta oss g\u00e4rna f\u00f6r mer information och priser.","breadcrumb":{"@id":"https:\/\/globalmedsonlineinc.com\/se\/product\/research-chemicals\/butylone\/#breadcrumb"},"inLanguage":"sv-SE","potentialAction":[{"@type":"ReadAction","target":["https:\/\/globalmedsonlineinc.com\/se\/product\/research-chemicals\/butylone\/"]}]},{"@type":"ImageObject","inLanguage":"sv-SE","@id":"https:\/\/globalmedsonlineinc.com\/se\/product\/research-chemicals\/butylone\/#primaryimage","url":"https:\/\/globalmedsonlineinc.com\/se\/content\/media\/uploads\/sites\/8\/2021\/07\/Buy-Butylone-powder.jpg","contentUrl":"https:\/\/globalmedsonlineinc.com\/se\/content\/media\/uploads\/sites\/8\/2021\/07\/Buy-Butylone-powder.jpg","width":1200,"height":1200,"caption":"Butylonpulver till salu online"},{"@type":"BreadcrumbList","@id":"https:\/\/globalmedsonlineinc.com\/se\/product\/research-chemicals\/butylone\/#breadcrumb","itemListElement":[{"@type":"ListItem","position":1,"name":"Home","item":"https:\/\/globalmedsonlineinc.com\/se\/"},{"@type":"ListItem","position":2,"name":"Produkter","item":"https:\/\/globalmedsonlineinc.com\/se\/produkter\/"},{"@type":"ListItem","position":3,"name":"K\u00f6p Butylone online"}]},{"@type":"WebSite","@id":"https:\/\/globalmedsonlineinc.com\/se\/#website","url":"https:\/\/globalmedsonlineinc.com\/se\/","name":"Global Meds Inc","description":"","publisher":{"@id":"https:\/\/globalmedsonlineinc.com\/se\/#organization"},"potentialAction":[{"@type":"SearchAction","target":{"@type":"EntryPoint","urlTemplate":"https:\/\/globalmedsonlineinc.com\/se\/?s={search_term_string}"},"query-input":{"@type":"PropertyValueSpecification","valueRequired":true,"valueName":"search_term_string"}}],"inLanguage":"sv-SE"},{"@type":"Organization","@id":"https:\/\/globalmedsonlineinc.com\/se\/#organization","name":"Global Meds Inc.","url":"https:\/\/globalmedsonlineinc.com\/se\/","logo":{"@type":"ImageObject","inLanguage":"sv-SE","@id":"https:\/\/globalmedsonlineinc.com\/se\/#\/schema\/logo\/image\/","url":"https:\/\/globalmedsonlineinc.com\/se\/content\/media\/uploads\/sites\/8\/2021\/06\/globalmedsonlineincLogoShop20210630123730.00.png","contentUrl":"https:\/\/globalmedsonlineinc.com\/se\/content\/media\/uploads\/sites\/8\/2021\/06\/globalmedsonlineincLogoShop20210630123730.00.png","width":450,"height":117,"caption":"Global Meds Inc."},"image":{"@id":"https:\/\/globalmedsonlineinc.com\/se\/#\/schema\/logo\/image\/"}}]}},"_links":{"self":[{"href":"https:\/\/globalmedsonlineinc.com\/se\/wp-json\/wp\/v2\/product\/9239","targetHints":{"allow":["GET"]}}],"collection":[{"href":"https:\/\/globalmedsonlineinc.com\/se\/wp-json\/wp\/v2\/product"}],"about":[{"href":"https:\/\/globalmedsonlineinc.com\/se\/wp-json\/wp\/v2\/types\/product"}],"replies":[{"embeddable":true,"href":"https:\/\/globalmedsonlineinc.com\/se\/wp-json\/wp\/v2\/comments?post=9239"}],"wp:featuredmedia":[{"embeddable":true,"href":"https:\/\/globalmedsonlineinc.com\/se\/wp-json\/wp\/v2\/media\/9246"}],"wp:attachment":[{"href":"https:\/\/globalmedsonlineinc.com\/se\/wp-json\/wp\/v2\/media?parent=9239"}],"wp:term":[{"taxonomy":"product_brand","embeddable":true,"href":"https:\/\/globalmedsonlineinc.com\/se\/wp-json\/wp\/v2\/product_brand?post=9239"},{"taxonomy":"product_cat","embeddable":true,"href":"https:\/\/globalmedsonlineinc.com\/se\/wp-json\/wp\/v2\/product_cat?post=9239"},{"taxonomy":"product_tag","embeddable":true,"href":"https:\/\/globalmedsonlineinc.com\/se\/wp-json\/wp\/v2\/product_tag?post=9239"}],"curies":[{"name":"wp","href":"https:\/\/api.w.org\/{rel}","templated":true}]}}