{"id":9231,"date":"2021-07-02T21:58:00","date_gmt":"2021-07-02T21:58:00","guid":{"rendered":"https:\/\/globalmedsonlineinc.com\/se\/?post_type=product&#038;p=9231"},"modified":"2024-02-21T08:59:39","modified_gmt":"2024-02-21T08:59:39","slug":"fentanyl-pulver","status":"publish","type":"product","link":"https:\/\/globalmedsonlineinc.com\/se\/product\/research-chemicals\/fentanyl-pulver\/","title":{"rendered":"K\u00f6p Fentanyl pulver online"},"content":{"rendered":"<h1>Fentanylpulver f\u00f6r f\u00f6rs\u00e4ljning online<\/h1>\n<p><a href=\"https:\/\/globalmedsonlineinc.com\/se\/product\/research-chemicals\/fentanyl-powder\/\">Fentanylpulver till salu p\u00e5 n\u00e4tet<\/a>, Fentanylpulver \u00e4r ett fantastiskt syntetiskt opioidanalgetikum som liknar morfin men \u00e4r 50 till flera g\u00e5nger mer potent.1,2 Det \u00e4r ett tidtabell II l\u00e4karordinerat l\u00e4kemedel,3 och det anv\u00e4nds normalt f\u00f6r att behandla patienter med extrema pl\u00e5gor eller f\u00f6r att \u00f6vervaka pl\u00e5gor efter operation.4 Det anv\u00e4nds dessutom h\u00e4r och d\u00e4r f\u00f6r att behandla patienter med konstant sm\u00e4rta <a href=\"https:\/\/en.wikipedia.org\/wiki\/Fentanyl\">som<\/a> \u00e4r genuint mild mot andra opioider.5 I sin l\u00e4kemedelsstruktur kallas fentanyl f\u00f6r s\u00e5dana namn som Actiq, Duragesic och Sublimaze.5,6 Gatunamn f\u00f6r fentanyl eller f\u00f6r fentanylbundet heroin innefattar Apache, China Girl, China White, Dance Fever, Friend, Goodfella, Jackpot, Murder 8, TNT och Tango and Cash.<\/p>\n<p>Hur individer anv\u00e4nder fentanyl?<\/p>\n<p>N\u00e4r det godk\u00e4nns av en l\u00e4kare, riktas fentanyl <a href=\"https:\/\/en.wikipedia.org\/wiki\/Fentanyl\">regelbundet<\/a> genom infusion, transdermal fixering eller i sugtabletter.6 Fentanyl och fentanylanaloger som \u00e4r relaterade till sena \u00f6verskridanden levereras dock i smyglaboratorier.7 Detta icke-droglika fentanyl s\u00e4ljs i f\u00f6ljande strukturer: som pulver, spetsat p\u00e5 blottningspapper, blandat med eller som fyllning f\u00f6r heroin eller som tabletter som imiterar andra, mindre intensiva opioider.8 M\u00e4nniskor kan sv\u00e4lja, grunsa eller infundera fentanyl, eller de kan stoppa blottningspapper i munnen s\u00e5 att fentanyl h\u00e5lls kvar genom slemhinnan.<\/p>\n<p>Hur p\u00e5verkar fentanyl hj\u00e4rnan?<\/p>\n<p>Liksom heroin, morfin och andra narkotiska l\u00e4kemedel fungerar fentanyl genom att begr\u00e4nsa sig till kroppens narkotiska receptorer, som finns i sinnets utrymmen som kontrollerar pl\u00e5gor och k\u00e4nslor.9 N\u00e4r narkotiska l\u00e4kemedel knyter an till dessa receptorer kan de driva upp dopaminniv\u00e5erna i hj\u00e4rnans prisregioner, vilket skapar ett tillst\u00e5nd av h\u00e4nryckning och avslappning.9 Fentanyls tillh\u00f6righeter ser ut som heroinets och omfattar upprymdhet, tr\u00f6tthet, illam\u00e5ende, f\u00f6rvirring, obstruktion, sedering, resiliens, fixering, andningssv\u00e5righeter och f\u00e5ngenskap, sj\u00e4lvklarhet, transliknande tillst\u00e5nd och d\u00f6d.<\/p>\n<p>Fentanylpulver av god kvalitet p\u00e5 n\u00e4tet: Det \u00e4r helt klart att m\u00e4nniskor inte snabbt litar p\u00e5 kvaliteten p\u00e5 Fentanylpulver som s\u00e4ljs online eftersom de inte kan unders\u00f6ka det fysiskt. Men det \u00e4r inte samma sak med online Fentanylpulverleverant\u00f6rer. Produkterna h\u00e4r \u00e4r trogna sin beskrivning med h\u00f6gkvalitativt underh\u00e5ll som g\u00f6rs under experternas \u00f6verinseende.<\/p>\n<p>Snabb &amp; amp; Diskret leverans: Leveransen av Fentanylpulveret efter mottagandet av best\u00e4llningen sker inom den utlovade tidsramen. Fraktteamet l\u00e4gger all sin kraft p\u00e5 att g\u00f6ra frakt- och leveransf\u00f6rfarandet smidigt och snabbt. Du kan ocks\u00e5 f\u00f6rv\u00e4nta dig utm\u00e4rkta tj\u00e4nster n\u00e4r du k\u00f6per Fentanylpulver fr\u00e5n proffsen p\u00e5 onlineplattformen.<\/p>\n","protected":false},"excerpt":{"rendered":"<p>Fentanyl <a href=\"\/product\/research-chemicals\/fentanyl-powder\/\">\u00e4r ett kraftfullt syntetiskt opioidanalgetikum som liknar<\/a> morfin men \u00e4r 50 till 100 g\u00e5nger starkare.1,2 Det \u00e4r ett receptbelagt l\u00e4kemedel enligt f\u00f6rteckning II,3 och anv\u00e4nds vanligtvis f\u00f6r att behandla patienter med sv\u00e5r sm\u00e4rta eller f\u00f6r att hantera sm\u00e4rta efter en operation.<\/p>\n","protected":false},"featured_media":9238,"comment_status":"open","ping_status":"closed","template":"","meta":{"_acf_changed":false,"_monsterinsights_skip_tracking":false,"_monsterinsights_sitenote_active":false,"_monsterinsights_sitenote_note":"","_monsterinsights_sitenote_category":0},"product_brand":[],"product_cat":[53],"product_tag":[530],"class_list":{"0":"post-9231","1":"product","2":"type-product","3":"status-publish","4":"has-post-thumbnail","6":"product_cat-research-chemicals","7":"product_tag-kop-fentanyl-powder-online","9":"first","10":"instock","11":"sale","12":"shipping-taxable","13":"purchasable","14":"product-type-variable","15":"has-default-attributes"},"acf":[],"yoast_head":"<!-- This site is optimized with the Yoast SEO plugin v27.2 - https:\/\/yoast.com\/product\/yoast-seo-wordpress\/ -->\n<title>Fentanylpulver f\u00f6r f\u00f6rs\u00e4ljning online | Global Meds Inc.<\/title>\n<meta name=\"description\" content=\"Fentanylpulver f\u00f6r f\u00f6rs\u00e4ljning online. Vi s\u00e4ljer fentanylpulver av b\u00e4sta kvalitet. Kontakta oss g\u00e4rna f\u00f6r mer information och priser.\" \/>\n<meta name=\"robots\" content=\"index, follow, max-snippet:-1, max-image-preview:large, max-video-preview:-1\" \/>\n<link rel=\"canonical\" href=\"https:\/\/globalmedsonlineinc.com\/se\/product\/research-chemicals\/fentanyl-pulver\/\" \/>\n<meta property=\"og:locale\" content=\"sv_SE\" \/>\n<meta property=\"og:type\" content=\"article\" \/>\n<meta property=\"og:title\" content=\"Fentanylpulver f\u00f6r f\u00f6rs\u00e4ljning online | Global Meds Inc.\" \/>\n<meta property=\"og:description\" content=\"Fentanylpulver f\u00f6r f\u00f6rs\u00e4ljning online. Vi s\u00e4ljer fentanylpulver av b\u00e4sta kvalitet. Kontakta oss g\u00e4rna f\u00f6r mer information och priser.\" \/>\n<meta property=\"og:url\" content=\"https:\/\/globalmedsonlineinc.com\/se\/product\/research-chemicals\/fentanyl-pulver\/\" \/>\n<meta property=\"og:site_name\" content=\"Global Meds Inc\" \/>\n<meta property=\"article:modified_time\" content=\"2024-02-21T08:59:39+00:00\" \/>\n<meta property=\"og:image\" content=\"https:\/\/globalmedsonlineinc.com\/se\/content\/media\/uploads\/sites\/8\/2021\/07\/FENTANYL-POWDER-for-Sale.jpg\" \/>\n\t<meta property=\"og:image:width\" content=\"1200\" \/>\n\t<meta property=\"og:image:height\" content=\"1200\" \/>\n\t<meta property=\"og:image:type\" content=\"image\/jpeg\" \/>\n<meta name=\"twitter:card\" content=\"summary_large_image\" \/>\n<meta name=\"twitter:label1\" content=\"Ber\u00e4knad l\u00e4stid\" \/>\n\t<meta name=\"twitter:data1\" content=\"3 minuter\" \/>\n<script type=\"application\/ld+json\" class=\"yoast-schema-graph\">{\"@context\":\"https:\/\/schema.org\",\"@graph\":[{\"@type\":\"WebPage\",\"@id\":\"https:\/\/globalmedsonlineinc.com\/se\/product\/research-chemicals\/fentanyl-pulver\/\",\"url\":\"https:\/\/globalmedsonlineinc.com\/se\/product\/research-chemicals\/fentanyl-pulver\/\",\"name\":\"Fentanylpulver f\u00f6r f\u00f6rs\u00e4ljning online | Global Meds Inc.\",\"isPartOf\":{\"@id\":\"https:\/\/globalmedsonlineinc.com\/se\/#website\"},\"primaryImageOfPage\":{\"@id\":\"https:\/\/globalmedsonlineinc.com\/se\/product\/research-chemicals\/fentanyl-pulver\/#primaryimage\"},\"image\":{\"@id\":\"https:\/\/globalmedsonlineinc.com\/se\/product\/research-chemicals\/fentanyl-pulver\/#primaryimage\"},\"thumbnailUrl\":\"https:\/\/globalmedsonlineinc.com\/se\/content\/media\/uploads\/sites\/8\/2021\/07\/FENTANYL-POWDER-for-Sale.jpg\",\"datePublished\":\"2021-07-02T21:58:00+00:00\",\"dateModified\":\"2024-02-21T08:59:39+00:00\",\"description\":\"Fentanylpulver f\u00f6r f\u00f6rs\u00e4ljning online. Vi s\u00e4ljer fentanylpulver av b\u00e4sta kvalitet. Kontakta oss g\u00e4rna f\u00f6r mer information och priser.\",\"breadcrumb\":{\"@id\":\"https:\/\/globalmedsonlineinc.com\/se\/product\/research-chemicals\/fentanyl-pulver\/#breadcrumb\"},\"inLanguage\":\"sv-SE\",\"potentialAction\":[{\"@type\":\"ReadAction\",\"target\":[\"https:\/\/globalmedsonlineinc.com\/se\/product\/research-chemicals\/fentanyl-pulver\/\"]}]},{\"@type\":\"ImageObject\",\"inLanguage\":\"sv-SE\",\"@id\":\"https:\/\/globalmedsonlineinc.com\/se\/product\/research-chemicals\/fentanyl-pulver\/#primaryimage\",\"url\":\"https:\/\/globalmedsonlineinc.com\/se\/content\/media\/uploads\/sites\/8\/2021\/07\/FENTANYL-POWDER-for-Sale.jpg\",\"contentUrl\":\"https:\/\/globalmedsonlineinc.com\/se\/content\/media\/uploads\/sites\/8\/2021\/07\/FENTANYL-POWDER-for-Sale.jpg\",\"width\":1200,\"height\":1200,\"caption\":\"Fentany powder for sale online\"},{\"@type\":\"BreadcrumbList\",\"@id\":\"https:\/\/globalmedsonlineinc.com\/se\/product\/research-chemicals\/fentanyl-pulver\/#breadcrumb\",\"itemListElement\":[{\"@type\":\"ListItem\",\"position\":1,\"name\":\"Home\",\"item\":\"https:\/\/globalmedsonlineinc.com\/se\/\"},{\"@type\":\"ListItem\",\"position\":2,\"name\":\"Produkter\",\"item\":\"https:\/\/globalmedsonlineinc.com\/se\/produkter\/\"},{\"@type\":\"ListItem\",\"position\":3,\"name\":\"K\u00f6p Fentanyl pulver online\"}]},{\"@type\":\"WebSite\",\"@id\":\"https:\/\/globalmedsonlineinc.com\/se\/#website\",\"url\":\"https:\/\/globalmedsonlineinc.com\/se\/\",\"name\":\"Global Meds Inc\",\"description\":\"\",\"publisher\":{\"@id\":\"https:\/\/globalmedsonlineinc.com\/se\/#organization\"},\"potentialAction\":[{\"@type\":\"SearchAction\",\"target\":{\"@type\":\"EntryPoint\",\"urlTemplate\":\"https:\/\/globalmedsonlineinc.com\/se\/?s={search_term_string}\"},\"query-input\":{\"@type\":\"PropertyValueSpecification\",\"valueRequired\":true,\"valueName\":\"search_term_string\"}}],\"inLanguage\":\"sv-SE\"},{\"@type\":\"Organization\",\"@id\":\"https:\/\/globalmedsonlineinc.com\/se\/#organization\",\"name\":\"Global Meds Inc.\",\"url\":\"https:\/\/globalmedsonlineinc.com\/se\/\",\"logo\":{\"@type\":\"ImageObject\",\"inLanguage\":\"sv-SE\",\"@id\":\"https:\/\/globalmedsonlineinc.com\/se\/#\/schema\/logo\/image\/\",\"url\":\"https:\/\/globalmedsonlineinc.com\/se\/content\/media\/uploads\/sites\/8\/2021\/06\/globalmedsonlineincLogoShop20210630123730.00.png\",\"contentUrl\":\"https:\/\/globalmedsonlineinc.com\/se\/content\/media\/uploads\/sites\/8\/2021\/06\/globalmedsonlineincLogoShop20210630123730.00.png\",\"width\":450,\"height\":117,\"caption\":\"Global Meds Inc.\"},\"image\":{\"@id\":\"https:\/\/globalmedsonlineinc.com\/se\/#\/schema\/logo\/image\/\"}}]}<\/script>\n<!-- \/ Yoast SEO plugin. -->","yoast_head_json":{"title":"Fentanylpulver f\u00f6r f\u00f6rs\u00e4ljning online | Global Meds Inc.","description":"Fentanylpulver f\u00f6r f\u00f6rs\u00e4ljning online. Vi s\u00e4ljer fentanylpulver av b\u00e4sta kvalitet. Kontakta oss g\u00e4rna f\u00f6r mer information och priser.","robots":{"index":"index","follow":"follow","max-snippet":"max-snippet:-1","max-image-preview":"max-image-preview:large","max-video-preview":"max-video-preview:-1"},"canonical":"https:\/\/globalmedsonlineinc.com\/se\/product\/research-chemicals\/fentanyl-pulver\/","og_locale":"sv_SE","og_type":"article","og_title":"Fentanylpulver f\u00f6r f\u00f6rs\u00e4ljning online | Global Meds Inc.","og_description":"Fentanylpulver f\u00f6r f\u00f6rs\u00e4ljning online. Vi s\u00e4ljer fentanylpulver av b\u00e4sta kvalitet. Kontakta oss g\u00e4rna f\u00f6r mer information och priser.","og_url":"https:\/\/globalmedsonlineinc.com\/se\/product\/research-chemicals\/fentanyl-pulver\/","og_site_name":"Global Meds Inc","article_modified_time":"2024-02-21T08:59:39+00:00","og_image":[{"width":1200,"height":1200,"url":"https:\/\/globalmedsonlineinc.com\/se\/content\/media\/uploads\/sites\/8\/2021\/07\/FENTANYL-POWDER-for-Sale.jpg","type":"image\/jpeg"}],"twitter_card":"summary_large_image","twitter_misc":{"Ber\u00e4knad l\u00e4stid":"3 minuter"},"schema":{"@context":"https:\/\/schema.org","@graph":[{"@type":"WebPage","@id":"https:\/\/globalmedsonlineinc.com\/se\/product\/research-chemicals\/fentanyl-pulver\/","url":"https:\/\/globalmedsonlineinc.com\/se\/product\/research-chemicals\/fentanyl-pulver\/","name":"Fentanylpulver f\u00f6r f\u00f6rs\u00e4ljning online | Global Meds Inc.","isPartOf":{"@id":"https:\/\/globalmedsonlineinc.com\/se\/#website"},"primaryImageOfPage":{"@id":"https:\/\/globalmedsonlineinc.com\/se\/product\/research-chemicals\/fentanyl-pulver\/#primaryimage"},"image":{"@id":"https:\/\/globalmedsonlineinc.com\/se\/product\/research-chemicals\/fentanyl-pulver\/#primaryimage"},"thumbnailUrl":"https:\/\/globalmedsonlineinc.com\/se\/content\/media\/uploads\/sites\/8\/2021\/07\/FENTANYL-POWDER-for-Sale.jpg","datePublished":"2021-07-02T21:58:00+00:00","dateModified":"2024-02-21T08:59:39+00:00","description":"Fentanylpulver f\u00f6r f\u00f6rs\u00e4ljning online. Vi s\u00e4ljer fentanylpulver av b\u00e4sta kvalitet. Kontakta oss g\u00e4rna f\u00f6r mer information och priser.","breadcrumb":{"@id":"https:\/\/globalmedsonlineinc.com\/se\/product\/research-chemicals\/fentanyl-pulver\/#breadcrumb"},"inLanguage":"sv-SE","potentialAction":[{"@type":"ReadAction","target":["https:\/\/globalmedsonlineinc.com\/se\/product\/research-chemicals\/fentanyl-pulver\/"]}]},{"@type":"ImageObject","inLanguage":"sv-SE","@id":"https:\/\/globalmedsonlineinc.com\/se\/product\/research-chemicals\/fentanyl-pulver\/#primaryimage","url":"https:\/\/globalmedsonlineinc.com\/se\/content\/media\/uploads\/sites\/8\/2021\/07\/FENTANYL-POWDER-for-Sale.jpg","contentUrl":"https:\/\/globalmedsonlineinc.com\/se\/content\/media\/uploads\/sites\/8\/2021\/07\/FENTANYL-POWDER-for-Sale.jpg","width":1200,"height":1200,"caption":"Fentany powder for sale online"},{"@type":"BreadcrumbList","@id":"https:\/\/globalmedsonlineinc.com\/se\/product\/research-chemicals\/fentanyl-pulver\/#breadcrumb","itemListElement":[{"@type":"ListItem","position":1,"name":"Home","item":"https:\/\/globalmedsonlineinc.com\/se\/"},{"@type":"ListItem","position":2,"name":"Produkter","item":"https:\/\/globalmedsonlineinc.com\/se\/produkter\/"},{"@type":"ListItem","position":3,"name":"K\u00f6p Fentanyl pulver online"}]},{"@type":"WebSite","@id":"https:\/\/globalmedsonlineinc.com\/se\/#website","url":"https:\/\/globalmedsonlineinc.com\/se\/","name":"Global Meds Inc","description":"","publisher":{"@id":"https:\/\/globalmedsonlineinc.com\/se\/#organization"},"potentialAction":[{"@type":"SearchAction","target":{"@type":"EntryPoint","urlTemplate":"https:\/\/globalmedsonlineinc.com\/se\/?s={search_term_string}"},"query-input":{"@type":"PropertyValueSpecification","valueRequired":true,"valueName":"search_term_string"}}],"inLanguage":"sv-SE"},{"@type":"Organization","@id":"https:\/\/globalmedsonlineinc.com\/se\/#organization","name":"Global Meds Inc.","url":"https:\/\/globalmedsonlineinc.com\/se\/","logo":{"@type":"ImageObject","inLanguage":"sv-SE","@id":"https:\/\/globalmedsonlineinc.com\/se\/#\/schema\/logo\/image\/","url":"https:\/\/globalmedsonlineinc.com\/se\/content\/media\/uploads\/sites\/8\/2021\/06\/globalmedsonlineincLogoShop20210630123730.00.png","contentUrl":"https:\/\/globalmedsonlineinc.com\/se\/content\/media\/uploads\/sites\/8\/2021\/06\/globalmedsonlineincLogoShop20210630123730.00.png","width":450,"height":117,"caption":"Global Meds Inc."},"image":{"@id":"https:\/\/globalmedsonlineinc.com\/se\/#\/schema\/logo\/image\/"}}]}},"_links":{"self":[{"href":"https:\/\/globalmedsonlineinc.com\/se\/wp-json\/wp\/v2\/product\/9231","targetHints":{"allow":["GET"]}}],"collection":[{"href":"https:\/\/globalmedsonlineinc.com\/se\/wp-json\/wp\/v2\/product"}],"about":[{"href":"https:\/\/globalmedsonlineinc.com\/se\/wp-json\/wp\/v2\/types\/product"}],"replies":[{"embeddable":true,"href":"https:\/\/globalmedsonlineinc.com\/se\/wp-json\/wp\/v2\/comments?post=9231"}],"wp:featuredmedia":[{"embeddable":true,"href":"https:\/\/globalmedsonlineinc.com\/se\/wp-json\/wp\/v2\/media\/9238"}],"wp:attachment":[{"href":"https:\/\/globalmedsonlineinc.com\/se\/wp-json\/wp\/v2\/media?parent=9231"}],"wp:term":[{"taxonomy":"product_brand","embeddable":true,"href":"https:\/\/globalmedsonlineinc.com\/se\/wp-json\/wp\/v2\/product_brand?post=9231"},{"taxonomy":"product_cat","embeddable":true,"href":"https:\/\/globalmedsonlineinc.com\/se\/wp-json\/wp\/v2\/product_cat?post=9231"},{"taxonomy":"product_tag","embeddable":true,"href":"https:\/\/globalmedsonlineinc.com\/se\/wp-json\/wp\/v2\/product_tag?post=9231"}],"curies":[{"name":"wp","href":"https:\/\/api.w.org\/{rel}","templated":true}]}}