{"id":9214,"date":"2021-07-02T21:20:14","date_gmt":"2021-07-02T21:20:14","guid":{"rendered":"https:\/\/globalmedsonlineinc.com\/se\/?post_type=product&#038;p=9214"},"modified":"2024-02-21T09:02:58","modified_gmt":"2024-02-21T09:02:58","slug":"mdma","status":"publish","type":"product","link":"https:\/\/globalmedsonlineinc.com\/se\/product\/research-chemicals\/mdma\/","title":{"rendered":"K\u00f6p MDMA online"},"content":{"rendered":"<h1><strong>MDMA till salu p\u00e5 n\u00e4tet<\/strong><\/h1>\n<p><a href=\"https:\/\/globalmedsonlineinc.com\/se\/product\/research-chemicals\/mdma\/\">MDMA till salu p\u00e5 n\u00e4tet<\/a>. MDMA Powder Crystals \u00e4r ett l\u00e4kemedel som g\u00e5r om som b\u00e5de en energizer och en hallucinogen, vilket ger en uppiggande effekt, tids- och perceptuella vridningar och ut\u00f6kad gl\u00e4dje fr\u00e5n materiella upplevelser. 1,2 Typiskt sett tas MDMA (en f\u00f6rkortning f\u00f6r det syntetiska namnet 3,4-metylendioxymetamfetamin) oralt, f\u00f6r det mesta i form av en tablett eller ett fodral, och dess tillh\u00f6righeter h\u00e5ller i sig i cirka 3 till 6 timmar. Den normala portionen \u00e4r en till tv\u00e5 tabletter, d\u00e4r varje tablett vanligen inneh\u00e5ller n\u00e5gonstans mellan 60 och 120 milligram MDMA.1 Det \u00e4r inte anm\u00e4rkningsv\u00e4rt att klienterna beh\u00f6ver en andra portion av medicinen n\u00e4r effekterna av huvudportionen b\u00f6rjar avta. K\u00f6p MDMA p\u00e5 webben<\/p>\n<p>it Powder Crystals, 3,4-Methylenedioxy-methamphetamine (MDMA) \u00e4r ett tillverkat l\u00e4kemedel som f\u00f6r\u00e4ndrar temperament och urskiljningsf\u00f6rm\u00e5ga (uppm\u00e4rksamhet p\u00e5 omslutande f\u00f6rem\u00e5l och f\u00f6rh\u00e5llanden). Det \u00e4r artificiellt likt de tv\u00e5 energizers och stimulantia och ger k\u00e4nslor av expanderad energi, gl\u00e4dje, passionerad v\u00e4rme och snedvriden p\u00e5taglig och v\u00e4rldslig insikt. K\u00f6p MDMA p\u00e5 webben<\/p>\n<p>it Powder Crystals var f\u00f6rst v\u00e4lk\u00e4nt i dansklubbscenen och p\u00e5 hela nattens dansfester (&#8220;raves&#8221;), men medicinen p\u00e5verkar f\u00f6r n\u00e4rvarande en mer omfattande massa individer, som i allm\u00e4nhet kommer att kalla medicinen f\u00f6r rapture eller molly.<\/p>\n<p>Hur individer anv\u00e4nder det Powder Crystals?<\/p>\n<p>it Powder Crystals accepterar vanligtvis det som en beh\u00e5llare eller tablett, men vissa sv\u00e4ljer det i flytande struktur eller gruntar pulvret. Det ber\u00f6mda smeknamnet Molly (slang f\u00f6r &#8220;atomic&#8221;) anspelar regelbundet p\u00e5 den f\u00f6rmodligen &#8220;of\u00f6rfalskade&#8221; glasliknande pulvertypen av det, som normalt s\u00e4ljs i l\u00e5dor. Icke desto mindre f\u00e5r personer som k\u00f6per pulver eller l\u00e5dor som s\u00e4ljs som Molly ofta andra mediciner allt annat lika, till exempel konstruerade katinoner (&#8220;duschsalter&#8221;) (se &#8220;Extra risk med MDMA&#8221;).<\/p>\n<p>it Powder Crystals i blandning med olika mediciner som sprit eller maryjane. K\u00f6p MDMA p\u00e5 webben<\/p>\n<p>Det expanderar r\u00f6relsen av tre syntetiska substanser i hj\u00e4rnan:<\/p>\n<p>Dopamin &#8211; orsakar en expansion av upprymdhet och ut\u00f6kad energi\/r\u00f6relse.<\/p>\n<p>Noradrenalin expanderar pulsen och cirkulationssp\u00e4nningen, vilket \u00e4r <a href=\"https:\/\/en.wikipedia.org\/wiki\/MDMA\">s\u00e4rskilt<\/a> os\u00e4kert f\u00f6r personer med hj\u00e4rt- och k\u00e4rlproblem.<\/p>\n<p>Serotonin-influerar sinnestillst\u00e5nd, sug, vila och olika f\u00f6rm\u00e5gor. Det utl\u00f6ser ocks\u00e5 kemikalier som p\u00e5verkar sexuell sp\u00e4nning och s\u00e4kerhet. Ankomsten av mycket serotonin orsakar f\u00f6rmodligen den passionerade n\u00e4rhet, det upph\u00f6jda sinnestillst\u00e5nd och den sympati som kunderna k\u00e4nner.<\/p>\n<p>MDMA av god kvalitet p\u00e5 n\u00e4tet: Det \u00e4r helt f\u00f6rst\u00e5tt att m\u00e4nniskor inte snabbt litar p\u00e5 kvaliteten p\u00e5 MDMA online som s\u00e4ljs online eftersom de inte kan unders\u00f6ka det fysiskt. Men det \u00e4r inte samma sak med leverant\u00f6rer av MDMA online online. Produkterna h\u00e4r \u00e4r trogna sin beskrivning med h\u00f6gkvalitativt underh\u00e5ll som g\u00f6rs under experternas \u00f6verinseende.<\/p>\n<p>Snabb &amp; amp; Diskret leverans: Leveransen av MDMA online efter mottagandet av best\u00e4llningen sker inom den utlovade tidsramen. Fraktteamet l\u00e4gger all sin kraft p\u00e5 att g\u00f6ra frakt- och leveransf\u00f6rfarandet smidigt och snabbt. Du kan ocks\u00e5 f\u00f6rv\u00e4nta dig utm\u00e4rkta tj\u00e4nster n\u00e4r du k\u00f6per MDMA online fr\u00e5n proffsen p\u00e5 onlineplattformen.<\/p>\n","protected":false},"excerpt":{"rendered":"<p>K\u00f6p MDMA p\u00e5 n\u00e4tet. <a href=\"https:\/\/en.wikipedia.org\/wiki\/MDMA\">MDMA Powder<\/a> Crystals \u00e4r ett l\u00e4kemedel som fungerar som b\u00e5de energigivare och hallucinogen, vilket ger en st\u00e4rkande effekt, tids- och perceptuella vridningar och ut\u00f6kad gl\u00e4dje fr\u00e5n materiella upplevelser.<\/p>\n","protected":false},"featured_media":9220,"comment_status":"open","ping_status":"closed","template":"","meta":{"_acf_changed":false,"_monsterinsights_skip_tracking":false,"_monsterinsights_sitenote_active":false,"_monsterinsights_sitenote_note":"","_monsterinsights_sitenote_category":0},"product_brand":[],"product_cat":[53],"product_tag":[539,541,542,546,547,544,545,543,548,549,550,554,553,551,552,425,556,555,428,429,430,431,540,432,433,439,437,434,435,436],"class_list":{"0":"post-9214","1":"product","2":"type-product","3":"status-publish","4":"has-post-thumbnail","6":"product_cat-research-chemicals","7":"product_tag-crystal-molly-effekter","8":"product_tag-effekter-av-molly","9":"product_tag-hur-lange-stor-molly","10":"product_tag-hur-man-far-ut-det-mesta-av-molly","11":"product_tag-hur-man-hoppar-fallskarm-molly","12":"product_tag-hur-man-koper-lsd","13":"product_tag-hur-man-koper-mdma","14":"product_tag-hur-mycket-kostar-speed-per-gram","15":"product_tag-lagt-pris-mdma","16":"product_tag-lagt-varde-mdma","17":"product_tag-mda-kristaller","18":"product_tag-mdma-leverantorer","19":"product_tag-mdma-parla-som-kan-kopas","20":"product_tag-mdma-rabatt","21":"product_tag-mdma-till-salu","22":"product_tag-methylenedioxyphenethylamine","23":"product_tag-molly-crystals-biverkningar","24":"product_tag-molly-crystals-pris","25":"product_tag-molly-drug-effects","26":"product_tag-molly-drug-ingredients","27":"product_tag-molly-side-effects-next-day","28":"product_tag-molly-vs-ecstacy","29":"product_tag-olika-satt-att-ta-molly","30":"product_tag-online-buy-mdma","31":"product_tag-order-mdma","32":"product_tag-purchase-mdma-with-bitcoin","33":"product_tag-purchase-modest-mdma-on-the-web","34":"product_tag-what-does-molly-do-to-you","35":"product_tag-what-does-pure-molly-look-like","36":"product_tag-where-to-purchase-mdma-on-the-web","38":"first","39":"instock","40":"shipping-taxable","41":"purchasable","42":"product-type-variable","43":"has-default-attributes"},"acf":[],"yoast_head":"<!-- This site is optimized with the Yoast SEO plugin v27.2 - https:\/\/yoast.com\/product\/yoast-seo-wordpress\/ -->\n<title>MDMA till salu p\u00e5 n\u00e4tet | Global Meds Inc.<\/title>\n<meta name=\"description\" content=\"MDMA till salu p\u00e5 n\u00e4tet. Vi s\u00e4ljer MDMA av b\u00e4sta kvalitet. Kontakta oss g\u00e4rna f\u00f6r mer information och priser.\" \/>\n<meta name=\"robots\" content=\"index, follow, max-snippet:-1, max-image-preview:large, max-video-preview:-1\" \/>\n<link rel=\"canonical\" href=\"https:\/\/globalmedsonlineinc.com\/se\/product\/research-chemicals\/mdma\/\" \/>\n<meta property=\"og:locale\" content=\"sv_SE\" \/>\n<meta property=\"og:type\" content=\"article\" \/>\n<meta property=\"og:title\" content=\"MDMA till salu p\u00e5 n\u00e4tet | Global Meds Inc.\" \/>\n<meta property=\"og:description\" content=\"MDMA till salu p\u00e5 n\u00e4tet. Vi s\u00e4ljer MDMA av b\u00e4sta kvalitet. Kontakta oss g\u00e4rna f\u00f6r mer information och priser.\" \/>\n<meta property=\"og:url\" content=\"https:\/\/globalmedsonlineinc.com\/se\/product\/research-chemicals\/mdma\/\" \/>\n<meta property=\"og:site_name\" content=\"Global Meds Inc\" \/>\n<meta property=\"article:modified_time\" content=\"2024-02-21T09:02:58+00:00\" \/>\n<meta property=\"og:image\" content=\"https:\/\/globalmedsonlineinc.com\/se\/content\/media\/uploads\/sites\/8\/2021\/07\/Buy-Mdma-pills.jpg\" \/>\n\t<meta property=\"og:image:width\" content=\"1200\" \/>\n\t<meta property=\"og:image:height\" content=\"1200\" \/>\n\t<meta property=\"og:image:type\" content=\"image\/jpeg\" \/>\n<meta name=\"twitter:card\" content=\"summary_large_image\" \/>\n<meta name=\"twitter:label1\" content=\"Ber\u00e4knad l\u00e4stid\" \/>\n\t<meta name=\"twitter:data1\" content=\"3 minuter\" \/>\n<script type=\"application\/ld+json\" class=\"yoast-schema-graph\">{\"@context\":\"https:\/\/schema.org\",\"@graph\":[{\"@type\":\"WebPage\",\"@id\":\"https:\/\/globalmedsonlineinc.com\/se\/product\/research-chemicals\/mdma\/\",\"url\":\"https:\/\/globalmedsonlineinc.com\/se\/product\/research-chemicals\/mdma\/\",\"name\":\"MDMA till salu p\u00e5 n\u00e4tet | Global Meds Inc.\",\"isPartOf\":{\"@id\":\"https:\/\/globalmedsonlineinc.com\/se\/#website\"},\"primaryImageOfPage\":{\"@id\":\"https:\/\/globalmedsonlineinc.com\/se\/product\/research-chemicals\/mdma\/#primaryimage\"},\"image\":{\"@id\":\"https:\/\/globalmedsonlineinc.com\/se\/product\/research-chemicals\/mdma\/#primaryimage\"},\"thumbnailUrl\":\"https:\/\/globalmedsonlineinc.com\/se\/content\/media\/uploads\/sites\/8\/2021\/07\/Buy-Mdma-pills.jpg\",\"datePublished\":\"2021-07-02T21:20:14+00:00\",\"dateModified\":\"2024-02-21T09:02:58+00:00\",\"description\":\"MDMA till salu p\u00e5 n\u00e4tet. Vi s\u00e4ljer MDMA av b\u00e4sta kvalitet. Kontakta oss g\u00e4rna f\u00f6r mer information och priser.\",\"breadcrumb\":{\"@id\":\"https:\/\/globalmedsonlineinc.com\/se\/product\/research-chemicals\/mdma\/#breadcrumb\"},\"inLanguage\":\"sv-SE\",\"potentialAction\":[{\"@type\":\"ReadAction\",\"target\":[\"https:\/\/globalmedsonlineinc.com\/se\/product\/research-chemicals\/mdma\/\"]}]},{\"@type\":\"ImageObject\",\"inLanguage\":\"sv-SE\",\"@id\":\"https:\/\/globalmedsonlineinc.com\/se\/product\/research-chemicals\/mdma\/#primaryimage\",\"url\":\"https:\/\/globalmedsonlineinc.com\/se\/content\/media\/uploads\/sites\/8\/2021\/07\/Buy-Mdma-pills.jpg\",\"contentUrl\":\"https:\/\/globalmedsonlineinc.com\/se\/content\/media\/uploads\/sites\/8\/2021\/07\/Buy-Mdma-pills.jpg\",\"width\":1200,\"height\":1200,\"caption\":\"MDMA for sale online\"},{\"@type\":\"BreadcrumbList\",\"@id\":\"https:\/\/globalmedsonlineinc.com\/se\/product\/research-chemicals\/mdma\/#breadcrumb\",\"itemListElement\":[{\"@type\":\"ListItem\",\"position\":1,\"name\":\"Home\",\"item\":\"https:\/\/globalmedsonlineinc.com\/se\/\"},{\"@type\":\"ListItem\",\"position\":2,\"name\":\"Produkter\",\"item\":\"https:\/\/globalmedsonlineinc.com\/se\/produkter\/\"},{\"@type\":\"ListItem\",\"position\":3,\"name\":\"K\u00f6p MDMA online\"}]},{\"@type\":\"WebSite\",\"@id\":\"https:\/\/globalmedsonlineinc.com\/se\/#website\",\"url\":\"https:\/\/globalmedsonlineinc.com\/se\/\",\"name\":\"Global Meds Inc\",\"description\":\"\",\"publisher\":{\"@id\":\"https:\/\/globalmedsonlineinc.com\/se\/#organization\"},\"potentialAction\":[{\"@type\":\"SearchAction\",\"target\":{\"@type\":\"EntryPoint\",\"urlTemplate\":\"https:\/\/globalmedsonlineinc.com\/se\/?s={search_term_string}\"},\"query-input\":{\"@type\":\"PropertyValueSpecification\",\"valueRequired\":true,\"valueName\":\"search_term_string\"}}],\"inLanguage\":\"sv-SE\"},{\"@type\":\"Organization\",\"@id\":\"https:\/\/globalmedsonlineinc.com\/se\/#organization\",\"name\":\"Global Meds Inc.\",\"url\":\"https:\/\/globalmedsonlineinc.com\/se\/\",\"logo\":{\"@type\":\"ImageObject\",\"inLanguage\":\"sv-SE\",\"@id\":\"https:\/\/globalmedsonlineinc.com\/se\/#\/schema\/logo\/image\/\",\"url\":\"https:\/\/globalmedsonlineinc.com\/se\/content\/media\/uploads\/sites\/8\/2021\/06\/globalmedsonlineincLogoShop20210630123730.00.png\",\"contentUrl\":\"https:\/\/globalmedsonlineinc.com\/se\/content\/media\/uploads\/sites\/8\/2021\/06\/globalmedsonlineincLogoShop20210630123730.00.png\",\"width\":450,\"height\":117,\"caption\":\"Global Meds Inc.\"},\"image\":{\"@id\":\"https:\/\/globalmedsonlineinc.com\/se\/#\/schema\/logo\/image\/\"}}]}<\/script>\n<!-- \/ Yoast SEO plugin. -->","yoast_head_json":{"title":"MDMA till salu p\u00e5 n\u00e4tet | Global Meds Inc.","description":"MDMA till salu p\u00e5 n\u00e4tet. Vi s\u00e4ljer MDMA av b\u00e4sta kvalitet. Kontakta oss g\u00e4rna f\u00f6r mer information och priser.","robots":{"index":"index","follow":"follow","max-snippet":"max-snippet:-1","max-image-preview":"max-image-preview:large","max-video-preview":"max-video-preview:-1"},"canonical":"https:\/\/globalmedsonlineinc.com\/se\/product\/research-chemicals\/mdma\/","og_locale":"sv_SE","og_type":"article","og_title":"MDMA till salu p\u00e5 n\u00e4tet | Global Meds Inc.","og_description":"MDMA till salu p\u00e5 n\u00e4tet. Vi s\u00e4ljer MDMA av b\u00e4sta kvalitet. Kontakta oss g\u00e4rna f\u00f6r mer information och priser.","og_url":"https:\/\/globalmedsonlineinc.com\/se\/product\/research-chemicals\/mdma\/","og_site_name":"Global Meds Inc","article_modified_time":"2024-02-21T09:02:58+00:00","og_image":[{"width":1200,"height":1200,"url":"https:\/\/globalmedsonlineinc.com\/se\/content\/media\/uploads\/sites\/8\/2021\/07\/Buy-Mdma-pills.jpg","type":"image\/jpeg"}],"twitter_card":"summary_large_image","twitter_misc":{"Ber\u00e4knad l\u00e4stid":"3 minuter"},"schema":{"@context":"https:\/\/schema.org","@graph":[{"@type":"WebPage","@id":"https:\/\/globalmedsonlineinc.com\/se\/product\/research-chemicals\/mdma\/","url":"https:\/\/globalmedsonlineinc.com\/se\/product\/research-chemicals\/mdma\/","name":"MDMA till salu p\u00e5 n\u00e4tet | Global Meds Inc.","isPartOf":{"@id":"https:\/\/globalmedsonlineinc.com\/se\/#website"},"primaryImageOfPage":{"@id":"https:\/\/globalmedsonlineinc.com\/se\/product\/research-chemicals\/mdma\/#primaryimage"},"image":{"@id":"https:\/\/globalmedsonlineinc.com\/se\/product\/research-chemicals\/mdma\/#primaryimage"},"thumbnailUrl":"https:\/\/globalmedsonlineinc.com\/se\/content\/media\/uploads\/sites\/8\/2021\/07\/Buy-Mdma-pills.jpg","datePublished":"2021-07-02T21:20:14+00:00","dateModified":"2024-02-21T09:02:58+00:00","description":"MDMA till salu p\u00e5 n\u00e4tet. Vi s\u00e4ljer MDMA av b\u00e4sta kvalitet. Kontakta oss g\u00e4rna f\u00f6r mer information och priser.","breadcrumb":{"@id":"https:\/\/globalmedsonlineinc.com\/se\/product\/research-chemicals\/mdma\/#breadcrumb"},"inLanguage":"sv-SE","potentialAction":[{"@type":"ReadAction","target":["https:\/\/globalmedsonlineinc.com\/se\/product\/research-chemicals\/mdma\/"]}]},{"@type":"ImageObject","inLanguage":"sv-SE","@id":"https:\/\/globalmedsonlineinc.com\/se\/product\/research-chemicals\/mdma\/#primaryimage","url":"https:\/\/globalmedsonlineinc.com\/se\/content\/media\/uploads\/sites\/8\/2021\/07\/Buy-Mdma-pills.jpg","contentUrl":"https:\/\/globalmedsonlineinc.com\/se\/content\/media\/uploads\/sites\/8\/2021\/07\/Buy-Mdma-pills.jpg","width":1200,"height":1200,"caption":"MDMA for sale online"},{"@type":"BreadcrumbList","@id":"https:\/\/globalmedsonlineinc.com\/se\/product\/research-chemicals\/mdma\/#breadcrumb","itemListElement":[{"@type":"ListItem","position":1,"name":"Home","item":"https:\/\/globalmedsonlineinc.com\/se\/"},{"@type":"ListItem","position":2,"name":"Produkter","item":"https:\/\/globalmedsonlineinc.com\/se\/produkter\/"},{"@type":"ListItem","position":3,"name":"K\u00f6p MDMA online"}]},{"@type":"WebSite","@id":"https:\/\/globalmedsonlineinc.com\/se\/#website","url":"https:\/\/globalmedsonlineinc.com\/se\/","name":"Global Meds Inc","description":"","publisher":{"@id":"https:\/\/globalmedsonlineinc.com\/se\/#organization"},"potentialAction":[{"@type":"SearchAction","target":{"@type":"EntryPoint","urlTemplate":"https:\/\/globalmedsonlineinc.com\/se\/?s={search_term_string}"},"query-input":{"@type":"PropertyValueSpecification","valueRequired":true,"valueName":"search_term_string"}}],"inLanguage":"sv-SE"},{"@type":"Organization","@id":"https:\/\/globalmedsonlineinc.com\/se\/#organization","name":"Global Meds Inc.","url":"https:\/\/globalmedsonlineinc.com\/se\/","logo":{"@type":"ImageObject","inLanguage":"sv-SE","@id":"https:\/\/globalmedsonlineinc.com\/se\/#\/schema\/logo\/image\/","url":"https:\/\/globalmedsonlineinc.com\/se\/content\/media\/uploads\/sites\/8\/2021\/06\/globalmedsonlineincLogoShop20210630123730.00.png","contentUrl":"https:\/\/globalmedsonlineinc.com\/se\/content\/media\/uploads\/sites\/8\/2021\/06\/globalmedsonlineincLogoShop20210630123730.00.png","width":450,"height":117,"caption":"Global Meds Inc."},"image":{"@id":"https:\/\/globalmedsonlineinc.com\/se\/#\/schema\/logo\/image\/"}}]}},"_links":{"self":[{"href":"https:\/\/globalmedsonlineinc.com\/se\/wp-json\/wp\/v2\/product\/9214","targetHints":{"allow":["GET"]}}],"collection":[{"href":"https:\/\/globalmedsonlineinc.com\/se\/wp-json\/wp\/v2\/product"}],"about":[{"href":"https:\/\/globalmedsonlineinc.com\/se\/wp-json\/wp\/v2\/types\/product"}],"replies":[{"embeddable":true,"href":"https:\/\/globalmedsonlineinc.com\/se\/wp-json\/wp\/v2\/comments?post=9214"}],"wp:featuredmedia":[{"embeddable":true,"href":"https:\/\/globalmedsonlineinc.com\/se\/wp-json\/wp\/v2\/media\/9220"}],"wp:attachment":[{"href":"https:\/\/globalmedsonlineinc.com\/se\/wp-json\/wp\/v2\/media?parent=9214"}],"wp:term":[{"taxonomy":"product_brand","embeddable":true,"href":"https:\/\/globalmedsonlineinc.com\/se\/wp-json\/wp\/v2\/product_brand?post=9214"},{"taxonomy":"product_cat","embeddable":true,"href":"https:\/\/globalmedsonlineinc.com\/se\/wp-json\/wp\/v2\/product_cat?post=9214"},{"taxonomy":"product_tag","embeddable":true,"href":"https:\/\/globalmedsonlineinc.com\/se\/wp-json\/wp\/v2\/product_tag?post=9214"}],"curies":[{"name":"wp","href":"https:\/\/api.w.org\/{rel}","templated":true}]}}