{"id":9208,"date":"2021-07-02T21:05:42","date_gmt":"2021-07-02T21:05:42","guid":{"rendered":"https:\/\/globalmedsonlineinc.com\/se\/?post_type=product&#038;p=9208"},"modified":"2024-02-21T09:04:47","modified_gmt":"2024-02-21T09:04:47","slug":"jwh-250","status":"publish","type":"product","link":"https:\/\/globalmedsonlineinc.com\/se\/product\/research-chemicals\/jwh-250\/","title":{"rendered":"K\u00f6p JWH-250 online"},"content":{"rendered":"<h1 class=\"lRu31\" dir=\"ltr\"><span class=\"HwtZe\" lang=\"sv\"><span class=\"jCAhz ChMk0b\"><span class=\"ryNqvb\">JWH-250 pulver till salu online<\/span><\/span><\/span><\/h1>\n<div class=\"lRu31\" dir=\"ltr\"><span class=\"HwtZe\" lang=\"sv\"><span class=\"jCAhz ChMk0b\"><span class=\"ryNqvb\">JWH-250 pulver till salu online<\/span><\/span><\/span><span style=\"font-size: 1rem\">. JWH-250 \u00e4r en tillverkad cannabinoidreceptoragonist som har identifierats i artiklar sedan sista delen av 2000-talet. Den skapades av Dr John W. Huffman och en rapport om den distribuerades 2005 av Huffman et al Purchase JWH-250 on the web.<\/span><\/div>\n<p>L\u00e4kemedlet \u00e4r en fenylacetylindol och det g\u00e5r om som en agonist vid CB1- och CB2-receptorer. Det har en partialitet p\u00e5 ~11 nM vid CB1 och ~33 nM vid CB2.<\/p>\n<p>Ett par \u00e5r efter det att den f\u00f6rst n\u00e4mndes i <a href=\"https:\/\/en.wikipedia.org\/wiki\/JWH-250\">skriften<\/a> kom JWH-250 ut p\u00e5 marknaden, och den f\u00f6rsta identifieringen kom fr\u00e5n den tyska polisen i maj 2009. De uppt\u00e4ckte medicinen i en naturlig blandning f\u00f6r r\u00f6kning. K\u00f6p JWH-250 p\u00e5 webben<\/p>\n<p>Det uppt\u00e4cktes likas\u00e5 i pulver och kombinationer som s\u00e5ldes \u00f6ver n\u00e4tet till analytiker i Japan. <a href=\"https:\/\/en.wikipedia.org\/wiki\/JWH-250\">Dessa<\/a> exempel inneh\u00f6ll 77-165 mg f\u00f6r varje objekt.<\/p>\n<p>P\u00e5 grund av det s\u00e4tt p\u00e5 vilket det s\u00e5ldes har n\u00e4stan s\u00e4kert individer kommit i kontakt med JWH-250 utan att k\u00e4nna till det.<\/p>\n<p>Molmassa: 335,439 g\/mol<\/p>\n<p>ChEMBL Id: 188031<\/p>\n<p>ChemSpider ID: 23256117<\/p>\n<p>PubChem CID: 44397540<\/p>\n<p>Recept: C22H25NO2<\/p>\n<p>God kvalitet JWH-250 online: Det \u00e4r helt f\u00f6rst\u00e5tt att m\u00e4nniskor inte snabbt litar p\u00e5 kvaliteten p\u00e5 JWH-250 online som s\u00e4ljs online eftersom de inte kan unders\u00f6ka den fysiskt. Men det \u00e4r inte samma sak med Online JWH-250 online leverant\u00f6rer. Produkterna h\u00e4r \u00e4r trogna sin beskrivning med h\u00f6gkvalitativt underh\u00e5ll som g\u00f6rs under experternas \u00f6verinseende.<\/p>\n<p>Snabb &amp;; Diskret leverans: Leveransen av JWH-250 online efter mottagandet av best\u00e4llningen sker inom den utlovade tidsramen. Fraktteamet l\u00e4gger all sin kraft p\u00e5 att g\u00f6ra frakt- och leveransf\u00f6rfarandet smidigt och snabbt. Du kan ocks\u00e5 f\u00f6rv\u00e4nta dig utm\u00e4rkta tj\u00e4nster n\u00e4r du k\u00f6per JWH-250 online fr\u00e5n proffsen p\u00e5 onlineplattformen.<\/p>\n","protected":false},"excerpt":{"rendered":"<p>K\u00f6p <a href=\"https:\/\/en.wikipedia.org\/wiki\/JWH-250\">JWH-250<\/a> p\u00e5 n\u00e4tet. JWH-250 \u00e4r en tillverkad cannabinoidreceptoragonist som har identifierats i artiklar sedan sista delen av 2000-talet. Den skapades av Dr John W. Huffman och en rapport om den distribuerades 2005 av Huffman et al Purchase JWH-250 on the web.<\/p>\n","protected":false},"featured_media":9213,"comment_status":"open","ping_status":"closed","template":"","meta":{"_acf_changed":false,"_monsterinsights_skip_tracking":false,"_monsterinsights_sitenote_active":false,"_monsterinsights_sitenote_note":"","_monsterinsights_sitenote_category":0},"product_brand":[],"product_cat":[53],"product_tag":[557,566,567,569,576,578,577,580,568,574,575,570,572,571,579,573,588,587,582,563,564,565,558,585,560,561,586,584,583,559,562,589,590,581,591,394,592,595,593,594,596],"class_list":{"0":"post-9208","1":"product","2":"type-product","3":"status-publish","4":"has-post-thumbnail","6":"product_cat-research-chemicals","7":"product_tag-basta-stallet-att-kopa-jwh-250","8":"product_tag-hur-man-koper-billig-jwh-250-varldsomfattande-frakt","9":"product_tag-hur-man-koper-blygsam-jwh-250-varldsomfattande-avsandning","10":"product_tag-jwh-250-affar","11":"product_tag-jwh-250-begaran","12":"product_tag-jwh-250-butik","13":"product_tag-jwh-250-duschsalter-som-kan-kopas","14":"product_tag-jwh-250-grossist","15":"product_tag-jwh-250-kan-kopas","16":"product_tag-jwh-250-kop","17":"product_tag-jwh-250-kopstallen","18":"product_tag-jwh-250-lakemedel-till-salu","19":"product_tag-jwh-250-medicinering-som-kan-kopas","20":"product_tag-jwh-250-till-salu","21":"product_tag-jwh-250-var-man-kan-kopa","22":"product_tag-jwh-250-vaxtnaring-till-salu","23":"product_tag-kop-blygsam-jwh-250","24":"product_tag-kop-mass-jwh-250","25":"product_tag-kopa-akta-jwh-250-som-kan-kopas-sida","26":"product_tag-kopa-blygsam-jwh-250-for-vaxt-anvandning","27":"product_tag-kopa-blygsam-jwh-250-pa-natet","28":"product_tag-kopa-blygsam-mefedron-pa-natet","29":"product_tag-kopa-jwh-250","30":"product_tag-kopa-jwh-250-for-enskilt-bruk","31":"product_tag-kopa-jwh-250-for-personligt-bruk","32":"product_tag-kopa-jwh-250-pa-natet","33":"product_tag-kopa-jwh-250-pa-webben","34":"product_tag-kopa-jwh-250-som-kan-kopas","35":"product_tag-kopa-jwh-250-till-blygsamt-varde","36":"product_tag-kopa-jwh-250-till-overkomliga-priser","37":"product_tag-kopa-legit-jwh-250-for-forsaljning-webbsida","38":"product_tag-kvalitet-jwh-250-som-kan-kopas","39":"product_tag-kvalitet-jwh-250-till-salu","40":"product_tag-mjwh-250-leverantorer","41":"product_tag-oforfalskad-jwh-250","42":"product_tag-shop-jwh-250","43":"product_tag-var-kan-man-fa-jwh-250-som-kan-kopas","44":"product_tag-var-kan-man-kopa-blygsam-jwh-250-shop","45":"product_tag-var-kan-man-kopa-jwh-250","46":"product_tag-var-kan-man-kopa-jwh-250-for-enskilt-bruk","47":"product_tag-var-skulle-jag-kunna-kopa-jwh-250","49":"first","50":"instock","51":"sale","52":"featured","53":"shipping-taxable","54":"purchasable","55":"product-type-variable","56":"has-default-attributes"},"acf":[],"yoast_head":"<!-- This site is optimized with the Yoast SEO plugin v27.2 - https:\/\/yoast.com\/product\/yoast-seo-wordpress\/ -->\n<title>JWH-250 pulver till salu online | Global Meds Inc.<\/title>\n<meta name=\"description\" content=\"JWH-250 pulver till salu online. Vi s\u00e4ljer JWH-250 pulver av b\u00e4sta kvalitet. Kontakta oss g\u00e4rna f\u00f6r mer information och priser.\" \/>\n<meta name=\"robots\" content=\"index, follow, max-snippet:-1, max-image-preview:large, max-video-preview:-1\" \/>\n<link rel=\"canonical\" href=\"https:\/\/globalmedsonlineinc.com\/se\/product\/research-chemicals\/jwh-250\/\" \/>\n<meta property=\"og:locale\" content=\"sv_SE\" \/>\n<meta property=\"og:type\" content=\"article\" \/>\n<meta property=\"og:title\" content=\"JWH-250 pulver till salu online | Global Meds Inc.\" \/>\n<meta property=\"og:description\" content=\"JWH-250 pulver till salu online. Vi s\u00e4ljer JWH-250 pulver av b\u00e4sta kvalitet. Kontakta oss g\u00e4rna f\u00f6r mer information och priser.\" \/>\n<meta property=\"og:url\" content=\"https:\/\/globalmedsonlineinc.com\/se\/product\/research-chemicals\/jwh-250\/\" \/>\n<meta property=\"og:site_name\" content=\"Global Meds Inc\" \/>\n<meta property=\"article:modified_time\" content=\"2024-02-21T09:04:47+00:00\" \/>\n<meta property=\"og:image\" content=\"https:\/\/globalmedsonlineinc.com\/se\/content\/media\/uploads\/sites\/8\/2021\/07\/jwh-250.jpg\" \/>\n\t<meta property=\"og:image:width\" content=\"1200\" \/>\n\t<meta property=\"og:image:height\" content=\"1200\" \/>\n\t<meta property=\"og:image:type\" content=\"image\/jpeg\" \/>\n<meta name=\"twitter:card\" content=\"summary_large_image\" \/>\n<meta name=\"twitter:label1\" content=\"Ber\u00e4knad l\u00e4stid\" \/>\n\t<meta name=\"twitter:data1\" content=\"2 minuter\" \/>\n<script type=\"application\/ld+json\" class=\"yoast-schema-graph\">{\"@context\":\"https:\/\/schema.org\",\"@graph\":[{\"@type\":\"WebPage\",\"@id\":\"https:\/\/globalmedsonlineinc.com\/se\/product\/research-chemicals\/jwh-250\/\",\"url\":\"https:\/\/globalmedsonlineinc.com\/se\/product\/research-chemicals\/jwh-250\/\",\"name\":\"JWH-250 pulver till salu online | Global Meds Inc.\",\"isPartOf\":{\"@id\":\"https:\/\/globalmedsonlineinc.com\/se\/#website\"},\"primaryImageOfPage\":{\"@id\":\"https:\/\/globalmedsonlineinc.com\/se\/product\/research-chemicals\/jwh-250\/#primaryimage\"},\"image\":{\"@id\":\"https:\/\/globalmedsonlineinc.com\/se\/product\/research-chemicals\/jwh-250\/#primaryimage\"},\"thumbnailUrl\":\"https:\/\/globalmedsonlineinc.com\/se\/content\/media\/uploads\/sites\/8\/2021\/07\/jwh-250.jpg\",\"datePublished\":\"2021-07-02T21:05:42+00:00\",\"dateModified\":\"2024-02-21T09:04:47+00:00\",\"description\":\"JWH-250 pulver till salu online. Vi s\u00e4ljer JWH-250 pulver av b\u00e4sta kvalitet. Kontakta oss g\u00e4rna f\u00f6r mer information och priser.\",\"breadcrumb\":{\"@id\":\"https:\/\/globalmedsonlineinc.com\/se\/product\/research-chemicals\/jwh-250\/#breadcrumb\"},\"inLanguage\":\"sv-SE\",\"potentialAction\":[{\"@type\":\"ReadAction\",\"target\":[\"https:\/\/globalmedsonlineinc.com\/se\/product\/research-chemicals\/jwh-250\/\"]}]},{\"@type\":\"ImageObject\",\"inLanguage\":\"sv-SE\",\"@id\":\"https:\/\/globalmedsonlineinc.com\/se\/product\/research-chemicals\/jwh-250\/#primaryimage\",\"url\":\"https:\/\/globalmedsonlineinc.com\/se\/content\/media\/uploads\/sites\/8\/2021\/07\/jwh-250.jpg\",\"contentUrl\":\"https:\/\/globalmedsonlineinc.com\/se\/content\/media\/uploads\/sites\/8\/2021\/07\/jwh-250.jpg\",\"width\":1200,\"height\":1200,\"caption\":\"JWH-250 pulver till salu online\"},{\"@type\":\"BreadcrumbList\",\"@id\":\"https:\/\/globalmedsonlineinc.com\/se\/product\/research-chemicals\/jwh-250\/#breadcrumb\",\"itemListElement\":[{\"@type\":\"ListItem\",\"position\":1,\"name\":\"Home\",\"item\":\"https:\/\/globalmedsonlineinc.com\/se\/\"},{\"@type\":\"ListItem\",\"position\":2,\"name\":\"Produkter\",\"item\":\"https:\/\/globalmedsonlineinc.com\/se\/produkter\/\"},{\"@type\":\"ListItem\",\"position\":3,\"name\":\"K\u00f6p JWH-250 online\"}]},{\"@type\":\"WebSite\",\"@id\":\"https:\/\/globalmedsonlineinc.com\/se\/#website\",\"url\":\"https:\/\/globalmedsonlineinc.com\/se\/\",\"name\":\"Global Meds Inc\",\"description\":\"\",\"publisher\":{\"@id\":\"https:\/\/globalmedsonlineinc.com\/se\/#organization\"},\"potentialAction\":[{\"@type\":\"SearchAction\",\"target\":{\"@type\":\"EntryPoint\",\"urlTemplate\":\"https:\/\/globalmedsonlineinc.com\/se\/?s={search_term_string}\"},\"query-input\":{\"@type\":\"PropertyValueSpecification\",\"valueRequired\":true,\"valueName\":\"search_term_string\"}}],\"inLanguage\":\"sv-SE\"},{\"@type\":\"Organization\",\"@id\":\"https:\/\/globalmedsonlineinc.com\/se\/#organization\",\"name\":\"Global Meds Inc.\",\"url\":\"https:\/\/globalmedsonlineinc.com\/se\/\",\"logo\":{\"@type\":\"ImageObject\",\"inLanguage\":\"sv-SE\",\"@id\":\"https:\/\/globalmedsonlineinc.com\/se\/#\/schema\/logo\/image\/\",\"url\":\"https:\/\/globalmedsonlineinc.com\/se\/content\/media\/uploads\/sites\/8\/2021\/06\/globalmedsonlineincLogoShop20210630123730.00.png\",\"contentUrl\":\"https:\/\/globalmedsonlineinc.com\/se\/content\/media\/uploads\/sites\/8\/2021\/06\/globalmedsonlineincLogoShop20210630123730.00.png\",\"width\":450,\"height\":117,\"caption\":\"Global Meds Inc.\"},\"image\":{\"@id\":\"https:\/\/globalmedsonlineinc.com\/se\/#\/schema\/logo\/image\/\"}}]}<\/script>\n<!-- \/ Yoast SEO plugin. -->","yoast_head_json":{"title":"JWH-250 pulver till salu online | Global Meds Inc.","description":"JWH-250 pulver till salu online. Vi s\u00e4ljer JWH-250 pulver av b\u00e4sta kvalitet. Kontakta oss g\u00e4rna f\u00f6r mer information och priser.","robots":{"index":"index","follow":"follow","max-snippet":"max-snippet:-1","max-image-preview":"max-image-preview:large","max-video-preview":"max-video-preview:-1"},"canonical":"https:\/\/globalmedsonlineinc.com\/se\/product\/research-chemicals\/jwh-250\/","og_locale":"sv_SE","og_type":"article","og_title":"JWH-250 pulver till salu online | Global Meds Inc.","og_description":"JWH-250 pulver till salu online. Vi s\u00e4ljer JWH-250 pulver av b\u00e4sta kvalitet. Kontakta oss g\u00e4rna f\u00f6r mer information och priser.","og_url":"https:\/\/globalmedsonlineinc.com\/se\/product\/research-chemicals\/jwh-250\/","og_site_name":"Global Meds Inc","article_modified_time":"2024-02-21T09:04:47+00:00","og_image":[{"width":1200,"height":1200,"url":"https:\/\/globalmedsonlineinc.com\/se\/content\/media\/uploads\/sites\/8\/2021\/07\/jwh-250.jpg","type":"image\/jpeg"}],"twitter_card":"summary_large_image","twitter_misc":{"Ber\u00e4knad l\u00e4stid":"2 minuter"},"schema":{"@context":"https:\/\/schema.org","@graph":[{"@type":"WebPage","@id":"https:\/\/globalmedsonlineinc.com\/se\/product\/research-chemicals\/jwh-250\/","url":"https:\/\/globalmedsonlineinc.com\/se\/product\/research-chemicals\/jwh-250\/","name":"JWH-250 pulver till salu online | Global Meds Inc.","isPartOf":{"@id":"https:\/\/globalmedsonlineinc.com\/se\/#website"},"primaryImageOfPage":{"@id":"https:\/\/globalmedsonlineinc.com\/se\/product\/research-chemicals\/jwh-250\/#primaryimage"},"image":{"@id":"https:\/\/globalmedsonlineinc.com\/se\/product\/research-chemicals\/jwh-250\/#primaryimage"},"thumbnailUrl":"https:\/\/globalmedsonlineinc.com\/se\/content\/media\/uploads\/sites\/8\/2021\/07\/jwh-250.jpg","datePublished":"2021-07-02T21:05:42+00:00","dateModified":"2024-02-21T09:04:47+00:00","description":"JWH-250 pulver till salu online. Vi s\u00e4ljer JWH-250 pulver av b\u00e4sta kvalitet. Kontakta oss g\u00e4rna f\u00f6r mer information och priser.","breadcrumb":{"@id":"https:\/\/globalmedsonlineinc.com\/se\/product\/research-chemicals\/jwh-250\/#breadcrumb"},"inLanguage":"sv-SE","potentialAction":[{"@type":"ReadAction","target":["https:\/\/globalmedsonlineinc.com\/se\/product\/research-chemicals\/jwh-250\/"]}]},{"@type":"ImageObject","inLanguage":"sv-SE","@id":"https:\/\/globalmedsonlineinc.com\/se\/product\/research-chemicals\/jwh-250\/#primaryimage","url":"https:\/\/globalmedsonlineinc.com\/se\/content\/media\/uploads\/sites\/8\/2021\/07\/jwh-250.jpg","contentUrl":"https:\/\/globalmedsonlineinc.com\/se\/content\/media\/uploads\/sites\/8\/2021\/07\/jwh-250.jpg","width":1200,"height":1200,"caption":"JWH-250 pulver till salu online"},{"@type":"BreadcrumbList","@id":"https:\/\/globalmedsonlineinc.com\/se\/product\/research-chemicals\/jwh-250\/#breadcrumb","itemListElement":[{"@type":"ListItem","position":1,"name":"Home","item":"https:\/\/globalmedsonlineinc.com\/se\/"},{"@type":"ListItem","position":2,"name":"Produkter","item":"https:\/\/globalmedsonlineinc.com\/se\/produkter\/"},{"@type":"ListItem","position":3,"name":"K\u00f6p JWH-250 online"}]},{"@type":"WebSite","@id":"https:\/\/globalmedsonlineinc.com\/se\/#website","url":"https:\/\/globalmedsonlineinc.com\/se\/","name":"Global Meds Inc","description":"","publisher":{"@id":"https:\/\/globalmedsonlineinc.com\/se\/#organization"},"potentialAction":[{"@type":"SearchAction","target":{"@type":"EntryPoint","urlTemplate":"https:\/\/globalmedsonlineinc.com\/se\/?s={search_term_string}"},"query-input":{"@type":"PropertyValueSpecification","valueRequired":true,"valueName":"search_term_string"}}],"inLanguage":"sv-SE"},{"@type":"Organization","@id":"https:\/\/globalmedsonlineinc.com\/se\/#organization","name":"Global Meds Inc.","url":"https:\/\/globalmedsonlineinc.com\/se\/","logo":{"@type":"ImageObject","inLanguage":"sv-SE","@id":"https:\/\/globalmedsonlineinc.com\/se\/#\/schema\/logo\/image\/","url":"https:\/\/globalmedsonlineinc.com\/se\/content\/media\/uploads\/sites\/8\/2021\/06\/globalmedsonlineincLogoShop20210630123730.00.png","contentUrl":"https:\/\/globalmedsonlineinc.com\/se\/content\/media\/uploads\/sites\/8\/2021\/06\/globalmedsonlineincLogoShop20210630123730.00.png","width":450,"height":117,"caption":"Global Meds Inc."},"image":{"@id":"https:\/\/globalmedsonlineinc.com\/se\/#\/schema\/logo\/image\/"}}]}},"_links":{"self":[{"href":"https:\/\/globalmedsonlineinc.com\/se\/wp-json\/wp\/v2\/product\/9208","targetHints":{"allow":["GET"]}}],"collection":[{"href":"https:\/\/globalmedsonlineinc.com\/se\/wp-json\/wp\/v2\/product"}],"about":[{"href":"https:\/\/globalmedsonlineinc.com\/se\/wp-json\/wp\/v2\/types\/product"}],"replies":[{"embeddable":true,"href":"https:\/\/globalmedsonlineinc.com\/se\/wp-json\/wp\/v2\/comments?post=9208"}],"wp:featuredmedia":[{"embeddable":true,"href":"https:\/\/globalmedsonlineinc.com\/se\/wp-json\/wp\/v2\/media\/9213"}],"wp:attachment":[{"href":"https:\/\/globalmedsonlineinc.com\/se\/wp-json\/wp\/v2\/media?parent=9208"}],"wp:term":[{"taxonomy":"product_brand","embeddable":true,"href":"https:\/\/globalmedsonlineinc.com\/se\/wp-json\/wp\/v2\/product_brand?post=9208"},{"taxonomy":"product_cat","embeddable":true,"href":"https:\/\/globalmedsonlineinc.com\/se\/wp-json\/wp\/v2\/product_cat?post=9208"},{"taxonomy":"product_tag","embeddable":true,"href":"https:\/\/globalmedsonlineinc.com\/se\/wp-json\/wp\/v2\/product_tag?post=9208"}],"curies":[{"name":"wp","href":"https:\/\/api.w.org\/{rel}","templated":true}]}}