{"id":9202,"date":"2021-07-02T20:53:43","date_gmt":"2021-07-02T20:53:43","guid":{"rendered":"https:\/\/globalmedsonlineinc.com\/se\/?post_type=product&#038;p=9202"},"modified":"2024-02-21T09:06:49","modified_gmt":"2024-02-21T09:06:49","slug":"jwh-018","status":"publish","type":"product","link":"https:\/\/globalmedsonlineinc.com\/se\/product\/research-chemicals\/jwh-018\/","title":{"rendered":"K\u00f6p JWH-018 online"},"content":{"rendered":"<h1 class=\"lRu31\" dir=\"ltr\"><span class=\"HwtZe\" lang=\"sv\"><span class=\"jCAhz ChMk0b\"><span class=\"ryNqvb\">JWH-018 pulver till salu online<\/span><\/span><\/span><\/h1>\n<div class=\"lRu31\" dir=\"ltr\"><span class=\"HwtZe\" lang=\"sv\"><span class=\"jCAhz ChMk0b\"><span class=\"ryNqvb\"><a href=\"https:\/\/globalmedsonlineinc.com\/se\/product\/research-chemicals\/jwh-018\/\">JWH-018 pulver till salu online<\/a>. <\/span><\/span><\/span><span style=\"font-size: 1rem\">JWH-018 \u00e4r en tillverkad cannabinoid som finns i olika former av den hemodlade mixen &#8220;Zest&#8221;. Det olagliga utnyttjandet av denna Spice-cannabinoid \u00e4r centrerat kring dess psykoaktiva effekter, som efterliknar dem av \u03949-THC i cannabis. Trots att JWH-018 \u00e4r v\u00e4sentligt kraftfullare \u00e4n praktiskt taget identiska m\u00e5tt av cannabis, utg\u00f6r den dessutom ett enormt test f\u00f6r erk\u00e4nnande av vanliga \u03949-THC-tester.<\/span><\/div>\n<p>I juli 2009 lade den amerikanska narkotikapolisen (DEA) till JWH-018 till sin lista \u00f6ver l\u00e4kemedel och syntetiska \u00e4mnen som inger oro. Trots att Spice har uppt\u00e4ckts i Ohio och Florida har n\u00e5gra stater inf\u00f6rt myndighets\u00e5tg\u00e4rder som begr\u00e4nsar handeln med eller \u00e4gandet av JWH-018, d\u00e4ribland Alabama, Arkansas, Georgia, Kansas, Kentucky, North Dakota och Tennessee.<\/p>\n<p>I alla fall ett fall av JWH-018-anv\u00e4ndning har redovisats av media. Klienten br\u00e4nde JWH-018 dag f\u00f6r dag under en mycket l\u00e5ng tid. Abstinensbiverkningar var allvarligare \u00e4n de som \u00e5stadkommits p\u00e5 grund av cannabisberoende. JWH-018 f\u00f6r f\u00f6rs\u00e4ljning online har visat sig orsaka betydande f\u00f6r\u00e4ndringar i CB1-receptorns tjocklek efter organisering, vilket g\u00f6r desensibilisering dess tillh\u00f6righeter snabbare \u00e4n relaterade cannabinoider.<\/p>\n<p>Den 15 oktober 2011 krediterade Anderson County coroner Greg Shore d\u00f6dsfallet av en skolbollspelare i South Carolina till &#8220;drogf\u00f6rgiftning och organbesvikelse&#8221; som orsakats av JWH-018. Ett e-postmeddelande daterat den 4 november 2011 om fallet l\u00e4mnades slutligen ut av staden Anderson S.C. den 16 december 2011 enligt Freedom of Information Act efter att olika krav fr\u00e5n media p\u00e5 att f\u00e5 se uppgifterna hade nekats.<\/p>\n<p>I motsats till THC, som \u00e4r en ofullst\u00e4ndig <a href=\"https:\/\/en.wikipedia.org\/wiki\/JWH-018\">agonist<\/a> vid CB1-receptorer, av k\u00f6p av JWH-018 online, och m\u00e5nga konstruerade cannabinoider, \u00e4r fullst\u00e4ndiga agonister. THC har visat sig hindra GABA-receptorns neurotransmission i cerebrum genom n\u00e5gra v\u00e4gar. JWH-018 kan orsaka extrem obehag, fomentation och har i s\u00e4llsynta fall (f\u00f6r det mesta hos icke-standardiserade JWH-klienter) f\u00f6rv\u00e4ntats ha varit orsaken till kramper och spasmer genom att h\u00e5lla tillbaka GABA-neurotransmission mer adekvat \u00e4n THC. Cannabinoidreceptorernas full agonister kan medf\u00f6ra verkliga faror f\u00f6r klienten n\u00e4r de anv\u00e4nds extravagant.<\/p>\n<p>Olika fysiska och psykiska ogynnsamma effekter har redovisats fr\u00e5n anv\u00e4ndning av JWH-018 k\u00f6pt online. En unders\u00f6kning beskrev vansinniga bakslag och obehagliga biverkningar hos runtom behandlade patienter med psykisk sjukdom efter inhalation av JWH-018. 21 P\u00e5 grund av oro f\u00f6r JWH-018:s och andra tillverkade cannabinoiders f\u00f6rm\u00e5ga att orsaka psykos hos svaga personer har det f\u00f6reslagits att personer med riskfaktorer f\u00f6r galenskaper (som ett f\u00f6rflutet eller en familjebakgrund av psykos) inte ska anv\u00e4nda dessa substanser.<\/p>\n<p>F\u00f6r n\u00e4rvarande har det gjorts enkelt att k\u00f6pa JWH-018 online p\u00e5 flera webbplatser som tillhandah\u00e5ller tj\u00e4nsterna och du kan best\u00e4lla JWH-018 online utan att sl\u00f6sa s\u00e5 mycket tid. Rolland Meds ger dig de b\u00e4sta tj\u00e4nsterna och du kan best\u00e4lla JWH-018 online hos dem och f\u00e5 din leverans i tid b\u00e5de tryggt och s\u00e4kert.<\/p>\n<p>God kvalitet JWH-018 online: Det \u00e4r helt f\u00f6rst\u00e5tt att m\u00e4nniskor inte snabbt litar p\u00e5 kvaliteten p\u00e5 JWH-018 online som s\u00e4ljs p\u00e5 n\u00e4tet eftersom de inte kan unders\u00f6ka den fysiskt. Men det \u00e4r inte samma sak med Online JWH-018 online leverant\u00f6rer. Produkterna h\u00e4r \u00e4r trogna sin beskrivning med h\u00f6gkvalitativt underh\u00e5ll som g\u00f6rs under experternas \u00f6verinseende.<\/p>\n<p>Snabb &amp;; Diskret leverans: Leveransen av JWH-018 online efter mottagandet av best\u00e4llningen sker inom den utlovade tidsramen. Fraktteamet l\u00e4gger all sin kraft p\u00e5 att g\u00f6ra frakt- och leveransf\u00f6rfarandet smidigt och snabbt. Du kan ocks\u00e5 f\u00f6rv\u00e4nta dig utm\u00e4rkta tj\u00e4nster n\u00e4r du k\u00f6per JWH-018 online fr\u00e5n proffsen p\u00e5 onlineplattformen.<\/p>\n","protected":false},"excerpt":{"rendered":"<p>K\u00f6p <a href=\"https:\/\/en.wikipedia.org\/wiki\/JWH-018\">JWH-018 <\/a>p\u00e5 n\u00e4tet. JWH-018 \u00e4r en tillverkad cannabinoid som finns i olika former av den hemodlade mixen &#8220;Zest&#8221;. Det olagliga utnyttjandet av denna Spice-cannabinoid \u00e4r centrerat kring dess psykoaktiva effekter, som efterliknar dem av \u03949-THC i cannabis.<\/p>\n","protected":false},"featured_media":9207,"comment_status":"open","ping_status":"closed","template":"","meta":{"_acf_changed":false,"_monsterinsights_skip_tracking":false,"_monsterinsights_sitenote_active":false,"_monsterinsights_sitenote_note":"","_monsterinsights_sitenote_category":0},"product_brand":[],"product_cat":[53],"product_tag":[597,602,603,599,364,601,600,598],"class_list":{"0":"post-9202","1":"product","2":"type-product","3":"status-publish","4":"has-post-thumbnail","6":"product_cat-research-chemicals","7":"product_tag-99-renhet-jwh-018-online","8":"product_tag-bestall-jwh-018","9":"product_tag-bestall-jwh-018-online","10":"product_tag-hur-man-far-jwh-018","11":"product_tag-jwh-018","12":"product_tag-jwh-018-gatuvarde","13":"product_tag-jwh-018-till-salu","14":"product_tag-kop-jwh-018-online","16":"first","17":"instock","18":"shipping-taxable","19":"purchasable","20":"product-type-variable","21":"has-default-attributes"},"acf":[],"yoast_head":"<!-- This site is optimized with the Yoast SEO plugin v27.2 - https:\/\/yoast.com\/product\/yoast-seo-wordpress\/ -->\n<title>JWH-018 pulver till salu online | Global Meds Inc.<\/title>\n<meta name=\"description\" content=\"JWH-018 pulver till salu online. Vi s\u00e4ljer JWH-018 pulver av b\u00e4sta kvalitet. Kontakta oss g\u00e4rna f\u00f6r mer information och priser.\" \/>\n<meta name=\"robots\" content=\"index, follow, max-snippet:-1, max-image-preview:large, max-video-preview:-1\" \/>\n<link rel=\"canonical\" href=\"https:\/\/globalmedsonlineinc.com\/se\/product\/research-chemicals\/jwh-018\/\" \/>\n<meta property=\"og:locale\" content=\"sv_SE\" \/>\n<meta property=\"og:type\" content=\"article\" \/>\n<meta property=\"og:title\" content=\"JWH-018 pulver till salu online | Global Meds Inc.\" \/>\n<meta property=\"og:description\" content=\"JWH-018 pulver till salu online. Vi s\u00e4ljer JWH-018 pulver av b\u00e4sta kvalitet. Kontakta oss g\u00e4rna f\u00f6r mer information och priser.\" \/>\n<meta property=\"og:url\" content=\"https:\/\/globalmedsonlineinc.com\/se\/product\/research-chemicals\/jwh-018\/\" \/>\n<meta property=\"og:site_name\" content=\"Global Meds Inc\" \/>\n<meta property=\"article:modified_time\" content=\"2024-02-21T09:06:49+00:00\" \/>\n<meta property=\"og:image\" content=\"https:\/\/globalmedsonlineinc.com\/se\/content\/media\/uploads\/sites\/8\/2021\/07\/Jwh018.jpg\" \/>\n\t<meta property=\"og:image:width\" content=\"1200\" \/>\n\t<meta property=\"og:image:height\" content=\"1200\" \/>\n\t<meta property=\"og:image:type\" content=\"image\/jpeg\" \/>\n<meta name=\"twitter:card\" content=\"summary_large_image\" \/>\n<meta name=\"twitter:label1\" content=\"Ber\u00e4knad l\u00e4stid\" \/>\n\t<meta name=\"twitter:data1\" content=\"4 minuter\" \/>\n<script type=\"application\/ld+json\" class=\"yoast-schema-graph\">{\"@context\":\"https:\/\/schema.org\",\"@graph\":[{\"@type\":\"WebPage\",\"@id\":\"https:\/\/globalmedsonlineinc.com\/se\/product\/research-chemicals\/jwh-018\/\",\"url\":\"https:\/\/globalmedsonlineinc.com\/se\/product\/research-chemicals\/jwh-018\/\",\"name\":\"JWH-018 pulver till salu online | Global Meds Inc.\",\"isPartOf\":{\"@id\":\"https:\/\/globalmedsonlineinc.com\/se\/#website\"},\"primaryImageOfPage\":{\"@id\":\"https:\/\/globalmedsonlineinc.com\/se\/product\/research-chemicals\/jwh-018\/#primaryimage\"},\"image\":{\"@id\":\"https:\/\/globalmedsonlineinc.com\/se\/product\/research-chemicals\/jwh-018\/#primaryimage\"},\"thumbnailUrl\":\"https:\/\/globalmedsonlineinc.com\/se\/content\/media\/uploads\/sites\/8\/2021\/07\/Jwh018.jpg\",\"datePublished\":\"2021-07-02T20:53:43+00:00\",\"dateModified\":\"2024-02-21T09:06:49+00:00\",\"description\":\"JWH-018 pulver till salu online. Vi s\u00e4ljer JWH-018 pulver av b\u00e4sta kvalitet. Kontakta oss g\u00e4rna f\u00f6r mer information och priser.\",\"breadcrumb\":{\"@id\":\"https:\/\/globalmedsonlineinc.com\/se\/product\/research-chemicals\/jwh-018\/#breadcrumb\"},\"inLanguage\":\"sv-SE\",\"potentialAction\":[{\"@type\":\"ReadAction\",\"target\":[\"https:\/\/globalmedsonlineinc.com\/se\/product\/research-chemicals\/jwh-018\/\"]}]},{\"@type\":\"ImageObject\",\"inLanguage\":\"sv-SE\",\"@id\":\"https:\/\/globalmedsonlineinc.com\/se\/product\/research-chemicals\/jwh-018\/#primaryimage\",\"url\":\"https:\/\/globalmedsonlineinc.com\/se\/content\/media\/uploads\/sites\/8\/2021\/07\/Jwh018.jpg\",\"contentUrl\":\"https:\/\/globalmedsonlineinc.com\/se\/content\/media\/uploads\/sites\/8\/2021\/07\/Jwh018.jpg\",\"width\":1200,\"height\":1200,\"caption\":\"JWH-018 pulver till salu online\"},{\"@type\":\"BreadcrumbList\",\"@id\":\"https:\/\/globalmedsonlineinc.com\/se\/product\/research-chemicals\/jwh-018\/#breadcrumb\",\"itemListElement\":[{\"@type\":\"ListItem\",\"position\":1,\"name\":\"Home\",\"item\":\"https:\/\/globalmedsonlineinc.com\/se\/\"},{\"@type\":\"ListItem\",\"position\":2,\"name\":\"Produkter\",\"item\":\"https:\/\/globalmedsonlineinc.com\/se\/produkter\/\"},{\"@type\":\"ListItem\",\"position\":3,\"name\":\"K\u00f6p JWH-018 online\"}]},{\"@type\":\"WebSite\",\"@id\":\"https:\/\/globalmedsonlineinc.com\/se\/#website\",\"url\":\"https:\/\/globalmedsonlineinc.com\/se\/\",\"name\":\"Global Meds Inc\",\"description\":\"\",\"publisher\":{\"@id\":\"https:\/\/globalmedsonlineinc.com\/se\/#organization\"},\"potentialAction\":[{\"@type\":\"SearchAction\",\"target\":{\"@type\":\"EntryPoint\",\"urlTemplate\":\"https:\/\/globalmedsonlineinc.com\/se\/?s={search_term_string}\"},\"query-input\":{\"@type\":\"PropertyValueSpecification\",\"valueRequired\":true,\"valueName\":\"search_term_string\"}}],\"inLanguage\":\"sv-SE\"},{\"@type\":\"Organization\",\"@id\":\"https:\/\/globalmedsonlineinc.com\/se\/#organization\",\"name\":\"Global Meds Inc.\",\"url\":\"https:\/\/globalmedsonlineinc.com\/se\/\",\"logo\":{\"@type\":\"ImageObject\",\"inLanguage\":\"sv-SE\",\"@id\":\"https:\/\/globalmedsonlineinc.com\/se\/#\/schema\/logo\/image\/\",\"url\":\"https:\/\/globalmedsonlineinc.com\/se\/content\/media\/uploads\/sites\/8\/2021\/06\/globalmedsonlineincLogoShop20210630123730.00.png\",\"contentUrl\":\"https:\/\/globalmedsonlineinc.com\/se\/content\/media\/uploads\/sites\/8\/2021\/06\/globalmedsonlineincLogoShop20210630123730.00.png\",\"width\":450,\"height\":117,\"caption\":\"Global Meds Inc.\"},\"image\":{\"@id\":\"https:\/\/globalmedsonlineinc.com\/se\/#\/schema\/logo\/image\/\"}}]}<\/script>\n<!-- \/ Yoast SEO plugin. -->","yoast_head_json":{"title":"JWH-018 pulver till salu online | Global Meds Inc.","description":"JWH-018 pulver till salu online. Vi s\u00e4ljer JWH-018 pulver av b\u00e4sta kvalitet. Kontakta oss g\u00e4rna f\u00f6r mer information och priser.","robots":{"index":"index","follow":"follow","max-snippet":"max-snippet:-1","max-image-preview":"max-image-preview:large","max-video-preview":"max-video-preview:-1"},"canonical":"https:\/\/globalmedsonlineinc.com\/se\/product\/research-chemicals\/jwh-018\/","og_locale":"sv_SE","og_type":"article","og_title":"JWH-018 pulver till salu online | Global Meds Inc.","og_description":"JWH-018 pulver till salu online. Vi s\u00e4ljer JWH-018 pulver av b\u00e4sta kvalitet. Kontakta oss g\u00e4rna f\u00f6r mer information och priser.","og_url":"https:\/\/globalmedsonlineinc.com\/se\/product\/research-chemicals\/jwh-018\/","og_site_name":"Global Meds Inc","article_modified_time":"2024-02-21T09:06:49+00:00","og_image":[{"width":1200,"height":1200,"url":"https:\/\/globalmedsonlineinc.com\/se\/content\/media\/uploads\/sites\/8\/2021\/07\/Jwh018.jpg","type":"image\/jpeg"}],"twitter_card":"summary_large_image","twitter_misc":{"Ber\u00e4knad l\u00e4stid":"4 minuter"},"schema":{"@context":"https:\/\/schema.org","@graph":[{"@type":"WebPage","@id":"https:\/\/globalmedsonlineinc.com\/se\/product\/research-chemicals\/jwh-018\/","url":"https:\/\/globalmedsonlineinc.com\/se\/product\/research-chemicals\/jwh-018\/","name":"JWH-018 pulver till salu online | Global Meds Inc.","isPartOf":{"@id":"https:\/\/globalmedsonlineinc.com\/se\/#website"},"primaryImageOfPage":{"@id":"https:\/\/globalmedsonlineinc.com\/se\/product\/research-chemicals\/jwh-018\/#primaryimage"},"image":{"@id":"https:\/\/globalmedsonlineinc.com\/se\/product\/research-chemicals\/jwh-018\/#primaryimage"},"thumbnailUrl":"https:\/\/globalmedsonlineinc.com\/se\/content\/media\/uploads\/sites\/8\/2021\/07\/Jwh018.jpg","datePublished":"2021-07-02T20:53:43+00:00","dateModified":"2024-02-21T09:06:49+00:00","description":"JWH-018 pulver till salu online. Vi s\u00e4ljer JWH-018 pulver av b\u00e4sta kvalitet. Kontakta oss g\u00e4rna f\u00f6r mer information och priser.","breadcrumb":{"@id":"https:\/\/globalmedsonlineinc.com\/se\/product\/research-chemicals\/jwh-018\/#breadcrumb"},"inLanguage":"sv-SE","potentialAction":[{"@type":"ReadAction","target":["https:\/\/globalmedsonlineinc.com\/se\/product\/research-chemicals\/jwh-018\/"]}]},{"@type":"ImageObject","inLanguage":"sv-SE","@id":"https:\/\/globalmedsonlineinc.com\/se\/product\/research-chemicals\/jwh-018\/#primaryimage","url":"https:\/\/globalmedsonlineinc.com\/se\/content\/media\/uploads\/sites\/8\/2021\/07\/Jwh018.jpg","contentUrl":"https:\/\/globalmedsonlineinc.com\/se\/content\/media\/uploads\/sites\/8\/2021\/07\/Jwh018.jpg","width":1200,"height":1200,"caption":"JWH-018 pulver till salu online"},{"@type":"BreadcrumbList","@id":"https:\/\/globalmedsonlineinc.com\/se\/product\/research-chemicals\/jwh-018\/#breadcrumb","itemListElement":[{"@type":"ListItem","position":1,"name":"Home","item":"https:\/\/globalmedsonlineinc.com\/se\/"},{"@type":"ListItem","position":2,"name":"Produkter","item":"https:\/\/globalmedsonlineinc.com\/se\/produkter\/"},{"@type":"ListItem","position":3,"name":"K\u00f6p JWH-018 online"}]},{"@type":"WebSite","@id":"https:\/\/globalmedsonlineinc.com\/se\/#website","url":"https:\/\/globalmedsonlineinc.com\/se\/","name":"Global Meds Inc","description":"","publisher":{"@id":"https:\/\/globalmedsonlineinc.com\/se\/#organization"},"potentialAction":[{"@type":"SearchAction","target":{"@type":"EntryPoint","urlTemplate":"https:\/\/globalmedsonlineinc.com\/se\/?s={search_term_string}"},"query-input":{"@type":"PropertyValueSpecification","valueRequired":true,"valueName":"search_term_string"}}],"inLanguage":"sv-SE"},{"@type":"Organization","@id":"https:\/\/globalmedsonlineinc.com\/se\/#organization","name":"Global Meds Inc.","url":"https:\/\/globalmedsonlineinc.com\/se\/","logo":{"@type":"ImageObject","inLanguage":"sv-SE","@id":"https:\/\/globalmedsonlineinc.com\/se\/#\/schema\/logo\/image\/","url":"https:\/\/globalmedsonlineinc.com\/se\/content\/media\/uploads\/sites\/8\/2021\/06\/globalmedsonlineincLogoShop20210630123730.00.png","contentUrl":"https:\/\/globalmedsonlineinc.com\/se\/content\/media\/uploads\/sites\/8\/2021\/06\/globalmedsonlineincLogoShop20210630123730.00.png","width":450,"height":117,"caption":"Global Meds Inc."},"image":{"@id":"https:\/\/globalmedsonlineinc.com\/se\/#\/schema\/logo\/image\/"}}]}},"_links":{"self":[{"href":"https:\/\/globalmedsonlineinc.com\/se\/wp-json\/wp\/v2\/product\/9202","targetHints":{"allow":["GET"]}}],"collection":[{"href":"https:\/\/globalmedsonlineinc.com\/se\/wp-json\/wp\/v2\/product"}],"about":[{"href":"https:\/\/globalmedsonlineinc.com\/se\/wp-json\/wp\/v2\/types\/product"}],"replies":[{"embeddable":true,"href":"https:\/\/globalmedsonlineinc.com\/se\/wp-json\/wp\/v2\/comments?post=9202"}],"wp:featuredmedia":[{"embeddable":true,"href":"https:\/\/globalmedsonlineinc.com\/se\/wp-json\/wp\/v2\/media\/9207"}],"wp:attachment":[{"href":"https:\/\/globalmedsonlineinc.com\/se\/wp-json\/wp\/v2\/media?parent=9202"}],"wp:term":[{"taxonomy":"product_brand","embeddable":true,"href":"https:\/\/globalmedsonlineinc.com\/se\/wp-json\/wp\/v2\/product_brand?post=9202"},{"taxonomy":"product_cat","embeddable":true,"href":"https:\/\/globalmedsonlineinc.com\/se\/wp-json\/wp\/v2\/product_cat?post=9202"},{"taxonomy":"product_tag","embeddable":true,"href":"https:\/\/globalmedsonlineinc.com\/se\/wp-json\/wp\/v2\/product_tag?post=9202"}],"curies":[{"name":"wp","href":"https:\/\/api.w.org\/{rel}","templated":true}]}}