{"id":9196,"date":"2021-07-02T20:41:01","date_gmt":"2021-07-02T20:41:01","guid":{"rendered":"https:\/\/globalmedsonlineinc.com\/se\/?post_type=product&#038;p=9196"},"modified":"2024-02-21T09:08:26","modified_gmt":"2024-02-21T09:08:26","slug":"efedrin-pulver","status":"publish","type":"product","link":"https:\/\/globalmedsonlineinc.com\/se\/product\/research-chemicals\/efedrin-pulver\/","title":{"rendered":"K\u00f6p efedrinpulver online"},"content":{"rendered":"<h1>Efedrinpulver f\u00f6r f\u00f6rs\u00e4ljning online<\/h1>\n<p><a href=\"https:\/\/globalmedsonlineinc.com\/se\/product\/research-chemicals\/ephedrine-powder\/\">Efedrinpulver till salu p\u00e5 n\u00e4tet<\/a>. Efedrinpulver \u00e4r ett naturligt f\u00f6rekommande stimulerande medel f\u00f6r det centrala nervsystemet (CNS) som erh\u00e5lls fr\u00e5n den naturliga v\u00e4xten Ephedra Equisetina. <em>Buy Ephedrine Powder<\/em> finns i USA som receptfritt l\u00e4kemedel f\u00f6r lindring av andningsproblem. Det anv\u00e4nds s\u00e4llan eftersom det finns s\u00e4krare buy ephedrine powder online , Efedrinpulver \u00e4r ett avsv\u00e4llande medel och bronkdilaterande medel. Det fungerar genom att minska svullnad och sammandragning av blodk\u00e4rl i n\u00e4sg\u00e5ngarna och vidga lungornas luftv\u00e4gar, vilket g\u00f6r att du kan andas l\u00e4ttare.<\/p>\n<p>Efedrinpulver \u00e4r ett naturligt f\u00f6rekommande stimulerande medel f\u00f6r centrala nervsystemet som erh\u00e5lls fr\u00e5n v\u00e4xten Ephedra equisetina. Det framst\u00e4lls numera ocks\u00e5 genom kemisk syntes, och den syntetiska produkten saluf\u00f6rs i form av dess salt, efedrin-sulfat; det f\u00f6rekommer som ett vitt kristallint pulver med bitter smak, l\u00f6sligt i vatten och mycket l\u00f6sligt i alkohol.<\/p>\n<p>Efedrin \u00e4r n\u00e4ra besl\u00e4ktat till strukturen med metamfetamin, \u00e4ven om dess verkan p\u00e5 CNS \u00e4r mycket mindre potent och dessutom l\u00e4ngre verkande \u00e4n amfetaminernas. Dess perifera stimulerande verkan liknar, men \u00e4r mindre kraftfull \u00e4n den av epinefrin (\u00e4ven kallat adrenalin), ett hormon som produceras i kroppen av binjurarna.<\/p>\n<p>Efedrinpulver har m\u00e5ttligt potenta bronkial <a href=\"https:\/\/en.wikipedia.org\/wiki\/Ephedrine\">muskel <\/a>avslappnande egenskaper och anv\u00e4nds d\u00e4rf\u00f6r f\u00f6r symtomlindring i mildare fall av astmaattacker; det anv\u00e4nds ocks\u00e5 f\u00f6r att minska risken f\u00f6r akuta attacker vid behandling av kronisk astma.<\/p>\n<p>Det typiska dosintervallet f\u00f6r vuxna \u00e4r 30-60 mg som tas oralt, tre till fyra g\u00e5nger per dag, i form av tabletter. Efedrin i form av n\u00e4sdroppar anv\u00e4nds ocks\u00e5 ofta f\u00f6r att lindra n\u00e4st\u00e4ppa i samband med sjukdomar i de \u00f6vre luftv\u00e4garna. Det anv\u00e4nds ocks\u00e5 f\u00f6r att behandla l\u00e5gt blodtryck.<\/p>\n<p>Ephedrine Powder av god kvalitet p\u00e5 n\u00e4tet: Det \u00e4r helt f\u00f6rst\u00e5tt att m\u00e4nniskor inte snabbt litar p\u00e5 kvaliteten p\u00e5 efedrinpulver online som s\u00e4ljs p\u00e5 n\u00e4tet eftersom de inte kan unders\u00f6ka det fysiskt. Men det \u00e4r inte samma sak med Online Ephedrine Powder online leverant\u00f6rer. Produkterna h\u00e4r \u00e4r trogna sin beskrivning med h\u00f6gkvalitativt underh\u00e5ll som g\u00f6rs under experternas \u00f6verinseende.<\/p>\n<p>Snabb &amp; Diskret leverans: Leveransen av Efedrinpulver online efter mottagandet av best\u00e4llningen sker inom den utlovade tidsramen. Fraktteamet l\u00e4gger all sin m\u00f6da p\u00e5 att g\u00f6ra frakt- och leveransf\u00f6rfarandet smidigt och snabbt. Du kan ocks\u00e5 f\u00f6rv\u00e4nta dig utm\u00e4rkta tj\u00e4nster n\u00e4r du k\u00f6per Efedrinpulver online fr\u00e5n proffsen p\u00e5 onlineplattformen.<\/p>\n","protected":false},"excerpt":{"rendered":"<p>Efedrinpulver \u00e4r ett naturligt f\u00f6rekommande stimulerande medel f\u00f6r centrala nervsystemet som erh\u00e5lls fr\u00e5n v\u00e4xten Ephedra equisetina. Det framst\u00e4lls numera \u00e4ven genom kemisk syntes, och den syntetiska produkten saluf\u00f6rs i form av dess salt.<\/p>\n","protected":false},"featured_media":9201,"comment_status":"open","ping_status":"closed","template":"","meta":{"_acf_changed":false,"_monsterinsights_skip_tracking":false,"_monsterinsights_sitenote_active":false,"_monsterinsights_sitenote_note":"","_monsterinsights_sitenote_category":0},"product_brand":[],"product_cat":[53],"product_tag":[607,605,606,604,608],"class_list":{"0":"post-9196","1":"product","2":"type-product","3":"status-publish","4":"has-post-thumbnail","6":"product_cat-research-chemicals","7":"product_tag-bestall-ephedrine-powder-online","8":"product_tag-ephedrine-powder-till-salu","9":"product_tag-hur-man-koper-ephedrine-powder-online","10":"product_tag-kop-ephedrine-powder-online","11":"product_tag-var-man-koper-ephedrine-powder-online","13":"first","14":"instock","15":"featured","16":"shipping-taxable","17":"purchasable","18":"product-type-variable","19":"has-default-attributes"},"acf":[],"yoast_head":"<!-- This site is optimized with the Yoast SEO plugin v27.2 - https:\/\/yoast.com\/product\/yoast-seo-wordpress\/ -->\n<title>Efedrinpulver f\u00f6r f\u00f6rs\u00e4ljning p\u00e5 n\u00e4tet - Global Meds Inc.<\/title>\n<meta name=\"description\" content=\"Efedrinpulver f\u00f6r f\u00f6rs\u00e4ljning online. Vi s\u00e4ljer efedrinpulver av b\u00e4sta kvalitet. Kontakta oss g\u00e4rna f\u00f6r mer information och priser.\" \/>\n<meta name=\"robots\" content=\"index, follow, max-snippet:-1, max-image-preview:large, max-video-preview:-1\" \/>\n<link rel=\"canonical\" href=\"https:\/\/globalmedsonlineinc.com\/se\/product\/research-chemicals\/efedrin-pulver\/\" \/>\n<meta property=\"og:locale\" content=\"sv_SE\" \/>\n<meta property=\"og:type\" content=\"article\" \/>\n<meta property=\"og:title\" content=\"Efedrinpulver f\u00f6r f\u00f6rs\u00e4ljning p\u00e5 n\u00e4tet - Global Meds Inc.\" \/>\n<meta property=\"og:description\" content=\"Efedrinpulver f\u00f6r f\u00f6rs\u00e4ljning online. Vi s\u00e4ljer efedrinpulver av b\u00e4sta kvalitet. Kontakta oss g\u00e4rna f\u00f6r mer information och priser.\" \/>\n<meta property=\"og:url\" content=\"https:\/\/globalmedsonlineinc.com\/se\/product\/research-chemicals\/efedrin-pulver\/\" \/>\n<meta property=\"og:site_name\" content=\"Global Meds Inc\" \/>\n<meta property=\"article:modified_time\" content=\"2024-02-21T09:08:26+00:00\" \/>\n<meta property=\"og:image\" content=\"https:\/\/globalmedsonlineinc.com\/se\/content\/media\/uploads\/sites\/8\/2021\/07\/EPHEDRINE-POWDER.jpg\" \/>\n\t<meta property=\"og:image:width\" content=\"1200\" \/>\n\t<meta property=\"og:image:height\" content=\"1200\" \/>\n\t<meta property=\"og:image:type\" content=\"image\/jpeg\" \/>\n<meta name=\"twitter:card\" content=\"summary_large_image\" \/>\n<meta name=\"twitter:label1\" content=\"Ber\u00e4knad l\u00e4stid\" \/>\n\t<meta name=\"twitter:data1\" content=\"3 minuter\" \/>\n<script type=\"application\/ld+json\" class=\"yoast-schema-graph\">{\"@context\":\"https:\/\/schema.org\",\"@graph\":[{\"@type\":\"WebPage\",\"@id\":\"https:\/\/globalmedsonlineinc.com\/se\/product\/research-chemicals\/efedrin-pulver\/\",\"url\":\"https:\/\/globalmedsonlineinc.com\/se\/product\/research-chemicals\/efedrin-pulver\/\",\"name\":\"Efedrinpulver f\u00f6r f\u00f6rs\u00e4ljning p\u00e5 n\u00e4tet - Global Meds Inc.\",\"isPartOf\":{\"@id\":\"https:\/\/globalmedsonlineinc.com\/se\/#website\"},\"primaryImageOfPage\":{\"@id\":\"https:\/\/globalmedsonlineinc.com\/se\/product\/research-chemicals\/efedrin-pulver\/#primaryimage\"},\"image\":{\"@id\":\"https:\/\/globalmedsonlineinc.com\/se\/product\/research-chemicals\/efedrin-pulver\/#primaryimage\"},\"thumbnailUrl\":\"https:\/\/globalmedsonlineinc.com\/se\/content\/media\/uploads\/sites\/8\/2021\/07\/EPHEDRINE-POWDER.jpg\",\"datePublished\":\"2021-07-02T20:41:01+00:00\",\"dateModified\":\"2024-02-21T09:08:26+00:00\",\"description\":\"Efedrinpulver f\u00f6r f\u00f6rs\u00e4ljning online. Vi s\u00e4ljer efedrinpulver av b\u00e4sta kvalitet. Kontakta oss g\u00e4rna f\u00f6r mer information och priser.\",\"breadcrumb\":{\"@id\":\"https:\/\/globalmedsonlineinc.com\/se\/product\/research-chemicals\/efedrin-pulver\/#breadcrumb\"},\"inLanguage\":\"sv-SE\",\"potentialAction\":[{\"@type\":\"ReadAction\",\"target\":[\"https:\/\/globalmedsonlineinc.com\/se\/product\/research-chemicals\/efedrin-pulver\/\"]}]},{\"@type\":\"ImageObject\",\"inLanguage\":\"sv-SE\",\"@id\":\"https:\/\/globalmedsonlineinc.com\/se\/product\/research-chemicals\/efedrin-pulver\/#primaryimage\",\"url\":\"https:\/\/globalmedsonlineinc.com\/se\/content\/media\/uploads\/sites\/8\/2021\/07\/EPHEDRINE-POWDER.jpg\",\"contentUrl\":\"https:\/\/globalmedsonlineinc.com\/se\/content\/media\/uploads\/sites\/8\/2021\/07\/EPHEDRINE-POWDER.jpg\",\"width\":1200,\"height\":1200,\"caption\":\"Efedrinpulver f\u00f6r f\u00f6rs\u00e4ljning online\"},{\"@type\":\"BreadcrumbList\",\"@id\":\"https:\/\/globalmedsonlineinc.com\/se\/product\/research-chemicals\/efedrin-pulver\/#breadcrumb\",\"itemListElement\":[{\"@type\":\"ListItem\",\"position\":1,\"name\":\"Home\",\"item\":\"https:\/\/globalmedsonlineinc.com\/se\/\"},{\"@type\":\"ListItem\",\"position\":2,\"name\":\"Produkter\",\"item\":\"https:\/\/globalmedsonlineinc.com\/se\/produkter\/\"},{\"@type\":\"ListItem\",\"position\":3,\"name\":\"K\u00f6p efedrinpulver online\"}]},{\"@type\":\"WebSite\",\"@id\":\"https:\/\/globalmedsonlineinc.com\/se\/#website\",\"url\":\"https:\/\/globalmedsonlineinc.com\/se\/\",\"name\":\"Global Meds Inc\",\"description\":\"\",\"publisher\":{\"@id\":\"https:\/\/globalmedsonlineinc.com\/se\/#organization\"},\"potentialAction\":[{\"@type\":\"SearchAction\",\"target\":{\"@type\":\"EntryPoint\",\"urlTemplate\":\"https:\/\/globalmedsonlineinc.com\/se\/?s={search_term_string}\"},\"query-input\":{\"@type\":\"PropertyValueSpecification\",\"valueRequired\":true,\"valueName\":\"search_term_string\"}}],\"inLanguage\":\"sv-SE\"},{\"@type\":\"Organization\",\"@id\":\"https:\/\/globalmedsonlineinc.com\/se\/#organization\",\"name\":\"Global Meds Inc.\",\"url\":\"https:\/\/globalmedsonlineinc.com\/se\/\",\"logo\":{\"@type\":\"ImageObject\",\"inLanguage\":\"sv-SE\",\"@id\":\"https:\/\/globalmedsonlineinc.com\/se\/#\/schema\/logo\/image\/\",\"url\":\"https:\/\/globalmedsonlineinc.com\/se\/content\/media\/uploads\/sites\/8\/2021\/06\/globalmedsonlineincLogoShop20210630123730.00.png\",\"contentUrl\":\"https:\/\/globalmedsonlineinc.com\/se\/content\/media\/uploads\/sites\/8\/2021\/06\/globalmedsonlineincLogoShop20210630123730.00.png\",\"width\":450,\"height\":117,\"caption\":\"Global Meds Inc.\"},\"image\":{\"@id\":\"https:\/\/globalmedsonlineinc.com\/se\/#\/schema\/logo\/image\/\"}}]}<\/script>\n<!-- \/ Yoast SEO plugin. -->","yoast_head_json":{"title":"Efedrinpulver f\u00f6r f\u00f6rs\u00e4ljning p\u00e5 n\u00e4tet - Global Meds Inc.","description":"Efedrinpulver f\u00f6r f\u00f6rs\u00e4ljning online. Vi s\u00e4ljer efedrinpulver av b\u00e4sta kvalitet. Kontakta oss g\u00e4rna f\u00f6r mer information och priser.","robots":{"index":"index","follow":"follow","max-snippet":"max-snippet:-1","max-image-preview":"max-image-preview:large","max-video-preview":"max-video-preview:-1"},"canonical":"https:\/\/globalmedsonlineinc.com\/se\/product\/research-chemicals\/efedrin-pulver\/","og_locale":"sv_SE","og_type":"article","og_title":"Efedrinpulver f\u00f6r f\u00f6rs\u00e4ljning p\u00e5 n\u00e4tet - Global Meds Inc.","og_description":"Efedrinpulver f\u00f6r f\u00f6rs\u00e4ljning online. Vi s\u00e4ljer efedrinpulver av b\u00e4sta kvalitet. Kontakta oss g\u00e4rna f\u00f6r mer information och priser.","og_url":"https:\/\/globalmedsonlineinc.com\/se\/product\/research-chemicals\/efedrin-pulver\/","og_site_name":"Global Meds Inc","article_modified_time":"2024-02-21T09:08:26+00:00","og_image":[{"width":1200,"height":1200,"url":"https:\/\/globalmedsonlineinc.com\/se\/content\/media\/uploads\/sites\/8\/2021\/07\/EPHEDRINE-POWDER.jpg","type":"image\/jpeg"}],"twitter_card":"summary_large_image","twitter_misc":{"Ber\u00e4knad l\u00e4stid":"3 minuter"},"schema":{"@context":"https:\/\/schema.org","@graph":[{"@type":"WebPage","@id":"https:\/\/globalmedsonlineinc.com\/se\/product\/research-chemicals\/efedrin-pulver\/","url":"https:\/\/globalmedsonlineinc.com\/se\/product\/research-chemicals\/efedrin-pulver\/","name":"Efedrinpulver f\u00f6r f\u00f6rs\u00e4ljning p\u00e5 n\u00e4tet - Global Meds Inc.","isPartOf":{"@id":"https:\/\/globalmedsonlineinc.com\/se\/#website"},"primaryImageOfPage":{"@id":"https:\/\/globalmedsonlineinc.com\/se\/product\/research-chemicals\/efedrin-pulver\/#primaryimage"},"image":{"@id":"https:\/\/globalmedsonlineinc.com\/se\/product\/research-chemicals\/efedrin-pulver\/#primaryimage"},"thumbnailUrl":"https:\/\/globalmedsonlineinc.com\/se\/content\/media\/uploads\/sites\/8\/2021\/07\/EPHEDRINE-POWDER.jpg","datePublished":"2021-07-02T20:41:01+00:00","dateModified":"2024-02-21T09:08:26+00:00","description":"Efedrinpulver f\u00f6r f\u00f6rs\u00e4ljning online. Vi s\u00e4ljer efedrinpulver av b\u00e4sta kvalitet. Kontakta oss g\u00e4rna f\u00f6r mer information och priser.","breadcrumb":{"@id":"https:\/\/globalmedsonlineinc.com\/se\/product\/research-chemicals\/efedrin-pulver\/#breadcrumb"},"inLanguage":"sv-SE","potentialAction":[{"@type":"ReadAction","target":["https:\/\/globalmedsonlineinc.com\/se\/product\/research-chemicals\/efedrin-pulver\/"]}]},{"@type":"ImageObject","inLanguage":"sv-SE","@id":"https:\/\/globalmedsonlineinc.com\/se\/product\/research-chemicals\/efedrin-pulver\/#primaryimage","url":"https:\/\/globalmedsonlineinc.com\/se\/content\/media\/uploads\/sites\/8\/2021\/07\/EPHEDRINE-POWDER.jpg","contentUrl":"https:\/\/globalmedsonlineinc.com\/se\/content\/media\/uploads\/sites\/8\/2021\/07\/EPHEDRINE-POWDER.jpg","width":1200,"height":1200,"caption":"Efedrinpulver f\u00f6r f\u00f6rs\u00e4ljning online"},{"@type":"BreadcrumbList","@id":"https:\/\/globalmedsonlineinc.com\/se\/product\/research-chemicals\/efedrin-pulver\/#breadcrumb","itemListElement":[{"@type":"ListItem","position":1,"name":"Home","item":"https:\/\/globalmedsonlineinc.com\/se\/"},{"@type":"ListItem","position":2,"name":"Produkter","item":"https:\/\/globalmedsonlineinc.com\/se\/produkter\/"},{"@type":"ListItem","position":3,"name":"K\u00f6p efedrinpulver online"}]},{"@type":"WebSite","@id":"https:\/\/globalmedsonlineinc.com\/se\/#website","url":"https:\/\/globalmedsonlineinc.com\/se\/","name":"Global Meds Inc","description":"","publisher":{"@id":"https:\/\/globalmedsonlineinc.com\/se\/#organization"},"potentialAction":[{"@type":"SearchAction","target":{"@type":"EntryPoint","urlTemplate":"https:\/\/globalmedsonlineinc.com\/se\/?s={search_term_string}"},"query-input":{"@type":"PropertyValueSpecification","valueRequired":true,"valueName":"search_term_string"}}],"inLanguage":"sv-SE"},{"@type":"Organization","@id":"https:\/\/globalmedsonlineinc.com\/se\/#organization","name":"Global Meds Inc.","url":"https:\/\/globalmedsonlineinc.com\/se\/","logo":{"@type":"ImageObject","inLanguage":"sv-SE","@id":"https:\/\/globalmedsonlineinc.com\/se\/#\/schema\/logo\/image\/","url":"https:\/\/globalmedsonlineinc.com\/se\/content\/media\/uploads\/sites\/8\/2021\/06\/globalmedsonlineincLogoShop20210630123730.00.png","contentUrl":"https:\/\/globalmedsonlineinc.com\/se\/content\/media\/uploads\/sites\/8\/2021\/06\/globalmedsonlineincLogoShop20210630123730.00.png","width":450,"height":117,"caption":"Global Meds Inc."},"image":{"@id":"https:\/\/globalmedsonlineinc.com\/se\/#\/schema\/logo\/image\/"}}]}},"_links":{"self":[{"href":"https:\/\/globalmedsonlineinc.com\/se\/wp-json\/wp\/v2\/product\/9196","targetHints":{"allow":["GET"]}}],"collection":[{"href":"https:\/\/globalmedsonlineinc.com\/se\/wp-json\/wp\/v2\/product"}],"about":[{"href":"https:\/\/globalmedsonlineinc.com\/se\/wp-json\/wp\/v2\/types\/product"}],"replies":[{"embeddable":true,"href":"https:\/\/globalmedsonlineinc.com\/se\/wp-json\/wp\/v2\/comments?post=9196"}],"wp:featuredmedia":[{"embeddable":true,"href":"https:\/\/globalmedsonlineinc.com\/se\/wp-json\/wp\/v2\/media\/9201"}],"wp:attachment":[{"href":"https:\/\/globalmedsonlineinc.com\/se\/wp-json\/wp\/v2\/media?parent=9196"}],"wp:term":[{"taxonomy":"product_brand","embeddable":true,"href":"https:\/\/globalmedsonlineinc.com\/se\/wp-json\/wp\/v2\/product_brand?post=9196"},{"taxonomy":"product_cat","embeddable":true,"href":"https:\/\/globalmedsonlineinc.com\/se\/wp-json\/wp\/v2\/product_cat?post=9196"},{"taxonomy":"product_tag","embeddable":true,"href":"https:\/\/globalmedsonlineinc.com\/se\/wp-json\/wp\/v2\/product_tag?post=9196"}],"curies":[{"name":"wp","href":"https:\/\/api.w.org\/{rel}","templated":true}]}}