{"id":9188,"date":"2021-07-02T20:30:30","date_gmt":"2021-07-02T20:30:30","guid":{"rendered":"https:\/\/globalmedsonlineinc.com\/se\/?post_type=product&#038;p=9188"},"modified":"2024-02-21T09:11:48","modified_gmt":"2024-02-21T09:11:48","slug":"methylone","status":"publish","type":"product","link":"https:\/\/globalmedsonlineinc.com\/se\/product\/research-chemicals\/methylone\/","title":{"rendered":"K\u00f6p Methylone online"},"content":{"rendered":"<h1 class=\"lRu31\" dir=\"ltr\"><span class=\"HwtZe\" lang=\"sv\"><span class=\"jCAhz ChMk0b\"><span class=\"ryNqvb\">Metylonkristall till salu online<\/span><\/span><\/span><\/h1>\n<div class=\"OvtS8d\"><span class=\"HwtZe\" lang=\"sv\" style=\"color: #6e7990;font-family: Roboto, sans-serif;font-size: 1rem\"><span class=\"jCAhz ChMk0b\"><span class=\"ryNqvb\"><a href=\"https:\/\/globalmedsonlineinc.com\/se\/product\/research-chemicals\/methylone\/\">Metylonkristall till salu online<\/a>. <\/span><\/span><\/span><span style=\"color: #6e7990;font-family: Roboto, sans-serif;font-size: 1rem\">K\u00f6p billiga Methylone (Bk-MDMA) online &#8211; Global drug Vi erbjuder billigt Bk-MDMA-pulver och<\/span><span style=\"color: #6e7990;font-family: Roboto, sans-serif;font-size: 1rem\">Metylone \u00e4r en kemisk drog som till sin struktur \u00e4r mycket lik MDMA och har j\u00e4mf\u00f6rbara effekter.<\/span><\/div>\n<p>Metylon \u00e4r ett stimulerande medel med en mild hallucinogen effekt. Eftersom det \u00e4r ett relativt nytt \u00e4mne kallas det f\u00f6r en forskningskemikalie. Det rekommenderas att metylone behandlas med f\u00f6rsiktighet: p\u00e5 grund av dess korta existens har inte mycket forskning utf\u00f6rts och man vet inte mycket om l\u00e5ngtidseffekter eller beroendefrekvens.<\/p>\n<p>Vanligtvis erbjuds det som pulver, men piller finns ocks\u00e5 i omlopp. Liksom f\u00f6r XTC kan dessa tabletter skilja sig \u00e5t i storlek, f\u00e4rg och styrka.<\/p>\n<p>Metylone kan k\u00f6pas fr\u00e5n First Trust Chemical i n\u00e5gon av tre former: stora kristaller (v\u00e5r mest popul\u00e4ra), fint farmaceutiskt pulver eller sm\u00e5 kristaller. Se v\u00e5r lista \u00f6ver andra fina produkter som \u00e4r tillg\u00e4ngliga f\u00f6r dig nu. First Trust Chemical \u00e4r din leverant\u00f6r av h\u00f6gkvalitativa produkter och du kan k\u00f6pa nu.<\/p>\n<h6>Ditt konto kommer att behandlas med omsorg f\u00f6r att k\u00f6pa metylon<\/h6>\n<p>.<br \/>\nAlla f\u00f6rs\u00e4ljningsf\u00f6rfr\u00e5gningar behandlas konfidentiellt. N\u00e4r du blir kund delas eller distribueras aldrig din kontoinformation. Vi kan komma att st\u00e4lla fr\u00e5gor till dig innan vi g\u00e5r vidare med den f\u00f6rs\u00e4ljning som du beg\u00e4r, men detta \u00e4r f\u00f6r din egen s\u00e4kerhet. First Trust Chemical vill vara k\u00e4nd f\u00f6r inget annat \u00e4n h\u00f6g kvalitet och kundn\u00f6jdhet.<\/p>\n<p>N\u00e4r ditt k\u00f6p \u00e4r godk\u00e4nt av First Trust Chemical f\u00f6r att k\u00f6pa . Din leverans \u00e4r garanterad. Vi lovar inte f\u00f6rs\u00e4ljning av en best\u00e4llning som vi inte kan leverera.<\/p>\n<p>Metylone \u00e4r en kemisk drog som till sin struktur \u00e4r mycket lik MDMA och har j\u00e4mf\u00f6rbara effekter. det \u00e4r ett stimulerande medel med en mild hallucinogen effekt. Eftersom det \u00e4r ett relativt nytt \u00e4mne kallas det f\u00f6r en forskningskemikalie. Det rekommenderas att behandla metylone med f\u00f6rsiktighet: p\u00e5 grund av dess korta existens har inte mycket forskning utf\u00f6rts och man vet inte mycket om l\u00e5ngtidseffekter eller beroendefrekvens.<\/p>\n<p>Vanligtvis erbjuds det som pulver, men piller finns i <a href=\"https:\/\/en.wikipedia.org\/wiki\/Methylone\">cirkulation<\/a> ocks\u00e5. Liksom f\u00f6r XTC kan dessa tabletter skilja sig \u00e5t i storlek, f\u00e4rg och styrka.<\/p>\n<p>Bra kvalitet Methylone online: Det \u00e4r helt f\u00f6rst\u00e5tt att m\u00e4nniskor inte snabbt litar p\u00e5 kvaliteten p\u00e5 Methylone online som s\u00e4ljs p\u00e5 n\u00e4tet eftersom de inte kan unders\u00f6ka det fysiskt. Men det \u00e4r inte samma sak med Online Methylone online leverant\u00f6rer. Produkterna h\u00e4r \u00e4r trogna sin beskrivning med h\u00f6gkvalitativt underh\u00e5ll som g\u00f6rs under experternas \u00f6verinseende.<\/p>\n<p>Snabb &amp; amp; Diskret leverans: Leveransen av Methylone online efter mottagandet av best\u00e4llningen sker inom den utlovade tidsramen. Fraktteamet l\u00e4gger all sin m\u00f6da p\u00e5 att g\u00f6ra frakt- och leveransf\u00f6rfarandet smidigt och snabbt. Du kan ocks\u00e5 f\u00f6rv\u00e4nta dig utm\u00e4rkta tj\u00e4nster n\u00e4r du k\u00f6per Methylone online fr\u00e5n proffsen p\u00e5 onlineplattformen.<\/p>\n","protected":false},"excerpt":{"rendered":"<p>Metylon \u00e4r ett stimulerande medel med en mild hallucinogen effekt. Eftersom det \u00e4r ett relativt nytt \u00e4mne kallas det f\u00f6r en forskningskemikalie. Det rekommenderas att metylone behandlas med f\u00f6rsiktighet: p\u00e5 grund av dess korta existens har inte mycket forskning utf\u00f6rts och man vet inte mycket om l\u00e5ngtidseffekter eller beroendefrekvens.<\/p>\n","protected":false},"featured_media":9195,"comment_status":"open","ping_status":"closed","template":"","meta":{"_acf_changed":false,"_monsterinsights_skip_tracking":false,"_monsterinsights_sitenote_active":false,"_monsterinsights_sitenote_note":"","_monsterinsights_sitenote_category":0},"product_brand":[],"product_cat":[53],"product_tag":[612,610,609,613,350,611,614],"class_list":{"0":"post-9188","1":"product","2":"type-product","3":"status-publish","4":"has-post-thumbnail","6":"product_cat-research-chemicals","7":"product_tag-bestalla-methylone-online","8":"product_tag-hur-man-koper-methylone-online","9":"product_tag-kop-methylone-online","10":"product_tag-kopa-methylone-online","11":"product_tag-methylone","12":"product_tag-methylone-till-salu","13":"product_tag-var-man-kan-kopa-methylone-online","15":"first","16":"instock","17":"shipping-taxable","18":"purchasable","19":"product-type-variable","20":"has-default-attributes"},"acf":[],"yoast_head":"<!-- This site is optimized with the Yoast SEO plugin v27.2 - https:\/\/yoast.com\/product\/yoast-seo-wordpress\/ -->\n<title>Metylonkristall till salu online | Global Meds Inc.<\/title>\n<meta name=\"description\" content=\"Metylonkristall till salu online. Om du letar efter hur man k\u00f6per Methylone online, \u00e4r du p\u00e5 r\u00e4tt plats f\u00f6r att k\u00f6pa Methylone online.\" \/>\n<meta name=\"robots\" content=\"index, follow, max-snippet:-1, max-image-preview:large, max-video-preview:-1\" \/>\n<link rel=\"canonical\" href=\"https:\/\/globalmedsonlineinc.com\/se\/product\/research-chemicals\/methylone\/\" \/>\n<meta property=\"og:locale\" content=\"sv_SE\" \/>\n<meta property=\"og:type\" content=\"article\" \/>\n<meta property=\"og:title\" content=\"Metylonkristall till salu online | Global Meds Inc.\" \/>\n<meta property=\"og:description\" content=\"Metylonkristall till salu online. Om du letar efter hur man k\u00f6per Methylone online, \u00e4r du p\u00e5 r\u00e4tt plats f\u00f6r att k\u00f6pa Methylone online.\" \/>\n<meta property=\"og:url\" content=\"https:\/\/globalmedsonlineinc.com\/se\/product\/research-chemicals\/methylone\/\" \/>\n<meta property=\"og:site_name\" content=\"Global Meds Inc\" \/>\n<meta property=\"article:modified_time\" content=\"2024-02-21T09:11:48+00:00\" \/>\n<meta property=\"og:image\" content=\"https:\/\/globalmedsonlineinc.com\/se\/content\/media\/uploads\/sites\/8\/2021\/07\/Buy-METHYLONE-CRYSTAL.jpg\" \/>\n\t<meta property=\"og:image:width\" content=\"1200\" \/>\n\t<meta property=\"og:image:height\" content=\"1200\" \/>\n\t<meta property=\"og:image:type\" content=\"image\/jpeg\" \/>\n<meta name=\"twitter:card\" content=\"summary_large_image\" \/>\n<meta name=\"twitter:label1\" content=\"Ber\u00e4knad l\u00e4stid\" \/>\n\t<meta name=\"twitter:data1\" content=\"3 minuter\" \/>\n<script type=\"application\/ld+json\" class=\"yoast-schema-graph\">{\"@context\":\"https:\/\/schema.org\",\"@graph\":[{\"@type\":\"WebPage\",\"@id\":\"https:\/\/globalmedsonlineinc.com\/se\/product\/research-chemicals\/methylone\/\",\"url\":\"https:\/\/globalmedsonlineinc.com\/se\/product\/research-chemicals\/methylone\/\",\"name\":\"Metylonkristall till salu online | Global Meds Inc.\",\"isPartOf\":{\"@id\":\"https:\/\/globalmedsonlineinc.com\/se\/#website\"},\"primaryImageOfPage\":{\"@id\":\"https:\/\/globalmedsonlineinc.com\/se\/product\/research-chemicals\/methylone\/#primaryimage\"},\"image\":{\"@id\":\"https:\/\/globalmedsonlineinc.com\/se\/product\/research-chemicals\/methylone\/#primaryimage\"},\"thumbnailUrl\":\"https:\/\/globalmedsonlineinc.com\/se\/content\/media\/uploads\/sites\/8\/2021\/07\/Buy-METHYLONE-CRYSTAL.jpg\",\"datePublished\":\"2021-07-02T20:30:30+00:00\",\"dateModified\":\"2024-02-21T09:11:48+00:00\",\"description\":\"Metylonkristall till salu online. Om du letar efter hur man k\u00f6per Methylone online, \u00e4r du p\u00e5 r\u00e4tt plats f\u00f6r att k\u00f6pa Methylone online.\",\"breadcrumb\":{\"@id\":\"https:\/\/globalmedsonlineinc.com\/se\/product\/research-chemicals\/methylone\/#breadcrumb\"},\"inLanguage\":\"sv-SE\",\"potentialAction\":[{\"@type\":\"ReadAction\",\"target\":[\"https:\/\/globalmedsonlineinc.com\/se\/product\/research-chemicals\/methylone\/\"]}]},{\"@type\":\"ImageObject\",\"inLanguage\":\"sv-SE\",\"@id\":\"https:\/\/globalmedsonlineinc.com\/se\/product\/research-chemicals\/methylone\/#primaryimage\",\"url\":\"https:\/\/globalmedsonlineinc.com\/se\/content\/media\/uploads\/sites\/8\/2021\/07\/Buy-METHYLONE-CRYSTAL.jpg\",\"contentUrl\":\"https:\/\/globalmedsonlineinc.com\/se\/content\/media\/uploads\/sites\/8\/2021\/07\/Buy-METHYLONE-CRYSTAL.jpg\",\"width\":1200,\"height\":1200,\"caption\":\"Metylonkristall till salu online\"},{\"@type\":\"BreadcrumbList\",\"@id\":\"https:\/\/globalmedsonlineinc.com\/se\/product\/research-chemicals\/methylone\/#breadcrumb\",\"itemListElement\":[{\"@type\":\"ListItem\",\"position\":1,\"name\":\"Home\",\"item\":\"https:\/\/globalmedsonlineinc.com\/se\/\"},{\"@type\":\"ListItem\",\"position\":2,\"name\":\"Produkter\",\"item\":\"https:\/\/globalmedsonlineinc.com\/se\/produkter\/\"},{\"@type\":\"ListItem\",\"position\":3,\"name\":\"K\u00f6p Methylone online\"}]},{\"@type\":\"WebSite\",\"@id\":\"https:\/\/globalmedsonlineinc.com\/se\/#website\",\"url\":\"https:\/\/globalmedsonlineinc.com\/se\/\",\"name\":\"Global Meds Inc\",\"description\":\"\",\"publisher\":{\"@id\":\"https:\/\/globalmedsonlineinc.com\/se\/#organization\"},\"potentialAction\":[{\"@type\":\"SearchAction\",\"target\":{\"@type\":\"EntryPoint\",\"urlTemplate\":\"https:\/\/globalmedsonlineinc.com\/se\/?s={search_term_string}\"},\"query-input\":{\"@type\":\"PropertyValueSpecification\",\"valueRequired\":true,\"valueName\":\"search_term_string\"}}],\"inLanguage\":\"sv-SE\"},{\"@type\":\"Organization\",\"@id\":\"https:\/\/globalmedsonlineinc.com\/se\/#organization\",\"name\":\"Global Meds Inc.\",\"url\":\"https:\/\/globalmedsonlineinc.com\/se\/\",\"logo\":{\"@type\":\"ImageObject\",\"inLanguage\":\"sv-SE\",\"@id\":\"https:\/\/globalmedsonlineinc.com\/se\/#\/schema\/logo\/image\/\",\"url\":\"https:\/\/globalmedsonlineinc.com\/se\/content\/media\/uploads\/sites\/8\/2021\/06\/globalmedsonlineincLogoShop20210630123730.00.png\",\"contentUrl\":\"https:\/\/globalmedsonlineinc.com\/se\/content\/media\/uploads\/sites\/8\/2021\/06\/globalmedsonlineincLogoShop20210630123730.00.png\",\"width\":450,\"height\":117,\"caption\":\"Global Meds Inc.\"},\"image\":{\"@id\":\"https:\/\/globalmedsonlineinc.com\/se\/#\/schema\/logo\/image\/\"}}]}<\/script>\n<!-- \/ Yoast SEO plugin. -->","yoast_head_json":{"title":"Metylonkristall till salu online | Global Meds Inc.","description":"Metylonkristall till salu online. Om du letar efter hur man k\u00f6per Methylone online, \u00e4r du p\u00e5 r\u00e4tt plats f\u00f6r att k\u00f6pa Methylone online.","robots":{"index":"index","follow":"follow","max-snippet":"max-snippet:-1","max-image-preview":"max-image-preview:large","max-video-preview":"max-video-preview:-1"},"canonical":"https:\/\/globalmedsonlineinc.com\/se\/product\/research-chemicals\/methylone\/","og_locale":"sv_SE","og_type":"article","og_title":"Metylonkristall till salu online | Global Meds Inc.","og_description":"Metylonkristall till salu online. Om du letar efter hur man k\u00f6per Methylone online, \u00e4r du p\u00e5 r\u00e4tt plats f\u00f6r att k\u00f6pa Methylone online.","og_url":"https:\/\/globalmedsonlineinc.com\/se\/product\/research-chemicals\/methylone\/","og_site_name":"Global Meds Inc","article_modified_time":"2024-02-21T09:11:48+00:00","og_image":[{"width":1200,"height":1200,"url":"https:\/\/globalmedsonlineinc.com\/se\/content\/media\/uploads\/sites\/8\/2021\/07\/Buy-METHYLONE-CRYSTAL.jpg","type":"image\/jpeg"}],"twitter_card":"summary_large_image","twitter_misc":{"Ber\u00e4knad l\u00e4stid":"3 minuter"},"schema":{"@context":"https:\/\/schema.org","@graph":[{"@type":"WebPage","@id":"https:\/\/globalmedsonlineinc.com\/se\/product\/research-chemicals\/methylone\/","url":"https:\/\/globalmedsonlineinc.com\/se\/product\/research-chemicals\/methylone\/","name":"Metylonkristall till salu online | Global Meds Inc.","isPartOf":{"@id":"https:\/\/globalmedsonlineinc.com\/se\/#website"},"primaryImageOfPage":{"@id":"https:\/\/globalmedsonlineinc.com\/se\/product\/research-chemicals\/methylone\/#primaryimage"},"image":{"@id":"https:\/\/globalmedsonlineinc.com\/se\/product\/research-chemicals\/methylone\/#primaryimage"},"thumbnailUrl":"https:\/\/globalmedsonlineinc.com\/se\/content\/media\/uploads\/sites\/8\/2021\/07\/Buy-METHYLONE-CRYSTAL.jpg","datePublished":"2021-07-02T20:30:30+00:00","dateModified":"2024-02-21T09:11:48+00:00","description":"Metylonkristall till salu online. Om du letar efter hur man k\u00f6per Methylone online, \u00e4r du p\u00e5 r\u00e4tt plats f\u00f6r att k\u00f6pa Methylone online.","breadcrumb":{"@id":"https:\/\/globalmedsonlineinc.com\/se\/product\/research-chemicals\/methylone\/#breadcrumb"},"inLanguage":"sv-SE","potentialAction":[{"@type":"ReadAction","target":["https:\/\/globalmedsonlineinc.com\/se\/product\/research-chemicals\/methylone\/"]}]},{"@type":"ImageObject","inLanguage":"sv-SE","@id":"https:\/\/globalmedsonlineinc.com\/se\/product\/research-chemicals\/methylone\/#primaryimage","url":"https:\/\/globalmedsonlineinc.com\/se\/content\/media\/uploads\/sites\/8\/2021\/07\/Buy-METHYLONE-CRYSTAL.jpg","contentUrl":"https:\/\/globalmedsonlineinc.com\/se\/content\/media\/uploads\/sites\/8\/2021\/07\/Buy-METHYLONE-CRYSTAL.jpg","width":1200,"height":1200,"caption":"Metylonkristall till salu online"},{"@type":"BreadcrumbList","@id":"https:\/\/globalmedsonlineinc.com\/se\/product\/research-chemicals\/methylone\/#breadcrumb","itemListElement":[{"@type":"ListItem","position":1,"name":"Home","item":"https:\/\/globalmedsonlineinc.com\/se\/"},{"@type":"ListItem","position":2,"name":"Produkter","item":"https:\/\/globalmedsonlineinc.com\/se\/produkter\/"},{"@type":"ListItem","position":3,"name":"K\u00f6p Methylone online"}]},{"@type":"WebSite","@id":"https:\/\/globalmedsonlineinc.com\/se\/#website","url":"https:\/\/globalmedsonlineinc.com\/se\/","name":"Global Meds Inc","description":"","publisher":{"@id":"https:\/\/globalmedsonlineinc.com\/se\/#organization"},"potentialAction":[{"@type":"SearchAction","target":{"@type":"EntryPoint","urlTemplate":"https:\/\/globalmedsonlineinc.com\/se\/?s={search_term_string}"},"query-input":{"@type":"PropertyValueSpecification","valueRequired":true,"valueName":"search_term_string"}}],"inLanguage":"sv-SE"},{"@type":"Organization","@id":"https:\/\/globalmedsonlineinc.com\/se\/#organization","name":"Global Meds Inc.","url":"https:\/\/globalmedsonlineinc.com\/se\/","logo":{"@type":"ImageObject","inLanguage":"sv-SE","@id":"https:\/\/globalmedsonlineinc.com\/se\/#\/schema\/logo\/image\/","url":"https:\/\/globalmedsonlineinc.com\/se\/content\/media\/uploads\/sites\/8\/2021\/06\/globalmedsonlineincLogoShop20210630123730.00.png","contentUrl":"https:\/\/globalmedsonlineinc.com\/se\/content\/media\/uploads\/sites\/8\/2021\/06\/globalmedsonlineincLogoShop20210630123730.00.png","width":450,"height":117,"caption":"Global Meds Inc."},"image":{"@id":"https:\/\/globalmedsonlineinc.com\/se\/#\/schema\/logo\/image\/"}}]}},"_links":{"self":[{"href":"https:\/\/globalmedsonlineinc.com\/se\/wp-json\/wp\/v2\/product\/9188","targetHints":{"allow":["GET"]}}],"collection":[{"href":"https:\/\/globalmedsonlineinc.com\/se\/wp-json\/wp\/v2\/product"}],"about":[{"href":"https:\/\/globalmedsonlineinc.com\/se\/wp-json\/wp\/v2\/types\/product"}],"replies":[{"embeddable":true,"href":"https:\/\/globalmedsonlineinc.com\/se\/wp-json\/wp\/v2\/comments?post=9188"}],"wp:featuredmedia":[{"embeddable":true,"href":"https:\/\/globalmedsonlineinc.com\/se\/wp-json\/wp\/v2\/media\/9195"}],"wp:attachment":[{"href":"https:\/\/globalmedsonlineinc.com\/se\/wp-json\/wp\/v2\/media?parent=9188"}],"wp:term":[{"taxonomy":"product_brand","embeddable":true,"href":"https:\/\/globalmedsonlineinc.com\/se\/wp-json\/wp\/v2\/product_brand?post=9188"},{"taxonomy":"product_cat","embeddable":true,"href":"https:\/\/globalmedsonlineinc.com\/se\/wp-json\/wp\/v2\/product_cat?post=9188"},{"taxonomy":"product_tag","embeddable":true,"href":"https:\/\/globalmedsonlineinc.com\/se\/wp-json\/wp\/v2\/product_tag?post=9188"}],"curies":[{"name":"wp","href":"https:\/\/api.w.org\/{rel}","templated":true}]}}