{"id":9180,"date":"2021-07-02T20:17:48","date_gmt":"2021-07-02T20:17:48","guid":{"rendered":"https:\/\/globalmedsonlineinc.com\/se\/?post_type=product&#038;p=9180"},"modified":"2024-02-21T09:14:36","modified_gmt":"2024-02-21T09:14:36","slug":"ketamine","status":"publish","type":"product","link":"https:\/\/globalmedsonlineinc.com\/se\/product\/research-chemicals\/ketamine\/","title":{"rendered":"K\u00f6p Ketamin online"},"content":{"rendered":"<h1 class=\"lRu31\" dir=\"ltr\"><span class=\"HwtZe\" lang=\"sv\"><span class=\"jCAhz ChMk0b\"><span class=\"ryNqvb\">Ketamininjektion till salu online<\/span><\/span><\/span><\/h1>\n<div dir=\"ltr\"><\/div>\n<div class=\"lRu31\" dir=\"ltr\"><a href=\"https:\/\/globalmedsonlineinc.com\/se\/product\/research-chemicals\/ketamine\/\"><span class=\"HwtZe\" lang=\"sv\"><span class=\"jCAhz ChMk0b\"><span class=\"ryNqvb\">Ketamininjektion till salu online<\/span><\/span><\/span><\/a><span style=\"font-size: 1rem\">; ketamin har det s\u00e5lda varum\u00e4rket Ketalar. Ketalar medicin anv\u00e4nds f\u00f6r det mesta f\u00f6r att f\u00f6rl\u00e5ta och se efter anestesi. det anv\u00e4nds ocks\u00e5 f\u00f6r att hj\u00e4lpa till med obehag och minnesfel. Det \u00e4r dessutom inf\u00f6rliva av evig pl\u00e5ga och f\u00f6r sedering i koncentrerad h\u00e4nsyn. Hj\u00e4rtats arbete, andning och luftv\u00e4gsreflexer f\u00f6rblir f\u00f6r det mesta praktiska under dess tillh\u00f6righet.<\/span><\/div>\n<h6>ketamin till salu<\/h6>\n<p>Effekter b\u00f6rjar knappt inom 5 min n\u00e4r infusionen ges med de grundl\u00e4ggande effekterna som varar upp till tjugofem minuter. Det har regelbundna symtom som \u00e4r mentala reaktioner n\u00e4r receptet \u00e4r av. Reaktioner kan vara en st\u00f6rning, perplexitet, mentala resor, cirkulationssp\u00e4nningar och muskelskakningar.<\/p>\n<h6>K\u00f6p lagligt ketamin online<\/h6>\n<p>H\u00f6gre doser kan ge allt allvarligare effekter, med klienter som detaljerar total och uttrycklig separation fr\u00e5n sina kroppar. Effekterna \u00e4r som de som skildras av personer som har haft n\u00e4ra d\u00f6den m\u00f6ten, och det skildras som att vara i &#8220;K-\u00f6ppningen&#8221;.<\/p>\n<p>Ketamin kommer att anv\u00e4ndas f\u00f6r postoperativ sm\u00e4rta cheferna. L\u00e5ga m\u00e4tningar av ketamin kan minska morfinanv\u00e4ndning, sjukdom och h\u00e4vning efter ett medicinskt ingrepp. D\u00e4rf\u00f6r anv\u00e4nds l\u00e5ga m\u00e4tningar ketamin utnyttjas vid behandling av komplexa provinsiella pl\u00e5goandan.<\/p>\n<h6>ketamin HCL-pulver till salu<\/h6>\n<p>Ketamin anv\u00e4nds f\u00f6r: Inducerar anestesi (avsaknad av k\u00e4nsla eller k\u00e4nsla) f\u00f6re ett medicinskt ingrepp eller viss metodik. S\u00e5ledes som inte kr\u00e4ver skelettmuskelavveckling ketaminkliniker. Det kan ocks\u00e5 anv\u00e4ndas f\u00f6r olika tillst\u00e5nd som kontrolleras av din prim\u00e4rv\u00e5rdsl\u00e4kare. Ketamin \u00e4r ett lugnande medel. Det fungerar i hj\u00e4rnan f\u00f6r att h\u00e5lla tillbaka sv\u00e5ra k\u00e4nslor k\u00f6p ketamin lagligt.<\/p>\n<h6>K\u00f6p ketamin lagligt online<\/h6>\n<p>Den prim\u00e4ra k\u00e4nslan av h\u00f6g klienten kommer att f\u00e5 en mind-boggling k\u00e4nsla av avveckling, en g\u00e5ng i tiden avbildas full body buzz intranasal ketamin. N\u00e5gra klienter k\u00e4nner sig som om de glider och vissa beskriver det till och med som att de \u00e4r ute ur kroppen. M\u00e5nga upplever pipedr\u00f6mmar som kan vara l\u00e4ngre \u00e4n de s\u00f6mniga effekterna. D\u00e4rf\u00f6r \u00e4r det viktigt att veta hur l\u00e4nge ketamin varar ketamininfusion.<\/p>\n<h6>Var kan man k\u00f6pa ketamin online<\/h6>\n<p>Ketamin (Ketalar) pulver ger en abrupt h\u00f6g som p\u00e5g\u00e5r i cirka 60 minuter. Den b\u00f6rjar cirka 2 till 5 minuter efter att portionen har r\u00f6kts eller svalts. Vid infusion intr\u00e4ffar den cirka 30 sekunder efter att infusionen har skett.<\/p>\n<h6>K\u00f6p ketamin online ingen l\u00f6sning<\/h6>\n<p>Den huvudsakliga k\u00e4nslan av high klienten kommer att f\u00e5 en sinnesf\u00f6rvirrande k\u00e4nsla av avsp\u00e4nning, i vissa fall portr\u00e4tterad helkroppssurrning. N\u00e5gra klienter k\u00e4nner att de glider och vissa beskriver det till och med som att de \u00e4r utanf\u00f6r kroppen. M\u00e5nga upplever visualiseringar som kan vara l\u00e4ngre \u00e4n de s\u00f6mniga effekterna ketamindepression.<\/p>\n\n<p>Den mest diskreta butiken online, du kan k\u00f6pa jwh 122 online, k\u00f6pa jwh 018 online, k\u00f6pa Nembutal online, k\u00f6pa Ketamin online, k\u00f6pa Nembutal Sodium Pentobarbital, k\u00f6pa TUSSIONEX COUGH SYRUP ONLINE, k\u00f6pa Actimmune online, k\u00f6pa Cinryze online, k\u00f6pa Crack kokain online, k\u00f6pa Kokain online, k\u00f6pa Heroin online,\u00a0k\u00f6pa LSD online, k\u00f6pa LSD tabletter online, k\u00f6pa Roxicodone online, k\u00f6pa Phenazepam, k\u00f6pa MDPV online, k\u00f6pa A-PVP kristaller, k\u00f6pa JWH-200, k\u00f6pa Dilaudid online, k\u00f6pa Adderall online, k\u00f6pa Oxycontin, k\u00f6pa Xanax online, k\u00f6pa Vicodin online, k\u00f6pa Mephedrone online, k\u00f6pa Pure Crystal Meth online, k\u00f6pa Fentanyl online<\/p>\n\n<h6>Ketamin piller till salu<\/h6>\n<p>H\u00f6gre doser kan ge alltmer extrema effekter, d\u00e4r klienterna tillk\u00e4nnager total och uttrycklig separation fr\u00e5n sina kroppar. Effekterna \u00e4r som de som skildras av personer som har haft n\u00e4ra m\u00f6ten med d\u00f6den, och som skildras i &#8220;K-gapet&#8221; ketamin f\u00f6r \u00e5ngest.<\/p>\n<h6>K\u00f6p ketaminpulver online<\/h6>\n<p>Ketamin (Ketalar) pulver har naturligtvis reaktioner och dessa kan vara mycket betydande. Momentana reaktioner inneh\u00e5ller fruktansv\u00e4rda mentala resor. Likas\u00e5 med varje enskild psykofarmaka. D\u00e4rf\u00f6r beror njutbarheten av den mentala resan p\u00e5 klientens perspektiv. Om klienten allts\u00e5 f\u00f6rs\u00f6ker fly fr\u00e5n nedst\u00e4mdhet. D\u00e4rf\u00f6r kommer fantasierna f\u00f6rmodligen att vara obehagliga. Ketamin (Ketalar) pulver<\/p>\n<h6>Var kan man k\u00f6pa ketamin<\/h6>\n<p>Normalt \u00e4r biverkningarna bland annat f\u00f6rvirring och allm\u00e4n perplexitet p\u00e5 grund av l\u00e4kemedlets lugnande karakt\u00e4r. Allts\u00e5, S\u00f6mnighet, Ut\u00f6kad puls, F\u00f6rh\u00f6jd cirkulationstyngd ketamininjektion.<\/p>\n<h6>K\u00f6p ketaminpulver online<\/h6>\n<p>Ketamin (Ketalar) pulver ger en abrupt h\u00f6g som <a href=\"https:\/\/en.wikipedia.org\/wiki\/Ketamine\">g\u00e5r<\/a> i cirka 60 minuter. Den b\u00f6rjar cirka 2 till 5 minuter efter att portionen har r\u00f6kts eller svalts. Ketaminkr\u00e4m k\u00f6p online, med infusion, uppst\u00e5r den cirka 30 sekunder efter att infusionen har skett lagligt ketamin k\u00f6p.<\/p>\n<h6>K\u00f6p flytande ketamin<\/h6>\n<p>Enorma doser av ketamin (Ketalar) Pulver kan ge upphov till vad vissa beskriver som &#8220;K-\u00f6ppning&#8221;, som kan inneh\u00e5lla allvarliga och osmakliga visuella och ljudrelaterade visualiseringar i kombination med st\u00e4mplad avrealisering och en h\u00e4pnadsv\u00e4ckande separation fr\u00e5n den verkliga v\u00e4rlden.<\/p>\n<h6>Hur man k\u00f6per ketamin online<\/h6>\n<p>Kanske mer intensivt problematiskt kan Ketamin (Ketalar) Powder-anv\u00e4ndare likas\u00e5 g\u00e5 mot att bli ganska illam\u00e5ende. Om detta avancerar till kr\u00e4kningar kan det vara exceptionellt farligt, eftersom de som befinner sig mitt i tillst\u00e5nd av separerad disarray s\u00e5 ofta. S\u00e5ledes kan m\u00f6jligtvis hamna i liggande l\u00e4ge-utvisande en genuin kv\u00e4vande risk.\u00a0(Ketalar) Pulver, pausa i en minut f\u00f6r att l\u00e4gga dem p\u00e5 sidan eller i \u00e5terh\u00e4mtningsl\u00e4ge om det \u00e4r m\u00f6jligt f\u00f6r att f\u00f6rhindra att detta intr\u00e4ffar. Ring omedelbart 911 f\u00f6r att f\u00e5 krismedicinsk hj\u00e4lp var kan jag k\u00f6pa ketamin onlile.<\/p>\n<p>Ketamin av god kvalitet p\u00e5 n\u00e4tet: Det \u00e4r helt f\u00f6rst\u00e5tt att m\u00e4nniskor inte snabbt litar p\u00e5 kvaliteten p\u00e5 Ketamin online som s\u00e4ljs p\u00e5 n\u00e4tet eftersom de inte kan unders\u00f6ka det fysiskt. Men det \u00e4r inte samma sak med leverant\u00f6rer av Ketamin online online. Produkterna h\u00e4r \u00e4r trogna sin beskrivning med h\u00f6gkvalitativt underh\u00e5ll som g\u00f6rs under experternas \u00f6verinseende.<\/p>\n<p>Snabb &amp; amp; Diskret leverans: Leveransen av Ketamin online efter att ha mottagit best\u00e4llningen sker inom den utlovade tidsramen. Fraktteamet l\u00e4gger all sin kraft p\u00e5 att g\u00f6ra frakt- och leveransf\u00f6rfarandet smidigt och snabbt. Du kan ocks\u00e5 f\u00f6rv\u00e4nta dig utm\u00e4rkta tj\u00e4nster n\u00e4r du k\u00f6per Ketamin online fr\u00e5n proffsen p\u00e5 onlineplattformen.<\/p>\n","protected":false},"excerpt":{"rendered":"<p>Ketamin har visat sig vara tillr\u00e4ckligt f\u00f6r att behandla nedst\u00e4mdhet hos patienter med bipol\u00e4r problematik som inte har svarat p\u00e5 antidepressiva l\u00e4kemedel.<\/p>\n","protected":false},"featured_media":9181,"comment_status":"open","ping_status":"closed","template":"","meta":{"_acf_changed":false,"_monsterinsights_skip_tracking":false,"_monsterinsights_sitenote_active":false,"_monsterinsights_sitenote_note":"","_monsterinsights_sitenote_category":0},"product_brand":[],"product_cat":[53],"product_tag":[499,498,496,497,495,500],"class_list":{"0":"post-9180","1":"product","2":"type-product","3":"status-publish","4":"has-post-thumbnail","6":"product_cat-research-chemicals","7":"product_tag-basta-stallet-att-kopa-ketamin-hcl-online","8":"product_tag-bestall-ketamin-hcl-online","9":"product_tag-hur-man-koper-ketamin-hcl-online","10":"product_tag-ketamin-hcl-till-salu","11":"product_tag-kop-ketamin-hcl-online","12":"product_tag-var-kan-man-kopa-ketamin-hcl-online","14":"first","15":"instock","16":"featured","17":"shipping-taxable","18":"purchasable","19":"product-type-variable","20":"has-default-attributes"},"acf":[],"yoast_head":"<!-- This site is optimized with the Yoast SEO plugin v27.2 - https:\/\/yoast.com\/product\/yoast-seo-wordpress\/ -->\n<title>Ketamininjektion till salu online | Global Meds Inc.<\/title>\n<meta name=\"description\" content=\"Ketamininjektion till salu online. Vi s\u00e4ljer ketamininjektioner av b\u00e4sta kvalitet. Kontakta oss g\u00e4rna f\u00f6r mer information och priser.\" \/>\n<meta name=\"robots\" content=\"index, follow, max-snippet:-1, max-image-preview:large, max-video-preview:-1\" \/>\n<link rel=\"canonical\" href=\"https:\/\/globalmedsonlineinc.com\/se\/product\/research-chemicals\/ketamine\/\" \/>\n<meta property=\"og:locale\" content=\"sv_SE\" \/>\n<meta property=\"og:type\" content=\"article\" \/>\n<meta property=\"og:title\" content=\"Ketamininjektion till salu online | Global Meds Inc.\" \/>\n<meta property=\"og:description\" content=\"Ketamininjektion till salu online. Vi s\u00e4ljer ketamininjektioner av b\u00e4sta kvalitet. Kontakta oss g\u00e4rna f\u00f6r mer information och priser.\" \/>\n<meta property=\"og:url\" content=\"https:\/\/globalmedsonlineinc.com\/se\/product\/research-chemicals\/ketamine\/\" \/>\n<meta property=\"og:site_name\" content=\"Global Meds Inc\" \/>\n<meta property=\"article:modified_time\" content=\"2024-02-21T09:14:36+00:00\" \/>\n<meta property=\"og:image\" content=\"https:\/\/globalmedsonlineinc.com\/se\/content\/media\/uploads\/sites\/8\/2021\/07\/Ketamine-HCL-for-Sale.jpg\" \/>\n\t<meta property=\"og:image:width\" content=\"1200\" \/>\n\t<meta property=\"og:image:height\" content=\"1200\" \/>\n\t<meta property=\"og:image:type\" content=\"image\/jpeg\" \/>\n<meta name=\"twitter:card\" content=\"summary_large_image\" \/>\n<meta name=\"twitter:label1\" content=\"Ber\u00e4knad l\u00e4stid\" \/>\n\t<meta name=\"twitter:data1\" content=\"5 minuter\" \/>\n<script type=\"application\/ld+json\" class=\"yoast-schema-graph\">{\"@context\":\"https:\/\/schema.org\",\"@graph\":[{\"@type\":\"WebPage\",\"@id\":\"https:\/\/globalmedsonlineinc.com\/se\/product\/research-chemicals\/ketamine\/\",\"url\":\"https:\/\/globalmedsonlineinc.com\/se\/product\/research-chemicals\/ketamine\/\",\"name\":\"Ketamininjektion till salu online | Global Meds Inc.\",\"isPartOf\":{\"@id\":\"https:\/\/globalmedsonlineinc.com\/se\/#website\"},\"primaryImageOfPage\":{\"@id\":\"https:\/\/globalmedsonlineinc.com\/se\/product\/research-chemicals\/ketamine\/#primaryimage\"},\"image\":{\"@id\":\"https:\/\/globalmedsonlineinc.com\/se\/product\/research-chemicals\/ketamine\/#primaryimage\"},\"thumbnailUrl\":\"https:\/\/globalmedsonlineinc.com\/se\/content\/media\/uploads\/sites\/8\/2021\/07\/Ketamine-HCL-for-Sale.jpg\",\"datePublished\":\"2021-07-02T20:17:48+00:00\",\"dateModified\":\"2024-02-21T09:14:36+00:00\",\"description\":\"Ketamininjektion till salu online. Vi s\u00e4ljer ketamininjektioner av b\u00e4sta kvalitet. Kontakta oss g\u00e4rna f\u00f6r mer information och priser.\",\"breadcrumb\":{\"@id\":\"https:\/\/globalmedsonlineinc.com\/se\/product\/research-chemicals\/ketamine\/#breadcrumb\"},\"inLanguage\":\"sv-SE\",\"potentialAction\":[{\"@type\":\"ReadAction\",\"target\":[\"https:\/\/globalmedsonlineinc.com\/se\/product\/research-chemicals\/ketamine\/\"]}]},{\"@type\":\"ImageObject\",\"inLanguage\":\"sv-SE\",\"@id\":\"https:\/\/globalmedsonlineinc.com\/se\/product\/research-chemicals\/ketamine\/#primaryimage\",\"url\":\"https:\/\/globalmedsonlineinc.com\/se\/content\/media\/uploads\/sites\/8\/2021\/07\/Ketamine-HCL-for-Sale.jpg\",\"contentUrl\":\"https:\/\/globalmedsonlineinc.com\/se\/content\/media\/uploads\/sites\/8\/2021\/07\/Ketamine-HCL-for-Sale.jpg\",\"width\":1200,\"height\":1200,\"caption\":\"Ketamininjektion till salu online\"},{\"@type\":\"BreadcrumbList\",\"@id\":\"https:\/\/globalmedsonlineinc.com\/se\/product\/research-chemicals\/ketamine\/#breadcrumb\",\"itemListElement\":[{\"@type\":\"ListItem\",\"position\":1,\"name\":\"Home\",\"item\":\"https:\/\/globalmedsonlineinc.com\/se\/\"},{\"@type\":\"ListItem\",\"position\":2,\"name\":\"Produkter\",\"item\":\"https:\/\/globalmedsonlineinc.com\/se\/produkter\/\"},{\"@type\":\"ListItem\",\"position\":3,\"name\":\"K\u00f6p Ketamin online\"}]},{\"@type\":\"WebSite\",\"@id\":\"https:\/\/globalmedsonlineinc.com\/se\/#website\",\"url\":\"https:\/\/globalmedsonlineinc.com\/se\/\",\"name\":\"Global Meds Inc\",\"description\":\"\",\"publisher\":{\"@id\":\"https:\/\/globalmedsonlineinc.com\/se\/#organization\"},\"potentialAction\":[{\"@type\":\"SearchAction\",\"target\":{\"@type\":\"EntryPoint\",\"urlTemplate\":\"https:\/\/globalmedsonlineinc.com\/se\/?s={search_term_string}\"},\"query-input\":{\"@type\":\"PropertyValueSpecification\",\"valueRequired\":true,\"valueName\":\"search_term_string\"}}],\"inLanguage\":\"sv-SE\"},{\"@type\":\"Organization\",\"@id\":\"https:\/\/globalmedsonlineinc.com\/se\/#organization\",\"name\":\"Global Meds Inc.\",\"url\":\"https:\/\/globalmedsonlineinc.com\/se\/\",\"logo\":{\"@type\":\"ImageObject\",\"inLanguage\":\"sv-SE\",\"@id\":\"https:\/\/globalmedsonlineinc.com\/se\/#\/schema\/logo\/image\/\",\"url\":\"https:\/\/globalmedsonlineinc.com\/se\/content\/media\/uploads\/sites\/8\/2021\/06\/globalmedsonlineincLogoShop20210630123730.00.png\",\"contentUrl\":\"https:\/\/globalmedsonlineinc.com\/se\/content\/media\/uploads\/sites\/8\/2021\/06\/globalmedsonlineincLogoShop20210630123730.00.png\",\"width\":450,\"height\":117,\"caption\":\"Global Meds Inc.\"},\"image\":{\"@id\":\"https:\/\/globalmedsonlineinc.com\/se\/#\/schema\/logo\/image\/\"}}]}<\/script>\n<!-- \/ Yoast SEO plugin. -->","yoast_head_json":{"title":"Ketamininjektion till salu online | Global Meds Inc.","description":"Ketamininjektion till salu online. Vi s\u00e4ljer ketamininjektioner av b\u00e4sta kvalitet. Kontakta oss g\u00e4rna f\u00f6r mer information och priser.","robots":{"index":"index","follow":"follow","max-snippet":"max-snippet:-1","max-image-preview":"max-image-preview:large","max-video-preview":"max-video-preview:-1"},"canonical":"https:\/\/globalmedsonlineinc.com\/se\/product\/research-chemicals\/ketamine\/","og_locale":"sv_SE","og_type":"article","og_title":"Ketamininjektion till salu online | Global Meds Inc.","og_description":"Ketamininjektion till salu online. Vi s\u00e4ljer ketamininjektioner av b\u00e4sta kvalitet. Kontakta oss g\u00e4rna f\u00f6r mer information och priser.","og_url":"https:\/\/globalmedsonlineinc.com\/se\/product\/research-chemicals\/ketamine\/","og_site_name":"Global Meds Inc","article_modified_time":"2024-02-21T09:14:36+00:00","og_image":[{"width":1200,"height":1200,"url":"https:\/\/globalmedsonlineinc.com\/se\/content\/media\/uploads\/sites\/8\/2021\/07\/Ketamine-HCL-for-Sale.jpg","type":"image\/jpeg"}],"twitter_card":"summary_large_image","twitter_misc":{"Ber\u00e4knad l\u00e4stid":"5 minuter"},"schema":{"@context":"https:\/\/schema.org","@graph":[{"@type":"WebPage","@id":"https:\/\/globalmedsonlineinc.com\/se\/product\/research-chemicals\/ketamine\/","url":"https:\/\/globalmedsonlineinc.com\/se\/product\/research-chemicals\/ketamine\/","name":"Ketamininjektion till salu online | Global Meds Inc.","isPartOf":{"@id":"https:\/\/globalmedsonlineinc.com\/se\/#website"},"primaryImageOfPage":{"@id":"https:\/\/globalmedsonlineinc.com\/se\/product\/research-chemicals\/ketamine\/#primaryimage"},"image":{"@id":"https:\/\/globalmedsonlineinc.com\/se\/product\/research-chemicals\/ketamine\/#primaryimage"},"thumbnailUrl":"https:\/\/globalmedsonlineinc.com\/se\/content\/media\/uploads\/sites\/8\/2021\/07\/Ketamine-HCL-for-Sale.jpg","datePublished":"2021-07-02T20:17:48+00:00","dateModified":"2024-02-21T09:14:36+00:00","description":"Ketamininjektion till salu online. Vi s\u00e4ljer ketamininjektioner av b\u00e4sta kvalitet. Kontakta oss g\u00e4rna f\u00f6r mer information och priser.","breadcrumb":{"@id":"https:\/\/globalmedsonlineinc.com\/se\/product\/research-chemicals\/ketamine\/#breadcrumb"},"inLanguage":"sv-SE","potentialAction":[{"@type":"ReadAction","target":["https:\/\/globalmedsonlineinc.com\/se\/product\/research-chemicals\/ketamine\/"]}]},{"@type":"ImageObject","inLanguage":"sv-SE","@id":"https:\/\/globalmedsonlineinc.com\/se\/product\/research-chemicals\/ketamine\/#primaryimage","url":"https:\/\/globalmedsonlineinc.com\/se\/content\/media\/uploads\/sites\/8\/2021\/07\/Ketamine-HCL-for-Sale.jpg","contentUrl":"https:\/\/globalmedsonlineinc.com\/se\/content\/media\/uploads\/sites\/8\/2021\/07\/Ketamine-HCL-for-Sale.jpg","width":1200,"height":1200,"caption":"Ketamininjektion till salu online"},{"@type":"BreadcrumbList","@id":"https:\/\/globalmedsonlineinc.com\/se\/product\/research-chemicals\/ketamine\/#breadcrumb","itemListElement":[{"@type":"ListItem","position":1,"name":"Home","item":"https:\/\/globalmedsonlineinc.com\/se\/"},{"@type":"ListItem","position":2,"name":"Produkter","item":"https:\/\/globalmedsonlineinc.com\/se\/produkter\/"},{"@type":"ListItem","position":3,"name":"K\u00f6p Ketamin online"}]},{"@type":"WebSite","@id":"https:\/\/globalmedsonlineinc.com\/se\/#website","url":"https:\/\/globalmedsonlineinc.com\/se\/","name":"Global Meds Inc","description":"","publisher":{"@id":"https:\/\/globalmedsonlineinc.com\/se\/#organization"},"potentialAction":[{"@type":"SearchAction","target":{"@type":"EntryPoint","urlTemplate":"https:\/\/globalmedsonlineinc.com\/se\/?s={search_term_string}"},"query-input":{"@type":"PropertyValueSpecification","valueRequired":true,"valueName":"search_term_string"}}],"inLanguage":"sv-SE"},{"@type":"Organization","@id":"https:\/\/globalmedsonlineinc.com\/se\/#organization","name":"Global Meds Inc.","url":"https:\/\/globalmedsonlineinc.com\/se\/","logo":{"@type":"ImageObject","inLanguage":"sv-SE","@id":"https:\/\/globalmedsonlineinc.com\/se\/#\/schema\/logo\/image\/","url":"https:\/\/globalmedsonlineinc.com\/se\/content\/media\/uploads\/sites\/8\/2021\/06\/globalmedsonlineincLogoShop20210630123730.00.png","contentUrl":"https:\/\/globalmedsonlineinc.com\/se\/content\/media\/uploads\/sites\/8\/2021\/06\/globalmedsonlineincLogoShop20210630123730.00.png","width":450,"height":117,"caption":"Global Meds Inc."},"image":{"@id":"https:\/\/globalmedsonlineinc.com\/se\/#\/schema\/logo\/image\/"}}]}},"_links":{"self":[{"href":"https:\/\/globalmedsonlineinc.com\/se\/wp-json\/wp\/v2\/product\/9180","targetHints":{"allow":["GET"]}}],"collection":[{"href":"https:\/\/globalmedsonlineinc.com\/se\/wp-json\/wp\/v2\/product"}],"about":[{"href":"https:\/\/globalmedsonlineinc.com\/se\/wp-json\/wp\/v2\/types\/product"}],"replies":[{"embeddable":true,"href":"https:\/\/globalmedsonlineinc.com\/se\/wp-json\/wp\/v2\/comments?post=9180"}],"wp:featuredmedia":[{"embeddable":true,"href":"https:\/\/globalmedsonlineinc.com\/se\/wp-json\/wp\/v2\/media\/9181"}],"wp:attachment":[{"href":"https:\/\/globalmedsonlineinc.com\/se\/wp-json\/wp\/v2\/media?parent=9180"}],"wp:term":[{"taxonomy":"product_brand","embeddable":true,"href":"https:\/\/globalmedsonlineinc.com\/se\/wp-json\/wp\/v2\/product_brand?post=9180"},{"taxonomy":"product_cat","embeddable":true,"href":"https:\/\/globalmedsonlineinc.com\/se\/wp-json\/wp\/v2\/product_cat?post=9180"},{"taxonomy":"product_tag","embeddable":true,"href":"https:\/\/globalmedsonlineinc.com\/se\/wp-json\/wp\/v2\/product_tag?post=9180"}],"curies":[{"name":"wp","href":"https:\/\/api.w.org\/{rel}","templated":true}]}}