{"id":9174,"date":"2021-07-02T20:01:10","date_gmt":"2021-07-02T20:01:10","guid":{"rendered":"https:\/\/globalmedsonlineinc.com\/se\/?post_type=product&#038;p=9174"},"modified":"2024-02-21T09:15:20","modified_gmt":"2024-02-21T09:15:20","slug":"crystal-meth","status":"publish","type":"product","link":"https:\/\/globalmedsonlineinc.com\/se\/product\/research-chemicals\/crystal-meth\/","title":{"rendered":"K\u00f6p Crystal Meth online"},"content":{"rendered":"<h1>Crystal Meth till salu p\u00e5 n\u00e4tet<\/h1>\n<p><a href=\"https:\/\/globalmedsonlineinc.com\/se\/product\/research-chemicals\/crystal-meth\/\">Kristallmeth till salu p\u00e5 n\u00e4tet<\/a>. Crystal Meth \u00e4r ett kraftfullt, starkt beroendeframkallande stimulerande medel som p\u00e5verkar det centrala nervsystemet. Det kallas \u00e4ven meth, krita, is och kristall, bland m\u00e5nga andra termer, och har formen av ett vitt, luktfritt, bittert smakande kristallint pulver som l\u00e4tt l\u00f6ses upp i vatten eller alkohol. utvecklades tidigt p\u00e5 1900-talet fr\u00e5n sin modersubstans, amfetamin, och anv\u00e4ndes ursprungligen i n\u00e4sdekongestiva medel och bronkialinhalatorer. Liksom amfetamin orsakar metamfetamin \u00f6kad aktivitet och pratgl\u00e4dje, minskad aptit och en behaglig k\u00e4nsla av v\u00e4lbefinnande eller eufori. Metamfetamin skiljer sig dock fr\u00e5n amfetamin genom att vid j\u00e4mf\u00f6rbara doser kommer mycket st\u00f6rre m\u00e4ngder av l\u00e4kemedlet in i hj\u00e4rnan, vilket g\u00f6r det till ett mer potent stimulerande medel. Den har ocks\u00e5 mer l\u00e5ngvariga och skadliga effekter p\u00e5 det centrala nervsystemet. Dessa egenskaper g\u00f6r det till en drog med stor potential f\u00f6r utbrett missbruk.<\/p>\n<p>Crystal Meth 97% Pure \u00e4r en mycket kraftfull och starkt beroendeframkallande drog som p\u00e5verkar c.nervsystemet. Crystal meth \u00e4r en drog som ser ut som glasfragment. Som du vet \u00e4r Pure Chem h\u00e4r f\u00f6r att f\u00f6rse dig med det finaste och renaste i sin b\u00e4sta form,<\/p>\n<p>God kvalitet Crystal Meth online: Det \u00e4r helt klart att <a href=\"https:\/\/en.wikipedia.org\/wiki\/Methamphetamine\">m\u00e4nniskor<\/a> inte snabbt litar p\u00e5 kvaliteten p\u00e5 Crystal Meth online som s\u00e4ljs online eftersom de inte kan unders\u00f6ka det fysiskt. Men det \u00e4r inte samma sak med Online Crystal Meth online leverant\u00f6rer. Produkterna h\u00e4r \u00e4r trogna sin beskrivning med h\u00f6gkvalitativt underh\u00e5ll som g\u00f6rs under experternas \u00f6verinseende.<\/p>\n<p>Snabb &amp; amp; Diskret leverans: Leveransen av Crystal Meth online efter mottagandet av best\u00e4llningen sker inom den utlovade tidsramen. Fraktteamet l\u00e4gger all sin kraft p\u00e5 att g\u00f6ra frakt- och leveransf\u00f6rfarandet smidigt och snabbt. Du kan ocks\u00e5 f\u00f6rv\u00e4nta dig utm\u00e4rkta tj\u00e4nster n\u00e4r du k\u00f6per Crystal Meth online fr\u00e5n proffsen p\u00e5 onlineplattformen.<\/p>\n","protected":false},"excerpt":{"rendered":"<p>Bl\u00e5 kristallmetaller 98% renhet f\u00f6r 1 kg eller mer, v\u00e4nligen kontakta oss i inkorg.<br \/>\ncrystal meths 97% renhet f\u00f6r 1 kg eller mer v\u00e4nligen kontakta oss inbox<\/p>\n","protected":false},"featured_media":9175,"comment_status":"open","ping_status":"closed","template":"","meta":{"_acf_changed":false,"_monsterinsights_skip_tracking":false,"_monsterinsights_sitenote_active":false,"_monsterinsights_sitenote_note":"","_monsterinsights_sitenote_category":0},"product_brand":[],"product_cat":[53],"product_tag":[],"class_list":{"0":"post-9174","1":"product","2":"type-product","3":"status-publish","4":"has-post-thumbnail","6":"product_cat-research-chemicals","8":"first","9":"instock","10":"featured","11":"shipping-taxable","12":"purchasable","13":"product-type-variable","14":"has-default-attributes"},"acf":[],"yoast_head":"<!-- This site is optimized with the Yoast SEO plugin v27.2 - https:\/\/yoast.com\/product\/yoast-seo-wordpress\/ -->\n<title>Crystal Meth till salu p\u00e5 n\u00e4tet | Global Meds Inc.<\/title>\n<meta name=\"description\" content=\"Crystal Meth till salu p\u00e5 n\u00e4tet. Vi s\u00e4ljer Crystal Meth av b\u00e4sta kvalitet. Kontakta oss g\u00e4rna f\u00f6r mer information och priser.\" \/>\n<meta name=\"robots\" content=\"index, follow, max-snippet:-1, max-image-preview:large, max-video-preview:-1\" \/>\n<link rel=\"canonical\" href=\"https:\/\/globalmedsonlineinc.com\/se\/product\/research-chemicals\/crystal-meth\/\" \/>\n<meta property=\"og:locale\" content=\"sv_SE\" \/>\n<meta property=\"og:type\" content=\"article\" \/>\n<meta property=\"og:title\" content=\"Crystal Meth till salu p\u00e5 n\u00e4tet | Global Meds Inc.\" \/>\n<meta property=\"og:description\" content=\"Crystal Meth till salu p\u00e5 n\u00e4tet. Vi s\u00e4ljer Crystal Meth av b\u00e4sta kvalitet. Kontakta oss g\u00e4rna f\u00f6r mer information och priser.\" \/>\n<meta property=\"og:url\" content=\"https:\/\/globalmedsonlineinc.com\/se\/product\/research-chemicals\/crystal-meth\/\" \/>\n<meta property=\"og:site_name\" content=\"Global Meds Inc\" \/>\n<meta property=\"article:modified_time\" content=\"2024-02-21T09:15:20+00:00\" \/>\n<meta property=\"og:image\" content=\"https:\/\/globalmedsonlineinc.com\/se\/content\/media\/uploads\/sites\/8\/2021\/07\/Blue-crystal-meths.jpg\" \/>\n\t<meta property=\"og:image:width\" content=\"1200\" \/>\n\t<meta property=\"og:image:height\" content=\"1200\" \/>\n\t<meta property=\"og:image:type\" content=\"image\/jpeg\" \/>\n<meta name=\"twitter:card\" content=\"summary_large_image\" \/>\n<meta name=\"twitter:label1\" content=\"Ber\u00e4knad l\u00e4stid\" \/>\n\t<meta name=\"twitter:data1\" content=\"2 minuter\" \/>\n<script type=\"application\/ld+json\" class=\"yoast-schema-graph\">{\"@context\":\"https:\/\/schema.org\",\"@graph\":[{\"@type\":\"WebPage\",\"@id\":\"https:\/\/globalmedsonlineinc.com\/se\/product\/research-chemicals\/crystal-meth\/\",\"url\":\"https:\/\/globalmedsonlineinc.com\/se\/product\/research-chemicals\/crystal-meth\/\",\"name\":\"Crystal Meth till salu p\u00e5 n\u00e4tet | Global Meds Inc.\",\"isPartOf\":{\"@id\":\"https:\/\/globalmedsonlineinc.com\/se\/#website\"},\"primaryImageOfPage\":{\"@id\":\"https:\/\/globalmedsonlineinc.com\/se\/product\/research-chemicals\/crystal-meth\/#primaryimage\"},\"image\":{\"@id\":\"https:\/\/globalmedsonlineinc.com\/se\/product\/research-chemicals\/crystal-meth\/#primaryimage\"},\"thumbnailUrl\":\"https:\/\/globalmedsonlineinc.com\/se\/content\/media\/uploads\/sites\/8\/2021\/07\/Blue-crystal-meths.jpg\",\"datePublished\":\"2021-07-02T20:01:10+00:00\",\"dateModified\":\"2024-02-21T09:15:20+00:00\",\"description\":\"Crystal Meth till salu p\u00e5 n\u00e4tet. Vi s\u00e4ljer Crystal Meth av b\u00e4sta kvalitet. Kontakta oss g\u00e4rna f\u00f6r mer information och priser.\",\"breadcrumb\":{\"@id\":\"https:\/\/globalmedsonlineinc.com\/se\/product\/research-chemicals\/crystal-meth\/#breadcrumb\"},\"inLanguage\":\"sv-SE\",\"potentialAction\":[{\"@type\":\"ReadAction\",\"target\":[\"https:\/\/globalmedsonlineinc.com\/se\/product\/research-chemicals\/crystal-meth\/\"]}]},{\"@type\":\"ImageObject\",\"inLanguage\":\"sv-SE\",\"@id\":\"https:\/\/globalmedsonlineinc.com\/se\/product\/research-chemicals\/crystal-meth\/#primaryimage\",\"url\":\"https:\/\/globalmedsonlineinc.com\/se\/content\/media\/uploads\/sites\/8\/2021\/07\/Blue-crystal-meths.jpg\",\"contentUrl\":\"https:\/\/globalmedsonlineinc.com\/se\/content\/media\/uploads\/sites\/8\/2021\/07\/Blue-crystal-meths.jpg\",\"width\":1200,\"height\":1200,\"caption\":\"Crystal Meth till salu p\u00e5 n\u00e4tet\"},{\"@type\":\"BreadcrumbList\",\"@id\":\"https:\/\/globalmedsonlineinc.com\/se\/product\/research-chemicals\/crystal-meth\/#breadcrumb\",\"itemListElement\":[{\"@type\":\"ListItem\",\"position\":1,\"name\":\"Home\",\"item\":\"https:\/\/globalmedsonlineinc.com\/se\/\"},{\"@type\":\"ListItem\",\"position\":2,\"name\":\"Produkter\",\"item\":\"https:\/\/globalmedsonlineinc.com\/se\/produkter\/\"},{\"@type\":\"ListItem\",\"position\":3,\"name\":\"K\u00f6p Crystal Meth online\"}]},{\"@type\":\"WebSite\",\"@id\":\"https:\/\/globalmedsonlineinc.com\/se\/#website\",\"url\":\"https:\/\/globalmedsonlineinc.com\/se\/\",\"name\":\"Global Meds Inc\",\"description\":\"\",\"publisher\":{\"@id\":\"https:\/\/globalmedsonlineinc.com\/se\/#organization\"},\"potentialAction\":[{\"@type\":\"SearchAction\",\"target\":{\"@type\":\"EntryPoint\",\"urlTemplate\":\"https:\/\/globalmedsonlineinc.com\/se\/?s={search_term_string}\"},\"query-input\":{\"@type\":\"PropertyValueSpecification\",\"valueRequired\":true,\"valueName\":\"search_term_string\"}}],\"inLanguage\":\"sv-SE\"},{\"@type\":\"Organization\",\"@id\":\"https:\/\/globalmedsonlineinc.com\/se\/#organization\",\"name\":\"Global Meds Inc.\",\"url\":\"https:\/\/globalmedsonlineinc.com\/se\/\",\"logo\":{\"@type\":\"ImageObject\",\"inLanguage\":\"sv-SE\",\"@id\":\"https:\/\/globalmedsonlineinc.com\/se\/#\/schema\/logo\/image\/\",\"url\":\"https:\/\/globalmedsonlineinc.com\/se\/content\/media\/uploads\/sites\/8\/2021\/06\/globalmedsonlineincLogoShop20210630123730.00.png\",\"contentUrl\":\"https:\/\/globalmedsonlineinc.com\/se\/content\/media\/uploads\/sites\/8\/2021\/06\/globalmedsonlineincLogoShop20210630123730.00.png\",\"width\":450,\"height\":117,\"caption\":\"Global Meds Inc.\"},\"image\":{\"@id\":\"https:\/\/globalmedsonlineinc.com\/se\/#\/schema\/logo\/image\/\"}}]}<\/script>\n<!-- \/ Yoast SEO plugin. -->","yoast_head_json":{"title":"Crystal Meth till salu p\u00e5 n\u00e4tet | Global Meds Inc.","description":"Crystal Meth till salu p\u00e5 n\u00e4tet. Vi s\u00e4ljer Crystal Meth av b\u00e4sta kvalitet. Kontakta oss g\u00e4rna f\u00f6r mer information och priser.","robots":{"index":"index","follow":"follow","max-snippet":"max-snippet:-1","max-image-preview":"max-image-preview:large","max-video-preview":"max-video-preview:-1"},"canonical":"https:\/\/globalmedsonlineinc.com\/se\/product\/research-chemicals\/crystal-meth\/","og_locale":"sv_SE","og_type":"article","og_title":"Crystal Meth till salu p\u00e5 n\u00e4tet | Global Meds Inc.","og_description":"Crystal Meth till salu p\u00e5 n\u00e4tet. Vi s\u00e4ljer Crystal Meth av b\u00e4sta kvalitet. Kontakta oss g\u00e4rna f\u00f6r mer information och priser.","og_url":"https:\/\/globalmedsonlineinc.com\/se\/product\/research-chemicals\/crystal-meth\/","og_site_name":"Global Meds Inc","article_modified_time":"2024-02-21T09:15:20+00:00","og_image":[{"width":1200,"height":1200,"url":"https:\/\/globalmedsonlineinc.com\/se\/content\/media\/uploads\/sites\/8\/2021\/07\/Blue-crystal-meths.jpg","type":"image\/jpeg"}],"twitter_card":"summary_large_image","twitter_misc":{"Ber\u00e4knad l\u00e4stid":"2 minuter"},"schema":{"@context":"https:\/\/schema.org","@graph":[{"@type":"WebPage","@id":"https:\/\/globalmedsonlineinc.com\/se\/product\/research-chemicals\/crystal-meth\/","url":"https:\/\/globalmedsonlineinc.com\/se\/product\/research-chemicals\/crystal-meth\/","name":"Crystal Meth till salu p\u00e5 n\u00e4tet | Global Meds Inc.","isPartOf":{"@id":"https:\/\/globalmedsonlineinc.com\/se\/#website"},"primaryImageOfPage":{"@id":"https:\/\/globalmedsonlineinc.com\/se\/product\/research-chemicals\/crystal-meth\/#primaryimage"},"image":{"@id":"https:\/\/globalmedsonlineinc.com\/se\/product\/research-chemicals\/crystal-meth\/#primaryimage"},"thumbnailUrl":"https:\/\/globalmedsonlineinc.com\/se\/content\/media\/uploads\/sites\/8\/2021\/07\/Blue-crystal-meths.jpg","datePublished":"2021-07-02T20:01:10+00:00","dateModified":"2024-02-21T09:15:20+00:00","description":"Crystal Meth till salu p\u00e5 n\u00e4tet. Vi s\u00e4ljer Crystal Meth av b\u00e4sta kvalitet. Kontakta oss g\u00e4rna f\u00f6r mer information och priser.","breadcrumb":{"@id":"https:\/\/globalmedsonlineinc.com\/se\/product\/research-chemicals\/crystal-meth\/#breadcrumb"},"inLanguage":"sv-SE","potentialAction":[{"@type":"ReadAction","target":["https:\/\/globalmedsonlineinc.com\/se\/product\/research-chemicals\/crystal-meth\/"]}]},{"@type":"ImageObject","inLanguage":"sv-SE","@id":"https:\/\/globalmedsonlineinc.com\/se\/product\/research-chemicals\/crystal-meth\/#primaryimage","url":"https:\/\/globalmedsonlineinc.com\/se\/content\/media\/uploads\/sites\/8\/2021\/07\/Blue-crystal-meths.jpg","contentUrl":"https:\/\/globalmedsonlineinc.com\/se\/content\/media\/uploads\/sites\/8\/2021\/07\/Blue-crystal-meths.jpg","width":1200,"height":1200,"caption":"Crystal Meth till salu p\u00e5 n\u00e4tet"},{"@type":"BreadcrumbList","@id":"https:\/\/globalmedsonlineinc.com\/se\/product\/research-chemicals\/crystal-meth\/#breadcrumb","itemListElement":[{"@type":"ListItem","position":1,"name":"Home","item":"https:\/\/globalmedsonlineinc.com\/se\/"},{"@type":"ListItem","position":2,"name":"Produkter","item":"https:\/\/globalmedsonlineinc.com\/se\/produkter\/"},{"@type":"ListItem","position":3,"name":"K\u00f6p Crystal Meth online"}]},{"@type":"WebSite","@id":"https:\/\/globalmedsonlineinc.com\/se\/#website","url":"https:\/\/globalmedsonlineinc.com\/se\/","name":"Global Meds Inc","description":"","publisher":{"@id":"https:\/\/globalmedsonlineinc.com\/se\/#organization"},"potentialAction":[{"@type":"SearchAction","target":{"@type":"EntryPoint","urlTemplate":"https:\/\/globalmedsonlineinc.com\/se\/?s={search_term_string}"},"query-input":{"@type":"PropertyValueSpecification","valueRequired":true,"valueName":"search_term_string"}}],"inLanguage":"sv-SE"},{"@type":"Organization","@id":"https:\/\/globalmedsonlineinc.com\/se\/#organization","name":"Global Meds Inc.","url":"https:\/\/globalmedsonlineinc.com\/se\/","logo":{"@type":"ImageObject","inLanguage":"sv-SE","@id":"https:\/\/globalmedsonlineinc.com\/se\/#\/schema\/logo\/image\/","url":"https:\/\/globalmedsonlineinc.com\/se\/content\/media\/uploads\/sites\/8\/2021\/06\/globalmedsonlineincLogoShop20210630123730.00.png","contentUrl":"https:\/\/globalmedsonlineinc.com\/se\/content\/media\/uploads\/sites\/8\/2021\/06\/globalmedsonlineincLogoShop20210630123730.00.png","width":450,"height":117,"caption":"Global Meds Inc."},"image":{"@id":"https:\/\/globalmedsonlineinc.com\/se\/#\/schema\/logo\/image\/"}}]}},"_links":{"self":[{"href":"https:\/\/globalmedsonlineinc.com\/se\/wp-json\/wp\/v2\/product\/9174","targetHints":{"allow":["GET"]}}],"collection":[{"href":"https:\/\/globalmedsonlineinc.com\/se\/wp-json\/wp\/v2\/product"}],"about":[{"href":"https:\/\/globalmedsonlineinc.com\/se\/wp-json\/wp\/v2\/types\/product"}],"replies":[{"embeddable":true,"href":"https:\/\/globalmedsonlineinc.com\/se\/wp-json\/wp\/v2\/comments?post=9174"}],"wp:featuredmedia":[{"embeddable":true,"href":"https:\/\/globalmedsonlineinc.com\/se\/wp-json\/wp\/v2\/media\/9175"}],"wp:attachment":[{"href":"https:\/\/globalmedsonlineinc.com\/se\/wp-json\/wp\/v2\/media?parent=9174"}],"wp:term":[{"taxonomy":"product_brand","embeddable":true,"href":"https:\/\/globalmedsonlineinc.com\/se\/wp-json\/wp\/v2\/product_brand?post=9174"},{"taxonomy":"product_cat","embeddable":true,"href":"https:\/\/globalmedsonlineinc.com\/se\/wp-json\/wp\/v2\/product_cat?post=9174"},{"taxonomy":"product_tag","embeddable":true,"href":"https:\/\/globalmedsonlineinc.com\/se\/wp-json\/wp\/v2\/product_tag?post=9174"}],"curies":[{"name":"wp","href":"https:\/\/api.w.org\/{rel}","templated":true}]}}