{"id":9166,"date":"2021-07-02T19:34:28","date_gmt":"2021-07-02T19:34:28","guid":{"rendered":"https:\/\/globalmedsonlineinc.com\/se\/?post_type=product&#038;p=9166"},"modified":"2024-02-21T09:16:24","modified_gmt":"2024-02-21T09:16:24","slug":"amphetamine","status":"publish","type":"product","link":"https:\/\/globalmedsonlineinc.com\/se\/product\/research-chemicals\/amphetamine\/","title":{"rendered":"K\u00f6p Amfetamin Pulver online"},"content":{"rendered":"<h1>Ampetaminpulver till salu p\u00e5 n\u00e4tet<\/h1>\n<p><a href=\"https:\/\/globalmedsonlineinc.com\/se\/product\/research-chemicals\/amphetamine\/\">Amphetaminpulver till salu<\/a> online. K\u00f6p amfetaminpulver online i Storbritannien, Europa, EU, postorder amfetaminpulver, Amfetamin \u00e4r stimulerande l\u00e4kemedel, vilket inneb\u00e4r att de p\u00e5skyndar de meddelanden som skickas mellan hj\u00e4rnan och kroppen.<\/p>\n<p><em>Amphetaminer<\/em> \u00e4r stimulerande l\u00e4kemedel, vilket inneb\u00e4r att de p\u00e5skyndar de meddelanden som g\u00e5r mellan hj\u00e4rnan och kroppen.<\/p>\n<p>Du kanske ocks\u00e5 \u00e4r intresserad av information om effekter och h\u00e4lsoeffekter av <em>Ampetaminpulver<\/em>. Det kan uppst\u00e5 p\u00e5 samma s\u00e4tt som m\u00e5nga olika droger g\u00f6r<\/p>\n<p>Vissa typer av amfetamin f\u00f6rskrivs lagligt av l\u00e4kare f\u00f6r att behandla tillst\u00e5nd som ADHD (attention deficit hyperactivity disorder) och narkolepsi (d\u00e4r en person har ett okontrollerbart behov av att sova). Andra typer av amfetamin, t.ex. speed, tillverkas och s\u00e4ljs olagligt. Den mer potenta formen, kristallmetamfetamin (ice), behandlas i ett separat faktablad.<\/p>\n<p>Utseendet p\u00e5 amfetamin varierar. Dessa droger kan vara i form av pulver, tabletter, kristaller och kapslar. De kan vara f\u00f6rpackade i &#8220;folie&#8221; (aluminiumfolie), plastp\u00e5sar eller sm\u00e5 ballonger n\u00e4r de s\u00e4ljs olagligt.<\/p>\n<p>Amfetaminpulver kan ha en f\u00e4rg som varierar fr\u00e5n vitt till brunt, ibland kan det inneh\u00e5lla sp\u00e5r av gr\u00e5tt eller rosa. Det har en stark lukt och bitter smak. Amfetaminkapslar och tabletter varierar avsev\u00e4rt i storlek och f\u00e4rg.<\/p>\n<p>Amfetamin &#8211; Illegalt tillverkat amfetamin kan vara en <a href=\"https:\/\/en.wikipedia.org\/wiki\/Amphetamine\">blandning<\/a> av droger, bindemedel, koffein och socker.\u00a0Nya psykoaktiva \u00e4mnen kan ocks\u00e5 tills\u00e4ttas.<\/p>\n<h6>Affekter av amfetamin<\/h6>\n<p>Amfetamin p\u00e5verkar alla p\u00e5 olika s\u00e4tt, baserat p\u00e5:<\/p>\n<ul>\n<li>Storlek, vikt och h\u00e4lsa<\/li>\n<li>Om personen \u00e4r van vid att ta det<\/li>\n<li>Om andra droger tas vid samma tidpunkt<\/li>\n<li>M\u00e4ngden som tas<\/li>\n<li>Drogernas styrka (varierar fr\u00e5n parti till parti med olagligt framst\u00e4llda droger)<\/li>\n<\/ul>\n<p>Effekterna av amfetamin kan k\u00e4nnas omedelbart (om det injiceras eller r\u00f6ks) eller inom 30 minuter (om det snusas eller sv\u00e4ljs).<\/p>\n<p>F\u00f6ljande effekter kan upplevas:<\/p>\n<ul>\n<li>Lycka och sj\u00e4lvf\u00f6rtroende<\/li>\n<li>Prata mer och k\u00e4nna dig energisk<\/li>\n<li>Upprepa enkla saker som att kliar och klia sig<\/li>\n<li>Stora pupiller och torr mun<\/li>\n<li>Snabb hj\u00e4rtslag och andning<\/li>\n<li>Tandslipning<\/li>\n<li>Minskad aptit<\/li>\n<li>\u00d6verdriven svettning<\/li>\n<li>\u00d6kad sexlust<\/li>\n<\/ul>\n<h6>\u00d6verdosering<\/h6>\n<p>Om en stor m\u00e4ngd eller en stark sats tas kan det ocks\u00e5 orsaka en \u00f6verdos. Om n\u00e5gon av f\u00f6ljande effekter upplevs ska ambulans tillkallas omedelbart genom att sl\u00e5 trippel noll (000). Ambulanspersonal beh\u00f6ver inte blanda in polisen.<\/p>\n<ul>\n<li>Racing heartbeat<\/li>\n<li>Passar<\/li>\n<li>Slocknar<\/li>\n<li>Stroke, hj\u00e4rtinfarkt och d\u00f6dsfall<\/li>\n<\/ul>\n<p>Snorrande amfetamin kan skada n\u00e4sg\u00e5ngen och orsaka n\u00e4sblod.<\/p>\n<p>Att injicera amfetamin och dela n\u00e5lar kan \u00f6ka risken f\u00f6r:<\/p>\n<ul>\n<li>Hepatit B<\/li>\n<li>Hepatit C<\/li>\n<li>HIV\/AIDS<\/li>\n<li>Skrampkramp<\/li>\n<\/ul>\n<h6>Kommer ner<\/h6>\n<p>Under 2 till 4 dagar efter amfetaminanv\u00e4ndning kan f\u00f6ljande effekter upplevas:<\/p>\n<ul>\n<li>Rostl\u00f6s s\u00f6mn och utmattning<\/li>\n<li>Huvudv\u00e4rk<\/li>\n<li>Yrsel och dimsyn<\/li>\n<li>Paranoia, hallucinationer och f\u00f6rvirring<\/li>\n<li>Irritabilitet, hum\u00f6rsv\u00e4ngningar och depression<\/li>\n<\/ul>\n<p>Att anv\u00e4nda ett depressivt l\u00e4kemedel som alkohol, bensodiazepiner eller cannabis f\u00f6r att hj\u00e4lpa till med &#8220;fallande&#8221; effekter kan resultera i en cykel av beroende av b\u00e5da typerna av droger.<\/p>\n<h6>L\u00e5ngsiktiga effekter<\/h6>\n<p>Regelbunden anv\u00e4ndning av amfetamin kan s\u00e5 sm\u00e5ningom orsaka:<\/p>\n<ul>\n<li>Minskad aptit och extrem viktminskning<\/li>\n<li>Rostl\u00f6s s\u00f6mn<\/li>\n<li>Muntorrhet och tandproblem<\/li>\n<li>Regelbunden f\u00f6rkylning och influensa<\/li>\n<li>Koncentrationsproblem<\/li>\n<li>Andningssv\u00e5righeter<\/li>\n<li>Muskelstelhet<\/li>\n<li>\u00c5ngest och paranoia<\/li>\n<li>Depression<\/li>\n<li>Hj\u00e4rt- och njurproblem<\/li>\n<li>\u00d6kad risk f\u00f6r stroke<\/li>\n<li>Beh\u00f6ver anv\u00e4nda mer f\u00f6r att f\u00e5 samma effekt<\/li>\n<li>Beroende av amfetamin<\/li>\n<li>Ekonomiska, arbets- och sociala problem<\/li>\n<\/ul>\n<h6>Ampetaminpsykos<\/h6>\n<p>H\u00f6ga doser och frekvent tungt bruk kan ocks\u00e5 skapa en &#8220;amfetaminpsykos&#8221;, som k\u00e4nnetecknas av paranoida vanf\u00f6rest\u00e4llningar, hallucinationer och ett aggressivt eller v\u00e5ldsamt beteende som inte passar in. Dessa symtom f\u00f6rsvinner vanligtvis n\u00e5gra dagar efter att personen slutar anv\u00e4nda amfetamin.<\/p>\n<h6>Blandning av amfetamin med andra droger<\/h6>\n<p>Effekterna av att ta amfetamin tillsammans med andra droger &#8211; inklusive receptfria eller receptbelagda l\u00e4kemedel &#8211; kan vara of\u00f6ruts\u00e4gbara och farliga och kan orsaka:<\/p>\n<p><strong>Ampetamin + vissa antidepressiva medel:<\/strong> f\u00f6rh\u00f6jt blodtryck, vilket kan leda till oregelbunden hj\u00e4rtslag, hj\u00e4rtsvikt och stroke.<a href=\"http:\/\/www.druginfo.adf.org.au\/drug-facts\/amphetamines#references\"><sup>4<\/sup><\/a><\/p>\n<p><strong>Amphetamin + alkohol, cannabis eller bensodiazepiner:<\/strong> kroppen uts\u00e4tts f\u00f6r en h\u00f6g grad av stress n\u00e4r den f\u00f6rs\u00f6ker hantera de motstridiga effekterna av b\u00e5da typerna av l\u00e4kemedel, vilket kan leda till en \u00f6verdos.<\/p>\n<h6>Avv\u00e4njning<\/h6>\n<p>Att sluta med amfetamin efter att ha anv\u00e4nt dem under l\u00e5ng tid \u00e4r en utmaning eftersom kroppen m\u00e5ste v\u00e4nja sig vid att fungera utan dem. Abstinenssymptomen b\u00f6r lugna ner sig efter en vecka och f\u00f6rsvinner mestadels efter en m\u00e5nad. Symtomen omfattar bland annat f\u00f6ljande:<\/p>\n<ul>\n<li>Kr\u00e4kningar efter amfetamin<\/li>\n<li>\u00d6kad aptit<\/li>\n<li>F\u00f6rvirring och irritabilitet<\/li>\n<li>Ansamling av v\u00e4rk och sm\u00e4rta<\/li>\n<li>Utslitning<\/li>\n<li>R\u00f6rlig s\u00f6mn och mardr\u00f6mmar<\/li>\n<li>Angslan, depression och paranoia<br \/>\nGod kvalitet amfetaminpulver online: Det \u00e4r helt f\u00f6rst\u00e5tt att m\u00e4nniskor inte snabbt litar p\u00e5 kvaliteten p\u00e5 amfetaminpulver online som s\u00e4ljs p\u00e5 n\u00e4tet eftersom de inte kan unders\u00f6ka det fysiskt. Men det \u00e4r inte samma sak med leverant\u00f6rer av amfetaminpulver online. Produkterna h\u00e4r \u00e4r trogna sin beskrivning med h\u00f6gkvalitativt underh\u00e5ll som g\u00f6rs under experternas \u00f6verinseende.<\/p>\n<p>Snabb &amp; Diskret leverans: Leveransen av amfetaminpulver online efter att ha mottagit best\u00e4llningen sker inom den utlovade tidsramen. Fraktteamet l\u00e4gger all sin kraft p\u00e5 att g\u00f6ra frakt- och leveransf\u00f6rfarandet smidigt och snabbt. Du kan ocks\u00e5 f\u00f6rv\u00e4nta dig utm\u00e4rkta tj\u00e4nster n\u00e4r du k\u00f6per amfetaminpulver online fr\u00e5n proffsen p\u00e5 onlineplattformen.<\/li>\n<\/ul>\n","protected":false},"excerpt":{"rendered":"<p>Amfetaminpulver\u00a0\u00e4r en kraftfull stimulator av det centrala\u00a0nervsystemet (hj\u00e4rnan och nerverna i ryggm\u00e4rgen) och har en medicinsk roll vid ett antal sjukdomar. Det \u00e4r ocks\u00e5 mycket beroendeframkallande och har en historia av missbruk.<\/p>\n<p>Amfetaminpulver anv\u00e4nds medicinskt f\u00f6r att behandla uppm\u00e4rksamhetsst\u00f6rning med hyperaktivitet<\/p>\n","protected":false},"featured_media":9167,"comment_status":"open","ping_status":"closed","template":"","meta":{"_acf_changed":false,"_monsterinsights_skip_tracking":false,"_monsterinsights_sitenote_active":false,"_monsterinsights_sitenote_note":"","_monsterinsights_sitenote_category":0},"product_brand":[],"product_cat":[53],"product_tag":[615,616,619,618,617,620],"class_list":{"0":"post-9166","1":"product","2":"type-product","3":"status-publish","4":"has-post-thumbnail","6":"product_cat-research-chemicals","7":"product_tag-amphetamin-powder","8":"product_tag-amphetamin-powder-till-salu","9":"product_tag-basta-stallet-att-kopa-amphetamin-powder-online","10":"product_tag-bestall-amphetamin-powder-online","11":"product_tag-kop-amphetamin-powder-online","12":"product_tag-var-man-kan-kopa-amphetamin-powder-online","14":"first","15":"instock","16":"shipping-taxable","17":"purchasable","18":"product-type-variable","19":"has-default-attributes"},"acf":[],"yoast_head":"<!-- This site is optimized with the Yoast SEO plugin v27.2 - https:\/\/yoast.com\/product\/yoast-seo-wordpress\/ -->\n<title>Amfetaminpulver till salu online | Global Meds Inc.<\/title>\n<meta name=\"description\" content=\"Amfetaminpulver till salu online. Om du letar efter hur man k\u00f6per amfetaminpulver online, d\u00e5 \u00e4r du p\u00e5 r\u00e4tt st\u00e4lle att k\u00f6pa amfetaminpulver online.\" \/>\n<meta name=\"robots\" content=\"index, follow, max-snippet:-1, max-image-preview:large, max-video-preview:-1\" \/>\n<link rel=\"canonical\" href=\"https:\/\/globalmedsonlineinc.com\/se\/product\/research-chemicals\/amphetamine\/\" \/>\n<meta property=\"og:locale\" content=\"sv_SE\" \/>\n<meta property=\"og:type\" content=\"article\" \/>\n<meta property=\"og:title\" content=\"Amfetaminpulver till salu online | Global Meds Inc.\" \/>\n<meta property=\"og:description\" content=\"Amfetaminpulver till salu online. Om du letar efter hur man k\u00f6per amfetaminpulver online, d\u00e5 \u00e4r du p\u00e5 r\u00e4tt st\u00e4lle att k\u00f6pa amfetaminpulver online.\" \/>\n<meta property=\"og:url\" content=\"https:\/\/globalmedsonlineinc.com\/se\/product\/research-chemicals\/amphetamine\/\" \/>\n<meta property=\"og:site_name\" content=\"Global Meds Inc\" \/>\n<meta property=\"article:modified_time\" content=\"2024-02-21T09:16:24+00:00\" \/>\n<meta property=\"og:image\" content=\"https:\/\/globalmedsonlineinc.com\/se\/content\/media\/uploads\/sites\/8\/2021\/07\/Buy-Amphetamine-Powder.jpg\" \/>\n\t<meta property=\"og:image:width\" content=\"1200\" \/>\n\t<meta property=\"og:image:height\" content=\"1200\" \/>\n\t<meta property=\"og:image:type\" content=\"image\/jpeg\" \/>\n<meta name=\"twitter:card\" content=\"summary_large_image\" \/>\n<meta name=\"twitter:label1\" content=\"Ber\u00e4knad l\u00e4stid\" \/>\n\t<meta name=\"twitter:data1\" content=\"5 minuter\" \/>\n<script type=\"application\/ld+json\" class=\"yoast-schema-graph\">{\"@context\":\"https:\/\/schema.org\",\"@graph\":[{\"@type\":\"WebPage\",\"@id\":\"https:\/\/globalmedsonlineinc.com\/se\/product\/research-chemicals\/amphetamine\/\",\"url\":\"https:\/\/globalmedsonlineinc.com\/se\/product\/research-chemicals\/amphetamine\/\",\"name\":\"Amfetaminpulver till salu online | Global Meds Inc.\",\"isPartOf\":{\"@id\":\"https:\/\/globalmedsonlineinc.com\/se\/#website\"},\"primaryImageOfPage\":{\"@id\":\"https:\/\/globalmedsonlineinc.com\/se\/product\/research-chemicals\/amphetamine\/#primaryimage\"},\"image\":{\"@id\":\"https:\/\/globalmedsonlineinc.com\/se\/product\/research-chemicals\/amphetamine\/#primaryimage\"},\"thumbnailUrl\":\"https:\/\/globalmedsonlineinc.com\/se\/content\/media\/uploads\/sites\/8\/2021\/07\/Buy-Amphetamine-Powder.jpg\",\"datePublished\":\"2021-07-02T19:34:28+00:00\",\"dateModified\":\"2024-02-21T09:16:24+00:00\",\"description\":\"Amfetaminpulver till salu online. Om du letar efter hur man k\u00f6per amfetaminpulver online, d\u00e5 \u00e4r du p\u00e5 r\u00e4tt st\u00e4lle att k\u00f6pa amfetaminpulver online.\",\"breadcrumb\":{\"@id\":\"https:\/\/globalmedsonlineinc.com\/se\/product\/research-chemicals\/amphetamine\/#breadcrumb\"},\"inLanguage\":\"sv-SE\",\"potentialAction\":[{\"@type\":\"ReadAction\",\"target\":[\"https:\/\/globalmedsonlineinc.com\/se\/product\/research-chemicals\/amphetamine\/\"]}]},{\"@type\":\"ImageObject\",\"inLanguage\":\"sv-SE\",\"@id\":\"https:\/\/globalmedsonlineinc.com\/se\/product\/research-chemicals\/amphetamine\/#primaryimage\",\"url\":\"https:\/\/globalmedsonlineinc.com\/se\/content\/media\/uploads\/sites\/8\/2021\/07\/Buy-Amphetamine-Powder.jpg\",\"contentUrl\":\"https:\/\/globalmedsonlineinc.com\/se\/content\/media\/uploads\/sites\/8\/2021\/07\/Buy-Amphetamine-Powder.jpg\",\"width\":1200,\"height\":1200,\"caption\":\"Ampetaminpulver till salu p\u00e5 n\u00e4tet\"},{\"@type\":\"BreadcrumbList\",\"@id\":\"https:\/\/globalmedsonlineinc.com\/se\/product\/research-chemicals\/amphetamine\/#breadcrumb\",\"itemListElement\":[{\"@type\":\"ListItem\",\"position\":1,\"name\":\"Home\",\"item\":\"https:\/\/globalmedsonlineinc.com\/se\/\"},{\"@type\":\"ListItem\",\"position\":2,\"name\":\"Produkter\",\"item\":\"https:\/\/globalmedsonlineinc.com\/se\/produkter\/\"},{\"@type\":\"ListItem\",\"position\":3,\"name\":\"K\u00f6p Amfetamin Pulver online\"}]},{\"@type\":\"WebSite\",\"@id\":\"https:\/\/globalmedsonlineinc.com\/se\/#website\",\"url\":\"https:\/\/globalmedsonlineinc.com\/se\/\",\"name\":\"Global Meds Inc\",\"description\":\"\",\"publisher\":{\"@id\":\"https:\/\/globalmedsonlineinc.com\/se\/#organization\"},\"potentialAction\":[{\"@type\":\"SearchAction\",\"target\":{\"@type\":\"EntryPoint\",\"urlTemplate\":\"https:\/\/globalmedsonlineinc.com\/se\/?s={search_term_string}\"},\"query-input\":{\"@type\":\"PropertyValueSpecification\",\"valueRequired\":true,\"valueName\":\"search_term_string\"}}],\"inLanguage\":\"sv-SE\"},{\"@type\":\"Organization\",\"@id\":\"https:\/\/globalmedsonlineinc.com\/se\/#organization\",\"name\":\"Global Meds Inc.\",\"url\":\"https:\/\/globalmedsonlineinc.com\/se\/\",\"logo\":{\"@type\":\"ImageObject\",\"inLanguage\":\"sv-SE\",\"@id\":\"https:\/\/globalmedsonlineinc.com\/se\/#\/schema\/logo\/image\/\",\"url\":\"https:\/\/globalmedsonlineinc.com\/se\/content\/media\/uploads\/sites\/8\/2021\/06\/globalmedsonlineincLogoShop20210630123730.00.png\",\"contentUrl\":\"https:\/\/globalmedsonlineinc.com\/se\/content\/media\/uploads\/sites\/8\/2021\/06\/globalmedsonlineincLogoShop20210630123730.00.png\",\"width\":450,\"height\":117,\"caption\":\"Global Meds Inc.\"},\"image\":{\"@id\":\"https:\/\/globalmedsonlineinc.com\/se\/#\/schema\/logo\/image\/\"}}]}<\/script>\n<!-- \/ Yoast SEO plugin. -->","yoast_head_json":{"title":"Amfetaminpulver till salu online | Global Meds Inc.","description":"Amfetaminpulver till salu online. Om du letar efter hur man k\u00f6per amfetaminpulver online, d\u00e5 \u00e4r du p\u00e5 r\u00e4tt st\u00e4lle att k\u00f6pa amfetaminpulver online.","robots":{"index":"index","follow":"follow","max-snippet":"max-snippet:-1","max-image-preview":"max-image-preview:large","max-video-preview":"max-video-preview:-1"},"canonical":"https:\/\/globalmedsonlineinc.com\/se\/product\/research-chemicals\/amphetamine\/","og_locale":"sv_SE","og_type":"article","og_title":"Amfetaminpulver till salu online | Global Meds Inc.","og_description":"Amfetaminpulver till salu online. Om du letar efter hur man k\u00f6per amfetaminpulver online, d\u00e5 \u00e4r du p\u00e5 r\u00e4tt st\u00e4lle att k\u00f6pa amfetaminpulver online.","og_url":"https:\/\/globalmedsonlineinc.com\/se\/product\/research-chemicals\/amphetamine\/","og_site_name":"Global Meds Inc","article_modified_time":"2024-02-21T09:16:24+00:00","og_image":[{"width":1200,"height":1200,"url":"https:\/\/globalmedsonlineinc.com\/se\/content\/media\/uploads\/sites\/8\/2021\/07\/Buy-Amphetamine-Powder.jpg","type":"image\/jpeg"}],"twitter_card":"summary_large_image","twitter_misc":{"Ber\u00e4knad l\u00e4stid":"5 minuter"},"schema":{"@context":"https:\/\/schema.org","@graph":[{"@type":"WebPage","@id":"https:\/\/globalmedsonlineinc.com\/se\/product\/research-chemicals\/amphetamine\/","url":"https:\/\/globalmedsonlineinc.com\/se\/product\/research-chemicals\/amphetamine\/","name":"Amfetaminpulver till salu online | Global Meds Inc.","isPartOf":{"@id":"https:\/\/globalmedsonlineinc.com\/se\/#website"},"primaryImageOfPage":{"@id":"https:\/\/globalmedsonlineinc.com\/se\/product\/research-chemicals\/amphetamine\/#primaryimage"},"image":{"@id":"https:\/\/globalmedsonlineinc.com\/se\/product\/research-chemicals\/amphetamine\/#primaryimage"},"thumbnailUrl":"https:\/\/globalmedsonlineinc.com\/se\/content\/media\/uploads\/sites\/8\/2021\/07\/Buy-Amphetamine-Powder.jpg","datePublished":"2021-07-02T19:34:28+00:00","dateModified":"2024-02-21T09:16:24+00:00","description":"Amfetaminpulver till salu online. Om du letar efter hur man k\u00f6per amfetaminpulver online, d\u00e5 \u00e4r du p\u00e5 r\u00e4tt st\u00e4lle att k\u00f6pa amfetaminpulver online.","breadcrumb":{"@id":"https:\/\/globalmedsonlineinc.com\/se\/product\/research-chemicals\/amphetamine\/#breadcrumb"},"inLanguage":"sv-SE","potentialAction":[{"@type":"ReadAction","target":["https:\/\/globalmedsonlineinc.com\/se\/product\/research-chemicals\/amphetamine\/"]}]},{"@type":"ImageObject","inLanguage":"sv-SE","@id":"https:\/\/globalmedsonlineinc.com\/se\/product\/research-chemicals\/amphetamine\/#primaryimage","url":"https:\/\/globalmedsonlineinc.com\/se\/content\/media\/uploads\/sites\/8\/2021\/07\/Buy-Amphetamine-Powder.jpg","contentUrl":"https:\/\/globalmedsonlineinc.com\/se\/content\/media\/uploads\/sites\/8\/2021\/07\/Buy-Amphetamine-Powder.jpg","width":1200,"height":1200,"caption":"Ampetaminpulver till salu p\u00e5 n\u00e4tet"},{"@type":"BreadcrumbList","@id":"https:\/\/globalmedsonlineinc.com\/se\/product\/research-chemicals\/amphetamine\/#breadcrumb","itemListElement":[{"@type":"ListItem","position":1,"name":"Home","item":"https:\/\/globalmedsonlineinc.com\/se\/"},{"@type":"ListItem","position":2,"name":"Produkter","item":"https:\/\/globalmedsonlineinc.com\/se\/produkter\/"},{"@type":"ListItem","position":3,"name":"K\u00f6p Amfetamin Pulver online"}]},{"@type":"WebSite","@id":"https:\/\/globalmedsonlineinc.com\/se\/#website","url":"https:\/\/globalmedsonlineinc.com\/se\/","name":"Global Meds Inc","description":"","publisher":{"@id":"https:\/\/globalmedsonlineinc.com\/se\/#organization"},"potentialAction":[{"@type":"SearchAction","target":{"@type":"EntryPoint","urlTemplate":"https:\/\/globalmedsonlineinc.com\/se\/?s={search_term_string}"},"query-input":{"@type":"PropertyValueSpecification","valueRequired":true,"valueName":"search_term_string"}}],"inLanguage":"sv-SE"},{"@type":"Organization","@id":"https:\/\/globalmedsonlineinc.com\/se\/#organization","name":"Global Meds Inc.","url":"https:\/\/globalmedsonlineinc.com\/se\/","logo":{"@type":"ImageObject","inLanguage":"sv-SE","@id":"https:\/\/globalmedsonlineinc.com\/se\/#\/schema\/logo\/image\/","url":"https:\/\/globalmedsonlineinc.com\/se\/content\/media\/uploads\/sites\/8\/2021\/06\/globalmedsonlineincLogoShop20210630123730.00.png","contentUrl":"https:\/\/globalmedsonlineinc.com\/se\/content\/media\/uploads\/sites\/8\/2021\/06\/globalmedsonlineincLogoShop20210630123730.00.png","width":450,"height":117,"caption":"Global Meds Inc."},"image":{"@id":"https:\/\/globalmedsonlineinc.com\/se\/#\/schema\/logo\/image\/"}}]}},"_links":{"self":[{"href":"https:\/\/globalmedsonlineinc.com\/se\/wp-json\/wp\/v2\/product\/9166","targetHints":{"allow":["GET"]}}],"collection":[{"href":"https:\/\/globalmedsonlineinc.com\/se\/wp-json\/wp\/v2\/product"}],"about":[{"href":"https:\/\/globalmedsonlineinc.com\/se\/wp-json\/wp\/v2\/types\/product"}],"replies":[{"embeddable":true,"href":"https:\/\/globalmedsonlineinc.com\/se\/wp-json\/wp\/v2\/comments?post=9166"}],"wp:featuredmedia":[{"embeddable":true,"href":"https:\/\/globalmedsonlineinc.com\/se\/wp-json\/wp\/v2\/media\/9167"}],"wp:attachment":[{"href":"https:\/\/globalmedsonlineinc.com\/se\/wp-json\/wp\/v2\/media?parent=9166"}],"wp:term":[{"taxonomy":"product_brand","embeddable":true,"href":"https:\/\/globalmedsonlineinc.com\/se\/wp-json\/wp\/v2\/product_brand?post=9166"},{"taxonomy":"product_cat","embeddable":true,"href":"https:\/\/globalmedsonlineinc.com\/se\/wp-json\/wp\/v2\/product_cat?post=9166"},{"taxonomy":"product_tag","embeddable":true,"href":"https:\/\/globalmedsonlineinc.com\/se\/wp-json\/wp\/v2\/product_tag?post=9166"}],"curies":[{"name":"wp","href":"https:\/\/api.w.org\/{rel}","templated":true}]}}