{"id":9155,"date":"2021-07-02T19:16:12","date_gmt":"2021-07-02T19:16:12","guid":{"rendered":"https:\/\/globalmedsonlineinc.com\/se\/?post_type=product&#038;p=9155"},"modified":"2024-02-21T09:17:23","modified_gmt":"2024-02-21T09:17:23","slug":"mephedrone-4-mmc","status":"publish","type":"product","link":"https:\/\/globalmedsonlineinc.com\/se\/product\/research-chemicals\/mephedrone-4-mmc\/","title":{"rendered":"K\u00f6p Mephedrone (4-MMC) online"},"content":{"rendered":"<h1>Mefedron (4-MMC) till salu p\u00e5 n\u00e4tet<\/h1>\n<p><a href=\"https:\/\/globalmedsonlineinc.com\/se\/product\/research-chemicals\/mephedrone-4-mmc\/\">Mephedrone (4-MMC) till salu<\/a> online. Mefedron \u00e4r en monoaminlevererande specialist. Det \u00e4r en chiral f\u00f6rening och b\u00e5da dess enantiomerer visar j\u00e4mf\u00f6rande intensitet som substrat vid dopaminb\u00e4rare. R-mefedron \u00e4r betydligt mindre kraftfullt \u00e4n S-mefedron som substrat vid serotoninb\u00e4rare.<\/p>\n<p>Ketosyre g\u00f6r mefedron (4-MMC) mer hydrofil \u00e4n de j\u00e4mf\u00f6rbara metylamfetaminerna, vilket kan klarg\u00f6ra de h\u00f6gre doser som kr\u00e4vs f\u00f6r att \u00e5stadkomma en j\u00e4mf\u00f6rande effekt, eftersom mefedron (4-MMC) \u00e4r <a href=\"https:\/\/en.wikipedia.org\/wiki\/Mephedrone\">mindre<\/a> redo att passera blod-sj\u00e4lsobstruktionen. k\u00f6p mefedron p\u00e5 webben.<\/p>\n<p>Mefedron (4-MMC) br\u00e4nns ofta igenom tillsammans med sprit. En unders\u00f6kning p\u00e5 m\u00f6ss analyserade samarbetet mellan dessa tv\u00e5 substanser och nollade p\u00e5 de psykostimulerande och prisstimulerande egenskaperna hos 4-MMC. Man uppt\u00e4ckte att sprit i l\u00e5ga (ej energigivande) proportioner v\u00e4sentligt f\u00f6rb\u00e4ttrade de psykostimulerande effekterna av 4-MMC. Denna effekt avbr\u00f6ts av en \u00f6kning av synaptiskt dopamin, eftersom haloperidol, men inte ketanserin, hade m\u00f6jlighet att hindra potentiering genom sprit. Dessutom uppgraderades de ers\u00e4ttande egenskaperna hos 4-MMC av en l\u00e5g, icke-kompenserande del av sprit. M-CAT beg\u00e4ran online var man kan k\u00f6pa blygsam 4-MMC p\u00e5 n\u00e4tet, k\u00f6p mefedron p\u00e5 n\u00e4tet.<\/p>\n<p>Mefedron (4-MMC) Online \u00e4r en av m\u00e5nga modedroger eller legitima highs som har redovisats p\u00e5 senare tid, inklusive konstgjorda syntetiska \u00e4mnen som konstruerad cannabis och halvfabrikat som metylhexanamin. Dessa mediciner \u00e4r huvudsakligen utvecklade f\u00f6r att komma undan kontroll av lagar mot olagliga mediciner, vilket skaffade dem namnet arkitektdroger. Som anges av Europeiska centrumet f\u00f6r \u00f6vervakning av narkotika och narkotikamissbruk skildrades f\u00f6reningen mefedron f\u00f6r f\u00f6rsta g\u00e5ngen 1929 av Saem de Burnaga Sanchez i Bulletin de la Soci\u00e9t\u00e9 Chimique de France under namnet &#8220;Toluyl-alpha-monometylaminoetylceton&#8221;, men f\u00f6reningen f\u00f6rblev ett m\u00f6rkt resultat av den vetenskapliga v\u00e4rlden fram till 2003, d\u00e5 den &#8220;\u00e5teruppt\u00e4cktes&#8221; och distribuerades av en underjordisk fysiker p\u00e5 sajten The Hive under nom de plume.&#8221; &#8220;Motor publicerad p\u00e5 webbsidan: &#8220;Jag har varit utmattad de senaste dagarna och hade en stor tid reagenser som l\u00e5g och l\u00e4t, s\u00e5 jag t\u00e4nkte att jag skulle f\u00f6rs\u00f6ka g\u00f6ra lite 1-(4-metylfenyl)- 2-metylaminopropanonhydroklorid eller 4-metylmethkathinon&#8221;, innan han beskrev att efter att ha tagit det hade klienten en &#8220;fantastisk k\u00e4nsla av v\u00e4lst\u00e5nd som jag aldrig har f\u00e5tt av n\u00e5gon medicin med undantag f\u00f6r min \u00e4lskade Ecstasy&#8221;. I intervjuer beskrevs Kinetic som en &#8220;matematiker som brukade framst\u00e4lla s\u00f6mntabletter f\u00f6r en stor drogorganisation&#8221; och han uttryckte att han bodde i Israel n\u00e4r han \u00e5teruppt\u00e4ckte mefedron.<\/p>\n<p><strong>Hur kan jag best\u00e4lla mefedron (4-MMC) online?<\/strong><\/p>\n<p>Att best\u00e4lla Mephedrone (4-MMC) online \u00e4r alltid ett bra beslut eftersom det hj\u00e4lper dig att spara b\u00e5de pengar och tid. Och det enda p\u00e5litliga s\u00e4ttet att k\u00f6pa Mephedrone (4-MMC) online \u00e4r att ansluta sig till ett onlineapotek. Ja, du l\u00e4ste r\u00e4tt! Det ska inte vara vilket slumpm\u00e4ssigt apotek som helst, utan en online-leverant\u00f6r av Mephedrone (4-MMC) som har ett gott rykte p\u00e5 online-plattformen, s\u00e5 att du kan f\u00f6rv\u00e4nta dig kvalitetsprodukter av h\u00f6gsta kvalitet och leverans i tid fr\u00e5n dem och inte k\u00e4nna n\u00e5gon b\u00f6rda av n\u00e5got slag.<\/p>\n<p>Online Mephedrone (4-MMC) Leverant\u00f6r &#8211; Du f\u00f6rst\u00e5r att det \u00e4r ditt enda b\u00e4sta s\u00e4tt att k\u00f6pa Mephedrone (4-MMC) online.<\/p>\n<p>Ett Online Mephedrone (4-MMC) apotek som v\u00e5rt \u00e4r ett perfekt val n\u00e4r det g\u00e4ller att k\u00f6pa Mephedrone (4-MMC) online. Med hj\u00e4lp av ett p\u00e5litligt och professionellt apotek kan du k\u00f6pa de b\u00e4sta produkterna och f\u00f6rs\u00e4kra dig om deras effektivitet och s\u00e4kerhetsutsikter.<\/p>\n<p>De professionella leverant\u00f6rerna f\u00f6ljer alltid sina plikter och ansvar gentemot kunderna p\u00e5 allvar.Priserna p\u00e5 onlineapoteket f\u00f6r att k\u00f6pa Mephedrone (4-MMC) eller andra relaterade produkter \u00e4r rimliga och \u00f6verkomliga f\u00f6r alla. Det finns ingen anledning att spendera en f\u00f6rm\u00f6genhet f\u00f6r att k\u00f6pa dessa produkter.<\/p>\n<p>Mephedrone (4-MMC) pulver av god kvalitet p\u00e5 n\u00e4tet: Det \u00e4r helt klart att m\u00e4nniskor inte snabbt litar p\u00e5 kvaliteten p\u00e5 Mephedrone (4-MMC) pulver online som s\u00e4ljs online eftersom de inte kan unders\u00f6ka det fysiskt. Men det \u00e4r inte samma sak med Online Mephedrone (4-MMC) pulver online leverant\u00f6rer. Produkterna h\u00e4r \u00e4r trogna sin beskrivning med h\u00f6gkvalitativt underh\u00e5ll som g\u00f6rs under experternas \u00f6verinseende.<\/p>\n<p>Snabb &amp; amp; Diskret leverans: Leveransen av Mephedrone (4-MMC) online efter mottagandet av best\u00e4llningen sker inom den utlovade tidsramen. Fraktteamet l\u00e4gger all sin kraft p\u00e5 att g\u00f6ra frakt- och leveransf\u00f6rfarandet smidigt och snabbt. Du kan ocks\u00e5 f\u00f6rv\u00e4nta dig utm\u00e4rkta tj\u00e4nster n\u00e4r du k\u00f6per Mephedrone (4-MMC) online fr\u00e5n proffsen p\u00e5 onlineplattformen.<\/p>\n","protected":false},"excerpt":{"rendered":"<p>Mefedron kan komma i form av kapslar, tabletter eller vitt pulver som anv\u00e4ndarna kan sv\u00e4lja, snorta, injicera, r\u00f6ka eller anv\u00e4nda rektalt.N\u00e4r det tas oralt rapporterade anv\u00e4ndarna att de kunde k\u00e4nna effekterna inom 15-45 minuter; n\u00e4r det snortades<\/p>\n<p>Mefedron \u00e4r en av hundratals designerdroger eller legal highs som har rapporterats under de senaste \u00e5ren, inklusive konstgjorda kemikalier som syntetisk cannabis och halvsyntetiska \u00e4mnen som metylhexanamin.<\/p>\n","protected":false},"featured_media":9165,"comment_status":"open","ping_status":"closed","template":"","meta":{"_acf_changed":false,"_monsterinsights_skip_tracking":false,"_monsterinsights_sitenote_active":false,"_monsterinsights_sitenote_note":"","_monsterinsights_sitenote_category":0},"product_brand":[],"product_cat":[53],"product_tag":[655,656,633,634,635,639,636,637,638,629,621,622,623,624,625,626,627,628,630,631,632,643,641,646,653,650,647,651,652,642,645,644,640,654,310,649,648,658,659,660,662,661,663,664,657,665],"class_list":{"0":"post-9155","1":"product","2":"type-product","3":"status-publish","4":"has-post-thumbnail","6":"product_cat-research-chemicals","7":"product_tag-bestall-m-cat-online","8":"product_tag-bestall-mefedron-online","9":"product_tag-billigt-4-mmc-online","10":"product_tag-definiera-mefedron","11":"product_tag-hogkvalitativt-mefedron-online","12":"product_tag-hur-att-gora-mefedron-steg-for-steg","13":"product_tag-hur-man-gor-mefedron","14":"product_tag-hur-man-gor-mefedron-hemma","15":"product_tag-hur-man-gor-mefedron-vaxtmat","16":"product_tag-kanada","17":"product_tag-kop-4-mmc-online","18":"product_tag-kop-billigt-4-mmc-for-personligt-bruk","19":"product_tag-kop-billigt-4-mmc-online","20":"product_tag-kop-billigt-mefedron-online","21":"product_tag-kop-m-cat-online","22":"product_tag-kop-mefedron-for-olika-anvandningsomraden","23":"product_tag-kop-mefedron-for-vaxtbruk","24":"product_tag-kop-mefedron-online","25":"product_tag-kop-mefedron-online-nasta-dag-leverans","26":"product_tag-kop-mefedronpulver-online","27":"product_tag-kopa-mefedron-online","28":"product_tag-mefedron-coronavirus","29":"product_tag-mefedron-dalig-erfarenhet","30":"product_tag-mefedron-for-personligt-bruk","31":"product_tag-mefedron-gatunamn","32":"product_tag-mefedron-legal","33":"product_tag-mefedron-till-salu-online-for","34":"product_tag-mefedron-vaxtmat","35":"product_tag-mefedron-vaxtmat-till-salu","36":"product_tag-mefedronbadsalt-var-man-kan-kopa","37":"product_tag-mefedroneffekter","38":"product_tag-mefedronkristaller-vs-pulver","39":"product_tag-mefedronmissbruk","40":"product_tag-mefedronsyntes","41":"product_tag-mephedrone-bluelight","42":"product_tag-mephedrone-mefedron-lag","43":"product_tag-mephedrone-usa","44":"product_tag-produkter-som-innehaller-mig-fedron","45":"product_tag-vad-ar-mefedron","46":"product_tag-vad-finns-mefedron-i","47":"product_tag-var-kan-man-kopa-billig-mefedron-online","48":"product_tag-var-kan-man-kopa-billiga-4-mmc-online","49":"product_tag-var-kan-man-kopa-mefedron","50":"product_tag-var-kan-man-kopa-mefedron-for-personligt-bruk","51":"product_tag-vaxtmat-mefedron","52":"product_tag-vilka-badsalt-innehaller-mefedron","54":"first","55":"instock","56":"sale","57":"featured","58":"shipping-taxable","59":"purchasable","60":"product-type-variable","61":"has-default-attributes"},"acf":[],"yoast_head":"<!-- This site is optimized with the Yoast SEO plugin v27.2 - https:\/\/yoast.com\/product\/yoast-seo-wordpress\/ -->\n<title>Mefedron (4-MMC) f\u00f6r f\u00f6rs\u00e4ljning online | Global Meds Inc.<\/title>\n<meta name=\"description\" content=\"Mefedron (4-MMC) f\u00f6r f\u00f6rs\u00e4ljning online. Vi s\u00e4ljer Mephedrone-pulver av b\u00e4sta kvalitet. Kontakta oss g\u00e4rna f\u00f6r mer information och priser.\" \/>\n<meta name=\"robots\" content=\"index, follow, max-snippet:-1, max-image-preview:large, max-video-preview:-1\" \/>\n<link rel=\"canonical\" href=\"https:\/\/globalmedsonlineinc.com\/se\/product\/research-chemicals\/mephedrone-4-mmc\/\" \/>\n<meta property=\"og:locale\" content=\"sv_SE\" \/>\n<meta property=\"og:type\" content=\"article\" \/>\n<meta property=\"og:title\" content=\"Mefedron (4-MMC) f\u00f6r f\u00f6rs\u00e4ljning online | Global Meds Inc.\" \/>\n<meta property=\"og:description\" content=\"Mefedron (4-MMC) f\u00f6r f\u00f6rs\u00e4ljning online. Vi s\u00e4ljer Mephedrone-pulver av b\u00e4sta kvalitet. Kontakta oss g\u00e4rna f\u00f6r mer information och priser.\" \/>\n<meta property=\"og:url\" content=\"https:\/\/globalmedsonlineinc.com\/se\/product\/research-chemicals\/mephedrone-4-mmc\/\" \/>\n<meta property=\"og:site_name\" content=\"Global Meds Inc\" \/>\n<meta property=\"article:modified_time\" content=\"2024-02-21T09:17:23+00:00\" \/>\n<meta property=\"og:image\" content=\"https:\/\/globalmedsonlineinc.com\/se\/content\/media\/uploads\/sites\/8\/2021\/07\/MEPHEDRONE-PILLS.jpg\" \/>\n\t<meta property=\"og:image:width\" content=\"1200\" \/>\n\t<meta property=\"og:image:height\" content=\"1200\" \/>\n\t<meta property=\"og:image:type\" content=\"image\/jpeg\" \/>\n<meta name=\"twitter:card\" content=\"summary_large_image\" \/>\n<meta name=\"twitter:label1\" content=\"Ber\u00e4knad l\u00e4stid\" \/>\n\t<meta name=\"twitter:data1\" content=\"4 minuter\" \/>\n<script type=\"application\/ld+json\" class=\"yoast-schema-graph\">{\"@context\":\"https:\/\/schema.org\",\"@graph\":[{\"@type\":\"WebPage\",\"@id\":\"https:\/\/globalmedsonlineinc.com\/se\/product\/research-chemicals\/mephedrone-4-mmc\/\",\"url\":\"https:\/\/globalmedsonlineinc.com\/se\/product\/research-chemicals\/mephedrone-4-mmc\/\",\"name\":\"Mefedron (4-MMC) f\u00f6r f\u00f6rs\u00e4ljning online | Global Meds Inc.\",\"isPartOf\":{\"@id\":\"https:\/\/globalmedsonlineinc.com\/se\/#website\"},\"primaryImageOfPage\":{\"@id\":\"https:\/\/globalmedsonlineinc.com\/se\/product\/research-chemicals\/mephedrone-4-mmc\/#primaryimage\"},\"image\":{\"@id\":\"https:\/\/globalmedsonlineinc.com\/se\/product\/research-chemicals\/mephedrone-4-mmc\/#primaryimage\"},\"thumbnailUrl\":\"https:\/\/globalmedsonlineinc.com\/se\/content\/media\/uploads\/sites\/8\/2021\/07\/MEPHEDRONE-PILLS.jpg\",\"datePublished\":\"2021-07-02T19:16:12+00:00\",\"dateModified\":\"2024-02-21T09:17:23+00:00\",\"description\":\"Mefedron (4-MMC) f\u00f6r f\u00f6rs\u00e4ljning online. Vi s\u00e4ljer Mephedrone-pulver av b\u00e4sta kvalitet. Kontakta oss g\u00e4rna f\u00f6r mer information och priser.\",\"breadcrumb\":{\"@id\":\"https:\/\/globalmedsonlineinc.com\/se\/product\/research-chemicals\/mephedrone-4-mmc\/#breadcrumb\"},\"inLanguage\":\"sv-SE\",\"potentialAction\":[{\"@type\":\"ReadAction\",\"target\":[\"https:\/\/globalmedsonlineinc.com\/se\/product\/research-chemicals\/mephedrone-4-mmc\/\"]}]},{\"@type\":\"ImageObject\",\"inLanguage\":\"sv-SE\",\"@id\":\"https:\/\/globalmedsonlineinc.com\/se\/product\/research-chemicals\/mephedrone-4-mmc\/#primaryimage\",\"url\":\"https:\/\/globalmedsonlineinc.com\/se\/content\/media\/uploads\/sites\/8\/2021\/07\/MEPHEDRONE-PILLS.jpg\",\"contentUrl\":\"https:\/\/globalmedsonlineinc.com\/se\/content\/media\/uploads\/sites\/8\/2021\/07\/MEPHEDRONE-PILLS.jpg\",\"width\":1200,\"height\":1200,\"caption\":\"Mefedron (4-MMC) f\u00f6r f\u00f6rs\u00e4ljning online\"},{\"@type\":\"BreadcrumbList\",\"@id\":\"https:\/\/globalmedsonlineinc.com\/se\/product\/research-chemicals\/mephedrone-4-mmc\/#breadcrumb\",\"itemListElement\":[{\"@type\":\"ListItem\",\"position\":1,\"name\":\"Home\",\"item\":\"https:\/\/globalmedsonlineinc.com\/se\/\"},{\"@type\":\"ListItem\",\"position\":2,\"name\":\"Produkter\",\"item\":\"https:\/\/globalmedsonlineinc.com\/se\/produkter\/\"},{\"@type\":\"ListItem\",\"position\":3,\"name\":\"K\u00f6p Mephedrone (4-MMC) online\"}]},{\"@type\":\"WebSite\",\"@id\":\"https:\/\/globalmedsonlineinc.com\/se\/#website\",\"url\":\"https:\/\/globalmedsonlineinc.com\/se\/\",\"name\":\"Global Meds Inc\",\"description\":\"\",\"publisher\":{\"@id\":\"https:\/\/globalmedsonlineinc.com\/se\/#organization\"},\"potentialAction\":[{\"@type\":\"SearchAction\",\"target\":{\"@type\":\"EntryPoint\",\"urlTemplate\":\"https:\/\/globalmedsonlineinc.com\/se\/?s={search_term_string}\"},\"query-input\":{\"@type\":\"PropertyValueSpecification\",\"valueRequired\":true,\"valueName\":\"search_term_string\"}}],\"inLanguage\":\"sv-SE\"},{\"@type\":\"Organization\",\"@id\":\"https:\/\/globalmedsonlineinc.com\/se\/#organization\",\"name\":\"Global Meds Inc.\",\"url\":\"https:\/\/globalmedsonlineinc.com\/se\/\",\"logo\":{\"@type\":\"ImageObject\",\"inLanguage\":\"sv-SE\",\"@id\":\"https:\/\/globalmedsonlineinc.com\/se\/#\/schema\/logo\/image\/\",\"url\":\"https:\/\/globalmedsonlineinc.com\/se\/content\/media\/uploads\/sites\/8\/2021\/06\/globalmedsonlineincLogoShop20210630123730.00.png\",\"contentUrl\":\"https:\/\/globalmedsonlineinc.com\/se\/content\/media\/uploads\/sites\/8\/2021\/06\/globalmedsonlineincLogoShop20210630123730.00.png\",\"width\":450,\"height\":117,\"caption\":\"Global Meds Inc.\"},\"image\":{\"@id\":\"https:\/\/globalmedsonlineinc.com\/se\/#\/schema\/logo\/image\/\"}}]}<\/script>\n<!-- \/ Yoast SEO plugin. -->","yoast_head_json":{"title":"Mefedron (4-MMC) f\u00f6r f\u00f6rs\u00e4ljning online | Global Meds Inc.","description":"Mefedron (4-MMC) f\u00f6r f\u00f6rs\u00e4ljning online. Vi s\u00e4ljer Mephedrone-pulver av b\u00e4sta kvalitet. Kontakta oss g\u00e4rna f\u00f6r mer information och priser.","robots":{"index":"index","follow":"follow","max-snippet":"max-snippet:-1","max-image-preview":"max-image-preview:large","max-video-preview":"max-video-preview:-1"},"canonical":"https:\/\/globalmedsonlineinc.com\/se\/product\/research-chemicals\/mephedrone-4-mmc\/","og_locale":"sv_SE","og_type":"article","og_title":"Mefedron (4-MMC) f\u00f6r f\u00f6rs\u00e4ljning online | Global Meds Inc.","og_description":"Mefedron (4-MMC) f\u00f6r f\u00f6rs\u00e4ljning online. Vi s\u00e4ljer Mephedrone-pulver av b\u00e4sta kvalitet. Kontakta oss g\u00e4rna f\u00f6r mer information och priser.","og_url":"https:\/\/globalmedsonlineinc.com\/se\/product\/research-chemicals\/mephedrone-4-mmc\/","og_site_name":"Global Meds Inc","article_modified_time":"2024-02-21T09:17:23+00:00","og_image":[{"width":1200,"height":1200,"url":"https:\/\/globalmedsonlineinc.com\/se\/content\/media\/uploads\/sites\/8\/2021\/07\/MEPHEDRONE-PILLS.jpg","type":"image\/jpeg"}],"twitter_card":"summary_large_image","twitter_misc":{"Ber\u00e4knad l\u00e4stid":"4 minuter"},"schema":{"@context":"https:\/\/schema.org","@graph":[{"@type":"WebPage","@id":"https:\/\/globalmedsonlineinc.com\/se\/product\/research-chemicals\/mephedrone-4-mmc\/","url":"https:\/\/globalmedsonlineinc.com\/se\/product\/research-chemicals\/mephedrone-4-mmc\/","name":"Mefedron (4-MMC) f\u00f6r f\u00f6rs\u00e4ljning online | Global Meds Inc.","isPartOf":{"@id":"https:\/\/globalmedsonlineinc.com\/se\/#website"},"primaryImageOfPage":{"@id":"https:\/\/globalmedsonlineinc.com\/se\/product\/research-chemicals\/mephedrone-4-mmc\/#primaryimage"},"image":{"@id":"https:\/\/globalmedsonlineinc.com\/se\/product\/research-chemicals\/mephedrone-4-mmc\/#primaryimage"},"thumbnailUrl":"https:\/\/globalmedsonlineinc.com\/se\/content\/media\/uploads\/sites\/8\/2021\/07\/MEPHEDRONE-PILLS.jpg","datePublished":"2021-07-02T19:16:12+00:00","dateModified":"2024-02-21T09:17:23+00:00","description":"Mefedron (4-MMC) f\u00f6r f\u00f6rs\u00e4ljning online. Vi s\u00e4ljer Mephedrone-pulver av b\u00e4sta kvalitet. Kontakta oss g\u00e4rna f\u00f6r mer information och priser.","breadcrumb":{"@id":"https:\/\/globalmedsonlineinc.com\/se\/product\/research-chemicals\/mephedrone-4-mmc\/#breadcrumb"},"inLanguage":"sv-SE","potentialAction":[{"@type":"ReadAction","target":["https:\/\/globalmedsonlineinc.com\/se\/product\/research-chemicals\/mephedrone-4-mmc\/"]}]},{"@type":"ImageObject","inLanguage":"sv-SE","@id":"https:\/\/globalmedsonlineinc.com\/se\/product\/research-chemicals\/mephedrone-4-mmc\/#primaryimage","url":"https:\/\/globalmedsonlineinc.com\/se\/content\/media\/uploads\/sites\/8\/2021\/07\/MEPHEDRONE-PILLS.jpg","contentUrl":"https:\/\/globalmedsonlineinc.com\/se\/content\/media\/uploads\/sites\/8\/2021\/07\/MEPHEDRONE-PILLS.jpg","width":1200,"height":1200,"caption":"Mefedron (4-MMC) f\u00f6r f\u00f6rs\u00e4ljning online"},{"@type":"BreadcrumbList","@id":"https:\/\/globalmedsonlineinc.com\/se\/product\/research-chemicals\/mephedrone-4-mmc\/#breadcrumb","itemListElement":[{"@type":"ListItem","position":1,"name":"Home","item":"https:\/\/globalmedsonlineinc.com\/se\/"},{"@type":"ListItem","position":2,"name":"Produkter","item":"https:\/\/globalmedsonlineinc.com\/se\/produkter\/"},{"@type":"ListItem","position":3,"name":"K\u00f6p Mephedrone (4-MMC) online"}]},{"@type":"WebSite","@id":"https:\/\/globalmedsonlineinc.com\/se\/#website","url":"https:\/\/globalmedsonlineinc.com\/se\/","name":"Global Meds Inc","description":"","publisher":{"@id":"https:\/\/globalmedsonlineinc.com\/se\/#organization"},"potentialAction":[{"@type":"SearchAction","target":{"@type":"EntryPoint","urlTemplate":"https:\/\/globalmedsonlineinc.com\/se\/?s={search_term_string}"},"query-input":{"@type":"PropertyValueSpecification","valueRequired":true,"valueName":"search_term_string"}}],"inLanguage":"sv-SE"},{"@type":"Organization","@id":"https:\/\/globalmedsonlineinc.com\/se\/#organization","name":"Global Meds Inc.","url":"https:\/\/globalmedsonlineinc.com\/se\/","logo":{"@type":"ImageObject","inLanguage":"sv-SE","@id":"https:\/\/globalmedsonlineinc.com\/se\/#\/schema\/logo\/image\/","url":"https:\/\/globalmedsonlineinc.com\/se\/content\/media\/uploads\/sites\/8\/2021\/06\/globalmedsonlineincLogoShop20210630123730.00.png","contentUrl":"https:\/\/globalmedsonlineinc.com\/se\/content\/media\/uploads\/sites\/8\/2021\/06\/globalmedsonlineincLogoShop20210630123730.00.png","width":450,"height":117,"caption":"Global Meds Inc."},"image":{"@id":"https:\/\/globalmedsonlineinc.com\/se\/#\/schema\/logo\/image\/"}}]}},"_links":{"self":[{"href":"https:\/\/globalmedsonlineinc.com\/se\/wp-json\/wp\/v2\/product\/9155","targetHints":{"allow":["GET"]}}],"collection":[{"href":"https:\/\/globalmedsonlineinc.com\/se\/wp-json\/wp\/v2\/product"}],"about":[{"href":"https:\/\/globalmedsonlineinc.com\/se\/wp-json\/wp\/v2\/types\/product"}],"replies":[{"embeddable":true,"href":"https:\/\/globalmedsonlineinc.com\/se\/wp-json\/wp\/v2\/comments?post=9155"}],"wp:featuredmedia":[{"embeddable":true,"href":"https:\/\/globalmedsonlineinc.com\/se\/wp-json\/wp\/v2\/media\/9165"}],"wp:attachment":[{"href":"https:\/\/globalmedsonlineinc.com\/se\/wp-json\/wp\/v2\/media?parent=9155"}],"wp:term":[{"taxonomy":"product_brand","embeddable":true,"href":"https:\/\/globalmedsonlineinc.com\/se\/wp-json\/wp\/v2\/product_brand?post=9155"},{"taxonomy":"product_cat","embeddable":true,"href":"https:\/\/globalmedsonlineinc.com\/se\/wp-json\/wp\/v2\/product_cat?post=9155"},{"taxonomy":"product_tag","embeddable":true,"href":"https:\/\/globalmedsonlineinc.com\/se\/wp-json\/wp\/v2\/product_tag?post=9155"}],"curies":[{"name":"wp","href":"https:\/\/api.w.org\/{rel}","templated":true}]}}