{"id":9144,"date":"2021-07-02T18:37:54","date_gmt":"2021-07-02T18:37:54","guid":{"rendered":"https:\/\/globalmedsonlineinc.com\/se\/?post_type=product&#038;p=9144"},"modified":"2024-02-21T09:18:52","modified_gmt":"2024-02-21T09:18:52","slug":"fentanyl-platar","status":"publish","type":"product","link":"https:\/\/globalmedsonlineinc.com\/se\/product\/pain-killers\/fentanyl-platar\/","title":{"rendered":"K\u00f6p Fentanyl Patches online"},"content":{"rendered":"<h1>Fentanylpl\u00e5ster till salu p\u00e5 n\u00e4tet<\/h1>\n<p><a href=\"https:\/\/globalmedsonlineinc.com\/se\/product\/pain-killers\/fentanyl-platar\/\">Fentanylpl\u00e5ster till salu p\u00e5 n\u00e4tet<\/a>. Fentanyl \u00e4r ett potent syntetiskt opioidanalgetikum med snabb insjuknande och kort verkningstid. Det \u00e4r en potent agonist vid \u00b5-opioidreceptorerna. Historiskt sett har det <a href=\"https:\/\/en.wikipedia.org\/wiki\/Fentanyl\">anv\u00e4nds<\/a> f\u00f6r att behandla genombrottssm\u00e4rta och anv\u00e4nds vanligen som analgetikum i f\u00f6rbehandlingsmilj\u00f6er och som anestetikum i kombination med en bensodiazepin. Eftersom olika tillverkare anv\u00e4nder fentanyl som huvudingrediens i sina m\u00e4rkesbaserade sm\u00e4rtstillande medel finns detta l\u00e4kemedel i b\u00e5de l\u00e5ng- och kortverkande former. Numera kan du best\u00e4lla billiga fentanylpl\u00e5ster, piller och till och med injektionspaket beroende p\u00e5 ditt tillst\u00e5nd och den l\u00e4mpligaste formen.<\/p>\n<p>Det finns vissa situationer som alla st\u00e4lls inf\u00f6r n\u00e4r en operation \u00e4r n\u00f6dv\u00e4ndig. F\u00f6r att h\u00e5lla sm\u00e4rtsamma f\u00f6rnimmelser till ett minimum kommer din v\u00e5rdgivare att rekommendera anv\u00e4ndning av specifika bed\u00f6vningsmedel, vanligtvis opiater, f\u00f6r att blockera vissa signaler i CNS under en kort tidsperiod under operationen. Fentanyl \u00e4r ett av dessa l\u00e4kemedel som ocks\u00e5 ofta anv\u00e4nds som ett effektivt sm\u00e4rtlindringsmedel. I kombination med natriumpentanol anv\u00e4nds fentanyl till patienter f\u00f6re operationer, till kvinnor f\u00f6r att lindra sm\u00e4rta under f\u00f6rlossning och i andra fall n\u00e4r det kr\u00e4vs f\u00f6r att lindra sm\u00e4rta under en kortare period. Du kan best\u00e4lla billigt fentanyl utan recept online i olika former och doser och \u00e4ven anv\u00e4nda det hemma som ett kraftfullt bed\u00f6vningsmedel och sm\u00e4rtlindringsmedel. Hos oss kan du alltid k\u00f6pa fentanylpl\u00e5ster enkelt online.<\/p>\n<p>Du kan direkt komma i kontakt med onlineapoteket via dess officiella hemsida och dela dina best\u00e4llningsuppgifter f\u00f6r Fentanylpl\u00e5ster efter att ha gjort betalningen f\u00f6r samma sak med hj\u00e4lp av de tillg\u00e4ngliga betalningsalternativen.<\/p>\n<p>Teamet av chefer kommer att ta hand om dina best\u00e4llningsuppgifter och f\u00f6rs\u00f6ka slutf\u00f6ra dem s\u00e5 snart som m\u00f6jligt. F\u00f6rpackningsteamet kommer att packa din best\u00e4llning med st\u00f6rsta precision och se till att den inte skadas under transporten.<\/p>\n<p>Om du har fattat ditt beslut att k\u00f6pa Fentanylpl\u00e5ster p\u00e5 n\u00e4tet, anslut dig d\u00e5 till Onlineapoteket idag och g\u00f6r din best\u00e4llning. Din best\u00e4llning kommer att slutf\u00f6ras inom kort av teammedlemmarna.<\/p>\n<p>Fentanyl 100mcg pl\u00e5ster (\u00e4ven k\u00e4nt som fentanil) \u00e4r en potent, syntetisk opioid sm\u00e4rtmedicin med snabb ins\u00e4ttning och kort verkningstid. Det \u00e4r en stark agonist vid \u03bc-opioidreceptorerna. Fentanyl uppskattas vara mellan 50 och 100 g\u00e5nger s\u00e5 potent som morfin.<\/p>\n<p>Fentanyl 100mcg pl\u00e5ster tillverkades f\u00f6rst av Paul Janssen 1960,efter att medicinskt sett ha introducerat pethidin (\u00e4ven k\u00e4nt som meperidin, marknadsf\u00f6rt som Demerol) flera \u00e5r tidigare. Janssen utvecklade fentanyl genom att testa analoger av det strukturellt besl\u00e4ktade l\u00e4kemedlet pethidin f\u00f6r opioidaktivitet.<\/p>\n<p>Den utbredda anv\u00e4ndningen av fentanyl utl\u00f6ste produktionen av fentanylcitrat (det salt som bildas genom att kombinera fentanyl och citronsyra i en st\u00f6kiometri p\u00e5 1:1), som b\u00f6rjade anv\u00e4ndas medicinskt som allm\u00e4nbed\u00f6vningsmedel under handelsnamnet Sublimaze p\u00e5 1960-talet. D\u00e4refter har m\u00e5nga andra fentanylanaloger utvecklats och introducerats i medicinsk praxis, d\u00e4ribland sufentanil, alfentanil, remifentanil och lofentanil.<\/p>\n<p>Fentanyl 100mcg pl\u00e5ster I mitten av 1990-talet introducerades fentanyl f\u00f6r palliativ anv\u00e4ndning med fentanylpl\u00e5ster, f\u00f6ljt under n\u00e4sta decennium av introduktionen av fentanylslickepinnen, uppl\u00f6sande tabletter och sublingual spray som resorberas genom huden inne i munnen. 2012 var fentanyl den mest anv\u00e4nda syntetiska opioiden inom medicinen. 2013 anv\u00e4ndes 1 700 kilo globalt.<\/p>\n<p>Fentanyl anv\u00e4nds ocks\u00e5 som rekreationsdrog, och denna anv\u00e4ndning har lett till tusentals d\u00f6dsfall i \u00f6verdoser varje \u00e5r under de senaste \u00e5ren. D\u00f6dsfall har ocks\u00e5 orsakats av felaktig medicinsk anv\u00e4ndning. Fentanyl har ett relativt brett terapeutiskt index (270) vilket g\u00f6r det till ett mycket s\u00e4kert kirurgiskt bed\u00f6vningsmedel n\u00e4r det \u00f6vervakas noggrant; dess extrema styrka kr\u00e4ver dock noggranna m\u00e4tningar av mycket utsp\u00e4dd fentanyl i l\u00f6sning; att f\u00f6rs\u00f6ka m\u00e4ta en dos rent fentanylpulver exakt \u00e4r opraktiskt utan avancerad vetenskaplig utrustning, eftersom en effektiv dos och en d\u00f6dlig dos fentanylpulver placerade bredvid varandra skulle vara sv\u00e5ra eller om\u00f6jliga att s\u00e4rskilja med blotta \u00f6gat.<\/p>\n<p>Fentanylpiller, pulver, pl\u00e5ster, v\u00e4tska, alla tillg\u00e4ngliga, best\u00e4ll nu online hos oss.<\/p>\n<p>Fentanyl Patches av god kvalitet p\u00e5 n\u00e4tet: Det \u00e4r helt klart att m\u00e4nniskor inte snabbt litar p\u00e5 kvaliteten p\u00e5 Fentanylpl\u00e5ster som s\u00e4ljs p\u00e5 n\u00e4tet eftersom de inte kan unders\u00f6ka dem fysiskt. Men det \u00e4r inte samma sak med leverant\u00f6rer av online Fentanyl Patches online. Produkterna h\u00e4r \u00e4r trogna sin beskrivning med h\u00f6gkvalitativt underh\u00e5ll som g\u00f6rs under experternas \u00f6verinseende.<\/p>\n<p>Snabb &amp; amp; Diskret leverans: Leveransen av Fentanyl Patches online efter mottagandet av best\u00e4llningen sker inom den utlovade tidsramen. Fraktteamet l\u00e4gger all sin m\u00f6da p\u00e5 att g\u00f6ra frakt- och leveransf\u00f6rfarandet smidigt och snabbt. Du kan ocks\u00e5 f\u00f6rv\u00e4nta dig utm\u00e4rkta tj\u00e4nster n\u00e4r du k\u00f6per Fentanyl Patches online fr\u00e5n proffsen p\u00e5 onlineplattformen.<\/p>\n","protected":false},"excerpt":{"rendered":"<p>Fentanyl \u00e4r ett l\u00e4kemedel som anv\u00e4nds f\u00f6r att lindra kronisk sm\u00e4rta. Pl\u00e5stret inneh\u00e5ller en reservoar av l\u00e4kemedlet som l\u00e5ngsamt frig\u00f6rs f\u00f6r att ge sm\u00e4rtkontroll dygnet runt.<\/p>\n","protected":false},"featured_media":9145,"comment_status":"open","ping_status":"closed","template":"","meta":{"_acf_changed":false,"_monsterinsights_skip_tracking":false,"_monsterinsights_sitenote_active":false,"_monsterinsights_sitenote_note":"","_monsterinsights_sitenote_category":0},"product_brand":[],"product_cat":[52],"product_tag":[666,667,668,669,670,684,683,687,671,693,695,696,676,677,679,680,682,678,681,685,688,689,691,690,672,675,694,686,697,692,698,673,674,700,701,702,704,703,699],"class_list":{"0":"post-9144","1":"product","2":"type-product","3":"status-publish","4":"has-post-thumbnail","6":"product_cat-pain-killers","7":"product_tag-100-mg-fentanylplaster","8":"product_tag-100-mikrogram-fentanylplaster","9":"product_tag-12-5-mcg-fentanylplaster","10":"product_tag-apotex-fentanylplaster","11":"product_tag-applicera-fentanylplaster","12":"product_tag-aterkallade-fentanylplaster","13":"product_tag-aterkallande-av-fentanylplaster","14":"product_tag-avvanjning-av-fentanylplaster","15":"product_tag-basta-sattet-att-missbruka-fentanylplaster","16":"product_tag-bilder-av-fentanylplaster","17":"product_tag-biverkningar-av-fentanylplaster","18":"product_tag-biverkningar-av-fentanylplaster-hos-aldre","19":"product_tag-blir-man-hog-av-fentanylplaster","20":"product_tag-fentanylplaster-50-mg","21":"product_tag-fentanylplaster-doser","22":"product_tag-fentanylplaster-for-smarta","23":"product_tag-fentanylplaster-ger-omedelbar-smartlindring-och-kraver-inga-stodjande-mediciner","24":"product_tag-fentanylplaster-marken","25":"product_tag-fentanylplaster-overdosering","26":"product_tag-gatupris-for-fentanylplaster","27":"product_tag-hur-fungerar-fentanylplaster","28":"product_tag-hur-man-gor-sig-av-med-fentanylplaster","29":"product_tag-hur-man-roker-fentanylplaster","30":"product_tag-hur-man-skjuter-fentanylplaster","31":"product_tag-kopa-fentanylplaster","32":"product_tag-olika-typer-av-fentanylplaster","33":"product_tag-sandoz-fentanylplaster","34":"product_tag-styrka-av-fentanylplaster","35":"product_tag-teva-fentanylplaster","36":"product_tag-tillverkare-av-fentanylplaster","37":"product_tag-transdermala-fentanylplaster","38":"product_tag-tugga-fentanylplaster","39":"product_tag-tugga-fentanylplaster-utan-gel","40":"product_tag-vad-anvands-fentanylplaster-till","41":"product_tag-vad-ar-fentanylplaster","42":"product_tag-vilken-dos-fentanylplaster-har","43":"product_tag-vilken-styrka-fentanylplaster-har","44":"product_tag-vilket-schema-har-fentanylplaster","45":"product_tag-watson-fentanylplaster","47":"first","48":"instock","49":"featured","50":"shipping-taxable","51":"purchasable","52":"product-type-variable","53":"has-default-attributes"},"acf":[],"yoast_head":"<!-- This site is optimized with the Yoast SEO plugin v27.2 - https:\/\/yoast.com\/product\/yoast-seo-wordpress\/ -->\n<title>Fentanyl pl\u00e5ster f\u00f6r f\u00f6rs\u00e4ljning online | Global Meds Inc.<\/title>\n<meta name=\"description\" content=\"Fentanylpl\u00e5ster f\u00f6r f\u00f6rs\u00e4ljning online. Vi s\u00e4ljer Fentanyl-pl\u00e5ster av b\u00e4sta kvalitet. Kontakta oss g\u00e4rna f\u00f6r mer information och priser.\" \/>\n<meta name=\"robots\" content=\"index, follow, max-snippet:-1, max-image-preview:large, max-video-preview:-1\" \/>\n<link rel=\"canonical\" href=\"https:\/\/globalmedsonlineinc.com\/se\/product\/pain-killers\/fentanyl-platar\/\" \/>\n<meta property=\"og:locale\" content=\"sv_SE\" \/>\n<meta property=\"og:type\" content=\"article\" \/>\n<meta property=\"og:title\" content=\"Fentanyl pl\u00e5ster f\u00f6r f\u00f6rs\u00e4ljning online | Global Meds Inc.\" \/>\n<meta property=\"og:description\" content=\"Fentanylpl\u00e5ster f\u00f6r f\u00f6rs\u00e4ljning online. Vi s\u00e4ljer Fentanyl-pl\u00e5ster av b\u00e4sta kvalitet. Kontakta oss g\u00e4rna f\u00f6r mer information och priser.\" \/>\n<meta property=\"og:url\" content=\"https:\/\/globalmedsonlineinc.com\/se\/product\/pain-killers\/fentanyl-platar\/\" \/>\n<meta property=\"og:site_name\" content=\"Global Meds Inc\" \/>\n<meta property=\"article:modified_time\" content=\"2024-02-21T09:18:52+00:00\" \/>\n<meta property=\"og:image\" content=\"https:\/\/globalmedsonlineinc.com\/se\/content\/media\/uploads\/sites\/8\/2021\/07\/Fentanyl-100mcg-patch.jpg\" \/>\n\t<meta property=\"og:image:width\" content=\"1200\" \/>\n\t<meta property=\"og:image:height\" content=\"1200\" \/>\n\t<meta property=\"og:image:type\" content=\"image\/jpeg\" \/>\n<meta name=\"twitter:card\" content=\"summary_large_image\" \/>\n<meta name=\"twitter:label1\" content=\"Ber\u00e4knad l\u00e4stid\" \/>\n\t<meta name=\"twitter:data1\" content=\"5 minuter\" \/>\n<script type=\"application\/ld+json\" class=\"yoast-schema-graph\">{\"@context\":\"https:\/\/schema.org\",\"@graph\":[{\"@type\":\"WebPage\",\"@id\":\"https:\/\/globalmedsonlineinc.com\/se\/product\/pain-killers\/fentanyl-platar\/\",\"url\":\"https:\/\/globalmedsonlineinc.com\/se\/product\/pain-killers\/fentanyl-platar\/\",\"name\":\"Fentanyl pl\u00e5ster f\u00f6r f\u00f6rs\u00e4ljning online | Global Meds Inc.\",\"isPartOf\":{\"@id\":\"https:\/\/globalmedsonlineinc.com\/se\/#website\"},\"primaryImageOfPage\":{\"@id\":\"https:\/\/globalmedsonlineinc.com\/se\/product\/pain-killers\/fentanyl-platar\/#primaryimage\"},\"image\":{\"@id\":\"https:\/\/globalmedsonlineinc.com\/se\/product\/pain-killers\/fentanyl-platar\/#primaryimage\"},\"thumbnailUrl\":\"https:\/\/globalmedsonlineinc.com\/se\/content\/media\/uploads\/sites\/8\/2021\/07\/Fentanyl-100mcg-patch.jpg\",\"datePublished\":\"2021-07-02T18:37:54+00:00\",\"dateModified\":\"2024-02-21T09:18:52+00:00\",\"description\":\"Fentanylpl\u00e5ster f\u00f6r f\u00f6rs\u00e4ljning online. Vi s\u00e4ljer Fentanyl-pl\u00e5ster av b\u00e4sta kvalitet. Kontakta oss g\u00e4rna f\u00f6r mer information och priser.\",\"breadcrumb\":{\"@id\":\"https:\/\/globalmedsonlineinc.com\/se\/product\/pain-killers\/fentanyl-platar\/#breadcrumb\"},\"inLanguage\":\"sv-SE\",\"potentialAction\":[{\"@type\":\"ReadAction\",\"target\":[\"https:\/\/globalmedsonlineinc.com\/se\/product\/pain-killers\/fentanyl-platar\/\"]}]},{\"@type\":\"ImageObject\",\"inLanguage\":\"sv-SE\",\"@id\":\"https:\/\/globalmedsonlineinc.com\/se\/product\/pain-killers\/fentanyl-platar\/#primaryimage\",\"url\":\"https:\/\/globalmedsonlineinc.com\/se\/content\/media\/uploads\/sites\/8\/2021\/07\/Fentanyl-100mcg-patch.jpg\",\"contentUrl\":\"https:\/\/globalmedsonlineinc.com\/se\/content\/media\/uploads\/sites\/8\/2021\/07\/Fentanyl-100mcg-patch.jpg\",\"width\":1200,\"height\":1200,\"caption\":\"Fentanylpl\u00e5ster f\u00f6r f\u00f6rs\u00e4ljning online\"},{\"@type\":\"BreadcrumbList\",\"@id\":\"https:\/\/globalmedsonlineinc.com\/se\/product\/pain-killers\/fentanyl-platar\/#breadcrumb\",\"itemListElement\":[{\"@type\":\"ListItem\",\"position\":1,\"name\":\"Home\",\"item\":\"https:\/\/globalmedsonlineinc.com\/se\/\"},{\"@type\":\"ListItem\",\"position\":2,\"name\":\"Produkter\",\"item\":\"https:\/\/globalmedsonlineinc.com\/se\/produkter\/\"},{\"@type\":\"ListItem\",\"position\":3,\"name\":\"K\u00f6p Fentanyl Patches online\"}]},{\"@type\":\"WebSite\",\"@id\":\"https:\/\/globalmedsonlineinc.com\/se\/#website\",\"url\":\"https:\/\/globalmedsonlineinc.com\/se\/\",\"name\":\"Global Meds Inc\",\"description\":\"\",\"publisher\":{\"@id\":\"https:\/\/globalmedsonlineinc.com\/se\/#organization\"},\"potentialAction\":[{\"@type\":\"SearchAction\",\"target\":{\"@type\":\"EntryPoint\",\"urlTemplate\":\"https:\/\/globalmedsonlineinc.com\/se\/?s={search_term_string}\"},\"query-input\":{\"@type\":\"PropertyValueSpecification\",\"valueRequired\":true,\"valueName\":\"search_term_string\"}}],\"inLanguage\":\"sv-SE\"},{\"@type\":\"Organization\",\"@id\":\"https:\/\/globalmedsonlineinc.com\/se\/#organization\",\"name\":\"Global Meds Inc.\",\"url\":\"https:\/\/globalmedsonlineinc.com\/se\/\",\"logo\":{\"@type\":\"ImageObject\",\"inLanguage\":\"sv-SE\",\"@id\":\"https:\/\/globalmedsonlineinc.com\/se\/#\/schema\/logo\/image\/\",\"url\":\"https:\/\/globalmedsonlineinc.com\/se\/content\/media\/uploads\/sites\/8\/2021\/06\/globalmedsonlineincLogoShop20210630123730.00.png\",\"contentUrl\":\"https:\/\/globalmedsonlineinc.com\/se\/content\/media\/uploads\/sites\/8\/2021\/06\/globalmedsonlineincLogoShop20210630123730.00.png\",\"width\":450,\"height\":117,\"caption\":\"Global Meds Inc.\"},\"image\":{\"@id\":\"https:\/\/globalmedsonlineinc.com\/se\/#\/schema\/logo\/image\/\"}}]}<\/script>\n<!-- \/ Yoast SEO plugin. -->","yoast_head_json":{"title":"Fentanyl pl\u00e5ster f\u00f6r f\u00f6rs\u00e4ljning online | Global Meds Inc.","description":"Fentanylpl\u00e5ster f\u00f6r f\u00f6rs\u00e4ljning online. Vi s\u00e4ljer Fentanyl-pl\u00e5ster av b\u00e4sta kvalitet. Kontakta oss g\u00e4rna f\u00f6r mer information och priser.","robots":{"index":"index","follow":"follow","max-snippet":"max-snippet:-1","max-image-preview":"max-image-preview:large","max-video-preview":"max-video-preview:-1"},"canonical":"https:\/\/globalmedsonlineinc.com\/se\/product\/pain-killers\/fentanyl-platar\/","og_locale":"sv_SE","og_type":"article","og_title":"Fentanyl pl\u00e5ster f\u00f6r f\u00f6rs\u00e4ljning online | Global Meds Inc.","og_description":"Fentanylpl\u00e5ster f\u00f6r f\u00f6rs\u00e4ljning online. Vi s\u00e4ljer Fentanyl-pl\u00e5ster av b\u00e4sta kvalitet. Kontakta oss g\u00e4rna f\u00f6r mer information och priser.","og_url":"https:\/\/globalmedsonlineinc.com\/se\/product\/pain-killers\/fentanyl-platar\/","og_site_name":"Global Meds Inc","article_modified_time":"2024-02-21T09:18:52+00:00","og_image":[{"width":1200,"height":1200,"url":"https:\/\/globalmedsonlineinc.com\/se\/content\/media\/uploads\/sites\/8\/2021\/07\/Fentanyl-100mcg-patch.jpg","type":"image\/jpeg"}],"twitter_card":"summary_large_image","twitter_misc":{"Ber\u00e4knad l\u00e4stid":"5 minuter"},"schema":{"@context":"https:\/\/schema.org","@graph":[{"@type":"WebPage","@id":"https:\/\/globalmedsonlineinc.com\/se\/product\/pain-killers\/fentanyl-platar\/","url":"https:\/\/globalmedsonlineinc.com\/se\/product\/pain-killers\/fentanyl-platar\/","name":"Fentanyl pl\u00e5ster f\u00f6r f\u00f6rs\u00e4ljning online | Global Meds Inc.","isPartOf":{"@id":"https:\/\/globalmedsonlineinc.com\/se\/#website"},"primaryImageOfPage":{"@id":"https:\/\/globalmedsonlineinc.com\/se\/product\/pain-killers\/fentanyl-platar\/#primaryimage"},"image":{"@id":"https:\/\/globalmedsonlineinc.com\/se\/product\/pain-killers\/fentanyl-platar\/#primaryimage"},"thumbnailUrl":"https:\/\/globalmedsonlineinc.com\/se\/content\/media\/uploads\/sites\/8\/2021\/07\/Fentanyl-100mcg-patch.jpg","datePublished":"2021-07-02T18:37:54+00:00","dateModified":"2024-02-21T09:18:52+00:00","description":"Fentanylpl\u00e5ster f\u00f6r f\u00f6rs\u00e4ljning online. Vi s\u00e4ljer Fentanyl-pl\u00e5ster av b\u00e4sta kvalitet. Kontakta oss g\u00e4rna f\u00f6r mer information och priser.","breadcrumb":{"@id":"https:\/\/globalmedsonlineinc.com\/se\/product\/pain-killers\/fentanyl-platar\/#breadcrumb"},"inLanguage":"sv-SE","potentialAction":[{"@type":"ReadAction","target":["https:\/\/globalmedsonlineinc.com\/se\/product\/pain-killers\/fentanyl-platar\/"]}]},{"@type":"ImageObject","inLanguage":"sv-SE","@id":"https:\/\/globalmedsonlineinc.com\/se\/product\/pain-killers\/fentanyl-platar\/#primaryimage","url":"https:\/\/globalmedsonlineinc.com\/se\/content\/media\/uploads\/sites\/8\/2021\/07\/Fentanyl-100mcg-patch.jpg","contentUrl":"https:\/\/globalmedsonlineinc.com\/se\/content\/media\/uploads\/sites\/8\/2021\/07\/Fentanyl-100mcg-patch.jpg","width":1200,"height":1200,"caption":"Fentanylpl\u00e5ster f\u00f6r f\u00f6rs\u00e4ljning online"},{"@type":"BreadcrumbList","@id":"https:\/\/globalmedsonlineinc.com\/se\/product\/pain-killers\/fentanyl-platar\/#breadcrumb","itemListElement":[{"@type":"ListItem","position":1,"name":"Home","item":"https:\/\/globalmedsonlineinc.com\/se\/"},{"@type":"ListItem","position":2,"name":"Produkter","item":"https:\/\/globalmedsonlineinc.com\/se\/produkter\/"},{"@type":"ListItem","position":3,"name":"K\u00f6p Fentanyl Patches online"}]},{"@type":"WebSite","@id":"https:\/\/globalmedsonlineinc.com\/se\/#website","url":"https:\/\/globalmedsonlineinc.com\/se\/","name":"Global Meds Inc","description":"","publisher":{"@id":"https:\/\/globalmedsonlineinc.com\/se\/#organization"},"potentialAction":[{"@type":"SearchAction","target":{"@type":"EntryPoint","urlTemplate":"https:\/\/globalmedsonlineinc.com\/se\/?s={search_term_string}"},"query-input":{"@type":"PropertyValueSpecification","valueRequired":true,"valueName":"search_term_string"}}],"inLanguage":"sv-SE"},{"@type":"Organization","@id":"https:\/\/globalmedsonlineinc.com\/se\/#organization","name":"Global Meds Inc.","url":"https:\/\/globalmedsonlineinc.com\/se\/","logo":{"@type":"ImageObject","inLanguage":"sv-SE","@id":"https:\/\/globalmedsonlineinc.com\/se\/#\/schema\/logo\/image\/","url":"https:\/\/globalmedsonlineinc.com\/se\/content\/media\/uploads\/sites\/8\/2021\/06\/globalmedsonlineincLogoShop20210630123730.00.png","contentUrl":"https:\/\/globalmedsonlineinc.com\/se\/content\/media\/uploads\/sites\/8\/2021\/06\/globalmedsonlineincLogoShop20210630123730.00.png","width":450,"height":117,"caption":"Global Meds Inc."},"image":{"@id":"https:\/\/globalmedsonlineinc.com\/se\/#\/schema\/logo\/image\/"}}]}},"_links":{"self":[{"href":"https:\/\/globalmedsonlineinc.com\/se\/wp-json\/wp\/v2\/product\/9144","targetHints":{"allow":["GET"]}}],"collection":[{"href":"https:\/\/globalmedsonlineinc.com\/se\/wp-json\/wp\/v2\/product"}],"about":[{"href":"https:\/\/globalmedsonlineinc.com\/se\/wp-json\/wp\/v2\/types\/product"}],"replies":[{"embeddable":true,"href":"https:\/\/globalmedsonlineinc.com\/se\/wp-json\/wp\/v2\/comments?post=9144"}],"wp:featuredmedia":[{"embeddable":true,"href":"https:\/\/globalmedsonlineinc.com\/se\/wp-json\/wp\/v2\/media\/9145"}],"wp:attachment":[{"href":"https:\/\/globalmedsonlineinc.com\/se\/wp-json\/wp\/v2\/media?parent=9144"}],"wp:term":[{"taxonomy":"product_brand","embeddable":true,"href":"https:\/\/globalmedsonlineinc.com\/se\/wp-json\/wp\/v2\/product_brand?post=9144"},{"taxonomy":"product_cat","embeddable":true,"href":"https:\/\/globalmedsonlineinc.com\/se\/wp-json\/wp\/v2\/product_cat?post=9144"},{"taxonomy":"product_tag","embeddable":true,"href":"https:\/\/globalmedsonlineinc.com\/se\/wp-json\/wp\/v2\/product_tag?post=9144"}],"curies":[{"name":"wp","href":"https:\/\/api.w.org\/{rel}","templated":true}]}}