{"id":9137,"date":"2021-07-02T18:28:09","date_gmt":"2021-07-02T18:28:09","guid":{"rendered":"https:\/\/globalmedsonlineinc.com\/se\/?post_type=product&#038;p=9137"},"modified":"2024-02-21T09:19:40","modified_gmt":"2024-02-21T09:19:40","slug":"fentanyl-piller","status":"publish","type":"product","link":"https:\/\/globalmedsonlineinc.com\/se\/product\/pain-killers\/fentanyl-piller\/","title":{"rendered":"K\u00f6p Fentanyl piller online"},"content":{"rendered":"<h1>Fentanyl piller till salu online utan recept<\/h1>\n<p><a href=\"https:\/\/globalmedsonlineinc.com\/se\/product\/pain-killers\/fentanyl-pills\/\">Fentanylpiller till salu p\u00e5 n\u00e4tet<\/a> utan recept. Fentanylpiller (\u00e4ven kallat fentanil) \u00e4r ett kraftfullt, <a href=\"https:\/\/en.wikipedia.org\/wiki\/Fentanyl\">tillverkat<\/a> narkotiskt pl\u00e5goande medel med snabb start och kortvarig verkan. Det \u00e4r en kraftfull agonist vid \u03bc-narkotikareceptorerna. Fentanyl bed\u00f6ms vara 50 till flera g\u00e5nger mer intensivt \u00e4n morfin.<\/p>\n<p>Fentanyltabletter tillverkades f\u00f6rst av Paul Janssen 1960, efter att pethidin (annars kallat meperidin, visats upp som Demerol) hade introducerats i medicineringen ganska l\u00e4nge tidigare. Janssen skapade fentanyl genom att screena analoger av det i grunden besl\u00e4ktade l\u00e4kemedlet pethidin med avseende p\u00e5 narkotisk verkan. Den breda anv\u00e4ndningen av fentanyl utl\u00f6ste skapandet av fentanylcitrat (saltet som framst\u00e4lls genom att fentanyl och citrusextrakt f\u00f6renas i en st\u00f6kiometri p\u00e5 1:1), som kom i klinisk anv\u00e4ndning som ett \u00f6vergripande lugnande medel under 1960-talet under f\u00f6retagsnamnet Sublimaze. D\u00e4refter bildades m\u00e5nga andra fentanylanaloger och f\u00f6rdes in i kliniskt arbete p\u00e5, inklusive sufentanil, alfentanil, remifentanil och lofentanil. K\u00f6p Fentanyl piller online<\/p>\n<p>Fentanyl piller under 1990-talet presenterades fentanyl f\u00f6r palliativ anv\u00e4ndning med fentanyl fix, fortsatt under det f\u00f6ljande decenniet av presentationen av fentanyl godis, uppl\u00f6sande tabletter och sublinguala st\u00e4nk, som intas genom huden i munnen. 2012 var fentanyl den mest regelbundet anv\u00e4nda konstruerade narkotikan inom medicin. 2013 anv\u00e4ndes 1700 kilo runt om i v\u00e4rlden.<\/p>\n<p>Fentanyl online anv\u00e4nds dessutom som sportmedicin, och denna anv\u00e4ndning har medf\u00f6rt stora \u00f6verskridanden varje \u00e5r p\u00e5 senare tid. \u00d6verg\u00e5ngar har dessutom uppst\u00e5tt p\u00e5 grund av ol\u00e4mplig klinisk anv\u00e4ndning. Fentanyl har en m\u00e5ttligt bred remedial file (270) som g\u00f6r det till ett exceptionellt skyddat f\u00f6rsiktigt lugnande medel med f\u00f6rsiktig observation; i alla fall kr\u00e4ver dess gr\u00e4nsstyrka f\u00f6rsiktiga uppskattningar av djupt f\u00f6rsvagat fentanyl i arrangemang; att str\u00e4va efter att exakt m\u00e4ta en portion of\u00f6rfalskat fentanylpulver \u00e4r orimligt utan banbrytande logisk h\u00e5rdvara, eftersom en livskraftig portion och en d\u00f6dlig portion fentanylpulver som l\u00e4ggs bredvid varandra skulle vara besv\u00e4rliga eller sv\u00e5ra att k\u00e4nna igen med det obearbetade \u00f6gat.<\/p>\n<p>God kvalitet Fentanyl piller online: Det \u00e4r helt f\u00f6rst\u00e5tt att m\u00e4nniskor inte snabbt litar p\u00e5 kvaliteten p\u00e5 Fentanyl piller online som s\u00e4ljs p\u00e5 n\u00e4tet eftersom de inte kan unders\u00f6ka det fysiskt. Men det \u00e4r inte samma sak med Online Fentanyl piller online leverant\u00f6rer. Produkterna h\u00e4r \u00e4r trogna sin beskrivning med h\u00f6gkvalitativt underh\u00e5ll som g\u00f6rs under experternas \u00f6verinseende.<\/p>\n<p>Snabb &amp; Diskret leverans: Leveransen av Fentanyl piller online efter mottagandet av best\u00e4llningen sker inom den utlovade tidsramen. Fraktteamet l\u00e4gger all sin m\u00f6da p\u00e5 att g\u00f6ra frakt- och leveransf\u00f6rfarandet smidigt och snabbt. Du kan ocks\u00e5 f\u00f6rv\u00e4nta dig utm\u00e4rkta tj\u00e4nster n\u00e4r du k\u00f6per Fentanyl piller online fr\u00e5n proffsen p\u00e5 onlineplattformen.<\/p>\n","protected":false},"excerpt":{"rendered":"<p>Fentanylpiller I mitten av 1990-talet introducerades fentanyl f\u00f6r palliativ anv\u00e4ndning i form av fentanylpl\u00e5ster, och under n\u00e4sta \u00e5rtionde introducerades fentanylslickepinnar, uppl\u00f6sande tabletter och sublingual spray som absorberas genom huden i munnen.<\/p>\n","protected":false},"featured_media":9138,"comment_status":"open","ping_status":"closed","template":"","meta":{"_acf_changed":false,"_monsterinsights_skip_tracking":false,"_monsterinsights_sitenote_active":false,"_monsterinsights_sitenote_note":"","_monsterinsights_sitenote_category":0},"product_brand":[],"product_cat":[52],"product_tag":[731,726,727,730,712,719,713,720,716,717,714,718,715,721,705,722,725,723,724,710,711,707,708,709,729,706,728,732,735,733,734],"class_list":{"0":"post-9137","1":"product","2":"type-product","3":"status-publish","4":"has-post-thumbnail","6":"product_cat-pain-killers","7":"product_tag-anvandningsomraden-for-fentanylpiller","8":"product_tag-bestall-fentanyl-liquid-online","9":"product_tag-bilder-pa-fentanylpiller","10":"product_tag-det-basta-stallet-att-kopa-fentanyl-liquid-online","11":"product_tag-fentanyl-liquid-till-salu","12":"product_tag-fentanyl-piller-aterforsaljare","13":"product_tag-fentanyl-piller-canada","14":"product_tag-fentanyl-piller-gatuvarde","15":"product_tag-fentanyl-piller-hog","16":"product_tag-fentanyl-piller-hur-lang-tid-tar-det-att-verka","17":"product_tag-fentanyl-piller-kontakt","18":"product_tag-fentanyl-piller-mg","19":"product_tag-fentanyl-piller-till-salu","20":"product_tag-fentanyl-piller-utan-recept","21":"product_tag-flaska-fentanylpiller","22":"product_tag-hur-fentanylpiller-fungerar","23":"product_tag-hur-man-gor-fentanylpiller","24":"product_tag-hur-man-koper-fentanyl-liquid-online","25":"product_tag-hur-man-koper-fentanylpiller-online","26":"product_tag-kan-man-roka-fentanylpiller","27":"product_tag-kan-man-ta-fentanylpiller-och-hydrokodon-tillsammans","28":"product_tag-kop-fentanyl-liquid-online","29":"product_tag-kop-fentanylpiller","30":"product_tag-kop-fentanylpiller-online","31":"product_tag-kvalitet-fentanylpiller-till-billigt-pris","32":"product_tag-marken-av-fentanylpiller","33":"product_tag-recept-pa-fentanylpiller","34":"product_tag-vad-ar-fentanylpiller","35":"product_tag-var-kan-man-fa-fentanylpiller","36":"product_tag-var-kan-man-kopa-fentanyl-liquid-online","37":"product_tag-var-kan-man-kopa-fentanylpiller-online","39":"first","40":"instock","41":"sale","42":"shipping-taxable","43":"purchasable","44":"product-type-variable","45":"has-default-attributes"},"acf":[],"yoast_head":"<!-- This site is optimized with the Yoast SEO plugin v27.2 - https:\/\/yoast.com\/product\/yoast-seo-wordpress\/ -->\n<title>Fentanyl piller f\u00f6r f\u00f6rs\u00e4ljning online utan recept | Global Meds Inc.<\/title>\n<meta name=\"description\" content=\"Fentanyl piller f\u00f6r f\u00f6rs\u00e4ljning online utan recept. Vi s\u00e4ljer fentanylpiller av b\u00e4sta kvalitet. Kontakta oss g\u00e4rna f\u00f6r mer information och priser.\" \/>\n<meta name=\"robots\" content=\"index, follow, max-snippet:-1, max-image-preview:large, max-video-preview:-1\" \/>\n<link rel=\"canonical\" href=\"https:\/\/globalmedsonlineinc.com\/se\/product\/pain-killers\/fentanyl-piller\/\" \/>\n<meta property=\"og:locale\" content=\"sv_SE\" \/>\n<meta property=\"og:type\" content=\"article\" \/>\n<meta property=\"og:title\" content=\"Fentanyl piller f\u00f6r f\u00f6rs\u00e4ljning online utan recept | Global Meds Inc.\" \/>\n<meta property=\"og:description\" content=\"Fentanyl piller f\u00f6r f\u00f6rs\u00e4ljning online utan recept. Vi s\u00e4ljer fentanylpiller av b\u00e4sta kvalitet. Kontakta oss g\u00e4rna f\u00f6r mer information och priser.\" \/>\n<meta property=\"og:url\" content=\"https:\/\/globalmedsonlineinc.com\/se\/product\/pain-killers\/fentanyl-piller\/\" \/>\n<meta property=\"og:site_name\" content=\"Global Meds Inc\" \/>\n<meta property=\"article:modified_time\" content=\"2024-02-21T09:19:40+00:00\" \/>\n<meta property=\"og:image\" content=\"https:\/\/globalmedsonlineinc.com\/se\/content\/media\/uploads\/sites\/8\/2021\/07\/FENTANYL-Pills.jpg\" \/>\n\t<meta property=\"og:image:width\" content=\"1200\" \/>\n\t<meta property=\"og:image:height\" content=\"1200\" \/>\n\t<meta property=\"og:image:type\" content=\"image\/jpeg\" \/>\n<meta name=\"twitter:card\" content=\"summary_large_image\" \/>\n<meta name=\"twitter:label1\" content=\"Ber\u00e4knad l\u00e4stid\" \/>\n\t<meta name=\"twitter:data1\" content=\"3 minuter\" \/>\n<script type=\"application\/ld+json\" class=\"yoast-schema-graph\">{\"@context\":\"https:\/\/schema.org\",\"@graph\":[{\"@type\":\"WebPage\",\"@id\":\"https:\/\/globalmedsonlineinc.com\/se\/product\/pain-killers\/fentanyl-piller\/\",\"url\":\"https:\/\/globalmedsonlineinc.com\/se\/product\/pain-killers\/fentanyl-piller\/\",\"name\":\"Fentanyl piller f\u00f6r f\u00f6rs\u00e4ljning online utan recept | Global Meds Inc.\",\"isPartOf\":{\"@id\":\"https:\/\/globalmedsonlineinc.com\/se\/#website\"},\"primaryImageOfPage\":{\"@id\":\"https:\/\/globalmedsonlineinc.com\/se\/product\/pain-killers\/fentanyl-piller\/#primaryimage\"},\"image\":{\"@id\":\"https:\/\/globalmedsonlineinc.com\/se\/product\/pain-killers\/fentanyl-piller\/#primaryimage\"},\"thumbnailUrl\":\"https:\/\/globalmedsonlineinc.com\/se\/content\/media\/uploads\/sites\/8\/2021\/07\/FENTANYL-Pills.jpg\",\"datePublished\":\"2021-07-02T18:28:09+00:00\",\"dateModified\":\"2024-02-21T09:19:40+00:00\",\"description\":\"Fentanyl piller f\u00f6r f\u00f6rs\u00e4ljning online utan recept. Vi s\u00e4ljer fentanylpiller av b\u00e4sta kvalitet. Kontakta oss g\u00e4rna f\u00f6r mer information och priser.\",\"breadcrumb\":{\"@id\":\"https:\/\/globalmedsonlineinc.com\/se\/product\/pain-killers\/fentanyl-piller\/#breadcrumb\"},\"inLanguage\":\"sv-SE\",\"potentialAction\":[{\"@type\":\"ReadAction\",\"target\":[\"https:\/\/globalmedsonlineinc.com\/se\/product\/pain-killers\/fentanyl-piller\/\"]}]},{\"@type\":\"ImageObject\",\"inLanguage\":\"sv-SE\",\"@id\":\"https:\/\/globalmedsonlineinc.com\/se\/product\/pain-killers\/fentanyl-piller\/#primaryimage\",\"url\":\"https:\/\/globalmedsonlineinc.com\/se\/content\/media\/uploads\/sites\/8\/2021\/07\/FENTANYL-Pills.jpg\",\"contentUrl\":\"https:\/\/globalmedsonlineinc.com\/se\/content\/media\/uploads\/sites\/8\/2021\/07\/FENTANYL-Pills.jpg\",\"width\":1200,\"height\":1200,\"caption\":\"Fentanyl piller f\u00f6r f\u00f6rs\u00e4ljning online utan recept\"},{\"@type\":\"BreadcrumbList\",\"@id\":\"https:\/\/globalmedsonlineinc.com\/se\/product\/pain-killers\/fentanyl-piller\/#breadcrumb\",\"itemListElement\":[{\"@type\":\"ListItem\",\"position\":1,\"name\":\"Home\",\"item\":\"https:\/\/globalmedsonlineinc.com\/se\/\"},{\"@type\":\"ListItem\",\"position\":2,\"name\":\"Produkter\",\"item\":\"https:\/\/globalmedsonlineinc.com\/se\/produkter\/\"},{\"@type\":\"ListItem\",\"position\":3,\"name\":\"K\u00f6p Fentanyl piller online\"}]},{\"@type\":\"WebSite\",\"@id\":\"https:\/\/globalmedsonlineinc.com\/se\/#website\",\"url\":\"https:\/\/globalmedsonlineinc.com\/se\/\",\"name\":\"Global Meds Inc\",\"description\":\"\",\"publisher\":{\"@id\":\"https:\/\/globalmedsonlineinc.com\/se\/#organization\"},\"potentialAction\":[{\"@type\":\"SearchAction\",\"target\":{\"@type\":\"EntryPoint\",\"urlTemplate\":\"https:\/\/globalmedsonlineinc.com\/se\/?s={search_term_string}\"},\"query-input\":{\"@type\":\"PropertyValueSpecification\",\"valueRequired\":true,\"valueName\":\"search_term_string\"}}],\"inLanguage\":\"sv-SE\"},{\"@type\":\"Organization\",\"@id\":\"https:\/\/globalmedsonlineinc.com\/se\/#organization\",\"name\":\"Global Meds Inc.\",\"url\":\"https:\/\/globalmedsonlineinc.com\/se\/\",\"logo\":{\"@type\":\"ImageObject\",\"inLanguage\":\"sv-SE\",\"@id\":\"https:\/\/globalmedsonlineinc.com\/se\/#\/schema\/logo\/image\/\",\"url\":\"https:\/\/globalmedsonlineinc.com\/se\/content\/media\/uploads\/sites\/8\/2021\/06\/globalmedsonlineincLogoShop20210630123730.00.png\",\"contentUrl\":\"https:\/\/globalmedsonlineinc.com\/se\/content\/media\/uploads\/sites\/8\/2021\/06\/globalmedsonlineincLogoShop20210630123730.00.png\",\"width\":450,\"height\":117,\"caption\":\"Global Meds Inc.\"},\"image\":{\"@id\":\"https:\/\/globalmedsonlineinc.com\/se\/#\/schema\/logo\/image\/\"}}]}<\/script>\n<!-- \/ Yoast SEO plugin. -->","yoast_head_json":{"title":"Fentanyl piller f\u00f6r f\u00f6rs\u00e4ljning online utan recept | Global Meds Inc.","description":"Fentanyl piller f\u00f6r f\u00f6rs\u00e4ljning online utan recept. Vi s\u00e4ljer fentanylpiller av b\u00e4sta kvalitet. Kontakta oss g\u00e4rna f\u00f6r mer information och priser.","robots":{"index":"index","follow":"follow","max-snippet":"max-snippet:-1","max-image-preview":"max-image-preview:large","max-video-preview":"max-video-preview:-1"},"canonical":"https:\/\/globalmedsonlineinc.com\/se\/product\/pain-killers\/fentanyl-piller\/","og_locale":"sv_SE","og_type":"article","og_title":"Fentanyl piller f\u00f6r f\u00f6rs\u00e4ljning online utan recept | Global Meds Inc.","og_description":"Fentanyl piller f\u00f6r f\u00f6rs\u00e4ljning online utan recept. Vi s\u00e4ljer fentanylpiller av b\u00e4sta kvalitet. Kontakta oss g\u00e4rna f\u00f6r mer information och priser.","og_url":"https:\/\/globalmedsonlineinc.com\/se\/product\/pain-killers\/fentanyl-piller\/","og_site_name":"Global Meds Inc","article_modified_time":"2024-02-21T09:19:40+00:00","og_image":[{"width":1200,"height":1200,"url":"https:\/\/globalmedsonlineinc.com\/se\/content\/media\/uploads\/sites\/8\/2021\/07\/FENTANYL-Pills.jpg","type":"image\/jpeg"}],"twitter_card":"summary_large_image","twitter_misc":{"Ber\u00e4knad l\u00e4stid":"3 minuter"},"schema":{"@context":"https:\/\/schema.org","@graph":[{"@type":"WebPage","@id":"https:\/\/globalmedsonlineinc.com\/se\/product\/pain-killers\/fentanyl-piller\/","url":"https:\/\/globalmedsonlineinc.com\/se\/product\/pain-killers\/fentanyl-piller\/","name":"Fentanyl piller f\u00f6r f\u00f6rs\u00e4ljning online utan recept | Global Meds Inc.","isPartOf":{"@id":"https:\/\/globalmedsonlineinc.com\/se\/#website"},"primaryImageOfPage":{"@id":"https:\/\/globalmedsonlineinc.com\/se\/product\/pain-killers\/fentanyl-piller\/#primaryimage"},"image":{"@id":"https:\/\/globalmedsonlineinc.com\/se\/product\/pain-killers\/fentanyl-piller\/#primaryimage"},"thumbnailUrl":"https:\/\/globalmedsonlineinc.com\/se\/content\/media\/uploads\/sites\/8\/2021\/07\/FENTANYL-Pills.jpg","datePublished":"2021-07-02T18:28:09+00:00","dateModified":"2024-02-21T09:19:40+00:00","description":"Fentanyl piller f\u00f6r f\u00f6rs\u00e4ljning online utan recept. Vi s\u00e4ljer fentanylpiller av b\u00e4sta kvalitet. Kontakta oss g\u00e4rna f\u00f6r mer information och priser.","breadcrumb":{"@id":"https:\/\/globalmedsonlineinc.com\/se\/product\/pain-killers\/fentanyl-piller\/#breadcrumb"},"inLanguage":"sv-SE","potentialAction":[{"@type":"ReadAction","target":["https:\/\/globalmedsonlineinc.com\/se\/product\/pain-killers\/fentanyl-piller\/"]}]},{"@type":"ImageObject","inLanguage":"sv-SE","@id":"https:\/\/globalmedsonlineinc.com\/se\/product\/pain-killers\/fentanyl-piller\/#primaryimage","url":"https:\/\/globalmedsonlineinc.com\/se\/content\/media\/uploads\/sites\/8\/2021\/07\/FENTANYL-Pills.jpg","contentUrl":"https:\/\/globalmedsonlineinc.com\/se\/content\/media\/uploads\/sites\/8\/2021\/07\/FENTANYL-Pills.jpg","width":1200,"height":1200,"caption":"Fentanyl piller f\u00f6r f\u00f6rs\u00e4ljning online utan recept"},{"@type":"BreadcrumbList","@id":"https:\/\/globalmedsonlineinc.com\/se\/product\/pain-killers\/fentanyl-piller\/#breadcrumb","itemListElement":[{"@type":"ListItem","position":1,"name":"Home","item":"https:\/\/globalmedsonlineinc.com\/se\/"},{"@type":"ListItem","position":2,"name":"Produkter","item":"https:\/\/globalmedsonlineinc.com\/se\/produkter\/"},{"@type":"ListItem","position":3,"name":"K\u00f6p Fentanyl piller online"}]},{"@type":"WebSite","@id":"https:\/\/globalmedsonlineinc.com\/se\/#website","url":"https:\/\/globalmedsonlineinc.com\/se\/","name":"Global Meds Inc","description":"","publisher":{"@id":"https:\/\/globalmedsonlineinc.com\/se\/#organization"},"potentialAction":[{"@type":"SearchAction","target":{"@type":"EntryPoint","urlTemplate":"https:\/\/globalmedsonlineinc.com\/se\/?s={search_term_string}"},"query-input":{"@type":"PropertyValueSpecification","valueRequired":true,"valueName":"search_term_string"}}],"inLanguage":"sv-SE"},{"@type":"Organization","@id":"https:\/\/globalmedsonlineinc.com\/se\/#organization","name":"Global Meds Inc.","url":"https:\/\/globalmedsonlineinc.com\/se\/","logo":{"@type":"ImageObject","inLanguage":"sv-SE","@id":"https:\/\/globalmedsonlineinc.com\/se\/#\/schema\/logo\/image\/","url":"https:\/\/globalmedsonlineinc.com\/se\/content\/media\/uploads\/sites\/8\/2021\/06\/globalmedsonlineincLogoShop20210630123730.00.png","contentUrl":"https:\/\/globalmedsonlineinc.com\/se\/content\/media\/uploads\/sites\/8\/2021\/06\/globalmedsonlineincLogoShop20210630123730.00.png","width":450,"height":117,"caption":"Global Meds Inc."},"image":{"@id":"https:\/\/globalmedsonlineinc.com\/se\/#\/schema\/logo\/image\/"}}]}},"_links":{"self":[{"href":"https:\/\/globalmedsonlineinc.com\/se\/wp-json\/wp\/v2\/product\/9137","targetHints":{"allow":["GET"]}}],"collection":[{"href":"https:\/\/globalmedsonlineinc.com\/se\/wp-json\/wp\/v2\/product"}],"about":[{"href":"https:\/\/globalmedsonlineinc.com\/se\/wp-json\/wp\/v2\/types\/product"}],"replies":[{"embeddable":true,"href":"https:\/\/globalmedsonlineinc.com\/se\/wp-json\/wp\/v2\/comments?post=9137"}],"wp:featuredmedia":[{"embeddable":true,"href":"https:\/\/globalmedsonlineinc.com\/se\/wp-json\/wp\/v2\/media\/9138"}],"wp:attachment":[{"href":"https:\/\/globalmedsonlineinc.com\/se\/wp-json\/wp\/v2\/media?parent=9137"}],"wp:term":[{"taxonomy":"product_brand","embeddable":true,"href":"https:\/\/globalmedsonlineinc.com\/se\/wp-json\/wp\/v2\/product_brand?post=9137"},{"taxonomy":"product_cat","embeddable":true,"href":"https:\/\/globalmedsonlineinc.com\/se\/wp-json\/wp\/v2\/product_cat?post=9137"},{"taxonomy":"product_tag","embeddable":true,"href":"https:\/\/globalmedsonlineinc.com\/se\/wp-json\/wp\/v2\/product_tag?post=9137"}],"curies":[{"name":"wp","href":"https:\/\/api.w.org\/{rel}","templated":true}]}}