{"id":9130,"date":"2021-07-02T18:18:52","date_gmt":"2021-07-02T18:18:52","guid":{"rendered":"https:\/\/globalmedsonlineinc.com\/se\/?post_type=product&#038;p=9130"},"modified":"2024-02-21T09:20:41","modified_gmt":"2024-02-21T09:20:41","slug":"dilaudid","status":"publish","type":"product","link":"https:\/\/globalmedsonlineinc.com\/se\/product\/pain-killers\/dilaudid\/","title":{"rendered":"K\u00f6p Dilaudid piller online"},"content":{"rendered":"<h1>Dilaudid piller till salu online utan recept<\/h1>\n<p><a href=\"https:\/\/globalmedsonlineinc.com\/se\/product\/pain-killers\/dilaudid\/\">Dilaudid piller till salu p\u00e5 n\u00e4tet<\/a> utan recept. K\u00f6p Dilaudid 8 mg, Hydromorfon \u00e4r en opioid sm\u00e4rtstillande medicin. En opioid kallas ibland f\u00f6r en narkotikum.<\/p>\n<p>Dilaudid 8 mg anv\u00e4nds f\u00f6r att behandla <a href=\"https:\/\/en.wikipedia.org\/wiki\/Hydromorphone\">m\u00e5ttlig<\/a> till sv\u00e5r sm\u00e4rta.<\/p>\n<p>Den f\u00f6rl\u00e4ngda fris\u00e4ttningsformen av detta l\u00e4kemedel \u00e4r f\u00f6r behandling dygnet runt av m\u00e5ttlig till sv\u00e5r sm\u00e4rta. Denna form av Dilaudid 8 mg \u00e4r inte avsedd att anv\u00e4ndas vid behov mot sm\u00e4rta.<\/p>\n<p>Dilaudid 8 mg hydromorfon kan ocks\u00e5 anv\u00e4ndas f\u00f6r \u00e4ndam\u00e5l som inte anges i denna l\u00e4kemedelsguide.<\/p>\n<h6>Vad \u00e4r den viktigaste informationen jag b\u00f6r veta om hydromorfon?<\/h6>\n<p>Du ska inte ta hydromorfon om du har allvarliga andningsproblem eller om du har en blockering i magen eller tarmarna.<\/p>\n<p><b>Dilaudid 8 mg Hydromorfon kan sakta ner eller stoppa din andning och kan vara vanebildande.<\/b> Anv\u00e4nd endast den f\u00f6reskrivna dosen och sv\u00e4lj ett piller med f\u00f6rl\u00e4ngd fris\u00e4ttning helt f\u00f6r att undvika en potentiellt d\u00f6dlig dos. Dela aldrig Dilaudid 8 mg med en annan person.<\/p>\n<figure class=\"promo-box vmig slideshow ga-event\" data-ga_event-category=\"Slideshow\" data-ga_event-action=\"SS-Promo-Impression\" data-ga_event-label=\"SS: KOL: Kan du vara i riskzonen?\" data-ga_event-noninteraction=\"true\"><figcaption><\/figcaption><\/figure>\n<p><strong>MISSBRUK AV NARKOTIKA L\u00c4KEMEDEL KAN F\u00d6RA TILLST\u00c4NGNING, \u00d6VERDOSERING ELLER D\u00d6D, s\u00e4rskilt hos ett barn eller en annan person som anv\u00e4nder l\u00e4kemedlet utan recept.<\/strong><\/p>\n<p><strong>Dilaudid 8 mg kan orsaka livshotande abstinenssymtom hos ett nyf\u00f6tt barn om modern har tagit detta l\u00e4kemedel under graviditeten.<\/strong><\/p>\n<p><b>Drick inte alkohol.<\/b> Farliga biverkningar eller d\u00f6dsfall kan intr\u00e4ffa.<\/p>\n<p>Vad ska jag diskutera med min v\u00e5rdgivare innan jag anv\u00e4nder hydromorfon?<\/p>\n<p>Du ska inte ta detta l\u00e4kemedel om du n\u00e5gonsin har haft en allergisk reaktion mot hydromorfon eller andra narkotiska l\u00e4kemedel, eller om du har:<\/p>\n<ul>\n<li>Sv\u00e5r astma eller andningsproblem;<\/li>\n<li>En blockering i din mage eller tarmar; eller<\/li>\n<li>en tarmobstruktion som kallas paralytisk ileus.<\/li>\n<\/ul>\n<p>Dilaudid 8 mg hydromorfon om du har anv\u00e4nt en MAO-h\u00e4mmare under de senaste 14 dagarna. En farlig l\u00e4kemedelsinteraktion kan uppst\u00e5. MAO-h\u00e4mmare inkluderar isokarboxazid, linezolid, metylenbl\u00e5 injektion, fenelzin, rasagilin, selegilin, tranylcypromin och andra.<\/p>\n<p>Vissa l\u00e4kemedel kan interagera med hydromorfon och orsaka ett allvarligt tillst\u00e5nd som kallas serotoninsyndrom. Se till att din l\u00e4kare vet om du ocks\u00e5 tar medicin mot depression, psykisk sjukdom, Parkinsons sjukdom, migr\u00e4n, allvarliga infektioner eller f\u00f6rebyggande av illam\u00e5ende och kr\u00e4kningar. Fr\u00e5ga din l\u00e4kare innan du g\u00f6r n\u00e5gra f\u00f6r\u00e4ndringar i hur eller n\u00e4r du tar dina mediciner.<\/p>\n<p>Du kanske inte kan ta Dilaudid 8 mg hydromorfon om du INTE redan behandlas med en liknande opioid (narkotisk) sm\u00e4rtmedicin och \u00e4r tolerant mot den. Prata med din l\u00e4kare om du inte \u00e4r s\u00e4ker p\u00e5 att du \u00e4r opioidtolerant.<\/p>\n<p>F\u00f6r att vara s\u00e4ker p\u00e5 att hydromorfon \u00e4r s\u00e4kert f\u00f6r dig, tala om f\u00f6r din l\u00e4kare om du har:<\/p>\n<ul>\n<li>n\u00e5gon typ av andningsproblem eller lungsjukdom;<\/li>\n<li>En historia av huvudskada, hj\u00e4rntum\u00f6r eller kramper;<\/li>\n<li>En historia av drogmissbruk, alkoholberoende eller psykisk sjukdom;<\/li>\n<li>urineringsproblem;<\/li>\n<li>leversjukdom eller njursjukdom;<\/li>\n<li>sulfitallergi;<\/li>\n<li>Addisons sjukdom eller andra sjukdomar i binjurarna;<\/li>\n<li>problem med gallbl\u00e5san, bukspottk\u00f6rteln eller sk\u00f6ldk\u00f6rteln, eller<\/li>\n<li>Om du anv\u00e4nder ett lugnande medel som Valium (diazepam, alprazolam, lorazepam, Ativan, Klonopin, Restoril, Tranxene, Versed, Xanax och andra).<\/li>\n<\/ul>\n<p>God kvalitet Dilaudid piller online: Det \u00e4r helt f\u00f6rst\u00e5tt att m\u00e4nniskor inte snabbt litar p\u00e5 kvaliteten p\u00e5 Dilaudid piller online som s\u00e4ljs p\u00e5 n\u00e4tet eftersom de inte kan unders\u00f6ka det fysiskt. Men det \u00e4r inte samma sak med Online Dilaudid piller online leverant\u00f6rer. Produkterna h\u00e4r \u00e4r trogna sin beskrivning med h\u00f6gkvalitativt underh\u00e5ll som g\u00f6rs under experternas \u00f6verinseende.<\/p>\n<p>Snabb &amp; amp; Diskret leverans: Leveransen av Dilaudid piller online efter mottagandet av best\u00e4llningen sker inom den utlovade tidsramen. Fraktteamet l\u00e4gger all sin m\u00f6da p\u00e5 att g\u00f6ra frakt- och leveransf\u00f6rfarandet smidigt och snabbt. Du kan ocks\u00e5 f\u00f6rv\u00e4nta dig utm\u00e4rkta tj\u00e4nster n\u00e4r du k\u00f6per Dilaudid piller online fr\u00e5n proffsen p\u00e5 onlineplattformen.<\/p>\n","protected":false},"excerpt":{"rendered":"<p><b>Dilaudid 8 mg Hydromorfon kan sakta ner eller stoppa din andning och kan vara vanebildande.<\/b> Anv\u00e4nd endast den f\u00f6reskrivna dosen och sv\u00e4lj ett piller med f\u00f6rl\u00e4ngd fris\u00e4ttning helt f\u00f6r att undvika en potentiellt d\u00f6dlig dos. Dela aldrig Dilaudid 8 mg med en annan person.<\/p>\n","protected":false},"featured_media":9136,"comment_status":"open","ping_status":"closed","template":"","meta":{"_acf_changed":false,"_monsterinsights_skip_tracking":false,"_monsterinsights_sitenote_active":false,"_monsterinsights_sitenote_note":"","_monsterinsights_sitenote_category":0},"product_brand":[],"product_cat":[52],"product_tag":[739,737,738,736,740,741],"class_list":{"0":"post-9130","1":"product","2":"type-product","3":"status-publish","4":"has-post-thumbnail","6":"product_cat-pain-killers","7":"product_tag-bestall-dilaudid-8-mg-online","8":"product_tag-dilaudid-8-mg-till-salu","9":"product_tag-hur-man-koper-dilaudid-8-mg-online","10":"product_tag-kop-dilaudid-8-mg-online","11":"product_tag-spelplatser-for-att-kopa-dilaudid-8-mg-online","12":"product_tag-var-kan-man-kopa-dilaudid-8-mg-online","14":"first","15":"instock","16":"shipping-taxable","17":"purchasable","18":"product-type-variable","19":"has-default-attributes"},"acf":[],"yoast_head":"<!-- This site is optimized with the Yoast SEO plugin v27.2 - https:\/\/yoast.com\/product\/yoast-seo-wordpress\/ -->\n<title>Dilaudid piller till salu online utan recept | Global Meds Inc.<\/title>\n<meta name=\"description\" content=\"Dilaudid piller till salu online utan recept. Vi s\u00e4ljer Dilaudid-piller av b\u00e4sta kvalitet. Kontakta oss g\u00e4rna f\u00f6r mer information och priser.\" \/>\n<meta name=\"robots\" content=\"index, follow, max-snippet:-1, max-image-preview:large, max-video-preview:-1\" \/>\n<link rel=\"canonical\" href=\"https:\/\/globalmedsonlineinc.com\/se\/product\/pain-killers\/dilaudid\/\" \/>\n<meta property=\"og:locale\" content=\"sv_SE\" \/>\n<meta property=\"og:type\" content=\"article\" \/>\n<meta property=\"og:title\" content=\"Dilaudid piller till salu online utan recept | Global Meds Inc.\" \/>\n<meta property=\"og:description\" content=\"Dilaudid piller till salu online utan recept. Vi s\u00e4ljer Dilaudid-piller av b\u00e4sta kvalitet. Kontakta oss g\u00e4rna f\u00f6r mer information och priser.\" \/>\n<meta property=\"og:url\" content=\"https:\/\/globalmedsonlineinc.com\/se\/product\/pain-killers\/dilaudid\/\" \/>\n<meta property=\"og:site_name\" content=\"Global Meds Inc\" \/>\n<meta property=\"article:modified_time\" content=\"2024-02-21T09:20:41+00:00\" \/>\n<meta property=\"og:image\" content=\"https:\/\/globalmedsonlineinc.com\/se\/content\/media\/uploads\/sites\/8\/2021\/07\/Buy-Dilaudid-8-mg.jpg\" \/>\n\t<meta property=\"og:image:width\" content=\"1200\" \/>\n\t<meta property=\"og:image:height\" content=\"1200\" \/>\n\t<meta property=\"og:image:type\" content=\"image\/jpeg\" \/>\n<meta name=\"twitter:card\" content=\"summary_large_image\" \/>\n<meta name=\"twitter:label1\" content=\"Ber\u00e4knad l\u00e4stid\" \/>\n\t<meta name=\"twitter:data1\" content=\"4 minuter\" \/>\n<script type=\"application\/ld+json\" class=\"yoast-schema-graph\">{\"@context\":\"https:\/\/schema.org\",\"@graph\":[{\"@type\":\"WebPage\",\"@id\":\"https:\/\/globalmedsonlineinc.com\/se\/product\/pain-killers\/dilaudid\/\",\"url\":\"https:\/\/globalmedsonlineinc.com\/se\/product\/pain-killers\/dilaudid\/\",\"name\":\"Dilaudid piller till salu online utan recept | Global Meds Inc.\",\"isPartOf\":{\"@id\":\"https:\/\/globalmedsonlineinc.com\/se\/#website\"},\"primaryImageOfPage\":{\"@id\":\"https:\/\/globalmedsonlineinc.com\/se\/product\/pain-killers\/dilaudid\/#primaryimage\"},\"image\":{\"@id\":\"https:\/\/globalmedsonlineinc.com\/se\/product\/pain-killers\/dilaudid\/#primaryimage\"},\"thumbnailUrl\":\"https:\/\/globalmedsonlineinc.com\/se\/content\/media\/uploads\/sites\/8\/2021\/07\/Buy-Dilaudid-8-mg.jpg\",\"datePublished\":\"2021-07-02T18:18:52+00:00\",\"dateModified\":\"2024-02-21T09:20:41+00:00\",\"description\":\"Dilaudid piller till salu online utan recept. Vi s\u00e4ljer Dilaudid-piller av b\u00e4sta kvalitet. Kontakta oss g\u00e4rna f\u00f6r mer information och priser.\",\"breadcrumb\":{\"@id\":\"https:\/\/globalmedsonlineinc.com\/se\/product\/pain-killers\/dilaudid\/#breadcrumb\"},\"inLanguage\":\"sv-SE\",\"potentialAction\":[{\"@type\":\"ReadAction\",\"target\":[\"https:\/\/globalmedsonlineinc.com\/se\/product\/pain-killers\/dilaudid\/\"]}]},{\"@type\":\"ImageObject\",\"inLanguage\":\"sv-SE\",\"@id\":\"https:\/\/globalmedsonlineinc.com\/se\/product\/pain-killers\/dilaudid\/#primaryimage\",\"url\":\"https:\/\/globalmedsonlineinc.com\/se\/content\/media\/uploads\/sites\/8\/2021\/07\/Buy-Dilaudid-8-mg.jpg\",\"contentUrl\":\"https:\/\/globalmedsonlineinc.com\/se\/content\/media\/uploads\/sites\/8\/2021\/07\/Buy-Dilaudid-8-mg.jpg\",\"width\":1200,\"height\":1200,\"caption\":\"Dilaudid piller till salu online utan recept\"},{\"@type\":\"BreadcrumbList\",\"@id\":\"https:\/\/globalmedsonlineinc.com\/se\/product\/pain-killers\/dilaudid\/#breadcrumb\",\"itemListElement\":[{\"@type\":\"ListItem\",\"position\":1,\"name\":\"Home\",\"item\":\"https:\/\/globalmedsonlineinc.com\/se\/\"},{\"@type\":\"ListItem\",\"position\":2,\"name\":\"Produkter\",\"item\":\"https:\/\/globalmedsonlineinc.com\/se\/produkter\/\"},{\"@type\":\"ListItem\",\"position\":3,\"name\":\"K\u00f6p Dilaudid piller online\"}]},{\"@type\":\"WebSite\",\"@id\":\"https:\/\/globalmedsonlineinc.com\/se\/#website\",\"url\":\"https:\/\/globalmedsonlineinc.com\/se\/\",\"name\":\"Global Meds Inc\",\"description\":\"\",\"publisher\":{\"@id\":\"https:\/\/globalmedsonlineinc.com\/se\/#organization\"},\"potentialAction\":[{\"@type\":\"SearchAction\",\"target\":{\"@type\":\"EntryPoint\",\"urlTemplate\":\"https:\/\/globalmedsonlineinc.com\/se\/?s={search_term_string}\"},\"query-input\":{\"@type\":\"PropertyValueSpecification\",\"valueRequired\":true,\"valueName\":\"search_term_string\"}}],\"inLanguage\":\"sv-SE\"},{\"@type\":\"Organization\",\"@id\":\"https:\/\/globalmedsonlineinc.com\/se\/#organization\",\"name\":\"Global Meds Inc.\",\"url\":\"https:\/\/globalmedsonlineinc.com\/se\/\",\"logo\":{\"@type\":\"ImageObject\",\"inLanguage\":\"sv-SE\",\"@id\":\"https:\/\/globalmedsonlineinc.com\/se\/#\/schema\/logo\/image\/\",\"url\":\"https:\/\/globalmedsonlineinc.com\/se\/content\/media\/uploads\/sites\/8\/2021\/06\/globalmedsonlineincLogoShop20210630123730.00.png\",\"contentUrl\":\"https:\/\/globalmedsonlineinc.com\/se\/content\/media\/uploads\/sites\/8\/2021\/06\/globalmedsonlineincLogoShop20210630123730.00.png\",\"width\":450,\"height\":117,\"caption\":\"Global Meds Inc.\"},\"image\":{\"@id\":\"https:\/\/globalmedsonlineinc.com\/se\/#\/schema\/logo\/image\/\"}}]}<\/script>\n<!-- \/ Yoast SEO plugin. -->","yoast_head_json":{"title":"Dilaudid piller till salu online utan recept | Global Meds Inc.","description":"Dilaudid piller till salu online utan recept. Vi s\u00e4ljer Dilaudid-piller av b\u00e4sta kvalitet. Kontakta oss g\u00e4rna f\u00f6r mer information och priser.","robots":{"index":"index","follow":"follow","max-snippet":"max-snippet:-1","max-image-preview":"max-image-preview:large","max-video-preview":"max-video-preview:-1"},"canonical":"https:\/\/globalmedsonlineinc.com\/se\/product\/pain-killers\/dilaudid\/","og_locale":"sv_SE","og_type":"article","og_title":"Dilaudid piller till salu online utan recept | Global Meds Inc.","og_description":"Dilaudid piller till salu online utan recept. Vi s\u00e4ljer Dilaudid-piller av b\u00e4sta kvalitet. Kontakta oss g\u00e4rna f\u00f6r mer information och priser.","og_url":"https:\/\/globalmedsonlineinc.com\/se\/product\/pain-killers\/dilaudid\/","og_site_name":"Global Meds Inc","article_modified_time":"2024-02-21T09:20:41+00:00","og_image":[{"width":1200,"height":1200,"url":"https:\/\/globalmedsonlineinc.com\/se\/content\/media\/uploads\/sites\/8\/2021\/07\/Buy-Dilaudid-8-mg.jpg","type":"image\/jpeg"}],"twitter_card":"summary_large_image","twitter_misc":{"Ber\u00e4knad l\u00e4stid":"4 minuter"},"schema":{"@context":"https:\/\/schema.org","@graph":[{"@type":"WebPage","@id":"https:\/\/globalmedsonlineinc.com\/se\/product\/pain-killers\/dilaudid\/","url":"https:\/\/globalmedsonlineinc.com\/se\/product\/pain-killers\/dilaudid\/","name":"Dilaudid piller till salu online utan recept | Global Meds Inc.","isPartOf":{"@id":"https:\/\/globalmedsonlineinc.com\/se\/#website"},"primaryImageOfPage":{"@id":"https:\/\/globalmedsonlineinc.com\/se\/product\/pain-killers\/dilaudid\/#primaryimage"},"image":{"@id":"https:\/\/globalmedsonlineinc.com\/se\/product\/pain-killers\/dilaudid\/#primaryimage"},"thumbnailUrl":"https:\/\/globalmedsonlineinc.com\/se\/content\/media\/uploads\/sites\/8\/2021\/07\/Buy-Dilaudid-8-mg.jpg","datePublished":"2021-07-02T18:18:52+00:00","dateModified":"2024-02-21T09:20:41+00:00","description":"Dilaudid piller till salu online utan recept. Vi s\u00e4ljer Dilaudid-piller av b\u00e4sta kvalitet. Kontakta oss g\u00e4rna f\u00f6r mer information och priser.","breadcrumb":{"@id":"https:\/\/globalmedsonlineinc.com\/se\/product\/pain-killers\/dilaudid\/#breadcrumb"},"inLanguage":"sv-SE","potentialAction":[{"@type":"ReadAction","target":["https:\/\/globalmedsonlineinc.com\/se\/product\/pain-killers\/dilaudid\/"]}]},{"@type":"ImageObject","inLanguage":"sv-SE","@id":"https:\/\/globalmedsonlineinc.com\/se\/product\/pain-killers\/dilaudid\/#primaryimage","url":"https:\/\/globalmedsonlineinc.com\/se\/content\/media\/uploads\/sites\/8\/2021\/07\/Buy-Dilaudid-8-mg.jpg","contentUrl":"https:\/\/globalmedsonlineinc.com\/se\/content\/media\/uploads\/sites\/8\/2021\/07\/Buy-Dilaudid-8-mg.jpg","width":1200,"height":1200,"caption":"Dilaudid piller till salu online utan recept"},{"@type":"BreadcrumbList","@id":"https:\/\/globalmedsonlineinc.com\/se\/product\/pain-killers\/dilaudid\/#breadcrumb","itemListElement":[{"@type":"ListItem","position":1,"name":"Home","item":"https:\/\/globalmedsonlineinc.com\/se\/"},{"@type":"ListItem","position":2,"name":"Produkter","item":"https:\/\/globalmedsonlineinc.com\/se\/produkter\/"},{"@type":"ListItem","position":3,"name":"K\u00f6p Dilaudid piller online"}]},{"@type":"WebSite","@id":"https:\/\/globalmedsonlineinc.com\/se\/#website","url":"https:\/\/globalmedsonlineinc.com\/se\/","name":"Global Meds Inc","description":"","publisher":{"@id":"https:\/\/globalmedsonlineinc.com\/se\/#organization"},"potentialAction":[{"@type":"SearchAction","target":{"@type":"EntryPoint","urlTemplate":"https:\/\/globalmedsonlineinc.com\/se\/?s={search_term_string}"},"query-input":{"@type":"PropertyValueSpecification","valueRequired":true,"valueName":"search_term_string"}}],"inLanguage":"sv-SE"},{"@type":"Organization","@id":"https:\/\/globalmedsonlineinc.com\/se\/#organization","name":"Global Meds Inc.","url":"https:\/\/globalmedsonlineinc.com\/se\/","logo":{"@type":"ImageObject","inLanguage":"sv-SE","@id":"https:\/\/globalmedsonlineinc.com\/se\/#\/schema\/logo\/image\/","url":"https:\/\/globalmedsonlineinc.com\/se\/content\/media\/uploads\/sites\/8\/2021\/06\/globalmedsonlineincLogoShop20210630123730.00.png","contentUrl":"https:\/\/globalmedsonlineinc.com\/se\/content\/media\/uploads\/sites\/8\/2021\/06\/globalmedsonlineincLogoShop20210630123730.00.png","width":450,"height":117,"caption":"Global Meds Inc."},"image":{"@id":"https:\/\/globalmedsonlineinc.com\/se\/#\/schema\/logo\/image\/"}}]}},"_links":{"self":[{"href":"https:\/\/globalmedsonlineinc.com\/se\/wp-json\/wp\/v2\/product\/9130","targetHints":{"allow":["GET"]}}],"collection":[{"href":"https:\/\/globalmedsonlineinc.com\/se\/wp-json\/wp\/v2\/product"}],"about":[{"href":"https:\/\/globalmedsonlineinc.com\/se\/wp-json\/wp\/v2\/types\/product"}],"replies":[{"embeddable":true,"href":"https:\/\/globalmedsonlineinc.com\/se\/wp-json\/wp\/v2\/comments?post=9130"}],"wp:featuredmedia":[{"embeddable":true,"href":"https:\/\/globalmedsonlineinc.com\/se\/wp-json\/wp\/v2\/media\/9136"}],"wp:attachment":[{"href":"https:\/\/globalmedsonlineinc.com\/se\/wp-json\/wp\/v2\/media?parent=9130"}],"wp:term":[{"taxonomy":"product_brand","embeddable":true,"href":"https:\/\/globalmedsonlineinc.com\/se\/wp-json\/wp\/v2\/product_brand?post=9130"},{"taxonomy":"product_cat","embeddable":true,"href":"https:\/\/globalmedsonlineinc.com\/se\/wp-json\/wp\/v2\/product_cat?post=9130"},{"taxonomy":"product_tag","embeddable":true,"href":"https:\/\/globalmedsonlineinc.com\/se\/wp-json\/wp\/v2\/product_tag?post=9130"}],"curies":[{"name":"wp","href":"https:\/\/api.w.org\/{rel}","templated":true}]}}