{"id":9106,"date":"2021-07-02T17:26:15","date_gmt":"2021-07-02T17:26:15","guid":{"rendered":"https:\/\/globalmedsonlineinc.com\/se\/?post_type=product&#038;p=9106"},"modified":"2024-02-21T09:27:50","modified_gmt":"2024-02-21T09:27:50","slug":"methadone","status":"publish","type":"product","link":"https:\/\/globalmedsonlineinc.com\/se\/product\/pain-killers\/methadone\/","title":{"rendered":"K\u00f6p Methadone piller online"},"content":{"rendered":"<h2>Metadon piller till salu online utan recept<\/h2>\n<p><a href=\"https:\/\/globalmedsonlineinc.com\/se\/product\/pain-killers\/methadone\/\">Metadonpiller till salu p\u00e5 n\u00e4tet<\/a> utan recept, Metadon \u00e4r en l\u00e5ngtidsverkande opioidmedicin som anv\u00e4nds f\u00f6r att ers\u00e4tta de korttidsverkande opioider som n\u00e5gon kan vara beroende av, som heroin, oxykodon, fentanyl eller hydromorfon. L\u00e5ngverkande inneb\u00e4r att l\u00e4kemedlet verkar l\u00e5ngsammare i kroppen och under en l\u00e4ngre tid. Effekterna av metadon varar i 24 till 36 timmar. En person som anv\u00e4nder kortverkande opioider f\u00f6r att undvika abstinens m\u00e5ste d\u00e4remot ta tre till fyra g\u00e5nger om dagen. K\u00f6p metadonpiller p\u00e5 webben<\/p>\n<p>N\u00e4r metadon tas i r\u00e4tt dos f\u00f6rhindrar det abstinenssymtom och minskar suget efter drogen utan att personen k\u00e4nner sig h\u00f6g (euforisk) eller s\u00f6mnig. Detta minskar skadorna i samband med opioidmissbruk och ger personer som \u00e4r beroende av opioider en chans att stabilisera sina liv. Denna behandling kallas metadonunderh\u00e5llsterapi, som \u00e4r en typ av opioidagonistbehandling. Metadonbehandling f\u00f6r opioidberoende fungerar p\u00e5 samma s\u00e4tt som buprenorfin, <a href=\"https:\/\/en.wikipedia.org\/wiki\/Methadone\">en annan<\/a> opioidagonistbehandling. K\u00f6p metadonpiller online<\/p>\n<p>Lider du av sm\u00e4rta? nu kan du f\u00e5 din sm\u00e4rtmedicin fr\u00e5n bekv\u00e4mligheten av ditt hem eller kontor, vi s\u00e4ljer topp medicinska sm\u00e4rtpiller f\u00f6r sm\u00e4rtlindring och m\u00e5nga andra tillst\u00e5nd som; Xanax, Oxycontin, Oxycodone, Dilaudid, Demerol, Metadon (Dolophine, Methadose), Roxycodone, Diazepam, Ritalin, Percocet, Concerta, Tramadol, Adderall, Hydrocodone, Morphine. Vi har 100 % framg\u00e5ngsrika leveranser.<\/p>\n<p>Vi har mediciner f\u00f6r behandling av kronisk ryggsm\u00e4rta, hosta, \u00e5ngest, panik\u00e5ngest, depression, erektil dysfunktion, sexuell dysfunktion, narkolepsi, fetma, depression, tr\u00f6tthet, viktminskningstill\u00e4gg och mer online (inget recept beh\u00f6vs) k\u00f6p metadon piller online.<\/p>\n<p>&#8211; Inget recept beh\u00f6vs<br \/>\n&#8211; Expressleverans \u00f6ver natten eller n\u00e4sta dag<br \/>\n&#8211; Paketet \u00e4r mycket diskret f\u00f6rseglat, inlindat med en aluminiumfolie, tryggt och s\u00e4kert.<br \/>\n&#8211; Ingen signatur kr\u00e4vs n\u00e4r paketet anl\u00e4nder<br \/>\n&#8211; 100 % kundservice och support.<br \/>\n&#8211; Garanti f\u00f6r pengarna tillbaka<br \/>\n&#8211; Vi erbjuder leverans fr\u00e5n d\u00f6rr till d\u00f6rr<br \/>\n&#8211; Utm\u00e4rkta och oslagbara priser.<\/p>\n<p>Vi lindar noggrant in paket med volfram och karbonpapper f\u00f6r att hoppa \u00f6ver tullens r\u00f6ntgenmaskiner p\u00e5 flygplatser. Paketen \u00e4r vackert f\u00f6rpackade med omslagspapper fr\u00e5n utsidan.<\/p>\n<h6>Dolofin (metadon)<\/h6>\n<p>Dolophine Metadon 10MG, detta l\u00e4kemedel anv\u00e4nds f\u00f6r att behandla sv\u00e5r p\u00e5g\u00e5ende sm\u00e4rta (till exempel p\u00e5 grund av cancer).\u00a0Metadon tillh\u00f6r en klass av l\u00e4kemedel som kallas opiod (narkotiska) analgetika. Det verkar i hj\u00e4rnan f\u00f6r att f\u00f6r\u00e4ndra hur din kropp k\u00e4nner och reagerar p\u00e5 sm\u00e4rta.<\/p>\n<p>Dolophine Methadon 10MG, Anv\u00e4nd inte detta l\u00e4kemedel f\u00f6r att lindra sm\u00e4rta som \u00e4r mild eller som kommer att f\u00f6rsvinna inom n\u00e5gra dagar (till exempel sm\u00e4rta fr\u00e5n en operation). Detta l\u00e4kemedel \u00e4r inte avsett f\u00f6r tillf\u00e4llig (&#8220;vid behov&#8221;) anv\u00e4ndning.<\/p>\n<p>Dolophine Methadone 10MG, detta l\u00e4kemedel anv\u00e4nds ocks\u00e5 f\u00f6r att behandla beroende av opiod (t.ex. heriod) som en del av ett godk\u00e4nt behandlingsprogram. Det hj\u00e4lper till att f\u00f6rhindra abstinenssymtom som orsakas av att sluta med andra opioider.<\/p>\n<h6>Hur man anv\u00e4nder Dolophine (Metadon) 10MG<\/h6>\n<p>Se \u00e4ven avsnittet Varningar.<\/p>\n<p>L\u00e4s Dolophine Metadon 10MG-guiden och bipacksedeln f\u00f6r patientinformation om den finns tillg\u00e4nglig hos din apotekare innan du b\u00f6rjar anv\u00e4nda metadon och varje g\u00e5ng du f\u00e5r en p\u00e5fyllning. Om du har n\u00e5gra fr\u00e5gor kan du fr\u00e5ga din l\u00e4kare eller apotekspersonal.<\/p>\n<p>Dolophine Methadon 10MG, Ta detta l\u00e4kemedel genom munnen p\u00e5 ett regelbundet schema enligt din l\u00e4kares anvisningar och inte vid behov f\u00f6r pl\u00f6tslig (genombrotts) sm\u00e4rta. Du kan ta detta l\u00e4kemedel med eller utan mat. Om du har illam\u00e5ende kan det hj\u00e4lpa att ta detta l\u00e4kemedel med mat. Fr\u00e5ga din l\u00e4kare eller apotekspersonal om andra s\u00e4tt att minska illam\u00e5ende (t.ex. att ligga ner i 1-2 timmar med s\u00e5 lite huvudr\u00f6relser som m\u00f6jligt).<\/p>\n<p>Om du anv\u00e4nder den flytande formen av detta l\u00e4kemedel ska du m\u00e4ta dosen noggrant med hj\u00e4lp av en speciell m\u00e4tanordning\/sked. Anv\u00e4nd inte en hush\u00e5llssked eftersom du kanske inte f\u00e5r r\u00e4tt dos.<\/p>\n<p>Doseringen baseras p\u00e5 ditt medicinska tillst\u00e5nd och ditt svar p\u00e5 behandlingen.<\/p>\n<p>Dolophine Methadon 10MG, detta l\u00e4kemedel anv\u00e4nds f\u00f6r att behandla sv\u00e5r p\u00e5g\u00e5ende sm\u00e4rta (till exempel p\u00e5 grund av cancer).\u00a0Metadon tillh\u00f6r en klass av l\u00e4kemedel som kallas opiod (narkotiska) analgetika. Det verkar i hj\u00e4rnan f\u00f6r att f\u00f6r\u00e4ndra hur din kropp k\u00e4nner och reagerar p\u00e5 sm\u00e4rta. detta l\u00e4kemedel kan orsaka abstinensreaktioner, s\u00e4rskilt om det har anv\u00e4nts regelbundet under l\u00e5ng tid eller i h\u00f6ga doser. I s\u00e5dana fall kan abstinenssymtom (s\u00e5som rastl\u00f6shet, rinnande \u00f6gon, rinnande ljud, illam\u00e5ende, svettning, muskelv\u00e4rk) uppst\u00e5 om du pl\u00f6tsligt slutar anv\u00e4nda detta l\u00e4kemedel. F\u00f6r att f\u00f6rhindra abstinensreaktioner kan din l\u00e4kare minska din dos gradvis. Kontakta din l\u00e4kare eller apotekare f\u00f6r mer information och rapportera eventuella abstinensreaktioner omedelbart.<\/p>\n<p>\u00c4ven om det hj\u00e4lper m\u00e5nga m\u00e4nniskor kan detta l\u00e4kemedel ibland orsaka till\u00e4gg. Denna risk kan vara h\u00f6gre om du har en substansbruksst\u00f6rning (t.ex. \u00f6veranv\u00e4ndning av eller beroende av droger\/alkohol). Ta denna medicin exakt enligt f\u00f6reskrift f\u00f6r att minska risken f\u00f6r beroende. Att sluta med metadonunderh\u00e5llsbehandling har en h\u00f6g risk f\u00f6r \u00e5terg\u00e5ng till Dolophine Methadone 10MG-missbruk. Fr\u00e5ga din l\u00e4kare eller apotekare f\u00f6r mer information.<\/p>\n<p>Ber\u00e4tta f\u00f6r din l\u00e4kare om ditt tillst\u00e5nd kvarst\u00e5r eller f\u00f6rv\u00e4rras.\u00a0Dolophine (metadon) 10MG.<\/p>\n<p>metadon piller till salu, metadon till salu, metadon till salu online, metadon tabletter till salu, metadon till salu utan recept, metadon gatuv\u00e4rde, K\u00f6p Metadon piller p\u00e5 webben.<\/p>\n<p>God kvalitet Metadon piller online: Det \u00e4r helt klart att m\u00e4nniskor inte snabbt litar p\u00e5 kvaliteten p\u00e5 Metadonpiller online som s\u00e4ljs p\u00e5 n\u00e4tet eftersom de inte kan unders\u00f6ka dem fysiskt. Men det \u00e4r inte samma sak med leverant\u00f6rer av Metadonpiller online. Produkterna h\u00e4r \u00e4r trogna sin beskrivning med h\u00f6gkvalitativt underh\u00e5ll som g\u00f6rs under experternas \u00f6verinseende.<\/p>\n<p>Snabb &amp; amp; Diskret leverans: Leveransen av Metadon piller online efter att ha mottagit best\u00e4llningen sker inom den utlovade tidsramen. Fraktteamet l\u00e4gger all sin m\u00f6da p\u00e5 att g\u00f6ra frakt- och leveransf\u00f6rfarandet smidigt och snabbt. Du kan ocks\u00e5 f\u00f6rv\u00e4nta dig utm\u00e4rkta tj\u00e4nster n\u00e4r du k\u00f6per Metadonpiller online fr\u00e5n proffsen p\u00e5 onlineplattformen.<\/p>\n","protected":false},"excerpt":{"rendered":"<p>METHADON \u00e4r ett sm\u00e4rtstillande medel. Det anv\u00e4nds f\u00f6r att behandla sv\u00e5r sm\u00e4rta. L\u00e4kemedlet anv\u00e4nds ocks\u00e5 f\u00f6r att f\u00f6rhindra abstinenssymtom hos personer som \u00e4r beroende av andra droger<\/p>\n","protected":false},"featured_media":9107,"comment_status":"open","ping_status":"closed","template":"","meta":{"_acf_changed":false,"_monsterinsights_skip_tracking":false,"_monsterinsights_sitenote_active":false,"_monsterinsights_sitenote_note":"","_monsterinsights_sitenote_category":0},"product_brand":[],"product_cat":[52],"product_tag":[759,760,765,764,766,761,763,762],"class_list":{"0":"post-9106","1":"product","2":"type-product","3":"status-publish","4":"has-post-thumbnail","6":"product_cat-pain-killers","7":"product_tag-hur-man-far-metadon","8":"product_tag-metadon-10mg-piller","9":"product_tag-metadon-gatuvarde","10":"product_tag-metadon-piller-till-salu","11":"product_tag-metadon-tabletter-till-salu","12":"product_tag-metadon-till-salu","13":"product_tag-metadon-till-salu-online","14":"product_tag-metadon-till-salu-utan-recept","16":"first","17":"instock","18":"shipping-taxable","19":"purchasable","20":"product-type-variable","21":"has-default-attributes"},"acf":[],"yoast_head":"<!-- This site is optimized with the Yoast SEO plugin v27.2 - https:\/\/yoast.com\/product\/yoast-seo-wordpress\/ -->\n<title>Metadonpiller till salu online utan recept | Global Meds Inc.<\/title>\n<meta name=\"description\" content=\"Metadonpiller till salu p\u00e5 n\u00e4tet utan recept. Vi s\u00e4ljer metedonpiller av b\u00e4sta kvalitet. Kontakta oss g\u00e4rna f\u00f6r mer information och priser.\" \/>\n<meta name=\"robots\" content=\"index, follow, max-snippet:-1, max-image-preview:large, max-video-preview:-1\" \/>\n<link rel=\"canonical\" href=\"https:\/\/globalmedsonlineinc.com\/se\/product\/pain-killers\/methadone\/\" \/>\n<meta property=\"og:locale\" content=\"sv_SE\" \/>\n<meta property=\"og:type\" content=\"article\" \/>\n<meta property=\"og:title\" content=\"Metadonpiller till salu online utan recept | Global Meds Inc.\" \/>\n<meta property=\"og:description\" content=\"Metadonpiller till salu p\u00e5 n\u00e4tet utan recept. Vi s\u00e4ljer metedonpiller av b\u00e4sta kvalitet. Kontakta oss g\u00e4rna f\u00f6r mer information och priser.\" \/>\n<meta property=\"og:url\" content=\"https:\/\/globalmedsonlineinc.com\/se\/product\/pain-killers\/methadone\/\" \/>\n<meta property=\"og:site_name\" content=\"Global Meds Inc\" \/>\n<meta property=\"article:modified_time\" content=\"2024-02-21T09:27:50+00:00\" \/>\n<meta property=\"og:image\" content=\"https:\/\/globalmedsonlineinc.com\/se\/content\/media\/uploads\/sites\/8\/2021\/07\/Dolophine-Methadone-10-MG.jpg\" \/>\n\t<meta property=\"og:image:width\" content=\"1200\" \/>\n\t<meta property=\"og:image:height\" content=\"1200\" \/>\n\t<meta property=\"og:image:type\" content=\"image\/jpeg\" \/>\n<meta name=\"twitter:card\" content=\"summary_large_image\" \/>\n<meta name=\"twitter:label1\" content=\"Ber\u00e4knad l\u00e4stid\" \/>\n\t<meta name=\"twitter:data1\" content=\"5 minuter\" \/>\n<script type=\"application\/ld+json\" class=\"yoast-schema-graph\">{\"@context\":\"https:\/\/schema.org\",\"@graph\":[{\"@type\":\"WebPage\",\"@id\":\"https:\/\/globalmedsonlineinc.com\/se\/product\/pain-killers\/methadone\/\",\"url\":\"https:\/\/globalmedsonlineinc.com\/se\/product\/pain-killers\/methadone\/\",\"name\":\"Metadonpiller till salu online utan recept | Global Meds Inc.\",\"isPartOf\":{\"@id\":\"https:\/\/globalmedsonlineinc.com\/se\/#website\"},\"primaryImageOfPage\":{\"@id\":\"https:\/\/globalmedsonlineinc.com\/se\/product\/pain-killers\/methadone\/#primaryimage\"},\"image\":{\"@id\":\"https:\/\/globalmedsonlineinc.com\/se\/product\/pain-killers\/methadone\/#primaryimage\"},\"thumbnailUrl\":\"https:\/\/globalmedsonlineinc.com\/se\/content\/media\/uploads\/sites\/8\/2021\/07\/Dolophine-Methadone-10-MG.jpg\",\"datePublished\":\"2021-07-02T17:26:15+00:00\",\"dateModified\":\"2024-02-21T09:27:50+00:00\",\"description\":\"Metadonpiller till salu p\u00e5 n\u00e4tet utan recept. Vi s\u00e4ljer metedonpiller av b\u00e4sta kvalitet. Kontakta oss g\u00e4rna f\u00f6r mer information och priser.\",\"breadcrumb\":{\"@id\":\"https:\/\/globalmedsonlineinc.com\/se\/product\/pain-killers\/methadone\/#breadcrumb\"},\"inLanguage\":\"sv-SE\",\"potentialAction\":[{\"@type\":\"ReadAction\",\"target\":[\"https:\/\/globalmedsonlineinc.com\/se\/product\/pain-killers\/methadone\/\"]}]},{\"@type\":\"ImageObject\",\"inLanguage\":\"sv-SE\",\"@id\":\"https:\/\/globalmedsonlineinc.com\/se\/product\/pain-killers\/methadone\/#primaryimage\",\"url\":\"https:\/\/globalmedsonlineinc.com\/se\/content\/media\/uploads\/sites\/8\/2021\/07\/Dolophine-Methadone-10-MG.jpg\",\"contentUrl\":\"https:\/\/globalmedsonlineinc.com\/se\/content\/media\/uploads\/sites\/8\/2021\/07\/Dolophine-Methadone-10-MG.jpg\",\"width\":1200,\"height\":1200,\"caption\":\"Metadonpiller till salu online utan recept\"},{\"@type\":\"BreadcrumbList\",\"@id\":\"https:\/\/globalmedsonlineinc.com\/se\/product\/pain-killers\/methadone\/#breadcrumb\",\"itemListElement\":[{\"@type\":\"ListItem\",\"position\":1,\"name\":\"Home\",\"item\":\"https:\/\/globalmedsonlineinc.com\/se\/\"},{\"@type\":\"ListItem\",\"position\":2,\"name\":\"Produkter\",\"item\":\"https:\/\/globalmedsonlineinc.com\/se\/produkter\/\"},{\"@type\":\"ListItem\",\"position\":3,\"name\":\"K\u00f6p Methadone piller online\"}]},{\"@type\":\"WebSite\",\"@id\":\"https:\/\/globalmedsonlineinc.com\/se\/#website\",\"url\":\"https:\/\/globalmedsonlineinc.com\/se\/\",\"name\":\"Global Meds Inc\",\"description\":\"\",\"publisher\":{\"@id\":\"https:\/\/globalmedsonlineinc.com\/se\/#organization\"},\"potentialAction\":[{\"@type\":\"SearchAction\",\"target\":{\"@type\":\"EntryPoint\",\"urlTemplate\":\"https:\/\/globalmedsonlineinc.com\/se\/?s={search_term_string}\"},\"query-input\":{\"@type\":\"PropertyValueSpecification\",\"valueRequired\":true,\"valueName\":\"search_term_string\"}}],\"inLanguage\":\"sv-SE\"},{\"@type\":\"Organization\",\"@id\":\"https:\/\/globalmedsonlineinc.com\/se\/#organization\",\"name\":\"Global Meds Inc.\",\"url\":\"https:\/\/globalmedsonlineinc.com\/se\/\",\"logo\":{\"@type\":\"ImageObject\",\"inLanguage\":\"sv-SE\",\"@id\":\"https:\/\/globalmedsonlineinc.com\/se\/#\/schema\/logo\/image\/\",\"url\":\"https:\/\/globalmedsonlineinc.com\/se\/content\/media\/uploads\/sites\/8\/2021\/06\/globalmedsonlineincLogoShop20210630123730.00.png\",\"contentUrl\":\"https:\/\/globalmedsonlineinc.com\/se\/content\/media\/uploads\/sites\/8\/2021\/06\/globalmedsonlineincLogoShop20210630123730.00.png\",\"width\":450,\"height\":117,\"caption\":\"Global Meds Inc.\"},\"image\":{\"@id\":\"https:\/\/globalmedsonlineinc.com\/se\/#\/schema\/logo\/image\/\"}}]}<\/script>\n<!-- \/ Yoast SEO plugin. -->","yoast_head_json":{"title":"Metadonpiller till salu online utan recept | Global Meds Inc.","description":"Metadonpiller till salu p\u00e5 n\u00e4tet utan recept. Vi s\u00e4ljer metedonpiller av b\u00e4sta kvalitet. Kontakta oss g\u00e4rna f\u00f6r mer information och priser.","robots":{"index":"index","follow":"follow","max-snippet":"max-snippet:-1","max-image-preview":"max-image-preview:large","max-video-preview":"max-video-preview:-1"},"canonical":"https:\/\/globalmedsonlineinc.com\/se\/product\/pain-killers\/methadone\/","og_locale":"sv_SE","og_type":"article","og_title":"Metadonpiller till salu online utan recept | Global Meds Inc.","og_description":"Metadonpiller till salu p\u00e5 n\u00e4tet utan recept. Vi s\u00e4ljer metedonpiller av b\u00e4sta kvalitet. Kontakta oss g\u00e4rna f\u00f6r mer information och priser.","og_url":"https:\/\/globalmedsonlineinc.com\/se\/product\/pain-killers\/methadone\/","og_site_name":"Global Meds Inc","article_modified_time":"2024-02-21T09:27:50+00:00","og_image":[{"width":1200,"height":1200,"url":"https:\/\/globalmedsonlineinc.com\/se\/content\/media\/uploads\/sites\/8\/2021\/07\/Dolophine-Methadone-10-MG.jpg","type":"image\/jpeg"}],"twitter_card":"summary_large_image","twitter_misc":{"Ber\u00e4knad l\u00e4stid":"5 minuter"},"schema":{"@context":"https:\/\/schema.org","@graph":[{"@type":"WebPage","@id":"https:\/\/globalmedsonlineinc.com\/se\/product\/pain-killers\/methadone\/","url":"https:\/\/globalmedsonlineinc.com\/se\/product\/pain-killers\/methadone\/","name":"Metadonpiller till salu online utan recept | Global Meds Inc.","isPartOf":{"@id":"https:\/\/globalmedsonlineinc.com\/se\/#website"},"primaryImageOfPage":{"@id":"https:\/\/globalmedsonlineinc.com\/se\/product\/pain-killers\/methadone\/#primaryimage"},"image":{"@id":"https:\/\/globalmedsonlineinc.com\/se\/product\/pain-killers\/methadone\/#primaryimage"},"thumbnailUrl":"https:\/\/globalmedsonlineinc.com\/se\/content\/media\/uploads\/sites\/8\/2021\/07\/Dolophine-Methadone-10-MG.jpg","datePublished":"2021-07-02T17:26:15+00:00","dateModified":"2024-02-21T09:27:50+00:00","description":"Metadonpiller till salu p\u00e5 n\u00e4tet utan recept. Vi s\u00e4ljer metedonpiller av b\u00e4sta kvalitet. Kontakta oss g\u00e4rna f\u00f6r mer information och priser.","breadcrumb":{"@id":"https:\/\/globalmedsonlineinc.com\/se\/product\/pain-killers\/methadone\/#breadcrumb"},"inLanguage":"sv-SE","potentialAction":[{"@type":"ReadAction","target":["https:\/\/globalmedsonlineinc.com\/se\/product\/pain-killers\/methadone\/"]}]},{"@type":"ImageObject","inLanguage":"sv-SE","@id":"https:\/\/globalmedsonlineinc.com\/se\/product\/pain-killers\/methadone\/#primaryimage","url":"https:\/\/globalmedsonlineinc.com\/se\/content\/media\/uploads\/sites\/8\/2021\/07\/Dolophine-Methadone-10-MG.jpg","contentUrl":"https:\/\/globalmedsonlineinc.com\/se\/content\/media\/uploads\/sites\/8\/2021\/07\/Dolophine-Methadone-10-MG.jpg","width":1200,"height":1200,"caption":"Metadonpiller till salu online utan recept"},{"@type":"BreadcrumbList","@id":"https:\/\/globalmedsonlineinc.com\/se\/product\/pain-killers\/methadone\/#breadcrumb","itemListElement":[{"@type":"ListItem","position":1,"name":"Home","item":"https:\/\/globalmedsonlineinc.com\/se\/"},{"@type":"ListItem","position":2,"name":"Produkter","item":"https:\/\/globalmedsonlineinc.com\/se\/produkter\/"},{"@type":"ListItem","position":3,"name":"K\u00f6p Methadone piller online"}]},{"@type":"WebSite","@id":"https:\/\/globalmedsonlineinc.com\/se\/#website","url":"https:\/\/globalmedsonlineinc.com\/se\/","name":"Global Meds Inc","description":"","publisher":{"@id":"https:\/\/globalmedsonlineinc.com\/se\/#organization"},"potentialAction":[{"@type":"SearchAction","target":{"@type":"EntryPoint","urlTemplate":"https:\/\/globalmedsonlineinc.com\/se\/?s={search_term_string}"},"query-input":{"@type":"PropertyValueSpecification","valueRequired":true,"valueName":"search_term_string"}}],"inLanguage":"sv-SE"},{"@type":"Organization","@id":"https:\/\/globalmedsonlineinc.com\/se\/#organization","name":"Global Meds Inc.","url":"https:\/\/globalmedsonlineinc.com\/se\/","logo":{"@type":"ImageObject","inLanguage":"sv-SE","@id":"https:\/\/globalmedsonlineinc.com\/se\/#\/schema\/logo\/image\/","url":"https:\/\/globalmedsonlineinc.com\/se\/content\/media\/uploads\/sites\/8\/2021\/06\/globalmedsonlineincLogoShop20210630123730.00.png","contentUrl":"https:\/\/globalmedsonlineinc.com\/se\/content\/media\/uploads\/sites\/8\/2021\/06\/globalmedsonlineincLogoShop20210630123730.00.png","width":450,"height":117,"caption":"Global Meds Inc."},"image":{"@id":"https:\/\/globalmedsonlineinc.com\/se\/#\/schema\/logo\/image\/"}}]}},"_links":{"self":[{"href":"https:\/\/globalmedsonlineinc.com\/se\/wp-json\/wp\/v2\/product\/9106","targetHints":{"allow":["GET"]}}],"collection":[{"href":"https:\/\/globalmedsonlineinc.com\/se\/wp-json\/wp\/v2\/product"}],"about":[{"href":"https:\/\/globalmedsonlineinc.com\/se\/wp-json\/wp\/v2\/types\/product"}],"replies":[{"embeddable":true,"href":"https:\/\/globalmedsonlineinc.com\/se\/wp-json\/wp\/v2\/comments?post=9106"}],"wp:featuredmedia":[{"embeddable":true,"href":"https:\/\/globalmedsonlineinc.com\/se\/wp-json\/wp\/v2\/media\/9107"}],"wp:attachment":[{"href":"https:\/\/globalmedsonlineinc.com\/se\/wp-json\/wp\/v2\/media?parent=9106"}],"wp:term":[{"taxonomy":"product_brand","embeddable":true,"href":"https:\/\/globalmedsonlineinc.com\/se\/wp-json\/wp\/v2\/product_brand?post=9106"},{"taxonomy":"product_cat","embeddable":true,"href":"https:\/\/globalmedsonlineinc.com\/se\/wp-json\/wp\/v2\/product_cat?post=9106"},{"taxonomy":"product_tag","embeddable":true,"href":"https:\/\/globalmedsonlineinc.com\/se\/wp-json\/wp\/v2\/product_tag?post=9106"}],"curies":[{"name":"wp","href":"https:\/\/api.w.org\/{rel}","templated":true}]}}