{"id":9098,"date":"2021-07-02T17:16:05","date_gmt":"2021-07-02T17:16:05","guid":{"rendered":"https:\/\/globalmedsonlineinc.com\/se\/?post_type=product&#038;p=9098"},"modified":"2024-02-21T09:29:26","modified_gmt":"2024-02-21T09:29:26","slug":"adderall","status":"publish","type":"product","link":"https:\/\/globalmedsonlineinc.com\/se\/product\/pain-killers\/adderall\/","title":{"rendered":"K\u00f6p Adderall piller online"},"content":{"rendered":"<h1>Adderall piller till salu online utan recept<\/h1>\n<p><a href=\"https:\/\/globalmedsonlineinc.com\/se\/product\/pain-killers\/adderall\/\">Adderall piller till salu<\/a> online utan recept. Adderall 30 MG \u00e4r ett slags l\u00e4kemedel som bildas genom att kombinera och dextroamfetamin. Dessa tv\u00e5 komponenter fungerar som prim\u00e4ra stimulanter av ett nervsystem. Dessutom p\u00e5verkar dessa stimulanter hj\u00e4rnans kemikalier och nerver f\u00f6r att kontrollera impulser och hyperaktivitet. L\u00e4kemedlet anv\u00e4nds i princip f\u00f6r att bota narkolepsi och hyperaktivitetsst\u00f6rning (ADHD). Det \u00e4r till\u00e5tet att konsumera i specifika l\u00e4nder, fr\u00e4mst Kanada och USA.<\/p>\n<p>Det st\u00f6rsta problemet i <em>Buy Adderall 30Mg<\/em> Online kommer ner till detta ord som b\u00f6rjar med WEvery dotter eller son f\u00f6ds med ett anst\u00e4ndigt minne.<\/p>\n<p><em>Buy Adderall 30mg<\/em>. Inget recept kr\u00e4vs. 100% s\u00e4ker och diskret frakt. Leverans \u00f6ver natten \u00e4r tillg\u00e4nglig. Pengarna tillbaka garanti.<\/p>\n<p>Du kan <em>k\u00f6pa Adderall<\/em> piller Online utan recept, adderall p\u00e5 dator \u00f6ppna, Kan jag <em>k\u00f6pa Adderall<\/em> online?<\/p>\n<h6><strong>F\u00f6rsiktighets\u00e5tg\u00e4rder avseende dosering:<\/strong><\/h6>\n<p>Det kan finnas behov av att ta Adderall XR hos en person men man m\u00e5ste r\u00e5dg\u00f6ra med l\u00e4kare f\u00f6re den f\u00f6rsta dosen om man har \u00f6veraktiv sk\u00f6ldk\u00f6rtel, m\u00e5ttligt till allvarligt h\u00f6gt blodtryck, glaukom, n\u00e5gon hj\u00e4rtsjukdom eller till och med om en person var drog- eller alkoholmissbrukare tidigare. M\u00e4nniskor rekommenderas ocks\u00e5 att inte missbruka dosen eftersom det kan orsaka allvarliga biverkningar p\u00e5 hj\u00e4rtat eller \u00e4nnu v\u00e4rre, d\u00f6den.<\/p>\n<h6><strong>Positivt resultat:<\/strong><\/h6>\n<p>Eftersom konsumtion av droger av alla slag har effekter oavsett om de \u00e4r negativa eller positiva. Adderall 30 MG har det ocks\u00e5. Detta har observerats att anv\u00e4nda det under kortare tid enligt l\u00e4karens anvisningar, p\u00e5verkar personens h\u00e4lsa positivt p\u00e5 grund av f\u00f6rebyggande av ADHD-symptom. Det h\u00e4nder eftersom:<\/p>\n<ul>\n<li>Det \u00f6kar n\u00e4rvaron av neurotransmittorer i v\u00e5ra hj\u00e4rnor s\u00e5som dopamin och noradrenalin. Dessutom fungerar dessa specifika kemikalier i hj\u00e4rnan som att \u00f6ka energiniv\u00e5er, vakenhet och uppm\u00e4rksamhet ocks\u00e5.<\/li>\n<li>L\u00e4kemedlet kan \u00f6ka hj\u00e4rtfrekvensen och uppr\u00e4tth\u00e5ller blodfl\u00f6det till musklerna.<\/li>\n<li>Kontinuerlig anv\u00e4ndning av det enligt l\u00e4kares r\u00e5d kan generera h\u00f6gre energi och uppfriskning som s\u00e4gs vara likartad med kokainkonsumtion.<\/li>\n<\/ul>\n<h6><strong>Negativa resultat:<\/strong><\/h6>\n<p>Eftersom det \u00e4r ett av de k\u00e4nsliga l\u00e4kemedlen och att konsumera Adderall 30 MG \u00e4ven efter expertens recept kan p\u00e5verka h\u00e4lsan negativt.<\/p>\n<ul>\n<li>Irritabilitet<\/li>\n<li>Oh\u00e4lsosam viktminskning p\u00e5 grund av aptitd\u00e4mpning<\/li>\n<li>Rastl\u00f6shet och st\u00f6rda s\u00f6mnm\u00f6nster<\/li>\n<li>Sv\u00e5ra hj\u00e4rtproblem<\/li>\n<\/ul>\n<h6><strong>Vid missbruk:<\/strong><\/h6>\n<p>L\u00e4kare har alltid varnat patienter att ta medicinering skarpt och \u00e4ven om ovilligt, intaget av Adderall 30 MG blev missbrukat skulle det resultera i \u00f6kade energiniv\u00e5er tillsammans med intensiv uppfriskning. Dessutom kan missbruket av det senare l\u00e4kemedlet generera obehagliga symtom som:<\/p>\n<ul>\n<li>Mindre koncentration \u00f6ver saker<\/li>\n<li>Depression och letargi<\/li>\n<li>M\u00e4ttnad<\/li>\n<\/ul>\n<h6><strong>Punkter att t\u00e4nka p\u00e5:<\/strong><\/h6>\n<p>Innan du tar Adderall 30 MG finns det dessutom n\u00e5gra punkter att t\u00e4nka p\u00e5.<\/p>\n<p>Forskare f\u00f6reslog att m\u00e4nniskor inte ska konsumera det om de har anv\u00e4nt MAO-h\u00e4mmare inklusive linezoild, metylenbl\u00e5 injektion, isocarboxazid, rasagilin och andra under de senaste 14 dagarna eftersom det kan resultera i intensiv l\u00e4kemedelsinteraktion som utan tvekan inte \u00e4r h\u00e4lsosamt.<\/p>\n<p>Additionally, a person with stimulant medicine allergies should avoid it or if she\/he is already dealing with:<\/p>\n<ul>\n<li>Any severe heart or coronary artery disease<\/li>\n<li>Blood pressure (normal to high)<\/li>\n<li>Intense anxiety and tension<\/li>\n<li>Drug or alcohol addiction<\/li>\n<\/ul>\n<h6><strong>Vad h\u00e4nder om en person \u00e4r beroende av Adderall XR?<\/strong><\/h6>\n<p>Beroende av ett s\u00e5dant l\u00e4kemedel har tv\u00e5 typer av konsekvenser, n\u00e4mligen psykologiska och fysiska.<\/p>\n<p>En person skulle finna sig psykologiskt beroende eller missbrukare av det om han tar det dagligen och det blir en del av hans liv. Dessutom kan mindre tillg\u00e5ng till den av n\u00e5gon anledning vara st\u00f6rande och stress eller huvudv\u00e4rk kan f\u00f6rekomma ofta hos psykiskt beroende personer.<\/p>\n<p>F\u00f6r psykologiskt beroende personer som konsumerar det ofta till farliga niv\u00e5er och de m\u00e5ste forts\u00e4tta att ta det, \u00e4ven om det inneb\u00e4r att de riskerar sitt liv. I s\u00e5dana fall finns det dock ett botemedel. Denna vana kan f\u00f6rb\u00e4ttras genom psykologisk behandling f\u00f6r att \u00e4ndra beteendem\u00f6nster. En terapi som kallas kognitiv beteendeterapi kan vara till hj\u00e4lp, enligt experter.<\/p>\n<p>F\u00f6r det andra, n\u00e4r personen \u00e4r van vid att det finns en h\u00f6gre niv\u00e5 av dopamin i hj\u00e4rnan och att begr\u00e4nsa Adderall XR i ett s\u00e5dant fall skulle kunna s\u00e4nka dopaminniv\u00e5n och personen st\u00e5r d\u00e5 inf\u00f6r:<\/p>\n\n<ul>\n<li>Depression eller tr\u00f6tthet<\/li>\n<li>S\u00f6mnar onormalt eller \u00e4r vaken under ovanliga timmar<\/li>\n<\/ul>\n<p>Det \u00e4r relevant att n\u00e4mna h\u00e4r att detta fysiska beroende kan <a href=\"https:\/\/cs.wikipedia.org\/wiki\/Adderall\">v\u00e4cka <\/a><a href=\"https:\/\/cs.wikipedia.org\/wiki\/Adderall\">drift<\/a><a href=\"https:\/\/cs.wikipedia.org\/wiki\/Adderall\"> att konsumera mer f\u00f6r att vara n\u00f6jd, vilket kan leda en person till flera effekter och \u00f6verdosering.<\/a><\/p>\n<p>Att konsumera dem endast efter expertr\u00e5d eller att m\u00e4ta alla m\u00f6jliga f\u00f6rsiktighets\u00e5tg\u00e4rder kan dock f\u00f6rhindra att m\u00e4nniskor drabbas av negativa resultat.<\/p>\n<p>God kvalitet Adderall piller online: Det \u00e4r helt f\u00f6rst\u00e5tt att m\u00e4nniskor inte snabbt litar p\u00e5 kvaliteten p\u00e5 Adderall piller online som s\u00e4ljs p\u00e5 n\u00e4tet eftersom de inte kan unders\u00f6ka det fysiskt. Men det \u00e4r inte samma sak med Online Adderall piller online leverant\u00f6rer. Produkterna h\u00e4r \u00e4r trogna sin beskrivning med h\u00f6gkvalitativt underh\u00e5ll som g\u00f6rs under experternas \u00f6verinseende.<\/p>\n<p>Snabb &amp; Diskret leverans: Leveransen av Adderall piller online efter mottagandet av best\u00e4llningen sker inom den utlovade tidsramen. Fraktteamet l\u00e4gger all sin m\u00f6da p\u00e5 att g\u00f6ra frakt- och leveransf\u00f6rfarandet smidigt och snabbt. Du kan ocks\u00e5 f\u00f6rv\u00e4nta dig utm\u00e4rkta tj\u00e4nster n\u00e4r du k\u00f6per Adderall piller online fr\u00e5n proffsen p\u00e5 onlineplattformen.<\/p>\n","protected":false},"excerpt":{"rendered":"<p>Adderall 30 MG \u00e4r ett slags l\u00e4kemedel som bildas genom att kombinera och dextroamfetamin. Dessa tv\u00e5 komponenter fungerar som prim\u00e4ra stimulanter av ett nervsystem. Dessutom p\u00e5verkar dessa stimulanter hj\u00e4rnans kemikalier och nerver f\u00f6r att kontrollera impulser och hyperaktivitet.<\/p>\n","protected":false},"featured_media":9100,"comment_status":"open","ping_status":"closed","template":"","meta":{"_acf_changed":false,"_monsterinsights_skip_tracking":false,"_monsterinsights_sitenote_active":false,"_monsterinsights_sitenote_note":"","_monsterinsights_sitenote_category":0},"product_brand":[],"product_cat":[52],"product_tag":[767,771,770,769,768,772],"class_list":{"0":"post-9098","1":"product","2":"type-product","3":"status-publish","4":"has-post-thumbnail","6":"product_cat-pain-killers","7":"product_tag-adderall-30-mg-till-salu","8":"product_tag-basta-stallet-att-kopa-adderall-30-mg-online","9":"product_tag-bestall-adderall-30-mg-online","10":"product_tag-hur-man-koper-adderall-30-mg-online","11":"product_tag-kop-adderall-30-mg-online","12":"product_tag-var-kan-man-kopa-adderall-30-mg-online","14":"first","15":"instock","16":"shipping-taxable","17":"purchasable","18":"product-type-variable","19":"has-default-attributes"},"acf":[],"yoast_head":"<!-- This site is optimized with the Yoast SEO plugin v27.2 - https:\/\/yoast.com\/product\/yoast-seo-wordpress\/ -->\n<title>Adderall piller till salu online utan recept | Global Meds Inc.<\/title>\n<meta name=\"description\" content=\"Adderall piller till salu online utan recept. Vi s\u00e4ljer Adderall-piller av b\u00e4sta kvalitet. Kontakta oss g\u00e4rna f\u00f6r mer information och priser.\" \/>\n<meta name=\"robots\" content=\"index, follow, max-snippet:-1, max-image-preview:large, max-video-preview:-1\" \/>\n<link rel=\"canonical\" href=\"https:\/\/globalmedsonlineinc.com\/se\/product\/pain-killers\/adderall\/\" \/>\n<meta property=\"og:locale\" content=\"sv_SE\" \/>\n<meta property=\"og:type\" content=\"article\" \/>\n<meta property=\"og:title\" content=\"Adderall piller till salu online utan recept | Global Meds Inc.\" \/>\n<meta property=\"og:description\" content=\"Adderall piller till salu online utan recept. Vi s\u00e4ljer Adderall-piller av b\u00e4sta kvalitet. Kontakta oss g\u00e4rna f\u00f6r mer information och priser.\" \/>\n<meta property=\"og:url\" content=\"https:\/\/globalmedsonlineinc.com\/se\/product\/pain-killers\/adderall\/\" \/>\n<meta property=\"og:site_name\" content=\"Global Meds Inc\" \/>\n<meta property=\"article:modified_time\" content=\"2024-02-21T09:29:26+00:00\" \/>\n<meta property=\"og:image\" content=\"https:\/\/globalmedsonlineinc.com\/se\/content\/media\/uploads\/sites\/8\/2021\/07\/Buy-Adderall-30-MG.jpg\" \/>\n\t<meta property=\"og:image:width\" content=\"1200\" \/>\n\t<meta property=\"og:image:height\" content=\"1200\" \/>\n\t<meta property=\"og:image:type\" content=\"image\/jpeg\" \/>\n<meta name=\"twitter:card\" content=\"summary_large_image\" \/>\n<meta name=\"twitter:label1\" content=\"Ber\u00e4knad l\u00e4stid\" \/>\n\t<meta name=\"twitter:data1\" content=\"5 minuter\" \/>\n<script type=\"application\/ld+json\" class=\"yoast-schema-graph\">{\"@context\":\"https:\/\/schema.org\",\"@graph\":[{\"@type\":\"WebPage\",\"@id\":\"https:\/\/globalmedsonlineinc.com\/se\/product\/pain-killers\/adderall\/\",\"url\":\"https:\/\/globalmedsonlineinc.com\/se\/product\/pain-killers\/adderall\/\",\"name\":\"Adderall piller till salu online utan recept | Global Meds Inc.\",\"isPartOf\":{\"@id\":\"https:\/\/globalmedsonlineinc.com\/se\/#website\"},\"primaryImageOfPage\":{\"@id\":\"https:\/\/globalmedsonlineinc.com\/se\/product\/pain-killers\/adderall\/#primaryimage\"},\"image\":{\"@id\":\"https:\/\/globalmedsonlineinc.com\/se\/product\/pain-killers\/adderall\/#primaryimage\"},\"thumbnailUrl\":\"https:\/\/globalmedsonlineinc.com\/se\/content\/media\/uploads\/sites\/8\/2021\/07\/Buy-Adderall-30-MG.jpg\",\"datePublished\":\"2021-07-02T17:16:05+00:00\",\"dateModified\":\"2024-02-21T09:29:26+00:00\",\"description\":\"Adderall piller till salu online utan recept. Vi s\u00e4ljer Adderall-piller av b\u00e4sta kvalitet. Kontakta oss g\u00e4rna f\u00f6r mer information och priser.\",\"breadcrumb\":{\"@id\":\"https:\/\/globalmedsonlineinc.com\/se\/product\/pain-killers\/adderall\/#breadcrumb\"},\"inLanguage\":\"sv-SE\",\"potentialAction\":[{\"@type\":\"ReadAction\",\"target\":[\"https:\/\/globalmedsonlineinc.com\/se\/product\/pain-killers\/adderall\/\"]}]},{\"@type\":\"ImageObject\",\"inLanguage\":\"sv-SE\",\"@id\":\"https:\/\/globalmedsonlineinc.com\/se\/product\/pain-killers\/adderall\/#primaryimage\",\"url\":\"https:\/\/globalmedsonlineinc.com\/se\/content\/media\/uploads\/sites\/8\/2021\/07\/Buy-Adderall-30-MG.jpg\",\"contentUrl\":\"https:\/\/globalmedsonlineinc.com\/se\/content\/media\/uploads\/sites\/8\/2021\/07\/Buy-Adderall-30-MG.jpg\",\"width\":1200,\"height\":1200,\"caption\":\"Adderall piller till salu online utan recept\"},{\"@type\":\"BreadcrumbList\",\"@id\":\"https:\/\/globalmedsonlineinc.com\/se\/product\/pain-killers\/adderall\/#breadcrumb\",\"itemListElement\":[{\"@type\":\"ListItem\",\"position\":1,\"name\":\"Home\",\"item\":\"https:\/\/globalmedsonlineinc.com\/se\/\"},{\"@type\":\"ListItem\",\"position\":2,\"name\":\"Produkter\",\"item\":\"https:\/\/globalmedsonlineinc.com\/se\/produkter\/\"},{\"@type\":\"ListItem\",\"position\":3,\"name\":\"K\u00f6p Adderall piller online\"}]},{\"@type\":\"WebSite\",\"@id\":\"https:\/\/globalmedsonlineinc.com\/se\/#website\",\"url\":\"https:\/\/globalmedsonlineinc.com\/se\/\",\"name\":\"Global Meds Inc\",\"description\":\"\",\"publisher\":{\"@id\":\"https:\/\/globalmedsonlineinc.com\/se\/#organization\"},\"potentialAction\":[{\"@type\":\"SearchAction\",\"target\":{\"@type\":\"EntryPoint\",\"urlTemplate\":\"https:\/\/globalmedsonlineinc.com\/se\/?s={search_term_string}\"},\"query-input\":{\"@type\":\"PropertyValueSpecification\",\"valueRequired\":true,\"valueName\":\"search_term_string\"}}],\"inLanguage\":\"sv-SE\"},{\"@type\":\"Organization\",\"@id\":\"https:\/\/globalmedsonlineinc.com\/se\/#organization\",\"name\":\"Global Meds Inc.\",\"url\":\"https:\/\/globalmedsonlineinc.com\/se\/\",\"logo\":{\"@type\":\"ImageObject\",\"inLanguage\":\"sv-SE\",\"@id\":\"https:\/\/globalmedsonlineinc.com\/se\/#\/schema\/logo\/image\/\",\"url\":\"https:\/\/globalmedsonlineinc.com\/se\/content\/media\/uploads\/sites\/8\/2021\/06\/globalmedsonlineincLogoShop20210630123730.00.png\",\"contentUrl\":\"https:\/\/globalmedsonlineinc.com\/se\/content\/media\/uploads\/sites\/8\/2021\/06\/globalmedsonlineincLogoShop20210630123730.00.png\",\"width\":450,\"height\":117,\"caption\":\"Global Meds Inc.\"},\"image\":{\"@id\":\"https:\/\/globalmedsonlineinc.com\/se\/#\/schema\/logo\/image\/\"}}]}<\/script>\n<!-- \/ Yoast SEO plugin. -->","yoast_head_json":{"title":"Adderall piller till salu online utan recept | Global Meds Inc.","description":"Adderall piller till salu online utan recept. Vi s\u00e4ljer Adderall-piller av b\u00e4sta kvalitet. Kontakta oss g\u00e4rna f\u00f6r mer information och priser.","robots":{"index":"index","follow":"follow","max-snippet":"max-snippet:-1","max-image-preview":"max-image-preview:large","max-video-preview":"max-video-preview:-1"},"canonical":"https:\/\/globalmedsonlineinc.com\/se\/product\/pain-killers\/adderall\/","og_locale":"sv_SE","og_type":"article","og_title":"Adderall piller till salu online utan recept | Global Meds Inc.","og_description":"Adderall piller till salu online utan recept. Vi s\u00e4ljer Adderall-piller av b\u00e4sta kvalitet. Kontakta oss g\u00e4rna f\u00f6r mer information och priser.","og_url":"https:\/\/globalmedsonlineinc.com\/se\/product\/pain-killers\/adderall\/","og_site_name":"Global Meds Inc","article_modified_time":"2024-02-21T09:29:26+00:00","og_image":[{"width":1200,"height":1200,"url":"https:\/\/globalmedsonlineinc.com\/se\/content\/media\/uploads\/sites\/8\/2021\/07\/Buy-Adderall-30-MG.jpg","type":"image\/jpeg"}],"twitter_card":"summary_large_image","twitter_misc":{"Ber\u00e4knad l\u00e4stid":"5 minuter"},"schema":{"@context":"https:\/\/schema.org","@graph":[{"@type":"WebPage","@id":"https:\/\/globalmedsonlineinc.com\/se\/product\/pain-killers\/adderall\/","url":"https:\/\/globalmedsonlineinc.com\/se\/product\/pain-killers\/adderall\/","name":"Adderall piller till salu online utan recept | Global Meds Inc.","isPartOf":{"@id":"https:\/\/globalmedsonlineinc.com\/se\/#website"},"primaryImageOfPage":{"@id":"https:\/\/globalmedsonlineinc.com\/se\/product\/pain-killers\/adderall\/#primaryimage"},"image":{"@id":"https:\/\/globalmedsonlineinc.com\/se\/product\/pain-killers\/adderall\/#primaryimage"},"thumbnailUrl":"https:\/\/globalmedsonlineinc.com\/se\/content\/media\/uploads\/sites\/8\/2021\/07\/Buy-Adderall-30-MG.jpg","datePublished":"2021-07-02T17:16:05+00:00","dateModified":"2024-02-21T09:29:26+00:00","description":"Adderall piller till salu online utan recept. Vi s\u00e4ljer Adderall-piller av b\u00e4sta kvalitet. Kontakta oss g\u00e4rna f\u00f6r mer information och priser.","breadcrumb":{"@id":"https:\/\/globalmedsonlineinc.com\/se\/product\/pain-killers\/adderall\/#breadcrumb"},"inLanguage":"sv-SE","potentialAction":[{"@type":"ReadAction","target":["https:\/\/globalmedsonlineinc.com\/se\/product\/pain-killers\/adderall\/"]}]},{"@type":"ImageObject","inLanguage":"sv-SE","@id":"https:\/\/globalmedsonlineinc.com\/se\/product\/pain-killers\/adderall\/#primaryimage","url":"https:\/\/globalmedsonlineinc.com\/se\/content\/media\/uploads\/sites\/8\/2021\/07\/Buy-Adderall-30-MG.jpg","contentUrl":"https:\/\/globalmedsonlineinc.com\/se\/content\/media\/uploads\/sites\/8\/2021\/07\/Buy-Adderall-30-MG.jpg","width":1200,"height":1200,"caption":"Adderall piller till salu online utan recept"},{"@type":"BreadcrumbList","@id":"https:\/\/globalmedsonlineinc.com\/se\/product\/pain-killers\/adderall\/#breadcrumb","itemListElement":[{"@type":"ListItem","position":1,"name":"Home","item":"https:\/\/globalmedsonlineinc.com\/se\/"},{"@type":"ListItem","position":2,"name":"Produkter","item":"https:\/\/globalmedsonlineinc.com\/se\/produkter\/"},{"@type":"ListItem","position":3,"name":"K\u00f6p Adderall piller online"}]},{"@type":"WebSite","@id":"https:\/\/globalmedsonlineinc.com\/se\/#website","url":"https:\/\/globalmedsonlineinc.com\/se\/","name":"Global Meds Inc","description":"","publisher":{"@id":"https:\/\/globalmedsonlineinc.com\/se\/#organization"},"potentialAction":[{"@type":"SearchAction","target":{"@type":"EntryPoint","urlTemplate":"https:\/\/globalmedsonlineinc.com\/se\/?s={search_term_string}"},"query-input":{"@type":"PropertyValueSpecification","valueRequired":true,"valueName":"search_term_string"}}],"inLanguage":"sv-SE"},{"@type":"Organization","@id":"https:\/\/globalmedsonlineinc.com\/se\/#organization","name":"Global Meds Inc.","url":"https:\/\/globalmedsonlineinc.com\/se\/","logo":{"@type":"ImageObject","inLanguage":"sv-SE","@id":"https:\/\/globalmedsonlineinc.com\/se\/#\/schema\/logo\/image\/","url":"https:\/\/globalmedsonlineinc.com\/se\/content\/media\/uploads\/sites\/8\/2021\/06\/globalmedsonlineincLogoShop20210630123730.00.png","contentUrl":"https:\/\/globalmedsonlineinc.com\/se\/content\/media\/uploads\/sites\/8\/2021\/06\/globalmedsonlineincLogoShop20210630123730.00.png","width":450,"height":117,"caption":"Global Meds Inc."},"image":{"@id":"https:\/\/globalmedsonlineinc.com\/se\/#\/schema\/logo\/image\/"}}]}},"_links":{"self":[{"href":"https:\/\/globalmedsonlineinc.com\/se\/wp-json\/wp\/v2\/product\/9098","targetHints":{"allow":["GET"]}}],"collection":[{"href":"https:\/\/globalmedsonlineinc.com\/se\/wp-json\/wp\/v2\/product"}],"about":[{"href":"https:\/\/globalmedsonlineinc.com\/se\/wp-json\/wp\/v2\/types\/product"}],"replies":[{"embeddable":true,"href":"https:\/\/globalmedsonlineinc.com\/se\/wp-json\/wp\/v2\/comments?post=9098"}],"wp:featuredmedia":[{"embeddable":true,"href":"https:\/\/globalmedsonlineinc.com\/se\/wp-json\/wp\/v2\/media\/9100"}],"wp:attachment":[{"href":"https:\/\/globalmedsonlineinc.com\/se\/wp-json\/wp\/v2\/media?parent=9098"}],"wp:term":[{"taxonomy":"product_brand","embeddable":true,"href":"https:\/\/globalmedsonlineinc.com\/se\/wp-json\/wp\/v2\/product_brand?post=9098"},{"taxonomy":"product_cat","embeddable":true,"href":"https:\/\/globalmedsonlineinc.com\/se\/wp-json\/wp\/v2\/product_cat?post=9098"},{"taxonomy":"product_tag","embeddable":true,"href":"https:\/\/globalmedsonlineinc.com\/se\/wp-json\/wp\/v2\/product_tag?post=9098"}],"curies":[{"name":"wp","href":"https:\/\/api.w.org\/{rel}","templated":true}]}}