{"id":9086,"date":"2021-07-02T17:04:14","date_gmt":"2021-07-02T17:04:14","guid":{"rendered":"https:\/\/globalmedsonlineinc.com\/se\/?post_type=product&#038;p=9086"},"modified":"2024-02-21T09:31:39","modified_gmt":"2024-02-21T09:31:39","slug":"oxycodone","status":"publish","type":"product","link":"https:\/\/globalmedsonlineinc.com\/se\/product\/pain-killers\/oxycodone\/","title":{"rendered":"K\u00f6p Oxycodone piller online"},"content":{"rendered":"<h1>Oxykodon piller till salu online utan recept<\/h1>\n<p><a href=\"https:\/\/globalmedsonlineinc.com\/se\/product\/pain-killers\/oxycodone\/\">Oxykodon piller till salu online utan recept<\/a>. Oxycodon \u00e4r den fasta grundl\u00e4ggande <a href=\"https:\/\/en.wikipedia.org\/wiki\/Oxycodone\">fixeringen<\/a> i m\u00e5nga sm\u00e4rtstillande medel som rekommenderas till personer med m\u00e5ttlig till allvarlig sm\u00e4rta. Dessa piller finns i olika former, storlekar och nyanser beroende p\u00e5 portion och varum\u00e4rke. Oxycodon \u00e4r dessutom nu och d\u00e5 godk\u00e4nt i flytande struktur. Det godk\u00e4nns regelbundet som ett blandningsl\u00e4kemedel med olika recept, inklusive paracetamol, huvudv\u00e4rkmedicin och ibuprofen, med olika m\u00e4rkesnamn beroende p\u00e5 blandningen. De absolut vanligaste varum\u00e4rkesnamnen f\u00f6r oxycodonbaserade l\u00e4kemedel \u00e4r: K\u00f6p Oxycodone piller p\u00e5 n\u00e4tet<\/p>\n<p>\u00c4r det korrekt att s\u00e4ga att du upplever pl\u00e5gor? F\u00f6r n\u00e4rvarande kan du f\u00e5 din sm\u00e4rta medicin fr\u00e5n tr\u00f6sten i ditt hem eller kontor, vi s\u00e4ljer topp kliniska pl\u00e5goande piller f\u00f6r att hj\u00e4lpa till med obehag och m\u00e5nga andra sjukdomar som Inkludera; xanax, oxycontin, oxycodone, dilaudid, demerol, metadon (dolophine, methadose), roxycodone, diazepam, ritalin, percocet, concerta, tramadol, adderall, hydrocodone, morfin. Vi har ett 100-procentigt rekord i framg\u00e5ngsrika \u00f6verf\u00f6ringar. Vi erbjuder ett brett utbud av tj\u00e4nster till v\u00e5ra kunder f\u00f6r att k\u00f6pa oxycodon online utan problem.<\/p>\n<p>Vi har mediciner f\u00f6r terapi av konstant ryggv\u00e4rk, hack, nervositet, larmproblem, dysterhet, erektil brytning, sexuell brytning, narkolepsi, korpulens, el\u00e4nde, svaghet, viktminskningstill\u00e4gg och mer p\u00e5 webben (inget botemedel kr\u00e4vs).<\/p>\n<p>&#8211; Ingen l\u00f6sning kr\u00e4vs<\/p>\n<p>&#8211; Express f\u00f6r tillf\u00e4llet eller 24 timmars transport<\/p>\n<p>&#8211; Paketet \u00e4r uppm\u00e4rksamt fixerat, inlindat med en aluminiumfolie, fritt fr\u00e5n alla skador<\/p>\n<p>&#8211; Inget m\u00e4rke kr\u00e4vs n\u00e4r paketet dyker upp<\/p>\n<p>&#8211; 100% klienthj\u00e4lp och backing.<\/p>\n<p>&#8211; Garanti f\u00f6r pengarna tillbaka<\/p>\n<p>&#8211; Vi erbjuder transportf\u00f6rvaltning fr\u00e5n hus till hus<\/p>\n<p>&#8211; Utm\u00e4rkta och otroliga kostnader.<\/p>\n<p>Vi lindar f\u00f6rsiktigt buntar med volfram och kolfiberpapper f\u00f6r att hoppa \u00f6ver tullens x-beam-maskiner vid flygterminaler. Paketen \u00e4r h\u00e4rligt insvepta med omslagspapper fr\u00e5n ett externt perspektiv. Rolland Meds erbjuder olika tj\u00e4nster och g\u00f6r sig ocks\u00e5 tillg\u00e4ngliga f\u00f6r att f\u00f6rse kunderna med kvalitetsmedicin. Vi har ocks\u00e5 redo och tillg\u00e4ngliga oxycodone redo f\u00f6r k\u00f6p online. Tveka inte att kontakta oss n\u00e4r du vill best\u00e4lla oxycodon online s\u00e5 st\u00e5r vi till tj\u00e4nst.<\/p>\n<p>God kvalitet Oxycodone piller online: Det \u00e4r helt f\u00f6rst\u00e5tt att m\u00e4nniskor inte snabbt litar p\u00e5 kvaliteten p\u00e5 Oxycodone piller online som s\u00e4ljs p\u00e5 n\u00e4tet eftersom de inte kan unders\u00f6ka det fysiskt. Men det \u00e4r inte samma sak med Online Oxycodone piller online leverant\u00f6rer. Produkterna h\u00e4r \u00e4r trogna sin beskrivning med h\u00f6gkvalitativt underh\u00e5ll som g\u00f6rs under experternas \u00f6verinseende.<\/p>\n<p>Snabb &amp; Diskret leverans: Leveransen av Oxycodone piller online efter mottagandet av best\u00e4llningen sker inom den utlovade tidsramen. Fraktteamet l\u00e4gger all sin m\u00f6da p\u00e5 att g\u00f6ra frakt- och leveransf\u00f6rfarandet smidigt och snabbt. Du kan ocks\u00e5 f\u00f6rv\u00e4nta dig utm\u00e4rkta tj\u00e4nster n\u00e4r du k\u00f6per Oxycodone piller online fr\u00e5n proffsen p\u00e5 onlineplattformen.<\/p>\n","protected":false},"excerpt":{"rendered":"<p>Oxycodon \u00e4r ett m\u00e5ttligt prissatt l\u00e4kemedel som anv\u00e4nds f\u00f6r att behandla m\u00e5ttlig till sv\u00e5r sm\u00e4rta. Detta l\u00e4kemedel \u00e4r n\u00e5got mer popul\u00e4rt \u00e4n j\u00e4mf\u00f6rbara l\u00e4kemedel.<\/p>\n","protected":false},"featured_media":9097,"comment_status":"open","ping_status":"closed","template":"","meta":{"_acf_changed":false,"_monsterinsights_skip_tracking":false,"_monsterinsights_sitenote_active":false,"_monsterinsights_sitenote_note":"","_monsterinsights_sitenote_category":0},"product_brand":[],"product_cat":[52],"product_tag":[775,774,773,776,779,780,777,778,782,781,786,787,783,785,784,789,788],"class_list":{"0":"post-9086","1":"product","2":"type-product","3":"status-publish","4":"has-post-thumbnail","6":"product_cat-pain-killers","7":"product_tag-bestalla-roxycodone","8":"product_tag-hur-man-far-roxycodone","9":"product_tag-kopa-roxycodone-online","10":"product_tag-oxycodone-30mg-till-salu","11":"product_tag-oxycodone-piller-till-salu-online","12":"product_tag-oxycodone-pulver-till-salu","13":"product_tag-oxycodone-till-salu-utan-recept","14":"product_tag-oxycodone-till-salu-utomlands","15":"product_tag-oxycontin-80mg-for-forsaljning-online","16":"product_tag-oxycontin-80mg-till-salu","17":"product_tag-oxycontin-piller-till-salu","18":"product_tag-oxycontin-tabletter-till-salu","19":"product_tag-oxycontin-till-salu","20":"product_tag-oxycontin-till-salu-online","21":"product_tag-oxycontin-till-salu-utan-recept","22":"product_tag-roxycodone-piller-till-salu-online","23":"product_tag-roxycodone-till-salu","25":"first","26":"instock","27":"shipping-taxable","28":"purchasable","29":"product-type-variable"},"acf":[],"yoast_head":"<!-- This site is optimized with the Yoast SEO plugin v27.2 - https:\/\/yoast.com\/product\/yoast-seo-wordpress\/ -->\n<title>Oxykodon piller till salu online utan recept - Global Meds Inc.<\/title>\n<meta name=\"description\" content=\"Oxykodon piller till salu online utan recept. Vi s\u00e4ljer oxikodonpiller av b\u00e4sta kvalitet. Kontakta oss g\u00e4rna f\u00f6r mer information och priser.\" \/>\n<meta name=\"robots\" content=\"index, follow, max-snippet:-1, max-image-preview:large, max-video-preview:-1\" \/>\n<link rel=\"canonical\" href=\"https:\/\/globalmedsonlineinc.com\/se\/product\/pain-killers\/oxycodone\/\" \/>\n<meta property=\"og:locale\" content=\"sv_SE\" \/>\n<meta property=\"og:type\" content=\"article\" \/>\n<meta property=\"og:title\" content=\"Oxykodon piller till salu online utan recept - Global Meds Inc.\" \/>\n<meta property=\"og:description\" content=\"Oxykodon piller till salu online utan recept. Vi s\u00e4ljer oxikodonpiller av b\u00e4sta kvalitet. Kontakta oss g\u00e4rna f\u00f6r mer information och priser.\" \/>\n<meta property=\"og:url\" content=\"https:\/\/globalmedsonlineinc.com\/se\/product\/pain-killers\/oxycodone\/\" \/>\n<meta property=\"og:site_name\" content=\"Global Meds Inc\" \/>\n<meta property=\"article:modified_time\" content=\"2024-02-21T09:31:39+00:00\" \/>\n<meta property=\"og:image\" content=\"https:\/\/globalmedsonlineinc.com\/se\/content\/media\/uploads\/sites\/8\/2021\/07\/OXYCODONE-30mg-15-MG-1.png\" \/>\n\t<meta property=\"og:image:width\" content=\"590\" \/>\n\t<meta property=\"og:image:height\" content=\"472\" \/>\n\t<meta property=\"og:image:type\" content=\"image\/png\" \/>\n<meta name=\"twitter:card\" content=\"summary_large_image\" \/>\n<meta name=\"twitter:label1\" content=\"Ber\u00e4knad l\u00e4stid\" \/>\n\t<meta name=\"twitter:data1\" content=\"3 minuter\" \/>\n<script type=\"application\/ld+json\" class=\"yoast-schema-graph\">{\"@context\":\"https:\/\/schema.org\",\"@graph\":[{\"@type\":\"WebPage\",\"@id\":\"https:\/\/globalmedsonlineinc.com\/se\/product\/pain-killers\/oxycodone\/\",\"url\":\"https:\/\/globalmedsonlineinc.com\/se\/product\/pain-killers\/oxycodone\/\",\"name\":\"Oxykodon piller till salu online utan recept - Global Meds Inc.\",\"isPartOf\":{\"@id\":\"https:\/\/globalmedsonlineinc.com\/se\/#website\"},\"primaryImageOfPage\":{\"@id\":\"https:\/\/globalmedsonlineinc.com\/se\/product\/pain-killers\/oxycodone\/#primaryimage\"},\"image\":{\"@id\":\"https:\/\/globalmedsonlineinc.com\/se\/product\/pain-killers\/oxycodone\/#primaryimage\"},\"thumbnailUrl\":\"https:\/\/globalmedsonlineinc.com\/se\/content\/media\/uploads\/sites\/8\/2021\/07\/OXYCODONE-30mg-15-MG-1.png\",\"datePublished\":\"2021-07-02T17:04:14+00:00\",\"dateModified\":\"2024-02-21T09:31:39+00:00\",\"description\":\"Oxykodon piller till salu online utan recept. Vi s\u00e4ljer oxikodonpiller av b\u00e4sta kvalitet. Kontakta oss g\u00e4rna f\u00f6r mer information och priser.\",\"breadcrumb\":{\"@id\":\"https:\/\/globalmedsonlineinc.com\/se\/product\/pain-killers\/oxycodone\/#breadcrumb\"},\"inLanguage\":\"sv-SE\",\"potentialAction\":[{\"@type\":\"ReadAction\",\"target\":[\"https:\/\/globalmedsonlineinc.com\/se\/product\/pain-killers\/oxycodone\/\"]}]},{\"@type\":\"ImageObject\",\"inLanguage\":\"sv-SE\",\"@id\":\"https:\/\/globalmedsonlineinc.com\/se\/product\/pain-killers\/oxycodone\/#primaryimage\",\"url\":\"https:\/\/globalmedsonlineinc.com\/se\/content\/media\/uploads\/sites\/8\/2021\/07\/OXYCODONE-30mg-15-MG-1.png\",\"contentUrl\":\"https:\/\/globalmedsonlineinc.com\/se\/content\/media\/uploads\/sites\/8\/2021\/07\/OXYCODONE-30mg-15-MG-1.png\",\"width\":590,\"height\":472,\"caption\":\"Oxykodon piller till salu online utan recept\"},{\"@type\":\"BreadcrumbList\",\"@id\":\"https:\/\/globalmedsonlineinc.com\/se\/product\/pain-killers\/oxycodone\/#breadcrumb\",\"itemListElement\":[{\"@type\":\"ListItem\",\"position\":1,\"name\":\"Home\",\"item\":\"https:\/\/globalmedsonlineinc.com\/se\/\"},{\"@type\":\"ListItem\",\"position\":2,\"name\":\"Produkter\",\"item\":\"https:\/\/globalmedsonlineinc.com\/se\/produkter\/\"},{\"@type\":\"ListItem\",\"position\":3,\"name\":\"K\u00f6p Oxycodone piller online\"}]},{\"@type\":\"WebSite\",\"@id\":\"https:\/\/globalmedsonlineinc.com\/se\/#website\",\"url\":\"https:\/\/globalmedsonlineinc.com\/se\/\",\"name\":\"Global Meds Inc\",\"description\":\"\",\"publisher\":{\"@id\":\"https:\/\/globalmedsonlineinc.com\/se\/#organization\"},\"potentialAction\":[{\"@type\":\"SearchAction\",\"target\":{\"@type\":\"EntryPoint\",\"urlTemplate\":\"https:\/\/globalmedsonlineinc.com\/se\/?s={search_term_string}\"},\"query-input\":{\"@type\":\"PropertyValueSpecification\",\"valueRequired\":true,\"valueName\":\"search_term_string\"}}],\"inLanguage\":\"sv-SE\"},{\"@type\":\"Organization\",\"@id\":\"https:\/\/globalmedsonlineinc.com\/se\/#organization\",\"name\":\"Global Meds Inc.\",\"url\":\"https:\/\/globalmedsonlineinc.com\/se\/\",\"logo\":{\"@type\":\"ImageObject\",\"inLanguage\":\"sv-SE\",\"@id\":\"https:\/\/globalmedsonlineinc.com\/se\/#\/schema\/logo\/image\/\",\"url\":\"https:\/\/globalmedsonlineinc.com\/se\/content\/media\/uploads\/sites\/8\/2021\/06\/globalmedsonlineincLogoShop20210630123730.00.png\",\"contentUrl\":\"https:\/\/globalmedsonlineinc.com\/se\/content\/media\/uploads\/sites\/8\/2021\/06\/globalmedsonlineincLogoShop20210630123730.00.png\",\"width\":450,\"height\":117,\"caption\":\"Global Meds Inc.\"},\"image\":{\"@id\":\"https:\/\/globalmedsonlineinc.com\/se\/#\/schema\/logo\/image\/\"}}]}<\/script>\n<!-- \/ Yoast SEO plugin. -->","yoast_head_json":{"title":"Oxykodon piller till salu online utan recept - Global Meds Inc.","description":"Oxykodon piller till salu online utan recept. Vi s\u00e4ljer oxikodonpiller av b\u00e4sta kvalitet. Kontakta oss g\u00e4rna f\u00f6r mer information och priser.","robots":{"index":"index","follow":"follow","max-snippet":"max-snippet:-1","max-image-preview":"max-image-preview:large","max-video-preview":"max-video-preview:-1"},"canonical":"https:\/\/globalmedsonlineinc.com\/se\/product\/pain-killers\/oxycodone\/","og_locale":"sv_SE","og_type":"article","og_title":"Oxykodon piller till salu online utan recept - Global Meds Inc.","og_description":"Oxykodon piller till salu online utan recept. Vi s\u00e4ljer oxikodonpiller av b\u00e4sta kvalitet. Kontakta oss g\u00e4rna f\u00f6r mer information och priser.","og_url":"https:\/\/globalmedsonlineinc.com\/se\/product\/pain-killers\/oxycodone\/","og_site_name":"Global Meds Inc","article_modified_time":"2024-02-21T09:31:39+00:00","og_image":[{"width":590,"height":472,"url":"https:\/\/globalmedsonlineinc.com\/se\/content\/media\/uploads\/sites\/8\/2021\/07\/OXYCODONE-30mg-15-MG-1.png","type":"image\/png"}],"twitter_card":"summary_large_image","twitter_misc":{"Ber\u00e4knad l\u00e4stid":"3 minuter"},"schema":{"@context":"https:\/\/schema.org","@graph":[{"@type":"WebPage","@id":"https:\/\/globalmedsonlineinc.com\/se\/product\/pain-killers\/oxycodone\/","url":"https:\/\/globalmedsonlineinc.com\/se\/product\/pain-killers\/oxycodone\/","name":"Oxykodon piller till salu online utan recept - Global Meds Inc.","isPartOf":{"@id":"https:\/\/globalmedsonlineinc.com\/se\/#website"},"primaryImageOfPage":{"@id":"https:\/\/globalmedsonlineinc.com\/se\/product\/pain-killers\/oxycodone\/#primaryimage"},"image":{"@id":"https:\/\/globalmedsonlineinc.com\/se\/product\/pain-killers\/oxycodone\/#primaryimage"},"thumbnailUrl":"https:\/\/globalmedsonlineinc.com\/se\/content\/media\/uploads\/sites\/8\/2021\/07\/OXYCODONE-30mg-15-MG-1.png","datePublished":"2021-07-02T17:04:14+00:00","dateModified":"2024-02-21T09:31:39+00:00","description":"Oxykodon piller till salu online utan recept. Vi s\u00e4ljer oxikodonpiller av b\u00e4sta kvalitet. Kontakta oss g\u00e4rna f\u00f6r mer information och priser.","breadcrumb":{"@id":"https:\/\/globalmedsonlineinc.com\/se\/product\/pain-killers\/oxycodone\/#breadcrumb"},"inLanguage":"sv-SE","potentialAction":[{"@type":"ReadAction","target":["https:\/\/globalmedsonlineinc.com\/se\/product\/pain-killers\/oxycodone\/"]}]},{"@type":"ImageObject","inLanguage":"sv-SE","@id":"https:\/\/globalmedsonlineinc.com\/se\/product\/pain-killers\/oxycodone\/#primaryimage","url":"https:\/\/globalmedsonlineinc.com\/se\/content\/media\/uploads\/sites\/8\/2021\/07\/OXYCODONE-30mg-15-MG-1.png","contentUrl":"https:\/\/globalmedsonlineinc.com\/se\/content\/media\/uploads\/sites\/8\/2021\/07\/OXYCODONE-30mg-15-MG-1.png","width":590,"height":472,"caption":"Oxykodon piller till salu online utan recept"},{"@type":"BreadcrumbList","@id":"https:\/\/globalmedsonlineinc.com\/se\/product\/pain-killers\/oxycodone\/#breadcrumb","itemListElement":[{"@type":"ListItem","position":1,"name":"Home","item":"https:\/\/globalmedsonlineinc.com\/se\/"},{"@type":"ListItem","position":2,"name":"Produkter","item":"https:\/\/globalmedsonlineinc.com\/se\/produkter\/"},{"@type":"ListItem","position":3,"name":"K\u00f6p Oxycodone piller online"}]},{"@type":"WebSite","@id":"https:\/\/globalmedsonlineinc.com\/se\/#website","url":"https:\/\/globalmedsonlineinc.com\/se\/","name":"Global Meds Inc","description":"","publisher":{"@id":"https:\/\/globalmedsonlineinc.com\/se\/#organization"},"potentialAction":[{"@type":"SearchAction","target":{"@type":"EntryPoint","urlTemplate":"https:\/\/globalmedsonlineinc.com\/se\/?s={search_term_string}"},"query-input":{"@type":"PropertyValueSpecification","valueRequired":true,"valueName":"search_term_string"}}],"inLanguage":"sv-SE"},{"@type":"Organization","@id":"https:\/\/globalmedsonlineinc.com\/se\/#organization","name":"Global Meds Inc.","url":"https:\/\/globalmedsonlineinc.com\/se\/","logo":{"@type":"ImageObject","inLanguage":"sv-SE","@id":"https:\/\/globalmedsonlineinc.com\/se\/#\/schema\/logo\/image\/","url":"https:\/\/globalmedsonlineinc.com\/se\/content\/media\/uploads\/sites\/8\/2021\/06\/globalmedsonlineincLogoShop20210630123730.00.png","contentUrl":"https:\/\/globalmedsonlineinc.com\/se\/content\/media\/uploads\/sites\/8\/2021\/06\/globalmedsonlineincLogoShop20210630123730.00.png","width":450,"height":117,"caption":"Global Meds Inc."},"image":{"@id":"https:\/\/globalmedsonlineinc.com\/se\/#\/schema\/logo\/image\/"}}]}},"_links":{"self":[{"href":"https:\/\/globalmedsonlineinc.com\/se\/wp-json\/wp\/v2\/product\/9086","targetHints":{"allow":["GET"]}}],"collection":[{"href":"https:\/\/globalmedsonlineinc.com\/se\/wp-json\/wp\/v2\/product"}],"about":[{"href":"https:\/\/globalmedsonlineinc.com\/se\/wp-json\/wp\/v2\/types\/product"}],"replies":[{"embeddable":true,"href":"https:\/\/globalmedsonlineinc.com\/se\/wp-json\/wp\/v2\/comments?post=9086"}],"wp:featuredmedia":[{"embeddable":true,"href":"https:\/\/globalmedsonlineinc.com\/se\/wp-json\/wp\/v2\/media\/9097"}],"wp:attachment":[{"href":"https:\/\/globalmedsonlineinc.com\/se\/wp-json\/wp\/v2\/media?parent=9086"}],"wp:term":[{"taxonomy":"product_brand","embeddable":true,"href":"https:\/\/globalmedsonlineinc.com\/se\/wp-json\/wp\/v2\/product_brand?post=9086"},{"taxonomy":"product_cat","embeddable":true,"href":"https:\/\/globalmedsonlineinc.com\/se\/wp-json\/wp\/v2\/product_cat?post=9086"},{"taxonomy":"product_tag","embeddable":true,"href":"https:\/\/globalmedsonlineinc.com\/se\/wp-json\/wp\/v2\/product_tag?post=9086"}],"curies":[{"name":"wp","href":"https:\/\/api.w.org\/{rel}","templated":true}]}}