{"id":9080,"date":"2021-07-02T16:29:38","date_gmt":"2021-07-02T16:29:38","guid":{"rendered":"https:\/\/globalmedsonlineinc.com\/se\/?post_type=product&#038;p=9080"},"modified":"2024-02-21T09:32:18","modified_gmt":"2024-02-21T09:32:18","slug":"xanax","status":"publish","type":"product","link":"https:\/\/globalmedsonlineinc.com\/se\/product\/pain-killers\/xanax\/","title":{"rendered":"K\u00f6p Xanax piller online"},"content":{"rendered":"<h1>Xanax piller till salu online utan recept<\/h1>\n<p><a href=\"https:\/\/globalmedsonlineinc.com\/se\/product\/pain-killers\/xanax\/\">Xanax piller till salu online<\/a> utan recept , Xanax, \u00e4ven kallat Aprazolam, \u00e4r ett l\u00e4kemedel <a href=\"https:\/\/en.wikipedia.org\/wiki\/Alprazolam\">anv\u00e4nds<\/a> i bensodiazepin-klassen f\u00f6r att lindra manifestationer relaterade till sp\u00e4nning och anfall av \u00e5ngest precis som el\u00e4nde, PMS (premenstruellt tillst\u00e5nd), vissa r\u00e4dslor och kramper.\u00a0 XANAX demonstreras f\u00f6r administration av nervositetsproblem och tillf\u00e4llig hj\u00e4lp av biverkningar av oro hos vuxna. XANAX demonstreras likas\u00e5 f\u00f6r behandling av frenesi problem hos vuxna med eller utan r\u00e4dsla f\u00f6r platser och omst\u00e4ndigheter som kan orsaka frenesi, f\u00f6rsvarsl\u00f6shet eller skam (agorafobi). K\u00f6p Xanax piller p\u00e5 n\u00e4tet<\/p>\n<p>\u00c4r det korrekt att s\u00e4ga att du upplever pl\u00e5gor? F\u00f6r n\u00e4rvarande kan du f\u00e5 dina pl\u00e5gor recept fr\u00e5n tr\u00f6sten i ditt hem eller kontor, vi s\u00e4ljer topp kliniska agony piller f\u00f6r hj\u00e4lp med obehag och m\u00e5nga andra illneses s\u00e5som Inkludera; xanax, oxycontin, oxycodone, dilaudid, demerol, metadon (dolophine, methadose), roxycodone, diazepam, ritalin, percocet, concerta, tramadol, adderall, hydrocodone, morfin. Vi har ett 100-procentigt rekord i framg\u00e5ngsrika \u00f6verf\u00f6ringar. K\u00f6p Xanax piller p\u00e5 n\u00e4tet<\/p>\n<p>Vi har l\u00e4kemedel f\u00f6r behandling av p\u00e5g\u00e5ende ryggbesv\u00e4r, hack, nervositet, larmproblematik, modl\u00f6shet, erektil dysfunktion, sexuell dysfunktion, narkolepsi, korpulens, el\u00e4nde, tr\u00f6tthet, viktminskningstill\u00e4gg med mera p\u00e5 webben (inget botemedel kr\u00e4vs).<\/p>\n<p>&#8211; Inget botemedel kr\u00e4vs<\/p>\n<p>&#8211; express tidigare f\u00f6r tillf\u00e4llet eller 24 timmars transport<\/p>\n<p>&#8211; F\u00f6rpackning \u00e4r exceptionellt taktfull fast, inlindad med en aluminiumfolie, fri fr\u00e5n all fara.<\/p>\n<p>&#8211; Inget m\u00e4rke o\u00e4ndlig leverans av paketet<\/p>\n<p>&#8211; 100% kundv\u00e5rd och uppbackning.<\/p>\n<p>&#8211; Pengar tillbaka s\u00e4kerst\u00e4lla<\/p>\n<p>&#8211; Vi erbjuder hus till hus transportf\u00f6rvaltningar<\/p>\n<p>&#8211; Utm\u00e4rkta och o\u00f6vertr\u00e4ffade kostnader.<\/p>\n<p>Vi packar paketen f\u00f6rsiktigt med volfram- och kolpapper f\u00f6r att undvika genom traditioner x-beam-maskiner vid flygterminaler. Paketen \u00e4r perfekt laddade med v\u00e4lsignelsepapper utifr\u00e5n. K\u00f6p Xanax piller p\u00e5 n\u00e4tet<\/p>\n<p>Letar du efter billiga XANAX 2mg p\u00e5 n\u00e4tet? Best\u00e4ll XANAX 2mg fr\u00e5n Global Home Med till \u00f6verkomliga priser och leverans direkt hem till dig!<\/p>\n<p>K\u00f6p Alprazolam i Storbritannien &#8230; Alprazolam (Xanax) 2mg UK\/EU Brand &#8230; 2 mg tabletten \u00e4r en mer potent version av denna effektiva \u00e5ngestmedicin i Storbritannien.<\/p>\n<p>K\u00f6p Xanax online &#8211; Xanax bar till salu -Buy xanax 2mg online -buy xanax 1mg online &#8211; Xanax kan k\u00e4nnas lugnande och lugnande, vilket g\u00f6r att du k\u00e4nner dig avslappnad och lugn.<\/p>\n<p>Buy Xanax 2Mg Uk Materialiserande ergonomiska Order Xanax Overnight salified konvex? Fustier Wilburn deforces Buying Xanax Online Reddit subtilizing offer<\/p>\n<p>K\u00f6p billigt, xanax online utan recept. Generisk zoloft b\u00e4sta onlineapotek billiga xanax online k\u00f6pa fentermin . Bilder av generiska xanax 2mg barer<\/p>\n<p>K\u00f6p Xanax 2 mg Alprazolam 0,5 MG, 1MG,2MG Tablet anv\u00e4nds f\u00f6r att behandla panikst\u00f6rningar och \u00e5ngest, som ov\u00e4ntad extrem r\u00e4dsla och sp\u00e4nning p\u00e5 grund av stress. Det rekommenderas att b\u00f6rja med en liten dos och \u00f6ka den gradvis. Sluta inte ta detta l\u00e4kemedel pl\u00f6tsligt eftersom det kan orsaka abstinenssymtom som kramper, aggressivt beteende, suddig syn etc.<\/p>\n<p>Ta Alprazolam 0,5 MG tablett med eller utan mat. Ta inte i st\u00f6rre m\u00e4ngder \u00e4n vad som rekommenderas. R\u00e5dg\u00f6r med l\u00e4karen om du upplever n\u00e5gra o\u00f6nskade effekter. Sluta inte ta l\u00e4kemedlet utan att r\u00e5dg\u00f6ra med din l\u00e4kare eftersom det kan orsaka abstinenssymtom.<\/p>\n<p>Hur det fungerar<br \/>\nDetta l\u00e4kemedel binder till kloridkanalerna och underl\u00e4ttar infl\u00f6det av kloridjoner, vilket orsakar hyperpolarisering och stabilisering av neuronmembranet, vilket f\u00f6rhindrar ytterligare excitering av cellen.<\/p>\n<p>God kvalitet Xanax piller online: Det \u00e4r helt f\u00f6rst\u00e5tt att m\u00e4nniskor inte snabbt litar p\u00e5 kvaliteten p\u00e5 Xanax piller online som s\u00e4ljs p\u00e5 n\u00e4tet eftersom de inte kan unders\u00f6ka det fysiskt. Men det \u00e4r inte samma sak med Online Xanax piller online leverant\u00f6rer. Produkterna h\u00e4r \u00e4r trogna sin beskrivning med h\u00f6gkvalitativt underh\u00e5ll som g\u00f6rs under experternas \u00f6verinseende.<\/p>\n<p>Snabb &amp; Diskret leverans: Leveransen av Xanax piller online efter mottagandet av best\u00e4llningen sker inom den utlovade tidsramen. Fraktteamet l\u00e4gger all sin m\u00f6da p\u00e5 att g\u00f6ra frakt- och leveransf\u00f6rfarandet smidigt och snabbt. Du kan ocks\u00e5 f\u00f6rv\u00e4nta dig utm\u00e4rkta tj\u00e4nster n\u00e4r du k\u00f6per Xanax piller online fr\u00e5n proffsen p\u00e5 onlineplattformen.<\/p>\n","protected":false},"excerpt":{"rendered":"<p>K\u00f6p Xanax 2 MG Tablet anv\u00e4nds f\u00f6r att behandla panikst\u00f6rningar och \u00e5ngest, som ov\u00e4ntad extrem r\u00e4dsla och sp\u00e4nning p\u00e5 grund av stress. Det rekommenderas att b\u00f6rja med en liten dos och \u00f6ka den gradvis. Sluta inte pl\u00f6tsligt att ta detta l\u00e4kemedel eftersom det kan orsaka abstinenssymtom som kramper, aggressivt beteende, suddig syn etc.<\/p>\n","protected":false},"featured_media":9085,"comment_status":"open","ping_status":"closed","template":"","meta":{"_acf_changed":false,"_monsterinsights_skip_tracking":false,"_monsterinsights_sitenote_active":false,"_monsterinsights_sitenote_note":"","_monsterinsights_sitenote_category":0},"product_brand":[],"product_cat":[52],"product_tag":[790,791,796,794,807,793,792,795,797,798,799,800,804,805,806,801,802,803],"class_list":{"0":"post-9080","1":"product","2":"type-product","3":"status-publish","4":"has-post-thumbnail","6":"product_cat-pain-killers","7":"product_tag-2mg-xanax-till-salu","8":"product_tag-alprazolam-till-salu","9":"product_tag-basta-stallet-att-kopa-alprazolam-online","10":"product_tag-bestall-alprazolam-online","11":"product_tag-gula-xanax-barer-till-salu","12":"product_tag-hur-man-koper-alprazolam-online","13":"product_tag-kop-alprazolam-online","14":"product_tag-kop-xanax-piller-pa-natet","15":"product_tag-var-man-kan-kopa-alprazolam-online","16":"product_tag-xanax-2mg-till-salu","17":"product_tag-xanax-barer-till-salu","18":"product_tag-xanax-barer-till-salu-pa-natet","19":"product_tag-xanax-piller-till-salu","20":"product_tag-xanax-piller-till-salu-pa-natet","21":"product_tag-xanax-tabletter-till-salu","22":"product_tag-xanax-till-salu","23":"product_tag-xanax-till-salu-pa-natet","24":"product_tag-xanax-till-salu-utan-recept","26":"first","27":"instock","28":"featured","29":"shipping-taxable","30":"purchasable","31":"product-type-variable","32":"has-default-attributes"},"acf":[],"yoast_head":"<!-- This site is optimized with the Yoast SEO plugin v27.2 - https:\/\/yoast.com\/product\/yoast-seo-wordpress\/ -->\n<title>Xanax piller till salu online utan recept | Global Meds Inc.<\/title>\n<meta name=\"description\" content=\"Xanax piller till salu online utan recept. Om du letar efter hur man k\u00f6per Xanax-piller p\u00e5 n\u00e4tet \u00e4r du p\u00e5 r\u00e4tt st\u00e4lle f\u00f6r att k\u00f6pa Xanax-piller p\u00e5 n\u00e4tet.\" \/>\n<meta name=\"robots\" content=\"index, follow, max-snippet:-1, max-image-preview:large, max-video-preview:-1\" \/>\n<link rel=\"canonical\" href=\"https:\/\/globalmedsonlineinc.com\/se\/product\/pain-killers\/xanax\/\" \/>\n<meta property=\"og:locale\" content=\"sv_SE\" \/>\n<meta property=\"og:type\" content=\"article\" \/>\n<meta property=\"og:title\" content=\"Xanax piller till salu online utan recept | Global Meds Inc.\" \/>\n<meta property=\"og:description\" content=\"Xanax piller till salu online utan recept. Om du letar efter hur man k\u00f6per Xanax-piller p\u00e5 n\u00e4tet \u00e4r du p\u00e5 r\u00e4tt st\u00e4lle f\u00f6r att k\u00f6pa Xanax-piller p\u00e5 n\u00e4tet.\" \/>\n<meta property=\"og:url\" content=\"https:\/\/globalmedsonlineinc.com\/se\/product\/pain-killers\/xanax\/\" \/>\n<meta property=\"og:site_name\" content=\"Global Meds Inc\" \/>\n<meta property=\"article:modified_time\" content=\"2024-02-21T09:32:18+00:00\" \/>\n<meta property=\"og:image\" content=\"https:\/\/globalmedsonlineinc.com\/se\/content\/media\/uploads\/sites\/8\/2021\/07\/Buy-XANAX-XR-ALPRAZOLAM-EXTENDED-RELEASE-TABLETS-2-Mg-50-TABLETS-RX-ONLY.jpg\" \/>\n\t<meta property=\"og:image:width\" content=\"1200\" \/>\n\t<meta property=\"og:image:height\" content=\"1200\" \/>\n\t<meta property=\"og:image:type\" content=\"image\/jpeg\" \/>\n<meta name=\"twitter:card\" content=\"summary_large_image\" \/>\n<meta name=\"twitter:label1\" content=\"Ber\u00e4knad l\u00e4stid\" \/>\n\t<meta name=\"twitter:data1\" content=\"4 minuter\" \/>\n<script type=\"application\/ld+json\" class=\"yoast-schema-graph\">{\"@context\":\"https:\/\/schema.org\",\"@graph\":[{\"@type\":\"WebPage\",\"@id\":\"https:\/\/globalmedsonlineinc.com\/se\/product\/pain-killers\/xanax\/\",\"url\":\"https:\/\/globalmedsonlineinc.com\/se\/product\/pain-killers\/xanax\/\",\"name\":\"Xanax piller till salu online utan recept | Global Meds Inc.\",\"isPartOf\":{\"@id\":\"https:\/\/globalmedsonlineinc.com\/se\/#website\"},\"primaryImageOfPage\":{\"@id\":\"https:\/\/globalmedsonlineinc.com\/se\/product\/pain-killers\/xanax\/#primaryimage\"},\"image\":{\"@id\":\"https:\/\/globalmedsonlineinc.com\/se\/product\/pain-killers\/xanax\/#primaryimage\"},\"thumbnailUrl\":\"https:\/\/globalmedsonlineinc.com\/se\/content\/media\/uploads\/sites\/8\/2021\/07\/Buy-XANAX-XR-ALPRAZOLAM-EXTENDED-RELEASE-TABLETS-2-Mg-50-TABLETS-RX-ONLY.jpg\",\"datePublished\":\"2021-07-02T16:29:38+00:00\",\"dateModified\":\"2024-02-21T09:32:18+00:00\",\"description\":\"Xanax piller till salu online utan recept. Om du letar efter hur man k\u00f6per Xanax-piller p\u00e5 n\u00e4tet \u00e4r du p\u00e5 r\u00e4tt st\u00e4lle f\u00f6r att k\u00f6pa Xanax-piller p\u00e5 n\u00e4tet.\",\"breadcrumb\":{\"@id\":\"https:\/\/globalmedsonlineinc.com\/se\/product\/pain-killers\/xanax\/#breadcrumb\"},\"inLanguage\":\"sv-SE\",\"potentialAction\":[{\"@type\":\"ReadAction\",\"target\":[\"https:\/\/globalmedsonlineinc.com\/se\/product\/pain-killers\/xanax\/\"]}]},{\"@type\":\"ImageObject\",\"inLanguage\":\"sv-SE\",\"@id\":\"https:\/\/globalmedsonlineinc.com\/se\/product\/pain-killers\/xanax\/#primaryimage\",\"url\":\"https:\/\/globalmedsonlineinc.com\/se\/content\/media\/uploads\/sites\/8\/2021\/07\/Buy-XANAX-XR-ALPRAZOLAM-EXTENDED-RELEASE-TABLETS-2-Mg-50-TABLETS-RX-ONLY.jpg\",\"contentUrl\":\"https:\/\/globalmedsonlineinc.com\/se\/content\/media\/uploads\/sites\/8\/2021\/07\/Buy-XANAX-XR-ALPRAZOLAM-EXTENDED-RELEASE-TABLETS-2-Mg-50-TABLETS-RX-ONLY.jpg\",\"width\":1200,\"height\":1200,\"caption\":\"Xanax piller till salu online utan recept\"},{\"@type\":\"BreadcrumbList\",\"@id\":\"https:\/\/globalmedsonlineinc.com\/se\/product\/pain-killers\/xanax\/#breadcrumb\",\"itemListElement\":[{\"@type\":\"ListItem\",\"position\":1,\"name\":\"Home\",\"item\":\"https:\/\/globalmedsonlineinc.com\/se\/\"},{\"@type\":\"ListItem\",\"position\":2,\"name\":\"Produkter\",\"item\":\"https:\/\/globalmedsonlineinc.com\/se\/produkter\/\"},{\"@type\":\"ListItem\",\"position\":3,\"name\":\"K\u00f6p Xanax piller online\"}]},{\"@type\":\"WebSite\",\"@id\":\"https:\/\/globalmedsonlineinc.com\/se\/#website\",\"url\":\"https:\/\/globalmedsonlineinc.com\/se\/\",\"name\":\"Global Meds Inc\",\"description\":\"\",\"publisher\":{\"@id\":\"https:\/\/globalmedsonlineinc.com\/se\/#organization\"},\"potentialAction\":[{\"@type\":\"SearchAction\",\"target\":{\"@type\":\"EntryPoint\",\"urlTemplate\":\"https:\/\/globalmedsonlineinc.com\/se\/?s={search_term_string}\"},\"query-input\":{\"@type\":\"PropertyValueSpecification\",\"valueRequired\":true,\"valueName\":\"search_term_string\"}}],\"inLanguage\":\"sv-SE\"},{\"@type\":\"Organization\",\"@id\":\"https:\/\/globalmedsonlineinc.com\/se\/#organization\",\"name\":\"Global Meds Inc.\",\"url\":\"https:\/\/globalmedsonlineinc.com\/se\/\",\"logo\":{\"@type\":\"ImageObject\",\"inLanguage\":\"sv-SE\",\"@id\":\"https:\/\/globalmedsonlineinc.com\/se\/#\/schema\/logo\/image\/\",\"url\":\"https:\/\/globalmedsonlineinc.com\/se\/content\/media\/uploads\/sites\/8\/2021\/06\/globalmedsonlineincLogoShop20210630123730.00.png\",\"contentUrl\":\"https:\/\/globalmedsonlineinc.com\/se\/content\/media\/uploads\/sites\/8\/2021\/06\/globalmedsonlineincLogoShop20210630123730.00.png\",\"width\":450,\"height\":117,\"caption\":\"Global Meds Inc.\"},\"image\":{\"@id\":\"https:\/\/globalmedsonlineinc.com\/se\/#\/schema\/logo\/image\/\"}}]}<\/script>\n<!-- \/ Yoast SEO plugin. -->","yoast_head_json":{"title":"Xanax piller till salu online utan recept | Global Meds Inc.","description":"Xanax piller till salu online utan recept. Om du letar efter hur man k\u00f6per Xanax-piller p\u00e5 n\u00e4tet \u00e4r du p\u00e5 r\u00e4tt st\u00e4lle f\u00f6r att k\u00f6pa Xanax-piller p\u00e5 n\u00e4tet.","robots":{"index":"index","follow":"follow","max-snippet":"max-snippet:-1","max-image-preview":"max-image-preview:large","max-video-preview":"max-video-preview:-1"},"canonical":"https:\/\/globalmedsonlineinc.com\/se\/product\/pain-killers\/xanax\/","og_locale":"sv_SE","og_type":"article","og_title":"Xanax piller till salu online utan recept | Global Meds Inc.","og_description":"Xanax piller till salu online utan recept. Om du letar efter hur man k\u00f6per Xanax-piller p\u00e5 n\u00e4tet \u00e4r du p\u00e5 r\u00e4tt st\u00e4lle f\u00f6r att k\u00f6pa Xanax-piller p\u00e5 n\u00e4tet.","og_url":"https:\/\/globalmedsonlineinc.com\/se\/product\/pain-killers\/xanax\/","og_site_name":"Global Meds Inc","article_modified_time":"2024-02-21T09:32:18+00:00","og_image":[{"width":1200,"height":1200,"url":"https:\/\/globalmedsonlineinc.com\/se\/content\/media\/uploads\/sites\/8\/2021\/07\/Buy-XANAX-XR-ALPRAZOLAM-EXTENDED-RELEASE-TABLETS-2-Mg-50-TABLETS-RX-ONLY.jpg","type":"image\/jpeg"}],"twitter_card":"summary_large_image","twitter_misc":{"Ber\u00e4knad l\u00e4stid":"4 minuter"},"schema":{"@context":"https:\/\/schema.org","@graph":[{"@type":"WebPage","@id":"https:\/\/globalmedsonlineinc.com\/se\/product\/pain-killers\/xanax\/","url":"https:\/\/globalmedsonlineinc.com\/se\/product\/pain-killers\/xanax\/","name":"Xanax piller till salu online utan recept | Global Meds Inc.","isPartOf":{"@id":"https:\/\/globalmedsonlineinc.com\/se\/#website"},"primaryImageOfPage":{"@id":"https:\/\/globalmedsonlineinc.com\/se\/product\/pain-killers\/xanax\/#primaryimage"},"image":{"@id":"https:\/\/globalmedsonlineinc.com\/se\/product\/pain-killers\/xanax\/#primaryimage"},"thumbnailUrl":"https:\/\/globalmedsonlineinc.com\/se\/content\/media\/uploads\/sites\/8\/2021\/07\/Buy-XANAX-XR-ALPRAZOLAM-EXTENDED-RELEASE-TABLETS-2-Mg-50-TABLETS-RX-ONLY.jpg","datePublished":"2021-07-02T16:29:38+00:00","dateModified":"2024-02-21T09:32:18+00:00","description":"Xanax piller till salu online utan recept. Om du letar efter hur man k\u00f6per Xanax-piller p\u00e5 n\u00e4tet \u00e4r du p\u00e5 r\u00e4tt st\u00e4lle f\u00f6r att k\u00f6pa Xanax-piller p\u00e5 n\u00e4tet.","breadcrumb":{"@id":"https:\/\/globalmedsonlineinc.com\/se\/product\/pain-killers\/xanax\/#breadcrumb"},"inLanguage":"sv-SE","potentialAction":[{"@type":"ReadAction","target":["https:\/\/globalmedsonlineinc.com\/se\/product\/pain-killers\/xanax\/"]}]},{"@type":"ImageObject","inLanguage":"sv-SE","@id":"https:\/\/globalmedsonlineinc.com\/se\/product\/pain-killers\/xanax\/#primaryimage","url":"https:\/\/globalmedsonlineinc.com\/se\/content\/media\/uploads\/sites\/8\/2021\/07\/Buy-XANAX-XR-ALPRAZOLAM-EXTENDED-RELEASE-TABLETS-2-Mg-50-TABLETS-RX-ONLY.jpg","contentUrl":"https:\/\/globalmedsonlineinc.com\/se\/content\/media\/uploads\/sites\/8\/2021\/07\/Buy-XANAX-XR-ALPRAZOLAM-EXTENDED-RELEASE-TABLETS-2-Mg-50-TABLETS-RX-ONLY.jpg","width":1200,"height":1200,"caption":"Xanax piller till salu online utan recept"},{"@type":"BreadcrumbList","@id":"https:\/\/globalmedsonlineinc.com\/se\/product\/pain-killers\/xanax\/#breadcrumb","itemListElement":[{"@type":"ListItem","position":1,"name":"Home","item":"https:\/\/globalmedsonlineinc.com\/se\/"},{"@type":"ListItem","position":2,"name":"Produkter","item":"https:\/\/globalmedsonlineinc.com\/se\/produkter\/"},{"@type":"ListItem","position":3,"name":"K\u00f6p Xanax piller online"}]},{"@type":"WebSite","@id":"https:\/\/globalmedsonlineinc.com\/se\/#website","url":"https:\/\/globalmedsonlineinc.com\/se\/","name":"Global Meds Inc","description":"","publisher":{"@id":"https:\/\/globalmedsonlineinc.com\/se\/#organization"},"potentialAction":[{"@type":"SearchAction","target":{"@type":"EntryPoint","urlTemplate":"https:\/\/globalmedsonlineinc.com\/se\/?s={search_term_string}"},"query-input":{"@type":"PropertyValueSpecification","valueRequired":true,"valueName":"search_term_string"}}],"inLanguage":"sv-SE"},{"@type":"Organization","@id":"https:\/\/globalmedsonlineinc.com\/se\/#organization","name":"Global Meds Inc.","url":"https:\/\/globalmedsonlineinc.com\/se\/","logo":{"@type":"ImageObject","inLanguage":"sv-SE","@id":"https:\/\/globalmedsonlineinc.com\/se\/#\/schema\/logo\/image\/","url":"https:\/\/globalmedsonlineinc.com\/se\/content\/media\/uploads\/sites\/8\/2021\/06\/globalmedsonlineincLogoShop20210630123730.00.png","contentUrl":"https:\/\/globalmedsonlineinc.com\/se\/content\/media\/uploads\/sites\/8\/2021\/06\/globalmedsonlineincLogoShop20210630123730.00.png","width":450,"height":117,"caption":"Global Meds Inc."},"image":{"@id":"https:\/\/globalmedsonlineinc.com\/se\/#\/schema\/logo\/image\/"}}]}},"_links":{"self":[{"href":"https:\/\/globalmedsonlineinc.com\/se\/wp-json\/wp\/v2\/product\/9080","targetHints":{"allow":["GET"]}}],"collection":[{"href":"https:\/\/globalmedsonlineinc.com\/se\/wp-json\/wp\/v2\/product"}],"about":[{"href":"https:\/\/globalmedsonlineinc.com\/se\/wp-json\/wp\/v2\/types\/product"}],"replies":[{"embeddable":true,"href":"https:\/\/globalmedsonlineinc.com\/se\/wp-json\/wp\/v2\/comments?post=9080"}],"wp:featuredmedia":[{"embeddable":true,"href":"https:\/\/globalmedsonlineinc.com\/se\/wp-json\/wp\/v2\/media\/9085"}],"wp:attachment":[{"href":"https:\/\/globalmedsonlineinc.com\/se\/wp-json\/wp\/v2\/media?parent=9080"}],"wp:term":[{"taxonomy":"product_brand","embeddable":true,"href":"https:\/\/globalmedsonlineinc.com\/se\/wp-json\/wp\/v2\/product_brand?post=9080"},{"taxonomy":"product_cat","embeddable":true,"href":"https:\/\/globalmedsonlineinc.com\/se\/wp-json\/wp\/v2\/product_cat?post=9080"},{"taxonomy":"product_tag","embeddable":true,"href":"https:\/\/globalmedsonlineinc.com\/se\/wp-json\/wp\/v2\/product_tag?post=9080"}],"curies":[{"name":"wp","href":"https:\/\/api.w.org\/{rel}","templated":true}]}}