{"id":8984,"date":"2021-06-30T21:00:35","date_gmt":"2021-06-30T21:00:35","guid":{"rendered":"https:\/\/globalmedsonlineinc.com\/se\/?post_type=product&#038;p=8984"},"modified":"2024-02-21T09:40:13","modified_gmt":"2024-02-21T09:40:13","slug":"pentobarbital-natrium-flytande","status":"publish","type":"product","link":"https:\/\/globalmedsonlineinc.com\/se\/product\/nembutal-pentobarbital\/pentobarbital-natrium-flytande\/","title":{"rendered":"Pentobarbital natrium (flytande)"},"content":{"rendered":"<h1 class=\"lRu31\" dir=\"ltr\"><span class=\"HwtZe\" lang=\"sv\"><span class=\"jCAhz ChMk0b\"><span class=\"ryNqvb\">Pentobarbital natrium flytande till salu online<\/span><\/span><\/span><\/h1>\n<div class=\"lRu31\" dir=\"ltr\"><span class=\"HwtZe\" lang=\"sv\"><span class=\"jCAhz ChMk0b\"><span class=\"ryNqvb\"><a href=\"https:\/\/globalmedsonlineinc.com\/se\/product\/nembutal-pentobarbital\/pentobarbital-natrium-flytande\/\">Pentobarbital natrium flytande till salu online<\/a>. <\/span><\/span><\/span><span style=\"font-size: 1rem\">NEMBUTAL natriuml\u00f6sning (pentobarbitalnatriuminjektion) \u00e4r en steril l\u00f6sning f\u00f6r intraven\u00f6s eller intramuskul\u00e4r injektion. Varje mL inneh\u00e5ller pentobarbitalnatrium 50 mg, i ett vehikel av propylenglykol, 40 %, alkohol, 10 % och vatten f\u00f6r injektion, till volym. pH justeras till cirka 9,5 med saltsyra och\/eller natriumhydroxid. Detta l\u00e4kemedel \u00e4r avsett f\u00f6r injektion i en muskel eller en ven. K\u00f6p pentobarbitalnatrium online, Pentobarbital f\u00f6r eutanasi, Pentobarbitalnatriumgrupp, Pentobarbitalnatriumv\u00e4tska, Natriumpentobarbital f\u00f6r eutanasi av djur.<\/span><\/div>\n<p>Natrium pentobarbital k\u00f6p online \u00e4r nu m\u00f6jligt p\u00e5 Global Meds Inc. Du kan nu l\u00e4gga in best\u00e4llning f\u00f6r att k\u00f6pa Pentobarbital Sodium Injection och f\u00e5 det levererat p\u00e5 din adress inom den utlovade tidsramen. Kontakta oss nu! Pentobarbital f\u00f6r eutanasi, Pentobarbital natrium v\u00e4tska, Natriumpentobarbital f\u00f6r eutanasi av djur,<\/p>\n<h6 class=\"tt\">Vad \u00e4r pentobarbital och dess anv\u00e4ndningsomr\u00e5den?<\/h6>\n<p>Pentobarbital \u00e4r en barbiturat som fungerar som ett depressivt eller lugnande medel som anv\u00e4nds kortsiktigt f\u00f6r att behandla s\u00f6mnl\u00f6shet. Pentobarbital anv\u00e4nds ocks\u00e5 som en akut behandling av kramper och f\u00f6r att f\u00e5 patienter att somna inf\u00f6r operationer. K\u00f6p pentobarbital natrium online, Pentobarbital f\u00f6r avlivning, Natrium pentobarbital f\u00f6r avlivning av djur.<\/p>\n<p>I h\u00f6ga doser orsakar pentobarbital d\u00f6d genom andningsstopp. Det anv\u00e4nds f\u00f6r veterin\u00e4r eutanasi och anv\u00e4nds av vissa amerikanska delstater och den amerikanska federala regeringen f\u00f6r avr\u00e4ttningar av d\u00f6mda brottslingar. K\u00f6p pentobarbitalnatrium online<sup id=\"cite_ref-2\" class=\"reference\"><\/sup><\/p>\n<p>Pentobarbital kan orsaka d\u00f6dsfall n\u00e4r det anv\u00e4nds i h\u00f6ga doser. Det anv\u00e4nds f\u00f6r eutanasi f\u00f6r s\u00e5v\u00e4l m\u00e4nniskor som djur. Det anv\u00e4nds ocks\u00e5 ensamt eller i kombination med kompletterande medel som fenytoin i kommersiella injektionsl\u00f6sningar f\u00f6r eutanasi av djur.<\/p>\n<h6>Pentobarbital f\u00f6r eutanasi<\/h6>\n<p>Pentobarbital (Nembutal) \u00e4r ett kortverkande barbiturat som lugnande och hypnotiskt medel och som anv\u00e4nds allm\u00e4nt inom veterin\u00e4rmedicinen f\u00f6r anestesi och eutanasi. Det rekommenderas ocks\u00e5 som ett l\u00e4kemedel f\u00f6r eutanasi eller assisterat sj\u00e4lvmord p\u00e5 grund av dess snabba intr\u00e4de i koma och upplevelsen av en fredlig d\u00f6d. K\u00f6p Pentobarbital Sodium online<\/p>\n<h6>Hur administreras pentobarbitalnatrium?<\/h6>\n<div id=\"_joT9X9X9rQHMb1gQa08rz4CA32\" class=\"gy6Qzb oNjtBb V1sL5c\" aria-labelledby=\"_joT9X9X9rQHMb1gQa08rz4CA33\">\n<div>\n<div id=\"_joT9X9X9rQHMb1gQa08rz4CA34\" class=\"y8URue\" data-hveid=\"CBEQDA\" data-ved=\"2ahUKEwjaz5v_oZbuAhXGesAKHTQ5D48Qu04oAXoECBEQDA\">\n<div class=\"mod\" data-md=\"61\">\n<div class=\"LGOjhe\" role=\"heading\" data-attrid=\"wa:\/description\" data-hveid=\"CAsQAA\"><span class=\"ILfuVd NA6bn\"><span class=\"hgKElc\">Pentobarbital kan administreras intraperitonealt eller intraven\u00f6st. N\u00e4r pentobarbital anv\u00e4nds som allm\u00e4nbed\u00f6vningsmedel kan det administreras som en bolus (Borkowski et al., 1990) eller som CRI. Kommersiella l\u00f6sningar inneh\u00e5ller vanligen propylenglykol, som kan orsaka sm\u00e4rta vid injektion och tromboflebit. K\u00f6p pentobarbitalnatrium online<\/span><\/span><\/div>\n<\/div>\n<div role=\"heading\" data-attrid=\"wa:\/description\" data-hveid=\"CAsQAA\">\n<p><strong>Hur kan jag k\u00f6pa Nembutal online?<\/strong><\/p>\n<p>Att k\u00f6pa Nembutal online \u00e4r alltid ett bra beslut eftersom det hj\u00e4lper dig att spara b\u00e5de pengar och tid. Och det enda p\u00e5litliga s\u00e4ttet att k\u00f6pa Nembutal online \u00e4r att ansluta sig till ett onlineapotek. Ja, du l\u00e4ste r\u00e4tt! Det ska inte vara vilket slumpm\u00e4ssigt apotek som helst utan ett Nembutal-apotek online som har ett gott rykte p\u00e5 onlineplattformen s\u00e5 att du kan f\u00f6rv\u00e4nta dig kvalitetsprodukter av h\u00f6gsta kvalitet och leverans i r\u00e4tt tid fr\u00e5n dem och inte k\u00e4nna n\u00e5gon b\u00f6rda av n\u00e5got slag.<\/p>\n<p>Nembutal-apotek p\u00e5 n\u00e4tet &#8211; ditt enda b\u00e4sta s\u00e4tt att k\u00f6pa Nembutal p\u00e5 n\u00e4tet.<\/p>\n<p>Ett Online Nembutal apotek som v\u00e5rt \u00e4r ett perfekt val n\u00e4r det g\u00e4ller att k\u00f6pa Nembutal online. Med hj\u00e4lp av ett p\u00e5litligt och professionellt apotek kan du k\u00f6pa de b\u00e4sta produkterna och f\u00f6rs\u00e4kra dig om deras effektivitet och s\u00e4kerhetsutsikter.<\/p>\n<p>De professionella apoteken f\u00f6ljer alltid sina plikter och sitt ansvar gentemot kunderna p\u00e5 allvar.Priserna p\u00e5 onlineapoteket f\u00f6r att k\u00f6pa Nembutal eller andra relaterade produkter \u00e4r rimliga och \u00f6verkomliga f\u00f6r alla. Det finns ingen anledning att spendera en f\u00f6rm\u00f6genhet f\u00f6r att k\u00f6pa dessa produkter.<\/p>\n<p>Du kan direkt komma i kontakt med Online Nembutal apoteket via dess officiella hemsida och dela dina best\u00e4llningsuppgifter f\u00f6r Nembutal efter att ha gjort betalningen f\u00f6r samma sak med hj\u00e4lp av de tillg\u00e4ngliga betalningsalternativen.<\/p>\n<p>Teamet av chefer kommer att ta hand om dina best\u00e4llningsuppgifter och f\u00f6rs\u00f6ka slutf\u00f6ra dem s\u00e5 snart som m\u00f6jligt. F\u00f6rpackningsteamet kommer att packa din best\u00e4llning med st\u00f6rsta precision och se till att den inte skadas under transporten.<\/p>\n<p>Om du har fattat ditt beslut att k\u00f6pa Nembutal p\u00e5 n\u00e4tet, kontakta Online Nembutal Pharmacy idag och g\u00f6r din best\u00e4llning. Din best\u00e4llning kommer att slutf\u00f6ras inom kort av teammedlemmarna.<\/p>\n<p>Sj\u00e4lvmord med nembutal \u00e4r det b\u00e4sta utan sm\u00e4rta. vi erbjuder ocks\u00e5 grossist- och detaljhandelspriser, gratis diskret fartyg express \u00f6ver hela v\u00e4rlden. v\u00e4nligen kr\u00e4va oss de produkter som du letar efter d\u00e5 vi kommer att maila dig alla detaljpriser och paket.<\/p>\n<p>Uppn\u00e5 ett bra livsslut med natrium pentobarbital Nembutal K\u00f6p endast fr\u00e5n en legitim och laglig nembutal pentobarbital natrium s\u00e4ljare no Prescription Provider, Vi \u00e4r i den fredliga resolutionen att ge livet information kontaktalternativ f\u00f6r mer information om hur man best\u00e4ller.<\/p>\n<p>Vi \u00e4r ledande i valen vid livets slut Eutanasi \/ assisterat sj\u00e4lvmord av informationen och f\u00f6rsvaret samh\u00e4llet. Vi har andra mediciner, \u00e4ven om de inte n\u00e4mns i den tidigare listan.<\/p>\n<p>Var kan man f\u00e5 tag p\u00e5 nembutal? Hitta en l\u00e4mplig butik eller apotek f\u00f6r att k\u00f6pa Nembutal online? D\u00e5 kommer den h\u00e4r bloggen att hj\u00e4lpa dig att veta allt om det!<\/p>\n<p>Eftersom Nembutal har blivit en omdiskuterad produkt globalt sett har efterfr\u00e5gan \u00f6kat. Det \u00e4r ett bepr\u00f6vat och p\u00e5litligt l\u00e4kemedel som ger lugn hos patienterna.Det anv\u00e4nds ofta f\u00f6r anestesi i medicinsk industri.Det finns i olika former, bland annat pulver, kapslar, tabletter och v\u00e4tska. Och f\u00f6r att k\u00f6pa alla former av Nembutal kan du direkt kontakta ett Nembutal-apotek online. Pentobarbital natrium v\u00e4tska f\u00f6r f\u00f6rs\u00e4ljning online<\/p>\n<p>Uppkomsten av ett antal butiker och apotek har gjort det enkelt och bekv\u00e4mt att k\u00f6pa Nembutal. Tiden var f\u00f6rbi d\u00e5 man brukade k\u00e4mpa riktigt h\u00e5rt f\u00f6r att k\u00f6pa Nembutal i butikerna offline genom att resa kilometer och bara om de finns tillg\u00e4ngliga. Men med tidens och teknikens framsteg har online-l\u00e4get anl\u00e4nt. Du kan enkelt kontakta en n\u00e4tbutik eller ett apotek med hj\u00e4lp av dina enheter direkt p\u00e5 din plats. Det finns inget behov av att resa n\u00e5gonstans l\u00e4ngre.<\/p>\n<p>\u00c4ven om det finns flera butiker som kan hj\u00e4lpa dig att k\u00f6pa Nembutal online blir det viktigt att v\u00e4lja den p\u00e5litliga och trov\u00e4rdiga. Och det kan vara en ganska sv\u00e5r uppgift. Men du beh\u00f6ver inte oroa dig f\u00f6r det. Ankomsten av Online Nembutal Pharmacy f\u00f6rklaras vara en enorm hj\u00e4lp f\u00f6r de m\u00e4nniskor som vill k\u00f6pa Nembutal.<\/p>\n<p>Nembutal-apoteket p\u00e5 onlineplattformen kommer att ge dig <a href=\"https:\/\/en.wikipedia.org\/wiki\/Pentobarbital\">med<\/a> f\u00f6ljande.<\/p>\n<p>Nembutal av god kvalitet: Det \u00e4r helt f\u00f6rst\u00e5tt att m\u00e4nniskor inte snabbt litar p\u00e5 kvaliteten p\u00e5 Nembutal som s\u00e4ljs p\u00e5 n\u00e4tet eftersom de inte kan unders\u00f6ka det fysiskt. Men det \u00e4r inte samma sak med Online Nembutal Pharmacy. Produkterna h\u00e4r \u00e4r trogna sin beskrivning med h\u00f6gkvalitativt underh\u00e5ll som g\u00f6rs under experternas \u00f6verinseende.<\/p>\n<p>Diskret leverans: Leveransen av Nembutal efter mottagandet av best\u00e4llningen sker inom den utlovade tidsramen. Fraktteamet l\u00e4gger all sin m\u00f6da p\u00e5 att g\u00f6ra frakt- och leveransf\u00f6rfarandet smidigt och snabbt. Du kan ocks\u00e5 f\u00f6rv\u00e4nta dig utm\u00e4rkta tj\u00e4nster n\u00e4r du k\u00f6per Nembutal fr\u00e5n proffsen p\u00e5 onlineplattformen.<\/p>\n<\/div>\n<\/div>\n<\/div>\n<\/div>\n","protected":false},"excerpt":{"rendered":"<p>Pentobarbitalnatriuminjektion \u00e4r en steril l\u00f6sning f\u00f6r intraven\u00f6s eller intramuskul\u00e4r injektion. Varje mL inneh\u00e5ller pentobarbitalnatrium 50 mg, i ett vehikel av propylenglykol, 40 %, alkohol, 10 % och vatten f\u00f6r injektion, till volym. pH justeras till cirka 9,5 med saltsyra och\/eller natriumhydroxid.<\/p>\n","protected":false},"featured_media":8996,"comment_status":"closed","ping_status":"closed","template":"","meta":{"_acf_changed":false,"_monsterinsights_skip_tracking":false,"_monsterinsights_sitenote_active":false,"_monsterinsights_sitenote_note":"","_monsterinsights_sitenote_category":0},"product_brand":[],"product_cat":[87],"product_tag":[842,813,815,814,812,808,809,810,811,843,844,847,846,849,845,848,96,97,841,98,816,818,819,820,821,822,823,824,825,817,839,840,827,826,829,830,832,835,833,834,831,836,837,838,828,853,850,851,852,856,854,855],"class_list":{"0":"post-8984","1":"product","2":"type-product","3":"status-publish","4":"has-post-thumbnail","6":"product_cat-nembutal-pentobarbital","7":"product_tag-fenobarbital-natrium-intravenost","8":"product_tag-kan-jag-kopa-pentobarbital","9":"product_tag-kan-man-kopa-natrium-pentobarbital","10":"product_tag-kan-man-kopa-pentobarbital-natrium-over-disk","11":"product_tag-kopa-natrium-pentobarbital-uk","12":"product_tag-kopa-nembutal-pentobarbital-natrium","13":"product_tag-kopa-pentobarbital-natrium","14":"product_tag-kopa-pentobarbital-natrium-2021","15":"product_tag-kopa-pentobarbital-natrium-pentobarbital-natrium-salt","16":"product_tag-natrium","17":"product_tag-natrium-pentobarbital-nembutal","18":"product_tag-natrium-pentobarbital-for-avlivning","19":"product_tag-natrium-pentobarbital-for-avlivning-av-djur","20":"product_tag-natrium-pentobarbital-hallbarhet","21":"product_tag-natrium-pentobarbital-kostnad","22":"product_tag-natrium-pentobarbital-tillverkare","23":"product_tag-nembutal","24":"product_tag-pentobarbital","25":"product_tag-pentobarbital-anvandning","26":"product_tag-pentobarbital-de-sodium-dose-letale","27":"product_tag-pentobarbital-natrium-anestesi","28":"product_tag-pentobarbital-natrium-china","29":"product_tag-pentobarbital-natrium-dod","30":"product_tag-pentobarbital-natrium-dosering","31":"product_tag-pentobarbital-natrium-for-hundar","32":"product_tag-pentobarbital-natrium-for-manniskor","33":"product_tag-pentobarbital-natrium-grupp","34":"product_tag-pentobarbital-natrium-injektion-for-hundar","35":"product_tag-pentobarbital-natrium-injektion-for-manniskor","36":"product_tag-pentobarbital-natrium-kopa","37":"product_tag-pentobarbital-natrium-tabletter","38":"product_tag-pentobarbital-natrium-var-man-kan-kopa","39":"product_tag-pentobarbitalnatrium-injektion-usp","40":"product_tag-pentobarbitalnatrium-injektionslosning","41":"product_tag-pentobarbitalnatrium-nz","42":"product_tag-pentobarbitalnatrium-oralt","43":"product_tag-pentobarbitalnatrium-piller","44":"product_tag-pentobarbitalnatrium-pris","45":"product_tag-pentobarbitalnatrium-pulver","46":"product_tag-pentobarbitalnatrium-recept","47":"product_tag-pentobarbitalnatrium-receptfritt","48":"product_tag-pentobarbitalnatrium-salt","49":"product_tag-pentobarbitalnatrium-somntabletter","50":"product_tag-pentobarbitalnatrium-somntabletter-receptfritt","51":"product_tag-pentobarbitalnatrium-vatska","52":"product_tag-var-kan-jag-kopa-natrium-pentobarbital","53":"product_tag-var-kan-jag-kopa-nembutal-natrium-pentobarbital","54":"product_tag-var-kan-jag-kopa-pentobarbital-natrium","55":"product_tag-var-kan-jag-kopa-pentobarbital-natrium-somnmedel","56":"product_tag-var-kan-man-fa-pentobarbital-natrium","57":"product_tag-var-kan-man-kopa-pentobarbital-natrium","58":"product_tag-var-kan-man-kopa-pentobarbital-natrium-for-hundar","60":"first","61":"instock","62":"shipping-taxable","63":"product-type-grouped"},"acf":[],"yoast_head":"<!-- This site is optimized with the Yoast SEO plugin v27.2 - https:\/\/yoast.com\/product\/yoast-seo-wordpress\/ -->\n<title>Pentobarbital natrium flytande till salu online | Global Meds Inc.<\/title>\n<meta name=\"description\" content=\"Pentobarbital natrium flytande till salu online. Om du letar efter hur man k\u00f6per Pentobarbital Sodium flytande p\u00e5 n\u00e4tet, \u00e4r du p\u00e5 r\u00e4tt st\u00e4lle f\u00f6r att k\u00f6pa Pentobarbital Sodium flytande p\u00e5 n\u00e4tet.\" \/>\n<meta name=\"robots\" content=\"index, follow, max-snippet:-1, max-image-preview:large, max-video-preview:-1\" \/>\n<link rel=\"canonical\" href=\"https:\/\/globalmedsonlineinc.com\/se\/product\/nembutal-pentobarbital\/pentobarbital-natrium-flytande\/\" \/>\n<meta property=\"og:locale\" content=\"sv_SE\" \/>\n<meta property=\"og:type\" content=\"article\" \/>\n<meta property=\"og:title\" content=\"Pentobarbital natrium flytande till salu online | Global Meds Inc.\" \/>\n<meta property=\"og:description\" content=\"Pentobarbital natrium flytande till salu online. Om du letar efter hur man k\u00f6per Pentobarbital Sodium flytande p\u00e5 n\u00e4tet, \u00e4r du p\u00e5 r\u00e4tt st\u00e4lle f\u00f6r att k\u00f6pa Pentobarbital Sodium flytande p\u00e5 n\u00e4tet.\" \/>\n<meta property=\"og:url\" content=\"https:\/\/globalmedsonlineinc.com\/se\/product\/nembutal-pentobarbital\/pentobarbital-natrium-flytande\/\" \/>\n<meta property=\"og:site_name\" content=\"Global Meds Inc\" \/>\n<meta property=\"article:modified_time\" content=\"2024-02-21T09:40:13+00:00\" \/>\n<meta property=\"og:image\" content=\"https:\/\/globalmedsonlineinc.com\/se\/content\/media\/uploads\/sites\/8\/2021\/06\/Buy-Pentobarbital-Sodium-Liquid-Injectable-Online-20210624231650.00.jpg\" \/>\n\t<meta property=\"og:image:width\" content=\"1200\" \/>\n\t<meta property=\"og:image:height\" content=\"1200\" \/>\n\t<meta property=\"og:image:type\" content=\"image\/jpeg\" \/>\n<meta name=\"twitter:card\" content=\"summary_large_image\" \/>\n<meta name=\"twitter:label1\" content=\"Ber\u00e4knad l\u00e4stid\" \/>\n\t<meta name=\"twitter:data1\" content=\"7 minuter\" \/>\n<script type=\"application\/ld+json\" class=\"yoast-schema-graph\">{\"@context\":\"https:\/\/schema.org\",\"@graph\":[{\"@type\":\"WebPage\",\"@id\":\"https:\/\/globalmedsonlineinc.com\/se\/product\/nembutal-pentobarbital\/pentobarbital-natrium-flytande\/\",\"url\":\"https:\/\/globalmedsonlineinc.com\/se\/product\/nembutal-pentobarbital\/pentobarbital-natrium-flytande\/\",\"name\":\"Pentobarbital natrium flytande till salu online | Global Meds Inc.\",\"isPartOf\":{\"@id\":\"https:\/\/globalmedsonlineinc.com\/se\/#website\"},\"primaryImageOfPage\":{\"@id\":\"https:\/\/globalmedsonlineinc.com\/se\/product\/nembutal-pentobarbital\/pentobarbital-natrium-flytande\/#primaryimage\"},\"image\":{\"@id\":\"https:\/\/globalmedsonlineinc.com\/se\/product\/nembutal-pentobarbital\/pentobarbital-natrium-flytande\/#primaryimage\"},\"thumbnailUrl\":\"https:\/\/globalmedsonlineinc.com\/se\/content\/media\/uploads\/sites\/8\/2021\/06\/Buy-Pentobarbital-Sodium-Liquid-Injectable-Online-20210624231650.00.jpg\",\"datePublished\":\"2021-06-30T21:00:35+00:00\",\"dateModified\":\"2024-02-21T09:40:13+00:00\",\"description\":\"Pentobarbital natrium flytande till salu online. Om du letar efter hur man k\u00f6per Pentobarbital Sodium flytande p\u00e5 n\u00e4tet, \u00e4r du p\u00e5 r\u00e4tt st\u00e4lle f\u00f6r att k\u00f6pa Pentobarbital Sodium flytande p\u00e5 n\u00e4tet.\",\"breadcrumb\":{\"@id\":\"https:\/\/globalmedsonlineinc.com\/se\/product\/nembutal-pentobarbital\/pentobarbital-natrium-flytande\/#breadcrumb\"},\"inLanguage\":\"sv-SE\",\"potentialAction\":[{\"@type\":\"ReadAction\",\"target\":[\"https:\/\/globalmedsonlineinc.com\/se\/product\/nembutal-pentobarbital\/pentobarbital-natrium-flytande\/\"]}]},{\"@type\":\"ImageObject\",\"inLanguage\":\"sv-SE\",\"@id\":\"https:\/\/globalmedsonlineinc.com\/se\/product\/nembutal-pentobarbital\/pentobarbital-natrium-flytande\/#primaryimage\",\"url\":\"https:\/\/globalmedsonlineinc.com\/se\/content\/media\/uploads\/sites\/8\/2021\/06\/Buy-Pentobarbital-Sodium-Liquid-Injectable-Online-20210624231650.00.jpg\",\"contentUrl\":\"https:\/\/globalmedsonlineinc.com\/se\/content\/media\/uploads\/sites\/8\/2021\/06\/Buy-Pentobarbital-Sodium-Liquid-Injectable-Online-20210624231650.00.jpg\",\"width\":1200,\"height\":1200,\"caption\":\"Pentobarbital natrium flytande till salu online\"},{\"@type\":\"BreadcrumbList\",\"@id\":\"https:\/\/globalmedsonlineinc.com\/se\/product\/nembutal-pentobarbital\/pentobarbital-natrium-flytande\/#breadcrumb\",\"itemListElement\":[{\"@type\":\"ListItem\",\"position\":1,\"name\":\"Home\",\"item\":\"https:\/\/globalmedsonlineinc.com\/se\/\"},{\"@type\":\"ListItem\",\"position\":2,\"name\":\"Produkter\",\"item\":\"https:\/\/globalmedsonlineinc.com\/se\/produkter\/\"},{\"@type\":\"ListItem\",\"position\":3,\"name\":\"Pentobarbital natrium (flytande)\"}]},{\"@type\":\"WebSite\",\"@id\":\"https:\/\/globalmedsonlineinc.com\/se\/#website\",\"url\":\"https:\/\/globalmedsonlineinc.com\/se\/\",\"name\":\"Global Meds Inc\",\"description\":\"\",\"publisher\":{\"@id\":\"https:\/\/globalmedsonlineinc.com\/se\/#organization\"},\"potentialAction\":[{\"@type\":\"SearchAction\",\"target\":{\"@type\":\"EntryPoint\",\"urlTemplate\":\"https:\/\/globalmedsonlineinc.com\/se\/?s={search_term_string}\"},\"query-input\":{\"@type\":\"PropertyValueSpecification\",\"valueRequired\":true,\"valueName\":\"search_term_string\"}}],\"inLanguage\":\"sv-SE\"},{\"@type\":\"Organization\",\"@id\":\"https:\/\/globalmedsonlineinc.com\/se\/#organization\",\"name\":\"Global Meds Inc.\",\"url\":\"https:\/\/globalmedsonlineinc.com\/se\/\",\"logo\":{\"@type\":\"ImageObject\",\"inLanguage\":\"sv-SE\",\"@id\":\"https:\/\/globalmedsonlineinc.com\/se\/#\/schema\/logo\/image\/\",\"url\":\"https:\/\/globalmedsonlineinc.com\/se\/content\/media\/uploads\/sites\/8\/2021\/06\/globalmedsonlineincLogoShop20210630123730.00.png\",\"contentUrl\":\"https:\/\/globalmedsonlineinc.com\/se\/content\/media\/uploads\/sites\/8\/2021\/06\/globalmedsonlineincLogoShop20210630123730.00.png\",\"width\":450,\"height\":117,\"caption\":\"Global Meds Inc.\"},\"image\":{\"@id\":\"https:\/\/globalmedsonlineinc.com\/se\/#\/schema\/logo\/image\/\"}}]}<\/script>\n<!-- \/ Yoast SEO plugin. -->","yoast_head_json":{"title":"Pentobarbital natrium flytande till salu online | Global Meds Inc.","description":"Pentobarbital natrium flytande till salu online. Om du letar efter hur man k\u00f6per Pentobarbital Sodium flytande p\u00e5 n\u00e4tet, \u00e4r du p\u00e5 r\u00e4tt st\u00e4lle f\u00f6r att k\u00f6pa Pentobarbital Sodium flytande p\u00e5 n\u00e4tet.","robots":{"index":"index","follow":"follow","max-snippet":"max-snippet:-1","max-image-preview":"max-image-preview:large","max-video-preview":"max-video-preview:-1"},"canonical":"https:\/\/globalmedsonlineinc.com\/se\/product\/nembutal-pentobarbital\/pentobarbital-natrium-flytande\/","og_locale":"sv_SE","og_type":"article","og_title":"Pentobarbital natrium flytande till salu online | Global Meds Inc.","og_description":"Pentobarbital natrium flytande till salu online. Om du letar efter hur man k\u00f6per Pentobarbital Sodium flytande p\u00e5 n\u00e4tet, \u00e4r du p\u00e5 r\u00e4tt st\u00e4lle f\u00f6r att k\u00f6pa Pentobarbital Sodium flytande p\u00e5 n\u00e4tet.","og_url":"https:\/\/globalmedsonlineinc.com\/se\/product\/nembutal-pentobarbital\/pentobarbital-natrium-flytande\/","og_site_name":"Global Meds Inc","article_modified_time":"2024-02-21T09:40:13+00:00","og_image":[{"width":1200,"height":1200,"url":"https:\/\/globalmedsonlineinc.com\/se\/content\/media\/uploads\/sites\/8\/2021\/06\/Buy-Pentobarbital-Sodium-Liquid-Injectable-Online-20210624231650.00.jpg","type":"image\/jpeg"}],"twitter_card":"summary_large_image","twitter_misc":{"Ber\u00e4knad l\u00e4stid":"7 minuter"},"schema":{"@context":"https:\/\/schema.org","@graph":[{"@type":"WebPage","@id":"https:\/\/globalmedsonlineinc.com\/se\/product\/nembutal-pentobarbital\/pentobarbital-natrium-flytande\/","url":"https:\/\/globalmedsonlineinc.com\/se\/product\/nembutal-pentobarbital\/pentobarbital-natrium-flytande\/","name":"Pentobarbital natrium flytande till salu online | Global Meds Inc.","isPartOf":{"@id":"https:\/\/globalmedsonlineinc.com\/se\/#website"},"primaryImageOfPage":{"@id":"https:\/\/globalmedsonlineinc.com\/se\/product\/nembutal-pentobarbital\/pentobarbital-natrium-flytande\/#primaryimage"},"image":{"@id":"https:\/\/globalmedsonlineinc.com\/se\/product\/nembutal-pentobarbital\/pentobarbital-natrium-flytande\/#primaryimage"},"thumbnailUrl":"https:\/\/globalmedsonlineinc.com\/se\/content\/media\/uploads\/sites\/8\/2021\/06\/Buy-Pentobarbital-Sodium-Liquid-Injectable-Online-20210624231650.00.jpg","datePublished":"2021-06-30T21:00:35+00:00","dateModified":"2024-02-21T09:40:13+00:00","description":"Pentobarbital natrium flytande till salu online. Om du letar efter hur man k\u00f6per Pentobarbital Sodium flytande p\u00e5 n\u00e4tet, \u00e4r du p\u00e5 r\u00e4tt st\u00e4lle f\u00f6r att k\u00f6pa Pentobarbital Sodium flytande p\u00e5 n\u00e4tet.","breadcrumb":{"@id":"https:\/\/globalmedsonlineinc.com\/se\/product\/nembutal-pentobarbital\/pentobarbital-natrium-flytande\/#breadcrumb"},"inLanguage":"sv-SE","potentialAction":[{"@type":"ReadAction","target":["https:\/\/globalmedsonlineinc.com\/se\/product\/nembutal-pentobarbital\/pentobarbital-natrium-flytande\/"]}]},{"@type":"ImageObject","inLanguage":"sv-SE","@id":"https:\/\/globalmedsonlineinc.com\/se\/product\/nembutal-pentobarbital\/pentobarbital-natrium-flytande\/#primaryimage","url":"https:\/\/globalmedsonlineinc.com\/se\/content\/media\/uploads\/sites\/8\/2021\/06\/Buy-Pentobarbital-Sodium-Liquid-Injectable-Online-20210624231650.00.jpg","contentUrl":"https:\/\/globalmedsonlineinc.com\/se\/content\/media\/uploads\/sites\/8\/2021\/06\/Buy-Pentobarbital-Sodium-Liquid-Injectable-Online-20210624231650.00.jpg","width":1200,"height":1200,"caption":"Pentobarbital natrium flytande till salu online"},{"@type":"BreadcrumbList","@id":"https:\/\/globalmedsonlineinc.com\/se\/product\/nembutal-pentobarbital\/pentobarbital-natrium-flytande\/#breadcrumb","itemListElement":[{"@type":"ListItem","position":1,"name":"Home","item":"https:\/\/globalmedsonlineinc.com\/se\/"},{"@type":"ListItem","position":2,"name":"Produkter","item":"https:\/\/globalmedsonlineinc.com\/se\/produkter\/"},{"@type":"ListItem","position":3,"name":"Pentobarbital natrium (flytande)"}]},{"@type":"WebSite","@id":"https:\/\/globalmedsonlineinc.com\/se\/#website","url":"https:\/\/globalmedsonlineinc.com\/se\/","name":"Global Meds Inc","description":"","publisher":{"@id":"https:\/\/globalmedsonlineinc.com\/se\/#organization"},"potentialAction":[{"@type":"SearchAction","target":{"@type":"EntryPoint","urlTemplate":"https:\/\/globalmedsonlineinc.com\/se\/?s={search_term_string}"},"query-input":{"@type":"PropertyValueSpecification","valueRequired":true,"valueName":"search_term_string"}}],"inLanguage":"sv-SE"},{"@type":"Organization","@id":"https:\/\/globalmedsonlineinc.com\/se\/#organization","name":"Global Meds Inc.","url":"https:\/\/globalmedsonlineinc.com\/se\/","logo":{"@type":"ImageObject","inLanguage":"sv-SE","@id":"https:\/\/globalmedsonlineinc.com\/se\/#\/schema\/logo\/image\/","url":"https:\/\/globalmedsonlineinc.com\/se\/content\/media\/uploads\/sites\/8\/2021\/06\/globalmedsonlineincLogoShop20210630123730.00.png","contentUrl":"https:\/\/globalmedsonlineinc.com\/se\/content\/media\/uploads\/sites\/8\/2021\/06\/globalmedsonlineincLogoShop20210630123730.00.png","width":450,"height":117,"caption":"Global Meds Inc."},"image":{"@id":"https:\/\/globalmedsonlineinc.com\/se\/#\/schema\/logo\/image\/"}}]}},"_links":{"self":[{"href":"https:\/\/globalmedsonlineinc.com\/se\/wp-json\/wp\/v2\/product\/8984","targetHints":{"allow":["GET"]}}],"collection":[{"href":"https:\/\/globalmedsonlineinc.com\/se\/wp-json\/wp\/v2\/product"}],"about":[{"href":"https:\/\/globalmedsonlineinc.com\/se\/wp-json\/wp\/v2\/types\/product"}],"replies":[{"embeddable":true,"href":"https:\/\/globalmedsonlineinc.com\/se\/wp-json\/wp\/v2\/comments?post=8984"}],"wp:featuredmedia":[{"embeddable":true,"href":"https:\/\/globalmedsonlineinc.com\/se\/wp-json\/wp\/v2\/media\/8996"}],"wp:attachment":[{"href":"https:\/\/globalmedsonlineinc.com\/se\/wp-json\/wp\/v2\/media?parent=8984"}],"wp:term":[{"taxonomy":"product_brand","embeddable":true,"href":"https:\/\/globalmedsonlineinc.com\/se\/wp-json\/wp\/v2\/product_brand?post=8984"},{"taxonomy":"product_cat","embeddable":true,"href":"https:\/\/globalmedsonlineinc.com\/se\/wp-json\/wp\/v2\/product_cat?post=8984"},{"taxonomy":"product_tag","embeddable":true,"href":"https:\/\/globalmedsonlineinc.com\/se\/wp-json\/wp\/v2\/product_tag?post=8984"}],"curies":[{"name":"wp","href":"https:\/\/api.w.org\/{rel}","templated":true}]}}