{"id":8978,"date":"2021-06-30T20:58:46","date_gmt":"2021-06-30T20:58:46","guid":{"rendered":"https:\/\/globalmedsonlineinc.com\/se\/?post_type=product&#038;p=8978"},"modified":"2024-02-21T09:42:31","modified_gmt":"2024-02-21T09:42:31","slug":"kop-fenobarbital-fenobarbital-luminal","status":"publish","type":"product","link":"https:\/\/globalmedsonlineinc.com\/se\/product\/nembutal-pentobarbital\/kop-fenobarbital-fenobarbital-luminal\/","title":{"rendered":"K\u00f6p fenobarbital (fenobarbital) \/ Luminal"},"content":{"rendered":"<h1 class=\"lRu31\" dir=\"ltr\"><span class=\"HwtZe\" lang=\"sv\"><span class=\"jCAhz ChMk0b\"><span class=\"ryNqvb\">Fenobarbitaltabletter till salu online<\/span><\/span><\/span><\/h1>\n<p class=\"lRu31\" dir=\"ltr\"><span class=\"HwtZe\" lang=\"sv\"><span class=\"jCAhz ChMk0b\"><span class=\"ryNqvb\"><a href=\"https:\/\/globalmedsonlineinc.com\/se\/product\/nembutal-pentobarbital\/kop-fenobarbital-fenobarbital-luminal\/\">Fenobarbitaltabletter till salu online<\/a>. <\/span><\/span><\/span><span style=\"font-size: 1rem\">Global Meds Inc \u00e4r ett p\u00e5litligt apotek som <\/span><a href=\"https:\/\/en.wikipedia.org\/wiki\/Phenobarbital\">hj\u00e4lper<\/a><span style=\"font-size: 1rem\"> m\u00e4nniskor att f\u00e5 sina l\u00e4kemedel och droger p\u00e5 ett bekv\u00e4mt s\u00e4tt. Om du \u00e4r villig att k\u00f6pa Phenobarbital Luminal online, missa inte n\u00e5gon chans att bes\u00f6ka oss online. Vi s\u00e4ljer detta l\u00e4kemedel till \u00f6verkomliga priser h\u00e4r.<\/span><\/p>\n<p>V\u00e5rt onlineapotek har varit konsekvent i att f\u00f6rse kunderna med l\u00e4kemedel av h\u00f6gsta kvalitet. Alla l\u00e4kemedel levereras h\u00e4r inom den tid som tilldelats kunderna. Vi underh\u00e5ller inga f\u00f6rseningar i v\u00e5rt arbete och \u00e4r snabba med varje behandling. Om du letar efter ett onlineapotek som vi, anslut dig till oss idag och best\u00e4ll att k\u00f6pa Phenobarbital Luminal online till b\u00e4sta pris och f\u00e5 det levererat snart!<\/p>\n<h6 class=\"tt\">Hur kan vi hj\u00e4lpa dig att anv\u00e4nda Phenobarbital Luminal p\u00e5 ett s\u00e4kert s\u00e4tt?<\/h6>\n<p>Fenobarbital Luminal \u00e4r ett effektivt l\u00e4kemedel som anv\u00e4nds ofta f\u00f6r att kontrollera vissa typer av anfall. Du kan ocks\u00e5 anv\u00e4nda detta l\u00e4kemedel f\u00f6r behandling av \u00e5ngest, s\u00f6mnproblem och annat. Det \u00e4r mycket viktigt att prata med din l\u00e4kare innan du anv\u00e4nder detta l\u00e4kemedel. Prata med din l\u00e4kare f\u00f6r att f\u00e5 fullst\u00e4ndig information och p\u00e5b\u00f6rja sedan medicineringen av Phenobarbital Luminal.<\/p>\n<p>V\u00e5rt onlineapotek ger en l\u00e4kemedelsguide tillsammans med alla produkter. D\u00e4rf\u00f6r kan du f\u00f6lja anvisningarna och anv\u00e4nda dig av detta l\u00e4kemedel p\u00e5 ett s\u00e4kert s\u00e4tt. vi \u00e4r h\u00e4r f\u00f6r att hj\u00e4lpa dig att k\u00f6pa Phenobarbital Luminal online p\u00e5 ett enkelt s\u00e4tt. N\u00e5 oss idag och utnyttja f\u00f6rdelarna med detta l\u00e4kemedel. Vi \u00e4r h\u00e4r f\u00f6r att betj\u00e4na dig med konsekvent st\u00f6d.<\/p>\n<p>Bra kvalitet Phenobarbital Luminal online online: Det \u00e4r helt f\u00f6rst\u00e5tt att m\u00e4nniskor inte snabbt litar p\u00e5 kvaliteten p\u00e5 Phenobarbital Luminal online som s\u00e4ljs online eftersom de inte kan unders\u00f6ka det fysiskt. Men det \u00e4r inte samma sak med Online Phenobarbital Luminal online leverant\u00f6rer. Produkterna h\u00e4r \u00e4r trogna sin beskrivning med h\u00f6gkvalitativt underh\u00e5ll som g\u00f6rs under experternas \u00f6verinseende.<\/p>\n<p>Snabb &amp; amp; Diskret leverans: Leveransen av Phenobarbital Luminal online efter mottagandet av best\u00e4llningen sker inom den utlovade tidsramen. Fraktteamet l\u00e4gger all sin kraft p\u00e5 att g\u00f6ra frakt- och leveransf\u00f6rfarandet smidigt och snabbt. Du kan ocks\u00e5 f\u00f6rv\u00e4nta dig utm\u00e4rkta tj\u00e4nster n\u00e4r du k\u00f6per Phenobarbital Luminal online fr\u00e5n proffsen p\u00e5 onlineplattformen.<\/p>\n","protected":false},"excerpt":{"rendered":"<p><strong>Var kan jag k\u00f6pa Phenobarbital Luminal till b\u00e4sta pris?<\/strong><\/p>\n<p>Du kan nu g\u00f6ra ink\u00f6p f\u00f6r Phenobarbital Luminal p\u00e5 Online Nembutal Pharmacy. Din best\u00e4llning till Phenobarbital Luminal till salu kommer att genomf\u00f6ras p\u00e5 kortast m\u00f6jliga tid. Allt du beh\u00f6ver g\u00f6ra \u00e4r att sl\u00e5 oss ett samtal, sms eller e-post idag och f\u00e5 dina l\u00e4kemedel levererade snart. Anslut nu!<\/p>\n","protected":false},"featured_media":8995,"comment_status":"closed","ping_status":"closed","template":"","meta":{"_acf_changed":false,"_monsterinsights_skip_tracking":false,"_monsterinsights_sitenote_active":false,"_monsterinsights_sitenote_note":"","_monsterinsights_sitenote_category":0},"product_brand":[],"product_cat":[87],"product_tag":[],"class_list":{"0":"post-8978","1":"product","2":"type-product","3":"status-publish","4":"has-post-thumbnail","6":"product_cat-nembutal-pentobarbital","8":"first","9":"instock","10":"shipping-taxable","11":"purchasable","12":"product-type-variable","13":"has-default-attributes"},"acf":[],"yoast_head":"<!-- This site is optimized with the Yoast SEO plugin v27.2 - https:\/\/yoast.com\/product\/yoast-seo-wordpress\/ -->\n<title>Fenobarbitaltabletter till salu online | Global Meds Inc.<\/title>\n<meta name=\"description\" content=\"Fenobarbitaltabletter till salu online. Vi s\u00e4ljer fenobarbitaltabletter av b\u00e4sta kvalitet. Kontakta oss g\u00e4rna f\u00f6r mer information och priser.\" \/>\n<meta name=\"robots\" content=\"index, follow, max-snippet:-1, max-image-preview:large, max-video-preview:-1\" \/>\n<link rel=\"canonical\" href=\"https:\/\/globalmedsonlineinc.com\/se\/product\/nembutal-pentobarbital\/kop-fenobarbital-fenobarbital-luminal\/\" \/>\n<meta property=\"og:locale\" content=\"sv_SE\" \/>\n<meta property=\"og:type\" content=\"article\" \/>\n<meta property=\"og:title\" content=\"Fenobarbitaltabletter till salu online | Global Meds Inc.\" \/>\n<meta property=\"og:description\" content=\"Fenobarbitaltabletter till salu online. Vi s\u00e4ljer fenobarbitaltabletter av b\u00e4sta kvalitet. Kontakta oss g\u00e4rna f\u00f6r mer information och priser.\" \/>\n<meta property=\"og:url\" content=\"https:\/\/globalmedsonlineinc.com\/se\/product\/nembutal-pentobarbital\/kop-fenobarbital-fenobarbital-luminal\/\" \/>\n<meta property=\"og:site_name\" content=\"Global Meds Inc\" \/>\n<meta property=\"article:modified_time\" content=\"2024-02-21T09:42:31+00:00\" \/>\n<meta property=\"og:image\" content=\"https:\/\/globalmedsonlineinc.com\/se\/content\/media\/uploads\/sites\/8\/2021\/06\/PhenobarbitalLuminal.jpg\" \/>\n\t<meta property=\"og:image:width\" content=\"600\" \/>\n\t<meta property=\"og:image:height\" content=\"600\" \/>\n\t<meta property=\"og:image:type\" content=\"image\/jpeg\" \/>\n<meta name=\"twitter:card\" content=\"summary_large_image\" \/>\n<meta name=\"twitter:label1\" content=\"Ber\u00e4knad l\u00e4stid\" \/>\n\t<meta name=\"twitter:data1\" content=\"3 minuter\" \/>\n<script type=\"application\/ld+json\" class=\"yoast-schema-graph\">{\"@context\":\"https:\/\/schema.org\",\"@graph\":[{\"@type\":\"WebPage\",\"@id\":\"https:\/\/globalmedsonlineinc.com\/se\/product\/nembutal-pentobarbital\/kop-fenobarbital-fenobarbital-luminal\/\",\"url\":\"https:\/\/globalmedsonlineinc.com\/se\/product\/nembutal-pentobarbital\/kop-fenobarbital-fenobarbital-luminal\/\",\"name\":\"Fenobarbitaltabletter till salu online | Global Meds Inc.\",\"isPartOf\":{\"@id\":\"https:\/\/globalmedsonlineinc.com\/se\/#website\"},\"primaryImageOfPage\":{\"@id\":\"https:\/\/globalmedsonlineinc.com\/se\/product\/nembutal-pentobarbital\/kop-fenobarbital-fenobarbital-luminal\/#primaryimage\"},\"image\":{\"@id\":\"https:\/\/globalmedsonlineinc.com\/se\/product\/nembutal-pentobarbital\/kop-fenobarbital-fenobarbital-luminal\/#primaryimage\"},\"thumbnailUrl\":\"https:\/\/globalmedsonlineinc.com\/se\/content\/media\/uploads\/sites\/8\/2021\/06\/PhenobarbitalLuminal.jpg\",\"datePublished\":\"2021-06-30T20:58:46+00:00\",\"dateModified\":\"2024-02-21T09:42:31+00:00\",\"description\":\"Fenobarbitaltabletter till salu online. Vi s\u00e4ljer fenobarbitaltabletter av b\u00e4sta kvalitet. Kontakta oss g\u00e4rna f\u00f6r mer information och priser.\",\"breadcrumb\":{\"@id\":\"https:\/\/globalmedsonlineinc.com\/se\/product\/nembutal-pentobarbital\/kop-fenobarbital-fenobarbital-luminal\/#breadcrumb\"},\"inLanguage\":\"sv-SE\",\"potentialAction\":[{\"@type\":\"ReadAction\",\"target\":[\"https:\/\/globalmedsonlineinc.com\/se\/product\/nembutal-pentobarbital\/kop-fenobarbital-fenobarbital-luminal\/\"]}]},{\"@type\":\"ImageObject\",\"inLanguage\":\"sv-SE\",\"@id\":\"https:\/\/globalmedsonlineinc.com\/se\/product\/nembutal-pentobarbital\/kop-fenobarbital-fenobarbital-luminal\/#primaryimage\",\"url\":\"https:\/\/globalmedsonlineinc.com\/se\/content\/media\/uploads\/sites\/8\/2021\/06\/PhenobarbitalLuminal.jpg\",\"contentUrl\":\"https:\/\/globalmedsonlineinc.com\/se\/content\/media\/uploads\/sites\/8\/2021\/06\/PhenobarbitalLuminal.jpg\",\"width\":600,\"height\":600,\"caption\":\"Fenobarbitaltabletter till salu online\"},{\"@type\":\"BreadcrumbList\",\"@id\":\"https:\/\/globalmedsonlineinc.com\/se\/product\/nembutal-pentobarbital\/kop-fenobarbital-fenobarbital-luminal\/#breadcrumb\",\"itemListElement\":[{\"@type\":\"ListItem\",\"position\":1,\"name\":\"Home\",\"item\":\"https:\/\/globalmedsonlineinc.com\/se\/\"},{\"@type\":\"ListItem\",\"position\":2,\"name\":\"Produkter\",\"item\":\"https:\/\/globalmedsonlineinc.com\/se\/produkter\/\"},{\"@type\":\"ListItem\",\"position\":3,\"name\":\"K\u00f6p fenobarbital (fenobarbital) \/ Luminal\"}]},{\"@type\":\"WebSite\",\"@id\":\"https:\/\/globalmedsonlineinc.com\/se\/#website\",\"url\":\"https:\/\/globalmedsonlineinc.com\/se\/\",\"name\":\"Global Meds Inc\",\"description\":\"\",\"publisher\":{\"@id\":\"https:\/\/globalmedsonlineinc.com\/se\/#organization\"},\"potentialAction\":[{\"@type\":\"SearchAction\",\"target\":{\"@type\":\"EntryPoint\",\"urlTemplate\":\"https:\/\/globalmedsonlineinc.com\/se\/?s={search_term_string}\"},\"query-input\":{\"@type\":\"PropertyValueSpecification\",\"valueRequired\":true,\"valueName\":\"search_term_string\"}}],\"inLanguage\":\"sv-SE\"},{\"@type\":\"Organization\",\"@id\":\"https:\/\/globalmedsonlineinc.com\/se\/#organization\",\"name\":\"Global Meds Inc.\",\"url\":\"https:\/\/globalmedsonlineinc.com\/se\/\",\"logo\":{\"@type\":\"ImageObject\",\"inLanguage\":\"sv-SE\",\"@id\":\"https:\/\/globalmedsonlineinc.com\/se\/#\/schema\/logo\/image\/\",\"url\":\"https:\/\/globalmedsonlineinc.com\/se\/content\/media\/uploads\/sites\/8\/2021\/06\/globalmedsonlineincLogoShop20210630123730.00.png\",\"contentUrl\":\"https:\/\/globalmedsonlineinc.com\/se\/content\/media\/uploads\/sites\/8\/2021\/06\/globalmedsonlineincLogoShop20210630123730.00.png\",\"width\":450,\"height\":117,\"caption\":\"Global Meds Inc.\"},\"image\":{\"@id\":\"https:\/\/globalmedsonlineinc.com\/se\/#\/schema\/logo\/image\/\"}}]}<\/script>\n<!-- \/ Yoast SEO plugin. -->","yoast_head_json":{"title":"Fenobarbitaltabletter till salu online | Global Meds Inc.","description":"Fenobarbitaltabletter till salu online. Vi s\u00e4ljer fenobarbitaltabletter av b\u00e4sta kvalitet. Kontakta oss g\u00e4rna f\u00f6r mer information och priser.","robots":{"index":"index","follow":"follow","max-snippet":"max-snippet:-1","max-image-preview":"max-image-preview:large","max-video-preview":"max-video-preview:-1"},"canonical":"https:\/\/globalmedsonlineinc.com\/se\/product\/nembutal-pentobarbital\/kop-fenobarbital-fenobarbital-luminal\/","og_locale":"sv_SE","og_type":"article","og_title":"Fenobarbitaltabletter till salu online | Global Meds Inc.","og_description":"Fenobarbitaltabletter till salu online. Vi s\u00e4ljer fenobarbitaltabletter av b\u00e4sta kvalitet. Kontakta oss g\u00e4rna f\u00f6r mer information och priser.","og_url":"https:\/\/globalmedsonlineinc.com\/se\/product\/nembutal-pentobarbital\/kop-fenobarbital-fenobarbital-luminal\/","og_site_name":"Global Meds Inc","article_modified_time":"2024-02-21T09:42:31+00:00","og_image":[{"width":600,"height":600,"url":"https:\/\/globalmedsonlineinc.com\/se\/content\/media\/uploads\/sites\/8\/2021\/06\/PhenobarbitalLuminal.jpg","type":"image\/jpeg"}],"twitter_card":"summary_large_image","twitter_misc":{"Ber\u00e4knad l\u00e4stid":"3 minuter"},"schema":{"@context":"https:\/\/schema.org","@graph":[{"@type":"WebPage","@id":"https:\/\/globalmedsonlineinc.com\/se\/product\/nembutal-pentobarbital\/kop-fenobarbital-fenobarbital-luminal\/","url":"https:\/\/globalmedsonlineinc.com\/se\/product\/nembutal-pentobarbital\/kop-fenobarbital-fenobarbital-luminal\/","name":"Fenobarbitaltabletter till salu online | Global Meds Inc.","isPartOf":{"@id":"https:\/\/globalmedsonlineinc.com\/se\/#website"},"primaryImageOfPage":{"@id":"https:\/\/globalmedsonlineinc.com\/se\/product\/nembutal-pentobarbital\/kop-fenobarbital-fenobarbital-luminal\/#primaryimage"},"image":{"@id":"https:\/\/globalmedsonlineinc.com\/se\/product\/nembutal-pentobarbital\/kop-fenobarbital-fenobarbital-luminal\/#primaryimage"},"thumbnailUrl":"https:\/\/globalmedsonlineinc.com\/se\/content\/media\/uploads\/sites\/8\/2021\/06\/PhenobarbitalLuminal.jpg","datePublished":"2021-06-30T20:58:46+00:00","dateModified":"2024-02-21T09:42:31+00:00","description":"Fenobarbitaltabletter till salu online. Vi s\u00e4ljer fenobarbitaltabletter av b\u00e4sta kvalitet. Kontakta oss g\u00e4rna f\u00f6r mer information och priser.","breadcrumb":{"@id":"https:\/\/globalmedsonlineinc.com\/se\/product\/nembutal-pentobarbital\/kop-fenobarbital-fenobarbital-luminal\/#breadcrumb"},"inLanguage":"sv-SE","potentialAction":[{"@type":"ReadAction","target":["https:\/\/globalmedsonlineinc.com\/se\/product\/nembutal-pentobarbital\/kop-fenobarbital-fenobarbital-luminal\/"]}]},{"@type":"ImageObject","inLanguage":"sv-SE","@id":"https:\/\/globalmedsonlineinc.com\/se\/product\/nembutal-pentobarbital\/kop-fenobarbital-fenobarbital-luminal\/#primaryimage","url":"https:\/\/globalmedsonlineinc.com\/se\/content\/media\/uploads\/sites\/8\/2021\/06\/PhenobarbitalLuminal.jpg","contentUrl":"https:\/\/globalmedsonlineinc.com\/se\/content\/media\/uploads\/sites\/8\/2021\/06\/PhenobarbitalLuminal.jpg","width":600,"height":600,"caption":"Fenobarbitaltabletter till salu online"},{"@type":"BreadcrumbList","@id":"https:\/\/globalmedsonlineinc.com\/se\/product\/nembutal-pentobarbital\/kop-fenobarbital-fenobarbital-luminal\/#breadcrumb","itemListElement":[{"@type":"ListItem","position":1,"name":"Home","item":"https:\/\/globalmedsonlineinc.com\/se\/"},{"@type":"ListItem","position":2,"name":"Produkter","item":"https:\/\/globalmedsonlineinc.com\/se\/produkter\/"},{"@type":"ListItem","position":3,"name":"K\u00f6p fenobarbital (fenobarbital) \/ Luminal"}]},{"@type":"WebSite","@id":"https:\/\/globalmedsonlineinc.com\/se\/#website","url":"https:\/\/globalmedsonlineinc.com\/se\/","name":"Global Meds Inc","description":"","publisher":{"@id":"https:\/\/globalmedsonlineinc.com\/se\/#organization"},"potentialAction":[{"@type":"SearchAction","target":{"@type":"EntryPoint","urlTemplate":"https:\/\/globalmedsonlineinc.com\/se\/?s={search_term_string}"},"query-input":{"@type":"PropertyValueSpecification","valueRequired":true,"valueName":"search_term_string"}}],"inLanguage":"sv-SE"},{"@type":"Organization","@id":"https:\/\/globalmedsonlineinc.com\/se\/#organization","name":"Global Meds Inc.","url":"https:\/\/globalmedsonlineinc.com\/se\/","logo":{"@type":"ImageObject","inLanguage":"sv-SE","@id":"https:\/\/globalmedsonlineinc.com\/se\/#\/schema\/logo\/image\/","url":"https:\/\/globalmedsonlineinc.com\/se\/content\/media\/uploads\/sites\/8\/2021\/06\/globalmedsonlineincLogoShop20210630123730.00.png","contentUrl":"https:\/\/globalmedsonlineinc.com\/se\/content\/media\/uploads\/sites\/8\/2021\/06\/globalmedsonlineincLogoShop20210630123730.00.png","width":450,"height":117,"caption":"Global Meds Inc."},"image":{"@id":"https:\/\/globalmedsonlineinc.com\/se\/#\/schema\/logo\/image\/"}}]}},"_links":{"self":[{"href":"https:\/\/globalmedsonlineinc.com\/se\/wp-json\/wp\/v2\/product\/8978","targetHints":{"allow":["GET"]}}],"collection":[{"href":"https:\/\/globalmedsonlineinc.com\/se\/wp-json\/wp\/v2\/product"}],"about":[{"href":"https:\/\/globalmedsonlineinc.com\/se\/wp-json\/wp\/v2\/types\/product"}],"replies":[{"embeddable":true,"href":"https:\/\/globalmedsonlineinc.com\/se\/wp-json\/wp\/v2\/comments?post=8978"}],"wp:featuredmedia":[{"embeddable":true,"href":"https:\/\/globalmedsonlineinc.com\/se\/wp-json\/wp\/v2\/media\/8995"}],"wp:attachment":[{"href":"https:\/\/globalmedsonlineinc.com\/se\/wp-json\/wp\/v2\/media?parent=8978"}],"wp:term":[{"taxonomy":"product_brand","embeddable":true,"href":"https:\/\/globalmedsonlineinc.com\/se\/wp-json\/wp\/v2\/product_brand?post=8978"},{"taxonomy":"product_cat","embeddable":true,"href":"https:\/\/globalmedsonlineinc.com\/se\/wp-json\/wp\/v2\/product_cat?post=8978"},{"taxonomy":"product_tag","embeddable":true,"href":"https:\/\/globalmedsonlineinc.com\/se\/wp-json\/wp\/v2\/product_tag?post=8978"}],"curies":[{"name":"wp","href":"https:\/\/api.w.org\/{rel}","templated":true}]}}