{"id":8973,"date":"2021-06-30T20:56:09","date_gmt":"2021-06-30T20:56:09","guid":{"rendered":"https:\/\/globalmedsonlineinc.com\/se\/?post_type=product&#038;p=8973"},"modified":"2024-02-21T09:44:24","modified_gmt":"2024-02-21T09:44:24","slug":"buy-seconal-sodium","status":"publish","type":"product","link":"https:\/\/globalmedsonlineinc.com\/se\/product\/nembutal-pentobarbital\/buy-seconal-sodium\/","title":{"rendered":"K\u00f6p Seconal Sodium online"},"content":{"rendered":"<h1 class=\"lRu31\" dir=\"ltr\"><span class=\"HwtZe\" lang=\"sv\"><span class=\"jCAhz ChMk0b\"><span class=\"ryNqvb\">Seconal natrium till salu online<\/span><\/span><\/span><\/h1>\n<div class=\"lRu31\" dir=\"ltr\"><span class=\"HwtZe\" lang=\"sv\"><span class=\"jCAhz ChMk0b\"><span class=\"ryNqvb\"><a href=\"https:\/\/globalmedsonlineinc.com\/se\/product\/nembutal-pentobarbital\/buy-seconal-sodium\/\">Seconal natrium till salu online<\/a>. <\/span><\/span><\/span><span style=\"font-size: 1rem\">Global Meds Inc \u00e4r nu tillg\u00e4nglig med Seconal Sodium till de b\u00e4sta priserna. Om du vill k\u00f6pa Seconal Sodium online, sl\u00e5 dina krav p\u00e5 v\u00e5rt onlineapotek idag och f\u00e5 dem utf\u00f6rda inom en kort tidsperiod. Allt du beh\u00f6ver g\u00f6ra \u00e4r att best\u00e4lla Seconal Sodium och v\u00e5ra teammedlemmar kommer att f\u00f6rbereda och packa det f\u00f6r dig f\u00f6ljt av snabb leverans. Vi \u00e4r ett professionellt och p\u00e5litligt apotek som har arbetat konsekvent i denna bransch i \u00e5rtionden. Du kan r\u00e4kna med oss n\u00e4r det g\u00e4ller att f\u00e5 l\u00e4kemedel av b\u00e4sta kvalitet och det ocks\u00e5 inom den angivna tidsperioden.<\/span><\/div>\n<h6 class=\"tt\">Vad kan Seconal Sodium ge dig? Varf\u00f6r v\u00e4lja oss f\u00f6r att k\u00f6pa det?<\/h6>\n<p>Seconal Sodium anv\u00e4nds f\u00f6r att lugna dig strax f\u00f6re en operation. Seconal Sodium har en plats med en klass av l\u00e4kemedel som kallas barbiturat hypnotika. Det fungerar genom att p\u00e5verka vissa delar av hj\u00e4rnan f\u00f6r att lugna dig. \u00c4ldre vuxna b\u00f6r prata om riskerna och f\u00f6rdelarna med detta l\u00e4kemedel med sin l\u00e4kare eller l\u00e4kemedelsspecialist, precis som andra kraftfulla och m\u00f6jligen s\u00e4krare behandlingar. L\u00e4s igenom l\u00e4kemedelsguiden som tillhandah\u00e5lls tillsammans med produkten av v\u00e5rt onlineapotek innan du b\u00f6rjar ta Seconal Sodium och varje g\u00e5ng du f\u00e5r en p\u00e5fyllning. Om du har n\u00e5gra fr\u00e5gor, r\u00e5dg\u00f6r med din l\u00e4kare eller l\u00e4kemedelsspecialist. Ta detta l\u00e4kemedel genom munnen p\u00e5 en ofylld mage som koordineras av din l\u00e4kare f\u00f6re operation.<\/p>\n<p><strong>Seconal Sodium anv\u00e4nds uteslutande f\u00f6r f\u00f6ljande tillst\u00e5nd:<\/strong><\/p>\n<ul>\n<li>till\u00e4gglig lokalbed\u00f6vning<\/li>\n<li>till\u00e4ggsmedel f\u00f6r att framkalla allm\u00e4n anestesi<\/li>\n<\/ul>\n<p>Seconal Sodium Secobarbital till salu p\u00e5 Online Nembutal Pharmacy och vi kommer att leverera samma p\u00e5 din \u00f6nskade plats s\u00e5 snart som m\u00f6jligt. L\u00e5t oss betj\u00e4na dig p\u00e5 b\u00e4sta m\u00f6jliga s\u00e4tt. Du kan helt f\u00f6rlita dig p\u00e5 v\u00e5rt Online Nembutal apotek och f\u00f6rv\u00e4nta dig det b\u00e4sta fr\u00e5n oss. Vi \u00e4r alltid tillg\u00e4ngliga f\u00f6r v\u00e5ra betydande kunder f\u00f6r att \u00e5stadkomma deras behov och krav. Kontakta oss med en g\u00e5ng!<\/p>\n<p>God kvalitet Seconal Sodium online: Det \u00e4r helt f\u00f6rst\u00e5tt att m\u00e4nniskor inte snabbt litar p\u00e5 kvaliteten p\u00e5 Seconal Sodium online som s\u00e4ljs p\u00e5 n\u00e4tet eftersom de inte kan unders\u00f6ka det fysiskt. Men det \u00e4r inte samma sak med Online Seconal Sodium online leverant\u00f6rer. Produkterna h\u00e4r \u00e4r trogna sin beskrivning med h\u00f6gkvalitativt underh\u00e5ll som g\u00f6rs under experternas \u00f6verinseende.<\/p>\n<p>Snabb &amp; amp; Diskret leverans: Leveransen av Seconal Sodium online efter att ha mottagit best\u00e4llningen sker inom den utlovade tidsramen. Fraktteamet l\u00e4gger all sin m\u00f6da p\u00e5 att g\u00f6ra frakt- och leveransf\u00f6rfarandet smidigt och snabbt. Du kan ocks\u00e5 f\u00f6rv\u00e4nta dig utm\u00e4rkta tj\u00e4nster n\u00e4r du k\u00f6per Seconal Sodium online fr\u00e5n proffsen p\u00e5 onlineplattformen.<\/p>\n","protected":false},"excerpt":{"rendered":"<p><strong>Har du kontakt med Nembutal-apotek online<\/strong>?<\/p>\n<p>Online Nembutal Pharmacy \u00e4r tillg\u00e4ngligt f\u00f6r alla m\u00e4nniskor globalt. Du kan n\u00e5 oss n\u00e4r som helst, var som helst. Vi svarar alltid p\u00e5 v\u00e5ra kunder inom n\u00e5gra \u00f6gonblick och hj\u00e4lper dem med sina fr\u00e5gor. N\u00e4r vi har f\u00e5tt best\u00e4llningsuppgifterna fr\u00e5n dig b\u00f6rjar vi f\u00f6rpackning av samma i n\u00e4sta \u00f6gonblick. Vi ser till att alla l\u00e4kemedel n\u00e5r v\u00e5ra kunder i en s\u00e4ker och korrekt f\u00f6rpackning utan att bli skadade.Med oss beh\u00f6ver du varken oroa dig f\u00f6r l\u00e4kemedlens kvalitet eller leveransstatus. Vi \u00e4r n\u00e4rvarande f\u00f6r att ta allt ansvar. Du kommer bara att f\u00e5 det b\u00e4sta f\u00f6r din h\u00e4lsa h\u00e4rifr\u00e5n. Du kan ge ett samtal, e-post eller sms till oss. K\u00f6p Seconal Sodium Secobarbital 100mg idag och f\u00e5 det levererat p\u00e5 kort tid fr\u00e5n Online Nembutal Pharmacy.<\/p>\n","protected":false},"featured_media":8994,"comment_status":"closed","ping_status":"closed","template":"","meta":{"_acf_changed":false,"_monsterinsights_skip_tracking":false,"_monsterinsights_sitenote_active":false,"_monsterinsights_sitenote_note":"","_monsterinsights_sitenote_category":0},"product_brand":[],"product_cat":[87],"product_tag":[],"class_list":{"0":"post-8973","1":"product","2":"type-product","3":"status-publish","4":"has-post-thumbnail","6":"product_cat-nembutal-pentobarbital","8":"first","9":"instock","10":"shipping-taxable","11":"purchasable","12":"product-type-variable","13":"has-default-attributes"},"acf":[],"yoast_head":"<!-- This site is optimized with the Yoast SEO plugin v27.2 - https:\/\/yoast.com\/product\/yoast-seo-wordpress\/ -->\n<title>Seconal natrium till salu onlinet - Global Meds Inc.<\/title>\n<meta name=\"description\" content=\"Seconal natrium till salu online. Vi s\u00e4ljer Seconal natrium av b\u00e4sta kvalitet. Kontakta oss g\u00e4rna f\u00f6r mer information och priser.\" \/>\n<meta name=\"robots\" content=\"index, follow, max-snippet:-1, max-image-preview:large, max-video-preview:-1\" \/>\n<link rel=\"canonical\" href=\"https:\/\/globalmedsonlineinc.com\/se\/product\/nembutal-pentobarbital\/buy-seconal-sodium\/\" \/>\n<meta property=\"og:locale\" content=\"sv_SE\" \/>\n<meta property=\"og:type\" content=\"article\" \/>\n<meta property=\"og:title\" content=\"Seconal natrium till salu onlinet - Global Meds Inc.\" \/>\n<meta property=\"og:description\" content=\"Seconal natrium till salu online. Vi s\u00e4ljer Seconal natrium av b\u00e4sta kvalitet. Kontakta oss g\u00e4rna f\u00f6r mer information och priser.\" \/>\n<meta property=\"og:url\" content=\"https:\/\/globalmedsonlineinc.com\/se\/product\/nembutal-pentobarbital\/buy-seconal-sodium\/\" \/>\n<meta property=\"og:site_name\" content=\"Global Meds Inc\" \/>\n<meta property=\"article:modified_time\" content=\"2024-02-21T09:44:24+00:00\" \/>\n<meta property=\"og:image\" content=\"https:\/\/globalmedsonlineinc.com\/se\/content\/media\/uploads\/sites\/8\/2021\/06\/seconal-sodium.jpg\" \/>\n\t<meta property=\"og:image:width\" content=\"600\" \/>\n\t<meta property=\"og:image:height\" content=\"600\" \/>\n\t<meta property=\"og:image:type\" content=\"image\/jpeg\" \/>\n<meta name=\"twitter:card\" content=\"summary_large_image\" \/>\n<meta name=\"twitter:label1\" content=\"Ber\u00e4knad l\u00e4stid\" \/>\n\t<meta name=\"twitter:data1\" content=\"3 minuter\" \/>\n<script type=\"application\/ld+json\" class=\"yoast-schema-graph\">{\"@context\":\"https:\/\/schema.org\",\"@graph\":[{\"@type\":\"WebPage\",\"@id\":\"https:\/\/globalmedsonlineinc.com\/se\/product\/nembutal-pentobarbital\/buy-seconal-sodium\/\",\"url\":\"https:\/\/globalmedsonlineinc.com\/se\/product\/nembutal-pentobarbital\/buy-seconal-sodium\/\",\"name\":\"Seconal natrium till salu onlinet - Global Meds Inc.\",\"isPartOf\":{\"@id\":\"https:\/\/globalmedsonlineinc.com\/se\/#website\"},\"primaryImageOfPage\":{\"@id\":\"https:\/\/globalmedsonlineinc.com\/se\/product\/nembutal-pentobarbital\/buy-seconal-sodium\/#primaryimage\"},\"image\":{\"@id\":\"https:\/\/globalmedsonlineinc.com\/se\/product\/nembutal-pentobarbital\/buy-seconal-sodium\/#primaryimage\"},\"thumbnailUrl\":\"https:\/\/globalmedsonlineinc.com\/se\/content\/media\/uploads\/sites\/8\/2021\/06\/seconal-sodium.jpg\",\"datePublished\":\"2021-06-30T20:56:09+00:00\",\"dateModified\":\"2024-02-21T09:44:24+00:00\",\"description\":\"Seconal natrium till salu online. Vi s\u00e4ljer Seconal natrium av b\u00e4sta kvalitet. Kontakta oss g\u00e4rna f\u00f6r mer information och priser.\",\"breadcrumb\":{\"@id\":\"https:\/\/globalmedsonlineinc.com\/se\/product\/nembutal-pentobarbital\/buy-seconal-sodium\/#breadcrumb\"},\"inLanguage\":\"sv-SE\",\"potentialAction\":[{\"@type\":\"ReadAction\",\"target\":[\"https:\/\/globalmedsonlineinc.com\/se\/product\/nembutal-pentobarbital\/buy-seconal-sodium\/\"]}]},{\"@type\":\"ImageObject\",\"inLanguage\":\"sv-SE\",\"@id\":\"https:\/\/globalmedsonlineinc.com\/se\/product\/nembutal-pentobarbital\/buy-seconal-sodium\/#primaryimage\",\"url\":\"https:\/\/globalmedsonlineinc.com\/se\/content\/media\/uploads\/sites\/8\/2021\/06\/seconal-sodium.jpg\",\"contentUrl\":\"https:\/\/globalmedsonlineinc.com\/se\/content\/media\/uploads\/sites\/8\/2021\/06\/seconal-sodium.jpg\",\"width\":600,\"height\":600,\"caption\":\"Seconal natrium till salu online\"},{\"@type\":\"BreadcrumbList\",\"@id\":\"https:\/\/globalmedsonlineinc.com\/se\/product\/nembutal-pentobarbital\/buy-seconal-sodium\/#breadcrumb\",\"itemListElement\":[{\"@type\":\"ListItem\",\"position\":1,\"name\":\"Home\",\"item\":\"https:\/\/globalmedsonlineinc.com\/se\/\"},{\"@type\":\"ListItem\",\"position\":2,\"name\":\"Produkter\",\"item\":\"https:\/\/globalmedsonlineinc.com\/se\/produkter\/\"},{\"@type\":\"ListItem\",\"position\":3,\"name\":\"K\u00f6p Seconal Sodium online\"}]},{\"@type\":\"WebSite\",\"@id\":\"https:\/\/globalmedsonlineinc.com\/se\/#website\",\"url\":\"https:\/\/globalmedsonlineinc.com\/se\/\",\"name\":\"Global Meds Inc\",\"description\":\"\",\"publisher\":{\"@id\":\"https:\/\/globalmedsonlineinc.com\/se\/#organization\"},\"potentialAction\":[{\"@type\":\"SearchAction\",\"target\":{\"@type\":\"EntryPoint\",\"urlTemplate\":\"https:\/\/globalmedsonlineinc.com\/se\/?s={search_term_string}\"},\"query-input\":{\"@type\":\"PropertyValueSpecification\",\"valueRequired\":true,\"valueName\":\"search_term_string\"}}],\"inLanguage\":\"sv-SE\"},{\"@type\":\"Organization\",\"@id\":\"https:\/\/globalmedsonlineinc.com\/se\/#organization\",\"name\":\"Global Meds Inc.\",\"url\":\"https:\/\/globalmedsonlineinc.com\/se\/\",\"logo\":{\"@type\":\"ImageObject\",\"inLanguage\":\"sv-SE\",\"@id\":\"https:\/\/globalmedsonlineinc.com\/se\/#\/schema\/logo\/image\/\",\"url\":\"https:\/\/globalmedsonlineinc.com\/se\/content\/media\/uploads\/sites\/8\/2021\/06\/globalmedsonlineincLogoShop20210630123730.00.png\",\"contentUrl\":\"https:\/\/globalmedsonlineinc.com\/se\/content\/media\/uploads\/sites\/8\/2021\/06\/globalmedsonlineincLogoShop20210630123730.00.png\",\"width\":450,\"height\":117,\"caption\":\"Global Meds Inc.\"},\"image\":{\"@id\":\"https:\/\/globalmedsonlineinc.com\/se\/#\/schema\/logo\/image\/\"}}]}<\/script>\n<!-- \/ Yoast SEO plugin. -->","yoast_head_json":{"title":"Seconal natrium till salu onlinet - Global Meds Inc.","description":"Seconal natrium till salu online. Vi s\u00e4ljer Seconal natrium av b\u00e4sta kvalitet. Kontakta oss g\u00e4rna f\u00f6r mer information och priser.","robots":{"index":"index","follow":"follow","max-snippet":"max-snippet:-1","max-image-preview":"max-image-preview:large","max-video-preview":"max-video-preview:-1"},"canonical":"https:\/\/globalmedsonlineinc.com\/se\/product\/nembutal-pentobarbital\/buy-seconal-sodium\/","og_locale":"sv_SE","og_type":"article","og_title":"Seconal natrium till salu onlinet - Global Meds Inc.","og_description":"Seconal natrium till salu online. Vi s\u00e4ljer Seconal natrium av b\u00e4sta kvalitet. Kontakta oss g\u00e4rna f\u00f6r mer information och priser.","og_url":"https:\/\/globalmedsonlineinc.com\/se\/product\/nembutal-pentobarbital\/buy-seconal-sodium\/","og_site_name":"Global Meds Inc","article_modified_time":"2024-02-21T09:44:24+00:00","og_image":[{"width":600,"height":600,"url":"https:\/\/globalmedsonlineinc.com\/se\/content\/media\/uploads\/sites\/8\/2021\/06\/seconal-sodium.jpg","type":"image\/jpeg"}],"twitter_card":"summary_large_image","twitter_misc":{"Ber\u00e4knad l\u00e4stid":"3 minuter"},"schema":{"@context":"https:\/\/schema.org","@graph":[{"@type":"WebPage","@id":"https:\/\/globalmedsonlineinc.com\/se\/product\/nembutal-pentobarbital\/buy-seconal-sodium\/","url":"https:\/\/globalmedsonlineinc.com\/se\/product\/nembutal-pentobarbital\/buy-seconal-sodium\/","name":"Seconal natrium till salu onlinet - Global Meds Inc.","isPartOf":{"@id":"https:\/\/globalmedsonlineinc.com\/se\/#website"},"primaryImageOfPage":{"@id":"https:\/\/globalmedsonlineinc.com\/se\/product\/nembutal-pentobarbital\/buy-seconal-sodium\/#primaryimage"},"image":{"@id":"https:\/\/globalmedsonlineinc.com\/se\/product\/nembutal-pentobarbital\/buy-seconal-sodium\/#primaryimage"},"thumbnailUrl":"https:\/\/globalmedsonlineinc.com\/se\/content\/media\/uploads\/sites\/8\/2021\/06\/seconal-sodium.jpg","datePublished":"2021-06-30T20:56:09+00:00","dateModified":"2024-02-21T09:44:24+00:00","description":"Seconal natrium till salu online. Vi s\u00e4ljer Seconal natrium av b\u00e4sta kvalitet. Kontakta oss g\u00e4rna f\u00f6r mer information och priser.","breadcrumb":{"@id":"https:\/\/globalmedsonlineinc.com\/se\/product\/nembutal-pentobarbital\/buy-seconal-sodium\/#breadcrumb"},"inLanguage":"sv-SE","potentialAction":[{"@type":"ReadAction","target":["https:\/\/globalmedsonlineinc.com\/se\/product\/nembutal-pentobarbital\/buy-seconal-sodium\/"]}]},{"@type":"ImageObject","inLanguage":"sv-SE","@id":"https:\/\/globalmedsonlineinc.com\/se\/product\/nembutal-pentobarbital\/buy-seconal-sodium\/#primaryimage","url":"https:\/\/globalmedsonlineinc.com\/se\/content\/media\/uploads\/sites\/8\/2021\/06\/seconal-sodium.jpg","contentUrl":"https:\/\/globalmedsonlineinc.com\/se\/content\/media\/uploads\/sites\/8\/2021\/06\/seconal-sodium.jpg","width":600,"height":600,"caption":"Seconal natrium till salu online"},{"@type":"BreadcrumbList","@id":"https:\/\/globalmedsonlineinc.com\/se\/product\/nembutal-pentobarbital\/buy-seconal-sodium\/#breadcrumb","itemListElement":[{"@type":"ListItem","position":1,"name":"Home","item":"https:\/\/globalmedsonlineinc.com\/se\/"},{"@type":"ListItem","position":2,"name":"Produkter","item":"https:\/\/globalmedsonlineinc.com\/se\/produkter\/"},{"@type":"ListItem","position":3,"name":"K\u00f6p Seconal Sodium online"}]},{"@type":"WebSite","@id":"https:\/\/globalmedsonlineinc.com\/se\/#website","url":"https:\/\/globalmedsonlineinc.com\/se\/","name":"Global Meds Inc","description":"","publisher":{"@id":"https:\/\/globalmedsonlineinc.com\/se\/#organization"},"potentialAction":[{"@type":"SearchAction","target":{"@type":"EntryPoint","urlTemplate":"https:\/\/globalmedsonlineinc.com\/se\/?s={search_term_string}"},"query-input":{"@type":"PropertyValueSpecification","valueRequired":true,"valueName":"search_term_string"}}],"inLanguage":"sv-SE"},{"@type":"Organization","@id":"https:\/\/globalmedsonlineinc.com\/se\/#organization","name":"Global Meds Inc.","url":"https:\/\/globalmedsonlineinc.com\/se\/","logo":{"@type":"ImageObject","inLanguage":"sv-SE","@id":"https:\/\/globalmedsonlineinc.com\/se\/#\/schema\/logo\/image\/","url":"https:\/\/globalmedsonlineinc.com\/se\/content\/media\/uploads\/sites\/8\/2021\/06\/globalmedsonlineincLogoShop20210630123730.00.png","contentUrl":"https:\/\/globalmedsonlineinc.com\/se\/content\/media\/uploads\/sites\/8\/2021\/06\/globalmedsonlineincLogoShop20210630123730.00.png","width":450,"height":117,"caption":"Global Meds Inc."},"image":{"@id":"https:\/\/globalmedsonlineinc.com\/se\/#\/schema\/logo\/image\/"}}]}},"_links":{"self":[{"href":"https:\/\/globalmedsonlineinc.com\/se\/wp-json\/wp\/v2\/product\/8973","targetHints":{"allow":["GET"]}}],"collection":[{"href":"https:\/\/globalmedsonlineinc.com\/se\/wp-json\/wp\/v2\/product"}],"about":[{"href":"https:\/\/globalmedsonlineinc.com\/se\/wp-json\/wp\/v2\/types\/product"}],"replies":[{"embeddable":true,"href":"https:\/\/globalmedsonlineinc.com\/se\/wp-json\/wp\/v2\/comments?post=8973"}],"wp:featuredmedia":[{"embeddable":true,"href":"https:\/\/globalmedsonlineinc.com\/se\/wp-json\/wp\/v2\/media\/8994"}],"wp:attachment":[{"href":"https:\/\/globalmedsonlineinc.com\/se\/wp-json\/wp\/v2\/media?parent=8973"}],"wp:term":[{"taxonomy":"product_brand","embeddable":true,"href":"https:\/\/globalmedsonlineinc.com\/se\/wp-json\/wp\/v2\/product_brand?post=8973"},{"taxonomy":"product_cat","embeddable":true,"href":"https:\/\/globalmedsonlineinc.com\/se\/wp-json\/wp\/v2\/product_cat?post=8973"},{"taxonomy":"product_tag","embeddable":true,"href":"https:\/\/globalmedsonlineinc.com\/se\/wp-json\/wp\/v2\/product_tag?post=8973"}],"curies":[{"name":"wp","href":"https:\/\/api.w.org\/{rel}","templated":true}]}}