{"id":8927,"date":"2021-06-30T20:43:54","date_gmt":"2021-06-30T20:43:54","guid":{"rendered":"https:\/\/globalmedsonlineinc.com\/se\/?post_type=product&#038;p=8927"},"modified":"2024-02-21T09:46:22","modified_gmt":"2024-02-21T09:46:22","slug":"kop-pentobarbital-sodium-liquid-oral-online","status":"publish","type":"product","link":"https:\/\/globalmedsonlineinc.com\/se\/product\/nembutal-pentobarbital\/kop-pentobarbital-sodium-liquid-oral-online\/","title":{"rendered":"K\u00f6p Pentobarbital Natrium (V\u00e4tska) (Oral) Online"},"content":{"rendered":"<h1 class=\"lRu31\" dir=\"ltr\"><span class=\"HwtZe\" lang=\"sv\"><span class=\"jCAhz ChMk0b\"><span class=\"ryNqvb\">Pentobarbitalnatrium oral v\u00e4tska till salu online<\/span><\/span><\/span><\/h1>\n<div class=\"lRu31\" dir=\"ltr\"><a href=\"https:\/\/globalmedsonlineinc.com\/se\/product\/nembutal-pentobarbital\/kop-pentobarbital-sodium-liquid-oral-online\/\"><span class=\"HwtZe\" lang=\"sv\"><span class=\"jCAhz ChMk0b\"><span class=\"ryNqvb\">Pentobarbitalnatrium oral v\u00e4tska till salu online<\/span><\/span><\/span><\/a><span style=\"font-size: 1rem\">. NEMBUTAL natriuml\u00f6sning (pentobarbitalnatriuminjektion) \u00e4r en steril l\u00f6sning f\u00f6r intraven\u00f6s eller intramuskul\u00e4r injektion. Varje mL inneh\u00e5ller pentobarbitalnatrium 50 mg, i ett vehikel av propylenglykol, 40 %, alkohol, 10 % och vatten f\u00f6r injektion, till volym. pH justeras till cirka 9,5 med saltsyra <\/span><a href=\"https:\/\/en.wikipedia.org\/wiki\/Pentobarbital\">och<\/a><span style=\"font-size: 1rem\">\/eller natriumhydroxid. Detta l\u00e4kemedel \u00e4r avsett f\u00f6r injektion i en muskel eller en ven. K\u00f6p pentobarbitalnatrium online, Pentobarbital f\u00f6r avlivning, Pentobarbitalnatriumgrupp, Pentobarbitalnatriumv\u00e4tska, Natriumpentobarbital f\u00f6r avlivning av djur.<\/span><\/div>\n<p>Natrium pentobarbital k\u00f6p online \u00e4r nu m\u00f6jligt p\u00e5 Nembutal Group. Du kan nu l\u00e4gga in best\u00e4llning f\u00f6r att k\u00f6pa Pentobarbital Sodium Injection och f\u00e5 det levererat p\u00e5 din adress inom den utlovade tidsramen. Kontakta oss nu! Pentobarbital f\u00f6r avlivning, Pentobarbital natrium v\u00e4tska, Natriumpentobarbital f\u00f6r avlivning av djur,<\/p>\n<p class=\"tt\"><strong>Vad \u00e4r pentobarbital och dess anv\u00e4ndningsomr\u00e5den?<\/strong><\/p>\n<p>Pentobarbital \u00e4r en barbiturat som fungerar som ett depressivt eller lugnande medel som anv\u00e4nds kortsiktigt f\u00f6r att behandla s\u00f6mnl\u00f6shet. Pentobarbital anv\u00e4nds ocks\u00e5 som en akut behandling av kramper och f\u00f6r att f\u00e5 patienter att somna inf\u00f6r operationer. K\u00f6p pentobarbital natrium online, Pentobarbital f\u00f6r avlivning, Natrium pentobarbital f\u00f6r avlivning av djur.<\/p>\n<p>I h\u00f6ga doser orsakar pentobarbital d\u00f6d genom andningsstopp. Det anv\u00e4nds f\u00f6r veterin\u00e4r eutanasi och anv\u00e4nds av vissa amerikanska delstater och den amerikanska federala regeringen f\u00f6r avr\u00e4ttningar av d\u00f6mda brottslingar. K\u00f6p pentobarbitalnatrium online<sup id=\"cite_ref-2\" class=\"reference\"><\/sup><\/p>\n<p>Pentobarbital kan orsaka d\u00f6dsfall n\u00e4r det anv\u00e4nds i h\u00f6ga doser. Det anv\u00e4nds f\u00f6r eutanasi f\u00f6r s\u00e5v\u00e4l m\u00e4nniskor som djur. Det anv\u00e4nds ocks\u00e5 ensamt eller i kombination med kompletterande medel, t.ex. fenytoin, i kommersiella injektionsl\u00f6sningar f\u00f6r eutanasi av djur.<\/p>\n<p><strong>Pentobarbital f\u00f6r eutanasi<\/strong><\/p>\n<p>Pentobarbital (Nembutal) \u00e4r ett kortverkande barbiturat som lugnande och hypnotiskt medel och anv\u00e4nds ofta inom veterin\u00e4rmedicinen f\u00f6r anestesi och eutanasi. Det rekommenderas ocks\u00e5 som ett l\u00e4kemedel f\u00f6r eutanasi eller assisterat sj\u00e4lvmord p\u00e5 grund av dess snabba intr\u00e4de i koma och upplevelsen av en fredlig d\u00f6d. K\u00f6p Pentobarbital Sodium online<\/p>\n<p><strong>Hur administreras pentobarbitalnatrium?<\/strong><\/p>\n<div id=\"_joT9X9X9rQHMb1gQa08rz4CA32\" class=\"gy6Qzb oNjtBb V1sL5c\" aria-labelledby=\"_joT9X9X9rQHMb1gQa08rz4CA33\">\n<div>\n<div id=\"_joT9X9X9rQHMb1gQa08rz4CA34\" class=\"y8URue\" data-hveid=\"CBEQDA\" data-ved=\"2ahUKEwjaz5v_oZbuAhXGesAKHTQ5D48Qu04oAXoECBEQDA\">\n<div class=\"mod\" data-md=\"61\">\n<div class=\"LGOjhe\" role=\"heading\" data-attrid=\"wa:\/description\" data-hveid=\"CAsQAA\"><span class=\"ILfuVd NA6bn\"><span class=\"hgKElc\">Pentobarbital kan administreras intraperitonealt eller intraven\u00f6st. N\u00e4r pentobarbital anv\u00e4nds som allm\u00e4nbed\u00f6vningsmedel kan det administreras som en bolus (Borkowski et al., 1990) eller som CRI. Kommersiella l\u00f6sningar inneh\u00e5ller vanligen propylenglykol, som kan orsaka sm\u00e4rta vid injektion och tromboflebit. K\u00f6p pentobarbitalnatrium online<\/span><\/span><\/div>\n<\/div>\n<\/div>\n<\/div>\n<\/div>\n","protected":false},"excerpt":{"rendered":"<p>Pentobarbitalnatriuminjektion \u00e4r en steril l\u00f6sning f\u00f6r intraven\u00f6s eller intramuskul\u00e4r injektion. Varje mL inneh\u00e5ller pentobarbitalnatrium 50 mg, i ett vehikel av propylenglykol, 40 %, alkohol, 10 % och vatten f\u00f6r injektion, till volym. pH justeras till cirka 9,5 med saltsyra och\/eller natriumhydroxid.<\/p>\n","protected":false},"featured_media":8969,"comment_status":"open","ping_status":"closed","template":"","meta":{"_acf_changed":false,"_monsterinsights_skip_tracking":false,"_monsterinsights_sitenote_active":false,"_monsterinsights_sitenote_note":"","_monsterinsights_sitenote_category":0},"product_brand":[],"product_cat":[87],"product_tag":[842,813,815,814,812,808,809,810,811,843,844,847,846,849,845,848,96,97,841,98,816,818,819,820,821,822,823,824,825,817,839,840,827,826,829,830,832,835,833,834,831,836,837,838,828,853,850,851,852,856,854,855],"class_list":{"0":"post-8927","1":"product","2":"type-product","3":"status-publish","4":"has-post-thumbnail","6":"product_cat-nembutal-pentobarbital","7":"product_tag-fenobarbital-natrium-intravenost","8":"product_tag-kan-jag-kopa-pentobarbital","9":"product_tag-kan-man-kopa-natrium-pentobarbital","10":"product_tag-kan-man-kopa-pentobarbital-natrium-over-disk","11":"product_tag-kopa-natrium-pentobarbital-uk","12":"product_tag-kopa-nembutal-pentobarbital-natrium","13":"product_tag-kopa-pentobarbital-natrium","14":"product_tag-kopa-pentobarbital-natrium-2021","15":"product_tag-kopa-pentobarbital-natrium-pentobarbital-natrium-salt","16":"product_tag-natrium","17":"product_tag-natrium-pentobarbital-nembutal","18":"product_tag-natrium-pentobarbital-for-avlivning","19":"product_tag-natrium-pentobarbital-for-avlivning-av-djur","20":"product_tag-natrium-pentobarbital-hallbarhet","21":"product_tag-natrium-pentobarbital-kostnad","22":"product_tag-natrium-pentobarbital-tillverkare","23":"product_tag-nembutal","24":"product_tag-pentobarbital","25":"product_tag-pentobarbital-anvandning","26":"product_tag-pentobarbital-de-sodium-dose-letale","27":"product_tag-pentobarbital-natrium-anestesi","28":"product_tag-pentobarbital-natrium-china","29":"product_tag-pentobarbital-natrium-dod","30":"product_tag-pentobarbital-natrium-dosering","31":"product_tag-pentobarbital-natrium-for-hundar","32":"product_tag-pentobarbital-natrium-for-manniskor","33":"product_tag-pentobarbital-natrium-grupp","34":"product_tag-pentobarbital-natrium-injektion-for-hundar","35":"product_tag-pentobarbital-natrium-injektion-for-manniskor","36":"product_tag-pentobarbital-natrium-kopa","37":"product_tag-pentobarbital-natrium-tabletter","38":"product_tag-pentobarbital-natrium-var-man-kan-kopa","39":"product_tag-pentobarbitalnatrium-injektion-usp","40":"product_tag-pentobarbitalnatrium-injektionslosning","41":"product_tag-pentobarbitalnatrium-nz","42":"product_tag-pentobarbitalnatrium-oralt","43":"product_tag-pentobarbitalnatrium-piller","44":"product_tag-pentobarbitalnatrium-pris","45":"product_tag-pentobarbitalnatrium-pulver","46":"product_tag-pentobarbitalnatrium-recept","47":"product_tag-pentobarbitalnatrium-receptfritt","48":"product_tag-pentobarbitalnatrium-salt","49":"product_tag-pentobarbitalnatrium-somntabletter","50":"product_tag-pentobarbitalnatrium-somntabletter-receptfritt","51":"product_tag-pentobarbitalnatrium-vatska","52":"product_tag-var-kan-jag-kopa-natrium-pentobarbital","53":"product_tag-var-kan-jag-kopa-nembutal-natrium-pentobarbital","54":"product_tag-var-kan-jag-kopa-pentobarbital-natrium","55":"product_tag-var-kan-jag-kopa-pentobarbital-natrium-somnmedel","56":"product_tag-var-kan-man-fa-pentobarbital-natrium","57":"product_tag-var-kan-man-kopa-pentobarbital-natrium","58":"product_tag-var-kan-man-kopa-pentobarbital-natrium-for-hundar","60":"first","61":"instock","62":"shipping-taxable","63":"purchasable","64":"product-type-variable","65":"has-default-attributes"},"acf":[],"yoast_head":"<!-- This site is optimized with the Yoast SEO plugin v27.2 - https:\/\/yoast.com\/product\/yoast-seo-wordpress\/ -->\n<title>Pentobarbitalnatrium oral v\u00e4tska till salu online | Global Meds Inc.<\/title>\n<meta name=\"description\" content=\"Pentobarbitalnatrium oral v\u00e4tska till salu online. Vi s\u00e4ljer den b\u00e4sta kvaliteten Pentobarbital natrium oral v\u00e4tska. Kontakta oss g\u00e4rna f\u00f6r mer information och priser.\" \/>\n<meta name=\"robots\" content=\"index, follow, max-snippet:-1, max-image-preview:large, max-video-preview:-1\" \/>\n<link rel=\"canonical\" href=\"https:\/\/globalmedsonlineinc.com\/se\/product\/nembutal-pentobarbital\/kop-pentobarbital-sodium-liquid-oral-online\/\" \/>\n<meta property=\"og:locale\" content=\"sv_SE\" \/>\n<meta property=\"og:type\" content=\"article\" \/>\n<meta property=\"og:title\" content=\"Pentobarbitalnatrium oral v\u00e4tska till salu online | Global Meds Inc.\" \/>\n<meta property=\"og:description\" content=\"Pentobarbitalnatrium oral v\u00e4tska till salu online. Vi s\u00e4ljer den b\u00e4sta kvaliteten Pentobarbital natrium oral v\u00e4tska. Kontakta oss g\u00e4rna f\u00f6r mer information och priser.\" \/>\n<meta property=\"og:url\" content=\"https:\/\/globalmedsonlineinc.com\/se\/product\/nembutal-pentobarbital\/kop-pentobarbital-sodium-liquid-oral-online\/\" \/>\n<meta property=\"og:site_name\" content=\"Global Meds Inc\" \/>\n<meta property=\"article:modified_time\" content=\"2024-02-21T09:46:22+00:00\" \/>\n<meta property=\"og:image\" content=\"https:\/\/globalmedsonlineinc.com\/se\/content\/media\/uploads\/sites\/8\/2021\/06\/Pentobarbital-sodium.jpg\" \/>\n\t<meta property=\"og:image:width\" content=\"600\" \/>\n\t<meta property=\"og:image:height\" content=\"600\" \/>\n\t<meta property=\"og:image:type\" content=\"image\/jpeg\" \/>\n<meta name=\"twitter:card\" content=\"summary_large_image\" \/>\n<meta name=\"twitter:label1\" content=\"Ber\u00e4knad l\u00e4stid\" \/>\n\t<meta name=\"twitter:data1\" content=\"3 minuter\" \/>\n<script type=\"application\/ld+json\" class=\"yoast-schema-graph\">{\"@context\":\"https:\/\/schema.org\",\"@graph\":[{\"@type\":\"WebPage\",\"@id\":\"https:\/\/globalmedsonlineinc.com\/se\/product\/nembutal-pentobarbital\/kop-pentobarbital-sodium-liquid-oral-online\/\",\"url\":\"https:\/\/globalmedsonlineinc.com\/se\/product\/nembutal-pentobarbital\/kop-pentobarbital-sodium-liquid-oral-online\/\",\"name\":\"Pentobarbitalnatrium oral v\u00e4tska till salu online | Global Meds Inc.\",\"isPartOf\":{\"@id\":\"https:\/\/globalmedsonlineinc.com\/se\/#website\"},\"primaryImageOfPage\":{\"@id\":\"https:\/\/globalmedsonlineinc.com\/se\/product\/nembutal-pentobarbital\/kop-pentobarbital-sodium-liquid-oral-online\/#primaryimage\"},\"image\":{\"@id\":\"https:\/\/globalmedsonlineinc.com\/se\/product\/nembutal-pentobarbital\/kop-pentobarbital-sodium-liquid-oral-online\/#primaryimage\"},\"thumbnailUrl\":\"https:\/\/globalmedsonlineinc.com\/se\/content\/media\/uploads\/sites\/8\/2021\/06\/Pentobarbital-sodium.jpg\",\"datePublished\":\"2021-06-30T20:43:54+00:00\",\"dateModified\":\"2024-02-21T09:46:22+00:00\",\"description\":\"Pentobarbitalnatrium oral v\u00e4tska till salu online. Vi s\u00e4ljer den b\u00e4sta kvaliteten Pentobarbital natrium oral v\u00e4tska. Kontakta oss g\u00e4rna f\u00f6r mer information och priser.\",\"breadcrumb\":{\"@id\":\"https:\/\/globalmedsonlineinc.com\/se\/product\/nembutal-pentobarbital\/kop-pentobarbital-sodium-liquid-oral-online\/#breadcrumb\"},\"inLanguage\":\"sv-SE\",\"potentialAction\":[{\"@type\":\"ReadAction\",\"target\":[\"https:\/\/globalmedsonlineinc.com\/se\/product\/nembutal-pentobarbital\/kop-pentobarbital-sodium-liquid-oral-online\/\"]}]},{\"@type\":\"ImageObject\",\"inLanguage\":\"sv-SE\",\"@id\":\"https:\/\/globalmedsonlineinc.com\/se\/product\/nembutal-pentobarbital\/kop-pentobarbital-sodium-liquid-oral-online\/#primaryimage\",\"url\":\"https:\/\/globalmedsonlineinc.com\/se\/content\/media\/uploads\/sites\/8\/2021\/06\/Pentobarbital-sodium.jpg\",\"contentUrl\":\"https:\/\/globalmedsonlineinc.com\/se\/content\/media\/uploads\/sites\/8\/2021\/06\/Pentobarbital-sodium.jpg\",\"width\":600,\"height\":600,\"caption\":\"Pentobarbitalnatrium oral v\u00e4tska till salu online\"},{\"@type\":\"BreadcrumbList\",\"@id\":\"https:\/\/globalmedsonlineinc.com\/se\/product\/nembutal-pentobarbital\/kop-pentobarbital-sodium-liquid-oral-online\/#breadcrumb\",\"itemListElement\":[{\"@type\":\"ListItem\",\"position\":1,\"name\":\"Home\",\"item\":\"https:\/\/globalmedsonlineinc.com\/se\/\"},{\"@type\":\"ListItem\",\"position\":2,\"name\":\"Produkter\",\"item\":\"https:\/\/globalmedsonlineinc.com\/se\/produkter\/\"},{\"@type\":\"ListItem\",\"position\":3,\"name\":\"K\u00f6p Pentobarbital Natrium (V\u00e4tska) (Oral) Online\"}]},{\"@type\":\"WebSite\",\"@id\":\"https:\/\/globalmedsonlineinc.com\/se\/#website\",\"url\":\"https:\/\/globalmedsonlineinc.com\/se\/\",\"name\":\"Global Meds Inc\",\"description\":\"\",\"publisher\":{\"@id\":\"https:\/\/globalmedsonlineinc.com\/se\/#organization\"},\"potentialAction\":[{\"@type\":\"SearchAction\",\"target\":{\"@type\":\"EntryPoint\",\"urlTemplate\":\"https:\/\/globalmedsonlineinc.com\/se\/?s={search_term_string}\"},\"query-input\":{\"@type\":\"PropertyValueSpecification\",\"valueRequired\":true,\"valueName\":\"search_term_string\"}}],\"inLanguage\":\"sv-SE\"},{\"@type\":\"Organization\",\"@id\":\"https:\/\/globalmedsonlineinc.com\/se\/#organization\",\"name\":\"Global Meds Inc.\",\"url\":\"https:\/\/globalmedsonlineinc.com\/se\/\",\"logo\":{\"@type\":\"ImageObject\",\"inLanguage\":\"sv-SE\",\"@id\":\"https:\/\/globalmedsonlineinc.com\/se\/#\/schema\/logo\/image\/\",\"url\":\"https:\/\/globalmedsonlineinc.com\/se\/content\/media\/uploads\/sites\/8\/2021\/06\/globalmedsonlineincLogoShop20210630123730.00.png\",\"contentUrl\":\"https:\/\/globalmedsonlineinc.com\/se\/content\/media\/uploads\/sites\/8\/2021\/06\/globalmedsonlineincLogoShop20210630123730.00.png\",\"width\":450,\"height\":117,\"caption\":\"Global Meds Inc.\"},\"image\":{\"@id\":\"https:\/\/globalmedsonlineinc.com\/se\/#\/schema\/logo\/image\/\"}}]}<\/script>\n<!-- \/ Yoast SEO plugin. -->","yoast_head_json":{"title":"Pentobarbitalnatrium oral v\u00e4tska till salu online | Global Meds Inc.","description":"Pentobarbitalnatrium oral v\u00e4tska till salu online. Vi s\u00e4ljer den b\u00e4sta kvaliteten Pentobarbital natrium oral v\u00e4tska. Kontakta oss g\u00e4rna f\u00f6r mer information och priser.","robots":{"index":"index","follow":"follow","max-snippet":"max-snippet:-1","max-image-preview":"max-image-preview:large","max-video-preview":"max-video-preview:-1"},"canonical":"https:\/\/globalmedsonlineinc.com\/se\/product\/nembutal-pentobarbital\/kop-pentobarbital-sodium-liquid-oral-online\/","og_locale":"sv_SE","og_type":"article","og_title":"Pentobarbitalnatrium oral v\u00e4tska till salu online | Global Meds Inc.","og_description":"Pentobarbitalnatrium oral v\u00e4tska till salu online. Vi s\u00e4ljer den b\u00e4sta kvaliteten Pentobarbital natrium oral v\u00e4tska. Kontakta oss g\u00e4rna f\u00f6r mer information och priser.","og_url":"https:\/\/globalmedsonlineinc.com\/se\/product\/nembutal-pentobarbital\/kop-pentobarbital-sodium-liquid-oral-online\/","og_site_name":"Global Meds Inc","article_modified_time":"2024-02-21T09:46:22+00:00","og_image":[{"width":600,"height":600,"url":"https:\/\/globalmedsonlineinc.com\/se\/content\/media\/uploads\/sites\/8\/2021\/06\/Pentobarbital-sodium.jpg","type":"image\/jpeg"}],"twitter_card":"summary_large_image","twitter_misc":{"Ber\u00e4knad l\u00e4stid":"3 minuter"},"schema":{"@context":"https:\/\/schema.org","@graph":[{"@type":"WebPage","@id":"https:\/\/globalmedsonlineinc.com\/se\/product\/nembutal-pentobarbital\/kop-pentobarbital-sodium-liquid-oral-online\/","url":"https:\/\/globalmedsonlineinc.com\/se\/product\/nembutal-pentobarbital\/kop-pentobarbital-sodium-liquid-oral-online\/","name":"Pentobarbitalnatrium oral v\u00e4tska till salu online | Global Meds Inc.","isPartOf":{"@id":"https:\/\/globalmedsonlineinc.com\/se\/#website"},"primaryImageOfPage":{"@id":"https:\/\/globalmedsonlineinc.com\/se\/product\/nembutal-pentobarbital\/kop-pentobarbital-sodium-liquid-oral-online\/#primaryimage"},"image":{"@id":"https:\/\/globalmedsonlineinc.com\/se\/product\/nembutal-pentobarbital\/kop-pentobarbital-sodium-liquid-oral-online\/#primaryimage"},"thumbnailUrl":"https:\/\/globalmedsonlineinc.com\/se\/content\/media\/uploads\/sites\/8\/2021\/06\/Pentobarbital-sodium.jpg","datePublished":"2021-06-30T20:43:54+00:00","dateModified":"2024-02-21T09:46:22+00:00","description":"Pentobarbitalnatrium oral v\u00e4tska till salu online. Vi s\u00e4ljer den b\u00e4sta kvaliteten Pentobarbital natrium oral v\u00e4tska. Kontakta oss g\u00e4rna f\u00f6r mer information och priser.","breadcrumb":{"@id":"https:\/\/globalmedsonlineinc.com\/se\/product\/nembutal-pentobarbital\/kop-pentobarbital-sodium-liquid-oral-online\/#breadcrumb"},"inLanguage":"sv-SE","potentialAction":[{"@type":"ReadAction","target":["https:\/\/globalmedsonlineinc.com\/se\/product\/nembutal-pentobarbital\/kop-pentobarbital-sodium-liquid-oral-online\/"]}]},{"@type":"ImageObject","inLanguage":"sv-SE","@id":"https:\/\/globalmedsonlineinc.com\/se\/product\/nembutal-pentobarbital\/kop-pentobarbital-sodium-liquid-oral-online\/#primaryimage","url":"https:\/\/globalmedsonlineinc.com\/se\/content\/media\/uploads\/sites\/8\/2021\/06\/Pentobarbital-sodium.jpg","contentUrl":"https:\/\/globalmedsonlineinc.com\/se\/content\/media\/uploads\/sites\/8\/2021\/06\/Pentobarbital-sodium.jpg","width":600,"height":600,"caption":"Pentobarbitalnatrium oral v\u00e4tska till salu online"},{"@type":"BreadcrumbList","@id":"https:\/\/globalmedsonlineinc.com\/se\/product\/nembutal-pentobarbital\/kop-pentobarbital-sodium-liquid-oral-online\/#breadcrumb","itemListElement":[{"@type":"ListItem","position":1,"name":"Home","item":"https:\/\/globalmedsonlineinc.com\/se\/"},{"@type":"ListItem","position":2,"name":"Produkter","item":"https:\/\/globalmedsonlineinc.com\/se\/produkter\/"},{"@type":"ListItem","position":3,"name":"K\u00f6p Pentobarbital Natrium (V\u00e4tska) (Oral) Online"}]},{"@type":"WebSite","@id":"https:\/\/globalmedsonlineinc.com\/se\/#website","url":"https:\/\/globalmedsonlineinc.com\/se\/","name":"Global Meds Inc","description":"","publisher":{"@id":"https:\/\/globalmedsonlineinc.com\/se\/#organization"},"potentialAction":[{"@type":"SearchAction","target":{"@type":"EntryPoint","urlTemplate":"https:\/\/globalmedsonlineinc.com\/se\/?s={search_term_string}"},"query-input":{"@type":"PropertyValueSpecification","valueRequired":true,"valueName":"search_term_string"}}],"inLanguage":"sv-SE"},{"@type":"Organization","@id":"https:\/\/globalmedsonlineinc.com\/se\/#organization","name":"Global Meds Inc.","url":"https:\/\/globalmedsonlineinc.com\/se\/","logo":{"@type":"ImageObject","inLanguage":"sv-SE","@id":"https:\/\/globalmedsonlineinc.com\/se\/#\/schema\/logo\/image\/","url":"https:\/\/globalmedsonlineinc.com\/se\/content\/media\/uploads\/sites\/8\/2021\/06\/globalmedsonlineincLogoShop20210630123730.00.png","contentUrl":"https:\/\/globalmedsonlineinc.com\/se\/content\/media\/uploads\/sites\/8\/2021\/06\/globalmedsonlineincLogoShop20210630123730.00.png","width":450,"height":117,"caption":"Global Meds Inc."},"image":{"@id":"https:\/\/globalmedsonlineinc.com\/se\/#\/schema\/logo\/image\/"}}]}},"_links":{"self":[{"href":"https:\/\/globalmedsonlineinc.com\/se\/wp-json\/wp\/v2\/product\/8927","targetHints":{"allow":["GET"]}}],"collection":[{"href":"https:\/\/globalmedsonlineinc.com\/se\/wp-json\/wp\/v2\/product"}],"about":[{"href":"https:\/\/globalmedsonlineinc.com\/se\/wp-json\/wp\/v2\/types\/product"}],"replies":[{"embeddable":true,"href":"https:\/\/globalmedsonlineinc.com\/se\/wp-json\/wp\/v2\/comments?post=8927"}],"wp:featuredmedia":[{"embeddable":true,"href":"https:\/\/globalmedsonlineinc.com\/se\/wp-json\/wp\/v2\/media\/8969"}],"wp:attachment":[{"href":"https:\/\/globalmedsonlineinc.com\/se\/wp-json\/wp\/v2\/media?parent=8927"}],"wp:term":[{"taxonomy":"product_brand","embeddable":true,"href":"https:\/\/globalmedsonlineinc.com\/se\/wp-json\/wp\/v2\/product_brand?post=8927"},{"taxonomy":"product_cat","embeddable":true,"href":"https:\/\/globalmedsonlineinc.com\/se\/wp-json\/wp\/v2\/product_cat?post=8927"},{"taxonomy":"product_tag","embeddable":true,"href":"https:\/\/globalmedsonlineinc.com\/se\/wp-json\/wp\/v2\/product_tag?post=8927"}],"curies":[{"name":"wp","href":"https:\/\/api.w.org\/{rel}","templated":true}]}}