{"id":8926,"date":"2021-06-30T20:43:38","date_gmt":"2021-06-30T20:43:38","guid":{"rendered":"https:\/\/globalmedsonlineinc.com\/se\/?post_type=product&#038;p=8926"},"modified":"2024-02-21T09:48:09","modified_gmt":"2024-02-21T09:48:09","slug":"kop-nembutal-powder-online","status":"publish","type":"product","link":"https:\/\/globalmedsonlineinc.com\/se\/product\/nembutal-pentobarbital\/kop-nembutal-powder-online\/","title":{"rendered":"K\u00f6p Nembutal Powder online"},"content":{"rendered":"<h1 class=\"tt\">Nembutal-pulver till salu p\u00e5 n\u00e4tet<\/h1>\n<p><a href=\"https:\/\/globalmedsonlineinc.com\/se\/product\/nembutal-pentobarbital\/buy-nembutal-powder\/\">Nembutalpulver till salu p\u00e5 n\u00e4tet<\/a>. Online Nembutal Pharmacy \u00e4r ett professionellt apotek som \u00e4r tillg\u00e4ngligt med h\u00f6gkvalitativa l\u00e4kemedel och droger p\u00e5 onlinemarknaden. Om du \u00e4r villig att k\u00f6pa Nembutalpulver online fr\u00e5n de b\u00e4sta leverant\u00f6rerna av Nembutalpulver, \u00e4r v\u00e5rt apotek r\u00e4tt st\u00e4lle att \u00e5stadkomma det. Anslut dig till oss i dag och f\u00e5 dina krav uppfyllda <a href=\"https:\/\/en.wikipedia.org\/wiki\/Pentobarbital\">kortfattat<\/a>. Ditt l\u00e4kemedel kommer att n\u00e5 dig p\u00e5 din \u00f6nskade plats. Best\u00e4ll att k\u00f6pa Nembutal pulver online till b\u00e4sta pris nu!<\/p>\n<p class=\"tt\"><strong>Hur kan du ha nytta av att anv\u00e4nda Nembutalpulver?<\/strong><\/p>\n<p>Nembutalpulver \u00e4r k\u00e4nt f\u00f6r att inducera s\u00f6mn hos patienter som lider av s\u00f6mnproblem som s\u00f6mnl\u00f6shet eller s\u00f6mnsv\u00e5righeter. Det anv\u00e4nds ocks\u00e5 som ett lugnande medel mot nervositet i m\u00e5nga fall.Om du av en slump har samma syften som ska uppfyllas \u00e4r det r\u00e4tt beslut att k\u00f6pa Nembutal Powder online fr\u00e5n v\u00e5rt onlineapotek.<\/p>\n<p class=\"tt\"><strong> Vilket \u00e4r det r\u00e4tta st\u00e4llet att k\u00f6pa Nembutal Powder online?<\/strong><\/p>\n<p>Oavsett om du k\u00f6per Nembutal Powder f\u00f6r f\u00f6rsta g\u00e5ngen eller om du \u00e4r en \u00e5terkommande k\u00f6pare, kommer Online Nembutal Pharmacy alltid att vara r\u00e4tt st\u00e4lle f\u00f6r dig att slutf\u00f6ra k\u00f6pet.Med m\u00e5nga \u00e5rs erfarenhet f\u00f6rst\u00e5r vi kundens tankes\u00e4tt och tillhandah\u00e5ller dem enligt deras f\u00f6rv\u00e4ntningar. Din betalningsinformation och personinformation \u00e4r helt s\u00e4ker hos oss. Vi avsl\u00f6jar inte n\u00e5gon av uppgifterna till n\u00e5gon. Det betyder att du enkelt kan k\u00f6pa Nembutal pulver online till b\u00e4sta pris fr\u00e5n oss.<\/p>\n<p>Du kommer alltid att ligga f\u00f6re andra om du g\u00f6r k\u00f6pet fr\u00e5n v\u00e5rt onlineapotek. Vi har f\u00e5tt m\u00e5nga potentiella kunder under en tidsperiod. Om du vill f\u00e5 det b\u00e4sta, missa inte n\u00e5gon chans att komma i kontakt med oss.<\/p>\n<p>God kvalitet nembutal pulver online: Det \u00e4r helt f\u00f6rst\u00e5tt att m\u00e4nniskor inte snabbt litar p\u00e5 kvaliteten p\u00e5 nembutalpulver online som s\u00e4ljs online eftersom de inte kan unders\u00f6ka det fysiskt. Men det \u00e4r inte samma sak med Online nembutalpulver online leverant\u00f6rer. Produkterna h\u00e4r \u00e4r trogna sin beskrivning med h\u00f6gkvalitativt underh\u00e5ll som g\u00f6rs under experternas \u00f6verinseende.<\/p>\n<p>Snabb &amp; amp; Diskret leverans: Leveransen av nembutalpulveret online efter mottagandet av best\u00e4llningen sker inom den utlovade tidsramen. Fraktteamet l\u00e4gger all sin kraft p\u00e5 att g\u00f6ra frakt- och leveransf\u00f6rfarandet smidigt och snabbt. Du kan ocks\u00e5 f\u00f6rv\u00e4nta dig utm\u00e4rkta tj\u00e4nster n\u00e4r du k\u00f6per nembutalpulver online fr\u00e5n proffsen p\u00e5 onlineplattformen.<\/p>\n","protected":false},"excerpt":{"rendered":"<p>Online Nembutal Pharmacy \u00e4r nu tillg\u00e4ngligt fr\u00e5n ditt hem. Skicka in din best\u00e4llning och Nembutal Pulver till salu till de b\u00e4sta priserna som finns h\u00e4r. Leveransen kommer att ske inom en kort tid.<\/p>\n","protected":false},"featured_media":8967,"comment_status":"open","ping_status":"closed","template":"","meta":{"_acf_changed":false,"_monsterinsights_skip_tracking":false,"_monsterinsights_sitenote_active":false,"_monsterinsights_sitenote_note":"","_monsterinsights_sitenote_category":0},"product_brand":[],"product_cat":[87],"product_tag":[],"class_list":{"0":"post-8926","1":"product","2":"type-product","3":"status-publish","4":"has-post-thumbnail","6":"product_cat-nembutal-pentobarbital","8":"first","9":"instock","10":"featured","11":"shipping-taxable","12":"purchasable","13":"product-type-variable","14":"has-default-attributes"},"acf":[],"yoast_head":"<!-- This site is optimized with the Yoast SEO plugin v27.2 - https:\/\/yoast.com\/product\/yoast-seo-wordpress\/ -->\n<title>Nembutal pulver f\u00f6r f\u00f6rs\u00e4ljning online | Global Meds Inc.<\/title>\n<meta name=\"description\" content=\"Nembutal pulver f\u00f6r f\u00f6rs\u00e4ljning online. Vi s\u00e4ljer Nembutal-pulver av b\u00e4sta kvalitet. Kontakta oss g\u00e4rna f\u00f6r mer information och priser.\" \/>\n<meta name=\"robots\" content=\"index, follow, max-snippet:-1, max-image-preview:large, max-video-preview:-1\" \/>\n<link rel=\"canonical\" href=\"https:\/\/globalmedsonlineinc.com\/se\/product\/nembutal-pentobarbital\/kop-nembutal-powder-online\/\" \/>\n<meta property=\"og:locale\" content=\"sv_SE\" \/>\n<meta property=\"og:type\" content=\"article\" \/>\n<meta property=\"og:title\" content=\"Nembutal pulver f\u00f6r f\u00f6rs\u00e4ljning online | Global Meds Inc.\" \/>\n<meta property=\"og:description\" content=\"Nembutal pulver f\u00f6r f\u00f6rs\u00e4ljning online. Vi s\u00e4ljer Nembutal-pulver av b\u00e4sta kvalitet. Kontakta oss g\u00e4rna f\u00f6r mer information och priser.\" \/>\n<meta property=\"og:url\" content=\"https:\/\/globalmedsonlineinc.com\/se\/product\/nembutal-pentobarbital\/kop-nembutal-powder-online\/\" \/>\n<meta property=\"og:site_name\" content=\"Global Meds Inc\" \/>\n<meta property=\"article:modified_time\" content=\"2024-02-21T09:48:09+00:00\" \/>\n<meta property=\"og:image\" content=\"https:\/\/globalmedsonlineinc.com\/se\/content\/media\/uploads\/sites\/8\/2021\/06\/nembutal-powder.jpg\" \/>\n\t<meta property=\"og:image:width\" content=\"600\" \/>\n\t<meta property=\"og:image:height\" content=\"600\" \/>\n\t<meta property=\"og:image:type\" content=\"image\/jpeg\" \/>\n<meta name=\"twitter:card\" content=\"summary_large_image\" \/>\n<meta name=\"twitter:label1\" content=\"Ber\u00e4knad l\u00e4stid\" \/>\n\t<meta name=\"twitter:data1\" content=\"3 minuter\" \/>\n<script type=\"application\/ld+json\" class=\"yoast-schema-graph\">{\"@context\":\"https:\/\/schema.org\",\"@graph\":[{\"@type\":\"WebPage\",\"@id\":\"https:\/\/globalmedsonlineinc.com\/se\/product\/nembutal-pentobarbital\/kop-nembutal-powder-online\/\",\"url\":\"https:\/\/globalmedsonlineinc.com\/se\/product\/nembutal-pentobarbital\/kop-nembutal-powder-online\/\",\"name\":\"Nembutal pulver f\u00f6r f\u00f6rs\u00e4ljning online | Global Meds Inc.\",\"isPartOf\":{\"@id\":\"https:\/\/globalmedsonlineinc.com\/se\/#website\"},\"primaryImageOfPage\":{\"@id\":\"https:\/\/globalmedsonlineinc.com\/se\/product\/nembutal-pentobarbital\/kop-nembutal-powder-online\/#primaryimage\"},\"image\":{\"@id\":\"https:\/\/globalmedsonlineinc.com\/se\/product\/nembutal-pentobarbital\/kop-nembutal-powder-online\/#primaryimage\"},\"thumbnailUrl\":\"https:\/\/globalmedsonlineinc.com\/se\/content\/media\/uploads\/sites\/8\/2021\/06\/nembutal-powder.jpg\",\"datePublished\":\"2021-06-30T20:43:38+00:00\",\"dateModified\":\"2024-02-21T09:48:09+00:00\",\"description\":\"Nembutal pulver f\u00f6r f\u00f6rs\u00e4ljning online. Vi s\u00e4ljer Nembutal-pulver av b\u00e4sta kvalitet. Kontakta oss g\u00e4rna f\u00f6r mer information och priser.\",\"breadcrumb\":{\"@id\":\"https:\/\/globalmedsonlineinc.com\/se\/product\/nembutal-pentobarbital\/kop-nembutal-powder-online\/#breadcrumb\"},\"inLanguage\":\"sv-SE\",\"potentialAction\":[{\"@type\":\"ReadAction\",\"target\":[\"https:\/\/globalmedsonlineinc.com\/se\/product\/nembutal-pentobarbital\/kop-nembutal-powder-online\/\"]}]},{\"@type\":\"ImageObject\",\"inLanguage\":\"sv-SE\",\"@id\":\"https:\/\/globalmedsonlineinc.com\/se\/product\/nembutal-pentobarbital\/kop-nembutal-powder-online\/#primaryimage\",\"url\":\"https:\/\/globalmedsonlineinc.com\/se\/content\/media\/uploads\/sites\/8\/2021\/06\/nembutal-powder.jpg\",\"contentUrl\":\"https:\/\/globalmedsonlineinc.com\/se\/content\/media\/uploads\/sites\/8\/2021\/06\/nembutal-powder.jpg\",\"width\":600,\"height\":600,\"caption\":\"Nembutal-pulver till salu p\u00e5 n\u00e4tet\"},{\"@type\":\"BreadcrumbList\",\"@id\":\"https:\/\/globalmedsonlineinc.com\/se\/product\/nembutal-pentobarbital\/kop-nembutal-powder-online\/#breadcrumb\",\"itemListElement\":[{\"@type\":\"ListItem\",\"position\":1,\"name\":\"Home\",\"item\":\"https:\/\/globalmedsonlineinc.com\/se\/\"},{\"@type\":\"ListItem\",\"position\":2,\"name\":\"Produkter\",\"item\":\"https:\/\/globalmedsonlineinc.com\/se\/produkter\/\"},{\"@type\":\"ListItem\",\"position\":3,\"name\":\"K\u00f6p Nembutal Powder online\"}]},{\"@type\":\"WebSite\",\"@id\":\"https:\/\/globalmedsonlineinc.com\/se\/#website\",\"url\":\"https:\/\/globalmedsonlineinc.com\/se\/\",\"name\":\"Global Meds Inc\",\"description\":\"\",\"publisher\":{\"@id\":\"https:\/\/globalmedsonlineinc.com\/se\/#organization\"},\"potentialAction\":[{\"@type\":\"SearchAction\",\"target\":{\"@type\":\"EntryPoint\",\"urlTemplate\":\"https:\/\/globalmedsonlineinc.com\/se\/?s={search_term_string}\"},\"query-input\":{\"@type\":\"PropertyValueSpecification\",\"valueRequired\":true,\"valueName\":\"search_term_string\"}}],\"inLanguage\":\"sv-SE\"},{\"@type\":\"Organization\",\"@id\":\"https:\/\/globalmedsonlineinc.com\/se\/#organization\",\"name\":\"Global Meds Inc.\",\"url\":\"https:\/\/globalmedsonlineinc.com\/se\/\",\"logo\":{\"@type\":\"ImageObject\",\"inLanguage\":\"sv-SE\",\"@id\":\"https:\/\/globalmedsonlineinc.com\/se\/#\/schema\/logo\/image\/\",\"url\":\"https:\/\/globalmedsonlineinc.com\/se\/content\/media\/uploads\/sites\/8\/2021\/06\/globalmedsonlineincLogoShop20210630123730.00.png\",\"contentUrl\":\"https:\/\/globalmedsonlineinc.com\/se\/content\/media\/uploads\/sites\/8\/2021\/06\/globalmedsonlineincLogoShop20210630123730.00.png\",\"width\":450,\"height\":117,\"caption\":\"Global Meds Inc.\"},\"image\":{\"@id\":\"https:\/\/globalmedsonlineinc.com\/se\/#\/schema\/logo\/image\/\"}}]}<\/script>\n<!-- \/ Yoast SEO plugin. -->","yoast_head_json":{"title":"Nembutal pulver f\u00f6r f\u00f6rs\u00e4ljning online | Global Meds Inc.","description":"Nembutal pulver f\u00f6r f\u00f6rs\u00e4ljning online. Vi s\u00e4ljer Nembutal-pulver av b\u00e4sta kvalitet. Kontakta oss g\u00e4rna f\u00f6r mer information och priser.","robots":{"index":"index","follow":"follow","max-snippet":"max-snippet:-1","max-image-preview":"max-image-preview:large","max-video-preview":"max-video-preview:-1"},"canonical":"https:\/\/globalmedsonlineinc.com\/se\/product\/nembutal-pentobarbital\/kop-nembutal-powder-online\/","og_locale":"sv_SE","og_type":"article","og_title":"Nembutal pulver f\u00f6r f\u00f6rs\u00e4ljning online | Global Meds Inc.","og_description":"Nembutal pulver f\u00f6r f\u00f6rs\u00e4ljning online. Vi s\u00e4ljer Nembutal-pulver av b\u00e4sta kvalitet. Kontakta oss g\u00e4rna f\u00f6r mer information och priser.","og_url":"https:\/\/globalmedsonlineinc.com\/se\/product\/nembutal-pentobarbital\/kop-nembutal-powder-online\/","og_site_name":"Global Meds Inc","article_modified_time":"2024-02-21T09:48:09+00:00","og_image":[{"width":600,"height":600,"url":"https:\/\/globalmedsonlineinc.com\/se\/content\/media\/uploads\/sites\/8\/2021\/06\/nembutal-powder.jpg","type":"image\/jpeg"}],"twitter_card":"summary_large_image","twitter_misc":{"Ber\u00e4knad l\u00e4stid":"3 minuter"},"schema":{"@context":"https:\/\/schema.org","@graph":[{"@type":"WebPage","@id":"https:\/\/globalmedsonlineinc.com\/se\/product\/nembutal-pentobarbital\/kop-nembutal-powder-online\/","url":"https:\/\/globalmedsonlineinc.com\/se\/product\/nembutal-pentobarbital\/kop-nembutal-powder-online\/","name":"Nembutal pulver f\u00f6r f\u00f6rs\u00e4ljning online | Global Meds Inc.","isPartOf":{"@id":"https:\/\/globalmedsonlineinc.com\/se\/#website"},"primaryImageOfPage":{"@id":"https:\/\/globalmedsonlineinc.com\/se\/product\/nembutal-pentobarbital\/kop-nembutal-powder-online\/#primaryimage"},"image":{"@id":"https:\/\/globalmedsonlineinc.com\/se\/product\/nembutal-pentobarbital\/kop-nembutal-powder-online\/#primaryimage"},"thumbnailUrl":"https:\/\/globalmedsonlineinc.com\/se\/content\/media\/uploads\/sites\/8\/2021\/06\/nembutal-powder.jpg","datePublished":"2021-06-30T20:43:38+00:00","dateModified":"2024-02-21T09:48:09+00:00","description":"Nembutal pulver f\u00f6r f\u00f6rs\u00e4ljning online. Vi s\u00e4ljer Nembutal-pulver av b\u00e4sta kvalitet. Kontakta oss g\u00e4rna f\u00f6r mer information och priser.","breadcrumb":{"@id":"https:\/\/globalmedsonlineinc.com\/se\/product\/nembutal-pentobarbital\/kop-nembutal-powder-online\/#breadcrumb"},"inLanguage":"sv-SE","potentialAction":[{"@type":"ReadAction","target":["https:\/\/globalmedsonlineinc.com\/se\/product\/nembutal-pentobarbital\/kop-nembutal-powder-online\/"]}]},{"@type":"ImageObject","inLanguage":"sv-SE","@id":"https:\/\/globalmedsonlineinc.com\/se\/product\/nembutal-pentobarbital\/kop-nembutal-powder-online\/#primaryimage","url":"https:\/\/globalmedsonlineinc.com\/se\/content\/media\/uploads\/sites\/8\/2021\/06\/nembutal-powder.jpg","contentUrl":"https:\/\/globalmedsonlineinc.com\/se\/content\/media\/uploads\/sites\/8\/2021\/06\/nembutal-powder.jpg","width":600,"height":600,"caption":"Nembutal-pulver till salu p\u00e5 n\u00e4tet"},{"@type":"BreadcrumbList","@id":"https:\/\/globalmedsonlineinc.com\/se\/product\/nembutal-pentobarbital\/kop-nembutal-powder-online\/#breadcrumb","itemListElement":[{"@type":"ListItem","position":1,"name":"Home","item":"https:\/\/globalmedsonlineinc.com\/se\/"},{"@type":"ListItem","position":2,"name":"Produkter","item":"https:\/\/globalmedsonlineinc.com\/se\/produkter\/"},{"@type":"ListItem","position":3,"name":"K\u00f6p Nembutal Powder online"}]},{"@type":"WebSite","@id":"https:\/\/globalmedsonlineinc.com\/se\/#website","url":"https:\/\/globalmedsonlineinc.com\/se\/","name":"Global Meds Inc","description":"","publisher":{"@id":"https:\/\/globalmedsonlineinc.com\/se\/#organization"},"potentialAction":[{"@type":"SearchAction","target":{"@type":"EntryPoint","urlTemplate":"https:\/\/globalmedsonlineinc.com\/se\/?s={search_term_string}"},"query-input":{"@type":"PropertyValueSpecification","valueRequired":true,"valueName":"search_term_string"}}],"inLanguage":"sv-SE"},{"@type":"Organization","@id":"https:\/\/globalmedsonlineinc.com\/se\/#organization","name":"Global Meds Inc.","url":"https:\/\/globalmedsonlineinc.com\/se\/","logo":{"@type":"ImageObject","inLanguage":"sv-SE","@id":"https:\/\/globalmedsonlineinc.com\/se\/#\/schema\/logo\/image\/","url":"https:\/\/globalmedsonlineinc.com\/se\/content\/media\/uploads\/sites\/8\/2021\/06\/globalmedsonlineincLogoShop20210630123730.00.png","contentUrl":"https:\/\/globalmedsonlineinc.com\/se\/content\/media\/uploads\/sites\/8\/2021\/06\/globalmedsonlineincLogoShop20210630123730.00.png","width":450,"height":117,"caption":"Global Meds Inc."},"image":{"@id":"https:\/\/globalmedsonlineinc.com\/se\/#\/schema\/logo\/image\/"}}]}},"_links":{"self":[{"href":"https:\/\/globalmedsonlineinc.com\/se\/wp-json\/wp\/v2\/product\/8926","targetHints":{"allow":["GET"]}}],"collection":[{"href":"https:\/\/globalmedsonlineinc.com\/se\/wp-json\/wp\/v2\/product"}],"about":[{"href":"https:\/\/globalmedsonlineinc.com\/se\/wp-json\/wp\/v2\/types\/product"}],"replies":[{"embeddable":true,"href":"https:\/\/globalmedsonlineinc.com\/se\/wp-json\/wp\/v2\/comments?post=8926"}],"wp:featuredmedia":[{"embeddable":true,"href":"https:\/\/globalmedsonlineinc.com\/se\/wp-json\/wp\/v2\/media\/8967"}],"wp:attachment":[{"href":"https:\/\/globalmedsonlineinc.com\/se\/wp-json\/wp\/v2\/media?parent=8926"}],"wp:term":[{"taxonomy":"product_brand","embeddable":true,"href":"https:\/\/globalmedsonlineinc.com\/se\/wp-json\/wp\/v2\/product_brand?post=8926"},{"taxonomy":"product_cat","embeddable":true,"href":"https:\/\/globalmedsonlineinc.com\/se\/wp-json\/wp\/v2\/product_cat?post=8926"},{"taxonomy":"product_tag","embeddable":true,"href":"https:\/\/globalmedsonlineinc.com\/se\/wp-json\/wp\/v2\/product_tag?post=8926"}],"curies":[{"name":"wp","href":"https:\/\/api.w.org\/{rel}","templated":true}]}}