{"id":8925,"date":"2021-06-30T20:43:24","date_gmt":"2021-06-30T20:43:24","guid":{"rendered":"https:\/\/globalmedsonlineinc.com\/se\/?post_type=product&#038;p=8925"},"modified":"2024-02-21T09:50:41","modified_gmt":"2024-02-21T09:50:41","slug":"kop-nembutal-piller-online","status":"publish","type":"product","link":"https:\/\/globalmedsonlineinc.com\/se\/product\/nembutal-pentobarbital\/kop-nembutal-piller-online\/","title":{"rendered":"K\u00f6p Nembutal piller online"},"content":{"rendered":"<h1 class=\"lRu31\" dir=\"ltr\"><span class=\"HwtZe\" lang=\"sv\"><span class=\"jCAhz ChMk0b\"><span class=\"ryNqvb\">Nembutal piller till salu online<\/span><\/span><\/span><\/h1>\n<p><a href=\"https:\/\/globalmedsonlineinc.com\/se\/product\/nembutal-pentobarbital\/buy-nembutal-pills-online\/\">Nembutal piller till salu p\u00e5 n\u00e4tet<\/a>. P\u00e5 Nembutal Group kan du nu sl\u00e5 en order f\u00f6r att k\u00f6pa Nembutal piller och g\u00f6ra den b\u00e4sta anv\u00e4ndningen av dem f\u00f6r dina h\u00e4lsof\u00f6rdelar. Vi kommer att ta h\u00e4nsyn till dina best\u00e4llningsuppgifter och skicka samma sak till din angivna destination p\u00e5 ett korrekt s\u00e4tt. Anslut dig till oss idag och k\u00f6p Nembutal piller till salu till \u00f6verkomliga priser.<\/p>\n<p>Med v\u00e5rt utm\u00e4rkta rykte i branschen erbjuder vi Nembutal piller p\u00e5 ett exakt s\u00e4tt. Vi f\u00f6ljer ett snabbt <a href=\"https:\/\/en.wikipedia.org\/wiki\/Pentobarbital\">och<\/a> enkelt leveranssystem f\u00f6r v\u00e5r kund f\u00f6r att se till att de f\u00e5r best\u00e4llningen s\u00e5 snabbt som m\u00f6jligt. Vi g\u00f6r alltid v\u00e5rt b\u00e4sta f\u00f6r att inte l\u00e5ta v\u00e5ra kunder v\u00e4nta p\u00e5 sin produktleverans.<\/p>\n<p>Eftersom vi \u00e4r ett specialiserat onlineapotek l\u00e4mnar vi knappast n\u00e5gon aspekt eller element som \u00e4r inblandade i den smidiga produktleveransen. V\u00e5rt team \u00f6vervakar allting varje dag f\u00f6r att inte missa n\u00e5got. Vi vill att v\u00e5ra v\u00e4rdefulla kunder ska f\u00e5 det b\u00e4sta f\u00f6r sin h\u00e4lsa.<\/p>\n<h6 class=\"tt\">Vad \u00e4r Nembutal-pillrets roll i m\u00e4nniskors liv?<\/h6>\n<p>Nembutalpiller \u00e4r inte bara ett slumpm\u00e4ssigt l\u00e4kemedel som kan k\u00f6pas fr\u00e5n en lokal apotek eller ett lokalt apotek. Det \u00e4r ett premiuml\u00e4kemedel som anv\u00e4nds som narkotikum f\u00f6r behandling av s\u00f6mnbrist hos m\u00e4nniskor. P\u00e5 sjukhus och medicinska kliniker anv\u00e4nder l\u00e4kare och kirurger Nembutal Pills f\u00f6r att framkalla s\u00f6mn hos patienterna s\u00e5 att de kan g\u00e5 vidare med det medicinska ingreppet. Om du har n\u00e5gon anv\u00e4ndning av Nembutal-piller kan du ansluta dig till den b\u00e4sta online-apoteket i onlinev\u00e4rlden som \u00e4r Online Nembutal Pharmacy. H\u00e4r f\u00e5r du det b\u00e4sta av allt. Kommunicera med oss nu!<\/p>\n<h6 class=\"tt\">K\u00f6p Nembutal tabletter online till b\u00e4sta pris fr\u00e5n v\u00e5rt b\u00e4sta onlineapotek<\/h6>\n<p>P\u00e5 onlineplattformen har k\u00f6pet av Nembutal tabletter blivit enkelt och bekv\u00e4mt f\u00f6r alla. Om du ocks\u00e5 vill k\u00f6pa Nembutal tabletter online, anslut dig till Online Nembutal Pharmacy. V\u00e5rt apotek \u00e4r en dedikerad, p\u00e5litlig och prisv\u00e4rd plats f\u00f6r dig att slutf\u00f6ra dina krav ang\u00e5ende Nembutal.<\/p>\n<p>Vi tror p\u00e5 kvalitetsprodukter och erbjuder samma sak till v\u00e5ra kunder. Best\u00e4llningen f\u00f6r att k\u00f6pa Nembutal tabletter online till b\u00e4sta pris kommer att uppfyllas av oss inom en kort tidsram. Vi kommer inte att l\u00e5ta dig v\u00e4nta l\u00e4ngre. F\u00f6rv\u00e4nta dig leverans av dina produkter inom kort fr\u00e5n v\u00e5rt onlineapotek. Vi har ett diskret och s\u00e4kert leveranssystem. Vi l\u00e4mnar inget utrymme f\u00f6r n\u00e5got misstag. Alla best\u00e4llningar avslutas professionellt h\u00e4r. K\u00f6p nu!<\/p>\n<h6>Nembutal tabletter- K\u00e4nn till dess s\u00e4kra anv\u00e4ndningsomr\u00e5den med hj\u00e4lp av v\u00e5rt professionella team<\/h6>\n<p>Nembutal tabletter anv\u00e4nds ofta som ett l\u00e4kemedel f\u00f6r att behandla s\u00f6mnl\u00f6shet, sedering och anfallstillst\u00e5nd. Vi har levererat Nembutal Tablets \u00f6ver hela v\u00e4rlden under en l\u00e5ng tidsperiod. I flera fall anv\u00e4nder l\u00e4kare denna produkt som en bed\u00f6vning i patienterna innan de utf\u00f6r n\u00e5gon operation p\u00e5 dem. f\u00f6r att testa dessa tabletter g\u00f6r vi tillf\u00e4lliga tester f\u00f6r att s\u00e4kerst\u00e4lla deras effektivitet fr\u00e5n g\u00e5ng till g\u00e5ng.<\/p>\n<p>Vi tillhandah\u00e5ller Nembutal tabletter med en l\u00e4kemedelsguide. Detta hj\u00e4lper v\u00e5ra kunder i korrekt administrering och att f\u00f6rst\u00e5 den korrekta dosen av detta l\u00e4kemedel enligt deras vikt, \u00e5lder och medicinska tillst\u00e5nd. Vi anser ocks\u00e5 att Nembutal Tablets \u00e4r det enklaste och b\u00e4sta l\u00e4kemedlet f\u00f6r personer som lider av s\u00f6mnproblem.<\/p>\n<p>V\u00e5ra experter \u00e4r tillg\u00e4ngliga 24*7 f\u00f6r att hj\u00e4lpa dig att f\u00f6rst\u00e5 allt om Nembutal Tablets anv\u00e4ndningsomr\u00e5den. Priserna p\u00e5 v\u00e5ra Nembutal tabletter \u00e4r \u00f6verkomliga f\u00f6r alla. Du beh\u00f6ver dock inte stressa \u00f6ver priserna p\u00e5 denna produkt. Best\u00e4ll dina behov direkt nu!<\/p>\n<h6 class=\"tt\">K\u00f6p Nembutal Pentobarbital online fr\u00e5n Expert apoteket<\/h6>\n<p>Online Nembutal Pharmacy \u00e4r den enda p\u00e5litliga destinationen varifr\u00e5n du kan k\u00f6pa Nembutal Pentobarbital online till de b\u00e4sta priserna som finns tillg\u00e4ngliga.I det \u00f6gonblick vi f\u00e5r orderinformationen fr\u00e5n dig, kommer samma att s\u00e4ttas i f\u00f6rberedelseprocessen, f\u00f6ljt av leverans. V\u00e5ra lagmedlemmar kommer att packa dina l\u00e4kemedel s\u00e4kert och skicka det till dig inom en kort tidsperiod. Du kan f\u00f6rv\u00e4nta dig det b\u00e4sta av allt fr\u00e5n oss n\u00e4r det g\u00e4ller kvalitet och snabb leverans av Nembutal Pentobarbital.<\/p>\n<p>God kvalitet nembutal piller online: Det \u00e4r helt f\u00f6rst\u00e5tt att m\u00e4nniskor inte snabbt litar p\u00e5 kvaliteten p\u00e5 nembutal piller online som s\u00e4ljs online eftersom de inte kan unders\u00f6ka det fysiskt. Men det \u00e4r inte samma sak med Online nembutal piller online leverant\u00f6rer. Produkterna h\u00e4r \u00e4r trogna sin beskrivning med h\u00f6gkvalitativt underh\u00e5ll som g\u00f6rs under experternas \u00f6verinseende.<\/p>\n<p>Snabb &amp; amp; Diskret leverans: Leveransen av nembutal piller online efter mottagandet av best\u00e4llningen sker inom den utlovade tidsramen. Fraktteamet l\u00e4gger all sin kraft p\u00e5 att g\u00f6ra frakt- och leveransf\u00f6rfarandet smidigt och snabbt. Du kan ocks\u00e5 f\u00f6rv\u00e4nta dig utm\u00e4rkta tj\u00e4nster n\u00e4r du k\u00f6per nembutal piller online fr\u00e5n proffsen p\u00e5 onlineplattformen.<\/p>\n","protected":false},"excerpt":{"rendered":"<p><strong>Hur man f\u00e5r kontakt med det b\u00e4sta onlineapoteket f\u00f6r att k\u00f6pa Nembutal piller online?<\/strong><\/p>\n<p>Om du vill veta hur du ska koppla upp dig mot det b\u00e4sta onlineapoteket f\u00f6r att k\u00f6pa Nembutal-piller online, \u00e4r Pentobarbital Group alltid tillg\u00e4nglig f\u00f6r att ge dig fullst\u00e4ndigt st\u00f6d. Vi \u00e4r h\u00e4r f\u00f6r att hj\u00e4lpa dig att k\u00f6pa Nembutal piller online till b\u00e4sta pris. Du kan skicka in best\u00e4llningen h\u00e4r och v\u00e4nta p\u00e5 dess utf\u00f6rande p\u00e5 kort tid. Vi kommer inte att g\u00f6ra n\u00e5gon on\u00f6dig f\u00f6rsening i leveransen. Kontakta oss idag!<\/p>\n","protected":false},"featured_media":8964,"comment_status":"open","ping_status":"closed","template":"","meta":{"_acf_changed":false,"_monsterinsights_skip_tracking":false,"_monsterinsights_sitenote_active":false,"_monsterinsights_sitenote_note":"","_monsterinsights_sitenote_category":0},"product_brand":[],"product_cat":[87],"product_tag":[],"class_list":{"0":"post-8925","1":"product","2":"type-product","3":"status-publish","4":"has-post-thumbnail","6":"product_cat-nembutal-pentobarbital","8":"first","9":"instock","10":"featured","11":"shipping-taxable","12":"purchasable","13":"product-type-variable","14":"has-default-attributes"},"acf":[],"yoast_head":"<!-- This site is optimized with the Yoast SEO plugin v27.2 - https:\/\/yoast.com\/product\/yoast-seo-wordpress\/ -->\n<title>Nembutal piller till salu online - Global Meds Inc.<\/title>\n<meta name=\"description\" content=\"Nembutal piller till salu online. Vi s\u00e4ljer Nembutal-piller av b\u00e4sta kvalitet. Kontakta oss g\u00e4rna f\u00f6r mer information och priser.\" \/>\n<meta name=\"robots\" content=\"index, follow, max-snippet:-1, max-image-preview:large, max-video-preview:-1\" \/>\n<link rel=\"canonical\" href=\"https:\/\/globalmedsonlineinc.com\/se\/product\/nembutal-pentobarbital\/kop-nembutal-piller-online\/\" \/>\n<meta property=\"og:locale\" content=\"sv_SE\" \/>\n<meta property=\"og:type\" content=\"article\" \/>\n<meta property=\"og:title\" content=\"Nembutal piller till salu online - Global Meds Inc.\" \/>\n<meta property=\"og:description\" content=\"Nembutal piller till salu online. Vi s\u00e4ljer Nembutal-piller av b\u00e4sta kvalitet. Kontakta oss g\u00e4rna f\u00f6r mer information och priser.\" \/>\n<meta property=\"og:url\" content=\"https:\/\/globalmedsonlineinc.com\/se\/product\/nembutal-pentobarbital\/kop-nembutal-piller-online\/\" \/>\n<meta property=\"og:site_name\" content=\"Global Meds Inc\" \/>\n<meta property=\"article:modified_time\" content=\"2024-02-21T09:50:41+00:00\" \/>\n<meta property=\"og:image\" content=\"https:\/\/globalmedsonlineinc.com\/se\/content\/media\/uploads\/sites\/8\/2021\/06\/nembutal-pills.jpg\" \/>\n\t<meta property=\"og:image:width\" content=\"600\" \/>\n\t<meta property=\"og:image:height\" content=\"600\" \/>\n\t<meta property=\"og:image:type\" content=\"image\/jpeg\" \/>\n<meta name=\"twitter:card\" content=\"summary_large_image\" \/>\n<meta name=\"twitter:label1\" content=\"Ber\u00e4knad l\u00e4stid\" \/>\n\t<meta name=\"twitter:data1\" content=\"5 minuter\" \/>\n<script type=\"application\/ld+json\" class=\"yoast-schema-graph\">{\"@context\":\"https:\/\/schema.org\",\"@graph\":[{\"@type\":\"WebPage\",\"@id\":\"https:\/\/globalmedsonlineinc.com\/se\/product\/nembutal-pentobarbital\/kop-nembutal-piller-online\/\",\"url\":\"https:\/\/globalmedsonlineinc.com\/se\/product\/nembutal-pentobarbital\/kop-nembutal-piller-online\/\",\"name\":\"Nembutal piller till salu online - Global Meds Inc.\",\"isPartOf\":{\"@id\":\"https:\/\/globalmedsonlineinc.com\/se\/#website\"},\"primaryImageOfPage\":{\"@id\":\"https:\/\/globalmedsonlineinc.com\/se\/product\/nembutal-pentobarbital\/kop-nembutal-piller-online\/#primaryimage\"},\"image\":{\"@id\":\"https:\/\/globalmedsonlineinc.com\/se\/product\/nembutal-pentobarbital\/kop-nembutal-piller-online\/#primaryimage\"},\"thumbnailUrl\":\"https:\/\/globalmedsonlineinc.com\/se\/content\/media\/uploads\/sites\/8\/2021\/06\/nembutal-pills.jpg\",\"datePublished\":\"2021-06-30T20:43:24+00:00\",\"dateModified\":\"2024-02-21T09:50:41+00:00\",\"description\":\"Nembutal piller till salu online. Vi s\u00e4ljer Nembutal-piller av b\u00e4sta kvalitet. Kontakta oss g\u00e4rna f\u00f6r mer information och priser.\",\"breadcrumb\":{\"@id\":\"https:\/\/globalmedsonlineinc.com\/se\/product\/nembutal-pentobarbital\/kop-nembutal-piller-online\/#breadcrumb\"},\"inLanguage\":\"sv-SE\",\"potentialAction\":[{\"@type\":\"ReadAction\",\"target\":[\"https:\/\/globalmedsonlineinc.com\/se\/product\/nembutal-pentobarbital\/kop-nembutal-piller-online\/\"]}]},{\"@type\":\"ImageObject\",\"inLanguage\":\"sv-SE\",\"@id\":\"https:\/\/globalmedsonlineinc.com\/se\/product\/nembutal-pentobarbital\/kop-nembutal-piller-online\/#primaryimage\",\"url\":\"https:\/\/globalmedsonlineinc.com\/se\/content\/media\/uploads\/sites\/8\/2021\/06\/nembutal-pills.jpg\",\"contentUrl\":\"https:\/\/globalmedsonlineinc.com\/se\/content\/media\/uploads\/sites\/8\/2021\/06\/nembutal-pills.jpg\",\"width\":600,\"height\":600,\"caption\":\"Nembutal piller till salu online\"},{\"@type\":\"BreadcrumbList\",\"@id\":\"https:\/\/globalmedsonlineinc.com\/se\/product\/nembutal-pentobarbital\/kop-nembutal-piller-online\/#breadcrumb\",\"itemListElement\":[{\"@type\":\"ListItem\",\"position\":1,\"name\":\"Home\",\"item\":\"https:\/\/globalmedsonlineinc.com\/se\/\"},{\"@type\":\"ListItem\",\"position\":2,\"name\":\"Produkter\",\"item\":\"https:\/\/globalmedsonlineinc.com\/se\/produkter\/\"},{\"@type\":\"ListItem\",\"position\":3,\"name\":\"K\u00f6p Nembutal piller online\"}]},{\"@type\":\"WebSite\",\"@id\":\"https:\/\/globalmedsonlineinc.com\/se\/#website\",\"url\":\"https:\/\/globalmedsonlineinc.com\/se\/\",\"name\":\"Global Meds Inc\",\"description\":\"\",\"publisher\":{\"@id\":\"https:\/\/globalmedsonlineinc.com\/se\/#organization\"},\"potentialAction\":[{\"@type\":\"SearchAction\",\"target\":{\"@type\":\"EntryPoint\",\"urlTemplate\":\"https:\/\/globalmedsonlineinc.com\/se\/?s={search_term_string}\"},\"query-input\":{\"@type\":\"PropertyValueSpecification\",\"valueRequired\":true,\"valueName\":\"search_term_string\"}}],\"inLanguage\":\"sv-SE\"},{\"@type\":\"Organization\",\"@id\":\"https:\/\/globalmedsonlineinc.com\/se\/#organization\",\"name\":\"Global Meds Inc.\",\"url\":\"https:\/\/globalmedsonlineinc.com\/se\/\",\"logo\":{\"@type\":\"ImageObject\",\"inLanguage\":\"sv-SE\",\"@id\":\"https:\/\/globalmedsonlineinc.com\/se\/#\/schema\/logo\/image\/\",\"url\":\"https:\/\/globalmedsonlineinc.com\/se\/content\/media\/uploads\/sites\/8\/2021\/06\/globalmedsonlineincLogoShop20210630123730.00.png\",\"contentUrl\":\"https:\/\/globalmedsonlineinc.com\/se\/content\/media\/uploads\/sites\/8\/2021\/06\/globalmedsonlineincLogoShop20210630123730.00.png\",\"width\":450,\"height\":117,\"caption\":\"Global Meds Inc.\"},\"image\":{\"@id\":\"https:\/\/globalmedsonlineinc.com\/se\/#\/schema\/logo\/image\/\"}}]}<\/script>\n<!-- \/ Yoast SEO plugin. -->","yoast_head_json":{"title":"Nembutal piller till salu online - Global Meds Inc.","description":"Nembutal piller till salu online. Vi s\u00e4ljer Nembutal-piller av b\u00e4sta kvalitet. Kontakta oss g\u00e4rna f\u00f6r mer information och priser.","robots":{"index":"index","follow":"follow","max-snippet":"max-snippet:-1","max-image-preview":"max-image-preview:large","max-video-preview":"max-video-preview:-1"},"canonical":"https:\/\/globalmedsonlineinc.com\/se\/product\/nembutal-pentobarbital\/kop-nembutal-piller-online\/","og_locale":"sv_SE","og_type":"article","og_title":"Nembutal piller till salu online - Global Meds Inc.","og_description":"Nembutal piller till salu online. Vi s\u00e4ljer Nembutal-piller av b\u00e4sta kvalitet. Kontakta oss g\u00e4rna f\u00f6r mer information och priser.","og_url":"https:\/\/globalmedsonlineinc.com\/se\/product\/nembutal-pentobarbital\/kop-nembutal-piller-online\/","og_site_name":"Global Meds Inc","article_modified_time":"2024-02-21T09:50:41+00:00","og_image":[{"width":600,"height":600,"url":"https:\/\/globalmedsonlineinc.com\/se\/content\/media\/uploads\/sites\/8\/2021\/06\/nembutal-pills.jpg","type":"image\/jpeg"}],"twitter_card":"summary_large_image","twitter_misc":{"Ber\u00e4knad l\u00e4stid":"5 minuter"},"schema":{"@context":"https:\/\/schema.org","@graph":[{"@type":"WebPage","@id":"https:\/\/globalmedsonlineinc.com\/se\/product\/nembutal-pentobarbital\/kop-nembutal-piller-online\/","url":"https:\/\/globalmedsonlineinc.com\/se\/product\/nembutal-pentobarbital\/kop-nembutal-piller-online\/","name":"Nembutal piller till salu online - Global Meds Inc.","isPartOf":{"@id":"https:\/\/globalmedsonlineinc.com\/se\/#website"},"primaryImageOfPage":{"@id":"https:\/\/globalmedsonlineinc.com\/se\/product\/nembutal-pentobarbital\/kop-nembutal-piller-online\/#primaryimage"},"image":{"@id":"https:\/\/globalmedsonlineinc.com\/se\/product\/nembutal-pentobarbital\/kop-nembutal-piller-online\/#primaryimage"},"thumbnailUrl":"https:\/\/globalmedsonlineinc.com\/se\/content\/media\/uploads\/sites\/8\/2021\/06\/nembutal-pills.jpg","datePublished":"2021-06-30T20:43:24+00:00","dateModified":"2024-02-21T09:50:41+00:00","description":"Nembutal piller till salu online. Vi s\u00e4ljer Nembutal-piller av b\u00e4sta kvalitet. Kontakta oss g\u00e4rna f\u00f6r mer information och priser.","breadcrumb":{"@id":"https:\/\/globalmedsonlineinc.com\/se\/product\/nembutal-pentobarbital\/kop-nembutal-piller-online\/#breadcrumb"},"inLanguage":"sv-SE","potentialAction":[{"@type":"ReadAction","target":["https:\/\/globalmedsonlineinc.com\/se\/product\/nembutal-pentobarbital\/kop-nembutal-piller-online\/"]}]},{"@type":"ImageObject","inLanguage":"sv-SE","@id":"https:\/\/globalmedsonlineinc.com\/se\/product\/nembutal-pentobarbital\/kop-nembutal-piller-online\/#primaryimage","url":"https:\/\/globalmedsonlineinc.com\/se\/content\/media\/uploads\/sites\/8\/2021\/06\/nembutal-pills.jpg","contentUrl":"https:\/\/globalmedsonlineinc.com\/se\/content\/media\/uploads\/sites\/8\/2021\/06\/nembutal-pills.jpg","width":600,"height":600,"caption":"Nembutal piller till salu online"},{"@type":"BreadcrumbList","@id":"https:\/\/globalmedsonlineinc.com\/se\/product\/nembutal-pentobarbital\/kop-nembutal-piller-online\/#breadcrumb","itemListElement":[{"@type":"ListItem","position":1,"name":"Home","item":"https:\/\/globalmedsonlineinc.com\/se\/"},{"@type":"ListItem","position":2,"name":"Produkter","item":"https:\/\/globalmedsonlineinc.com\/se\/produkter\/"},{"@type":"ListItem","position":3,"name":"K\u00f6p Nembutal piller online"}]},{"@type":"WebSite","@id":"https:\/\/globalmedsonlineinc.com\/se\/#website","url":"https:\/\/globalmedsonlineinc.com\/se\/","name":"Global Meds Inc","description":"","publisher":{"@id":"https:\/\/globalmedsonlineinc.com\/se\/#organization"},"potentialAction":[{"@type":"SearchAction","target":{"@type":"EntryPoint","urlTemplate":"https:\/\/globalmedsonlineinc.com\/se\/?s={search_term_string}"},"query-input":{"@type":"PropertyValueSpecification","valueRequired":true,"valueName":"search_term_string"}}],"inLanguage":"sv-SE"},{"@type":"Organization","@id":"https:\/\/globalmedsonlineinc.com\/se\/#organization","name":"Global Meds Inc.","url":"https:\/\/globalmedsonlineinc.com\/se\/","logo":{"@type":"ImageObject","inLanguage":"sv-SE","@id":"https:\/\/globalmedsonlineinc.com\/se\/#\/schema\/logo\/image\/","url":"https:\/\/globalmedsonlineinc.com\/se\/content\/media\/uploads\/sites\/8\/2021\/06\/globalmedsonlineincLogoShop20210630123730.00.png","contentUrl":"https:\/\/globalmedsonlineinc.com\/se\/content\/media\/uploads\/sites\/8\/2021\/06\/globalmedsonlineincLogoShop20210630123730.00.png","width":450,"height":117,"caption":"Global Meds Inc."},"image":{"@id":"https:\/\/globalmedsonlineinc.com\/se\/#\/schema\/logo\/image\/"}}]}},"_links":{"self":[{"href":"https:\/\/globalmedsonlineinc.com\/se\/wp-json\/wp\/v2\/product\/8925","targetHints":{"allow":["GET"]}}],"collection":[{"href":"https:\/\/globalmedsonlineinc.com\/se\/wp-json\/wp\/v2\/product"}],"about":[{"href":"https:\/\/globalmedsonlineinc.com\/se\/wp-json\/wp\/v2\/types\/product"}],"replies":[{"embeddable":true,"href":"https:\/\/globalmedsonlineinc.com\/se\/wp-json\/wp\/v2\/comments?post=8925"}],"wp:featuredmedia":[{"embeddable":true,"href":"https:\/\/globalmedsonlineinc.com\/se\/wp-json\/wp\/v2\/media\/8964"}],"wp:attachment":[{"href":"https:\/\/globalmedsonlineinc.com\/se\/wp-json\/wp\/v2\/media?parent=8925"}],"wp:term":[{"taxonomy":"product_brand","embeddable":true,"href":"https:\/\/globalmedsonlineinc.com\/se\/wp-json\/wp\/v2\/product_brand?post=8925"},{"taxonomy":"product_cat","embeddable":true,"href":"https:\/\/globalmedsonlineinc.com\/se\/wp-json\/wp\/v2\/product_cat?post=8925"},{"taxonomy":"product_tag","embeddable":true,"href":"https:\/\/globalmedsonlineinc.com\/se\/wp-json\/wp\/v2\/product_tag?post=8925"}],"curies":[{"name":"wp","href":"https:\/\/api.w.org\/{rel}","templated":true}]}}