{"id":8924,"date":"2021-06-30T20:43:12","date_gmt":"2021-06-30T20:43:12","guid":{"rendered":"https:\/\/globalmedsonlineinc.com\/se\/?post_type=product&#038;p=8924"},"modified":"2024-02-21T09:52:15","modified_gmt":"2024-02-21T09:52:15","slug":"kop-nembutal-kapslar-online","status":"publish","type":"product","link":"https:\/\/globalmedsonlineinc.com\/se\/product\/nembutal-pentobarbital\/kop-nembutal-kapslar-online\/","title":{"rendered":"K\u00f6p Nembutal kapslar online"},"content":{"rendered":"<h1 class=\"lRu31\" dir=\"ltr\"><span class=\"HwtZe\" lang=\"sv\"><span class=\"jCAhz ChMk0b\"><span class=\"ryNqvb\">Nembutal kapslar till salu online<\/span><\/span><\/span><\/h1>\n<div class=\"lRu31\" dir=\"ltr\"><a href=\"https:\/\/globalmedsonlineinc.com\/se\/product\/nembutal-pentobarbital\/kop-nembutal-kapslar-online\/\"><span class=\"HwtZe\" lang=\"sv\"><span class=\"jCAhz ChMk0b\"><span class=\"ryNqvb\">Nembutal kapslar till salu online<\/span><\/span><\/span><\/a><span style=\"font-size: 1rem\">. M\u00f6t de b\u00e4sta leverant\u00f6rerna och \u00e5terf\u00f6rs\u00e4ljarna av Nembutal kapslar p\u00e5 v\u00e5rt Nembutal-apotek online.<\/span><\/div>\n<p>Letar du efter ett p\u00e5litligt och professionellt onlineapotek som kan hj\u00e4lpa dig att k\u00f6pa Nembutal kapslar online till b\u00e4sta pris? Om ja, d\u00e5 har du definitivt kommit till r\u00e4tt st\u00e4lle. Vi \u00e4r ett erk\u00e4nt onlineapotek som \u00e4r k\u00e4nt under namnet Online Nembutal Pharmacy. Eftersom vi \u00e4r de b\u00e4sta s\u00e4ljarna och leverant\u00f6rerna p\u00e5 online-marknaden har vi f\u00e5tt m\u00e5nga lojala kunder som regelbundet g\u00f6r ink\u00f6p f\u00f6r Nembutal kapslar fr\u00e5n v\u00e5rt online-apotek.<\/p>\n<p>\u00c4ven om du k\u00f6per Nembutal kapslar f\u00f6r f\u00f6rsta g\u00e5ngen fr\u00e5n v\u00e5rt onlineapotek beh\u00f6ver du inte oroa dig f\u00f6r n\u00e5gonting. Du kommer bara att f\u00e5 det b\u00e4sta h\u00e4rifr\u00e5n. Vi finns alltid h\u00e4r f\u00f6r att hj\u00e4lpa dig att k\u00f6pa Nembutal kapslar online p\u00e5 ett bekv\u00e4mt s\u00e4tt. Vi f\u00f6ljer korrekta industristandarder och f\u00f6rser v\u00e5ra kunder med sina produkter p\u00e5 samma s\u00e4tt. Inga <a href=\"https:\/\/en.wikipedia.org\/wiki\/Pentobarbital\">kompromisser<\/a> g\u00f6rs med kvaliteten, f\u00f6rpackningen eller leveransen av Nembutal kapslar av v\u00e5rt onlineapotek. Om du ser fram emot att k\u00f6pa Nembutal kapslar, kontakta oss idag och f\u00e5 dina krav uppfyllda p\u00e5 kort tid.<\/p>\n<p class=\"tt\"><strong>Varf\u00f6r \u00e4r det b\u00e4sta beslutet att v\u00e4lja Nembutal-apotek online f\u00f6r att k\u00f6pa Nembutal-kapslar?<\/strong><\/p>\n<p>Om du vill ha Nembutal kapslar p\u00e5 ett exakt s\u00e4tt med kvalitetskontrollerad och snabb leveransfacilitet, \u00e4r det alltid det b\u00e4sta valet att v\u00e4lja oss. Online Nembutal Pharmacy s\u00e4ljer Nembutal kapslar av b\u00e4sta kvalitet till \u00f6verkomliga priser \u00f6ver hela v\u00e4rlden. En sak som h\u00e5ller oss p\u00e5 r\u00e4tt sp\u00e5r \u00e4r att vi inte anv\u00e4nder mellanh\u00e4nder i v\u00e5r transaktionsprocess. Vi kommunicerar direkt med kunderna och slutf\u00f6r deras best\u00e4llning i tid.<\/p>\n<p>F\u00f6r att vi har arbetat inom detta omr\u00e5de under en l\u00e5ng tid har vi blivit uppskattade av v\u00e5ra kunder i form av positiva recensioner och feedbacks. V\u00e5rt team ser till att Nembutal Capsules n\u00e5r fram till kunderna p\u00e5 ett s\u00e4kert s\u00e4tt. Med varje produkt tillhandah\u00e5ller vi en bifogad upps\u00e4ttning instruktioner. Dessa instruktioner hj\u00e4lper dig att hantera din medicinering p\u00e5 Nembutal Capsules p\u00e5 ett skyddat s\u00e4tt.<\/p>\n<p>V\u00e5ra utm\u00e4rkta tj\u00e4nster \u00e4r hela tiden tillg\u00e4ngliga f\u00f6r dig. Du kan f\u00e5 mer information om medicineringen p\u00e5 Nembutal kapslar med hj\u00e4lp av v\u00e5rt onlineapotek. Tidigare brukade m\u00e4nniskor k\u00e4mpa med att k\u00f6pa Nembutal kapslar. Men med tidens framsteg har v\u00e5rt onlineapotek kommit med Nembutal-produkter. Du kan k\u00f6pa dem n\u00e4r som helst och var som helst.<\/p>\n<p>God kvalitet nembutal kapslar online: Det \u00e4r helt f\u00f6rst\u00e5tt att m\u00e4nniskor inte snabbt litar p\u00e5 kvaliteten p\u00e5 nembutalkapslar som s\u00e4ljs p\u00e5 n\u00e4tet eftersom de inte kan unders\u00f6ka dem fysiskt. Men det \u00e4r inte samma sak med online leverant\u00f6rer av nembutal kapslar online. Produkterna h\u00e4r \u00e4r trogna sin beskrivning med h\u00f6gkvalitativt underh\u00e5ll som g\u00f6rs under experternas \u00f6verinseende.<\/p>\n<p>Snabb &amp; amp; Diskret leverans: Leveransen av nembutal kapslar online efter mottagandet av best\u00e4llningen sker inom den utlovade tidsramen. Fraktteamet l\u00e4gger all sin kraft p\u00e5 att g\u00f6ra frakt- och leveransf\u00f6rfarandet smidigt och snabbt. Du kan ocks\u00e5 f\u00f6rv\u00e4nta dig utm\u00e4rkta tj\u00e4nster n\u00e4r du k\u00f6per nembutalkapslar online fr\u00e5n proffsen p\u00e5 onlineplattformen.<\/p>\n","protected":false},"excerpt":{"rendered":"<p><strong>Hur best\u00e4ller man Nembutal kapslar online?<\/strong><\/p>\n<p>P\u00e5 v\u00e5r officiella webbplats kan du l\u00e4gga till ditt krav f\u00f6r att k\u00f6pa Nembutal kapslar online till b\u00e4sta pris och f\u00e5 det utf\u00f6rt p\u00e5 kort tid. Din best\u00e4llning \u00e4r v\u00e5rt ansvar. Kontakta oss idag och f\u00e5 Nembutal kapslar till salu p\u00e5 enklast m\u00f6jliga s\u00e4tt!<\/p>\n","protected":false},"featured_media":8961,"comment_status":"closed","ping_status":"closed","template":"","meta":{"_acf_changed":false,"_monsterinsights_skip_tracking":false,"_monsterinsights_sitenote_active":false,"_monsterinsights_sitenote_note":"","_monsterinsights_sitenote_category":0},"product_brand":[],"product_cat":[87],"product_tag":[],"class_list":{"0":"post-8924","1":"product","2":"type-product","3":"status-publish","4":"has-post-thumbnail","6":"product_cat-nembutal-pentobarbital","8":"first","9":"instock","10":"featured","11":"shipping-taxable","12":"purchasable","13":"product-type-variable","14":"has-default-attributes"},"acf":[],"yoast_head":"<!-- This site is optimized with the Yoast SEO plugin v27.2 - https:\/\/yoast.com\/product\/yoast-seo-wordpress\/ -->\n<title>Nembutal kapslar till salu online | Global Meds Inc.<\/title>\n<meta name=\"description\" content=\"Nembutal kapslar till salu online. Vi s\u00e4ljer Nembutal-piller av b\u00e4sta kvalitet. Kontakta oss g\u00e4rna f\u00f6r mer information och priser.\" \/>\n<meta name=\"robots\" content=\"index, follow, max-snippet:-1, max-image-preview:large, max-video-preview:-1\" \/>\n<link rel=\"canonical\" href=\"https:\/\/globalmedsonlineinc.com\/se\/product\/nembutal-pentobarbital\/kop-nembutal-kapslar-online\/\" \/>\n<meta property=\"og:locale\" content=\"sv_SE\" \/>\n<meta property=\"og:type\" content=\"article\" \/>\n<meta property=\"og:title\" content=\"Nembutal kapslar till salu online | Global Meds Inc.\" \/>\n<meta property=\"og:description\" content=\"Nembutal kapslar till salu online. Vi s\u00e4ljer Nembutal-piller av b\u00e4sta kvalitet. Kontakta oss g\u00e4rna f\u00f6r mer information och priser.\" \/>\n<meta property=\"og:url\" content=\"https:\/\/globalmedsonlineinc.com\/se\/product\/nembutal-pentobarbital\/kop-nembutal-kapslar-online\/\" \/>\n<meta property=\"og:site_name\" content=\"Global Meds Inc\" \/>\n<meta property=\"article:modified_time\" content=\"2024-02-21T09:52:15+00:00\" \/>\n<meta property=\"og:image\" content=\"https:\/\/globalmedsonlineinc.com\/se\/content\/media\/uploads\/sites\/8\/2021\/06\/nembutal-capsules.jpg\" \/>\n\t<meta property=\"og:image:width\" content=\"600\" \/>\n\t<meta property=\"og:image:height\" content=\"600\" \/>\n\t<meta property=\"og:image:type\" content=\"image\/jpeg\" \/>\n<meta name=\"twitter:card\" content=\"summary_large_image\" \/>\n<meta name=\"twitter:label1\" content=\"Ber\u00e4knad l\u00e4stid\" \/>\n\t<meta name=\"twitter:data1\" content=\"3 minuter\" \/>\n<script type=\"application\/ld+json\" class=\"yoast-schema-graph\">{\"@context\":\"https:\/\/schema.org\",\"@graph\":[{\"@type\":\"WebPage\",\"@id\":\"https:\/\/globalmedsonlineinc.com\/se\/product\/nembutal-pentobarbital\/kop-nembutal-kapslar-online\/\",\"url\":\"https:\/\/globalmedsonlineinc.com\/se\/product\/nembutal-pentobarbital\/kop-nembutal-kapslar-online\/\",\"name\":\"Nembutal kapslar till salu online | Global Meds Inc.\",\"isPartOf\":{\"@id\":\"https:\/\/globalmedsonlineinc.com\/se\/#website\"},\"primaryImageOfPage\":{\"@id\":\"https:\/\/globalmedsonlineinc.com\/se\/product\/nembutal-pentobarbital\/kop-nembutal-kapslar-online\/#primaryimage\"},\"image\":{\"@id\":\"https:\/\/globalmedsonlineinc.com\/se\/product\/nembutal-pentobarbital\/kop-nembutal-kapslar-online\/#primaryimage\"},\"thumbnailUrl\":\"https:\/\/globalmedsonlineinc.com\/se\/content\/media\/uploads\/sites\/8\/2021\/06\/nembutal-capsules.jpg\",\"datePublished\":\"2021-06-30T20:43:12+00:00\",\"dateModified\":\"2024-02-21T09:52:15+00:00\",\"description\":\"Nembutal kapslar till salu online. Vi s\u00e4ljer Nembutal-piller av b\u00e4sta kvalitet. Kontakta oss g\u00e4rna f\u00f6r mer information och priser.\",\"breadcrumb\":{\"@id\":\"https:\/\/globalmedsonlineinc.com\/se\/product\/nembutal-pentobarbital\/kop-nembutal-kapslar-online\/#breadcrumb\"},\"inLanguage\":\"sv-SE\",\"potentialAction\":[{\"@type\":\"ReadAction\",\"target\":[\"https:\/\/globalmedsonlineinc.com\/se\/product\/nembutal-pentobarbital\/kop-nembutal-kapslar-online\/\"]}]},{\"@type\":\"ImageObject\",\"inLanguage\":\"sv-SE\",\"@id\":\"https:\/\/globalmedsonlineinc.com\/se\/product\/nembutal-pentobarbital\/kop-nembutal-kapslar-online\/#primaryimage\",\"url\":\"https:\/\/globalmedsonlineinc.com\/se\/content\/media\/uploads\/sites\/8\/2021\/06\/nembutal-capsules.jpg\",\"contentUrl\":\"https:\/\/globalmedsonlineinc.com\/se\/content\/media\/uploads\/sites\/8\/2021\/06\/nembutal-capsules.jpg\",\"width\":600,\"height\":600,\"caption\":\"Nembutal kapslar till salu online\"},{\"@type\":\"BreadcrumbList\",\"@id\":\"https:\/\/globalmedsonlineinc.com\/se\/product\/nembutal-pentobarbital\/kop-nembutal-kapslar-online\/#breadcrumb\",\"itemListElement\":[{\"@type\":\"ListItem\",\"position\":1,\"name\":\"Home\",\"item\":\"https:\/\/globalmedsonlineinc.com\/se\/\"},{\"@type\":\"ListItem\",\"position\":2,\"name\":\"Produkter\",\"item\":\"https:\/\/globalmedsonlineinc.com\/se\/produkter\/\"},{\"@type\":\"ListItem\",\"position\":3,\"name\":\"K\u00f6p Nembutal kapslar online\"}]},{\"@type\":\"WebSite\",\"@id\":\"https:\/\/globalmedsonlineinc.com\/se\/#website\",\"url\":\"https:\/\/globalmedsonlineinc.com\/se\/\",\"name\":\"Global Meds Inc\",\"description\":\"\",\"publisher\":{\"@id\":\"https:\/\/globalmedsonlineinc.com\/se\/#organization\"},\"potentialAction\":[{\"@type\":\"SearchAction\",\"target\":{\"@type\":\"EntryPoint\",\"urlTemplate\":\"https:\/\/globalmedsonlineinc.com\/se\/?s={search_term_string}\"},\"query-input\":{\"@type\":\"PropertyValueSpecification\",\"valueRequired\":true,\"valueName\":\"search_term_string\"}}],\"inLanguage\":\"sv-SE\"},{\"@type\":\"Organization\",\"@id\":\"https:\/\/globalmedsonlineinc.com\/se\/#organization\",\"name\":\"Global Meds Inc.\",\"url\":\"https:\/\/globalmedsonlineinc.com\/se\/\",\"logo\":{\"@type\":\"ImageObject\",\"inLanguage\":\"sv-SE\",\"@id\":\"https:\/\/globalmedsonlineinc.com\/se\/#\/schema\/logo\/image\/\",\"url\":\"https:\/\/globalmedsonlineinc.com\/se\/content\/media\/uploads\/sites\/8\/2021\/06\/globalmedsonlineincLogoShop20210630123730.00.png\",\"contentUrl\":\"https:\/\/globalmedsonlineinc.com\/se\/content\/media\/uploads\/sites\/8\/2021\/06\/globalmedsonlineincLogoShop20210630123730.00.png\",\"width\":450,\"height\":117,\"caption\":\"Global Meds Inc.\"},\"image\":{\"@id\":\"https:\/\/globalmedsonlineinc.com\/se\/#\/schema\/logo\/image\/\"}}]}<\/script>\n<!-- \/ Yoast SEO plugin. -->","yoast_head_json":{"title":"Nembutal kapslar till salu online | Global Meds Inc.","description":"Nembutal kapslar till salu online. Vi s\u00e4ljer Nembutal-piller av b\u00e4sta kvalitet. Kontakta oss g\u00e4rna f\u00f6r mer information och priser.","robots":{"index":"index","follow":"follow","max-snippet":"max-snippet:-1","max-image-preview":"max-image-preview:large","max-video-preview":"max-video-preview:-1"},"canonical":"https:\/\/globalmedsonlineinc.com\/se\/product\/nembutal-pentobarbital\/kop-nembutal-kapslar-online\/","og_locale":"sv_SE","og_type":"article","og_title":"Nembutal kapslar till salu online | Global Meds Inc.","og_description":"Nembutal kapslar till salu online. Vi s\u00e4ljer Nembutal-piller av b\u00e4sta kvalitet. Kontakta oss g\u00e4rna f\u00f6r mer information och priser.","og_url":"https:\/\/globalmedsonlineinc.com\/se\/product\/nembutal-pentobarbital\/kop-nembutal-kapslar-online\/","og_site_name":"Global Meds Inc","article_modified_time":"2024-02-21T09:52:15+00:00","og_image":[{"width":600,"height":600,"url":"https:\/\/globalmedsonlineinc.com\/se\/content\/media\/uploads\/sites\/8\/2021\/06\/nembutal-capsules.jpg","type":"image\/jpeg"}],"twitter_card":"summary_large_image","twitter_misc":{"Ber\u00e4knad l\u00e4stid":"3 minuter"},"schema":{"@context":"https:\/\/schema.org","@graph":[{"@type":"WebPage","@id":"https:\/\/globalmedsonlineinc.com\/se\/product\/nembutal-pentobarbital\/kop-nembutal-kapslar-online\/","url":"https:\/\/globalmedsonlineinc.com\/se\/product\/nembutal-pentobarbital\/kop-nembutal-kapslar-online\/","name":"Nembutal kapslar till salu online | Global Meds Inc.","isPartOf":{"@id":"https:\/\/globalmedsonlineinc.com\/se\/#website"},"primaryImageOfPage":{"@id":"https:\/\/globalmedsonlineinc.com\/se\/product\/nembutal-pentobarbital\/kop-nembutal-kapslar-online\/#primaryimage"},"image":{"@id":"https:\/\/globalmedsonlineinc.com\/se\/product\/nembutal-pentobarbital\/kop-nembutal-kapslar-online\/#primaryimage"},"thumbnailUrl":"https:\/\/globalmedsonlineinc.com\/se\/content\/media\/uploads\/sites\/8\/2021\/06\/nembutal-capsules.jpg","datePublished":"2021-06-30T20:43:12+00:00","dateModified":"2024-02-21T09:52:15+00:00","description":"Nembutal kapslar till salu online. Vi s\u00e4ljer Nembutal-piller av b\u00e4sta kvalitet. Kontakta oss g\u00e4rna f\u00f6r mer information och priser.","breadcrumb":{"@id":"https:\/\/globalmedsonlineinc.com\/se\/product\/nembutal-pentobarbital\/kop-nembutal-kapslar-online\/#breadcrumb"},"inLanguage":"sv-SE","potentialAction":[{"@type":"ReadAction","target":["https:\/\/globalmedsonlineinc.com\/se\/product\/nembutal-pentobarbital\/kop-nembutal-kapslar-online\/"]}]},{"@type":"ImageObject","inLanguage":"sv-SE","@id":"https:\/\/globalmedsonlineinc.com\/se\/product\/nembutal-pentobarbital\/kop-nembutal-kapslar-online\/#primaryimage","url":"https:\/\/globalmedsonlineinc.com\/se\/content\/media\/uploads\/sites\/8\/2021\/06\/nembutal-capsules.jpg","contentUrl":"https:\/\/globalmedsonlineinc.com\/se\/content\/media\/uploads\/sites\/8\/2021\/06\/nembutal-capsules.jpg","width":600,"height":600,"caption":"Nembutal kapslar till salu online"},{"@type":"BreadcrumbList","@id":"https:\/\/globalmedsonlineinc.com\/se\/product\/nembutal-pentobarbital\/kop-nembutal-kapslar-online\/#breadcrumb","itemListElement":[{"@type":"ListItem","position":1,"name":"Home","item":"https:\/\/globalmedsonlineinc.com\/se\/"},{"@type":"ListItem","position":2,"name":"Produkter","item":"https:\/\/globalmedsonlineinc.com\/se\/produkter\/"},{"@type":"ListItem","position":3,"name":"K\u00f6p Nembutal kapslar online"}]},{"@type":"WebSite","@id":"https:\/\/globalmedsonlineinc.com\/se\/#website","url":"https:\/\/globalmedsonlineinc.com\/se\/","name":"Global Meds Inc","description":"","publisher":{"@id":"https:\/\/globalmedsonlineinc.com\/se\/#organization"},"potentialAction":[{"@type":"SearchAction","target":{"@type":"EntryPoint","urlTemplate":"https:\/\/globalmedsonlineinc.com\/se\/?s={search_term_string}"},"query-input":{"@type":"PropertyValueSpecification","valueRequired":true,"valueName":"search_term_string"}}],"inLanguage":"sv-SE"},{"@type":"Organization","@id":"https:\/\/globalmedsonlineinc.com\/se\/#organization","name":"Global Meds Inc.","url":"https:\/\/globalmedsonlineinc.com\/se\/","logo":{"@type":"ImageObject","inLanguage":"sv-SE","@id":"https:\/\/globalmedsonlineinc.com\/se\/#\/schema\/logo\/image\/","url":"https:\/\/globalmedsonlineinc.com\/se\/content\/media\/uploads\/sites\/8\/2021\/06\/globalmedsonlineincLogoShop20210630123730.00.png","contentUrl":"https:\/\/globalmedsonlineinc.com\/se\/content\/media\/uploads\/sites\/8\/2021\/06\/globalmedsonlineincLogoShop20210630123730.00.png","width":450,"height":117,"caption":"Global Meds Inc."},"image":{"@id":"https:\/\/globalmedsonlineinc.com\/se\/#\/schema\/logo\/image\/"}}]}},"_links":{"self":[{"href":"https:\/\/globalmedsonlineinc.com\/se\/wp-json\/wp\/v2\/product\/8924","targetHints":{"allow":["GET"]}}],"collection":[{"href":"https:\/\/globalmedsonlineinc.com\/se\/wp-json\/wp\/v2\/product"}],"about":[{"href":"https:\/\/globalmedsonlineinc.com\/se\/wp-json\/wp\/v2\/types\/product"}],"replies":[{"embeddable":true,"href":"https:\/\/globalmedsonlineinc.com\/se\/wp-json\/wp\/v2\/comments?post=8924"}],"wp:featuredmedia":[{"embeddable":true,"href":"https:\/\/globalmedsonlineinc.com\/se\/wp-json\/wp\/v2\/media\/8961"}],"wp:attachment":[{"href":"https:\/\/globalmedsonlineinc.com\/se\/wp-json\/wp\/v2\/media?parent=8924"}],"wp:term":[{"taxonomy":"product_brand","embeddable":true,"href":"https:\/\/globalmedsonlineinc.com\/se\/wp-json\/wp\/v2\/product_brand?post=8924"},{"taxonomy":"product_cat","embeddable":true,"href":"https:\/\/globalmedsonlineinc.com\/se\/wp-json\/wp\/v2\/product_cat?post=8924"},{"taxonomy":"product_tag","embeddable":true,"href":"https:\/\/globalmedsonlineinc.com\/se\/wp-json\/wp\/v2\/product_tag?post=8924"}],"curies":[{"name":"wp","href":"https:\/\/api.w.org\/{rel}","templated":true}]}}