{"id":8921,"date":"2021-06-30T20:42:49","date_gmt":"2021-06-30T20:42:49","guid":{"rendered":"https:\/\/globalmedsonlineinc.com\/se\/?post_type=product&#038;p=8921"},"modified":"2024-02-21T09:57:04","modified_gmt":"2024-02-21T09:57:04","slug":"kop-brallobarbital-vesparax-online","status":"publish","type":"product","link":"https:\/\/globalmedsonlineinc.com\/se\/product\/nembutal-pentobarbital\/kop-brallobarbital-vesparax-online\/","title":{"rendered":"K\u00f6p Brallobarbital (Vesparax) online"},"content":{"rendered":"<h1>Brallobarbital till salu online utan recept<\/h1>\n<p class=\"tt\"><a href=\"https:\/\/globalmedsonlineinc.com\/se\/product\/nembutal-pentobarbital\/brallobarbital-vesparax\/\">Brallobarbital till salu<\/a> online utan recept. K\u00f6p Brallobarbital (Vesparax) online fr\u00e5n det professionella apoteket<\/p>\n<p>Nembutal-apoteket p\u00e5 n\u00e4tet handlar med Brallobarbital (Vesparax) p\u00e5 onlineplattformen och levererar det inom tidsramen till kunder som har gjort en best\u00e4llning p\u00e5 det. Vi \u00e4r ett professionellt onlineapotek d\u00e4r du kan k\u00f6pa Vesparax online till b\u00e4sta m\u00f6jliga pris. V\u00e5ra priser \u00e4r makal\u00f6sa och \u00f6verkomliga f\u00f6r alla. Vi har ocks\u00e5 ett team <a href=\"https:\/\/en.wikipedia.org\/wiki\/Brallobarbital\">som<\/a> kommer att uppfylla dina behov och krav g\u00e4llande Nembutal Brallobarbital p\u00e5 ett bekv\u00e4mt s\u00e4tt. Du kan nu effektivt k\u00f6pa Nembutal Brallobarbital fr\u00e5n v\u00e5rt apotek och f\u00e5 det inom kort vid din d\u00f6rr.<\/p>\n<h6 class=\"tt\">Vad \u00e4r Brallobarbital (Vesparax) och vad anv\u00e4nds det?<\/h6>\n<p>Vesparax betraktas allm\u00e4nt som ett atypiskt antipsykotiskt l\u00e4kemedel. Det fungerar genom att f\u00f6r\u00e4ndra aktiviteterna hos de kemikalier som finns i hj\u00e4rnan. Detta l\u00e4kemedel har befunnits l\u00e4mpligt att anv\u00e4ndas av endast vuxna och b\u00f6r inte ges till n\u00e5gon under 18 \u00e5r.<\/p>\n<h6><strong>Anv\u00e4ndningarna av Vesparax inkluderar f\u00f6ljande:<\/strong><\/h6>\n<p>.<\/p>\n<ul>\n<li style=\"list-style-type: none\">\n<ul>\n<li>Hj\u00e4lper vid behandling av schizofreni hos vuxna och barn<\/li>\n<\/ul>\n<\/li>\n<\/ul>\n<p>.<\/p>\n<ul>\n<li>Indikerat f\u00f6r behandling av bipol\u00e4r sjukdom hos vuxna och barn<\/li>\n<li>Anv\u00e4nds i kombination med antidepressiva medel f\u00f6r att behandla sv\u00e5r depression hos vuxna<\/li>\n<\/ul>\n<p>Bra kvalitet Brallobarbital (Vesparax) online: Det \u00e4r helt f\u00f6rst\u00e5tt att m\u00e4nniskor inte snabbt litar p\u00e5 kvaliteten p\u00e5 Brallobarbital online som s\u00e4ljs online eftersom de inte kan unders\u00f6ka det fysiskt. Men det \u00e4r inte samma sak med Online Brallobarbital online leverant\u00f6rer. Produkterna h\u00e4r \u00e4r trogna sin beskrivning med h\u00f6gkvalitativt underh\u00e5ll som g\u00f6rs under experternas \u00f6verinseende.<\/p>\n<p>Snabb &amp;; Diskret leverans: Leveransen av Brallobarbital online efter mottagandet av best\u00e4llningen sker inom den utlovade tidsramen. Fraktteamet l\u00e4gger all sin m\u00f6da p\u00e5 att g\u00f6ra frakt- och leveransf\u00f6rfarandet smidigt och snabbt. Du kan ocks\u00e5 f\u00f6rv\u00e4nta dig utm\u00e4rkta tj\u00e4nster n\u00e4r du k\u00f6per Brallobarbital online fr\u00e5n proffsen p\u00e5 onlineplattformen.<\/p>\n","protected":false},"excerpt":{"rendered":"<p><strong>Har du kontakt med Nembutal-apotek online<\/strong>?<\/p>\n<p>Online Nembutal Pharmacy \u00e4r nu bara ett klick bort! Du kan ringa oss, skicka ett sms eller skicka ett e-postmeddelande f\u00f6r att f\u00e5 dina fr\u00e5gor besvarade. Vi kommer att utf\u00f6ra din best\u00e4llning inom den utlovade tidsperioden f\u00f6r s\u00e4ker. Sl\u00e5 din best\u00e4llning f\u00f6r att k\u00f6pa Vesparax online nu!<\/p>\n","protected":false},"featured_media":8952,"comment_status":"open","ping_status":"closed","template":"","meta":{"_acf_changed":false,"_monsterinsights_skip_tracking":false,"_monsterinsights_sitenote_active":false,"_monsterinsights_sitenote_note":"","_monsterinsights_sitenote_category":0},"product_brand":[],"product_cat":[87],"product_tag":[],"class_list":{"0":"post-8921","1":"product","2":"type-product","3":"status-publish","4":"has-post-thumbnail","6":"product_cat-nembutal-pentobarbital","8":"first","9":"instock","10":"shipping-taxable","11":"purchasable","12":"product-type-variable","13":"has-default-attributes"},"acf":[],"yoast_head":"<!-- This site is optimized with the Yoast SEO plugin v27.2 - https:\/\/yoast.com\/product\/yoast-seo-wordpress\/ -->\n<title>Brallobarbital till salu online utan recept | Global Meds Inc.<\/title>\n<meta name=\"description\" content=\"Brallobarbital till salu online utan recept. Vi s\u00e4ljer brallobarbital-piller av b\u00e4sta kvalitet. Kontakta oss g\u00e4rna f\u00f6r mer information och priser.\" \/>\n<meta name=\"robots\" content=\"index, follow, max-snippet:-1, max-image-preview:large, max-video-preview:-1\" \/>\n<link rel=\"canonical\" href=\"https:\/\/globalmedsonlineinc.com\/se\/product\/nembutal-pentobarbital\/kop-brallobarbital-vesparax-online\/\" \/>\n<meta property=\"og:locale\" content=\"sv_SE\" \/>\n<meta property=\"og:type\" content=\"article\" \/>\n<meta property=\"og:title\" content=\"Brallobarbital till salu online utan recept | Global Meds Inc.\" \/>\n<meta property=\"og:description\" content=\"Brallobarbital till salu online utan recept. Vi s\u00e4ljer brallobarbital-piller av b\u00e4sta kvalitet. Kontakta oss g\u00e4rna f\u00f6r mer information och priser.\" \/>\n<meta property=\"og:url\" content=\"https:\/\/globalmedsonlineinc.com\/se\/product\/nembutal-pentobarbital\/kop-brallobarbital-vesparax-online\/\" \/>\n<meta property=\"og:site_name\" content=\"Global Meds Inc\" \/>\n<meta property=\"article:modified_time\" content=\"2024-02-21T09:57:04+00:00\" \/>\n<meta property=\"og:image\" content=\"https:\/\/globalmedsonlineinc.com\/se\/content\/media\/uploads\/sites\/8\/2021\/06\/brallobarbital-Vesparax.jpg\" \/>\n\t<meta property=\"og:image:width\" content=\"600\" \/>\n\t<meta property=\"og:image:height\" content=\"600\" \/>\n\t<meta property=\"og:image:type\" content=\"image\/jpeg\" \/>\n<meta name=\"twitter:card\" content=\"summary_large_image\" \/>\n<meta name=\"twitter:label1\" content=\"Ber\u00e4knad l\u00e4stid\" \/>\n\t<meta name=\"twitter:data1\" content=\"2 minuter\" \/>\n<script type=\"application\/ld+json\" class=\"yoast-schema-graph\">{\"@context\":\"https:\/\/schema.org\",\"@graph\":[{\"@type\":\"WebPage\",\"@id\":\"https:\/\/globalmedsonlineinc.com\/se\/product\/nembutal-pentobarbital\/kop-brallobarbital-vesparax-online\/\",\"url\":\"https:\/\/globalmedsonlineinc.com\/se\/product\/nembutal-pentobarbital\/kop-brallobarbital-vesparax-online\/\",\"name\":\"Brallobarbital till salu online utan recept | Global Meds Inc.\",\"isPartOf\":{\"@id\":\"https:\/\/globalmedsonlineinc.com\/se\/#website\"},\"primaryImageOfPage\":{\"@id\":\"https:\/\/globalmedsonlineinc.com\/se\/product\/nembutal-pentobarbital\/kop-brallobarbital-vesparax-online\/#primaryimage\"},\"image\":{\"@id\":\"https:\/\/globalmedsonlineinc.com\/se\/product\/nembutal-pentobarbital\/kop-brallobarbital-vesparax-online\/#primaryimage\"},\"thumbnailUrl\":\"https:\/\/globalmedsonlineinc.com\/se\/content\/media\/uploads\/sites\/8\/2021\/06\/brallobarbital-Vesparax.jpg\",\"datePublished\":\"2021-06-30T20:42:49+00:00\",\"dateModified\":\"2024-02-21T09:57:04+00:00\",\"description\":\"Brallobarbital till salu online utan recept. Vi s\u00e4ljer brallobarbital-piller av b\u00e4sta kvalitet. Kontakta oss g\u00e4rna f\u00f6r mer information och priser.\",\"breadcrumb\":{\"@id\":\"https:\/\/globalmedsonlineinc.com\/se\/product\/nembutal-pentobarbital\/kop-brallobarbital-vesparax-online\/#breadcrumb\"},\"inLanguage\":\"sv-SE\",\"potentialAction\":[{\"@type\":\"ReadAction\",\"target\":[\"https:\/\/globalmedsonlineinc.com\/se\/product\/nembutal-pentobarbital\/kop-brallobarbital-vesparax-online\/\"]}]},{\"@type\":\"ImageObject\",\"inLanguage\":\"sv-SE\",\"@id\":\"https:\/\/globalmedsonlineinc.com\/se\/product\/nembutal-pentobarbital\/kop-brallobarbital-vesparax-online\/#primaryimage\",\"url\":\"https:\/\/globalmedsonlineinc.com\/se\/content\/media\/uploads\/sites\/8\/2021\/06\/brallobarbital-Vesparax.jpg\",\"contentUrl\":\"https:\/\/globalmedsonlineinc.com\/se\/content\/media\/uploads\/sites\/8\/2021\/06\/brallobarbital-Vesparax.jpg\",\"width\":600,\"height\":600,\"caption\":\"Brallobarbital till salu online utan recept\"},{\"@type\":\"BreadcrumbList\",\"@id\":\"https:\/\/globalmedsonlineinc.com\/se\/product\/nembutal-pentobarbital\/kop-brallobarbital-vesparax-online\/#breadcrumb\",\"itemListElement\":[{\"@type\":\"ListItem\",\"position\":1,\"name\":\"Home\",\"item\":\"https:\/\/globalmedsonlineinc.com\/se\/\"},{\"@type\":\"ListItem\",\"position\":2,\"name\":\"Produkter\",\"item\":\"https:\/\/globalmedsonlineinc.com\/se\/produkter\/\"},{\"@type\":\"ListItem\",\"position\":3,\"name\":\"K\u00f6p Brallobarbital (Vesparax) online\"}]},{\"@type\":\"WebSite\",\"@id\":\"https:\/\/globalmedsonlineinc.com\/se\/#website\",\"url\":\"https:\/\/globalmedsonlineinc.com\/se\/\",\"name\":\"Global Meds Inc\",\"description\":\"\",\"publisher\":{\"@id\":\"https:\/\/globalmedsonlineinc.com\/se\/#organization\"},\"potentialAction\":[{\"@type\":\"SearchAction\",\"target\":{\"@type\":\"EntryPoint\",\"urlTemplate\":\"https:\/\/globalmedsonlineinc.com\/se\/?s={search_term_string}\"},\"query-input\":{\"@type\":\"PropertyValueSpecification\",\"valueRequired\":true,\"valueName\":\"search_term_string\"}}],\"inLanguage\":\"sv-SE\"},{\"@type\":\"Organization\",\"@id\":\"https:\/\/globalmedsonlineinc.com\/se\/#organization\",\"name\":\"Global Meds Inc.\",\"url\":\"https:\/\/globalmedsonlineinc.com\/se\/\",\"logo\":{\"@type\":\"ImageObject\",\"inLanguage\":\"sv-SE\",\"@id\":\"https:\/\/globalmedsonlineinc.com\/se\/#\/schema\/logo\/image\/\",\"url\":\"https:\/\/globalmedsonlineinc.com\/se\/content\/media\/uploads\/sites\/8\/2021\/06\/globalmedsonlineincLogoShop20210630123730.00.png\",\"contentUrl\":\"https:\/\/globalmedsonlineinc.com\/se\/content\/media\/uploads\/sites\/8\/2021\/06\/globalmedsonlineincLogoShop20210630123730.00.png\",\"width\":450,\"height\":117,\"caption\":\"Global Meds Inc.\"},\"image\":{\"@id\":\"https:\/\/globalmedsonlineinc.com\/se\/#\/schema\/logo\/image\/\"}}]}<\/script>\n<!-- \/ Yoast SEO plugin. -->","yoast_head_json":{"title":"Brallobarbital till salu online utan recept | Global Meds Inc.","description":"Brallobarbital till salu online utan recept. Vi s\u00e4ljer brallobarbital-piller av b\u00e4sta kvalitet. Kontakta oss g\u00e4rna f\u00f6r mer information och priser.","robots":{"index":"index","follow":"follow","max-snippet":"max-snippet:-1","max-image-preview":"max-image-preview:large","max-video-preview":"max-video-preview:-1"},"canonical":"https:\/\/globalmedsonlineinc.com\/se\/product\/nembutal-pentobarbital\/kop-brallobarbital-vesparax-online\/","og_locale":"sv_SE","og_type":"article","og_title":"Brallobarbital till salu online utan recept | Global Meds Inc.","og_description":"Brallobarbital till salu online utan recept. Vi s\u00e4ljer brallobarbital-piller av b\u00e4sta kvalitet. Kontakta oss g\u00e4rna f\u00f6r mer information och priser.","og_url":"https:\/\/globalmedsonlineinc.com\/se\/product\/nembutal-pentobarbital\/kop-brallobarbital-vesparax-online\/","og_site_name":"Global Meds Inc","article_modified_time":"2024-02-21T09:57:04+00:00","og_image":[{"width":600,"height":600,"url":"https:\/\/globalmedsonlineinc.com\/se\/content\/media\/uploads\/sites\/8\/2021\/06\/brallobarbital-Vesparax.jpg","type":"image\/jpeg"}],"twitter_card":"summary_large_image","twitter_misc":{"Ber\u00e4knad l\u00e4stid":"2 minuter"},"schema":{"@context":"https:\/\/schema.org","@graph":[{"@type":"WebPage","@id":"https:\/\/globalmedsonlineinc.com\/se\/product\/nembutal-pentobarbital\/kop-brallobarbital-vesparax-online\/","url":"https:\/\/globalmedsonlineinc.com\/se\/product\/nembutal-pentobarbital\/kop-brallobarbital-vesparax-online\/","name":"Brallobarbital till salu online utan recept | Global Meds Inc.","isPartOf":{"@id":"https:\/\/globalmedsonlineinc.com\/se\/#website"},"primaryImageOfPage":{"@id":"https:\/\/globalmedsonlineinc.com\/se\/product\/nembutal-pentobarbital\/kop-brallobarbital-vesparax-online\/#primaryimage"},"image":{"@id":"https:\/\/globalmedsonlineinc.com\/se\/product\/nembutal-pentobarbital\/kop-brallobarbital-vesparax-online\/#primaryimage"},"thumbnailUrl":"https:\/\/globalmedsonlineinc.com\/se\/content\/media\/uploads\/sites\/8\/2021\/06\/brallobarbital-Vesparax.jpg","datePublished":"2021-06-30T20:42:49+00:00","dateModified":"2024-02-21T09:57:04+00:00","description":"Brallobarbital till salu online utan recept. Vi s\u00e4ljer brallobarbital-piller av b\u00e4sta kvalitet. Kontakta oss g\u00e4rna f\u00f6r mer information och priser.","breadcrumb":{"@id":"https:\/\/globalmedsonlineinc.com\/se\/product\/nembutal-pentobarbital\/kop-brallobarbital-vesparax-online\/#breadcrumb"},"inLanguage":"sv-SE","potentialAction":[{"@type":"ReadAction","target":["https:\/\/globalmedsonlineinc.com\/se\/product\/nembutal-pentobarbital\/kop-brallobarbital-vesparax-online\/"]}]},{"@type":"ImageObject","inLanguage":"sv-SE","@id":"https:\/\/globalmedsonlineinc.com\/se\/product\/nembutal-pentobarbital\/kop-brallobarbital-vesparax-online\/#primaryimage","url":"https:\/\/globalmedsonlineinc.com\/se\/content\/media\/uploads\/sites\/8\/2021\/06\/brallobarbital-Vesparax.jpg","contentUrl":"https:\/\/globalmedsonlineinc.com\/se\/content\/media\/uploads\/sites\/8\/2021\/06\/brallobarbital-Vesparax.jpg","width":600,"height":600,"caption":"Brallobarbital till salu online utan recept"},{"@type":"BreadcrumbList","@id":"https:\/\/globalmedsonlineinc.com\/se\/product\/nembutal-pentobarbital\/kop-brallobarbital-vesparax-online\/#breadcrumb","itemListElement":[{"@type":"ListItem","position":1,"name":"Home","item":"https:\/\/globalmedsonlineinc.com\/se\/"},{"@type":"ListItem","position":2,"name":"Produkter","item":"https:\/\/globalmedsonlineinc.com\/se\/produkter\/"},{"@type":"ListItem","position":3,"name":"K\u00f6p Brallobarbital (Vesparax) online"}]},{"@type":"WebSite","@id":"https:\/\/globalmedsonlineinc.com\/se\/#website","url":"https:\/\/globalmedsonlineinc.com\/se\/","name":"Global Meds Inc","description":"","publisher":{"@id":"https:\/\/globalmedsonlineinc.com\/se\/#organization"},"potentialAction":[{"@type":"SearchAction","target":{"@type":"EntryPoint","urlTemplate":"https:\/\/globalmedsonlineinc.com\/se\/?s={search_term_string}"},"query-input":{"@type":"PropertyValueSpecification","valueRequired":true,"valueName":"search_term_string"}}],"inLanguage":"sv-SE"},{"@type":"Organization","@id":"https:\/\/globalmedsonlineinc.com\/se\/#organization","name":"Global Meds Inc.","url":"https:\/\/globalmedsonlineinc.com\/se\/","logo":{"@type":"ImageObject","inLanguage":"sv-SE","@id":"https:\/\/globalmedsonlineinc.com\/se\/#\/schema\/logo\/image\/","url":"https:\/\/globalmedsonlineinc.com\/se\/content\/media\/uploads\/sites\/8\/2021\/06\/globalmedsonlineincLogoShop20210630123730.00.png","contentUrl":"https:\/\/globalmedsonlineinc.com\/se\/content\/media\/uploads\/sites\/8\/2021\/06\/globalmedsonlineincLogoShop20210630123730.00.png","width":450,"height":117,"caption":"Global Meds Inc."},"image":{"@id":"https:\/\/globalmedsonlineinc.com\/se\/#\/schema\/logo\/image\/"}}]}},"_links":{"self":[{"href":"https:\/\/globalmedsonlineinc.com\/se\/wp-json\/wp\/v2\/product\/8921","targetHints":{"allow":["GET"]}}],"collection":[{"href":"https:\/\/globalmedsonlineinc.com\/se\/wp-json\/wp\/v2\/product"}],"about":[{"href":"https:\/\/globalmedsonlineinc.com\/se\/wp-json\/wp\/v2\/types\/product"}],"replies":[{"embeddable":true,"href":"https:\/\/globalmedsonlineinc.com\/se\/wp-json\/wp\/v2\/comments?post=8921"}],"wp:featuredmedia":[{"embeddable":true,"href":"https:\/\/globalmedsonlineinc.com\/se\/wp-json\/wp\/v2\/media\/8952"}],"wp:attachment":[{"href":"https:\/\/globalmedsonlineinc.com\/se\/wp-json\/wp\/v2\/media?parent=8921"}],"wp:term":[{"taxonomy":"product_brand","embeddable":true,"href":"https:\/\/globalmedsonlineinc.com\/se\/wp-json\/wp\/v2\/product_brand?post=8921"},{"taxonomy":"product_cat","embeddable":true,"href":"https:\/\/globalmedsonlineinc.com\/se\/wp-json\/wp\/v2\/product_cat?post=8921"},{"taxonomy":"product_tag","embeddable":true,"href":"https:\/\/globalmedsonlineinc.com\/se\/wp-json\/wp\/v2\/product_tag?post=8921"}],"curies":[{"name":"wp","href":"https:\/\/api.w.org\/{rel}","templated":true}]}}