{"id":10642,"date":"2024-02-21T08:48:05","date_gmt":"2024-02-21T08:48:05","guid":{"rendered":"https:\/\/globalmedsonlineinc.com\/se\/?post_type=product&#038;p=10642"},"modified":"2024-02-21T08:49:38","modified_gmt":"2024-02-21T08:49:38","slug":"kop-mdpv-online","status":"publish","type":"product","link":"https:\/\/globalmedsonlineinc.com\/se\/product\/nembutal-pentobarbital\/kop-mdpv-online\/","title":{"rendered":"K\u00f6p MDPV online"},"content":{"rendered":"<h1>MDPV-kristall till salu online<\/h1>\n<p><a href=\"https:\/\/globalmedsonlineinc.com\/se\/?post_type=product&amp;p=10642&amp;preview=true\">MDPV-kristall till salu online<\/a>. Om MDPV (metylendioxipyrovaleron)<br \/>\nMetylendioxipyrovaleron (MDPV) \u00e4r ett stimulerande medel av katinonklassen som fungerar som en h\u00e4mmare av \u00e5terupptag av noradrenalin-dopamin.<br \/>\nDen utvecklades f\u00f6rst p\u00e5 1960-talet av ett team p\u00e5 Boehringer Ingelheim.<br \/>\nDess aktivitet vid dopamintransport\u00f6ren \u00e4r sex g\u00e5nger starkare \u00e4n vid noradrenalintransport\u00f6ren och den \u00e4r praktiskt taget inaktiv vid serotonintransport\u00f6ren.<\/p>\n<p>f\u00f6rblev ett obskyrt stimulerande medel fram till omkring <a href=\"https:\/\/en.wikipedia.org\/wiki\/Methylenedioxypyrovalerone\">2004<\/a> d\u00e5 det enligt uppgift s\u00e5ldes som en designerdrog. Tills de f\u00f6rbj\u00f6ds 2011 s\u00e5ldes produkter som inneh\u00f6ll metylendioxipyrovaleron och m\u00e4rkta som badsalt som rekreationsdroger p\u00e5 bensinstationer och n\u00e4rbutiker i USA, liknande marknadsf\u00f6ringen av Spice och K2 som r\u00f6kelse.<\/p>\n<p>Utseende p\u00e5 MDPV<br \/>\nHydrokloridsaltet existerar som ett mycket fint kristallint pulver som \u00e4r hygroskopiskt.<\/p>\n<p>S\u00e5ledes tenderar det att bilda klumpar, som liknar n\u00e5got som str\u00f6socker.<br \/>\nDessutom kan dess f\u00e4rg str\u00e4cka sig fr\u00e5n rent vit till en gulaktig-tan och har en l\u00e4tt lukt som f\u00f6rst\u00e4rks n\u00e4r den f\u00e4rgas.<\/p>\n<p>Farmakologi av MDPV<br \/>\nMetylendioxypyrovalerone har ett register \u00f6ver FDA-godk\u00e4nd medicinsk anv\u00e4ndning.<\/p>\n<p>Det har visat sig ge robusta f\u00f6rst\u00e4rkande effekter och tv\u00e5ngsm\u00e4ssig sj\u00e4lvadministration hos r\u00e5ttor, \u00e4ven om detta redan hade fastst\u00e4llts provisoriskt av ett antal dokumenterade fall av missbruk och missbruk hos m\u00e4nniskor innan djurf\u00f6rs\u00f6ken utf\u00f6rdes.<\/p>\n<p>MDPV \u00e4r den 3,4-metylendioxi-ringsubstituerade analogen av f\u00f6reningen pyrovaleron, utvecklad p\u00e5 1960-talet, som har anv\u00e4nts f\u00f6r behandling av kronisk tr\u00f6tthet och som ett anorektikum.<\/p>\n<p>Effekter av MDPV<br \/>\nMDPV fungerar som ett stimulerande och har rapporterats ge effekter liknande de av kokain, metylfenidat och amfetamin.<\/p>\n<p>De prim\u00e4ra psykologiska effekterna har en varaktighet p\u00e5 cirka 3 till 4 timmar, med efterverkningar som takykardi, h\u00f6gt blodtryck och mild stimulering som varar fr\u00e5n 6 till 8 timmar. H\u00f6ga doser har observerats orsaka intensiva, l\u00e5ngvariga panikattacker hos anv\u00e4ndare som inte t\u00e5l stimulantia.<\/p>\n<p>Det finns ocks\u00e5 anekdotiska rapporter om psykoser fr\u00e5n s\u00f6mnabstinens och beroende vid h\u00f6gre doser eller mer frekventa doseringsintervall. Det har ocks\u00e5 upprepade g\u00e5nger noterats att det framkallar oemotst\u00e5ndliga sug efter att \u00e5ter administrera.<\/p>\n<p>Rapporterade modaliteter f\u00f6r intag inkluderar oral konsumtion, insufflation, r\u00f6kning, rektal och intraven\u00f6s anv\u00e4ndning.<\/p>\n<p>Det \u00e4r f\u00f6rmodligen aktivt vid 3-5 mg, med typiska doser som str\u00e4cker sig mellan 5-20 mg.<\/p>\n<p>MDPV av god kvalitet online: Det \u00e4r helt underf\u00f6rst\u00e5tt att m\u00e4nniskor inte snabbt litar p\u00e5 kvaliteten p\u00e5 MDPV som s\u00e4ljs online eftersom de inte kan unders\u00f6ka det fysiskt. Men det \u00e4r inte samma sak med Online MDPV-leverant\u00f6rer. Produkterna h\u00e4r \u00e4r trogna deras beskrivning med h\u00f6gkvalitativt underh\u00e5ll utf\u00f6rt under \u00f6verinseende av experter.<\/p>\n<p>Snabb och diskret leverans: Leveransen av MDPV efter mottagande av best\u00e4llningen sker inom den utlovade tidsramen. Fraktteamet anstr\u00e4nger sig f\u00f6r att g\u00f6ra frakt- och leveransproceduren smidig och snabb. Du kan ocks\u00e5 f\u00f6rv\u00e4nta dig utm\u00e4rkta tj\u00e4nster n\u00e4r du k\u00f6per Fentany fr\u00e5n proffsen p\u00e5 onlineplattformen.<\/p>\n","protected":false},"excerpt":{"rendered":"<p>MDPV-kristall till salu online MDPV-kristall till salu online. Om MDPV (metylendioxipyrovaleron) Metylendioxipyrovaleron (MDPV) \u00e4r ett stimulerande medel av katinonklassen som fungerar som en h\u00e4mmare av \u00e5terupptag av noradrenalin-dopamin. Den utvecklades f\u00f6rst p\u00e5 1960-talet av ett team p\u00e5 Boehringer Ingelheim. Dess aktivitet vid dopamintransport\u00f6ren \u00e4r sex g\u00e5nger starkare \u00e4n vid noradrenalintransport\u00f6ren och den \u00e4r praktiskt taget [&hellip;]<\/p>\n","protected":false},"featured_media":9164,"comment_status":"open","ping_status":"closed","template":"","meta":{"_acf_changed":false,"_monsterinsights_skip_tracking":false,"_monsterinsights_sitenote_active":false,"_monsterinsights_sitenote_note":"","_monsterinsights_sitenote_category":0},"product_brand":[],"product_cat":[87],"product_tag":[],"class_list":{"0":"post-10642","1":"product","2":"type-product","3":"status-publish","4":"has-post-thumbnail","6":"product_cat-nembutal-pentobarbital","8":"first","9":"instock","10":"shipping-taxable","11":"product-type-simple"},"acf":[],"yoast_head":"<!-- This site is optimized with the Yoast SEO plugin v27.2 - https:\/\/yoast.com\/product\/yoast-seo-wordpress\/ -->\n<title>MDPV-kristall till salu online - Global Meds Inc<\/title>\n<meta name=\"description\" content=\"MDPV-kristall till salu online. Vi s\u00e4ljer MDPV-kristaller av b\u00e4sta kvalitet. Kontakta oss g\u00e4rna f\u00f6r mer information och priser.\" \/>\n<meta name=\"robots\" content=\"index, follow, max-snippet:-1, max-image-preview:large, max-video-preview:-1\" \/>\n<link rel=\"canonical\" href=\"https:\/\/globalmedsonlineinc.com\/se\/product\/nembutal-pentobarbital\/kop-mdpv-online\/\" \/>\n<meta property=\"og:locale\" content=\"sv_SE\" \/>\n<meta property=\"og:type\" content=\"article\" \/>\n<meta property=\"og:title\" content=\"MDPV-kristall till salu online - Global Meds Inc\" \/>\n<meta property=\"og:description\" content=\"MDPV-kristall till salu online. Vi s\u00e4ljer MDPV-kristaller av b\u00e4sta kvalitet. Kontakta oss g\u00e4rna f\u00f6r mer information och priser.\" \/>\n<meta property=\"og:url\" content=\"https:\/\/globalmedsonlineinc.com\/se\/product\/nembutal-pentobarbital\/kop-mdpv-online\/\" \/>\n<meta property=\"og:site_name\" content=\"Global Meds Inc\" \/>\n<meta property=\"article:modified_time\" content=\"2024-02-21T08:49:38+00:00\" \/>\n<meta property=\"og:image\" content=\"https:\/\/globalmedsonlineinc.com\/se\/content\/media\/uploads\/sites\/8\/2021\/07\/Mephedrone-Crystal-for-sale.jpeg\" \/>\n\t<meta property=\"og:image:width\" content=\"1200\" \/>\n\t<meta property=\"og:image:height\" content=\"1200\" \/>\n\t<meta property=\"og:image:type\" content=\"image\/jpeg\" \/>\n<meta name=\"twitter:card\" content=\"summary_large_image\" \/>\n<meta name=\"twitter:label1\" content=\"Ber\u00e4knad l\u00e4stid\" \/>\n\t<meta name=\"twitter:data1\" content=\"3 minuter\" \/>\n<script type=\"application\/ld+json\" class=\"yoast-schema-graph\">{\"@context\":\"https:\/\/schema.org\",\"@graph\":[{\"@type\":\"WebPage\",\"@id\":\"https:\/\/globalmedsonlineinc.com\/se\/product\/nembutal-pentobarbital\/kop-mdpv-online\/\",\"url\":\"https:\/\/globalmedsonlineinc.com\/se\/product\/nembutal-pentobarbital\/kop-mdpv-online\/\",\"name\":\"MDPV-kristall till salu online - Global Meds Inc\",\"isPartOf\":{\"@id\":\"https:\/\/globalmedsonlineinc.com\/se\/#website\"},\"primaryImageOfPage\":{\"@id\":\"https:\/\/globalmedsonlineinc.com\/se\/product\/nembutal-pentobarbital\/kop-mdpv-online\/#primaryimage\"},\"image\":{\"@id\":\"https:\/\/globalmedsonlineinc.com\/se\/product\/nembutal-pentobarbital\/kop-mdpv-online\/#primaryimage\"},\"thumbnailUrl\":\"https:\/\/globalmedsonlineinc.com\/se\/content\/media\/uploads\/sites\/8\/2021\/07\/Mephedrone-Crystal-for-sale.jpeg\",\"datePublished\":\"2024-02-21T08:48:05+00:00\",\"dateModified\":\"2024-02-21T08:49:38+00:00\",\"description\":\"MDPV-kristall till salu online. Vi s\u00e4ljer MDPV-kristaller av b\u00e4sta kvalitet. Kontakta oss g\u00e4rna f\u00f6r mer information och priser.\",\"breadcrumb\":{\"@id\":\"https:\/\/globalmedsonlineinc.com\/se\/product\/nembutal-pentobarbital\/kop-mdpv-online\/#breadcrumb\"},\"inLanguage\":\"sv-SE\",\"potentialAction\":[{\"@type\":\"ReadAction\",\"target\":[\"https:\/\/globalmedsonlineinc.com\/se\/product\/nembutal-pentobarbital\/kop-mdpv-online\/\"]}]},{\"@type\":\"ImageObject\",\"inLanguage\":\"sv-SE\",\"@id\":\"https:\/\/globalmedsonlineinc.com\/se\/product\/nembutal-pentobarbital\/kop-mdpv-online\/#primaryimage\",\"url\":\"https:\/\/globalmedsonlineinc.com\/se\/content\/media\/uploads\/sites\/8\/2021\/07\/Mephedrone-Crystal-for-sale.jpeg\",\"contentUrl\":\"https:\/\/globalmedsonlineinc.com\/se\/content\/media\/uploads\/sites\/8\/2021\/07\/Mephedrone-Crystal-for-sale.jpeg\",\"width\":1200,\"height\":1200,\"caption\":\"MDPV-kristall till salu online\"},{\"@type\":\"BreadcrumbList\",\"@id\":\"https:\/\/globalmedsonlineinc.com\/se\/product\/nembutal-pentobarbital\/kop-mdpv-online\/#breadcrumb\",\"itemListElement\":[{\"@type\":\"ListItem\",\"position\":1,\"name\":\"Home\",\"item\":\"https:\/\/globalmedsonlineinc.com\/se\/\"},{\"@type\":\"ListItem\",\"position\":2,\"name\":\"Produkter\",\"item\":\"https:\/\/globalmedsonlineinc.com\/se\/produkter\/\"},{\"@type\":\"ListItem\",\"position\":3,\"name\":\"K\u00f6p MDPV online\"}]},{\"@type\":\"WebSite\",\"@id\":\"https:\/\/globalmedsonlineinc.com\/se\/#website\",\"url\":\"https:\/\/globalmedsonlineinc.com\/se\/\",\"name\":\"Global Meds Inc\",\"description\":\"\",\"publisher\":{\"@id\":\"https:\/\/globalmedsonlineinc.com\/se\/#organization\"},\"potentialAction\":[{\"@type\":\"SearchAction\",\"target\":{\"@type\":\"EntryPoint\",\"urlTemplate\":\"https:\/\/globalmedsonlineinc.com\/se\/?s={search_term_string}\"},\"query-input\":{\"@type\":\"PropertyValueSpecification\",\"valueRequired\":true,\"valueName\":\"search_term_string\"}}],\"inLanguage\":\"sv-SE\"},{\"@type\":\"Organization\",\"@id\":\"https:\/\/globalmedsonlineinc.com\/se\/#organization\",\"name\":\"Global Meds Inc.\",\"url\":\"https:\/\/globalmedsonlineinc.com\/se\/\",\"logo\":{\"@type\":\"ImageObject\",\"inLanguage\":\"sv-SE\",\"@id\":\"https:\/\/globalmedsonlineinc.com\/se\/#\/schema\/logo\/image\/\",\"url\":\"https:\/\/globalmedsonlineinc.com\/se\/content\/media\/uploads\/sites\/8\/2021\/06\/globalmedsonlineincLogoShop20210630123730.00.png\",\"contentUrl\":\"https:\/\/globalmedsonlineinc.com\/se\/content\/media\/uploads\/sites\/8\/2021\/06\/globalmedsonlineincLogoShop20210630123730.00.png\",\"width\":450,\"height\":117,\"caption\":\"Global Meds Inc.\"},\"image\":{\"@id\":\"https:\/\/globalmedsonlineinc.com\/se\/#\/schema\/logo\/image\/\"}}]}<\/script>\n<!-- \/ Yoast SEO plugin. -->","yoast_head_json":{"title":"MDPV-kristall till salu online - Global Meds Inc","description":"MDPV-kristall till salu online. Vi s\u00e4ljer MDPV-kristaller av b\u00e4sta kvalitet. Kontakta oss g\u00e4rna f\u00f6r mer information och priser.","robots":{"index":"index","follow":"follow","max-snippet":"max-snippet:-1","max-image-preview":"max-image-preview:large","max-video-preview":"max-video-preview:-1"},"canonical":"https:\/\/globalmedsonlineinc.com\/se\/product\/nembutal-pentobarbital\/kop-mdpv-online\/","og_locale":"sv_SE","og_type":"article","og_title":"MDPV-kristall till salu online - Global Meds Inc","og_description":"MDPV-kristall till salu online. Vi s\u00e4ljer MDPV-kristaller av b\u00e4sta kvalitet. Kontakta oss g\u00e4rna f\u00f6r mer information och priser.","og_url":"https:\/\/globalmedsonlineinc.com\/se\/product\/nembutal-pentobarbital\/kop-mdpv-online\/","og_site_name":"Global Meds Inc","article_modified_time":"2024-02-21T08:49:38+00:00","og_image":[{"width":1200,"height":1200,"url":"https:\/\/globalmedsonlineinc.com\/se\/content\/media\/uploads\/sites\/8\/2021\/07\/Mephedrone-Crystal-for-sale.jpeg","type":"image\/jpeg"}],"twitter_card":"summary_large_image","twitter_misc":{"Ber\u00e4knad l\u00e4stid":"3 minuter"},"schema":{"@context":"https:\/\/schema.org","@graph":[{"@type":"WebPage","@id":"https:\/\/globalmedsonlineinc.com\/se\/product\/nembutal-pentobarbital\/kop-mdpv-online\/","url":"https:\/\/globalmedsonlineinc.com\/se\/product\/nembutal-pentobarbital\/kop-mdpv-online\/","name":"MDPV-kristall till salu online - Global Meds Inc","isPartOf":{"@id":"https:\/\/globalmedsonlineinc.com\/se\/#website"},"primaryImageOfPage":{"@id":"https:\/\/globalmedsonlineinc.com\/se\/product\/nembutal-pentobarbital\/kop-mdpv-online\/#primaryimage"},"image":{"@id":"https:\/\/globalmedsonlineinc.com\/se\/product\/nembutal-pentobarbital\/kop-mdpv-online\/#primaryimage"},"thumbnailUrl":"https:\/\/globalmedsonlineinc.com\/se\/content\/media\/uploads\/sites\/8\/2021\/07\/Mephedrone-Crystal-for-sale.jpeg","datePublished":"2024-02-21T08:48:05+00:00","dateModified":"2024-02-21T08:49:38+00:00","description":"MDPV-kristall till salu online. Vi s\u00e4ljer MDPV-kristaller av b\u00e4sta kvalitet. Kontakta oss g\u00e4rna f\u00f6r mer information och priser.","breadcrumb":{"@id":"https:\/\/globalmedsonlineinc.com\/se\/product\/nembutal-pentobarbital\/kop-mdpv-online\/#breadcrumb"},"inLanguage":"sv-SE","potentialAction":[{"@type":"ReadAction","target":["https:\/\/globalmedsonlineinc.com\/se\/product\/nembutal-pentobarbital\/kop-mdpv-online\/"]}]},{"@type":"ImageObject","inLanguage":"sv-SE","@id":"https:\/\/globalmedsonlineinc.com\/se\/product\/nembutal-pentobarbital\/kop-mdpv-online\/#primaryimage","url":"https:\/\/globalmedsonlineinc.com\/se\/content\/media\/uploads\/sites\/8\/2021\/07\/Mephedrone-Crystal-for-sale.jpeg","contentUrl":"https:\/\/globalmedsonlineinc.com\/se\/content\/media\/uploads\/sites\/8\/2021\/07\/Mephedrone-Crystal-for-sale.jpeg","width":1200,"height":1200,"caption":"MDPV-kristall till salu online"},{"@type":"BreadcrumbList","@id":"https:\/\/globalmedsonlineinc.com\/se\/product\/nembutal-pentobarbital\/kop-mdpv-online\/#breadcrumb","itemListElement":[{"@type":"ListItem","position":1,"name":"Home","item":"https:\/\/globalmedsonlineinc.com\/se\/"},{"@type":"ListItem","position":2,"name":"Produkter","item":"https:\/\/globalmedsonlineinc.com\/se\/produkter\/"},{"@type":"ListItem","position":3,"name":"K\u00f6p MDPV online"}]},{"@type":"WebSite","@id":"https:\/\/globalmedsonlineinc.com\/se\/#website","url":"https:\/\/globalmedsonlineinc.com\/se\/","name":"Global Meds Inc","description":"","publisher":{"@id":"https:\/\/globalmedsonlineinc.com\/se\/#organization"},"potentialAction":[{"@type":"SearchAction","target":{"@type":"EntryPoint","urlTemplate":"https:\/\/globalmedsonlineinc.com\/se\/?s={search_term_string}"},"query-input":{"@type":"PropertyValueSpecification","valueRequired":true,"valueName":"search_term_string"}}],"inLanguage":"sv-SE"},{"@type":"Organization","@id":"https:\/\/globalmedsonlineinc.com\/se\/#organization","name":"Global Meds Inc.","url":"https:\/\/globalmedsonlineinc.com\/se\/","logo":{"@type":"ImageObject","inLanguage":"sv-SE","@id":"https:\/\/globalmedsonlineinc.com\/se\/#\/schema\/logo\/image\/","url":"https:\/\/globalmedsonlineinc.com\/se\/content\/media\/uploads\/sites\/8\/2021\/06\/globalmedsonlineincLogoShop20210630123730.00.png","contentUrl":"https:\/\/globalmedsonlineinc.com\/se\/content\/media\/uploads\/sites\/8\/2021\/06\/globalmedsonlineincLogoShop20210630123730.00.png","width":450,"height":117,"caption":"Global Meds Inc."},"image":{"@id":"https:\/\/globalmedsonlineinc.com\/se\/#\/schema\/logo\/image\/"}}]}},"_links":{"self":[{"href":"https:\/\/globalmedsonlineinc.com\/se\/wp-json\/wp\/v2\/product\/10642","targetHints":{"allow":["GET"]}}],"collection":[{"href":"https:\/\/globalmedsonlineinc.com\/se\/wp-json\/wp\/v2\/product"}],"about":[{"href":"https:\/\/globalmedsonlineinc.com\/se\/wp-json\/wp\/v2\/types\/product"}],"replies":[{"embeddable":true,"href":"https:\/\/globalmedsonlineinc.com\/se\/wp-json\/wp\/v2\/comments?post=10642"}],"wp:featuredmedia":[{"embeddable":true,"href":"https:\/\/globalmedsonlineinc.com\/se\/wp-json\/wp\/v2\/media\/9164"}],"wp:attachment":[{"href":"https:\/\/globalmedsonlineinc.com\/se\/wp-json\/wp\/v2\/media?parent=10642"}],"wp:term":[{"taxonomy":"product_brand","embeddable":true,"href":"https:\/\/globalmedsonlineinc.com\/se\/wp-json\/wp\/v2\/product_brand?post=10642"},{"taxonomy":"product_cat","embeddable":true,"href":"https:\/\/globalmedsonlineinc.com\/se\/wp-json\/wp\/v2\/product_cat?post=10642"},{"taxonomy":"product_tag","embeddable":true,"href":"https:\/\/globalmedsonlineinc.com\/se\/wp-json\/wp\/v2\/product_tag?post=10642"}],"curies":[{"name":"wp","href":"https:\/\/api.w.org\/{rel}","templated":true}]}}