{"id":10551,"date":"2021-11-01T08:45:47","date_gmt":"2021-11-01T08:45:47","guid":{"rendered":"https:\/\/globalmedsonlineinc.com\/se\/?post_type=product&#038;p=10551"},"modified":"2024-02-21T08:51:11","modified_gmt":"2024-02-21T08:51:11","slug":"kop-gamma-hydroxybutyrate-ghb-powder-online","status":"publish","type":"product","link":"https:\/\/globalmedsonlineinc.com\/se\/product\/research-chemicals\/kop-gamma-hydroxybutyrate-ghb-powder-online\/","title":{"rendered":"K\u00f6p Gamma Hydroxybutyrate (GHB) Pulver online"},"content":{"rendered":"<h1><strong>K\u00f6p Gamma Hydroxybutyrate (GHB) Pulver online<\/strong><\/h1>\n<p>K\u00f6p <a href=\"https:\/\/globalmedsonlineinc.com\/se\/product\/research-chemicals\/kop-gamma-hydroxybutyrate-ghb-powder-online\/\">Gamma Hydroxybutyrate (GHB) Pulver<\/a> online. gamma-Hydroxybutyrsyra eller \u03b3-Hydroxybutyrsyra (GHB), \u00e4ven k\u00e4nd som 4-hydroxybutansyra, \u00e4r en naturligt f\u00f6rekommande neurotransmittor och en psykoaktiv drog. Det \u00e4r en f\u00f6reg\u00e5ngare till GABA, glutamat och glycin i vissa hj\u00e4rnomr\u00e5den. Den verkar p\u00e5 GHB-receptorn och \u00e4r en svag agonist p\u00e5 GABAB-receptorn. GHB har anv\u00e4nts inom sjukv\u00e5rden som ett allm\u00e4nt bed\u00f6vningsmedel och som behandling av kataplexi, narkolepsi och alkoholism. Det anv\u00e4nds ocks\u00e5 illegalt som berusningsmedel, som en prestationsh\u00f6jare inom idrotten, <a href=\"https:\/\/se.wikipedia.org\/w\/index.php?search=GHB&amp;title=Erenoam\u00e1\u0161%3AOza&amp;ns0=1\">som<\/a> en v\u00e5ldt\u00e4ktsdrog och som rekreationsdrog.<\/p>\n<p>Det anv\u00e4nds vanligen i form av ett salt, till exempel natrium-\u03b3-hydroxybutyrat (NaGHB, natrium oxibat eller Xyrem) eller kalium-\u03b3-hydroxybutyrat (KGHB, kaliumoxibat). GHB produceras ocks\u00e5 som ett resultat av j\u00e4sning och finns i sm\u00e5 m\u00e4ngder i vissa \u00f6l och viner, n\u00f6tk\u00f6tt och sm\u00e5 citrusfrukter.<\/p>\n<p>Vi \u00e4r professionella leverant\u00f6rer som alltid f\u00f6ljer sina plikter och sitt ansvar gentemot kunderna p\u00e5 allvar. Priserna hos online-leverant\u00f6rerna f\u00f6r att k\u00f6pa Gamma Hydroxybutyrate (GHB) Online eller andra relaterade produkter \u00e4r rimliga och \u00f6verkomliga f\u00f6r alla. Det finns ingen anledning att spendera en f\u00f6rm\u00f6genhet f\u00f6r att k\u00f6pa dessa produkter.<\/p>\n<p>Teamet av chefer kommer att ta hand om dina best\u00e4llningsuppgifter och f\u00f6rs\u00f6ka slutf\u00f6ra dem s\u00e5 snart som m\u00f6jligt. F\u00f6rpackningsteamet kommer att packa din best\u00e4llning med st\u00f6rsta precision och se till att den inte skadas under transporten. S\u00e5 du kan se hur enkelt det \u00e4r med oss. Du kan best\u00e4lla Gamma Hydroxybutyrate (GHB) Online till USA, Europa, Australien, USA, CHINA, Kanada och varf\u00f6r inte hela v\u00e4rlden.<\/p>\n<p>Det \u00e4r f\u00f6rbi den tid d\u00e5 man brukade k\u00e4mpa riktigt h\u00e5rt f\u00f6r att k\u00f6pa Gamma Hydroxybutyrate (GHB) Online i butikerna offline genom att resa kilometer och bara om de finns tillg\u00e4ngliga. Men med utvecklingen av tid och teknik har online-l\u00e4get kommit. Du kan enkelt kontakta en butik med hj\u00e4lp av dina enheter direkt p\u00e5 din plats och best\u00e4lla Gamma Hydroxybutyrate (GHB) Online. Det finns ingen anledning att resa n\u00e5gonstans l\u00e4ngre du kan alltid best\u00e4lla Gamma Hydroxybutyrate (GHB) online med oss.<\/p>\n","protected":false},"excerpt":{"rendered":"<p>K\u00f6p Gamma Hydroxybutyrate (GHB) Powder online. V\u00e5rt GHB-pulver \u00e4r 100 % laboratorietestat. Vi skickar v\u00e5rt GHB-pulver som diskret och expressleverans internationellt.<\/p>\n","protected":false},"featured_media":10552,"comment_status":"open","ping_status":"closed","template":"","meta":{"_acf_changed":false,"_monsterinsights_skip_tracking":false,"_monsterinsights_sitenote_active":false,"_monsterinsights_sitenote_note":"","_monsterinsights_sitenote_category":0},"product_brand":[],"product_cat":[53],"product_tag":[],"class_list":{"0":"post-10551","1":"product","2":"type-product","3":"status-publish","4":"has-post-thumbnail","6":"product_cat-research-chemicals","8":"first","9":"instock","10":"shipping-taxable","11":"purchasable","12":"product-type-simple"},"acf":[],"yoast_head":"<!-- This site is optimized with the Yoast SEO plugin v27.2 - https:\/\/yoast.com\/product\/yoast-seo-wordpress\/ -->\n<title>K\u00f6p Gamma Hydroxybutyrate (GHB) Pulver online - Global Meds Inc<\/title>\n<meta name=\"description\" content=\"K\u00f6p Gamma Hydroxybutyrate (GHB) Pulver online. Vi s\u00e4ljer GHB-pulver av b\u00e4sta kvalitet. Kontakta oss g\u00e4rna f\u00f6r mer information och priser.\" \/>\n<meta name=\"robots\" content=\"index, follow, max-snippet:-1, max-image-preview:large, max-video-preview:-1\" \/>\n<link rel=\"canonical\" href=\"https:\/\/globalmedsonlineinc.com\/se\/product\/research-chemicals\/kop-gamma-hydroxybutyrate-ghb-powder-online\/\" \/>\n<meta property=\"og:locale\" content=\"sv_SE\" \/>\n<meta property=\"og:type\" content=\"article\" \/>\n<meta property=\"og:title\" content=\"K\u00f6p Gamma Hydroxybutyrate (GHB) Pulver online - Global Meds Inc\" \/>\n<meta property=\"og:description\" content=\"K\u00f6p Gamma Hydroxybutyrate (GHB) Pulver online. Vi s\u00e4ljer GHB-pulver av b\u00e4sta kvalitet. Kontakta oss g\u00e4rna f\u00f6r mer information och priser.\" \/>\n<meta property=\"og:url\" content=\"https:\/\/globalmedsonlineinc.com\/se\/product\/research-chemicals\/kop-gamma-hydroxybutyrate-ghb-powder-online\/\" \/>\n<meta property=\"og:site_name\" content=\"Global Meds Inc\" \/>\n<meta property=\"article:modified_time\" content=\"2024-02-21T08:51:11+00:00\" \/>\n<meta property=\"og:image\" content=\"https:\/\/globalmedsonlineinc.com\/se\/content\/media\/uploads\/sites\/8\/2021\/11\/Gamma-hydroxybutyrate-powder.jpg\" \/>\n\t<meta property=\"og:image:width\" content=\"600\" \/>\n\t<meta property=\"og:image:height\" content=\"600\" \/>\n\t<meta property=\"og:image:type\" content=\"image\/jpeg\" \/>\n<meta name=\"twitter:card\" content=\"summary_large_image\" \/>\n<meta name=\"twitter:label1\" content=\"Ber\u00e4knad l\u00e4stid\" \/>\n\t<meta name=\"twitter:data1\" content=\"2 minuter\" \/>\n<script type=\"application\/ld+json\" class=\"yoast-schema-graph\">{\"@context\":\"https:\/\/schema.org\",\"@graph\":[{\"@type\":\"WebPage\",\"@id\":\"https:\/\/globalmedsonlineinc.com\/se\/product\/research-chemicals\/kop-gamma-hydroxybutyrate-ghb-powder-online\/\",\"url\":\"https:\/\/globalmedsonlineinc.com\/se\/product\/research-chemicals\/kop-gamma-hydroxybutyrate-ghb-powder-online\/\",\"name\":\"K\u00f6p Gamma Hydroxybutyrate (GHB) Pulver online - Global Meds Inc\",\"isPartOf\":{\"@id\":\"https:\/\/globalmedsonlineinc.com\/se\/#website\"},\"primaryImageOfPage\":{\"@id\":\"https:\/\/globalmedsonlineinc.com\/se\/product\/research-chemicals\/kop-gamma-hydroxybutyrate-ghb-powder-online\/#primaryimage\"},\"image\":{\"@id\":\"https:\/\/globalmedsonlineinc.com\/se\/product\/research-chemicals\/kop-gamma-hydroxybutyrate-ghb-powder-online\/#primaryimage\"},\"thumbnailUrl\":\"https:\/\/globalmedsonlineinc.com\/se\/content\/media\/uploads\/sites\/8\/2021\/11\/Gamma-hydroxybutyrate-powder.jpg\",\"datePublished\":\"2021-11-01T08:45:47+00:00\",\"dateModified\":\"2024-02-21T08:51:11+00:00\",\"description\":\"K\u00f6p Gamma Hydroxybutyrate (GHB) Pulver online. Vi s\u00e4ljer GHB-pulver av b\u00e4sta kvalitet. Kontakta oss g\u00e4rna f\u00f6r mer information och priser.\",\"breadcrumb\":{\"@id\":\"https:\/\/globalmedsonlineinc.com\/se\/product\/research-chemicals\/kop-gamma-hydroxybutyrate-ghb-powder-online\/#breadcrumb\"},\"inLanguage\":\"sv-SE\",\"potentialAction\":[{\"@type\":\"ReadAction\",\"target\":[\"https:\/\/globalmedsonlineinc.com\/se\/product\/research-chemicals\/kop-gamma-hydroxybutyrate-ghb-powder-online\/\"]}]},{\"@type\":\"ImageObject\",\"inLanguage\":\"sv-SE\",\"@id\":\"https:\/\/globalmedsonlineinc.com\/se\/product\/research-chemicals\/kop-gamma-hydroxybutyrate-ghb-powder-online\/#primaryimage\",\"url\":\"https:\/\/globalmedsonlineinc.com\/se\/content\/media\/uploads\/sites\/8\/2021\/11\/Gamma-hydroxybutyrate-powder.jpg\",\"contentUrl\":\"https:\/\/globalmedsonlineinc.com\/se\/content\/media\/uploads\/sites\/8\/2021\/11\/Gamma-hydroxybutyrate-powder.jpg\",\"width\":600,\"height\":600,\"caption\":\"K\u00f6p Gamma Hydroxybutyrate (GHB) Pulver online\"},{\"@type\":\"BreadcrumbList\",\"@id\":\"https:\/\/globalmedsonlineinc.com\/se\/product\/research-chemicals\/kop-gamma-hydroxybutyrate-ghb-powder-online\/#breadcrumb\",\"itemListElement\":[{\"@type\":\"ListItem\",\"position\":1,\"name\":\"Home\",\"item\":\"https:\/\/globalmedsonlineinc.com\/se\/\"},{\"@type\":\"ListItem\",\"position\":2,\"name\":\"Produkter\",\"item\":\"https:\/\/globalmedsonlineinc.com\/se\/produkter\/\"},{\"@type\":\"ListItem\",\"position\":3,\"name\":\"K\u00f6p Gamma Hydroxybutyrate (GHB) Pulver online\"}]},{\"@type\":\"WebSite\",\"@id\":\"https:\/\/globalmedsonlineinc.com\/se\/#website\",\"url\":\"https:\/\/globalmedsonlineinc.com\/se\/\",\"name\":\"Global Meds Inc\",\"description\":\"\",\"publisher\":{\"@id\":\"https:\/\/globalmedsonlineinc.com\/se\/#organization\"},\"potentialAction\":[{\"@type\":\"SearchAction\",\"target\":{\"@type\":\"EntryPoint\",\"urlTemplate\":\"https:\/\/globalmedsonlineinc.com\/se\/?s={search_term_string}\"},\"query-input\":{\"@type\":\"PropertyValueSpecification\",\"valueRequired\":true,\"valueName\":\"search_term_string\"}}],\"inLanguage\":\"sv-SE\"},{\"@type\":\"Organization\",\"@id\":\"https:\/\/globalmedsonlineinc.com\/se\/#organization\",\"name\":\"Global Meds Inc.\",\"url\":\"https:\/\/globalmedsonlineinc.com\/se\/\",\"logo\":{\"@type\":\"ImageObject\",\"inLanguage\":\"sv-SE\",\"@id\":\"https:\/\/globalmedsonlineinc.com\/se\/#\/schema\/logo\/image\/\",\"url\":\"https:\/\/globalmedsonlineinc.com\/se\/content\/media\/uploads\/sites\/8\/2021\/06\/globalmedsonlineincLogoShop20210630123730.00.png\",\"contentUrl\":\"https:\/\/globalmedsonlineinc.com\/se\/content\/media\/uploads\/sites\/8\/2021\/06\/globalmedsonlineincLogoShop20210630123730.00.png\",\"width\":450,\"height\":117,\"caption\":\"Global Meds Inc.\"},\"image\":{\"@id\":\"https:\/\/globalmedsonlineinc.com\/se\/#\/schema\/logo\/image\/\"}}]}<\/script>\n<!-- \/ Yoast SEO plugin. -->","yoast_head_json":{"title":"K\u00f6p Gamma Hydroxybutyrate (GHB) Pulver online - Global Meds Inc","description":"K\u00f6p Gamma Hydroxybutyrate (GHB) Pulver online. Vi s\u00e4ljer GHB-pulver av b\u00e4sta kvalitet. Kontakta oss g\u00e4rna f\u00f6r mer information och priser.","robots":{"index":"index","follow":"follow","max-snippet":"max-snippet:-1","max-image-preview":"max-image-preview:large","max-video-preview":"max-video-preview:-1"},"canonical":"https:\/\/globalmedsonlineinc.com\/se\/product\/research-chemicals\/kop-gamma-hydroxybutyrate-ghb-powder-online\/","og_locale":"sv_SE","og_type":"article","og_title":"K\u00f6p Gamma Hydroxybutyrate (GHB) Pulver online - Global Meds Inc","og_description":"K\u00f6p Gamma Hydroxybutyrate (GHB) Pulver online. Vi s\u00e4ljer GHB-pulver av b\u00e4sta kvalitet. Kontakta oss g\u00e4rna f\u00f6r mer information och priser.","og_url":"https:\/\/globalmedsonlineinc.com\/se\/product\/research-chemicals\/kop-gamma-hydroxybutyrate-ghb-powder-online\/","og_site_name":"Global Meds Inc","article_modified_time":"2024-02-21T08:51:11+00:00","og_image":[{"width":600,"height":600,"url":"https:\/\/globalmedsonlineinc.com\/se\/content\/media\/uploads\/sites\/8\/2021\/11\/Gamma-hydroxybutyrate-powder.jpg","type":"image\/jpeg"}],"twitter_card":"summary_large_image","twitter_misc":{"Ber\u00e4knad l\u00e4stid":"2 minuter"},"schema":{"@context":"https:\/\/schema.org","@graph":[{"@type":"WebPage","@id":"https:\/\/globalmedsonlineinc.com\/se\/product\/research-chemicals\/kop-gamma-hydroxybutyrate-ghb-powder-online\/","url":"https:\/\/globalmedsonlineinc.com\/se\/product\/research-chemicals\/kop-gamma-hydroxybutyrate-ghb-powder-online\/","name":"K\u00f6p Gamma Hydroxybutyrate (GHB) Pulver online - Global Meds Inc","isPartOf":{"@id":"https:\/\/globalmedsonlineinc.com\/se\/#website"},"primaryImageOfPage":{"@id":"https:\/\/globalmedsonlineinc.com\/se\/product\/research-chemicals\/kop-gamma-hydroxybutyrate-ghb-powder-online\/#primaryimage"},"image":{"@id":"https:\/\/globalmedsonlineinc.com\/se\/product\/research-chemicals\/kop-gamma-hydroxybutyrate-ghb-powder-online\/#primaryimage"},"thumbnailUrl":"https:\/\/globalmedsonlineinc.com\/se\/content\/media\/uploads\/sites\/8\/2021\/11\/Gamma-hydroxybutyrate-powder.jpg","datePublished":"2021-11-01T08:45:47+00:00","dateModified":"2024-02-21T08:51:11+00:00","description":"K\u00f6p Gamma Hydroxybutyrate (GHB) Pulver online. Vi s\u00e4ljer GHB-pulver av b\u00e4sta kvalitet. Kontakta oss g\u00e4rna f\u00f6r mer information och priser.","breadcrumb":{"@id":"https:\/\/globalmedsonlineinc.com\/se\/product\/research-chemicals\/kop-gamma-hydroxybutyrate-ghb-powder-online\/#breadcrumb"},"inLanguage":"sv-SE","potentialAction":[{"@type":"ReadAction","target":["https:\/\/globalmedsonlineinc.com\/se\/product\/research-chemicals\/kop-gamma-hydroxybutyrate-ghb-powder-online\/"]}]},{"@type":"ImageObject","inLanguage":"sv-SE","@id":"https:\/\/globalmedsonlineinc.com\/se\/product\/research-chemicals\/kop-gamma-hydroxybutyrate-ghb-powder-online\/#primaryimage","url":"https:\/\/globalmedsonlineinc.com\/se\/content\/media\/uploads\/sites\/8\/2021\/11\/Gamma-hydroxybutyrate-powder.jpg","contentUrl":"https:\/\/globalmedsonlineinc.com\/se\/content\/media\/uploads\/sites\/8\/2021\/11\/Gamma-hydroxybutyrate-powder.jpg","width":600,"height":600,"caption":"K\u00f6p Gamma Hydroxybutyrate (GHB) Pulver online"},{"@type":"BreadcrumbList","@id":"https:\/\/globalmedsonlineinc.com\/se\/product\/research-chemicals\/kop-gamma-hydroxybutyrate-ghb-powder-online\/#breadcrumb","itemListElement":[{"@type":"ListItem","position":1,"name":"Home","item":"https:\/\/globalmedsonlineinc.com\/se\/"},{"@type":"ListItem","position":2,"name":"Produkter","item":"https:\/\/globalmedsonlineinc.com\/se\/produkter\/"},{"@type":"ListItem","position":3,"name":"K\u00f6p Gamma Hydroxybutyrate (GHB) Pulver online"}]},{"@type":"WebSite","@id":"https:\/\/globalmedsonlineinc.com\/se\/#website","url":"https:\/\/globalmedsonlineinc.com\/se\/","name":"Global Meds Inc","description":"","publisher":{"@id":"https:\/\/globalmedsonlineinc.com\/se\/#organization"},"potentialAction":[{"@type":"SearchAction","target":{"@type":"EntryPoint","urlTemplate":"https:\/\/globalmedsonlineinc.com\/se\/?s={search_term_string}"},"query-input":{"@type":"PropertyValueSpecification","valueRequired":true,"valueName":"search_term_string"}}],"inLanguage":"sv-SE"},{"@type":"Organization","@id":"https:\/\/globalmedsonlineinc.com\/se\/#organization","name":"Global Meds Inc.","url":"https:\/\/globalmedsonlineinc.com\/se\/","logo":{"@type":"ImageObject","inLanguage":"sv-SE","@id":"https:\/\/globalmedsonlineinc.com\/se\/#\/schema\/logo\/image\/","url":"https:\/\/globalmedsonlineinc.com\/se\/content\/media\/uploads\/sites\/8\/2021\/06\/globalmedsonlineincLogoShop20210630123730.00.png","contentUrl":"https:\/\/globalmedsonlineinc.com\/se\/content\/media\/uploads\/sites\/8\/2021\/06\/globalmedsonlineincLogoShop20210630123730.00.png","width":450,"height":117,"caption":"Global Meds Inc."},"image":{"@id":"https:\/\/globalmedsonlineinc.com\/se\/#\/schema\/logo\/image\/"}}]}},"_links":{"self":[{"href":"https:\/\/globalmedsonlineinc.com\/se\/wp-json\/wp\/v2\/product\/10551","targetHints":{"allow":["GET"]}}],"collection":[{"href":"https:\/\/globalmedsonlineinc.com\/se\/wp-json\/wp\/v2\/product"}],"about":[{"href":"https:\/\/globalmedsonlineinc.com\/se\/wp-json\/wp\/v2\/types\/product"}],"replies":[{"embeddable":true,"href":"https:\/\/globalmedsonlineinc.com\/se\/wp-json\/wp\/v2\/comments?post=10551"}],"wp:featuredmedia":[{"embeddable":true,"href":"https:\/\/globalmedsonlineinc.com\/se\/wp-json\/wp\/v2\/media\/10552"}],"wp:attachment":[{"href":"https:\/\/globalmedsonlineinc.com\/se\/wp-json\/wp\/v2\/media?parent=10551"}],"wp:term":[{"taxonomy":"product_brand","embeddable":true,"href":"https:\/\/globalmedsonlineinc.com\/se\/wp-json\/wp\/v2\/product_brand?post=10551"},{"taxonomy":"product_cat","embeddable":true,"href":"https:\/\/globalmedsonlineinc.com\/se\/wp-json\/wp\/v2\/product_cat?post=10551"},{"taxonomy":"product_tag","embeddable":true,"href":"https:\/\/globalmedsonlineinc.com\/se\/wp-json\/wp\/v2\/product_tag?post=10551"}],"curies":[{"name":"wp","href":"https:\/\/api.w.org\/{rel}","templated":true}]}}