{"id":10542,"date":"2021-10-31T05:31:34","date_gmt":"2021-10-31T05:31:34","guid":{"rendered":"https:\/\/globalmedsonlineinc.com\/se\/?post_type=product&#038;p=10542"},"modified":"2024-02-21T08:53:34","modified_gmt":"2024-02-21T08:53:34","slug":"kop-ketaminpulver-pa-natet","status":"publish","type":"product","link":"https:\/\/globalmedsonlineinc.com\/se\/product\/pain-killers\/kop-ketaminpulver-pa-natet\/","title":{"rendered":"K\u00f6p Ketaminpulver p\u00e5 n\u00e4tet"},"content":{"rendered":"<h1 class=\"lRu31\" dir=\"ltr\"><span class=\"HwtZe\" lang=\"sv\"><span class=\"jCAhz ChMk0b\"><span class=\"ryNqvb\">Ketaminpulver till salu online<\/span><\/span><\/span><\/h1>\n<p class=\"lRu31\" dir=\"ltr\"><span class=\"HwtZe\" lang=\"sv\"><span class=\"jCAhz ChMk0b\"><span class=\"ryNqvb\"><a href=\"https:\/\/globalmedsonlineinc.com\/se\/product\/pain-killers\/kop-ketaminpulver-pa-natet\/\">Ketaminpulver till salu online<\/a>. <\/span><\/span><\/span><span style=\"font-size: 1rem\">Depression \u00e4r den fr\u00e4msta orsaken till psykisk funktionsneds\u00e4ttning i v\u00e4rlden och spelar en betydande roll f\u00f6r att \u00f6ka sj\u00e4lvmordsfrekvensen. Ketamin vinner mark som en effektiv behandling av depression p\u00e5 grund av dess snabba ins\u00e4ttande. Det fungerar genom att binda till NMDA-receptorer i hj\u00e4rnan och \u00f6ka antalet neurotransmittorer som kallas glutamat. Detta f\u00f6ljs av aktivering av AMPA-receptorer som leder till att andra molekyler frig\u00f6rs, och hela processen p\u00e5verkar kognition, hum\u00f6r och tankem\u00f6nster. L\u00e4kemedlet underl\u00e4ttar ocks\u00e5 kommunikationen inom s\u00e4rskilda omr\u00e5den i hj\u00e4rnan och minskar signaler som \u00e4r involverade i inflammation. Det \u00e4r viktigt att f\u00f6rst\u00e5 riskerna och f\u00f6rdelarna innan du best\u00e4ller ketaminpulver f\u00f6r personligt bruk. Med r\u00e4tt administrering \u00e4r det ett av de s\u00e4kraste alternativen f\u00f6r stresslindring.<\/span><\/p>\n<p dir=\"ltr\"><strong>K\u00f6p ketaminpulver online fr\u00e5n en p\u00e5litlig leverant\u00f6r<\/strong><\/p>\n<p>.<br \/>\nInget \u00e4r viktigare \u00e4n kvalitet n\u00e4r <a href=\"https:\/\/en.wikipedia.org\/wiki\/Ketamine\">det<\/a> g\u00e4ller att ta Rx-l\u00e4kemedel <a href=\"https:\/\/en.wikipedia.org\/wiki\/Ketamine\">f\u00f6r<\/a> medicinska \u00e4ndam\u00e5l. P\u00e5 USpharma Shop har vi ett expertteam som utf\u00f6r kvalitetskontroller i flera steg f\u00f6r att se till att vi \u00e4r i linje med de globala standarderna. V\u00e5rt ketaminpulver till salu har gjort underverk f\u00f6r m\u00e5nga, och vi hoppas att det samma g\u00e4ller f\u00f6r dig. Om det finns n\u00e5gra problem, v\u00e4nligen ta kontakt med v\u00e5rt team n\u00e4r det passar dig.<\/p>\n","protected":false},"excerpt":{"rendered":"<p>Ketamin har visat sig vara tillr\u00e4ckligt f\u00f6r att behandla nedst\u00e4mdhet hos patienter med bipol\u00e4r problematik som inte har svarat p\u00e5 antidepressiva l\u00e4kemedel.<\/p>\n","protected":false},"featured_media":10549,"comment_status":"open","ping_status":"closed","template":"","meta":{"_acf_changed":false,"_monsterinsights_skip_tracking":false,"_monsterinsights_sitenote_active":false,"_monsterinsights_sitenote_note":"","_monsterinsights_sitenote_category":0},"product_brand":[],"product_cat":[52,53],"product_tag":[499,498,496,497,495,500],"class_list":{"0":"post-10542","1":"product","2":"type-product","3":"status-publish","4":"has-post-thumbnail","6":"product_cat-pain-killers","7":"product_cat-research-chemicals","8":"product_tag-basta-stallet-att-kopa-ketamin-hcl-online","9":"product_tag-bestall-ketamin-hcl-online","10":"product_tag-hur-man-koper-ketamin-hcl-online","11":"product_tag-ketamin-hcl-till-salu","12":"product_tag-kop-ketamin-hcl-online","13":"product_tag-var-kan-man-kopa-ketamin-hcl-online","15":"first","16":"instock","17":"featured","18":"shipping-taxable","19":"purchasable","20":"product-type-variable","21":"has-default-attributes"},"acf":[],"yoast_head":"<!-- This site is optimized with the Yoast SEO plugin v27.2 - https:\/\/yoast.com\/product\/yoast-seo-wordpress\/ -->\n<title>Ketaminpulver till salu online | Global Meds Inc.<\/title>\n<meta name=\"description\" content=\"Ketaminpulver till salu online. Vi s\u00e4ljer ketaminpulver av b\u00e4sta kvalitet. Kontakta oss g\u00e4rna f\u00f6r mer information och priser.\" \/>\n<meta name=\"robots\" content=\"index, follow, max-snippet:-1, max-image-preview:large, max-video-preview:-1\" \/>\n<link rel=\"canonical\" href=\"https:\/\/globalmedsonlineinc.com\/se\/product\/pain-killers\/kop-ketaminpulver-pa-natet\/\" \/>\n<meta property=\"og:locale\" content=\"sv_SE\" \/>\n<meta property=\"og:type\" content=\"article\" \/>\n<meta property=\"og:title\" content=\"Ketaminpulver till salu online | Global Meds Inc.\" \/>\n<meta property=\"og:description\" content=\"Ketaminpulver till salu online. Vi s\u00e4ljer ketaminpulver av b\u00e4sta kvalitet. Kontakta oss g\u00e4rna f\u00f6r mer information och priser.\" \/>\n<meta property=\"og:url\" content=\"https:\/\/globalmedsonlineinc.com\/se\/product\/pain-killers\/kop-ketaminpulver-pa-natet\/\" \/>\n<meta property=\"og:site_name\" content=\"Global Meds Inc\" \/>\n<meta property=\"article:modified_time\" content=\"2024-02-21T08:53:34+00:00\" \/>\n<meta property=\"og:image\" content=\"https:\/\/globalmedsonlineinc.com\/se\/content\/media\/uploads\/sites\/8\/2021\/10\/Ketamine.jpg\" \/>\n\t<meta property=\"og:image:width\" content=\"225\" \/>\n\t<meta property=\"og:image:height\" content=\"225\" \/>\n\t<meta property=\"og:image:type\" content=\"image\/jpeg\" \/>\n<meta name=\"twitter:card\" content=\"summary_large_image\" \/>\n<meta name=\"twitter:label1\" content=\"Ber\u00e4knad l\u00e4stid\" \/>\n\t<meta name=\"twitter:data1\" content=\"1 minut\" \/>\n<script type=\"application\/ld+json\" class=\"yoast-schema-graph\">{\"@context\":\"https:\/\/schema.org\",\"@graph\":[{\"@type\":\"WebPage\",\"@id\":\"https:\/\/globalmedsonlineinc.com\/se\/product\/pain-killers\/kop-ketaminpulver-pa-natet\/\",\"url\":\"https:\/\/globalmedsonlineinc.com\/se\/product\/pain-killers\/kop-ketaminpulver-pa-natet\/\",\"name\":\"Ketaminpulver till salu online | Global Meds Inc.\",\"isPartOf\":{\"@id\":\"https:\/\/globalmedsonlineinc.com\/se\/#website\"},\"primaryImageOfPage\":{\"@id\":\"https:\/\/globalmedsonlineinc.com\/se\/product\/pain-killers\/kop-ketaminpulver-pa-natet\/#primaryimage\"},\"image\":{\"@id\":\"https:\/\/globalmedsonlineinc.com\/se\/product\/pain-killers\/kop-ketaminpulver-pa-natet\/#primaryimage\"},\"thumbnailUrl\":\"https:\/\/globalmedsonlineinc.com\/se\/content\/media\/uploads\/sites\/8\/2021\/10\/Ketamine.jpg\",\"datePublished\":\"2021-10-31T05:31:34+00:00\",\"dateModified\":\"2024-02-21T08:53:34+00:00\",\"description\":\"Ketaminpulver till salu online. Vi s\u00e4ljer ketaminpulver av b\u00e4sta kvalitet. Kontakta oss g\u00e4rna f\u00f6r mer information och priser.\",\"breadcrumb\":{\"@id\":\"https:\/\/globalmedsonlineinc.com\/se\/product\/pain-killers\/kop-ketaminpulver-pa-natet\/#breadcrumb\"},\"inLanguage\":\"sv-SE\",\"potentialAction\":[{\"@type\":\"ReadAction\",\"target\":[\"https:\/\/globalmedsonlineinc.com\/se\/product\/pain-killers\/kop-ketaminpulver-pa-natet\/\"]}]},{\"@type\":\"ImageObject\",\"inLanguage\":\"sv-SE\",\"@id\":\"https:\/\/globalmedsonlineinc.com\/se\/product\/pain-killers\/kop-ketaminpulver-pa-natet\/#primaryimage\",\"url\":\"https:\/\/globalmedsonlineinc.com\/se\/content\/media\/uploads\/sites\/8\/2021\/10\/Ketamine.jpg\",\"contentUrl\":\"https:\/\/globalmedsonlineinc.com\/se\/content\/media\/uploads\/sites\/8\/2021\/10\/Ketamine.jpg\",\"width\":225,\"height\":225,\"caption\":\"Ketaminpulver till salu online\"},{\"@type\":\"BreadcrumbList\",\"@id\":\"https:\/\/globalmedsonlineinc.com\/se\/product\/pain-killers\/kop-ketaminpulver-pa-natet\/#breadcrumb\",\"itemListElement\":[{\"@type\":\"ListItem\",\"position\":1,\"name\":\"Home\",\"item\":\"https:\/\/globalmedsonlineinc.com\/se\/\"},{\"@type\":\"ListItem\",\"position\":2,\"name\":\"Produkter\",\"item\":\"https:\/\/globalmedsonlineinc.com\/se\/produkter\/\"},{\"@type\":\"ListItem\",\"position\":3,\"name\":\"K\u00f6p Ketaminpulver p\u00e5 n\u00e4tet\"}]},{\"@type\":\"WebSite\",\"@id\":\"https:\/\/globalmedsonlineinc.com\/se\/#website\",\"url\":\"https:\/\/globalmedsonlineinc.com\/se\/\",\"name\":\"Global Meds Inc\",\"description\":\"\",\"publisher\":{\"@id\":\"https:\/\/globalmedsonlineinc.com\/se\/#organization\"},\"potentialAction\":[{\"@type\":\"SearchAction\",\"target\":{\"@type\":\"EntryPoint\",\"urlTemplate\":\"https:\/\/globalmedsonlineinc.com\/se\/?s={search_term_string}\"},\"query-input\":{\"@type\":\"PropertyValueSpecification\",\"valueRequired\":true,\"valueName\":\"search_term_string\"}}],\"inLanguage\":\"sv-SE\"},{\"@type\":\"Organization\",\"@id\":\"https:\/\/globalmedsonlineinc.com\/se\/#organization\",\"name\":\"Global Meds Inc.\",\"url\":\"https:\/\/globalmedsonlineinc.com\/se\/\",\"logo\":{\"@type\":\"ImageObject\",\"inLanguage\":\"sv-SE\",\"@id\":\"https:\/\/globalmedsonlineinc.com\/se\/#\/schema\/logo\/image\/\",\"url\":\"https:\/\/globalmedsonlineinc.com\/se\/content\/media\/uploads\/sites\/8\/2021\/06\/globalmedsonlineincLogoShop20210630123730.00.png\",\"contentUrl\":\"https:\/\/globalmedsonlineinc.com\/se\/content\/media\/uploads\/sites\/8\/2021\/06\/globalmedsonlineincLogoShop20210630123730.00.png\",\"width\":450,\"height\":117,\"caption\":\"Global Meds Inc.\"},\"image\":{\"@id\":\"https:\/\/globalmedsonlineinc.com\/se\/#\/schema\/logo\/image\/\"}}]}<\/script>\n<!-- \/ Yoast SEO plugin. -->","yoast_head_json":{"title":"Ketaminpulver till salu online | Global Meds Inc.","description":"Ketaminpulver till salu online. Vi s\u00e4ljer ketaminpulver av b\u00e4sta kvalitet. Kontakta oss g\u00e4rna f\u00f6r mer information och priser.","robots":{"index":"index","follow":"follow","max-snippet":"max-snippet:-1","max-image-preview":"max-image-preview:large","max-video-preview":"max-video-preview:-1"},"canonical":"https:\/\/globalmedsonlineinc.com\/se\/product\/pain-killers\/kop-ketaminpulver-pa-natet\/","og_locale":"sv_SE","og_type":"article","og_title":"Ketaminpulver till salu online | Global Meds Inc.","og_description":"Ketaminpulver till salu online. Vi s\u00e4ljer ketaminpulver av b\u00e4sta kvalitet. Kontakta oss g\u00e4rna f\u00f6r mer information och priser.","og_url":"https:\/\/globalmedsonlineinc.com\/se\/product\/pain-killers\/kop-ketaminpulver-pa-natet\/","og_site_name":"Global Meds Inc","article_modified_time":"2024-02-21T08:53:34+00:00","og_image":[{"width":225,"height":225,"url":"https:\/\/globalmedsonlineinc.com\/se\/content\/media\/uploads\/sites\/8\/2021\/10\/Ketamine.jpg","type":"image\/jpeg"}],"twitter_card":"summary_large_image","twitter_misc":{"Ber\u00e4knad l\u00e4stid":"1 minut"},"schema":{"@context":"https:\/\/schema.org","@graph":[{"@type":"WebPage","@id":"https:\/\/globalmedsonlineinc.com\/se\/product\/pain-killers\/kop-ketaminpulver-pa-natet\/","url":"https:\/\/globalmedsonlineinc.com\/se\/product\/pain-killers\/kop-ketaminpulver-pa-natet\/","name":"Ketaminpulver till salu online | Global Meds Inc.","isPartOf":{"@id":"https:\/\/globalmedsonlineinc.com\/se\/#website"},"primaryImageOfPage":{"@id":"https:\/\/globalmedsonlineinc.com\/se\/product\/pain-killers\/kop-ketaminpulver-pa-natet\/#primaryimage"},"image":{"@id":"https:\/\/globalmedsonlineinc.com\/se\/product\/pain-killers\/kop-ketaminpulver-pa-natet\/#primaryimage"},"thumbnailUrl":"https:\/\/globalmedsonlineinc.com\/se\/content\/media\/uploads\/sites\/8\/2021\/10\/Ketamine.jpg","datePublished":"2021-10-31T05:31:34+00:00","dateModified":"2024-02-21T08:53:34+00:00","description":"Ketaminpulver till salu online. Vi s\u00e4ljer ketaminpulver av b\u00e4sta kvalitet. Kontakta oss g\u00e4rna f\u00f6r mer information och priser.","breadcrumb":{"@id":"https:\/\/globalmedsonlineinc.com\/se\/product\/pain-killers\/kop-ketaminpulver-pa-natet\/#breadcrumb"},"inLanguage":"sv-SE","potentialAction":[{"@type":"ReadAction","target":["https:\/\/globalmedsonlineinc.com\/se\/product\/pain-killers\/kop-ketaminpulver-pa-natet\/"]}]},{"@type":"ImageObject","inLanguage":"sv-SE","@id":"https:\/\/globalmedsonlineinc.com\/se\/product\/pain-killers\/kop-ketaminpulver-pa-natet\/#primaryimage","url":"https:\/\/globalmedsonlineinc.com\/se\/content\/media\/uploads\/sites\/8\/2021\/10\/Ketamine.jpg","contentUrl":"https:\/\/globalmedsonlineinc.com\/se\/content\/media\/uploads\/sites\/8\/2021\/10\/Ketamine.jpg","width":225,"height":225,"caption":"Ketaminpulver till salu online"},{"@type":"BreadcrumbList","@id":"https:\/\/globalmedsonlineinc.com\/se\/product\/pain-killers\/kop-ketaminpulver-pa-natet\/#breadcrumb","itemListElement":[{"@type":"ListItem","position":1,"name":"Home","item":"https:\/\/globalmedsonlineinc.com\/se\/"},{"@type":"ListItem","position":2,"name":"Produkter","item":"https:\/\/globalmedsonlineinc.com\/se\/produkter\/"},{"@type":"ListItem","position":3,"name":"K\u00f6p Ketaminpulver p\u00e5 n\u00e4tet"}]},{"@type":"WebSite","@id":"https:\/\/globalmedsonlineinc.com\/se\/#website","url":"https:\/\/globalmedsonlineinc.com\/se\/","name":"Global Meds Inc","description":"","publisher":{"@id":"https:\/\/globalmedsonlineinc.com\/se\/#organization"},"potentialAction":[{"@type":"SearchAction","target":{"@type":"EntryPoint","urlTemplate":"https:\/\/globalmedsonlineinc.com\/se\/?s={search_term_string}"},"query-input":{"@type":"PropertyValueSpecification","valueRequired":true,"valueName":"search_term_string"}}],"inLanguage":"sv-SE"},{"@type":"Organization","@id":"https:\/\/globalmedsonlineinc.com\/se\/#organization","name":"Global Meds Inc.","url":"https:\/\/globalmedsonlineinc.com\/se\/","logo":{"@type":"ImageObject","inLanguage":"sv-SE","@id":"https:\/\/globalmedsonlineinc.com\/se\/#\/schema\/logo\/image\/","url":"https:\/\/globalmedsonlineinc.com\/se\/content\/media\/uploads\/sites\/8\/2021\/06\/globalmedsonlineincLogoShop20210630123730.00.png","contentUrl":"https:\/\/globalmedsonlineinc.com\/se\/content\/media\/uploads\/sites\/8\/2021\/06\/globalmedsonlineincLogoShop20210630123730.00.png","width":450,"height":117,"caption":"Global Meds Inc."},"image":{"@id":"https:\/\/globalmedsonlineinc.com\/se\/#\/schema\/logo\/image\/"}}]}},"_links":{"self":[{"href":"https:\/\/globalmedsonlineinc.com\/se\/wp-json\/wp\/v2\/product\/10542","targetHints":{"allow":["GET"]}}],"collection":[{"href":"https:\/\/globalmedsonlineinc.com\/se\/wp-json\/wp\/v2\/product"}],"about":[{"href":"https:\/\/globalmedsonlineinc.com\/se\/wp-json\/wp\/v2\/types\/product"}],"replies":[{"embeddable":true,"href":"https:\/\/globalmedsonlineinc.com\/se\/wp-json\/wp\/v2\/comments?post=10542"}],"wp:featuredmedia":[{"embeddable":true,"href":"https:\/\/globalmedsonlineinc.com\/se\/wp-json\/wp\/v2\/media\/10549"}],"wp:attachment":[{"href":"https:\/\/globalmedsonlineinc.com\/se\/wp-json\/wp\/v2\/media?parent=10542"}],"wp:term":[{"taxonomy":"product_brand","embeddable":true,"href":"https:\/\/globalmedsonlineinc.com\/se\/wp-json\/wp\/v2\/product_brand?post=10542"},{"taxonomy":"product_cat","embeddable":true,"href":"https:\/\/globalmedsonlineinc.com\/se\/wp-json\/wp\/v2\/product_cat?post=10542"},{"taxonomy":"product_tag","embeddable":true,"href":"https:\/\/globalmedsonlineinc.com\/se\/wp-json\/wp\/v2\/product_tag?post=10542"}],"curies":[{"name":"wp","href":"https:\/\/api.w.org\/{rel}","templated":true}]}}