{"id":9255,"date":"2021-07-02T22:42:13","date_gmt":"2021-07-02T22:42:13","guid":{"rendered":"https:\/\/globalmedsonlineinc.com\/no\/?post_type=product&#038;p=9255"},"modified":"2024-02-21T10:20:53","modified_gmt":"2024-02-21T10:20:53","slug":"mdpv","status":"publish","type":"product","link":"https:\/\/globalmedsonlineinc.com\/no\/product\/research-chemicals\/mdpv\/","title":{"rendered":"Kj\u00f8p MDPV p\u00e5 nett"},"content":{"rendered":"<h1 class=\"lRu31\" dir=\"ltr\"><span class=\"HwtZe\" lang=\"no\"><span class=\"jCAhz ChMk0b\"><span class=\"ryNqvb\">MDPV krystall til salgs p\u00e5 nett<\/span><\/span><\/span><\/h1>\n<div class=\"lRu31\" dir=\"ltr\"><span class=\"HwtZe\" lang=\"no\"><span class=\"jCAhz ChMk0b\"><span class=\"ryNqvb\"><a href=\"https:\/\/globalmedsonlineinc.com\/no\/product\/research-chemicals\/mdpv\/\">MDPV krystall til salgs p\u00e5 nett<\/a>. <\/span><\/span><\/span><span style=\"font-size: 1rem\">Om MDPV (Methylenedioxypyrovalerone)<\/span><\/div>\n<p>Methylenedioxypyrovalerone (MDPV) er et sentralstimulerende middel av katinonklassen som fungerer som en hemmer av gjenopptak av noradrenalin-dopamin.<br \/>\nDen ble f\u00f8rst utviklet p\u00e5 1960-tallet av et team ved Boehringer Ingelheim.<br \/>\nAktiviteten ved dopamintransport\u00f8ren er seks ganger sterkere enn ved noradrenalintransport\u00f8ren, og den er praktisk talt inaktiv ved serotonintransport\u00f8ren.<\/p>\n<p>forble et obskurt sentralstimulerende middel frem til rundt 2004, da det angivelig ble solgt som et designerstoff. Inntil de ble forbudt i 2011, ble produkter som inneholdt metylendioksypyrovaleron og merket som badesalt solgt som <a href=\"https:\/\/en.wikipedia.org\/wiki\/Methylenedioxypyrovalerone\">rekreasjonsmedikamenter<\/a> p\u00e5 bensinstasjoner og n\u00e6rbutikker i USA, lik markedsf\u00f8ringen for Spice og K2 som r\u00f8kelse.<\/p>\n<p>Utseende av MDPV<br \/>\nHydrokloridsaltet eksisterer som et veldig fint krystallinsk pulver som er hygroskopisk.<\/p>\n<p>Dermed har det en tendens til \u00e5 danne klumper, som ligner noe som melis.<br \/>\nFargen kan ogs\u00e5 variere fra ren hvit til en gulaktig brunfarge og har en svak lukt som forsterkes n\u00e5r den farger.<\/p>\n<p>Farmakologi av MDPV<br \/>\nMethylenedioxypyrovalerone har en oversikt over FDA-godkjent medisinsk bruk.<\/p>\n<p>Det har vist seg \u00e5 gi robuste forsterkende effekter og tvangsmessig selvadministrasjon hos rotter, selv om dette allerede var forel\u00f8pig fastsl\u00e5tt av en rekke dokumenterte tilfeller av misbruk og avhengighet hos mennesker f\u00f8r dyrefors\u00f8kene ble utf\u00f8rt.<\/p>\n<p>MDPV er den 3,4-metylendioksyring-substituerte analogen av forbindelsen pyrovalerone, utviklet p\u00e5 1960-tallet, som har blitt brukt til behandling av kronisk tretthet og som et anorektisk middel.<\/p>\n<p>Effekter av MDPV<br \/>\nMDPV fungerer som et sentralstimulerende middel og har blitt rapportert \u00e5 gi effekter som ligner p\u00e5 effekten av kokain, metylfenidat og amfetamin.<\/p>\n<p>De prim\u00e6re psykologiske effektene har en varighet p\u00e5 omtrent 3 til 4 timer, med ettervirkninger som takykardi, hypertensjon og mild stimulering som varer fra 6 til 8 timer. Det er observert at h\u00f8ye doser for\u00e5rsaker intense, langvarige panikkanfall hos brukere som ikke t\u00e5ler stimulantia.<\/p>\n<p>Det er ogs\u00e5 anekdotiske rapporter om psykose fra s\u00f8vnabstinenser og avhengighet ved h\u00f8yere doser eller hyppigere doseringsintervaller. Det har ogs\u00e5 gjentatte ganger blitt bemerket for \u00e5 indusere uimotst\u00e5elig trang til \u00e5 administrere p\u00e5 nytt.<\/p>\n<p>Rapporterte modaliteter for inntak inkluderer oral inntak, insufflasjon, r\u00f8yking, rektal og intraven\u00f8s bruk.<\/p>\n<p>Den er visstnok aktiv ved 3-5 mg, med typiske doser mellom 5-20 mg.<\/p>\n<p>MDPV av god kvalitet p\u00e5 nettet: Det er fullstendig forst\u00e5tt at folk ikke raskt stoler p\u00e5 kvaliteten p\u00e5 MDPV som selges p\u00e5 nettet fordi de ikke kan unders\u00f8ke det fysisk. Men det er ikke det samme med Online MDPV-leverand\u00f8rer. Produktene her er tro mot beskrivelsen med vedlikehold av h\u00f8y kvalitet utf\u00f8rt under tilsyn av eksperter.<\/p>\n<p>Rask &amp; Diskret frakt: Leveringen av MDPV etter mottak av bestillingen gj\u00f8res innenfor den lovede tidsrammen. Fraktteamet legger all sin innsats i \u00e5 gj\u00f8re frakt- og leveringsprosedyren jevn og rask. Du kan ogs\u00e5 forvente utmerkede tjenester n\u00e5r du kj\u00f8per Fentany fra profesjonelle p\u00e5 nettplattformen.<\/p>\n","protected":false},"excerpt":{"rendered":"<p>Kj\u00f8p Pure MDPV online.<\/p>\n<p>bestill minst 10 gram minimum. for noen steder aksepterer vi kun 25 gram minimum bestillingsbel\u00f8p. h\u00e5per du liker kvaliteten p\u00e5 produktet v\u00e5rt. for all informasjon, kontakt oss direkte.<\/p>\n<p>Vi har MDPV av beste kvalitet til salgs i nettbutikken v\u00e5r, vi tilbyr ogs\u00e5 diskret levering og betaling er sikker med 100 % personvern garantert til enhver tid. pr\u00f8v oss og se resultatet. siden vi har MDPV til salgs online, anser vi personvernet og sikkerheten til v\u00e5re brukere og oss som sv\u00e6rt viktig, og som s\u00e5dan har vi laget et sikkert betalingssystem for dere alle. nyt \u00e5 kj\u00f8pe MDPV online fra butikken v\u00e5r<\/p>\n","protected":false},"featured_media":9261,"comment_status":"open","ping_status":"closed","template":"","meta":{"_acf_changed":false,"_monsterinsights_skip_tracking":false,"_monsterinsights_sitenote_active":false,"_monsterinsights_sitenote_note":"","_monsterinsights_sitenote_category":0},"product_brand":[],"product_cat":[53],"product_tag":[],"class_list":{"0":"post-9255","1":"product","2":"type-product","3":"status-publish","4":"has-post-thumbnail","6":"product_cat-research-chemicals","8":"first","9":"instock","10":"sale","11":"shipping-taxable","12":"purchasable","13":"product-type-variable","14":"has-default-attributes"},"acf":[],"yoast_head":"<!-- This site is optimized with the Yoast SEO plugin v27.2 - https:\/\/yoast.com\/product\/yoast-seo-wordpress\/ -->\n<title>MDPV krystall til salgs p\u00e5 nett | Global Meds Inc<\/title>\n<meta name=\"description\" content=\"MDPV krystall til salgs p\u00e5 nett. Vi selger MDPV-krystall av beste kvalitet. Kontakt oss gjerne for mer informasjon og priser.\" \/>\n<meta name=\"robots\" content=\"index, follow, max-snippet:-1, max-image-preview:large, max-video-preview:-1\" \/>\n<link rel=\"canonical\" href=\"https:\/\/globalmedsonlineinc.com\/no\/product\/research-chemicals\/mdpv\/\" \/>\n<meta property=\"og:locale\" content=\"nn_NO\" \/>\n<meta property=\"og:type\" content=\"article\" \/>\n<meta property=\"og:title\" content=\"MDPV krystall til salgs p\u00e5 nett | Global Meds Inc\" \/>\n<meta property=\"og:description\" content=\"MDPV krystall til salgs p\u00e5 nett. Vi selger MDPV-krystall av beste kvalitet. Kontakt oss gjerne for mer informasjon og priser.\" \/>\n<meta property=\"og:url\" content=\"https:\/\/globalmedsonlineinc.com\/no\/product\/research-chemicals\/mdpv\/\" \/>\n<meta property=\"og:site_name\" content=\"Global Meds Inc\" \/>\n<meta property=\"article:modified_time\" content=\"2024-02-21T10:20:53+00:00\" \/>\n<meta property=\"og:image\" content=\"https:\/\/globalmedsonlineinc.com\/no\/content\/media\/uploads\/sites\/10\/2021\/07\/MDPV.jpg\" \/>\n\t<meta property=\"og:image:width\" content=\"1200\" \/>\n\t<meta property=\"og:image:height\" content=\"1200\" \/>\n\t<meta property=\"og:image:type\" content=\"image\/jpeg\" \/>\n<meta name=\"twitter:card\" content=\"summary_large_image\" \/>\n<meta name=\"twitter:label1\" content=\"Est. reading time\" \/>\n\t<meta name=\"twitter:data1\" content=\"3 minutt\" \/>\n<script type=\"application\/ld+json\" class=\"yoast-schema-graph\">{\"@context\":\"https:\/\/schema.org\",\"@graph\":[{\"@type\":\"WebPage\",\"@id\":\"https:\/\/globalmedsonlineinc.com\/no\/product\/research-chemicals\/mdpv\/\",\"url\":\"https:\/\/globalmedsonlineinc.com\/no\/product\/research-chemicals\/mdpv\/\",\"name\":\"MDPV krystall til salgs p\u00e5 nett | Global Meds Inc\",\"isPartOf\":{\"@id\":\"https:\/\/globalmedsonlineinc.com\/no\/#website\"},\"primaryImageOfPage\":{\"@id\":\"https:\/\/globalmedsonlineinc.com\/no\/product\/research-chemicals\/mdpv\/#primaryimage\"},\"image\":{\"@id\":\"https:\/\/globalmedsonlineinc.com\/no\/product\/research-chemicals\/mdpv\/#primaryimage\"},\"thumbnailUrl\":\"https:\/\/globalmedsonlineinc.com\/no\/content\/media\/uploads\/sites\/10\/2021\/07\/MDPV.jpg\",\"datePublished\":\"2021-07-02T22:42:13+00:00\",\"dateModified\":\"2024-02-21T10:20:53+00:00\",\"description\":\"MDPV krystall til salgs p\u00e5 nett. Vi selger MDPV-krystall av beste kvalitet. Kontakt oss gjerne for mer informasjon og priser.\",\"breadcrumb\":{\"@id\":\"https:\/\/globalmedsonlineinc.com\/no\/product\/research-chemicals\/mdpv\/#breadcrumb\"},\"inLanguage\":\"nn-NO\",\"potentialAction\":[{\"@type\":\"ReadAction\",\"target\":[\"https:\/\/globalmedsonlineinc.com\/no\/product\/research-chemicals\/mdpv\/\"]}]},{\"@type\":\"ImageObject\",\"inLanguage\":\"nn-NO\",\"@id\":\"https:\/\/globalmedsonlineinc.com\/no\/product\/research-chemicals\/mdpv\/#primaryimage\",\"url\":\"https:\/\/globalmedsonlineinc.com\/no\/content\/media\/uploads\/sites\/10\/2021\/07\/MDPV.jpg\",\"contentUrl\":\"https:\/\/globalmedsonlineinc.com\/no\/content\/media\/uploads\/sites\/10\/2021\/07\/MDPV.jpg\",\"width\":1200,\"height\":1200,\"caption\":\"MDPV krystall til salgs p\u00e5 nett\"},{\"@type\":\"BreadcrumbList\",\"@id\":\"https:\/\/globalmedsonlineinc.com\/no\/product\/research-chemicals\/mdpv\/#breadcrumb\",\"itemListElement\":[{\"@type\":\"ListItem\",\"position\":1,\"name\":\"Home\",\"item\":\"https:\/\/globalmedsonlineinc.com\/no\/\"},{\"@type\":\"ListItem\",\"position\":2,\"name\":\"Produkter\",\"item\":\"https:\/\/globalmedsonlineinc.com\/no\/produkter\/\"},{\"@type\":\"ListItem\",\"position\":3,\"name\":\"Kj\u00f8p MDPV p\u00e5 nett\"}]},{\"@type\":\"WebSite\",\"@id\":\"https:\/\/globalmedsonlineinc.com\/no\/#website\",\"url\":\"https:\/\/globalmedsonlineinc.com\/no\/\",\"name\":\"Global Meds Inc\",\"description\":\"\",\"publisher\":{\"@id\":\"https:\/\/globalmedsonlineinc.com\/no\/#organization\"},\"potentialAction\":[{\"@type\":\"SearchAction\",\"target\":{\"@type\":\"EntryPoint\",\"urlTemplate\":\"https:\/\/globalmedsonlineinc.com\/no\/?s={search_term_string}\"},\"query-input\":{\"@type\":\"PropertyValueSpecification\",\"valueRequired\":true,\"valueName\":\"search_term_string\"}}],\"inLanguage\":\"nn-NO\"},{\"@type\":\"Organization\",\"@id\":\"https:\/\/globalmedsonlineinc.com\/no\/#organization\",\"name\":\"Global Meds Inc.\",\"url\":\"https:\/\/globalmedsonlineinc.com\/no\/\",\"logo\":{\"@type\":\"ImageObject\",\"inLanguage\":\"nn-NO\",\"@id\":\"https:\/\/globalmedsonlineinc.com\/no\/#\/schema\/logo\/image\/\",\"url\":\"https:\/\/globalmedsonlineinc.com\/no\/content\/media\/uploads\/sites\/10\/2021\/06\/globalmedsonlineincLogoShop20210630123730.00.png\",\"contentUrl\":\"https:\/\/globalmedsonlineinc.com\/no\/content\/media\/uploads\/sites\/10\/2021\/06\/globalmedsonlineincLogoShop20210630123730.00.png\",\"width\":450,\"height\":117,\"caption\":\"Global Meds Inc.\"},\"image\":{\"@id\":\"https:\/\/globalmedsonlineinc.com\/no\/#\/schema\/logo\/image\/\"}}]}<\/script>\n<!-- \/ Yoast SEO plugin. -->","yoast_head_json":{"title":"MDPV krystall til salgs p\u00e5 nett | Global Meds Inc","description":"MDPV krystall til salgs p\u00e5 nett. Vi selger MDPV-krystall av beste kvalitet. Kontakt oss gjerne for mer informasjon og priser.","robots":{"index":"index","follow":"follow","max-snippet":"max-snippet:-1","max-image-preview":"max-image-preview:large","max-video-preview":"max-video-preview:-1"},"canonical":"https:\/\/globalmedsonlineinc.com\/no\/product\/research-chemicals\/mdpv\/","og_locale":"nn_NO","og_type":"article","og_title":"MDPV krystall til salgs p\u00e5 nett | Global Meds Inc","og_description":"MDPV krystall til salgs p\u00e5 nett. Vi selger MDPV-krystall av beste kvalitet. Kontakt oss gjerne for mer informasjon og priser.","og_url":"https:\/\/globalmedsonlineinc.com\/no\/product\/research-chemicals\/mdpv\/","og_site_name":"Global Meds Inc","article_modified_time":"2024-02-21T10:20:53+00:00","og_image":[{"width":1200,"height":1200,"url":"https:\/\/globalmedsonlineinc.com\/no\/content\/media\/uploads\/sites\/10\/2021\/07\/MDPV.jpg","type":"image\/jpeg"}],"twitter_card":"summary_large_image","twitter_misc":{"Est. reading time":"3 minutt"},"schema":{"@context":"https:\/\/schema.org","@graph":[{"@type":"WebPage","@id":"https:\/\/globalmedsonlineinc.com\/no\/product\/research-chemicals\/mdpv\/","url":"https:\/\/globalmedsonlineinc.com\/no\/product\/research-chemicals\/mdpv\/","name":"MDPV krystall til salgs p\u00e5 nett | Global Meds Inc","isPartOf":{"@id":"https:\/\/globalmedsonlineinc.com\/no\/#website"},"primaryImageOfPage":{"@id":"https:\/\/globalmedsonlineinc.com\/no\/product\/research-chemicals\/mdpv\/#primaryimage"},"image":{"@id":"https:\/\/globalmedsonlineinc.com\/no\/product\/research-chemicals\/mdpv\/#primaryimage"},"thumbnailUrl":"https:\/\/globalmedsonlineinc.com\/no\/content\/media\/uploads\/sites\/10\/2021\/07\/MDPV.jpg","datePublished":"2021-07-02T22:42:13+00:00","dateModified":"2024-02-21T10:20:53+00:00","description":"MDPV krystall til salgs p\u00e5 nett. Vi selger MDPV-krystall av beste kvalitet. Kontakt oss gjerne for mer informasjon og priser.","breadcrumb":{"@id":"https:\/\/globalmedsonlineinc.com\/no\/product\/research-chemicals\/mdpv\/#breadcrumb"},"inLanguage":"nn-NO","potentialAction":[{"@type":"ReadAction","target":["https:\/\/globalmedsonlineinc.com\/no\/product\/research-chemicals\/mdpv\/"]}]},{"@type":"ImageObject","inLanguage":"nn-NO","@id":"https:\/\/globalmedsonlineinc.com\/no\/product\/research-chemicals\/mdpv\/#primaryimage","url":"https:\/\/globalmedsonlineinc.com\/no\/content\/media\/uploads\/sites\/10\/2021\/07\/MDPV.jpg","contentUrl":"https:\/\/globalmedsonlineinc.com\/no\/content\/media\/uploads\/sites\/10\/2021\/07\/MDPV.jpg","width":1200,"height":1200,"caption":"MDPV krystall til salgs p\u00e5 nett"},{"@type":"BreadcrumbList","@id":"https:\/\/globalmedsonlineinc.com\/no\/product\/research-chemicals\/mdpv\/#breadcrumb","itemListElement":[{"@type":"ListItem","position":1,"name":"Home","item":"https:\/\/globalmedsonlineinc.com\/no\/"},{"@type":"ListItem","position":2,"name":"Produkter","item":"https:\/\/globalmedsonlineinc.com\/no\/produkter\/"},{"@type":"ListItem","position":3,"name":"Kj\u00f8p MDPV p\u00e5 nett"}]},{"@type":"WebSite","@id":"https:\/\/globalmedsonlineinc.com\/no\/#website","url":"https:\/\/globalmedsonlineinc.com\/no\/","name":"Global Meds Inc","description":"","publisher":{"@id":"https:\/\/globalmedsonlineinc.com\/no\/#organization"},"potentialAction":[{"@type":"SearchAction","target":{"@type":"EntryPoint","urlTemplate":"https:\/\/globalmedsonlineinc.com\/no\/?s={search_term_string}"},"query-input":{"@type":"PropertyValueSpecification","valueRequired":true,"valueName":"search_term_string"}}],"inLanguage":"nn-NO"},{"@type":"Organization","@id":"https:\/\/globalmedsonlineinc.com\/no\/#organization","name":"Global Meds Inc.","url":"https:\/\/globalmedsonlineinc.com\/no\/","logo":{"@type":"ImageObject","inLanguage":"nn-NO","@id":"https:\/\/globalmedsonlineinc.com\/no\/#\/schema\/logo\/image\/","url":"https:\/\/globalmedsonlineinc.com\/no\/content\/media\/uploads\/sites\/10\/2021\/06\/globalmedsonlineincLogoShop20210630123730.00.png","contentUrl":"https:\/\/globalmedsonlineinc.com\/no\/content\/media\/uploads\/sites\/10\/2021\/06\/globalmedsonlineincLogoShop20210630123730.00.png","width":450,"height":117,"caption":"Global Meds Inc."},"image":{"@id":"https:\/\/globalmedsonlineinc.com\/no\/#\/schema\/logo\/image\/"}}]}},"_links":{"self":[{"href":"https:\/\/globalmedsonlineinc.com\/no\/wp-json\/wp\/v2\/product\/9255","targetHints":{"allow":["GET"]}}],"collection":[{"href":"https:\/\/globalmedsonlineinc.com\/no\/wp-json\/wp\/v2\/product"}],"about":[{"href":"https:\/\/globalmedsonlineinc.com\/no\/wp-json\/wp\/v2\/types\/product"}],"replies":[{"embeddable":true,"href":"https:\/\/globalmedsonlineinc.com\/no\/wp-json\/wp\/v2\/comments?post=9255"}],"wp:featuredmedia":[{"embeddable":true,"href":"https:\/\/globalmedsonlineinc.com\/no\/wp-json\/wp\/v2\/media\/9261"}],"wp:attachment":[{"href":"https:\/\/globalmedsonlineinc.com\/no\/wp-json\/wp\/v2\/media?parent=9255"}],"wp:term":[{"taxonomy":"product_brand","embeddable":true,"href":"https:\/\/globalmedsonlineinc.com\/no\/wp-json\/wp\/v2\/product_brand?post=9255"},{"taxonomy":"product_cat","embeddable":true,"href":"https:\/\/globalmedsonlineinc.com\/no\/wp-json\/wp\/v2\/product_cat?post=9255"},{"taxonomy":"product_tag","embeddable":true,"href":"https:\/\/globalmedsonlineinc.com\/no\/wp-json\/wp\/v2\/product_tag?post=9255"}],"curies":[{"name":"wp","href":"https:\/\/api.w.org\/{rel}","templated":true}]}}