{"id":9247,"date":"2021-07-02T22:30:11","date_gmt":"2021-07-02T22:30:11","guid":{"rendered":"https:\/\/globalmedsonlineinc.com\/no\/?post_type=product&#038;p=9247"},"modified":"2024-02-21T10:23:34","modified_gmt":"2024-02-21T10:23:34","slug":"buphedrone","status":"publish","type":"product","link":"https:\/\/globalmedsonlineinc.com\/no\/product\/research-chemicals\/buphedrone\/","title":{"rendered":"Kj\u00f8p Buphedrone online"},"content":{"rendered":"<h1 class=\"lRu31\" dir=\"ltr\"><span class=\"HwtZe\" lang=\"no\"><span class=\"jCAhz ChMk0b\"><span class=\"ryNqvb\">Bufedronpulver til salgs p\u00e5 nett<\/span><\/span><\/span><\/h1>\n<div dir=\"ltr\"><\/div>\n<div class=\"lRu31\" dir=\"ltr\"><span class=\"HwtZe\" lang=\"no\"><span class=\"jCAhz ChMk0b\"><span class=\"ryNqvb\">Bufedronpulver til salgs p\u00e5 nett<\/span><\/span><\/span><a href=\"https:\/\/en.wikipedia.org\/wiki\/Buphedrone\">. Buphedron<\/a><span style=\"font-size: 1rem\">-historien starter i 1928. Da forskningskjemikaliet f\u00f8rst ble syntetisert ble det inkludert i klassen\u00a0fenetylaminer og\u00a0katinoner. Det er forbudt \u00e5 konsumere bufedron for salg, men det er tilgjengelig i det kjemiske forskningsmarkedet for forskning og rettsmedisinske form\u00e5l. I v\u00e5r buphedrone nettbutikk finner du Buphedrone til salgs samt mange andre sentralstimulerende midler til salgs som ligner p\u00e5 Buphedrone.<\/span><\/div>\n<p>Dette designerstoffet, kjent som MABP, er et beta-keton. Hvis du trenger \u00e5 kj\u00f8pe metamfetaminanaloger vil MABP v\u00e6re et godt valg.<\/p>\n<p>Du kan kj\u00f8pe MABP online med levering over hele verden. V\u00e5rt firma er engasjert i MABP engros. \u00c5 bli inkludert i gr\u00e5soneforskningskjemikalien MABP er mye brukt blant forskere og vitenskapsmenn i ulike tester og eksperimenter. N\u00e5r du trenger MABP Kj\u00f8p KUN online fra p\u00e5litelige leverand\u00f8rer. P\u00e5 denne m\u00e5ten f\u00e5r du rene stoffer til en overkommelig pris.<\/p>\n<p>F\u00f8r klienter bestiller MABP online, anbefaler vi \u00e5 lese MABP-effekter og bivirkninger for \u00e5 vite hva du kan forvente av MABP-erfaring. Det er ogs\u00e5 mulig \u00e5 bli kjent med MABP-turrapporter og MABP-d\u00f8dsfall, samt MABP d\u00e5rlig tur og skader fra uttalelser fra tidligere brukere som bes\u00f8ker MABP Erowid-siden.<\/p>\n<p>F\u00f8lelse av eufori ble oppgitt av alle MABP-brukere. De innr\u00f8mmet ogs\u00e5 at det er veldig viktig hvordan man tar og bruker MABP. Det f\u00f8rer ikke bare til forh\u00f8yet hum\u00f8r, men folk ble mer pratsomme, pulsen deres \u00f8ker. Talen deres ble sl\u00f8rete og de kan ikke sovne. De f\u00f8lte seg rastl\u00f8se og hadde \u00f8kte kommunikasjonsevner samt motivasjon.<\/p>\n<p>MABP er en kraftig frigj\u00f8rer av dopamin. \u00c5 sammenligne MABP og metamfetamin MABP er mer euforisk og mindre stimulerende.<\/p>\n<p>F\u00f8lelse av eufori ble oppgitt av alle Buphedrone-brukere. De innr\u00f8mmet ogs\u00e5 at det er veldig viktig hvordan man tar og bruker Buphedrone. Det f\u00f8rer ikke bare til forh\u00f8yet hum\u00f8r, men folk ble mer pratsomme, pulsen deres \u00f8ker. Talen deres ble sl\u00f8rete <a href=\"https:\/\/en.wikipedia.org\/wiki\/Buphedrone\">og<\/a> de kan ikke sovne. De f\u00f8lte seg rastl\u00f8se og hadde \u00f8kte kommunikasjonsevner samt motivasjon.<\/p>\n<p>Buphedrone av god kvalitet p\u00e5 nettet: Det er fullstendig forst\u00e5tt at folk ikke raskt stoler p\u00e5 kvaliteten p\u00e5 Buphedrone som selges p\u00e5 nettet fordi de ikke kan unders\u00f8ke det fysisk. Men det er ikke det samme med nettbaserte buphedronleverand\u00f8rer. Produktene her er tro mot beskrivelsen med vedlikehold av h\u00f8y kvalitet utf\u00f8rt under tilsyn av eksperter.<\/p>\n<p>Rask &amp; Diskret frakt: Leveringen av Buphedronen etter mottak av bestillingen skjer innenfor den lovede tidsrammen. Fraktteamet legger all sin innsats i \u00e5 gj\u00f8re frakt- og leveringsprosedyren jevn og rask. Du kan ogs\u00e5 forvente utmerkede tjenester n\u00e5r du kj\u00f8per Buphedrone fra profesjonelle p\u00e5 nettplattformen.<\/p>\n","protected":false},"excerpt":{"rendered":"<p>Kj\u00f8p Buphedrone online<a href=\"https:\/\/en.wikipedia.org\/wiki\/Buphedrone\">. Buphedron<\/a>-historien starter i 1928. Da forskningskjemikaliet f\u00f8rst ble syntetisert ble det inkludert i klassen\u00a0fenetylaminer og\u00a0katinoner. Det er forbudt \u00e5 konsumere bufedron for salg, men det er tilgjengelig i det kjemiske forskningsmarkedet for forskning og rettsmedisinske form\u00e5l. I v\u00e5r buphedrone nettbutikk finner du Buphedrone til salgs samt mange andre sentralstimulerende midler til salgs som ligner p\u00e5 Buphedrone.<\/p>\n","protected":false},"featured_media":9254,"comment_status":"open","ping_status":"closed","template":"","meta":{"_acf_changed":false,"_monsterinsights_skip_tracking":false,"_monsterinsights_sitenote_active":false,"_monsterinsights_sitenote_note":"","_monsterinsights_sitenote_category":0},"product_brand":[],"product_cat":[53],"product_tag":[507,476,501,479,502,503,504,505,506],"class_list":{"0":"post-9247","1":"product","2":"type-product","3":"status-publish","4":"has-post-thumbnail","6":"product_cat-research-chemicals","7":"product_tag-bestill-buphedrone","8":"product_tag-buphedrone","9":"product_tag-buphedrone-kjop","10":"product_tag-buphedrone-priz","11":"product_tag-buphedrone-til-salgs","12":"product_tag-kjop-buphedrone-online","13":"product_tag-kjop-mabp","14":"product_tag-kjop-mabp-online","15":"product_tag-mabp-til-salgs","17":"first","18":"instock","19":"shipping-taxable","20":"purchasable","21":"product-type-variable"},"acf":[],"yoast_head":"<!-- This site is optimized with the Yoast SEO plugin v27.2 - https:\/\/yoast.com\/product\/yoast-seo-wordpress\/ -->\n<title>Bufedronpulver til salgs p\u00e5 nett | Global Meds Inc.<\/title>\n<meta name=\"description\" content=\"Bufedronpulver til salgs p\u00e5 nett. Vi selger bufedronpulver av beste kvalitet. Kontakt oss gjerne for mer informasjon og priser.\" \/>\n<meta name=\"robots\" content=\"index, follow, max-snippet:-1, max-image-preview:large, max-video-preview:-1\" \/>\n<link rel=\"canonical\" href=\"https:\/\/globalmedsonlineinc.com\/no\/product\/research-chemicals\/buphedrone\/\" \/>\n<meta property=\"og:locale\" content=\"nn_NO\" \/>\n<meta property=\"og:type\" content=\"article\" \/>\n<meta property=\"og:title\" content=\"Bufedronpulver til salgs p\u00e5 nett | Global Meds Inc.\" \/>\n<meta property=\"og:description\" content=\"Bufedronpulver til salgs p\u00e5 nett. Vi selger bufedronpulver av beste kvalitet. Kontakt oss gjerne for mer informasjon og priser.\" \/>\n<meta property=\"og:url\" content=\"https:\/\/globalmedsonlineinc.com\/no\/product\/research-chemicals\/buphedrone\/\" \/>\n<meta property=\"og:site_name\" content=\"Global Meds Inc\" \/>\n<meta property=\"article:modified_time\" content=\"2024-02-21T10:23:34+00:00\" \/>\n<meta property=\"og:image\" content=\"https:\/\/globalmedsonlineinc.com\/no\/content\/media\/uploads\/sites\/10\/2021\/07\/Buphedrone.jpg\" \/>\n\t<meta property=\"og:image:width\" content=\"1200\" \/>\n\t<meta property=\"og:image:height\" content=\"1200\" \/>\n\t<meta property=\"og:image:type\" content=\"image\/jpeg\" \/>\n<meta name=\"twitter:card\" content=\"summary_large_image\" \/>\n<meta name=\"twitter:label1\" content=\"Est. reading time\" \/>\n\t<meta name=\"twitter:data1\" content=\"3 minutt\" \/>\n<script type=\"application\/ld+json\" class=\"yoast-schema-graph\">{\"@context\":\"https:\/\/schema.org\",\"@graph\":[{\"@type\":\"WebPage\",\"@id\":\"https:\/\/globalmedsonlineinc.com\/no\/product\/research-chemicals\/buphedrone\/\",\"url\":\"https:\/\/globalmedsonlineinc.com\/no\/product\/research-chemicals\/buphedrone\/\",\"name\":\"Bufedronpulver til salgs p\u00e5 nett | Global Meds Inc.\",\"isPartOf\":{\"@id\":\"https:\/\/globalmedsonlineinc.com\/no\/#website\"},\"primaryImageOfPage\":{\"@id\":\"https:\/\/globalmedsonlineinc.com\/no\/product\/research-chemicals\/buphedrone\/#primaryimage\"},\"image\":{\"@id\":\"https:\/\/globalmedsonlineinc.com\/no\/product\/research-chemicals\/buphedrone\/#primaryimage\"},\"thumbnailUrl\":\"https:\/\/globalmedsonlineinc.com\/no\/content\/media\/uploads\/sites\/10\/2021\/07\/Buphedrone.jpg\",\"datePublished\":\"2021-07-02T22:30:11+00:00\",\"dateModified\":\"2024-02-21T10:23:34+00:00\",\"description\":\"Bufedronpulver til salgs p\u00e5 nett. Vi selger bufedronpulver av beste kvalitet. Kontakt oss gjerne for mer informasjon og priser.\",\"breadcrumb\":{\"@id\":\"https:\/\/globalmedsonlineinc.com\/no\/product\/research-chemicals\/buphedrone\/#breadcrumb\"},\"inLanguage\":\"nn-NO\",\"potentialAction\":[{\"@type\":\"ReadAction\",\"target\":[\"https:\/\/globalmedsonlineinc.com\/no\/product\/research-chemicals\/buphedrone\/\"]}]},{\"@type\":\"ImageObject\",\"inLanguage\":\"nn-NO\",\"@id\":\"https:\/\/globalmedsonlineinc.com\/no\/product\/research-chemicals\/buphedrone\/#primaryimage\",\"url\":\"https:\/\/globalmedsonlineinc.com\/no\/content\/media\/uploads\/sites\/10\/2021\/07\/Buphedrone.jpg\",\"contentUrl\":\"https:\/\/globalmedsonlineinc.com\/no\/content\/media\/uploads\/sites\/10\/2021\/07\/Buphedrone.jpg\",\"width\":1200,\"height\":1200,\"caption\":\"Bufedronpulver til salgs p\u00e5 nett\"},{\"@type\":\"BreadcrumbList\",\"@id\":\"https:\/\/globalmedsonlineinc.com\/no\/product\/research-chemicals\/buphedrone\/#breadcrumb\",\"itemListElement\":[{\"@type\":\"ListItem\",\"position\":1,\"name\":\"Home\",\"item\":\"https:\/\/globalmedsonlineinc.com\/no\/\"},{\"@type\":\"ListItem\",\"position\":2,\"name\":\"Produkter\",\"item\":\"https:\/\/globalmedsonlineinc.com\/no\/produkter\/\"},{\"@type\":\"ListItem\",\"position\":3,\"name\":\"Kj\u00f8p Buphedrone online\"}]},{\"@type\":\"WebSite\",\"@id\":\"https:\/\/globalmedsonlineinc.com\/no\/#website\",\"url\":\"https:\/\/globalmedsonlineinc.com\/no\/\",\"name\":\"Global Meds Inc\",\"description\":\"\",\"publisher\":{\"@id\":\"https:\/\/globalmedsonlineinc.com\/no\/#organization\"},\"potentialAction\":[{\"@type\":\"SearchAction\",\"target\":{\"@type\":\"EntryPoint\",\"urlTemplate\":\"https:\/\/globalmedsonlineinc.com\/no\/?s={search_term_string}\"},\"query-input\":{\"@type\":\"PropertyValueSpecification\",\"valueRequired\":true,\"valueName\":\"search_term_string\"}}],\"inLanguage\":\"nn-NO\"},{\"@type\":\"Organization\",\"@id\":\"https:\/\/globalmedsonlineinc.com\/no\/#organization\",\"name\":\"Global Meds Inc.\",\"url\":\"https:\/\/globalmedsonlineinc.com\/no\/\",\"logo\":{\"@type\":\"ImageObject\",\"inLanguage\":\"nn-NO\",\"@id\":\"https:\/\/globalmedsonlineinc.com\/no\/#\/schema\/logo\/image\/\",\"url\":\"https:\/\/globalmedsonlineinc.com\/no\/content\/media\/uploads\/sites\/10\/2021\/06\/globalmedsonlineincLogoShop20210630123730.00.png\",\"contentUrl\":\"https:\/\/globalmedsonlineinc.com\/no\/content\/media\/uploads\/sites\/10\/2021\/06\/globalmedsonlineincLogoShop20210630123730.00.png\",\"width\":450,\"height\":117,\"caption\":\"Global Meds Inc.\"},\"image\":{\"@id\":\"https:\/\/globalmedsonlineinc.com\/no\/#\/schema\/logo\/image\/\"}}]}<\/script>\n<!-- \/ Yoast SEO plugin. -->","yoast_head_json":{"title":"Bufedronpulver til salgs p\u00e5 nett | Global Meds Inc.","description":"Bufedronpulver til salgs p\u00e5 nett. Vi selger bufedronpulver av beste kvalitet. Kontakt oss gjerne for mer informasjon og priser.","robots":{"index":"index","follow":"follow","max-snippet":"max-snippet:-1","max-image-preview":"max-image-preview:large","max-video-preview":"max-video-preview:-1"},"canonical":"https:\/\/globalmedsonlineinc.com\/no\/product\/research-chemicals\/buphedrone\/","og_locale":"nn_NO","og_type":"article","og_title":"Bufedronpulver til salgs p\u00e5 nett | Global Meds Inc.","og_description":"Bufedronpulver til salgs p\u00e5 nett. Vi selger bufedronpulver av beste kvalitet. Kontakt oss gjerne for mer informasjon og priser.","og_url":"https:\/\/globalmedsonlineinc.com\/no\/product\/research-chemicals\/buphedrone\/","og_site_name":"Global Meds Inc","article_modified_time":"2024-02-21T10:23:34+00:00","og_image":[{"width":1200,"height":1200,"url":"https:\/\/globalmedsonlineinc.com\/no\/content\/media\/uploads\/sites\/10\/2021\/07\/Buphedrone.jpg","type":"image\/jpeg"}],"twitter_card":"summary_large_image","twitter_misc":{"Est. reading time":"3 minutt"},"schema":{"@context":"https:\/\/schema.org","@graph":[{"@type":"WebPage","@id":"https:\/\/globalmedsonlineinc.com\/no\/product\/research-chemicals\/buphedrone\/","url":"https:\/\/globalmedsonlineinc.com\/no\/product\/research-chemicals\/buphedrone\/","name":"Bufedronpulver til salgs p\u00e5 nett | Global Meds Inc.","isPartOf":{"@id":"https:\/\/globalmedsonlineinc.com\/no\/#website"},"primaryImageOfPage":{"@id":"https:\/\/globalmedsonlineinc.com\/no\/product\/research-chemicals\/buphedrone\/#primaryimage"},"image":{"@id":"https:\/\/globalmedsonlineinc.com\/no\/product\/research-chemicals\/buphedrone\/#primaryimage"},"thumbnailUrl":"https:\/\/globalmedsonlineinc.com\/no\/content\/media\/uploads\/sites\/10\/2021\/07\/Buphedrone.jpg","datePublished":"2021-07-02T22:30:11+00:00","dateModified":"2024-02-21T10:23:34+00:00","description":"Bufedronpulver til salgs p\u00e5 nett. Vi selger bufedronpulver av beste kvalitet. Kontakt oss gjerne for mer informasjon og priser.","breadcrumb":{"@id":"https:\/\/globalmedsonlineinc.com\/no\/product\/research-chemicals\/buphedrone\/#breadcrumb"},"inLanguage":"nn-NO","potentialAction":[{"@type":"ReadAction","target":["https:\/\/globalmedsonlineinc.com\/no\/product\/research-chemicals\/buphedrone\/"]}]},{"@type":"ImageObject","inLanguage":"nn-NO","@id":"https:\/\/globalmedsonlineinc.com\/no\/product\/research-chemicals\/buphedrone\/#primaryimage","url":"https:\/\/globalmedsonlineinc.com\/no\/content\/media\/uploads\/sites\/10\/2021\/07\/Buphedrone.jpg","contentUrl":"https:\/\/globalmedsonlineinc.com\/no\/content\/media\/uploads\/sites\/10\/2021\/07\/Buphedrone.jpg","width":1200,"height":1200,"caption":"Bufedronpulver til salgs p\u00e5 nett"},{"@type":"BreadcrumbList","@id":"https:\/\/globalmedsonlineinc.com\/no\/product\/research-chemicals\/buphedrone\/#breadcrumb","itemListElement":[{"@type":"ListItem","position":1,"name":"Home","item":"https:\/\/globalmedsonlineinc.com\/no\/"},{"@type":"ListItem","position":2,"name":"Produkter","item":"https:\/\/globalmedsonlineinc.com\/no\/produkter\/"},{"@type":"ListItem","position":3,"name":"Kj\u00f8p Buphedrone online"}]},{"@type":"WebSite","@id":"https:\/\/globalmedsonlineinc.com\/no\/#website","url":"https:\/\/globalmedsonlineinc.com\/no\/","name":"Global Meds Inc","description":"","publisher":{"@id":"https:\/\/globalmedsonlineinc.com\/no\/#organization"},"potentialAction":[{"@type":"SearchAction","target":{"@type":"EntryPoint","urlTemplate":"https:\/\/globalmedsonlineinc.com\/no\/?s={search_term_string}"},"query-input":{"@type":"PropertyValueSpecification","valueRequired":true,"valueName":"search_term_string"}}],"inLanguage":"nn-NO"},{"@type":"Organization","@id":"https:\/\/globalmedsonlineinc.com\/no\/#organization","name":"Global Meds Inc.","url":"https:\/\/globalmedsonlineinc.com\/no\/","logo":{"@type":"ImageObject","inLanguage":"nn-NO","@id":"https:\/\/globalmedsonlineinc.com\/no\/#\/schema\/logo\/image\/","url":"https:\/\/globalmedsonlineinc.com\/no\/content\/media\/uploads\/sites\/10\/2021\/06\/globalmedsonlineincLogoShop20210630123730.00.png","contentUrl":"https:\/\/globalmedsonlineinc.com\/no\/content\/media\/uploads\/sites\/10\/2021\/06\/globalmedsonlineincLogoShop20210630123730.00.png","width":450,"height":117,"caption":"Global Meds Inc."},"image":{"@id":"https:\/\/globalmedsonlineinc.com\/no\/#\/schema\/logo\/image\/"}}]}},"_links":{"self":[{"href":"https:\/\/globalmedsonlineinc.com\/no\/wp-json\/wp\/v2\/product\/9247","targetHints":{"allow":["GET"]}}],"collection":[{"href":"https:\/\/globalmedsonlineinc.com\/no\/wp-json\/wp\/v2\/product"}],"about":[{"href":"https:\/\/globalmedsonlineinc.com\/no\/wp-json\/wp\/v2\/types\/product"}],"replies":[{"embeddable":true,"href":"https:\/\/globalmedsonlineinc.com\/no\/wp-json\/wp\/v2\/comments?post=9247"}],"wp:featuredmedia":[{"embeddable":true,"href":"https:\/\/globalmedsonlineinc.com\/no\/wp-json\/wp\/v2\/media\/9254"}],"wp:attachment":[{"href":"https:\/\/globalmedsonlineinc.com\/no\/wp-json\/wp\/v2\/media?parent=9247"}],"wp:term":[{"taxonomy":"product_brand","embeddable":true,"href":"https:\/\/globalmedsonlineinc.com\/no\/wp-json\/wp\/v2\/product_brand?post=9247"},{"taxonomy":"product_cat","embeddable":true,"href":"https:\/\/globalmedsonlineinc.com\/no\/wp-json\/wp\/v2\/product_cat?post=9247"},{"taxonomy":"product_tag","embeddable":true,"href":"https:\/\/globalmedsonlineinc.com\/no\/wp-json\/wp\/v2\/product_tag?post=9247"}],"curies":[{"name":"wp","href":"https:\/\/api.w.org\/{rel}","templated":true}]}}