{"id":9239,"date":"2021-07-02T22:17:23","date_gmt":"2021-07-02T22:17:23","guid":{"rendered":"https:\/\/globalmedsonlineinc.com\/no\/?post_type=product&#038;p=9239"},"modified":"2024-02-21T10:24:59","modified_gmt":"2024-02-21T10:24:59","slug":"butylone","status":"publish","type":"product","link":"https:\/\/globalmedsonlineinc.com\/no\/product\/research-chemicals\/butylone\/","title":{"rendered":"Kj\u00f8p Butylone p\u00e5 nett"},"content":{"rendered":"<h1 class=\"lRu31\" dir=\"ltr\"><span class=\"HwtZe\" lang=\"no\"><span class=\"jCAhz ChMk0b\"><span class=\"ryNqvb\">Butylonpulver til salgs p\u00e5 nett<\/span><\/span><\/span><\/h1>\n<div class=\"lRu31\" dir=\"ltr\"><span class=\"HwtZe\" lang=\"no\"><span class=\"jCAhz ChMk0b\"><span class=\"ryNqvb\">Butylonpulver til salgs p\u00e5 nett. <\/span><\/span><\/span><span style=\"font-size: 1rem\">Butylon (ogs\u00e5 kjent som \u03b2-keto-N-metylbenzodioksolylbutanamin, \u03b2k-MBDB eller B1) er et syntetisk entactogen og stimulerende av fenetylamin- og katinonklassene. Butylon er \u03b2-keto-analogen til MBDB og den substituerte metylendioksyanalogen til bufedron.<\/span><\/div>\n<p>Som et designermedikament selges det ofte p\u00e5 gaten sammen med etylon som erstatning eller forfalskning for MDMA og metylon (som alle sammen har blitt referert til som &#8220;Molly&#8221;) p\u00e5 grunn av metylons synkende tilgjengelighet p\u00e5 det kjemiske forskningsmarkedet .<\/p>\n<p>Til tross for atferdsmessige og farmakologiske likheter mellom butylon og MDMA, er de observerte subjektive effektene av begge stoffene ikke helt identiske.<\/p>\n<p>Butylon har bare en kort historie med menneskelig bruk og er rapportert \u00e5 v\u00e6re mindre potent enn slektningene metylon og etylon, i tillegg til \u00e5 ha mer klassiske stimulerende midler i motsetning til entaktogene effekter.<\/p>\n<p>Ogs\u00e5 kalt \u03b2-keto-N-metylbenzodioksolylbutanamin, er et syntetisk molekyl fra katinonfamilien. Katinoner ligner strukturelt p\u00e5 amfetaminer ved at de inneholder en fenetylaminkjerne med en fenylring bundet til en aminogruppe (NH2) gjennom en etylkjede med en ekstra etylsubstitusjon ved Ra. Katinoner som butylon er alfa-metylerte fenetylaminer (dvs. amfetaminer), men skiller seg fra dem ved tilsetning av en funksjonell ketongruppe (en karbonylgruppe ved R\u03b2). Butylon inneholder en metylsubstitusjon ved RN, en substitusjon som deles med MDEA, etylon, 4-MEC og visse andre sentralstimulerende midler og entactogener. I tillegg inneholder butylon substitusjoner ved R3 og R4 i fenylringen med oksygengrupper. Disse oksygengruppene er inkorporert i en metylendioksyring gjennom en metylenkjede. Butylone deler denne metylendioksyringen med MDA, MDAI og MDMA.<\/p>\n<p>det fungerer som en blandet gjenopptakshemmer\/frigj\u00f8rende <a href=\"https:\/\/no.wikipedia.org\/wiki\/Buten\">middel<\/a> av serotonin, noradrenalin og dopamin. Dette er nevrotransmitterne som har ansvaret for nytelse, bel\u00f8nning, motivasjon og fokus. Dette gj\u00f8res ved \u00e5 hemme gjenopptaket og reabsorpsjonen av nevrotransmitterne etter at de har utf\u00f8rt sin funksjon med \u00e5 overf\u00f8re en nevral impuls, noe som i hovedsak lar dem akkumulere og gjenbrukes, noe som for\u00e5rsaker fysisk stimulerende og euforiske effekter.<\/p>\n<p>Butylone av god kvalitet p\u00e5 nettet: Det er fullstendig forst\u00e5tt at folk ikke raskt stoler p\u00e5 kvaliteten p\u00e5 Butylone som selges p\u00e5 nettet fordi de ikke kan unders\u00f8ke det fysisk. Men det er ikke det samme med Online Butylone-leverand\u00f8rer. Produktene her er tro mot beskrivelsen med vedlikehold av h\u00f8y kvalitet utf\u00f8rt under tilsyn av eksperter.<\/p>\n<p>Rask &amp; Diskret frakt: Leveringen av Butylone etter mottak av bestillingen skjer innenfor den lovede tidsrammen. Fraktteamet legger all sin innsats i \u00e5 gj\u00f8re frakt- og leveringsprosedyren jevn og rask. Du kan ogs\u00e5 forvente utmerkede tjenester n\u00e5r du kj\u00f8per Butylone fra profesjonelle p\u00e5 nettplattformen.<\/p>\n","protected":false},"excerpt":{"rendered":"<p>Butylon (ogs\u00e5 kjent som \u03b2-keto-N-metylbenzodioksolylbutanamin, \u03b2k-MBDB eller B1) er et syntetisk entactogen og stimulerende av fenetylamin- og katinonklassene. Butylon er \u03b2-keto-analogen til MBDB og den substituerte metylendioksyanalogen til bufedron.<\/p>\n","protected":false},"featured_media":9246,"comment_status":"open","ping_status":"closed","template":"","meta":{"_acf_changed":false,"_monsterinsights_skip_tracking":false,"_monsterinsights_sitenote_active":false,"_monsterinsights_sitenote_note":"","_monsterinsights_sitenote_category":0},"product_brand":[],"product_cat":[53],"product_tag":[508,523,524,518,452,509,510,511,512,528,520,529,530,531,521,522,516,513,525,527,514,526,515,517,519],"class_list":{"0":"post-9239","1":"product","2":"type-product","3":"status-publish","4":"has-post-thumbnail","6":"product_cat-research-chemicals","7":"product_tag-99-renhet-butylone-online","8":"product_tag-bestill-butylone-crystal-pa-nett","9":"product_tag-bestill-butylone-pa-nett","10":"product_tag-billig-butylon-til-salgs","11":"product_tag-butylone","12":"product_tag-butylone-bk-mbdb-til-salgs","13":"product_tag-butylone-bk-mbdb-til-salgs-over-hele-verden","14":"product_tag-butylone-crystal-til-salgs","15":"product_tag-butylone-til-salgs","16":"product_tag-det-beste-stedet-a-kjope-butylone-pa-nettet","17":"product_tag-forskningskjemikalier","18":"product_tag-hvor-kjope-butylone-bk-mbdb","19":"product_tag-hvor-kjope-butylone-crystal-pa-nett","20":"product_tag-hvor-kjope-butylone-pa-nett","21":"product_tag-hvordan-kjope-butylone-crystal-pa-nett","22":"product_tag-hvordan-kjope-butylone-crystal-pa-nettetl","23":"product_tag-kjop-billig-butylone-pa-nett","24":"product_tag-kjop-butylone-crystal-online","25":"product_tag-kjop-butylone-crystal-pa-nett","26":"product_tag-kjop-butylone-med-bitcoin","27":"product_tag-kjop-butylone-online","28":"product_tag-kjop-butylone-pa-nett","29":"product_tag-kjop-butylonpulver-og-krystaller-kjop-metylonpulver-og-krystall-pa-nett","30":"product_tag-kjop-etylonpulver-og-krystall-pa-nett","31":"product_tag-rask-levering","33":"first","34":"instock","35":"sale","36":"shipping-taxable","37":"purchasable","38":"product-type-variable","39":"has-default-attributes"},"acf":[],"yoast_head":"<!-- This site is optimized with the Yoast SEO plugin v27.2 - https:\/\/yoast.com\/product\/yoast-seo-wordpress\/ -->\n<title>Butylonpulver til salgs p\u00e5 nett - Global Meds Inc.<\/title>\n<meta name=\"description\" content=\"Butylonpulver til salgs p\u00e5 nett. Vi selger butylonpulver av beste kvalitet. Kontakt oss gjerne for mer informasjon og priser.\" \/>\n<meta name=\"robots\" content=\"index, follow, max-snippet:-1, max-image-preview:large, max-video-preview:-1\" \/>\n<link rel=\"canonical\" href=\"https:\/\/globalmedsonlineinc.com\/no\/product\/research-chemicals\/butylone\/\" \/>\n<meta property=\"og:locale\" content=\"nn_NO\" \/>\n<meta property=\"og:type\" content=\"article\" \/>\n<meta property=\"og:title\" content=\"Butylonpulver til salgs p\u00e5 nett - Global Meds Inc.\" \/>\n<meta property=\"og:description\" content=\"Butylonpulver til salgs p\u00e5 nett. Vi selger butylonpulver av beste kvalitet. Kontakt oss gjerne for mer informasjon og priser.\" \/>\n<meta property=\"og:url\" content=\"https:\/\/globalmedsonlineinc.com\/no\/product\/research-chemicals\/butylone\/\" \/>\n<meta property=\"og:site_name\" content=\"Global Meds Inc\" \/>\n<meta property=\"article:modified_time\" content=\"2024-02-21T10:24:59+00:00\" \/>\n<meta property=\"og:image\" content=\"https:\/\/globalmedsonlineinc.com\/no\/content\/media\/uploads\/sites\/10\/2021\/07\/Buy-Butylone-powder.jpg\" \/>\n\t<meta property=\"og:image:width\" content=\"1200\" \/>\n\t<meta property=\"og:image:height\" content=\"1200\" \/>\n\t<meta property=\"og:image:type\" content=\"image\/jpeg\" \/>\n<meta name=\"twitter:card\" content=\"summary_large_image\" \/>\n<meta name=\"twitter:label1\" content=\"Est. reading time\" \/>\n\t<meta name=\"twitter:data1\" content=\"3 minutt\" \/>\n<script type=\"application\/ld+json\" class=\"yoast-schema-graph\">{\"@context\":\"https:\/\/schema.org\",\"@graph\":[{\"@type\":\"WebPage\",\"@id\":\"https:\/\/globalmedsonlineinc.com\/no\/product\/research-chemicals\/butylone\/\",\"url\":\"https:\/\/globalmedsonlineinc.com\/no\/product\/research-chemicals\/butylone\/\",\"name\":\"Butylonpulver til salgs p\u00e5 nett - Global Meds Inc.\",\"isPartOf\":{\"@id\":\"https:\/\/globalmedsonlineinc.com\/no\/#website\"},\"primaryImageOfPage\":{\"@id\":\"https:\/\/globalmedsonlineinc.com\/no\/product\/research-chemicals\/butylone\/#primaryimage\"},\"image\":{\"@id\":\"https:\/\/globalmedsonlineinc.com\/no\/product\/research-chemicals\/butylone\/#primaryimage\"},\"thumbnailUrl\":\"https:\/\/globalmedsonlineinc.com\/no\/content\/media\/uploads\/sites\/10\/2021\/07\/Buy-Butylone-powder.jpg\",\"datePublished\":\"2021-07-02T22:17:23+00:00\",\"dateModified\":\"2024-02-21T10:24:59+00:00\",\"description\":\"Butylonpulver til salgs p\u00e5 nett. Vi selger butylonpulver av beste kvalitet. Kontakt oss gjerne for mer informasjon og priser.\",\"breadcrumb\":{\"@id\":\"https:\/\/globalmedsonlineinc.com\/no\/product\/research-chemicals\/butylone\/#breadcrumb\"},\"inLanguage\":\"nn-NO\",\"potentialAction\":[{\"@type\":\"ReadAction\",\"target\":[\"https:\/\/globalmedsonlineinc.com\/no\/product\/research-chemicals\/butylone\/\"]}]},{\"@type\":\"ImageObject\",\"inLanguage\":\"nn-NO\",\"@id\":\"https:\/\/globalmedsonlineinc.com\/no\/product\/research-chemicals\/butylone\/#primaryimage\",\"url\":\"https:\/\/globalmedsonlineinc.com\/no\/content\/media\/uploads\/sites\/10\/2021\/07\/Buy-Butylone-powder.jpg\",\"contentUrl\":\"https:\/\/globalmedsonlineinc.com\/no\/content\/media\/uploads\/sites\/10\/2021\/07\/Buy-Butylone-powder.jpg\",\"width\":1200,\"height\":1200,\"caption\":\"Butylonpulver til salgs p\u00e5 nett\"},{\"@type\":\"BreadcrumbList\",\"@id\":\"https:\/\/globalmedsonlineinc.com\/no\/product\/research-chemicals\/butylone\/#breadcrumb\",\"itemListElement\":[{\"@type\":\"ListItem\",\"position\":1,\"name\":\"Home\",\"item\":\"https:\/\/globalmedsonlineinc.com\/no\/\"},{\"@type\":\"ListItem\",\"position\":2,\"name\":\"Produkter\",\"item\":\"https:\/\/globalmedsonlineinc.com\/no\/produkter\/\"},{\"@type\":\"ListItem\",\"position\":3,\"name\":\"Kj\u00f8p Butylone p\u00e5 nett\"}]},{\"@type\":\"WebSite\",\"@id\":\"https:\/\/globalmedsonlineinc.com\/no\/#website\",\"url\":\"https:\/\/globalmedsonlineinc.com\/no\/\",\"name\":\"Global Meds Inc\",\"description\":\"\",\"publisher\":{\"@id\":\"https:\/\/globalmedsonlineinc.com\/no\/#organization\"},\"potentialAction\":[{\"@type\":\"SearchAction\",\"target\":{\"@type\":\"EntryPoint\",\"urlTemplate\":\"https:\/\/globalmedsonlineinc.com\/no\/?s={search_term_string}\"},\"query-input\":{\"@type\":\"PropertyValueSpecification\",\"valueRequired\":true,\"valueName\":\"search_term_string\"}}],\"inLanguage\":\"nn-NO\"},{\"@type\":\"Organization\",\"@id\":\"https:\/\/globalmedsonlineinc.com\/no\/#organization\",\"name\":\"Global Meds Inc.\",\"url\":\"https:\/\/globalmedsonlineinc.com\/no\/\",\"logo\":{\"@type\":\"ImageObject\",\"inLanguage\":\"nn-NO\",\"@id\":\"https:\/\/globalmedsonlineinc.com\/no\/#\/schema\/logo\/image\/\",\"url\":\"https:\/\/globalmedsonlineinc.com\/no\/content\/media\/uploads\/sites\/10\/2021\/06\/globalmedsonlineincLogoShop20210630123730.00.png\",\"contentUrl\":\"https:\/\/globalmedsonlineinc.com\/no\/content\/media\/uploads\/sites\/10\/2021\/06\/globalmedsonlineincLogoShop20210630123730.00.png\",\"width\":450,\"height\":117,\"caption\":\"Global Meds Inc.\"},\"image\":{\"@id\":\"https:\/\/globalmedsonlineinc.com\/no\/#\/schema\/logo\/image\/\"}}]}<\/script>\n<!-- \/ Yoast SEO plugin. -->","yoast_head_json":{"title":"Butylonpulver til salgs p\u00e5 nett - Global Meds Inc.","description":"Butylonpulver til salgs p\u00e5 nett. Vi selger butylonpulver av beste kvalitet. Kontakt oss gjerne for mer informasjon og priser.","robots":{"index":"index","follow":"follow","max-snippet":"max-snippet:-1","max-image-preview":"max-image-preview:large","max-video-preview":"max-video-preview:-1"},"canonical":"https:\/\/globalmedsonlineinc.com\/no\/product\/research-chemicals\/butylone\/","og_locale":"nn_NO","og_type":"article","og_title":"Butylonpulver til salgs p\u00e5 nett - Global Meds Inc.","og_description":"Butylonpulver til salgs p\u00e5 nett. Vi selger butylonpulver av beste kvalitet. Kontakt oss gjerne for mer informasjon og priser.","og_url":"https:\/\/globalmedsonlineinc.com\/no\/product\/research-chemicals\/butylone\/","og_site_name":"Global Meds Inc","article_modified_time":"2024-02-21T10:24:59+00:00","og_image":[{"width":1200,"height":1200,"url":"https:\/\/globalmedsonlineinc.com\/no\/content\/media\/uploads\/sites\/10\/2021\/07\/Buy-Butylone-powder.jpg","type":"image\/jpeg"}],"twitter_card":"summary_large_image","twitter_misc":{"Est. reading time":"3 minutt"},"schema":{"@context":"https:\/\/schema.org","@graph":[{"@type":"WebPage","@id":"https:\/\/globalmedsonlineinc.com\/no\/product\/research-chemicals\/butylone\/","url":"https:\/\/globalmedsonlineinc.com\/no\/product\/research-chemicals\/butylone\/","name":"Butylonpulver til salgs p\u00e5 nett - Global Meds Inc.","isPartOf":{"@id":"https:\/\/globalmedsonlineinc.com\/no\/#website"},"primaryImageOfPage":{"@id":"https:\/\/globalmedsonlineinc.com\/no\/product\/research-chemicals\/butylone\/#primaryimage"},"image":{"@id":"https:\/\/globalmedsonlineinc.com\/no\/product\/research-chemicals\/butylone\/#primaryimage"},"thumbnailUrl":"https:\/\/globalmedsonlineinc.com\/no\/content\/media\/uploads\/sites\/10\/2021\/07\/Buy-Butylone-powder.jpg","datePublished":"2021-07-02T22:17:23+00:00","dateModified":"2024-02-21T10:24:59+00:00","description":"Butylonpulver til salgs p\u00e5 nett. Vi selger butylonpulver av beste kvalitet. Kontakt oss gjerne for mer informasjon og priser.","breadcrumb":{"@id":"https:\/\/globalmedsonlineinc.com\/no\/product\/research-chemicals\/butylone\/#breadcrumb"},"inLanguage":"nn-NO","potentialAction":[{"@type":"ReadAction","target":["https:\/\/globalmedsonlineinc.com\/no\/product\/research-chemicals\/butylone\/"]}]},{"@type":"ImageObject","inLanguage":"nn-NO","@id":"https:\/\/globalmedsonlineinc.com\/no\/product\/research-chemicals\/butylone\/#primaryimage","url":"https:\/\/globalmedsonlineinc.com\/no\/content\/media\/uploads\/sites\/10\/2021\/07\/Buy-Butylone-powder.jpg","contentUrl":"https:\/\/globalmedsonlineinc.com\/no\/content\/media\/uploads\/sites\/10\/2021\/07\/Buy-Butylone-powder.jpg","width":1200,"height":1200,"caption":"Butylonpulver til salgs p\u00e5 nett"},{"@type":"BreadcrumbList","@id":"https:\/\/globalmedsonlineinc.com\/no\/product\/research-chemicals\/butylone\/#breadcrumb","itemListElement":[{"@type":"ListItem","position":1,"name":"Home","item":"https:\/\/globalmedsonlineinc.com\/no\/"},{"@type":"ListItem","position":2,"name":"Produkter","item":"https:\/\/globalmedsonlineinc.com\/no\/produkter\/"},{"@type":"ListItem","position":3,"name":"Kj\u00f8p Butylone p\u00e5 nett"}]},{"@type":"WebSite","@id":"https:\/\/globalmedsonlineinc.com\/no\/#website","url":"https:\/\/globalmedsonlineinc.com\/no\/","name":"Global Meds Inc","description":"","publisher":{"@id":"https:\/\/globalmedsonlineinc.com\/no\/#organization"},"potentialAction":[{"@type":"SearchAction","target":{"@type":"EntryPoint","urlTemplate":"https:\/\/globalmedsonlineinc.com\/no\/?s={search_term_string}"},"query-input":{"@type":"PropertyValueSpecification","valueRequired":true,"valueName":"search_term_string"}}],"inLanguage":"nn-NO"},{"@type":"Organization","@id":"https:\/\/globalmedsonlineinc.com\/no\/#organization","name":"Global Meds Inc.","url":"https:\/\/globalmedsonlineinc.com\/no\/","logo":{"@type":"ImageObject","inLanguage":"nn-NO","@id":"https:\/\/globalmedsonlineinc.com\/no\/#\/schema\/logo\/image\/","url":"https:\/\/globalmedsonlineinc.com\/no\/content\/media\/uploads\/sites\/10\/2021\/06\/globalmedsonlineincLogoShop20210630123730.00.png","contentUrl":"https:\/\/globalmedsonlineinc.com\/no\/content\/media\/uploads\/sites\/10\/2021\/06\/globalmedsonlineincLogoShop20210630123730.00.png","width":450,"height":117,"caption":"Global Meds Inc."},"image":{"@id":"https:\/\/globalmedsonlineinc.com\/no\/#\/schema\/logo\/image\/"}}]}},"_links":{"self":[{"href":"https:\/\/globalmedsonlineinc.com\/no\/wp-json\/wp\/v2\/product\/9239","targetHints":{"allow":["GET"]}}],"collection":[{"href":"https:\/\/globalmedsonlineinc.com\/no\/wp-json\/wp\/v2\/product"}],"about":[{"href":"https:\/\/globalmedsonlineinc.com\/no\/wp-json\/wp\/v2\/types\/product"}],"replies":[{"embeddable":true,"href":"https:\/\/globalmedsonlineinc.com\/no\/wp-json\/wp\/v2\/comments?post=9239"}],"wp:featuredmedia":[{"embeddable":true,"href":"https:\/\/globalmedsonlineinc.com\/no\/wp-json\/wp\/v2\/media\/9246"}],"wp:attachment":[{"href":"https:\/\/globalmedsonlineinc.com\/no\/wp-json\/wp\/v2\/media?parent=9239"}],"wp:term":[{"taxonomy":"product_brand","embeddable":true,"href":"https:\/\/globalmedsonlineinc.com\/no\/wp-json\/wp\/v2\/product_brand?post=9239"},{"taxonomy":"product_cat","embeddable":true,"href":"https:\/\/globalmedsonlineinc.com\/no\/wp-json\/wp\/v2\/product_cat?post=9239"},{"taxonomy":"product_tag","embeddable":true,"href":"https:\/\/globalmedsonlineinc.com\/no\/wp-json\/wp\/v2\/product_tag?post=9239"}],"curies":[{"name":"wp","href":"https:\/\/api.w.org\/{rel}","templated":true}]}}