{"id":9231,"date":"2021-07-02T21:58:00","date_gmt":"2021-07-02T21:58:00","guid":{"rendered":"https:\/\/globalmedsonlineinc.com\/no\/?post_type=product&#038;p=9231"},"modified":"2024-02-21T10:26:14","modified_gmt":"2024-02-21T10:26:14","slug":"fentanyl-pulver","status":"publish","type":"product","link":"https:\/\/globalmedsonlineinc.com\/no\/product\/research-chemicals\/fentanyl-pulver\/","title":{"rendered":"Kj\u00f8p fentanylpulver p\u00e5 nett"},"content":{"rendered":"<h1>Fentanylpulver til salgs p\u00e5 nettet<\/h1>\n<p><a href=\"https:\/\/globalmedsonlineinc.com\/no\/product\/research-chemicals\/fentanyl-powder\/\">Fentanylpulver til salgs p\u00e5 nettet<\/a>, Fentanylpulver \u00a0er et fantastisk syntetisk opioidanalgetikum som ligner p\u00e5 morfin er imidlertid 50 til flere ganger mer potent.1,2 Det er et legemiddel som er foreskrevet av en lege,3 og det brukes vanligvis til \u00e5 behandle pasienter med ekstrem pine eller for \u00e5 overv\u00e5ke pine etter operasjonen.4 Det brukes i tillegg her og der til \u00e5 behandle pasienter med konstant smerte <a href=\"https:\/\/en.wikipedia.org\/wiki\/Fentanyl\">som<\/a> er genuint milde overfor andre opioider.5 I sin medisinstruktur omtales fentanyl med navn som Actiq, Duragesic og Sublimaze.5,6 Gatenavn for fentanyl eller for fentanylbundet heroin inkluderer Apache, China Girl, China White, Dance Fever, Friend, Goodfella, Jackpot, Murder 8, TNT og Tango and Cash.<\/p>\n<p>Hvordan bruker individer fentanyl?<\/p>\n<p>N\u00e5r det er godkjent av en lege, administreres fentanyl <a href=\"https:\/\/no.wikipedia.org\/wiki\/Fentanyl\">regelmessig<\/a> ved hjelp av infusjon, transdermal fiksering eller i sugetabletter. fentanyl og fentanylanaloger relatert til sene overskudd leveres i snikende laboratorier.7 Denne ikke-medikamentelle fentanylen selges i de medf\u00f8lgende strukturene: som et pulver; spikes p\u00e5 blotting overflate papir; blandet inn med eller fyll inn for heroin; eller som tabletter som imiterer andre, mindre intense opioider.8 Mennesker kan svelge, grynte eller infundere fentanyl, eller de kan putte overflatepapir i munnen slik at fentanyl holdes tilbake gjennom slimlaget.<\/p>\n<p>Hvordan p\u00e5virker fentanyl storhjernen?<\/p>\n<p>I likhet med heroin, morfin og andre narkotiske medisiner virker fentanyl ved \u00e5 begrense kroppens narkotiske reseptorer, som finnes i sinnsrom som kontrollerer plager og f\u00f8lelser.9 N\u00e5r narkotiske medisiner knytter seg til disse reseptorene, kan de \u00f8ke dopaminniv\u00e5ene i storhjernens prisomr\u00e5der, noe som skaper en tilstand av henrykkelse og avslapning.9 Fentanyls eiendeler ser ut som heroinets eiendeler og inneholder oppstemthet, tretthet, kvalme, uorden, obstruksjon, sedasjon, motstandskraft, fiksering, respiratorisk elendighet og fangst, \u00e5penhet, transelignende tilstand, og d\u00f8d.<\/p>\n<p>Fentanylpulver av god kvalitet p\u00e5 nettet: Det er fullstendig forst\u00e5tt at folk ikke raskt stoler p\u00e5 kvaliteten p\u00e5 Fentanylpulver som selges p\u00e5 nettet fordi de ikke kan unders\u00f8ke det fysisk. Men det er ikke det samme med Online Fentanyl-pulverleverand\u00f8rer. Produktene her er tro mot beskrivelsen med vedlikehold av h\u00f8y kvalitet utf\u00f8rt under tilsyn av eksperter.<\/p>\n<p>Rask &amp; Diskret frakt: Leveringen av Fentanyl-pulveret etter mottak av bestillingen gj\u00f8res innenfor den lovede tidsrammen. Fraktteamet legger all sin innsats i \u00e5 gj\u00f8re frakt- og leveringsprosedyren jevn og rask. Du kan ogs\u00e5 forvente utmerkede tjenester n\u00e5r du kj\u00f8per Fentanyl-pulver fra profesjonelle p\u00e5 nettplattformen.<\/p>\n\n\n","protected":false},"excerpt":{"rendered":"<p>Fentanyl\u00a0<a href=\"\/product\/research-chemicals\/fentanyl-powder\/\">er et kraftig syntetisk opioidanalgetikum som ligner<\/a>\u00a0som morfin, men er 50 til 100 ganger mer potent.1,2 Det er en tidsplan II reseptbelagte legemidler,3 og det brukes vanligvis til \u00e5 behandle pasienter med sterke smerter eller for \u00e5 h\u00e5ndtere smerte etter operasjonen.<\/p>\n","protected":false},"featured_media":9238,"comment_status":"open","ping_status":"closed","template":"","meta":{"_acf_changed":false,"_monsterinsights_skip_tracking":false,"_monsterinsights_sitenote_active":false,"_monsterinsights_sitenote_note":"","_monsterinsights_sitenote_category":0},"product_brand":[],"product_cat":[53],"product_tag":[532],"class_list":{"0":"post-9231","1":"product","2":"type-product","3":"status-publish","4":"has-post-thumbnail","6":"product_cat-research-chemicals","7":"product_tag-kjop-fentanylpulver-pa-nett","9":"first","10":"instock","11":"sale","12":"shipping-taxable","13":"purchasable","14":"product-type-variable","15":"has-default-attributes"},"acf":[],"yoast_head":"<!-- This site is optimized with the Yoast SEO plugin v27.2 - https:\/\/yoast.com\/product\/yoast-seo-wordpress\/ -->\n<title>Fentanylpulver til salgs p\u00e5 nett | Global Meds Inc.<\/title>\n<meta name=\"description\" content=\"Fentanylpulver til salgs p\u00e5 nett. Vi selger Fentanylpulver av beste kvalitet. Kontakt oss gjerne for mer informasjon og priser.\" \/>\n<meta name=\"robots\" content=\"index, follow, max-snippet:-1, max-image-preview:large, max-video-preview:-1\" \/>\n<link rel=\"canonical\" href=\"https:\/\/globalmedsonlineinc.com\/no\/product\/research-chemicals\/fentanyl-pulver\/\" \/>\n<meta property=\"og:locale\" content=\"nn_NO\" \/>\n<meta property=\"og:type\" content=\"article\" \/>\n<meta property=\"og:title\" content=\"Fentanylpulver til salgs p\u00e5 nett | Global Meds Inc.\" \/>\n<meta property=\"og:description\" content=\"Fentanylpulver til salgs p\u00e5 nett. Vi selger Fentanylpulver av beste kvalitet. Kontakt oss gjerne for mer informasjon og priser.\" \/>\n<meta property=\"og:url\" content=\"https:\/\/globalmedsonlineinc.com\/no\/product\/research-chemicals\/fentanyl-pulver\/\" \/>\n<meta property=\"og:site_name\" content=\"Global Meds Inc\" \/>\n<meta property=\"article:modified_time\" content=\"2024-02-21T10:26:14+00:00\" \/>\n<meta property=\"og:image\" content=\"https:\/\/globalmedsonlineinc.com\/no\/content\/media\/uploads\/sites\/10\/2021\/07\/FENTANYL-POWDER-for-Sale.jpg\" \/>\n\t<meta property=\"og:image:width\" content=\"1200\" \/>\n\t<meta property=\"og:image:height\" content=\"1200\" \/>\n\t<meta property=\"og:image:type\" content=\"image\/jpeg\" \/>\n<meta name=\"twitter:card\" content=\"summary_large_image\" \/>\n<meta name=\"twitter:label1\" content=\"Est. reading time\" \/>\n\t<meta name=\"twitter:data1\" content=\"3 minutt\" \/>\n<script type=\"application\/ld+json\" class=\"yoast-schema-graph\">{\"@context\":\"https:\/\/schema.org\",\"@graph\":[{\"@type\":\"WebPage\",\"@id\":\"https:\/\/globalmedsonlineinc.com\/no\/product\/research-chemicals\/fentanyl-pulver\/\",\"url\":\"https:\/\/globalmedsonlineinc.com\/no\/product\/research-chemicals\/fentanyl-pulver\/\",\"name\":\"Fentanylpulver til salgs p\u00e5 nett | Global Meds Inc.\",\"isPartOf\":{\"@id\":\"https:\/\/globalmedsonlineinc.com\/no\/#website\"},\"primaryImageOfPage\":{\"@id\":\"https:\/\/globalmedsonlineinc.com\/no\/product\/research-chemicals\/fentanyl-pulver\/#primaryimage\"},\"image\":{\"@id\":\"https:\/\/globalmedsonlineinc.com\/no\/product\/research-chemicals\/fentanyl-pulver\/#primaryimage\"},\"thumbnailUrl\":\"https:\/\/globalmedsonlineinc.com\/no\/content\/media\/uploads\/sites\/10\/2021\/07\/FENTANYL-POWDER-for-Sale.jpg\",\"datePublished\":\"2021-07-02T21:58:00+00:00\",\"dateModified\":\"2024-02-21T10:26:14+00:00\",\"description\":\"Fentanylpulver til salgs p\u00e5 nett. Vi selger Fentanylpulver av beste kvalitet. Kontakt oss gjerne for mer informasjon og priser.\",\"breadcrumb\":{\"@id\":\"https:\/\/globalmedsonlineinc.com\/no\/product\/research-chemicals\/fentanyl-pulver\/#breadcrumb\"},\"inLanguage\":\"nn-NO\",\"potentialAction\":[{\"@type\":\"ReadAction\",\"target\":[\"https:\/\/globalmedsonlineinc.com\/no\/product\/research-chemicals\/fentanyl-pulver\/\"]}]},{\"@type\":\"ImageObject\",\"inLanguage\":\"nn-NO\",\"@id\":\"https:\/\/globalmedsonlineinc.com\/no\/product\/research-chemicals\/fentanyl-pulver\/#primaryimage\",\"url\":\"https:\/\/globalmedsonlineinc.com\/no\/content\/media\/uploads\/sites\/10\/2021\/07\/FENTANYL-POWDER-for-Sale.jpg\",\"contentUrl\":\"https:\/\/globalmedsonlineinc.com\/no\/content\/media\/uploads\/sites\/10\/2021\/07\/FENTANYL-POWDER-for-Sale.jpg\",\"width\":1200,\"height\":1200,\"caption\":\"Fentanylpulver til salgs p\u00e5 nett\"},{\"@type\":\"BreadcrumbList\",\"@id\":\"https:\/\/globalmedsonlineinc.com\/no\/product\/research-chemicals\/fentanyl-pulver\/#breadcrumb\",\"itemListElement\":[{\"@type\":\"ListItem\",\"position\":1,\"name\":\"Home\",\"item\":\"https:\/\/globalmedsonlineinc.com\/no\/\"},{\"@type\":\"ListItem\",\"position\":2,\"name\":\"Produkter\",\"item\":\"https:\/\/globalmedsonlineinc.com\/no\/produkter\/\"},{\"@type\":\"ListItem\",\"position\":3,\"name\":\"Kj\u00f8p fentanylpulver p\u00e5 nett\"}]},{\"@type\":\"WebSite\",\"@id\":\"https:\/\/globalmedsonlineinc.com\/no\/#website\",\"url\":\"https:\/\/globalmedsonlineinc.com\/no\/\",\"name\":\"Global Meds Inc\",\"description\":\"\",\"publisher\":{\"@id\":\"https:\/\/globalmedsonlineinc.com\/no\/#organization\"},\"potentialAction\":[{\"@type\":\"SearchAction\",\"target\":{\"@type\":\"EntryPoint\",\"urlTemplate\":\"https:\/\/globalmedsonlineinc.com\/no\/?s={search_term_string}\"},\"query-input\":{\"@type\":\"PropertyValueSpecification\",\"valueRequired\":true,\"valueName\":\"search_term_string\"}}],\"inLanguage\":\"nn-NO\"},{\"@type\":\"Organization\",\"@id\":\"https:\/\/globalmedsonlineinc.com\/no\/#organization\",\"name\":\"Global Meds Inc.\",\"url\":\"https:\/\/globalmedsonlineinc.com\/no\/\",\"logo\":{\"@type\":\"ImageObject\",\"inLanguage\":\"nn-NO\",\"@id\":\"https:\/\/globalmedsonlineinc.com\/no\/#\/schema\/logo\/image\/\",\"url\":\"https:\/\/globalmedsonlineinc.com\/no\/content\/media\/uploads\/sites\/10\/2021\/06\/globalmedsonlineincLogoShop20210630123730.00.png\",\"contentUrl\":\"https:\/\/globalmedsonlineinc.com\/no\/content\/media\/uploads\/sites\/10\/2021\/06\/globalmedsonlineincLogoShop20210630123730.00.png\",\"width\":450,\"height\":117,\"caption\":\"Global Meds Inc.\"},\"image\":{\"@id\":\"https:\/\/globalmedsonlineinc.com\/no\/#\/schema\/logo\/image\/\"}}]}<\/script>\n<!-- \/ Yoast SEO plugin. -->","yoast_head_json":{"title":"Fentanylpulver til salgs p\u00e5 nett | Global Meds Inc.","description":"Fentanylpulver til salgs p\u00e5 nett. Vi selger Fentanylpulver av beste kvalitet. Kontakt oss gjerne for mer informasjon og priser.","robots":{"index":"index","follow":"follow","max-snippet":"max-snippet:-1","max-image-preview":"max-image-preview:large","max-video-preview":"max-video-preview:-1"},"canonical":"https:\/\/globalmedsonlineinc.com\/no\/product\/research-chemicals\/fentanyl-pulver\/","og_locale":"nn_NO","og_type":"article","og_title":"Fentanylpulver til salgs p\u00e5 nett | Global Meds Inc.","og_description":"Fentanylpulver til salgs p\u00e5 nett. Vi selger Fentanylpulver av beste kvalitet. Kontakt oss gjerne for mer informasjon og priser.","og_url":"https:\/\/globalmedsonlineinc.com\/no\/product\/research-chemicals\/fentanyl-pulver\/","og_site_name":"Global Meds Inc","article_modified_time":"2024-02-21T10:26:14+00:00","og_image":[{"width":1200,"height":1200,"url":"https:\/\/globalmedsonlineinc.com\/no\/content\/media\/uploads\/sites\/10\/2021\/07\/FENTANYL-POWDER-for-Sale.jpg","type":"image\/jpeg"}],"twitter_card":"summary_large_image","twitter_misc":{"Est. reading time":"3 minutt"},"schema":{"@context":"https:\/\/schema.org","@graph":[{"@type":"WebPage","@id":"https:\/\/globalmedsonlineinc.com\/no\/product\/research-chemicals\/fentanyl-pulver\/","url":"https:\/\/globalmedsonlineinc.com\/no\/product\/research-chemicals\/fentanyl-pulver\/","name":"Fentanylpulver til salgs p\u00e5 nett | Global Meds Inc.","isPartOf":{"@id":"https:\/\/globalmedsonlineinc.com\/no\/#website"},"primaryImageOfPage":{"@id":"https:\/\/globalmedsonlineinc.com\/no\/product\/research-chemicals\/fentanyl-pulver\/#primaryimage"},"image":{"@id":"https:\/\/globalmedsonlineinc.com\/no\/product\/research-chemicals\/fentanyl-pulver\/#primaryimage"},"thumbnailUrl":"https:\/\/globalmedsonlineinc.com\/no\/content\/media\/uploads\/sites\/10\/2021\/07\/FENTANYL-POWDER-for-Sale.jpg","datePublished":"2021-07-02T21:58:00+00:00","dateModified":"2024-02-21T10:26:14+00:00","description":"Fentanylpulver til salgs p\u00e5 nett. Vi selger Fentanylpulver av beste kvalitet. Kontakt oss gjerne for mer informasjon og priser.","breadcrumb":{"@id":"https:\/\/globalmedsonlineinc.com\/no\/product\/research-chemicals\/fentanyl-pulver\/#breadcrumb"},"inLanguage":"nn-NO","potentialAction":[{"@type":"ReadAction","target":["https:\/\/globalmedsonlineinc.com\/no\/product\/research-chemicals\/fentanyl-pulver\/"]}]},{"@type":"ImageObject","inLanguage":"nn-NO","@id":"https:\/\/globalmedsonlineinc.com\/no\/product\/research-chemicals\/fentanyl-pulver\/#primaryimage","url":"https:\/\/globalmedsonlineinc.com\/no\/content\/media\/uploads\/sites\/10\/2021\/07\/FENTANYL-POWDER-for-Sale.jpg","contentUrl":"https:\/\/globalmedsonlineinc.com\/no\/content\/media\/uploads\/sites\/10\/2021\/07\/FENTANYL-POWDER-for-Sale.jpg","width":1200,"height":1200,"caption":"Fentanylpulver til salgs p\u00e5 nett"},{"@type":"BreadcrumbList","@id":"https:\/\/globalmedsonlineinc.com\/no\/product\/research-chemicals\/fentanyl-pulver\/#breadcrumb","itemListElement":[{"@type":"ListItem","position":1,"name":"Home","item":"https:\/\/globalmedsonlineinc.com\/no\/"},{"@type":"ListItem","position":2,"name":"Produkter","item":"https:\/\/globalmedsonlineinc.com\/no\/produkter\/"},{"@type":"ListItem","position":3,"name":"Kj\u00f8p fentanylpulver p\u00e5 nett"}]},{"@type":"WebSite","@id":"https:\/\/globalmedsonlineinc.com\/no\/#website","url":"https:\/\/globalmedsonlineinc.com\/no\/","name":"Global Meds Inc","description":"","publisher":{"@id":"https:\/\/globalmedsonlineinc.com\/no\/#organization"},"potentialAction":[{"@type":"SearchAction","target":{"@type":"EntryPoint","urlTemplate":"https:\/\/globalmedsonlineinc.com\/no\/?s={search_term_string}"},"query-input":{"@type":"PropertyValueSpecification","valueRequired":true,"valueName":"search_term_string"}}],"inLanguage":"nn-NO"},{"@type":"Organization","@id":"https:\/\/globalmedsonlineinc.com\/no\/#organization","name":"Global Meds Inc.","url":"https:\/\/globalmedsonlineinc.com\/no\/","logo":{"@type":"ImageObject","inLanguage":"nn-NO","@id":"https:\/\/globalmedsonlineinc.com\/no\/#\/schema\/logo\/image\/","url":"https:\/\/globalmedsonlineinc.com\/no\/content\/media\/uploads\/sites\/10\/2021\/06\/globalmedsonlineincLogoShop20210630123730.00.png","contentUrl":"https:\/\/globalmedsonlineinc.com\/no\/content\/media\/uploads\/sites\/10\/2021\/06\/globalmedsonlineincLogoShop20210630123730.00.png","width":450,"height":117,"caption":"Global Meds Inc."},"image":{"@id":"https:\/\/globalmedsonlineinc.com\/no\/#\/schema\/logo\/image\/"}}]}},"_links":{"self":[{"href":"https:\/\/globalmedsonlineinc.com\/no\/wp-json\/wp\/v2\/product\/9231","targetHints":{"allow":["GET"]}}],"collection":[{"href":"https:\/\/globalmedsonlineinc.com\/no\/wp-json\/wp\/v2\/product"}],"about":[{"href":"https:\/\/globalmedsonlineinc.com\/no\/wp-json\/wp\/v2\/types\/product"}],"replies":[{"embeddable":true,"href":"https:\/\/globalmedsonlineinc.com\/no\/wp-json\/wp\/v2\/comments?post=9231"}],"wp:featuredmedia":[{"embeddable":true,"href":"https:\/\/globalmedsonlineinc.com\/no\/wp-json\/wp\/v2\/media\/9238"}],"wp:attachment":[{"href":"https:\/\/globalmedsonlineinc.com\/no\/wp-json\/wp\/v2\/media?parent=9231"}],"wp:term":[{"taxonomy":"product_brand","embeddable":true,"href":"https:\/\/globalmedsonlineinc.com\/no\/wp-json\/wp\/v2\/product_brand?post=9231"},{"taxonomy":"product_cat","embeddable":true,"href":"https:\/\/globalmedsonlineinc.com\/no\/wp-json\/wp\/v2\/product_cat?post=9231"},{"taxonomy":"product_tag","embeddable":true,"href":"https:\/\/globalmedsonlineinc.com\/no\/wp-json\/wp\/v2\/product_tag?post=9231"}],"curies":[{"name":"wp","href":"https:\/\/api.w.org\/{rel}","templated":true}]}}