{"id":9214,"date":"2021-07-02T21:20:14","date_gmt":"2021-07-02T21:20:14","guid":{"rendered":"https:\/\/globalmedsonlineinc.com\/no\/?post_type=product&#038;p=9214"},"modified":"2024-02-21T10:29:13","modified_gmt":"2024-02-21T10:29:13","slug":"mdma","status":"publish","type":"product","link":"https:\/\/globalmedsonlineinc.com\/no\/product\/research-chemicals\/mdma\/","title":{"rendered":"Kj\u00f8p MDMA p\u00e5 nett"},"content":{"rendered":"<h1><strong>MDMA til salgs p\u00e5 nettet<\/strong><\/h1>\n<p><a href=\"https:\/\/globalmedsonlineinc.com\/no\/product\/research-chemicals\/mdma\/\">MDMA til salgs p\u00e5 nettet<\/a>. MDMA Powder Crystals er en medisin som fungerer som b\u00e5de energigivende og hallusinogent, og gir en forfriskende effekt, tid og perseptuelle vendinger, og utvidet glede fra materielle opplevelser. 1,2 Vanligvis tas MDMA (en forkortelse for det syntetiske navnet 3,4-metylendioksymetamfetamin) oralt, for det meste som en tablett eller etui, og eiendelene holder seg i rundt 3 til 6 timer. Den normale delen er \u00e9n til to tabletter, hvor hver tablett vanligvis inneholder et sted i omr\u00e5det 60 og 120 milligram MDMA.1 Det er ikke bemerkelsesverdig for klienter \u00e5 kreve en ny porsjon av medisinen n\u00e5r virkningene av hoveddelen starter \u00e5 slites av. Kj\u00f8p MDMA p\u00e5 nettet<\/p>\n<p>it Powder Crystals, 3,4-Methylenedioxy-metamfetamin (MDMA) er en produsert medisin som endrer temperament og d\u00f8mmekraft (oppmerksomhet p\u00e5 \u00e5 omfatte elementer og forhold). Den er kunstig lik de to energigiverne og stimulantene og produserer sensasjoner av utvidet energi, glede, lidenskapelig varme og vridd h\u00e5ndgripelig og verdslig innsikt. Kj\u00f8p MDMA p\u00e5 nettet<\/p>\n<p>it Powder Crystals var f\u00f8rst godt kjent i danseklubbscenen og p\u00e5 dansefester (\u00abraves\u00bb) hele natten, men medisinen p\u00e5virker <a href=\"https:\/\/no.wikipedia.org\/wiki\/MDMA\">for<\/a> tiden en mer omfattende masse individer, som generelt vil kalle medisinen rapture eller molly.<\/p>\n<p>Hvordan bruker enkeltpersoner det Pulverkrystaller?<\/p>\n<p>det Powder Crystals vanligvis aksepterer det som en beholder eller tablett, men noen svelger den i flytende struktur eller grynter pulveret. Den ber\u00f8mte monikeren Molly (slang for &#8220;atomic&#8221;) henspiller regelmessig til den sannsynligvis &#8220;uforfalskede&#8221; glasslignende pulvertypen, som vanligvis selges i etuier. Ikke desto mindre f\u00e5r personer som kj\u00f8per pulver eller etuier solgt som Molly ofte forskjellige medisiner alt annet likt, for eksempel konstruerte katinoner (&#8220;dusjsalter&#8221;) (se &#8220;Ekstra risiko for MDMA&#8221;).<\/p>\n<p>it Pulverkrystaller i blanding med forskjellige medisiner som brennevin eller maryjane. Kj\u00f8p MDMA p\u00e5 nettet<\/p>\n<p>det utvider bevegelsen til tre syntetiske stoffer i hjernen:<\/p>\n<p>Dopamin-for\u00e5rsaker en ekspansjon i oppstemthet og utvidet energi\/bevegelse.<\/p>\n<p>noradrenalin-utvider puls og sirkulasjonsbelastning, noe som er <a href=\"https:\/\/en.wikipedia.org\/wiki\/MDMA\">spesielt<\/a> utrygt for personer med kardiovaskul\u00e6re problemer<\/p>\n<p>Serotonin-p\u00e5virker tankesett, trang, hvile og forskjellige kapasiteter. Det utl\u00f8ser ogs\u00e5 kjemikalier som p\u00e5virker seksuell spenning og sikkerhet. Ankomsten av mye serotonin for\u00e5rsaker sannsynligvis den lidenskapelige n\u00e6rhet, hevet sinnstilstand og sympati som kundene f\u00f8ler.<\/p>\n<p>MDMA av god kvalitet p\u00e5 nett: Det er fullstendig forst\u00e5tt at folk ikke raskt stoler p\u00e5 kvaliteten p\u00e5 MDMA som selges p\u00e5 nettet fordi de ikke kan unders\u00f8ke det fysisk. Men det er ikke det samme med Online MDMA online leverand\u00f8rer. Produktene her er tro mot beskrivelsen med vedlikehold av h\u00f8y kvalitet utf\u00f8rt under tilsyn av eksperter.<\/p>\n<p>Rask &amp; Diskret frakt: Levering av MDMA p\u00e5 nett etter \u00e5 ha mottatt bestillingen gj\u00f8res innen den lovede tidsrammen. Fraktteamet legger all sin innsats i \u00e5 gj\u00f8re frakt- og leveringsprosedyren jevn og rask. Du kan ogs\u00e5 forvente utmerkede tjenester n\u00e5r du kj\u00f8per MDMA online fra profesjonelle p\u00e5 nettplattformen.<\/p>\n","protected":false},"excerpt":{"rendered":"<p>Kj\u00f8p MDMA p\u00e5 nettet. <a href=\"https:\/\/en.wikipedia.org\/wiki\/MDMA\">MDMA Powder<\/a> Krystaller er en medisin som fungerer som b\u00e5de energigivende og hallusinogent, og gir en forfriskende effekt, tid og perseptuelle vendinger , og utvidet glede fra materielle opplevelser.<\/p>\n","protected":false},"featured_media":9220,"comment_status":"open","ping_status":"closed","template":"","meta":{"_acf_changed":false,"_monsterinsights_skip_tracking":false,"_monsterinsights_sitenote_active":false,"_monsterinsights_sitenote_note":"","_monsterinsights_sitenote_category":0},"product_brand":[],"product_cat":[53],"product_tag":[564,543,567,569,544,545,548,549,546,547,568,566,565,541,551,550,552,556,555,553,554,557,559,558,431,562,560,561,563,542],"class_list":{"0":"post-9214","1":"product","2":"type-product","3":"status-publish","4":"has-post-thumbnail","6":"product_cat-research-chemicals","7":"product_tag-bestill-mdma","8":"product_tag-effekter-av-molly","9":"product_tag-hva-gjor-molly-med-deg","10":"product_tag-hvor-du-kan-kjope-mdma-pa-nettet","11":"product_tag-hvor-lenge-plager-molly","12":"product_tag-hvor-mye-koster-hastigheten-per-gram","13":"product_tag-hvordan-fa-mest-mulig-ut-av-molly","14":"product_tag-hvordan-hoppe-i-fallskjerm-molly","15":"product_tag-hvordan-kjope-lsd","16":"product_tag-hvordan-kjope-mdma","17":"product_tag-hvordan-ser-ren-molly-ut","18":"product_tag-kjop-beskjeden-mdma-pa-nettet","19":"product_tag-kjop-mdma-med-bitcoin","20":"product_tag-krystallmolly-effekter","21":"product_tag-lav-verdi-mdma","22":"product_tag-lavpris-mdma","23":"product_tag-mda-krystaller","24":"product_tag-mdma-leverandorer","25":"product_tag-mdma-perle-tilgjengelig-for-kjop","26":"product_tag-mdma-rabatt","27":"product_tag-mdma-til-salgs","28":"product_tag-metylendioksyfenetylamin","29":"product_tag-molly-krystaller-bivirkninger","30":"product_tag-molly-krystaller-pris","31":"product_tag-molly-vs-ecstacy","32":"product_tag-molly-bivirkninger-neste-dag","33":"product_tag-molly-medikamenteffekter","34":"product_tag-molly-stoffingredienser","35":"product_tag-online-kjop-mdma","36":"product_tag-ulike-mater-a-ta-molly-pa","38":"first","39":"instock","40":"shipping-taxable","41":"purchasable","42":"product-type-variable","43":"has-default-attributes"},"acf":[],"yoast_head":"<!-- This site is optimized with the Yoast SEO plugin v27.2 - https:\/\/yoast.com\/product\/yoast-seo-wordpress\/ -->\n<title>MDMA til salgs p\u00e5 nett | Global Meds Inc.<\/title>\n<meta name=\"description\" content=\"MDMA til salgs p\u00e5 nett. Vi selger MDMA av beste kvalitet. Kontakt oss gjerne for mer informasjon og priser.\" \/>\n<meta name=\"robots\" content=\"index, follow, max-snippet:-1, max-image-preview:large, max-video-preview:-1\" \/>\n<link rel=\"canonical\" href=\"https:\/\/globalmedsonlineinc.com\/no\/product\/research-chemicals\/mdma\/\" \/>\n<meta property=\"og:locale\" content=\"nn_NO\" \/>\n<meta property=\"og:type\" content=\"article\" \/>\n<meta property=\"og:title\" content=\"MDMA til salgs p\u00e5 nett | Global Meds Inc.\" \/>\n<meta property=\"og:description\" content=\"MDMA til salgs p\u00e5 nett. Vi selger MDMA av beste kvalitet. Kontakt oss gjerne for mer informasjon og priser.\" \/>\n<meta property=\"og:url\" content=\"https:\/\/globalmedsonlineinc.com\/no\/product\/research-chemicals\/mdma\/\" \/>\n<meta property=\"og:site_name\" content=\"Global Meds Inc\" \/>\n<meta property=\"article:modified_time\" content=\"2024-02-21T10:29:13+00:00\" \/>\n<meta property=\"og:image\" content=\"https:\/\/globalmedsonlineinc.com\/no\/content\/media\/uploads\/sites\/10\/2021\/07\/Buy-Mdma-pills.jpg\" \/>\n\t<meta property=\"og:image:width\" content=\"1200\" \/>\n\t<meta property=\"og:image:height\" content=\"1200\" \/>\n\t<meta property=\"og:image:type\" content=\"image\/jpeg\" \/>\n<meta name=\"twitter:card\" content=\"summary_large_image\" \/>\n<meta name=\"twitter:label1\" content=\"Est. reading time\" \/>\n\t<meta name=\"twitter:data1\" content=\"3 minutt\" \/>\n<script type=\"application\/ld+json\" class=\"yoast-schema-graph\">{\"@context\":\"https:\/\/schema.org\",\"@graph\":[{\"@type\":\"WebPage\",\"@id\":\"https:\/\/globalmedsonlineinc.com\/no\/product\/research-chemicals\/mdma\/\",\"url\":\"https:\/\/globalmedsonlineinc.com\/no\/product\/research-chemicals\/mdma\/\",\"name\":\"MDMA til salgs p\u00e5 nett | Global Meds Inc.\",\"isPartOf\":{\"@id\":\"https:\/\/globalmedsonlineinc.com\/no\/#website\"},\"primaryImageOfPage\":{\"@id\":\"https:\/\/globalmedsonlineinc.com\/no\/product\/research-chemicals\/mdma\/#primaryimage\"},\"image\":{\"@id\":\"https:\/\/globalmedsonlineinc.com\/no\/product\/research-chemicals\/mdma\/#primaryimage\"},\"thumbnailUrl\":\"https:\/\/globalmedsonlineinc.com\/no\/content\/media\/uploads\/sites\/10\/2021\/07\/Buy-Mdma-pills.jpg\",\"datePublished\":\"2021-07-02T21:20:14+00:00\",\"dateModified\":\"2024-02-21T10:29:13+00:00\",\"description\":\"MDMA til salgs p\u00e5 nett. Vi selger MDMA av beste kvalitet. Kontakt oss gjerne for mer informasjon og priser.\",\"breadcrumb\":{\"@id\":\"https:\/\/globalmedsonlineinc.com\/no\/product\/research-chemicals\/mdma\/#breadcrumb\"},\"inLanguage\":\"nn-NO\",\"potentialAction\":[{\"@type\":\"ReadAction\",\"target\":[\"https:\/\/globalmedsonlineinc.com\/no\/product\/research-chemicals\/mdma\/\"]}]},{\"@type\":\"ImageObject\",\"inLanguage\":\"nn-NO\",\"@id\":\"https:\/\/globalmedsonlineinc.com\/no\/product\/research-chemicals\/mdma\/#primaryimage\",\"url\":\"https:\/\/globalmedsonlineinc.com\/no\/content\/media\/uploads\/sites\/10\/2021\/07\/Buy-Mdma-pills.jpg\",\"contentUrl\":\"https:\/\/globalmedsonlineinc.com\/no\/content\/media\/uploads\/sites\/10\/2021\/07\/Buy-Mdma-pills.jpg\",\"width\":1200,\"height\":1200,\"caption\":\"MDMA til salgs p\u00e5 nett\"},{\"@type\":\"BreadcrumbList\",\"@id\":\"https:\/\/globalmedsonlineinc.com\/no\/product\/research-chemicals\/mdma\/#breadcrumb\",\"itemListElement\":[{\"@type\":\"ListItem\",\"position\":1,\"name\":\"Home\",\"item\":\"https:\/\/globalmedsonlineinc.com\/no\/\"},{\"@type\":\"ListItem\",\"position\":2,\"name\":\"Produkter\",\"item\":\"https:\/\/globalmedsonlineinc.com\/no\/produkter\/\"},{\"@type\":\"ListItem\",\"position\":3,\"name\":\"Kj\u00f8p MDMA p\u00e5 nett\"}]},{\"@type\":\"WebSite\",\"@id\":\"https:\/\/globalmedsonlineinc.com\/no\/#website\",\"url\":\"https:\/\/globalmedsonlineinc.com\/no\/\",\"name\":\"Global Meds Inc\",\"description\":\"\",\"publisher\":{\"@id\":\"https:\/\/globalmedsonlineinc.com\/no\/#organization\"},\"potentialAction\":[{\"@type\":\"SearchAction\",\"target\":{\"@type\":\"EntryPoint\",\"urlTemplate\":\"https:\/\/globalmedsonlineinc.com\/no\/?s={search_term_string}\"},\"query-input\":{\"@type\":\"PropertyValueSpecification\",\"valueRequired\":true,\"valueName\":\"search_term_string\"}}],\"inLanguage\":\"nn-NO\"},{\"@type\":\"Organization\",\"@id\":\"https:\/\/globalmedsonlineinc.com\/no\/#organization\",\"name\":\"Global Meds Inc.\",\"url\":\"https:\/\/globalmedsonlineinc.com\/no\/\",\"logo\":{\"@type\":\"ImageObject\",\"inLanguage\":\"nn-NO\",\"@id\":\"https:\/\/globalmedsonlineinc.com\/no\/#\/schema\/logo\/image\/\",\"url\":\"https:\/\/globalmedsonlineinc.com\/no\/content\/media\/uploads\/sites\/10\/2021\/06\/globalmedsonlineincLogoShop20210630123730.00.png\",\"contentUrl\":\"https:\/\/globalmedsonlineinc.com\/no\/content\/media\/uploads\/sites\/10\/2021\/06\/globalmedsonlineincLogoShop20210630123730.00.png\",\"width\":450,\"height\":117,\"caption\":\"Global Meds Inc.\"},\"image\":{\"@id\":\"https:\/\/globalmedsonlineinc.com\/no\/#\/schema\/logo\/image\/\"}}]}<\/script>\n<!-- \/ Yoast SEO plugin. -->","yoast_head_json":{"title":"MDMA til salgs p\u00e5 nett | Global Meds Inc.","description":"MDMA til salgs p\u00e5 nett. Vi selger MDMA av beste kvalitet. Kontakt oss gjerne for mer informasjon og priser.","robots":{"index":"index","follow":"follow","max-snippet":"max-snippet:-1","max-image-preview":"max-image-preview:large","max-video-preview":"max-video-preview:-1"},"canonical":"https:\/\/globalmedsonlineinc.com\/no\/product\/research-chemicals\/mdma\/","og_locale":"nn_NO","og_type":"article","og_title":"MDMA til salgs p\u00e5 nett | Global Meds Inc.","og_description":"MDMA til salgs p\u00e5 nett. Vi selger MDMA av beste kvalitet. Kontakt oss gjerne for mer informasjon og priser.","og_url":"https:\/\/globalmedsonlineinc.com\/no\/product\/research-chemicals\/mdma\/","og_site_name":"Global Meds Inc","article_modified_time":"2024-02-21T10:29:13+00:00","og_image":[{"width":1200,"height":1200,"url":"https:\/\/globalmedsonlineinc.com\/no\/content\/media\/uploads\/sites\/10\/2021\/07\/Buy-Mdma-pills.jpg","type":"image\/jpeg"}],"twitter_card":"summary_large_image","twitter_misc":{"Est. reading time":"3 minutt"},"schema":{"@context":"https:\/\/schema.org","@graph":[{"@type":"WebPage","@id":"https:\/\/globalmedsonlineinc.com\/no\/product\/research-chemicals\/mdma\/","url":"https:\/\/globalmedsonlineinc.com\/no\/product\/research-chemicals\/mdma\/","name":"MDMA til salgs p\u00e5 nett | Global Meds Inc.","isPartOf":{"@id":"https:\/\/globalmedsonlineinc.com\/no\/#website"},"primaryImageOfPage":{"@id":"https:\/\/globalmedsonlineinc.com\/no\/product\/research-chemicals\/mdma\/#primaryimage"},"image":{"@id":"https:\/\/globalmedsonlineinc.com\/no\/product\/research-chemicals\/mdma\/#primaryimage"},"thumbnailUrl":"https:\/\/globalmedsonlineinc.com\/no\/content\/media\/uploads\/sites\/10\/2021\/07\/Buy-Mdma-pills.jpg","datePublished":"2021-07-02T21:20:14+00:00","dateModified":"2024-02-21T10:29:13+00:00","description":"MDMA til salgs p\u00e5 nett. Vi selger MDMA av beste kvalitet. Kontakt oss gjerne for mer informasjon og priser.","breadcrumb":{"@id":"https:\/\/globalmedsonlineinc.com\/no\/product\/research-chemicals\/mdma\/#breadcrumb"},"inLanguage":"nn-NO","potentialAction":[{"@type":"ReadAction","target":["https:\/\/globalmedsonlineinc.com\/no\/product\/research-chemicals\/mdma\/"]}]},{"@type":"ImageObject","inLanguage":"nn-NO","@id":"https:\/\/globalmedsonlineinc.com\/no\/product\/research-chemicals\/mdma\/#primaryimage","url":"https:\/\/globalmedsonlineinc.com\/no\/content\/media\/uploads\/sites\/10\/2021\/07\/Buy-Mdma-pills.jpg","contentUrl":"https:\/\/globalmedsonlineinc.com\/no\/content\/media\/uploads\/sites\/10\/2021\/07\/Buy-Mdma-pills.jpg","width":1200,"height":1200,"caption":"MDMA til salgs p\u00e5 nett"},{"@type":"BreadcrumbList","@id":"https:\/\/globalmedsonlineinc.com\/no\/product\/research-chemicals\/mdma\/#breadcrumb","itemListElement":[{"@type":"ListItem","position":1,"name":"Home","item":"https:\/\/globalmedsonlineinc.com\/no\/"},{"@type":"ListItem","position":2,"name":"Produkter","item":"https:\/\/globalmedsonlineinc.com\/no\/produkter\/"},{"@type":"ListItem","position":3,"name":"Kj\u00f8p MDMA p\u00e5 nett"}]},{"@type":"WebSite","@id":"https:\/\/globalmedsonlineinc.com\/no\/#website","url":"https:\/\/globalmedsonlineinc.com\/no\/","name":"Global Meds Inc","description":"","publisher":{"@id":"https:\/\/globalmedsonlineinc.com\/no\/#organization"},"potentialAction":[{"@type":"SearchAction","target":{"@type":"EntryPoint","urlTemplate":"https:\/\/globalmedsonlineinc.com\/no\/?s={search_term_string}"},"query-input":{"@type":"PropertyValueSpecification","valueRequired":true,"valueName":"search_term_string"}}],"inLanguage":"nn-NO"},{"@type":"Organization","@id":"https:\/\/globalmedsonlineinc.com\/no\/#organization","name":"Global Meds Inc.","url":"https:\/\/globalmedsonlineinc.com\/no\/","logo":{"@type":"ImageObject","inLanguage":"nn-NO","@id":"https:\/\/globalmedsonlineinc.com\/no\/#\/schema\/logo\/image\/","url":"https:\/\/globalmedsonlineinc.com\/no\/content\/media\/uploads\/sites\/10\/2021\/06\/globalmedsonlineincLogoShop20210630123730.00.png","contentUrl":"https:\/\/globalmedsonlineinc.com\/no\/content\/media\/uploads\/sites\/10\/2021\/06\/globalmedsonlineincLogoShop20210630123730.00.png","width":450,"height":117,"caption":"Global Meds Inc."},"image":{"@id":"https:\/\/globalmedsonlineinc.com\/no\/#\/schema\/logo\/image\/"}}]}},"_links":{"self":[{"href":"https:\/\/globalmedsonlineinc.com\/no\/wp-json\/wp\/v2\/product\/9214","targetHints":{"allow":["GET"]}}],"collection":[{"href":"https:\/\/globalmedsonlineinc.com\/no\/wp-json\/wp\/v2\/product"}],"about":[{"href":"https:\/\/globalmedsonlineinc.com\/no\/wp-json\/wp\/v2\/types\/product"}],"replies":[{"embeddable":true,"href":"https:\/\/globalmedsonlineinc.com\/no\/wp-json\/wp\/v2\/comments?post=9214"}],"wp:featuredmedia":[{"embeddable":true,"href":"https:\/\/globalmedsonlineinc.com\/no\/wp-json\/wp\/v2\/media\/9220"}],"wp:attachment":[{"href":"https:\/\/globalmedsonlineinc.com\/no\/wp-json\/wp\/v2\/media?parent=9214"}],"wp:term":[{"taxonomy":"product_brand","embeddable":true,"href":"https:\/\/globalmedsonlineinc.com\/no\/wp-json\/wp\/v2\/product_brand?post=9214"},{"taxonomy":"product_cat","embeddable":true,"href":"https:\/\/globalmedsonlineinc.com\/no\/wp-json\/wp\/v2\/product_cat?post=9214"},{"taxonomy":"product_tag","embeddable":true,"href":"https:\/\/globalmedsonlineinc.com\/no\/wp-json\/wp\/v2\/product_tag?post=9214"}],"curies":[{"name":"wp","href":"https:\/\/api.w.org\/{rel}","templated":true}]}}