{"id":9208,"date":"2021-07-02T21:05:42","date_gmt":"2021-07-02T21:05:42","guid":{"rendered":"https:\/\/globalmedsonlineinc.com\/no\/?post_type=product&#038;p=9208"},"modified":"2024-02-21T10:30:55","modified_gmt":"2024-02-21T10:30:55","slug":"jwh-250","status":"publish","type":"product","link":"https:\/\/globalmedsonlineinc.com\/no\/product\/research-chemicals\/jwh-250\/","title":{"rendered":"Kj\u00f8p JWH-250 p\u00e5 nett"},"content":{"rendered":"<div class=\"lRu31\" dir=\"ltr\"><span class=\"HwtZe\" lang=\"no\"><span class=\"jCAhz ChMk0b\"><span class=\"ryNqvb\">JWH-250 pulver til salgs p\u00e5 nett<\/span><\/span><\/span><\/div>\n<div dir=\"ltr\"><\/div>\n<div class=\"lRu31\" dir=\"ltr\"><span class=\"HwtZe\" lang=\"no\"><span class=\"jCAhz ChMk0b\"><span class=\"ryNqvb\">JWH-250 pulver til salgs p\u00e5 nett. <\/span><\/span><\/span><span style=\"font-size: 1rem\">JWH-250 er en produsert cannabinoidreseptoragonist som har blitt identifisert i gjenstander siden siste del av 2000-tallet. Den ble laget av Dr. John W. Huffman og en rapport om den ble distribuert i 2005 av Huffman et al. Kj\u00f8p JWH-250 p\u00e5 nettet.<\/span><\/div>\n<p>Medisinen er en fenylacetylindol og fungerer som en agonist ved CB1- og CB2-reseptorer. Den har en partialitet p\u00e5 ~11 nM ved CB1 og ~33 nM ved CB2.<\/p>\n<p>Et par \u00e5r etter at det f\u00f8rst ble referert til i <a href=\"https:\/\/en.wikipedia.org\/wiki\/JWH-250\">skriftet<\/a>, kom JWH-250 p\u00e5 markedet, med den prim\u00e6re identifikasjonen kommer fra tysk politi i mai 2009. De oppdaget medisinen i en naturlig blanding for r\u00f8yking. Kj\u00f8p JWH-250 p\u00e5 nettet<\/p>\n<p>Det ble ogs\u00e5 anerkjent i pulver og kombinasjoner solgt over nettet til analytikere i Japan. Disse eksemplene inneholdt 77-165 mg for hver vare.<\/p>\n<p>P\u00e5 grunn av m\u00e5ten den ble solgt p\u00e5, har enkeltpersoner nesten helt sikkert kommet i kontakt med JWH-250 uten \u00e5 erkjenne det.<\/p>\n<p>Molar masse: 335,439 g\/mol<\/p>\n<p>ChEMBL ID: 188031<\/p>\n<p>ChemSpider ID: 23256117<\/p>\n<p>PubChem CID: 44397540<\/p>\n<p>Oppskrift: C22H25NO2<\/p>\n<p>JWH-250 av god kvalitet p\u00e5 nettet: Det er fullstendig forst\u00e5tt at folk ikke raskt stoler p\u00e5 kvaliteten p\u00e5 JWH-250 som selges p\u00e5 nettet fordi de ikke kan unders\u00f8ke den fysisk. Men det er ikke det samme med Online JWH-250 online leverand\u00f8rer. Produktene her er tro mot beskrivelsen med vedlikehold av h\u00f8y kvalitet utf\u00f8rt under tilsyn av eksperter.<\/p>\n<p>Rask &amp; Diskret forsendelse: Levering av JWH-250 online etter mottak av bestillingen skjer innenfor den lovede tidsrammen. Fraktteamet legger all sin innsats i \u00e5 gj\u00f8re frakt- og leveringsprosedyren jevn og rask. Du kan ogs\u00e5 forvente utmerkede tjenester n\u00e5r du kj\u00f8per JWH-250 online fra profesjonelle p\u00e5 nettplattformen.<\/p>\n","protected":false},"excerpt":{"rendered":"<p>Kj\u00f8p\u00a0<a href=\"https:\/\/en.wikipedia.org\/wiki\/JWH-250\">JWH-250<\/a>\u00a0p\u00e5 nettet. JWH-250 er en produsert cannabinoidreseptoragonist som har blitt identifisert i gjenstander siden siste del av 2000-tallet. Den ble laget av Dr. John W. Huffman og en rapport om den ble distribuert i 2005 av Huffman et al. Kj\u00f8p JWH-250 p\u00e5 nettet.<\/p>\n","protected":false},"featured_media":9213,"comment_status":"open","ping_status":"closed","template":"","meta":{"_acf_changed":false,"_monsterinsights_skip_tracking":false,"_monsterinsights_sitenote_active":false,"_monsterinsights_sitenote_note":"","_monsterinsights_sitenote_category":0},"product_brand":[],"product_cat":[53],"product_tag":[570,604,609,606,607,608,610,580,579,583,590,589,592,587,588,585,586,584,581,582,591,593,601,576,577,578,595,571,598,573,574,599,596,572,597,575,600,602,603,594,605],"class_list":{"0":"post-9208","1":"product","2":"type-product","3":"status-publish","4":"has-post-thumbnail","6":"product_cat-research-chemicals","7":"product_tag-beste-stedet-a-kjope-jwh-250","8":"product_tag-butikk-jwh-250","9":"product_tag-hvor-a-kjope-beskjeden-jwh-250-butikk","10":"product_tag-hvor-kan-man-fa-jwh-250-tilgjengelig-for-kjop","11":"product_tag-hvor-man-kan-kjope-jwh-250","12":"product_tag-hvor-man-kan-kjope-jwh-250-for-individuell-bruk","13":"product_tag-hvor-ville-jeg-kunne-kjope-jwh-250","14":"product_tag-hvordan-kjope-beskjeden-jwh-250-forsendelse-over-hele-verden","15":"product_tag-hvordan-kjope-billig-jwh-250-frakt-over-hele-verden","16":"product_tag-jwh-250-stoff-til-salgs","17":"product_tag-jwh-250-dusjsalter-tilgjengelig-skal-kjopes","18":"product_tag-jwh-250-foresporsel","19":"product_tag-jwh-250-hvor-man-kan-kjope","20":"product_tag-jwh-250-kjop","21":"product_tag-jwh-250-kjopssteder","22":"product_tag-jwh-250-medisiner-tilgjengelig-for-kjop","23":"product_tag-jwh-250-plantenaering-til-salgs","24":"product_tag-jwh-250-til-salgs","25":"product_tag-jwh-250-tilgjengelig-for-kjop","26":"product_tag-jwh-250-avtale","27":"product_tag-jwh-250-butikk","28":"product_tag-jwh-250-grossist","29":"product_tag-kjop-beskjeden-jwh-250","30":"product_tag-kjop-beskjeden-jwh-250-for-plantebruk","31":"product_tag-kjop-beskjeden-jwh-250-pa-nettet","32":"product_tag-kjop-beskjeden-mefedron-pa-nettet","33":"product_tag-kjop-ekte-jwh-250-tilgjengelig-for-kjop-side","34":"product_tag-kjop-jwh-250","35":"product_tag-kjop-jwh-250-for-individuell-bruk","36":"product_tag-kjop-jwh-250-for-personlig-bruk","37":"product_tag-kjop-jwh-250-online","38":"product_tag-kjop-jwh-250-pa-nettet","39":"product_tag-kjop-jwh-250-til-beskjeden-verdi","40":"product_tag-kjop-jwh-250-til-overkommelige-priser","41":"product_tag-kjop-jwh-250-tilgjengelig-for-kjop","42":"product_tag-kjop-legit-jwh-250-for-salg-nettside","43":"product_tag-kjop-masse-jwh-250","44":"product_tag-kvalitet-jwh-250-avai-etikett-som-kan-kjopes","45":"product_tag-kvalitet-jwh-250-til-salgs","46":"product_tag-mjwh-250-leverandorer","47":"product_tag-uforfalsket-jwh-250","49":"first","50":"instock","51":"sale","52":"featured","53":"shipping-taxable","54":"purchasable","55":"product-type-variable"},"acf":[],"yoast_head":"<!-- This site is optimized with the Yoast SEO plugin v27.2 - https:\/\/yoast.com\/product\/yoast-seo-wordpress\/ -->\n<title>JWH-250 pulver til salgs p\u00e5 nett | Global Meds Inc.<\/title>\n<meta name=\"description\" content=\"JWH-250 pulver til salgs p\u00e5 nett. Vi selger JWH-250 pulver av beste kvalitet. Kontakt oss gjerne for mer informasjon og priser.\" \/>\n<meta name=\"robots\" content=\"index, follow, max-snippet:-1, max-image-preview:large, max-video-preview:-1\" \/>\n<link rel=\"canonical\" href=\"https:\/\/globalmedsonlineinc.com\/no\/product\/research-chemicals\/jwh-250\/\" \/>\n<meta property=\"og:locale\" content=\"nn_NO\" \/>\n<meta property=\"og:type\" content=\"article\" \/>\n<meta property=\"og:title\" content=\"JWH-250 pulver til salgs p\u00e5 nett | Global Meds Inc.\" \/>\n<meta property=\"og:description\" content=\"JWH-250 pulver til salgs p\u00e5 nett. Vi selger JWH-250 pulver av beste kvalitet. Kontakt oss gjerne for mer informasjon og priser.\" \/>\n<meta property=\"og:url\" content=\"https:\/\/globalmedsonlineinc.com\/no\/product\/research-chemicals\/jwh-250\/\" \/>\n<meta property=\"og:site_name\" content=\"Global Meds Inc\" \/>\n<meta property=\"article:modified_time\" content=\"2024-02-21T10:30:55+00:00\" \/>\n<meta property=\"og:image\" content=\"https:\/\/globalmedsonlineinc.com\/no\/content\/media\/uploads\/sites\/10\/2021\/07\/jwh-250.jpg\" \/>\n\t<meta property=\"og:image:width\" content=\"1200\" \/>\n\t<meta property=\"og:image:height\" content=\"1200\" \/>\n\t<meta property=\"og:image:type\" content=\"image\/jpeg\" \/>\n<meta name=\"twitter:card\" content=\"summary_large_image\" \/>\n<meta name=\"twitter:label1\" content=\"Est. reading time\" \/>\n\t<meta name=\"twitter:data1\" content=\"2 minutt\" \/>\n<script type=\"application\/ld+json\" class=\"yoast-schema-graph\">{\"@context\":\"https:\/\/schema.org\",\"@graph\":[{\"@type\":\"WebPage\",\"@id\":\"https:\/\/globalmedsonlineinc.com\/no\/product\/research-chemicals\/jwh-250\/\",\"url\":\"https:\/\/globalmedsonlineinc.com\/no\/product\/research-chemicals\/jwh-250\/\",\"name\":\"JWH-250 pulver til salgs p\u00e5 nett | Global Meds Inc.\",\"isPartOf\":{\"@id\":\"https:\/\/globalmedsonlineinc.com\/no\/#website\"},\"primaryImageOfPage\":{\"@id\":\"https:\/\/globalmedsonlineinc.com\/no\/product\/research-chemicals\/jwh-250\/#primaryimage\"},\"image\":{\"@id\":\"https:\/\/globalmedsonlineinc.com\/no\/product\/research-chemicals\/jwh-250\/#primaryimage\"},\"thumbnailUrl\":\"https:\/\/globalmedsonlineinc.com\/no\/content\/media\/uploads\/sites\/10\/2021\/07\/jwh-250.jpg\",\"datePublished\":\"2021-07-02T21:05:42+00:00\",\"dateModified\":\"2024-02-21T10:30:55+00:00\",\"description\":\"JWH-250 pulver til salgs p\u00e5 nett. Vi selger JWH-250 pulver av beste kvalitet. Kontakt oss gjerne for mer informasjon og priser.\",\"breadcrumb\":{\"@id\":\"https:\/\/globalmedsonlineinc.com\/no\/product\/research-chemicals\/jwh-250\/#breadcrumb\"},\"inLanguage\":\"nn-NO\",\"potentialAction\":[{\"@type\":\"ReadAction\",\"target\":[\"https:\/\/globalmedsonlineinc.com\/no\/product\/research-chemicals\/jwh-250\/\"]}]},{\"@type\":\"ImageObject\",\"inLanguage\":\"nn-NO\",\"@id\":\"https:\/\/globalmedsonlineinc.com\/no\/product\/research-chemicals\/jwh-250\/#primaryimage\",\"url\":\"https:\/\/globalmedsonlineinc.com\/no\/content\/media\/uploads\/sites\/10\/2021\/07\/jwh-250.jpg\",\"contentUrl\":\"https:\/\/globalmedsonlineinc.com\/no\/content\/media\/uploads\/sites\/10\/2021\/07\/jwh-250.jpg\",\"width\":1200,\"height\":1200,\"caption\":\"JWH-250 pulver til salgs p\u00e5 nett\"},{\"@type\":\"BreadcrumbList\",\"@id\":\"https:\/\/globalmedsonlineinc.com\/no\/product\/research-chemicals\/jwh-250\/#breadcrumb\",\"itemListElement\":[{\"@type\":\"ListItem\",\"position\":1,\"name\":\"Home\",\"item\":\"https:\/\/globalmedsonlineinc.com\/no\/\"},{\"@type\":\"ListItem\",\"position\":2,\"name\":\"Produkter\",\"item\":\"https:\/\/globalmedsonlineinc.com\/no\/produkter\/\"},{\"@type\":\"ListItem\",\"position\":3,\"name\":\"Kj\u00f8p JWH-250 p\u00e5 nett\"}]},{\"@type\":\"WebSite\",\"@id\":\"https:\/\/globalmedsonlineinc.com\/no\/#website\",\"url\":\"https:\/\/globalmedsonlineinc.com\/no\/\",\"name\":\"Global Meds Inc\",\"description\":\"\",\"publisher\":{\"@id\":\"https:\/\/globalmedsonlineinc.com\/no\/#organization\"},\"potentialAction\":[{\"@type\":\"SearchAction\",\"target\":{\"@type\":\"EntryPoint\",\"urlTemplate\":\"https:\/\/globalmedsonlineinc.com\/no\/?s={search_term_string}\"},\"query-input\":{\"@type\":\"PropertyValueSpecification\",\"valueRequired\":true,\"valueName\":\"search_term_string\"}}],\"inLanguage\":\"nn-NO\"},{\"@type\":\"Organization\",\"@id\":\"https:\/\/globalmedsonlineinc.com\/no\/#organization\",\"name\":\"Global Meds Inc.\",\"url\":\"https:\/\/globalmedsonlineinc.com\/no\/\",\"logo\":{\"@type\":\"ImageObject\",\"inLanguage\":\"nn-NO\",\"@id\":\"https:\/\/globalmedsonlineinc.com\/no\/#\/schema\/logo\/image\/\",\"url\":\"https:\/\/globalmedsonlineinc.com\/no\/content\/media\/uploads\/sites\/10\/2021\/06\/globalmedsonlineincLogoShop20210630123730.00.png\",\"contentUrl\":\"https:\/\/globalmedsonlineinc.com\/no\/content\/media\/uploads\/sites\/10\/2021\/06\/globalmedsonlineincLogoShop20210630123730.00.png\",\"width\":450,\"height\":117,\"caption\":\"Global Meds Inc.\"},\"image\":{\"@id\":\"https:\/\/globalmedsonlineinc.com\/no\/#\/schema\/logo\/image\/\"}}]}<\/script>\n<!-- \/ Yoast SEO plugin. -->","yoast_head_json":{"title":"JWH-250 pulver til salgs p\u00e5 nett | Global Meds Inc.","description":"JWH-250 pulver til salgs p\u00e5 nett. Vi selger JWH-250 pulver av beste kvalitet. Kontakt oss gjerne for mer informasjon og priser.","robots":{"index":"index","follow":"follow","max-snippet":"max-snippet:-1","max-image-preview":"max-image-preview:large","max-video-preview":"max-video-preview:-1"},"canonical":"https:\/\/globalmedsonlineinc.com\/no\/product\/research-chemicals\/jwh-250\/","og_locale":"nn_NO","og_type":"article","og_title":"JWH-250 pulver til salgs p\u00e5 nett | Global Meds Inc.","og_description":"JWH-250 pulver til salgs p\u00e5 nett. Vi selger JWH-250 pulver av beste kvalitet. Kontakt oss gjerne for mer informasjon og priser.","og_url":"https:\/\/globalmedsonlineinc.com\/no\/product\/research-chemicals\/jwh-250\/","og_site_name":"Global Meds Inc","article_modified_time":"2024-02-21T10:30:55+00:00","og_image":[{"width":1200,"height":1200,"url":"https:\/\/globalmedsonlineinc.com\/no\/content\/media\/uploads\/sites\/10\/2021\/07\/jwh-250.jpg","type":"image\/jpeg"}],"twitter_card":"summary_large_image","twitter_misc":{"Est. reading time":"2 minutt"},"schema":{"@context":"https:\/\/schema.org","@graph":[{"@type":"WebPage","@id":"https:\/\/globalmedsonlineinc.com\/no\/product\/research-chemicals\/jwh-250\/","url":"https:\/\/globalmedsonlineinc.com\/no\/product\/research-chemicals\/jwh-250\/","name":"JWH-250 pulver til salgs p\u00e5 nett | Global Meds Inc.","isPartOf":{"@id":"https:\/\/globalmedsonlineinc.com\/no\/#website"},"primaryImageOfPage":{"@id":"https:\/\/globalmedsonlineinc.com\/no\/product\/research-chemicals\/jwh-250\/#primaryimage"},"image":{"@id":"https:\/\/globalmedsonlineinc.com\/no\/product\/research-chemicals\/jwh-250\/#primaryimage"},"thumbnailUrl":"https:\/\/globalmedsonlineinc.com\/no\/content\/media\/uploads\/sites\/10\/2021\/07\/jwh-250.jpg","datePublished":"2021-07-02T21:05:42+00:00","dateModified":"2024-02-21T10:30:55+00:00","description":"JWH-250 pulver til salgs p\u00e5 nett. Vi selger JWH-250 pulver av beste kvalitet. Kontakt oss gjerne for mer informasjon og priser.","breadcrumb":{"@id":"https:\/\/globalmedsonlineinc.com\/no\/product\/research-chemicals\/jwh-250\/#breadcrumb"},"inLanguage":"nn-NO","potentialAction":[{"@type":"ReadAction","target":["https:\/\/globalmedsonlineinc.com\/no\/product\/research-chemicals\/jwh-250\/"]}]},{"@type":"ImageObject","inLanguage":"nn-NO","@id":"https:\/\/globalmedsonlineinc.com\/no\/product\/research-chemicals\/jwh-250\/#primaryimage","url":"https:\/\/globalmedsonlineinc.com\/no\/content\/media\/uploads\/sites\/10\/2021\/07\/jwh-250.jpg","contentUrl":"https:\/\/globalmedsonlineinc.com\/no\/content\/media\/uploads\/sites\/10\/2021\/07\/jwh-250.jpg","width":1200,"height":1200,"caption":"JWH-250 pulver til salgs p\u00e5 nett"},{"@type":"BreadcrumbList","@id":"https:\/\/globalmedsonlineinc.com\/no\/product\/research-chemicals\/jwh-250\/#breadcrumb","itemListElement":[{"@type":"ListItem","position":1,"name":"Home","item":"https:\/\/globalmedsonlineinc.com\/no\/"},{"@type":"ListItem","position":2,"name":"Produkter","item":"https:\/\/globalmedsonlineinc.com\/no\/produkter\/"},{"@type":"ListItem","position":3,"name":"Kj\u00f8p JWH-250 p\u00e5 nett"}]},{"@type":"WebSite","@id":"https:\/\/globalmedsonlineinc.com\/no\/#website","url":"https:\/\/globalmedsonlineinc.com\/no\/","name":"Global Meds Inc","description":"","publisher":{"@id":"https:\/\/globalmedsonlineinc.com\/no\/#organization"},"potentialAction":[{"@type":"SearchAction","target":{"@type":"EntryPoint","urlTemplate":"https:\/\/globalmedsonlineinc.com\/no\/?s={search_term_string}"},"query-input":{"@type":"PropertyValueSpecification","valueRequired":true,"valueName":"search_term_string"}}],"inLanguage":"nn-NO"},{"@type":"Organization","@id":"https:\/\/globalmedsonlineinc.com\/no\/#organization","name":"Global Meds Inc.","url":"https:\/\/globalmedsonlineinc.com\/no\/","logo":{"@type":"ImageObject","inLanguage":"nn-NO","@id":"https:\/\/globalmedsonlineinc.com\/no\/#\/schema\/logo\/image\/","url":"https:\/\/globalmedsonlineinc.com\/no\/content\/media\/uploads\/sites\/10\/2021\/06\/globalmedsonlineincLogoShop20210630123730.00.png","contentUrl":"https:\/\/globalmedsonlineinc.com\/no\/content\/media\/uploads\/sites\/10\/2021\/06\/globalmedsonlineincLogoShop20210630123730.00.png","width":450,"height":117,"caption":"Global Meds Inc."},"image":{"@id":"https:\/\/globalmedsonlineinc.com\/no\/#\/schema\/logo\/image\/"}}]}},"_links":{"self":[{"href":"https:\/\/globalmedsonlineinc.com\/no\/wp-json\/wp\/v2\/product\/9208","targetHints":{"allow":["GET"]}}],"collection":[{"href":"https:\/\/globalmedsonlineinc.com\/no\/wp-json\/wp\/v2\/product"}],"about":[{"href":"https:\/\/globalmedsonlineinc.com\/no\/wp-json\/wp\/v2\/types\/product"}],"replies":[{"embeddable":true,"href":"https:\/\/globalmedsonlineinc.com\/no\/wp-json\/wp\/v2\/comments?post=9208"}],"wp:featuredmedia":[{"embeddable":true,"href":"https:\/\/globalmedsonlineinc.com\/no\/wp-json\/wp\/v2\/media\/9213"}],"wp:attachment":[{"href":"https:\/\/globalmedsonlineinc.com\/no\/wp-json\/wp\/v2\/media?parent=9208"}],"wp:term":[{"taxonomy":"product_brand","embeddable":true,"href":"https:\/\/globalmedsonlineinc.com\/no\/wp-json\/wp\/v2\/product_brand?post=9208"},{"taxonomy":"product_cat","embeddable":true,"href":"https:\/\/globalmedsonlineinc.com\/no\/wp-json\/wp\/v2\/product_cat?post=9208"},{"taxonomy":"product_tag","embeddable":true,"href":"https:\/\/globalmedsonlineinc.com\/no\/wp-json\/wp\/v2\/product_tag?post=9208"}],"curies":[{"name":"wp","href":"https:\/\/api.w.org\/{rel}","templated":true}]}}