{"id":9202,"date":"2021-07-02T20:53:43","date_gmt":"2021-07-02T20:53:43","guid":{"rendered":"https:\/\/globalmedsonlineinc.com\/no\/?post_type=product&#038;p=9202"},"modified":"2024-02-21T10:32:38","modified_gmt":"2024-02-21T10:32:38","slug":"jwh-018","status":"publish","type":"product","link":"https:\/\/globalmedsonlineinc.com\/no\/product\/research-chemicals\/jwh-018\/","title":{"rendered":"Kj\u00f8p JWH-018 p\u00e5 nett"},"content":{"rendered":"<h1 class=\"lRu31\" dir=\"ltr\"><span class=\"HwtZe\" lang=\"no\"><span class=\"jCAhz ChMk0b\"><span class=\"ryNqvb\">JWH-018 pulver til salgs p\u00e5 nett<\/span><\/span><\/span><\/h1>\n<div dir=\"ltr\"><\/div>\n<div class=\"lRu31\" dir=\"ltr\"><span class=\"HwtZe\" lang=\"no\"><span class=\"jCAhz ChMk0b\"><span class=\"ryNqvb\"><a href=\"https:\/\/globalmedsonlineinc.com\/no\/product\/research-chemicals\/jwh-018\/\">JWH-018 pulver til salgs p\u00e5 nett<\/a>. <\/span><\/span><\/span><span style=\"font-size: 1rem\">JWH-018 er en produsert cannabinoid som finnes i forskjellige former for den hjemmedyrkede blandingen &#8220;Zest&#8221;. Den ulovlige bruken av denne Spice-cannabinoiden sentrerer seg rundt dens psykoaktive virkninger, som imiterer effekten av \u03949-THC i cannabis. Til tross for at JWH-018 i hovedsak er kraftigere enn praktisk talt identiske m\u00e5l for cannabis, presenterer den i tillegg en enorm test for gjenkjennelse ved vanlig \u03949-THC-testing.<\/span><\/div>\n<p>I juli 2009 la US Drug Enforcement Agency (DEA) JWH-018 til sin oversikt over medisiner og syntetiske stoffer som gir bekymring. Til tross for avsl\u00f8rte fangster av Spice i Ohio og Florida, har noen f\u00e5 stater etablert autoritative tiltak som begrenser avtalen eller eierskapet til JWH-018, inkludert Alabama, Arkansas, Georgia, Kansas, Kentucky, North Dakota og Tennessee.<\/p>\n<p>I alle fall har media gjort rede for \u00e9n forekomst av JWH-018-avhengighet. Klienten brente gjennom JWH-018 dag for dag i sv\u00e6rt lang tid. Abstinensbivirkninger var mer alvorlige enn de som ble oppn\u00e5dd p\u00e5 grunn av cannabisavhengighet. JWH-018 for salg p\u00e5 nettet har vist seg \u00e5 for\u00e5rsake betydelige endringer i CB1-reseptortykkelsen etter organisering, noe som gj\u00f8r desensibilisering til sine eiendeler raskere enn relaterte cannabinoider.<\/p>\n<p>Den 15. oktober 2011 krediterte rettsmedisiner i Anderson County Greg Shore bortgangen til en skoleballspiller fra South Carolina for &#8220;narkotiske giftighet og organskuffelse&#8221; for\u00e5rsaket av JWH-018. En e-post datert 4. november 2011 ang\u00e5ende saken ble endelig levert av byen Anderson S.C. den 16. desember 2011 i henhold til Freedom of Information Act etter at ulike krav fra media om \u00e5 se dataene var blitt avvist.<\/p>\n<p>I motsetning til THC, som er en ufullstendig <a href=\"https:\/\/en.wikipedia.org\/wiki\/JWH-018\">agonist<\/a> ved CB1-reseptorer, for kj\u00f8p av JWH-018 p\u00e5 nettet, og mange konstruerte cannabinoider, er fulle agonister. THC har vist seg \u00e5 hindre GABA-reseptornevrotransmisjon i storhjernen ved hjelp av noen f\u00e5 veier. JWH-018 kan for\u00e5rsake ekstrem uro, fomentasjon, og i uvanlige tilfeller (for det meste med ikke-standard JWH-klienter), har det v\u00e6rt forventet \u00e5 ha v\u00e6rt \u00e5rsaken til anfall og spasmer ved \u00e5 begrense GABA-nevrotransmisjon mer adekvat enn THC. Cannabinoidreseptoragonister kan introdusere ekte farer for klienten n\u00e5r de brukes ekstravagant.<\/p>\n<p>Ulike fysiske og mentale uvennlige p\u00e5virkninger har blitt gjort rede for fra bruk av JWH-018 kj\u00f8pt online. En unders\u00f8kelse beskrev vanvittige tilbakefall og urolige bivirkninger hos alle behandlede pasienter med psykologisk sykdom etter JWH-018-inhalasjon.[21] P\u00e5 grunn av bekymringer om evnen til JWH-018 og andre produserte cannabinoider til \u00e5 for\u00e5rsake psykose hos svake mennesker, har det blitt foresl\u00e5tt at personer med farefaktorer for maniske sykdommer (som en tidligere eller familiebakgrunn av psykose) ikke bruker disse stoffene.<\/p>\n<p>For tiden har det blitt gjort enkelt \u00e5 kj\u00f8pe JWH-018 online p\u00e5 flere nettsteder som tilbyr tjenestene, og du kan bestille JWH-018 online uten \u00e5 kaste bort s\u00e5 mye tid. Rolland Meds gir deg de beste tjenestene, og du kan bestille JWH-018 online hos dem og f\u00e5 leveringen til rett tid b\u00e5de trygt og forsvarlig.<\/p>\n<p>God kvalitet JWH-018 online: Det er fullstendig forst\u00e5tt at folk ikke raskt stoler p\u00e5 kvaliteten p\u00e5 JWH-018 online som selges p\u00e5 nettet fordi de ikke kan unders\u00f8ke det fysisk. Men det er ikke det samme med Online JWH-018 nettleverand\u00f8rer. Produktene her er tro mot beskrivelsen med vedlikehold av h\u00f8y kvalitet utf\u00f8rt under tilsyn av eksperter.<\/p>\n<p>Rask &amp; Diskret frakt: Leveringen av JWH-018 online etter \u00e5 ha mottatt bestillingen skjer innenfor den lovede tidsrammen. Fraktteamet legger all sin innsats i \u00e5 gj\u00f8re frakt- og leveringsprosedyren jevn og rask. Du kan ogs\u00e5 forvente utmerkede tjenester n\u00e5r du kj\u00f8per JWH-018 online fra profesjonelle p\u00e5 nettplattformen.<\/p>\n","protected":false},"excerpt":{"rendered":"<p>Kj\u00f8p\u00a0<a href=\"https:\/\/en.wikipedia.org\/wiki\/JWH-018\">JWH-018\u00a0<\/a>p\u00e5 nettet. JWH-018 er en produsert cannabinoid som finnes i forskjellige former for den hjemmedyrkede blandingen &#8220;Zest&#8221;. Den ulovlige bruken av denne Spice-cannabinoiden sentrerer seg rundt dens psykoaktive virkninger, som imiterer effekten av \u03949-THC i cannabis.<\/p>\n","protected":false},"featured_media":9207,"comment_status":"open","ping_status":"closed","template":"","meta":{"_acf_changed":false,"_monsterinsights_skip_tracking":false,"_monsterinsights_sitenote_active":false,"_monsterinsights_sitenote_note":"","_monsterinsights_sitenote_category":0},"product_brand":[],"product_cat":[53],"product_tag":[611,616,617,613,364,615,614,612],"class_list":{"0":"post-9202","1":"product","2":"type-product","3":"status-publish","4":"has-post-thumbnail","6":"product_cat-research-chemicals","7":"product_tag-99-renhet-jwh-018-online","8":"product_tag-bestill-jwh-018","9":"product_tag-bestill-jwh-018-online","10":"product_tag-hvordan-far-du-jwh-018","11":"product_tag-jwh-018","12":"product_tag-jwh-018-gateverdi","13":"product_tag-jwh-018-til-salgs","14":"product_tag-kjop-jwh-018-online","16":"first","17":"instock","18":"shipping-taxable","19":"purchasable","20":"product-type-variable","21":"has-default-attributes"},"acf":[],"yoast_head":"<!-- This site is optimized with the Yoast SEO plugin v27.2 - https:\/\/yoast.com\/product\/yoast-seo-wordpress\/ -->\n<title>JWH-018 pulver til salgs p\u00e5 nett | Global Meds Inc.<\/title>\n<meta name=\"description\" content=\"JWH-018 pulver til salgs p\u00e5 nett. Vi selger JWH-018-pulver av beste kvalitet. Kontakt oss gjerne for mer informasjon og priser.\" \/>\n<meta name=\"robots\" content=\"index, follow, max-snippet:-1, max-image-preview:large, max-video-preview:-1\" \/>\n<link rel=\"canonical\" href=\"https:\/\/globalmedsonlineinc.com\/no\/product\/research-chemicals\/jwh-018\/\" \/>\n<meta property=\"og:locale\" content=\"nn_NO\" \/>\n<meta property=\"og:type\" content=\"article\" \/>\n<meta property=\"og:title\" content=\"JWH-018 pulver til salgs p\u00e5 nett | Global Meds Inc.\" \/>\n<meta property=\"og:description\" content=\"JWH-018 pulver til salgs p\u00e5 nett. Vi selger JWH-018-pulver av beste kvalitet. Kontakt oss gjerne for mer informasjon og priser.\" \/>\n<meta property=\"og:url\" content=\"https:\/\/globalmedsonlineinc.com\/no\/product\/research-chemicals\/jwh-018\/\" \/>\n<meta property=\"og:site_name\" content=\"Global Meds Inc\" \/>\n<meta property=\"article:modified_time\" content=\"2024-02-21T10:32:38+00:00\" \/>\n<meta property=\"og:image\" content=\"https:\/\/globalmedsonlineinc.com\/no\/content\/media\/uploads\/sites\/10\/2021\/07\/Jwh018.jpg\" \/>\n\t<meta property=\"og:image:width\" content=\"1200\" \/>\n\t<meta property=\"og:image:height\" content=\"1200\" \/>\n\t<meta property=\"og:image:type\" content=\"image\/jpeg\" \/>\n<meta name=\"twitter:card\" content=\"summary_large_image\" \/>\n<meta name=\"twitter:label1\" content=\"Est. reading time\" \/>\n\t<meta name=\"twitter:data1\" content=\"4 minutt\" \/>\n<script type=\"application\/ld+json\" class=\"yoast-schema-graph\">{\"@context\":\"https:\/\/schema.org\",\"@graph\":[{\"@type\":\"WebPage\",\"@id\":\"https:\/\/globalmedsonlineinc.com\/no\/product\/research-chemicals\/jwh-018\/\",\"url\":\"https:\/\/globalmedsonlineinc.com\/no\/product\/research-chemicals\/jwh-018\/\",\"name\":\"JWH-018 pulver til salgs p\u00e5 nett | Global Meds Inc.\",\"isPartOf\":{\"@id\":\"https:\/\/globalmedsonlineinc.com\/no\/#website\"},\"primaryImageOfPage\":{\"@id\":\"https:\/\/globalmedsonlineinc.com\/no\/product\/research-chemicals\/jwh-018\/#primaryimage\"},\"image\":{\"@id\":\"https:\/\/globalmedsonlineinc.com\/no\/product\/research-chemicals\/jwh-018\/#primaryimage\"},\"thumbnailUrl\":\"https:\/\/globalmedsonlineinc.com\/no\/content\/media\/uploads\/sites\/10\/2021\/07\/Jwh018.jpg\",\"datePublished\":\"2021-07-02T20:53:43+00:00\",\"dateModified\":\"2024-02-21T10:32:38+00:00\",\"description\":\"JWH-018 pulver til salgs p\u00e5 nett. Vi selger JWH-018-pulver av beste kvalitet. Kontakt oss gjerne for mer informasjon og priser.\",\"breadcrumb\":{\"@id\":\"https:\/\/globalmedsonlineinc.com\/no\/product\/research-chemicals\/jwh-018\/#breadcrumb\"},\"inLanguage\":\"nn-NO\",\"potentialAction\":[{\"@type\":\"ReadAction\",\"target\":[\"https:\/\/globalmedsonlineinc.com\/no\/product\/research-chemicals\/jwh-018\/\"]}]},{\"@type\":\"ImageObject\",\"inLanguage\":\"nn-NO\",\"@id\":\"https:\/\/globalmedsonlineinc.com\/no\/product\/research-chemicals\/jwh-018\/#primaryimage\",\"url\":\"https:\/\/globalmedsonlineinc.com\/no\/content\/media\/uploads\/sites\/10\/2021\/07\/Jwh018.jpg\",\"contentUrl\":\"https:\/\/globalmedsonlineinc.com\/no\/content\/media\/uploads\/sites\/10\/2021\/07\/Jwh018.jpg\",\"width\":1200,\"height\":1200,\"caption\":\"JWH-018 pulver til salgs p\u00e5 nett\"},{\"@type\":\"BreadcrumbList\",\"@id\":\"https:\/\/globalmedsonlineinc.com\/no\/product\/research-chemicals\/jwh-018\/#breadcrumb\",\"itemListElement\":[{\"@type\":\"ListItem\",\"position\":1,\"name\":\"Home\",\"item\":\"https:\/\/globalmedsonlineinc.com\/no\/\"},{\"@type\":\"ListItem\",\"position\":2,\"name\":\"Produkter\",\"item\":\"https:\/\/globalmedsonlineinc.com\/no\/produkter\/\"},{\"@type\":\"ListItem\",\"position\":3,\"name\":\"Kj\u00f8p JWH-018 p\u00e5 nett\"}]},{\"@type\":\"WebSite\",\"@id\":\"https:\/\/globalmedsonlineinc.com\/no\/#website\",\"url\":\"https:\/\/globalmedsonlineinc.com\/no\/\",\"name\":\"Global Meds Inc\",\"description\":\"\",\"publisher\":{\"@id\":\"https:\/\/globalmedsonlineinc.com\/no\/#organization\"},\"potentialAction\":[{\"@type\":\"SearchAction\",\"target\":{\"@type\":\"EntryPoint\",\"urlTemplate\":\"https:\/\/globalmedsonlineinc.com\/no\/?s={search_term_string}\"},\"query-input\":{\"@type\":\"PropertyValueSpecification\",\"valueRequired\":true,\"valueName\":\"search_term_string\"}}],\"inLanguage\":\"nn-NO\"},{\"@type\":\"Organization\",\"@id\":\"https:\/\/globalmedsonlineinc.com\/no\/#organization\",\"name\":\"Global Meds Inc.\",\"url\":\"https:\/\/globalmedsonlineinc.com\/no\/\",\"logo\":{\"@type\":\"ImageObject\",\"inLanguage\":\"nn-NO\",\"@id\":\"https:\/\/globalmedsonlineinc.com\/no\/#\/schema\/logo\/image\/\",\"url\":\"https:\/\/globalmedsonlineinc.com\/no\/content\/media\/uploads\/sites\/10\/2021\/06\/globalmedsonlineincLogoShop20210630123730.00.png\",\"contentUrl\":\"https:\/\/globalmedsonlineinc.com\/no\/content\/media\/uploads\/sites\/10\/2021\/06\/globalmedsonlineincLogoShop20210630123730.00.png\",\"width\":450,\"height\":117,\"caption\":\"Global Meds Inc.\"},\"image\":{\"@id\":\"https:\/\/globalmedsonlineinc.com\/no\/#\/schema\/logo\/image\/\"}}]}<\/script>\n<!-- \/ Yoast SEO plugin. -->","yoast_head_json":{"title":"JWH-018 pulver til salgs p\u00e5 nett | Global Meds Inc.","description":"JWH-018 pulver til salgs p\u00e5 nett. Vi selger JWH-018-pulver av beste kvalitet. Kontakt oss gjerne for mer informasjon og priser.","robots":{"index":"index","follow":"follow","max-snippet":"max-snippet:-1","max-image-preview":"max-image-preview:large","max-video-preview":"max-video-preview:-1"},"canonical":"https:\/\/globalmedsonlineinc.com\/no\/product\/research-chemicals\/jwh-018\/","og_locale":"nn_NO","og_type":"article","og_title":"JWH-018 pulver til salgs p\u00e5 nett | Global Meds Inc.","og_description":"JWH-018 pulver til salgs p\u00e5 nett. Vi selger JWH-018-pulver av beste kvalitet. Kontakt oss gjerne for mer informasjon og priser.","og_url":"https:\/\/globalmedsonlineinc.com\/no\/product\/research-chemicals\/jwh-018\/","og_site_name":"Global Meds Inc","article_modified_time":"2024-02-21T10:32:38+00:00","og_image":[{"width":1200,"height":1200,"url":"https:\/\/globalmedsonlineinc.com\/no\/content\/media\/uploads\/sites\/10\/2021\/07\/Jwh018.jpg","type":"image\/jpeg"}],"twitter_card":"summary_large_image","twitter_misc":{"Est. reading time":"4 minutt"},"schema":{"@context":"https:\/\/schema.org","@graph":[{"@type":"WebPage","@id":"https:\/\/globalmedsonlineinc.com\/no\/product\/research-chemicals\/jwh-018\/","url":"https:\/\/globalmedsonlineinc.com\/no\/product\/research-chemicals\/jwh-018\/","name":"JWH-018 pulver til salgs p\u00e5 nett | Global Meds Inc.","isPartOf":{"@id":"https:\/\/globalmedsonlineinc.com\/no\/#website"},"primaryImageOfPage":{"@id":"https:\/\/globalmedsonlineinc.com\/no\/product\/research-chemicals\/jwh-018\/#primaryimage"},"image":{"@id":"https:\/\/globalmedsonlineinc.com\/no\/product\/research-chemicals\/jwh-018\/#primaryimage"},"thumbnailUrl":"https:\/\/globalmedsonlineinc.com\/no\/content\/media\/uploads\/sites\/10\/2021\/07\/Jwh018.jpg","datePublished":"2021-07-02T20:53:43+00:00","dateModified":"2024-02-21T10:32:38+00:00","description":"JWH-018 pulver til salgs p\u00e5 nett. Vi selger JWH-018-pulver av beste kvalitet. Kontakt oss gjerne for mer informasjon og priser.","breadcrumb":{"@id":"https:\/\/globalmedsonlineinc.com\/no\/product\/research-chemicals\/jwh-018\/#breadcrumb"},"inLanguage":"nn-NO","potentialAction":[{"@type":"ReadAction","target":["https:\/\/globalmedsonlineinc.com\/no\/product\/research-chemicals\/jwh-018\/"]}]},{"@type":"ImageObject","inLanguage":"nn-NO","@id":"https:\/\/globalmedsonlineinc.com\/no\/product\/research-chemicals\/jwh-018\/#primaryimage","url":"https:\/\/globalmedsonlineinc.com\/no\/content\/media\/uploads\/sites\/10\/2021\/07\/Jwh018.jpg","contentUrl":"https:\/\/globalmedsonlineinc.com\/no\/content\/media\/uploads\/sites\/10\/2021\/07\/Jwh018.jpg","width":1200,"height":1200,"caption":"JWH-018 pulver til salgs p\u00e5 nett"},{"@type":"BreadcrumbList","@id":"https:\/\/globalmedsonlineinc.com\/no\/product\/research-chemicals\/jwh-018\/#breadcrumb","itemListElement":[{"@type":"ListItem","position":1,"name":"Home","item":"https:\/\/globalmedsonlineinc.com\/no\/"},{"@type":"ListItem","position":2,"name":"Produkter","item":"https:\/\/globalmedsonlineinc.com\/no\/produkter\/"},{"@type":"ListItem","position":3,"name":"Kj\u00f8p JWH-018 p\u00e5 nett"}]},{"@type":"WebSite","@id":"https:\/\/globalmedsonlineinc.com\/no\/#website","url":"https:\/\/globalmedsonlineinc.com\/no\/","name":"Global Meds Inc","description":"","publisher":{"@id":"https:\/\/globalmedsonlineinc.com\/no\/#organization"},"potentialAction":[{"@type":"SearchAction","target":{"@type":"EntryPoint","urlTemplate":"https:\/\/globalmedsonlineinc.com\/no\/?s={search_term_string}"},"query-input":{"@type":"PropertyValueSpecification","valueRequired":true,"valueName":"search_term_string"}}],"inLanguage":"nn-NO"},{"@type":"Organization","@id":"https:\/\/globalmedsonlineinc.com\/no\/#organization","name":"Global Meds Inc.","url":"https:\/\/globalmedsonlineinc.com\/no\/","logo":{"@type":"ImageObject","inLanguage":"nn-NO","@id":"https:\/\/globalmedsonlineinc.com\/no\/#\/schema\/logo\/image\/","url":"https:\/\/globalmedsonlineinc.com\/no\/content\/media\/uploads\/sites\/10\/2021\/06\/globalmedsonlineincLogoShop20210630123730.00.png","contentUrl":"https:\/\/globalmedsonlineinc.com\/no\/content\/media\/uploads\/sites\/10\/2021\/06\/globalmedsonlineincLogoShop20210630123730.00.png","width":450,"height":117,"caption":"Global Meds Inc."},"image":{"@id":"https:\/\/globalmedsonlineinc.com\/no\/#\/schema\/logo\/image\/"}}]}},"_links":{"self":[{"href":"https:\/\/globalmedsonlineinc.com\/no\/wp-json\/wp\/v2\/product\/9202","targetHints":{"allow":["GET"]}}],"collection":[{"href":"https:\/\/globalmedsonlineinc.com\/no\/wp-json\/wp\/v2\/product"}],"about":[{"href":"https:\/\/globalmedsonlineinc.com\/no\/wp-json\/wp\/v2\/types\/product"}],"replies":[{"embeddable":true,"href":"https:\/\/globalmedsonlineinc.com\/no\/wp-json\/wp\/v2\/comments?post=9202"}],"wp:featuredmedia":[{"embeddable":true,"href":"https:\/\/globalmedsonlineinc.com\/no\/wp-json\/wp\/v2\/media\/9207"}],"wp:attachment":[{"href":"https:\/\/globalmedsonlineinc.com\/no\/wp-json\/wp\/v2\/media?parent=9202"}],"wp:term":[{"taxonomy":"product_brand","embeddable":true,"href":"https:\/\/globalmedsonlineinc.com\/no\/wp-json\/wp\/v2\/product_brand?post=9202"},{"taxonomy":"product_cat","embeddable":true,"href":"https:\/\/globalmedsonlineinc.com\/no\/wp-json\/wp\/v2\/product_cat?post=9202"},{"taxonomy":"product_tag","embeddable":true,"href":"https:\/\/globalmedsonlineinc.com\/no\/wp-json\/wp\/v2\/product_tag?post=9202"}],"curies":[{"name":"wp","href":"https:\/\/api.w.org\/{rel}","templated":true}]}}