{"id":9188,"date":"2021-07-02T20:30:30","date_gmt":"2021-07-02T20:30:30","guid":{"rendered":"https:\/\/globalmedsonlineinc.com\/no\/?post_type=product&#038;p=9188"},"modified":"2024-02-21T10:35:55","modified_gmt":"2024-02-21T10:35:55","slug":"methylone","status":"publish","type":"product","link":"https:\/\/globalmedsonlineinc.com\/no\/product\/research-chemicals\/methylone\/","title":{"rendered":"Kj\u00f8p Methylone online"},"content":{"rendered":"<h1 class=\"lRu31\" dir=\"ltr\"><span class=\"HwtZe\" lang=\"no\"><span class=\"jCAhz ChMk0b\"><span class=\"ryNqvb\">Metylonekrystall til salgs p\u00e5 nett<\/span><\/span><\/span><\/h1>\n<div id=\"ow9041\"><\/div>\n<div class=\"lRu31\" dir=\"ltr\"><span class=\"HwtZe\" lang=\"no\"><span class=\"jCAhz ChMk0b\"><span class=\"ryNqvb\">Metylonekrystall til salgs p\u00e5 nett. <\/span><\/span><\/span><span style=\"font-size: 1rem\">Kj\u00f8p billig metylon (Bk-MDMA) p\u00e5 nettet \u2013 Globalt stoff Vi tilbyr billig Bk-MDMA-pulver og <\/span><em style=\"font-size: 1rem\">krystaller<\/em><span style=\"font-size: 1rem\">\u00a0i Storbritannia,<\/span><\/div>\n<p>Europa, Tyskland, Russland, USA som med meget h\u00f8y kvalitet.<\/p>\n<p>Etylon\u00a0<em>Crystal<\/em>\u00a0BK-ebdp 4-CMC\u00a0<em>Crystal<\/em>\u00a03-CMC\u00a0<em>Crystal<\/em>\u00a04CMC\u00a0<em>Crystal<\/em>\u00a04-BMC,\u00a0<em> krystall<\/em>\u00a0Mephedrone 4mmc MDPV\u00a0<em>Methylone<\/em>\u00a0(bk-MDMA)<\/p>\n<p>Metylon er et kjemisk medikament som i struktur ligner mye p\u00e5 MDMA og har sammenlignbare effekter.<\/p>\n<p>Metylon er et sentralstimulerende middel med en mild hallusinogene effekt. Fordi det er et relativt nytt stoff, kalles det et forskningskjemikalie. Det anbefales \u00e5 behandle metylon med forsiktighet: p\u00e5 grunn av dets korte eksistens har det ikke blitt utf\u00f8rt mye forskning og ikke mye er kjent om langtidseffekter eller avhengighetsrater.<\/p>\n<p>Vanligvis tilbys det som pulver, men piller er ogs\u00e5 i oml\u00f8p. Som med XTC kan disse tablettene variere i st\u00f8rrelse, farge og styrke.<\/p>\n<p>Metylon kan kj\u00f8pes fra\u00a0First Trust Chemical\u00a0i en av tre\u00a0former: store krystaller (v\u00e5r mest popul\u00e6re), fint farmas\u00f8ytisk pulver eller sm\u00e5 krystaller. Vennligst se v\u00e5r liste over andre fine produkter tilgjengelig for deg n\u00e5. First Trust Chemical er din leverand\u00f8r av h\u00f8ykvalitetsprodukter, og du kan kj\u00f8pe n\u00e5.<\/p>\n<h6>KONTOEN DIN VIL BLI BEHANDLET MED FORSIKTIGHET FOR \u00c5 KJ\u00d8PE METHYLONE<\/h6>\n<p>Alle salgshenvendelser holdes konfidensielt. N\u00e5r du blir kunde, blir kontoinformasjonen din aldri delt eller distribuert. Vi kan stille deg sp\u00f8rsm\u00e5l f\u00f8r vi fortsetter med salget du ber om, men dette er for din egen sikkerhet. First Trust Chemical \u00f8nsker \u00e5 v\u00e6re kjent for ikke annet enn h\u00f8y kvalitet og kundetilfredshet.<\/p>\n<p>N\u00e5r kj\u00f8pet er godkjent av First Trust Chemical \u00e5 kj\u00f8pe. Din levering er garantert. Vi vil ikke love salg av noen ordre som vi ikke kan levere.<\/p>\n<p>Metylon er et kjemisk medikament som i struktur er veldig likt MDMA og har sammenlignbare effekter. det er et sentralstimulerende middel med en mild hallusinogene effekt. Fordi det er et relativt nytt stoff, kalles det et forskningskjemikalie. Det anbefales \u00e5 behandle metylon med forsiktighet: p\u00e5 grunn av dets korte eksistens har det ikke blitt utf\u00f8rt mye forskning og ikke mye er kjent om langtidseffekter eller avhengighetsrater.<\/p>\n<p>Vanligvis tilbys det som pulver, men piller er ogs\u00e5 i <a href=\"https:\/\/en.wikipedia.org\/wiki\/Methylone\">sirkulasjon<\/a>. Som med XTC kan disse tablettene variere i st\u00f8rrelse, farge og styrke.<\/p>\n<p>Methylone av god kvalitet p\u00e5 nettet: Det er fullstendig forst\u00e5tt at folk ikke raskt stoler p\u00e5 kvaliteten p\u00e5 Methylone online som selges p\u00e5 nettet fordi de ikke kan unders\u00f8ke det fysisk. Men det er ikke det samme med Online Methylone-nettleverand\u00f8rer. Produktene her er tro mot beskrivelsen med vedlikehold av h\u00f8y kvalitet utf\u00f8rt under tilsyn av eksperter.<\/p>\n<p>Rask &amp; Diskret frakt: Levering av Methylone online etter \u00e5 ha mottatt bestillingen gj\u00f8res innen den lovede tidsrammen. Fraktteamet legger all sin innsats i \u00e5 gj\u00f8re frakt- og leveringsprosedyren jevn og rask. Du kan ogs\u00e5 forvente utmerkede tjenester n\u00e5r du kj\u00f8per Methylone online fra profesjonelle p\u00e5 nettplattformen.<\/p>\n","protected":false},"excerpt":{"rendered":"<p>Metylon er et sentralstimulerende middel med en mild hallusinogene effekt. Fordi det er et relativt nytt stoff, kalles det et forskningskjemikalie. Det anbefales \u00e5 behandle metylon med forsiktighet: p\u00e5 grunn av dets korte eksistens har det ikke blitt utf\u00f8rt mye forskning og ikke mye er kjent om langtidseffekter eller avhengighetsrater.<\/p>\n","protected":false},"featured_media":9195,"comment_status":"open","ping_status":"closed","template":"","meta":{"_acf_changed":false,"_monsterinsights_skip_tracking":false,"_monsterinsights_sitenote_active":false,"_monsterinsights_sitenote_note":"","_monsterinsights_sitenote_category":0},"product_brand":[],"product_cat":[53],"product_tag":[626,627,624,623,350,625],"class_list":{"0":"post-9188","1":"product","2":"type-product","3":"status-publish","4":"has-post-thumbnail","6":"product_cat-research-chemicals","7":"product_tag-bestill-methylone-online","8":"product_tag-hvor-kan-du-kjope-methylone-online","9":"product_tag-hvordan-kjope-methylone-online","10":"product_tag-kjop-methylone-online","11":"product_tag-methylone","12":"product_tag-methylone-til-salgs","14":"first","15":"instock","16":"shipping-taxable","17":"purchasable","18":"product-type-variable","19":"has-default-attributes"},"acf":[],"yoast_head":"<!-- This site is optimized with the Yoast SEO plugin v27.2 - https:\/\/yoast.com\/product\/yoast-seo-wordpress\/ -->\n<title>Metylonekrystall til salgs p\u00e5 nett | Global Meds Inc.<\/title>\n<meta name=\"description\" content=\"Metylonekrystall til salgs p\u00e5 nett. Vi selger metylonkrystall av beste kvalitet. Kontakt oss gjerne for mer informasjon og priser.\" \/>\n<meta name=\"robots\" content=\"index, follow, max-snippet:-1, max-image-preview:large, max-video-preview:-1\" \/>\n<link rel=\"canonical\" href=\"https:\/\/globalmedsonlineinc.com\/no\/product\/research-chemicals\/methylone\/\" \/>\n<meta property=\"og:locale\" content=\"nn_NO\" \/>\n<meta property=\"og:type\" content=\"article\" \/>\n<meta property=\"og:title\" content=\"Metylonekrystall til salgs p\u00e5 nett | Global Meds Inc.\" \/>\n<meta property=\"og:description\" content=\"Metylonekrystall til salgs p\u00e5 nett. Vi selger metylonkrystall av beste kvalitet. Kontakt oss gjerne for mer informasjon og priser.\" \/>\n<meta property=\"og:url\" content=\"https:\/\/globalmedsonlineinc.com\/no\/product\/research-chemicals\/methylone\/\" \/>\n<meta property=\"og:site_name\" content=\"Global Meds Inc\" \/>\n<meta property=\"article:modified_time\" content=\"2024-02-21T10:35:55+00:00\" \/>\n<meta property=\"og:image\" content=\"https:\/\/globalmedsonlineinc.com\/no\/content\/media\/uploads\/sites\/10\/2021\/07\/Buy-METHYLONE-CRYSTAL.jpg\" \/>\n\t<meta property=\"og:image:width\" content=\"1200\" \/>\n\t<meta property=\"og:image:height\" content=\"1200\" \/>\n\t<meta property=\"og:image:type\" content=\"image\/jpeg\" \/>\n<meta name=\"twitter:card\" content=\"summary_large_image\" \/>\n<meta name=\"twitter:label1\" content=\"Est. reading time\" \/>\n\t<meta name=\"twitter:data1\" content=\"3 minutt\" \/>\n<script type=\"application\/ld+json\" class=\"yoast-schema-graph\">{\"@context\":\"https:\/\/schema.org\",\"@graph\":[{\"@type\":\"WebPage\",\"@id\":\"https:\/\/globalmedsonlineinc.com\/no\/product\/research-chemicals\/methylone\/\",\"url\":\"https:\/\/globalmedsonlineinc.com\/no\/product\/research-chemicals\/methylone\/\",\"name\":\"Metylonekrystall til salgs p\u00e5 nett | Global Meds Inc.\",\"isPartOf\":{\"@id\":\"https:\/\/globalmedsonlineinc.com\/no\/#website\"},\"primaryImageOfPage\":{\"@id\":\"https:\/\/globalmedsonlineinc.com\/no\/product\/research-chemicals\/methylone\/#primaryimage\"},\"image\":{\"@id\":\"https:\/\/globalmedsonlineinc.com\/no\/product\/research-chemicals\/methylone\/#primaryimage\"},\"thumbnailUrl\":\"https:\/\/globalmedsonlineinc.com\/no\/content\/media\/uploads\/sites\/10\/2021\/07\/Buy-METHYLONE-CRYSTAL.jpg\",\"datePublished\":\"2021-07-02T20:30:30+00:00\",\"dateModified\":\"2024-02-21T10:35:55+00:00\",\"description\":\"Metylonekrystall til salgs p\u00e5 nett. Vi selger metylonkrystall av beste kvalitet. Kontakt oss gjerne for mer informasjon og priser.\",\"breadcrumb\":{\"@id\":\"https:\/\/globalmedsonlineinc.com\/no\/product\/research-chemicals\/methylone\/#breadcrumb\"},\"inLanguage\":\"nn-NO\",\"potentialAction\":[{\"@type\":\"ReadAction\",\"target\":[\"https:\/\/globalmedsonlineinc.com\/no\/product\/research-chemicals\/methylone\/\"]}]},{\"@type\":\"ImageObject\",\"inLanguage\":\"nn-NO\",\"@id\":\"https:\/\/globalmedsonlineinc.com\/no\/product\/research-chemicals\/methylone\/#primaryimage\",\"url\":\"https:\/\/globalmedsonlineinc.com\/no\/content\/media\/uploads\/sites\/10\/2021\/07\/Buy-METHYLONE-CRYSTAL.jpg\",\"contentUrl\":\"https:\/\/globalmedsonlineinc.com\/no\/content\/media\/uploads\/sites\/10\/2021\/07\/Buy-METHYLONE-CRYSTAL.jpg\",\"width\":1200,\"height\":1200,\"caption\":\"Metylonekrystall til salgs p\u00e5 nett\"},{\"@type\":\"BreadcrumbList\",\"@id\":\"https:\/\/globalmedsonlineinc.com\/no\/product\/research-chemicals\/methylone\/#breadcrumb\",\"itemListElement\":[{\"@type\":\"ListItem\",\"position\":1,\"name\":\"Home\",\"item\":\"https:\/\/globalmedsonlineinc.com\/no\/\"},{\"@type\":\"ListItem\",\"position\":2,\"name\":\"Produkter\",\"item\":\"https:\/\/globalmedsonlineinc.com\/no\/produkter\/\"},{\"@type\":\"ListItem\",\"position\":3,\"name\":\"Kj\u00f8p Methylone online\"}]},{\"@type\":\"WebSite\",\"@id\":\"https:\/\/globalmedsonlineinc.com\/no\/#website\",\"url\":\"https:\/\/globalmedsonlineinc.com\/no\/\",\"name\":\"Global Meds Inc\",\"description\":\"\",\"publisher\":{\"@id\":\"https:\/\/globalmedsonlineinc.com\/no\/#organization\"},\"potentialAction\":[{\"@type\":\"SearchAction\",\"target\":{\"@type\":\"EntryPoint\",\"urlTemplate\":\"https:\/\/globalmedsonlineinc.com\/no\/?s={search_term_string}\"},\"query-input\":{\"@type\":\"PropertyValueSpecification\",\"valueRequired\":true,\"valueName\":\"search_term_string\"}}],\"inLanguage\":\"nn-NO\"},{\"@type\":\"Organization\",\"@id\":\"https:\/\/globalmedsonlineinc.com\/no\/#organization\",\"name\":\"Global Meds Inc.\",\"url\":\"https:\/\/globalmedsonlineinc.com\/no\/\",\"logo\":{\"@type\":\"ImageObject\",\"inLanguage\":\"nn-NO\",\"@id\":\"https:\/\/globalmedsonlineinc.com\/no\/#\/schema\/logo\/image\/\",\"url\":\"https:\/\/globalmedsonlineinc.com\/no\/content\/media\/uploads\/sites\/10\/2021\/06\/globalmedsonlineincLogoShop20210630123730.00.png\",\"contentUrl\":\"https:\/\/globalmedsonlineinc.com\/no\/content\/media\/uploads\/sites\/10\/2021\/06\/globalmedsonlineincLogoShop20210630123730.00.png\",\"width\":450,\"height\":117,\"caption\":\"Global Meds Inc.\"},\"image\":{\"@id\":\"https:\/\/globalmedsonlineinc.com\/no\/#\/schema\/logo\/image\/\"}}]}<\/script>\n<!-- \/ Yoast SEO plugin. -->","yoast_head_json":{"title":"Metylonekrystall til salgs p\u00e5 nett | Global Meds Inc.","description":"Metylonekrystall til salgs p\u00e5 nett. Vi selger metylonkrystall av beste kvalitet. Kontakt oss gjerne for mer informasjon og priser.","robots":{"index":"index","follow":"follow","max-snippet":"max-snippet:-1","max-image-preview":"max-image-preview:large","max-video-preview":"max-video-preview:-1"},"canonical":"https:\/\/globalmedsonlineinc.com\/no\/product\/research-chemicals\/methylone\/","og_locale":"nn_NO","og_type":"article","og_title":"Metylonekrystall til salgs p\u00e5 nett | Global Meds Inc.","og_description":"Metylonekrystall til salgs p\u00e5 nett. Vi selger metylonkrystall av beste kvalitet. Kontakt oss gjerne for mer informasjon og priser.","og_url":"https:\/\/globalmedsonlineinc.com\/no\/product\/research-chemicals\/methylone\/","og_site_name":"Global Meds Inc","article_modified_time":"2024-02-21T10:35:55+00:00","og_image":[{"width":1200,"height":1200,"url":"https:\/\/globalmedsonlineinc.com\/no\/content\/media\/uploads\/sites\/10\/2021\/07\/Buy-METHYLONE-CRYSTAL.jpg","type":"image\/jpeg"}],"twitter_card":"summary_large_image","twitter_misc":{"Est. reading time":"3 minutt"},"schema":{"@context":"https:\/\/schema.org","@graph":[{"@type":"WebPage","@id":"https:\/\/globalmedsonlineinc.com\/no\/product\/research-chemicals\/methylone\/","url":"https:\/\/globalmedsonlineinc.com\/no\/product\/research-chemicals\/methylone\/","name":"Metylonekrystall til salgs p\u00e5 nett | Global Meds Inc.","isPartOf":{"@id":"https:\/\/globalmedsonlineinc.com\/no\/#website"},"primaryImageOfPage":{"@id":"https:\/\/globalmedsonlineinc.com\/no\/product\/research-chemicals\/methylone\/#primaryimage"},"image":{"@id":"https:\/\/globalmedsonlineinc.com\/no\/product\/research-chemicals\/methylone\/#primaryimage"},"thumbnailUrl":"https:\/\/globalmedsonlineinc.com\/no\/content\/media\/uploads\/sites\/10\/2021\/07\/Buy-METHYLONE-CRYSTAL.jpg","datePublished":"2021-07-02T20:30:30+00:00","dateModified":"2024-02-21T10:35:55+00:00","description":"Metylonekrystall til salgs p\u00e5 nett. Vi selger metylonkrystall av beste kvalitet. Kontakt oss gjerne for mer informasjon og priser.","breadcrumb":{"@id":"https:\/\/globalmedsonlineinc.com\/no\/product\/research-chemicals\/methylone\/#breadcrumb"},"inLanguage":"nn-NO","potentialAction":[{"@type":"ReadAction","target":["https:\/\/globalmedsonlineinc.com\/no\/product\/research-chemicals\/methylone\/"]}]},{"@type":"ImageObject","inLanguage":"nn-NO","@id":"https:\/\/globalmedsonlineinc.com\/no\/product\/research-chemicals\/methylone\/#primaryimage","url":"https:\/\/globalmedsonlineinc.com\/no\/content\/media\/uploads\/sites\/10\/2021\/07\/Buy-METHYLONE-CRYSTAL.jpg","contentUrl":"https:\/\/globalmedsonlineinc.com\/no\/content\/media\/uploads\/sites\/10\/2021\/07\/Buy-METHYLONE-CRYSTAL.jpg","width":1200,"height":1200,"caption":"Metylonekrystall til salgs p\u00e5 nett"},{"@type":"BreadcrumbList","@id":"https:\/\/globalmedsonlineinc.com\/no\/product\/research-chemicals\/methylone\/#breadcrumb","itemListElement":[{"@type":"ListItem","position":1,"name":"Home","item":"https:\/\/globalmedsonlineinc.com\/no\/"},{"@type":"ListItem","position":2,"name":"Produkter","item":"https:\/\/globalmedsonlineinc.com\/no\/produkter\/"},{"@type":"ListItem","position":3,"name":"Kj\u00f8p Methylone online"}]},{"@type":"WebSite","@id":"https:\/\/globalmedsonlineinc.com\/no\/#website","url":"https:\/\/globalmedsonlineinc.com\/no\/","name":"Global Meds Inc","description":"","publisher":{"@id":"https:\/\/globalmedsonlineinc.com\/no\/#organization"},"potentialAction":[{"@type":"SearchAction","target":{"@type":"EntryPoint","urlTemplate":"https:\/\/globalmedsonlineinc.com\/no\/?s={search_term_string}"},"query-input":{"@type":"PropertyValueSpecification","valueRequired":true,"valueName":"search_term_string"}}],"inLanguage":"nn-NO"},{"@type":"Organization","@id":"https:\/\/globalmedsonlineinc.com\/no\/#organization","name":"Global Meds Inc.","url":"https:\/\/globalmedsonlineinc.com\/no\/","logo":{"@type":"ImageObject","inLanguage":"nn-NO","@id":"https:\/\/globalmedsonlineinc.com\/no\/#\/schema\/logo\/image\/","url":"https:\/\/globalmedsonlineinc.com\/no\/content\/media\/uploads\/sites\/10\/2021\/06\/globalmedsonlineincLogoShop20210630123730.00.png","contentUrl":"https:\/\/globalmedsonlineinc.com\/no\/content\/media\/uploads\/sites\/10\/2021\/06\/globalmedsonlineincLogoShop20210630123730.00.png","width":450,"height":117,"caption":"Global Meds Inc."},"image":{"@id":"https:\/\/globalmedsonlineinc.com\/no\/#\/schema\/logo\/image\/"}}]}},"_links":{"self":[{"href":"https:\/\/globalmedsonlineinc.com\/no\/wp-json\/wp\/v2\/product\/9188","targetHints":{"allow":["GET"]}}],"collection":[{"href":"https:\/\/globalmedsonlineinc.com\/no\/wp-json\/wp\/v2\/product"}],"about":[{"href":"https:\/\/globalmedsonlineinc.com\/no\/wp-json\/wp\/v2\/types\/product"}],"replies":[{"embeddable":true,"href":"https:\/\/globalmedsonlineinc.com\/no\/wp-json\/wp\/v2\/comments?post=9188"}],"wp:featuredmedia":[{"embeddable":true,"href":"https:\/\/globalmedsonlineinc.com\/no\/wp-json\/wp\/v2\/media\/9195"}],"wp:attachment":[{"href":"https:\/\/globalmedsonlineinc.com\/no\/wp-json\/wp\/v2\/media?parent=9188"}],"wp:term":[{"taxonomy":"product_brand","embeddable":true,"href":"https:\/\/globalmedsonlineinc.com\/no\/wp-json\/wp\/v2\/product_brand?post=9188"},{"taxonomy":"product_cat","embeddable":true,"href":"https:\/\/globalmedsonlineinc.com\/no\/wp-json\/wp\/v2\/product_cat?post=9188"},{"taxonomy":"product_tag","embeddable":true,"href":"https:\/\/globalmedsonlineinc.com\/no\/wp-json\/wp\/v2\/product_tag?post=9188"}],"curies":[{"name":"wp","href":"https:\/\/api.w.org\/{rel}","templated":true}]}}