{"id":9180,"date":"2021-07-02T20:17:48","date_gmt":"2021-07-02T20:17:48","guid":{"rendered":"https:\/\/globalmedsonlineinc.com\/no\/?post_type=product&#038;p=9180"},"modified":"2024-02-21T10:39:18","modified_gmt":"2024-02-21T10:39:18","slug":"ketamine","status":"publish","type":"product","link":"https:\/\/globalmedsonlineinc.com\/no\/product\/research-chemicals\/ketamine\/","title":{"rendered":"Kj\u00f8p ketamin p\u00e5 nett"},"content":{"rendered":"<h1 class=\"lRu31\" dir=\"ltr\"><span class=\"HwtZe\" lang=\"no\"><span class=\"jCAhz ChMk0b\"><span class=\"ryNqvb\">Ketamininjeksjon til salgs p\u00e5 nett<\/span><\/span><\/span><\/h1>\n<div dir=\"ltr\"><\/div>\n<div class=\"lRu31\" dir=\"ltr\"><a href=\"https:\/\/globalmedsonlineinc.com\/no\/product\/research-chemicals\/ketamine\/\"><span class=\"HwtZe\" lang=\"no\"><span class=\"jCAhz ChMk0b\"><span class=\"ryNqvb\">Ketamininjeksjon til salgs p\u00e5 nett<\/span><\/span><\/span><\/a><span style=\"font-size: 1rem\">; ketamin har det solgte merkenavnet Ketalar. Ketalarmedisin er for det meste brukt til \u00e5 tilgi og ta vare p\u00e5 anestesi. det brukes ogs\u00e5 for hjelp med ubehag og hukommelsesulykke. Det er i tillegg innlemme av evig pine og <a href=\"https:\/\/no.wikipedia.org\/wiki\/Efedrin\">for<\/a> sedasjon i konsentrert vurdering. Hjertearbeid, pust og flyrutereflekser forblir for det meste praktiske under eiendelene.<\/span><\/div>\n<h6>ketamin til salgs<\/h6>\n<p>P\u00e5virkningene starter knapt innen 5 minutter n\u00e5r infusjonen gis, med de grunnleggende p\u00e5virkningene som varer i opptil tjuefem minutter. Den har regelmessige symptomer som er mentale reaksjoner ettersom resepten er av. reaksjoner kan v\u00e6re forstyrrelser, forvirring, mentale trips, sirkulasjonsbelastninger og muskelskjelvinger.<\/p>\n<h6>Kj\u00f8p lovlig ketamin p\u00e5 nett<\/h6>\n<p>H\u00f8yere doser kan gi stadig mer alvorlige p\u00e5virkninger, med klienter som beskriver total og uttrykkelig separasjon fra kroppen. Virkningene er som de som er fremstilt av personer som har hatt n\u00e6re d\u00f8dsm\u00f8ter, og det er avbildet som i \u00abK-\u00e5pningen\u00bb.<\/p>\n<h6>Flytende ketamin til salgs<\/h6>\n<p>ketamin vil bli brukt for postoperativ smerte hos lederne. Lave m\u00e5linger av ketamin kan redusere morfinbruk, sykdom og hevelse etter en medisinsk prosedyre. Derfor, lave m\u00e5linger av ketamin brukt i behandlingen av kompleks provinsiell pinelidelse.<\/p>\n<h6>ketamin HCL-pulver til salgs<\/h6>\n<p>Ketamin brukes til: Fremkalle anestesi (frav\u00e6r av f\u00f8lelse eller f\u00f8lelse) f\u00f8r en medisinsk prosedyre eller visse metoder. Dermed krever det ikke ketaminklinikker for \u00e5 slappe av skjelettmuskulaturen. Det kan ogs\u00e5 brukes til forskjellige tilstander som kontrolleres av din prim\u00e6rlege. Ketamin er et beroligende middel. Det fungerer i storhjernen for \u00e5 begrense vanskelige opplevelser ved \u00e5 kj\u00f8pe ketamin lovlig.<\/p>\n<h6>Kj\u00f8p ketamin lovlig p\u00e5 nett<\/h6>\n<p>Den prim\u00e6re f\u00f8lelsen av h\u00f8y klienten vil f\u00e5 en forbl\u00f8ffende f\u00f8lelse av \u00e5 slappe av, en gang i blant avbildet full-body buzz intranasal ketamin. Noen f\u00e5 kunder f\u00f8ler at de glir, og noen beskriver det til og med som \u00e5 v\u00e6re ute av kroppen. Mange opplever r\u00f8rdr\u00f8mmer som kan vare lenger enn de soporiske p\u00e5virkningene. Derfor, \u00e5 vite hvor lenge varer ketamin med ketamininfusjon.<\/p>\n<h6>Hvor kan man kj\u00f8pe ketamin p\u00e5 nett<\/h6>\n<p>Ketamin (Ketalar)-pulver\u00a0produserer en\u00a0brutt h\u00f8y\u00a0som varer i omtrent 60 minutter. Det begynner rundt 2 til 5 minutter etter at porsjonen er r\u00f8kt eller slukt. Med infusjon skjer det rundt 30 sekunder etter at infusjonen har skjedd.<\/p>\n<h6>Kj\u00f8p ketamin online uten l\u00f8sning<\/h6>\n<p>Den viktigste f\u00f8lelsen av det h\u00f8ye klienten vil f\u00e5 en overveldende f\u00f8lelse av \u00e5 slappe av, i noen tilfeller portrettert helkroppssumming. Noen f\u00e5 kunder f\u00f8ler at de glir, og noen beskriver det til og med som \u00e5 v\u00e6re ute av kroppen. Mange opplever visualiseringer som kan vare lenger enn de soporiske innvirkningene p\u00e5 ketamindepresjon.<\/p>\n<p>Den mest diskrete butikken p\u00e5 nettet, du kan kj\u00f8pe\u00a0jwh 122 p\u00e5 nettet,\u00a0kj\u00f8pe jwh 018 p\u00e5 nettet,\u00a0kj\u00f8pe Nembutal p\u00e5 nettet,\u00a0kj\u00f8pe ketamin p\u00e5 nettet,\u00a0kj\u00f8pe Nembutal Sodium Pentobarbital,\u00a0KJ\u00d8P TUSSIONEX HOSTESIRUP P\u00c5 NETT,\u00a0Kj\u00f8p Actimmune Online,\u00a0Kj\u00f8p\u00a0Cinry online,\u00a0Kj\u00f8p\u00a0Cinry online Kj\u00f8p kokain p\u00e5 nett,\u00a0kj\u00f8p heroin p\u00e5 nett,\u00a0kj\u00f8p lsd p\u00e5 nettet,\u00a0kj\u00f8p LSD-tabletter p\u00e5 nettet,\u00a0kj\u00f8p roxikodon p\u00e5 nettet,\u00a0kj\u00f8p fenazepam,\u00a0kj\u00f8p MDPV p\u00e5 nettet,\u00a0kj\u00f8p A-PVP-krystaller,\u00a0kj\u00f8p JWH-200,\u00a0kj\u00f8p Dilaudid online,\u00a0con,\u00a0Buyer alloxy online,\u00a0tin Buyer alloxy Kj\u00f8p Xanax online,\u00a0kj\u00f8p vicodin p\u00e5 nettet,\u00a0kj\u00f8p mephedrone online,\u00a0kj\u00f8p Pure Crystal Meth Online,\u00a0kj\u00f8p fentanyl p\u00e5 nettet<\/p>\n<h6>ketaminpiller til salgs<\/h6>\n<p>H\u00f8yere doser kan gi stadig mer ekstreme p\u00e5virkninger, med klienter som kunngj\u00f8r total og uttrykkelig separasjon fra kroppen. Virkningene er som de som er fremstilt av individer som har hatt n\u00e6re d\u00f8dsm\u00f8ter, og avbildet i &#8220;K-gap&#8221; ketamin for angst.<\/p>\n<h6>Kj\u00f8p ketaminpulver p\u00e5 nettet<\/h6>\n<p>Ketamin (Ketalar) Pulver har \u00e5penbart reaksjoner, og disse kan v\u00e6re sv\u00e6rt betydelige. \u00d8yeblikkelige reaksjoner inkluderer forferdelige mentale turer. P\u00e5 samme m\u00e5te med hver eneste psykotrope medisin. Derfor er forn\u00f8yelsen med den mentale turen avhengig av klientens perspektiv. S\u00e5ledes, hvis klienten pr\u00f8ver \u00e5 unnslippe motl\u00f8shet. Derfor kommer fantasiene sannsynligvis til \u00e5 bli ubehagelige. Ketamin (Ketalar) pulver<\/p>\n<h6>Hvor kan du kj\u00f8pe ketamin<\/h6>\n<p>Normalt inkluderer bivirkningene forvirring og generell forvirring p\u00e5 grunn av medisinens beroligende natur. S\u00f8vnighet, utvidet puls, \u00f8kt sirkulasjonsbelastning med ketamininjeksjon.<\/p>\n<h6>Kj\u00f8p ketaminpulver p\u00e5 nett<\/h6>\n<p>Ketamin (Ketalar) Powder produserer en br\u00e5 h\u00f8y som <a href=\"https:\/\/en.wikipedia.org\/wiki\/Ketamine\">fortsetter<\/a> i omtrent 60 minutter. Det begynner rundt 2 til 5 minutter etter at porsjonen er r\u00f8kt eller slukt. Ketaminkrem kj\u00f8p online, med infusjon, det skjer rundt 30 sekunder etter at infusjonen har skjedd lovlig ketaminkj\u00f8p.<\/p>\n<h6>Kj\u00f8p flytende ketamin<\/h6>\n<p>Enorme doser av ketamin (Ketalar)-pulver kan f\u00f8re til det noen viser som &#8220;K-\u00e5pningen&#8221;, som kan inkludere seri\u00f8se og ubehagelige visuelle og lydrelaterte visualiseringer kombinert med stemplet derealisering og en oppsiktsvekkende adskillelse fra den virkelige verden.<\/p>\n<h6>Hvordan kj\u00f8pe ketamin p\u00e5 nettet<\/h6>\n<p>Kanskje mer intenst problematisk, Ketamin (Ketalar) Powder-brukere kan likeledes bevege seg mot \u00e5 bli ganske kvalm. Hvis dette utvikler seg til oppkast, kan det v\u00e6re eksepsjonelt farlig, som de som er midt i tilstanden med adskilt uorden like ofte. Dermed kan det ende opp med \u00e5 ligge &#8211; med en reell kvelende risiko. (Ketalar) Pulver, ta en pause i et minutt for \u00e5 brette dem p\u00e5 siden eller inn i rekreasjonsposisjonen hvis det er mulig for \u00e5 forhindre at dette skjer. Ring 911 umiddelbart for \u00e5 f\u00e5 krisemedisin hvor kan jeg kj\u00f8pe ketamin onlile.<\/p>\n<p>Ketamin av god kvalitet p\u00e5 nettet: Det er fullstendig forst\u00e5tt at folk ikke raskt stoler p\u00e5 kvaliteten p\u00e5 ketamin som selges p\u00e5 nettet fordi de ikke kan unders\u00f8ke det fysisk. Men det er ikke det samme med Online Ketamine online leverand\u00f8rer. Produktene her er tro mot beskrivelsen med vedlikehold av h\u00f8y kvalitet utf\u00f8rt under tilsyn av eksperter.<\/p>\n<p>Rask &amp; Diskret frakt: Leveringen av Ketamine p\u00e5 nettet etter \u00e5 ha mottatt bestillingen skjer innenfor den lovede tidsrammen. Fraktteamet legger all sin innsats i \u00e5 gj\u00f8re frakt- og leveringsprosedyren jevn og rask. Du kan ogs\u00e5 forvente utmerkede tjenester n\u00e5r du kj\u00f8per Ketamine online fra profesjonelle p\u00e5 nettplattformen.<\/p>\n","protected":false},"excerpt":{"rendered":"<p>Ketamin har vist seg \u00e5 v\u00e6re tilstrekkelig til \u00e5 behandle motl\u00f8shet hos pasienter med bipolare problemer som ikke har respondert p\u00e5 antidepressiva.<\/p>\n","protected":false},"featured_media":9181,"comment_status":"open","ping_status":"closed","template":"","meta":{"_acf_changed":false,"_monsterinsights_skip_tracking":false,"_monsterinsights_sitenote_active":false,"_monsterinsights_sitenote_note":"","_monsterinsights_sitenote_category":0},"product_brand":[],"product_cat":[53],"product_tag":[498,499,500,496,497,495],"class_list":{"0":"post-9180","1":"product","2":"type-product","3":"status-publish","4":"has-post-thumbnail","6":"product_cat-research-chemicals","7":"product_tag-bestill-ketamin-hcl-online","8":"product_tag-det-beste-stedet-a-kjope-ketamin-hcl-online","9":"product_tag-hvor-kan-man-kjope-ketamin-hcl-online","10":"product_tag-hvordan-kjope-ketamin-hcl-online","11":"product_tag-ketamin-hcl-til-salgs","12":"product_tag-kjop-ketamin-hcl-online","14":"first","15":"instock","16":"featured","17":"shipping-taxable","18":"purchasable","19":"product-type-variable","20":"has-default-attributes"},"acf":[],"yoast_head":"<!-- This site is optimized with the Yoast SEO plugin v27.2 - https:\/\/yoast.com\/product\/yoast-seo-wordpress\/ -->\n<title>Ketamininjeksjon til salgs p\u00e5 nett | Global Meds Inc.<\/title>\n<meta name=\"description\" content=\"Ketamininjeksjon til salgs p\u00e5 nett. Vi selger ketamininjeksjon av beste kvalitet. Kontakt oss gjerne for mer informasjon og priser.\" \/>\n<meta name=\"robots\" content=\"index, follow, max-snippet:-1, max-image-preview:large, max-video-preview:-1\" \/>\n<link rel=\"canonical\" href=\"https:\/\/globalmedsonlineinc.com\/no\/product\/research-chemicals\/ketamine\/\" \/>\n<meta property=\"og:locale\" content=\"nn_NO\" \/>\n<meta property=\"og:type\" content=\"article\" \/>\n<meta property=\"og:title\" content=\"Ketamininjeksjon til salgs p\u00e5 nett | Global Meds Inc.\" \/>\n<meta property=\"og:description\" content=\"Ketamininjeksjon til salgs p\u00e5 nett. Vi selger ketamininjeksjon av beste kvalitet. Kontakt oss gjerne for mer informasjon og priser.\" \/>\n<meta property=\"og:url\" content=\"https:\/\/globalmedsonlineinc.com\/no\/product\/research-chemicals\/ketamine\/\" \/>\n<meta property=\"og:site_name\" content=\"Global Meds Inc\" \/>\n<meta property=\"article:modified_time\" content=\"2024-02-21T10:39:18+00:00\" \/>\n<meta property=\"og:image\" content=\"https:\/\/globalmedsonlineinc.com\/no\/content\/media\/uploads\/sites\/10\/2021\/07\/Ketamine-HCL-for-Sale.jpg\" \/>\n\t<meta property=\"og:image:width\" content=\"1200\" \/>\n\t<meta property=\"og:image:height\" content=\"1200\" \/>\n\t<meta property=\"og:image:type\" content=\"image\/jpeg\" \/>\n<meta name=\"twitter:card\" content=\"summary_large_image\" \/>\n<meta name=\"twitter:label1\" content=\"Est. reading time\" \/>\n\t<meta name=\"twitter:data1\" content=\"5 minutt\" \/>\n<script type=\"application\/ld+json\" class=\"yoast-schema-graph\">{\"@context\":\"https:\/\/schema.org\",\"@graph\":[{\"@type\":\"WebPage\",\"@id\":\"https:\/\/globalmedsonlineinc.com\/no\/product\/research-chemicals\/ketamine\/\",\"url\":\"https:\/\/globalmedsonlineinc.com\/no\/product\/research-chemicals\/ketamine\/\",\"name\":\"Ketamininjeksjon til salgs p\u00e5 nett | Global Meds Inc.\",\"isPartOf\":{\"@id\":\"https:\/\/globalmedsonlineinc.com\/no\/#website\"},\"primaryImageOfPage\":{\"@id\":\"https:\/\/globalmedsonlineinc.com\/no\/product\/research-chemicals\/ketamine\/#primaryimage\"},\"image\":{\"@id\":\"https:\/\/globalmedsonlineinc.com\/no\/product\/research-chemicals\/ketamine\/#primaryimage\"},\"thumbnailUrl\":\"https:\/\/globalmedsonlineinc.com\/no\/content\/media\/uploads\/sites\/10\/2021\/07\/Ketamine-HCL-for-Sale.jpg\",\"datePublished\":\"2021-07-02T20:17:48+00:00\",\"dateModified\":\"2024-02-21T10:39:18+00:00\",\"description\":\"Ketamininjeksjon til salgs p\u00e5 nett. Vi selger ketamininjeksjon av beste kvalitet. Kontakt oss gjerne for mer informasjon og priser.\",\"breadcrumb\":{\"@id\":\"https:\/\/globalmedsonlineinc.com\/no\/product\/research-chemicals\/ketamine\/#breadcrumb\"},\"inLanguage\":\"nn-NO\",\"potentialAction\":[{\"@type\":\"ReadAction\",\"target\":[\"https:\/\/globalmedsonlineinc.com\/no\/product\/research-chemicals\/ketamine\/\"]}]},{\"@type\":\"ImageObject\",\"inLanguage\":\"nn-NO\",\"@id\":\"https:\/\/globalmedsonlineinc.com\/no\/product\/research-chemicals\/ketamine\/#primaryimage\",\"url\":\"https:\/\/globalmedsonlineinc.com\/no\/content\/media\/uploads\/sites\/10\/2021\/07\/Ketamine-HCL-for-Sale.jpg\",\"contentUrl\":\"https:\/\/globalmedsonlineinc.com\/no\/content\/media\/uploads\/sites\/10\/2021\/07\/Ketamine-HCL-for-Sale.jpg\",\"width\":1200,\"height\":1200,\"caption\":\"Ketamininjeksjon til salgs p\u00e5 nett\"},{\"@type\":\"BreadcrumbList\",\"@id\":\"https:\/\/globalmedsonlineinc.com\/no\/product\/research-chemicals\/ketamine\/#breadcrumb\",\"itemListElement\":[{\"@type\":\"ListItem\",\"position\":1,\"name\":\"Home\",\"item\":\"https:\/\/globalmedsonlineinc.com\/no\/\"},{\"@type\":\"ListItem\",\"position\":2,\"name\":\"Produkter\",\"item\":\"https:\/\/globalmedsonlineinc.com\/no\/produkter\/\"},{\"@type\":\"ListItem\",\"position\":3,\"name\":\"Kj\u00f8p ketamin p\u00e5 nett\"}]},{\"@type\":\"WebSite\",\"@id\":\"https:\/\/globalmedsonlineinc.com\/no\/#website\",\"url\":\"https:\/\/globalmedsonlineinc.com\/no\/\",\"name\":\"Global Meds Inc\",\"description\":\"\",\"publisher\":{\"@id\":\"https:\/\/globalmedsonlineinc.com\/no\/#organization\"},\"potentialAction\":[{\"@type\":\"SearchAction\",\"target\":{\"@type\":\"EntryPoint\",\"urlTemplate\":\"https:\/\/globalmedsonlineinc.com\/no\/?s={search_term_string}\"},\"query-input\":{\"@type\":\"PropertyValueSpecification\",\"valueRequired\":true,\"valueName\":\"search_term_string\"}}],\"inLanguage\":\"nn-NO\"},{\"@type\":\"Organization\",\"@id\":\"https:\/\/globalmedsonlineinc.com\/no\/#organization\",\"name\":\"Global Meds Inc.\",\"url\":\"https:\/\/globalmedsonlineinc.com\/no\/\",\"logo\":{\"@type\":\"ImageObject\",\"inLanguage\":\"nn-NO\",\"@id\":\"https:\/\/globalmedsonlineinc.com\/no\/#\/schema\/logo\/image\/\",\"url\":\"https:\/\/globalmedsonlineinc.com\/no\/content\/media\/uploads\/sites\/10\/2021\/06\/globalmedsonlineincLogoShop20210630123730.00.png\",\"contentUrl\":\"https:\/\/globalmedsonlineinc.com\/no\/content\/media\/uploads\/sites\/10\/2021\/06\/globalmedsonlineincLogoShop20210630123730.00.png\",\"width\":450,\"height\":117,\"caption\":\"Global Meds Inc.\"},\"image\":{\"@id\":\"https:\/\/globalmedsonlineinc.com\/no\/#\/schema\/logo\/image\/\"}}]}<\/script>\n<!-- \/ Yoast SEO plugin. -->","yoast_head_json":{"title":"Ketamininjeksjon til salgs p\u00e5 nett | Global Meds Inc.","description":"Ketamininjeksjon til salgs p\u00e5 nett. Vi selger ketamininjeksjon av beste kvalitet. Kontakt oss gjerne for mer informasjon og priser.","robots":{"index":"index","follow":"follow","max-snippet":"max-snippet:-1","max-image-preview":"max-image-preview:large","max-video-preview":"max-video-preview:-1"},"canonical":"https:\/\/globalmedsonlineinc.com\/no\/product\/research-chemicals\/ketamine\/","og_locale":"nn_NO","og_type":"article","og_title":"Ketamininjeksjon til salgs p\u00e5 nett | Global Meds Inc.","og_description":"Ketamininjeksjon til salgs p\u00e5 nett. Vi selger ketamininjeksjon av beste kvalitet. Kontakt oss gjerne for mer informasjon og priser.","og_url":"https:\/\/globalmedsonlineinc.com\/no\/product\/research-chemicals\/ketamine\/","og_site_name":"Global Meds Inc","article_modified_time":"2024-02-21T10:39:18+00:00","og_image":[{"width":1200,"height":1200,"url":"https:\/\/globalmedsonlineinc.com\/no\/content\/media\/uploads\/sites\/10\/2021\/07\/Ketamine-HCL-for-Sale.jpg","type":"image\/jpeg"}],"twitter_card":"summary_large_image","twitter_misc":{"Est. reading time":"5 minutt"},"schema":{"@context":"https:\/\/schema.org","@graph":[{"@type":"WebPage","@id":"https:\/\/globalmedsonlineinc.com\/no\/product\/research-chemicals\/ketamine\/","url":"https:\/\/globalmedsonlineinc.com\/no\/product\/research-chemicals\/ketamine\/","name":"Ketamininjeksjon til salgs p\u00e5 nett | Global Meds Inc.","isPartOf":{"@id":"https:\/\/globalmedsonlineinc.com\/no\/#website"},"primaryImageOfPage":{"@id":"https:\/\/globalmedsonlineinc.com\/no\/product\/research-chemicals\/ketamine\/#primaryimage"},"image":{"@id":"https:\/\/globalmedsonlineinc.com\/no\/product\/research-chemicals\/ketamine\/#primaryimage"},"thumbnailUrl":"https:\/\/globalmedsonlineinc.com\/no\/content\/media\/uploads\/sites\/10\/2021\/07\/Ketamine-HCL-for-Sale.jpg","datePublished":"2021-07-02T20:17:48+00:00","dateModified":"2024-02-21T10:39:18+00:00","description":"Ketamininjeksjon til salgs p\u00e5 nett. Vi selger ketamininjeksjon av beste kvalitet. Kontakt oss gjerne for mer informasjon og priser.","breadcrumb":{"@id":"https:\/\/globalmedsonlineinc.com\/no\/product\/research-chemicals\/ketamine\/#breadcrumb"},"inLanguage":"nn-NO","potentialAction":[{"@type":"ReadAction","target":["https:\/\/globalmedsonlineinc.com\/no\/product\/research-chemicals\/ketamine\/"]}]},{"@type":"ImageObject","inLanguage":"nn-NO","@id":"https:\/\/globalmedsonlineinc.com\/no\/product\/research-chemicals\/ketamine\/#primaryimage","url":"https:\/\/globalmedsonlineinc.com\/no\/content\/media\/uploads\/sites\/10\/2021\/07\/Ketamine-HCL-for-Sale.jpg","contentUrl":"https:\/\/globalmedsonlineinc.com\/no\/content\/media\/uploads\/sites\/10\/2021\/07\/Ketamine-HCL-for-Sale.jpg","width":1200,"height":1200,"caption":"Ketamininjeksjon til salgs p\u00e5 nett"},{"@type":"BreadcrumbList","@id":"https:\/\/globalmedsonlineinc.com\/no\/product\/research-chemicals\/ketamine\/#breadcrumb","itemListElement":[{"@type":"ListItem","position":1,"name":"Home","item":"https:\/\/globalmedsonlineinc.com\/no\/"},{"@type":"ListItem","position":2,"name":"Produkter","item":"https:\/\/globalmedsonlineinc.com\/no\/produkter\/"},{"@type":"ListItem","position":3,"name":"Kj\u00f8p ketamin p\u00e5 nett"}]},{"@type":"WebSite","@id":"https:\/\/globalmedsonlineinc.com\/no\/#website","url":"https:\/\/globalmedsonlineinc.com\/no\/","name":"Global Meds Inc","description":"","publisher":{"@id":"https:\/\/globalmedsonlineinc.com\/no\/#organization"},"potentialAction":[{"@type":"SearchAction","target":{"@type":"EntryPoint","urlTemplate":"https:\/\/globalmedsonlineinc.com\/no\/?s={search_term_string}"},"query-input":{"@type":"PropertyValueSpecification","valueRequired":true,"valueName":"search_term_string"}}],"inLanguage":"nn-NO"},{"@type":"Organization","@id":"https:\/\/globalmedsonlineinc.com\/no\/#organization","name":"Global Meds Inc.","url":"https:\/\/globalmedsonlineinc.com\/no\/","logo":{"@type":"ImageObject","inLanguage":"nn-NO","@id":"https:\/\/globalmedsonlineinc.com\/no\/#\/schema\/logo\/image\/","url":"https:\/\/globalmedsonlineinc.com\/no\/content\/media\/uploads\/sites\/10\/2021\/06\/globalmedsonlineincLogoShop20210630123730.00.png","contentUrl":"https:\/\/globalmedsonlineinc.com\/no\/content\/media\/uploads\/sites\/10\/2021\/06\/globalmedsonlineincLogoShop20210630123730.00.png","width":450,"height":117,"caption":"Global Meds Inc."},"image":{"@id":"https:\/\/globalmedsonlineinc.com\/no\/#\/schema\/logo\/image\/"}}]}},"_links":{"self":[{"href":"https:\/\/globalmedsonlineinc.com\/no\/wp-json\/wp\/v2\/product\/9180","targetHints":{"allow":["GET"]}}],"collection":[{"href":"https:\/\/globalmedsonlineinc.com\/no\/wp-json\/wp\/v2\/product"}],"about":[{"href":"https:\/\/globalmedsonlineinc.com\/no\/wp-json\/wp\/v2\/types\/product"}],"replies":[{"embeddable":true,"href":"https:\/\/globalmedsonlineinc.com\/no\/wp-json\/wp\/v2\/comments?post=9180"}],"wp:featuredmedia":[{"embeddable":true,"href":"https:\/\/globalmedsonlineinc.com\/no\/wp-json\/wp\/v2\/media\/9181"}],"wp:attachment":[{"href":"https:\/\/globalmedsonlineinc.com\/no\/wp-json\/wp\/v2\/media?parent=9180"}],"wp:term":[{"taxonomy":"product_brand","embeddable":true,"href":"https:\/\/globalmedsonlineinc.com\/no\/wp-json\/wp\/v2\/product_brand?post=9180"},{"taxonomy":"product_cat","embeddable":true,"href":"https:\/\/globalmedsonlineinc.com\/no\/wp-json\/wp\/v2\/product_cat?post=9180"},{"taxonomy":"product_tag","embeddable":true,"href":"https:\/\/globalmedsonlineinc.com\/no\/wp-json\/wp\/v2\/product_tag?post=9180"}],"curies":[{"name":"wp","href":"https:\/\/api.w.org\/{rel}","templated":true}]}}