{"id":9174,"date":"2021-07-02T20:01:10","date_gmt":"2021-07-02T20:01:10","guid":{"rendered":"https:\/\/globalmedsonlineinc.com\/no\/?post_type=product&#038;p=9174"},"modified":"2024-02-21T10:41:52","modified_gmt":"2024-02-21T10:41:52","slug":"crystal-meth","status":"publish","type":"product","link":"https:\/\/globalmedsonlineinc.com\/no\/product\/research-chemicals\/crystal-meth\/","title":{"rendered":"Kj\u00f8p Crystal Meth p\u00e5 nett"},"content":{"rendered":"<h1>Crystal Meth til salgs p\u00e5 nettet<\/h1>\n<p><a href=\"https:\/\/globalmedsonlineinc.com\/no\/product\/research-chemicals\/crystal-meth\/\">Crystal Meth til salgs p\u00e5 nettet<\/a>. Crystal Meth er et kraftig, sv\u00e6rt vanedannende sentralstimulerende middel som p\u00e5virker sentralnervesystemet. Ogs\u00e5 kjent som meth, kritt, is og krystall, blant mange andre termer, tar det formen av et hvitt, luktfritt, bittert smakende krystallinsk pulver som lett l\u00f8ses opp i vann eller alkohol. ble utviklet tidlig p\u00e5 1900-tallet fra hovedstoffet amfetamin, og ble opprinnelig brukt i neseavsvellende midler og bronkialinhalatorer. I likhet med amfetamin, for\u00e5rsaker metamfetamin \u00f8kt aktivitet og pratsomhet, nedsatt appetitt og en behagelig f\u00f8lelse av velv\u00e6re eller eufori. Imidlertid skiller metamfetamin seg fra amfetamin ved at ved sammenlignbare doser kommer mye st\u00f8rre mengder av stoffet inn i hjernen, noe som gj\u00f8r det til et mer potent sentralstimulerende middel. Det har ogs\u00e5 lengre varige og mer skadelige effekter p\u00e5 sentralnervesystemet. Disse egenskapene gj\u00f8r det til et medikament med stort potensial for utbredt misbruk.<\/p>\n<p>Crystal Meth 97% Pure er veldig kraftig og sv\u00e6rt vanedannende som p\u00e5virker nervesystemet. Crystal meth er et glassfragmentert stoff. Som du vet er Pure Chem her for \u00e5 gi deg det fineste og reneste i sin beste form,<\/p>\n<p>Crystal Meth av god kvalitet p\u00e5 nettet: Det er fullstendig forst\u00e5tt at <a href=\"https:\/\/no.wikipedia.org\/wiki\/Metamfetamin\">mennesker<\/a> ikke raskt stoler p\u00e5 kvaliteten p\u00e5 Crystal Meth som selges p\u00e5 nettet fordi de kan ikke unders\u00f8ke det fysisk. Men det er ikke det samme med Online Crystal Meth-nettleverand\u00f8rer. Produktene her er tro mot beskrivelsen med vedlikehold av h\u00f8y kvalitet utf\u00f8rt under tilsyn av eksperter.<\/p>\n<p>Rask &amp; Diskret frakt: Leveringen av Crystal Meth p\u00e5 nett etter \u00e5 ha mottatt bestillingen skjer innenfor den lovede tidsrammen. Fraktteamet legger all sin innsats i \u00e5 gj\u00f8re frakt- og leveringsprosedyren jevn og rask. Du kan ogs\u00e5 forvente utmerkede tjenester n\u00e5r du kj\u00f8per Crystal Meth online fra profesjonelle p\u00e5 nettplattformen.<\/p>\n","protected":false},"excerpt":{"rendered":"<p>Blue crystal meths 98 % renhet\u00a0 for 1 kg eller mer, vennligst kontakt oss i innboksen<br \/>\ncrystal meths 97 % renhet\u00a0 for 1 kg eller mer, vennligst kontakt oss i innboksen<\/p>\n","protected":false},"featured_media":9175,"comment_status":"open","ping_status":"closed","template":"","meta":{"_acf_changed":false,"_monsterinsights_skip_tracking":false,"_monsterinsights_sitenote_active":false,"_monsterinsights_sitenote_note":"","_monsterinsights_sitenote_category":0},"product_brand":[],"product_cat":[53],"product_tag":[],"class_list":{"0":"post-9174","1":"product","2":"type-product","3":"status-publish","4":"has-post-thumbnail","6":"product_cat-research-chemicals","8":"first","9":"instock","10":"featured","11":"shipping-taxable","12":"purchasable","13":"product-type-variable","14":"has-default-attributes"},"acf":[],"yoast_head":"<!-- This site is optimized with the Yoast SEO plugin v27.2 - https:\/\/yoast.com\/product\/yoast-seo-wordpress\/ -->\n<title>Crystal Meth til salgs p\u00e5 nett | Global Meds Inc.<\/title>\n<meta name=\"description\" content=\"Crystal Meth til salgs p\u00e5 nett. Vi selger Crystal Meth av beste kvalitet. Kontakt oss gjerne for mer informasjon og priser.\" \/>\n<meta name=\"robots\" content=\"index, follow, max-snippet:-1, max-image-preview:large, max-video-preview:-1\" \/>\n<link rel=\"canonical\" href=\"https:\/\/globalmedsonlineinc.com\/no\/product\/research-chemicals\/crystal-meth\/\" \/>\n<meta property=\"og:locale\" content=\"nn_NO\" \/>\n<meta property=\"og:type\" content=\"article\" \/>\n<meta property=\"og:title\" content=\"Crystal Meth til salgs p\u00e5 nett | Global Meds Inc.\" \/>\n<meta property=\"og:description\" content=\"Crystal Meth til salgs p\u00e5 nett. Vi selger Crystal Meth av beste kvalitet. Kontakt oss gjerne for mer informasjon og priser.\" \/>\n<meta property=\"og:url\" content=\"https:\/\/globalmedsonlineinc.com\/no\/product\/research-chemicals\/crystal-meth\/\" \/>\n<meta property=\"og:site_name\" content=\"Global Meds Inc\" \/>\n<meta property=\"article:modified_time\" content=\"2024-02-21T10:41:52+00:00\" \/>\n<meta property=\"og:image\" content=\"https:\/\/globalmedsonlineinc.com\/no\/content\/media\/uploads\/sites\/10\/2021\/07\/Blue-crystal-meths.jpg\" \/>\n\t<meta property=\"og:image:width\" content=\"1200\" \/>\n\t<meta property=\"og:image:height\" content=\"1200\" \/>\n\t<meta property=\"og:image:type\" content=\"image\/jpeg\" \/>\n<meta name=\"twitter:card\" content=\"summary_large_image\" \/>\n<meta name=\"twitter:label1\" content=\"Est. reading time\" \/>\n\t<meta name=\"twitter:data1\" content=\"2 minutt\" \/>\n<script type=\"application\/ld+json\" class=\"yoast-schema-graph\">{\"@context\":\"https:\/\/schema.org\",\"@graph\":[{\"@type\":\"WebPage\",\"@id\":\"https:\/\/globalmedsonlineinc.com\/no\/product\/research-chemicals\/crystal-meth\/\",\"url\":\"https:\/\/globalmedsonlineinc.com\/no\/product\/research-chemicals\/crystal-meth\/\",\"name\":\"Crystal Meth til salgs p\u00e5 nett | Global Meds Inc.\",\"isPartOf\":{\"@id\":\"https:\/\/globalmedsonlineinc.com\/no\/#website\"},\"primaryImageOfPage\":{\"@id\":\"https:\/\/globalmedsonlineinc.com\/no\/product\/research-chemicals\/crystal-meth\/#primaryimage\"},\"image\":{\"@id\":\"https:\/\/globalmedsonlineinc.com\/no\/product\/research-chemicals\/crystal-meth\/#primaryimage\"},\"thumbnailUrl\":\"https:\/\/globalmedsonlineinc.com\/no\/content\/media\/uploads\/sites\/10\/2021\/07\/Blue-crystal-meths.jpg\",\"datePublished\":\"2021-07-02T20:01:10+00:00\",\"dateModified\":\"2024-02-21T10:41:52+00:00\",\"description\":\"Crystal Meth til salgs p\u00e5 nett. Vi selger Crystal Meth av beste kvalitet. Kontakt oss gjerne for mer informasjon og priser.\",\"breadcrumb\":{\"@id\":\"https:\/\/globalmedsonlineinc.com\/no\/product\/research-chemicals\/crystal-meth\/#breadcrumb\"},\"inLanguage\":\"nn-NO\",\"potentialAction\":[{\"@type\":\"ReadAction\",\"target\":[\"https:\/\/globalmedsonlineinc.com\/no\/product\/research-chemicals\/crystal-meth\/\"]}]},{\"@type\":\"ImageObject\",\"inLanguage\":\"nn-NO\",\"@id\":\"https:\/\/globalmedsonlineinc.com\/no\/product\/research-chemicals\/crystal-meth\/#primaryimage\",\"url\":\"https:\/\/globalmedsonlineinc.com\/no\/content\/media\/uploads\/sites\/10\/2021\/07\/Blue-crystal-meths.jpg\",\"contentUrl\":\"https:\/\/globalmedsonlineinc.com\/no\/content\/media\/uploads\/sites\/10\/2021\/07\/Blue-crystal-meths.jpg\",\"width\":1200,\"height\":1200,\"caption\":\"Crystal Meth til salgs p\u00e5 nett\"},{\"@type\":\"BreadcrumbList\",\"@id\":\"https:\/\/globalmedsonlineinc.com\/no\/product\/research-chemicals\/crystal-meth\/#breadcrumb\",\"itemListElement\":[{\"@type\":\"ListItem\",\"position\":1,\"name\":\"Home\",\"item\":\"https:\/\/globalmedsonlineinc.com\/no\/\"},{\"@type\":\"ListItem\",\"position\":2,\"name\":\"Produkter\",\"item\":\"https:\/\/globalmedsonlineinc.com\/no\/produkter\/\"},{\"@type\":\"ListItem\",\"position\":3,\"name\":\"Kj\u00f8p Crystal Meth p\u00e5 nett\"}]},{\"@type\":\"WebSite\",\"@id\":\"https:\/\/globalmedsonlineinc.com\/no\/#website\",\"url\":\"https:\/\/globalmedsonlineinc.com\/no\/\",\"name\":\"Global Meds Inc\",\"description\":\"\",\"publisher\":{\"@id\":\"https:\/\/globalmedsonlineinc.com\/no\/#organization\"},\"potentialAction\":[{\"@type\":\"SearchAction\",\"target\":{\"@type\":\"EntryPoint\",\"urlTemplate\":\"https:\/\/globalmedsonlineinc.com\/no\/?s={search_term_string}\"},\"query-input\":{\"@type\":\"PropertyValueSpecification\",\"valueRequired\":true,\"valueName\":\"search_term_string\"}}],\"inLanguage\":\"nn-NO\"},{\"@type\":\"Organization\",\"@id\":\"https:\/\/globalmedsonlineinc.com\/no\/#organization\",\"name\":\"Global Meds Inc.\",\"url\":\"https:\/\/globalmedsonlineinc.com\/no\/\",\"logo\":{\"@type\":\"ImageObject\",\"inLanguage\":\"nn-NO\",\"@id\":\"https:\/\/globalmedsonlineinc.com\/no\/#\/schema\/logo\/image\/\",\"url\":\"https:\/\/globalmedsonlineinc.com\/no\/content\/media\/uploads\/sites\/10\/2021\/06\/globalmedsonlineincLogoShop20210630123730.00.png\",\"contentUrl\":\"https:\/\/globalmedsonlineinc.com\/no\/content\/media\/uploads\/sites\/10\/2021\/06\/globalmedsonlineincLogoShop20210630123730.00.png\",\"width\":450,\"height\":117,\"caption\":\"Global Meds Inc.\"},\"image\":{\"@id\":\"https:\/\/globalmedsonlineinc.com\/no\/#\/schema\/logo\/image\/\"}}]}<\/script>\n<!-- \/ Yoast SEO plugin. -->","yoast_head_json":{"title":"Crystal Meth til salgs p\u00e5 nett | Global Meds Inc.","description":"Crystal Meth til salgs p\u00e5 nett. Vi selger Crystal Meth av beste kvalitet. Kontakt oss gjerne for mer informasjon og priser.","robots":{"index":"index","follow":"follow","max-snippet":"max-snippet:-1","max-image-preview":"max-image-preview:large","max-video-preview":"max-video-preview:-1"},"canonical":"https:\/\/globalmedsonlineinc.com\/no\/product\/research-chemicals\/crystal-meth\/","og_locale":"nn_NO","og_type":"article","og_title":"Crystal Meth til salgs p\u00e5 nett | Global Meds Inc.","og_description":"Crystal Meth til salgs p\u00e5 nett. Vi selger Crystal Meth av beste kvalitet. Kontakt oss gjerne for mer informasjon og priser.","og_url":"https:\/\/globalmedsonlineinc.com\/no\/product\/research-chemicals\/crystal-meth\/","og_site_name":"Global Meds Inc","article_modified_time":"2024-02-21T10:41:52+00:00","og_image":[{"width":1200,"height":1200,"url":"https:\/\/globalmedsonlineinc.com\/no\/content\/media\/uploads\/sites\/10\/2021\/07\/Blue-crystal-meths.jpg","type":"image\/jpeg"}],"twitter_card":"summary_large_image","twitter_misc":{"Est. reading time":"2 minutt"},"schema":{"@context":"https:\/\/schema.org","@graph":[{"@type":"WebPage","@id":"https:\/\/globalmedsonlineinc.com\/no\/product\/research-chemicals\/crystal-meth\/","url":"https:\/\/globalmedsonlineinc.com\/no\/product\/research-chemicals\/crystal-meth\/","name":"Crystal Meth til salgs p\u00e5 nett | Global Meds Inc.","isPartOf":{"@id":"https:\/\/globalmedsonlineinc.com\/no\/#website"},"primaryImageOfPage":{"@id":"https:\/\/globalmedsonlineinc.com\/no\/product\/research-chemicals\/crystal-meth\/#primaryimage"},"image":{"@id":"https:\/\/globalmedsonlineinc.com\/no\/product\/research-chemicals\/crystal-meth\/#primaryimage"},"thumbnailUrl":"https:\/\/globalmedsonlineinc.com\/no\/content\/media\/uploads\/sites\/10\/2021\/07\/Blue-crystal-meths.jpg","datePublished":"2021-07-02T20:01:10+00:00","dateModified":"2024-02-21T10:41:52+00:00","description":"Crystal Meth til salgs p\u00e5 nett. Vi selger Crystal Meth av beste kvalitet. Kontakt oss gjerne for mer informasjon og priser.","breadcrumb":{"@id":"https:\/\/globalmedsonlineinc.com\/no\/product\/research-chemicals\/crystal-meth\/#breadcrumb"},"inLanguage":"nn-NO","potentialAction":[{"@type":"ReadAction","target":["https:\/\/globalmedsonlineinc.com\/no\/product\/research-chemicals\/crystal-meth\/"]}]},{"@type":"ImageObject","inLanguage":"nn-NO","@id":"https:\/\/globalmedsonlineinc.com\/no\/product\/research-chemicals\/crystal-meth\/#primaryimage","url":"https:\/\/globalmedsonlineinc.com\/no\/content\/media\/uploads\/sites\/10\/2021\/07\/Blue-crystal-meths.jpg","contentUrl":"https:\/\/globalmedsonlineinc.com\/no\/content\/media\/uploads\/sites\/10\/2021\/07\/Blue-crystal-meths.jpg","width":1200,"height":1200,"caption":"Crystal Meth til salgs p\u00e5 nett"},{"@type":"BreadcrumbList","@id":"https:\/\/globalmedsonlineinc.com\/no\/product\/research-chemicals\/crystal-meth\/#breadcrumb","itemListElement":[{"@type":"ListItem","position":1,"name":"Home","item":"https:\/\/globalmedsonlineinc.com\/no\/"},{"@type":"ListItem","position":2,"name":"Produkter","item":"https:\/\/globalmedsonlineinc.com\/no\/produkter\/"},{"@type":"ListItem","position":3,"name":"Kj\u00f8p Crystal Meth p\u00e5 nett"}]},{"@type":"WebSite","@id":"https:\/\/globalmedsonlineinc.com\/no\/#website","url":"https:\/\/globalmedsonlineinc.com\/no\/","name":"Global Meds Inc","description":"","publisher":{"@id":"https:\/\/globalmedsonlineinc.com\/no\/#organization"},"potentialAction":[{"@type":"SearchAction","target":{"@type":"EntryPoint","urlTemplate":"https:\/\/globalmedsonlineinc.com\/no\/?s={search_term_string}"},"query-input":{"@type":"PropertyValueSpecification","valueRequired":true,"valueName":"search_term_string"}}],"inLanguage":"nn-NO"},{"@type":"Organization","@id":"https:\/\/globalmedsonlineinc.com\/no\/#organization","name":"Global Meds Inc.","url":"https:\/\/globalmedsonlineinc.com\/no\/","logo":{"@type":"ImageObject","inLanguage":"nn-NO","@id":"https:\/\/globalmedsonlineinc.com\/no\/#\/schema\/logo\/image\/","url":"https:\/\/globalmedsonlineinc.com\/no\/content\/media\/uploads\/sites\/10\/2021\/06\/globalmedsonlineincLogoShop20210630123730.00.png","contentUrl":"https:\/\/globalmedsonlineinc.com\/no\/content\/media\/uploads\/sites\/10\/2021\/06\/globalmedsonlineincLogoShop20210630123730.00.png","width":450,"height":117,"caption":"Global Meds Inc."},"image":{"@id":"https:\/\/globalmedsonlineinc.com\/no\/#\/schema\/logo\/image\/"}}]}},"_links":{"self":[{"href":"https:\/\/globalmedsonlineinc.com\/no\/wp-json\/wp\/v2\/product\/9174","targetHints":{"allow":["GET"]}}],"collection":[{"href":"https:\/\/globalmedsonlineinc.com\/no\/wp-json\/wp\/v2\/product"}],"about":[{"href":"https:\/\/globalmedsonlineinc.com\/no\/wp-json\/wp\/v2\/types\/product"}],"replies":[{"embeddable":true,"href":"https:\/\/globalmedsonlineinc.com\/no\/wp-json\/wp\/v2\/comments?post=9174"}],"wp:featuredmedia":[{"embeddable":true,"href":"https:\/\/globalmedsonlineinc.com\/no\/wp-json\/wp\/v2\/media\/9175"}],"wp:attachment":[{"href":"https:\/\/globalmedsonlineinc.com\/no\/wp-json\/wp\/v2\/media?parent=9174"}],"wp:term":[{"taxonomy":"product_brand","embeddable":true,"href":"https:\/\/globalmedsonlineinc.com\/no\/wp-json\/wp\/v2\/product_brand?post=9174"},{"taxonomy":"product_cat","embeddable":true,"href":"https:\/\/globalmedsonlineinc.com\/no\/wp-json\/wp\/v2\/product_cat?post=9174"},{"taxonomy":"product_tag","embeddable":true,"href":"https:\/\/globalmedsonlineinc.com\/no\/wp-json\/wp\/v2\/product_tag?post=9174"}],"curies":[{"name":"wp","href":"https:\/\/api.w.org\/{rel}","templated":true}]}}