{"id":9166,"date":"2021-07-02T19:34:28","date_gmt":"2021-07-02T19:34:28","guid":{"rendered":"https:\/\/globalmedsonlineinc.com\/no\/?post_type=product&#038;p=9166"},"modified":"2024-02-21T10:43:55","modified_gmt":"2024-02-21T10:43:55","slug":"amphetamine","status":"publish","type":"product","link":"https:\/\/globalmedsonlineinc.com\/no\/product\/research-chemicals\/amphetamine\/","title":{"rendered":"Kj\u00f8p amfetaminpulver p\u00e5 nett"},"content":{"rendered":"<h1>Amfetaminpulver til salgs p\u00e5 nettet<\/h1>\n<p><a href=\"https:\/\/globalmedsonlineinc.com\/no\/product\/research-chemicals\/amphetamine\/\">Amfetaminpulver til salgs<\/a> p\u00e5 nett. Kj\u00f8p amfetaminpulver online i Storbritannia, Europa, EU, postordre Amfetaminpulver, amfetamin er sentralstimulerende stoffer, noe som betyr at de \u00f8ker hastigheten p\u00e5 meldingene som g\u00e5r mellom hjernen og kroppen.<\/p>\n<p><em>Amfetamin<\/em>\u00a0er sentralstimulerende stoffer, noe som betyr at de \u00f8ker hastigheten p\u00e5 meldingene som g\u00e5r mellom hjernen og kroppen.<\/p>\n<p>Du kan ogs\u00e5 v\u00e6re interessert i informasjon om virkningene og helseeffektene av\u00a0<em>amfetaminpulver<\/em>. Det kan oppst\u00e5 p\u00e5 samme m\u00e5te som mange forskjellige medikamenter gj\u00f8r<\/p>\n<p>Noen typer amfetamin er lovlig foreskrevet av leger for \u00e5 behandle tilstander som oppmerksomhetsunderskudd hyperaktivitetsforstyrrelse (ADHD) og narkolepsi (hvor en person har en ukontrollerbar trang til \u00e5 sove). Andre typer amfetamin som speed produseres og selges ulovlig. Den mer potente formen,\u00a0krystallmetamfetamin (is), er dekket i et eget faktaark.<\/p>\n<p>Utseendet til amfetamin varierer. Disse legemidlene kan v\u00e6re i form av et pulver, tabletter, krystaller og kapsler. De kan pakkes i \u2018folie\u2019 (aluminiumsfolie), plastposer eller sm\u00e5 ballonger n\u00e5r de selges ulovlig.<\/p>\n<p>Amfetaminpulver kan variere i farge fra hvitt til brunt, noen ganger kan det ha spor av gr\u00e5tt eller rosa. Den har en sterk lukt og bitter smak. Amfetaminkapsler og -tabletter varierer betydelig i st\u00f8rrelse og farge.<\/p>\n<p>Amfetamin \u2013 Ulovlig produsert amfetamin kan v\u00e6re en <a href=\"https:\/\/no.wikipedia.org\/wiki\/Amfetamin\">blanding<\/a> av narkotika, bindemidler, koffein og sukker. Nye psykoaktive stoffer\u00a0kan ogs\u00e5 legges til.<\/p>\n<h6>Slangnavn<\/h6>\n<p>Hastighet, rask, opp, overdel, louee, goey, whiz.<\/p>\n<h6>Hvordan brukes de?<\/h6>\n<p>Amfetamin blir vanligvis svelget, injisert eller r\u00f8ykt. De blir ogs\u00e5 sn\u00f8ftet.<\/p>\n<h6>Effekter av amfetamin<\/h6>\n<p>Amfetamin p\u00e5virker alle forskjellig, basert p\u00e5:<\/p>\n<ul>\n<li>St\u00f8rrelse, vekt og helse<\/li>\n<li>Om personen er vant til \u00e5 ta det<\/li>\n<li>Om andre legemidler tas omtrent samtidig<\/li>\n<li>Bel\u00f8pet som er tatt<\/li>\n<li>Medikamentets styrke (varierer fra batch til batch med ulovlig produserte legemidler)<\/li>\n<\/ul>\n<p>Effekten av amfetamin kan merkes umiddelbart (hvis det injiseres eller r\u00f8ykes) eller innen 30 minutter (hvis det sn\u00f8res eller svelges).<\/p>\n<p>F\u00f8lgende effekter kan oppleves:<\/p>\n<ul>\n<li>Lykke og selvtillit<\/li>\n<li>Snakker mer og f\u00f8ler deg energisk<\/li>\n<li>Gjenta enkle ting som kl\u00f8e og kl\u00f8ing<\/li>\n<li>Store pupiller og t\u00f8rr munn<\/li>\n<li>Rask hjerterytme og pust<\/li>\n<li>Sliping av tenner<\/li>\n<li>Redusert appetitt<\/li>\n<li>Overdreven svette<\/li>\n<li>\u00d8kt sexlyst<\/li>\n<\/ul>\n<h6>Overdose<\/h6>\n<p>Hvis en stor mengde eller en sterk batch tas, kan det ogs\u00e5 f\u00f8re til en overdose. Hvis noen av f\u00f8lgende effekter oppleves, b\u00f8r ambulanse tilkalles umiddelbart ved \u00e5 sl\u00e5 trippel null (000). Ambulansebetjenter trenger ikke involvere politiet.<\/p>\n<ul>\n<li>Racing hjerteslag<\/li>\n<li>Passer<\/li>\n<li>Besvimer<\/li>\n<li>Hjerneslag, hjerteinfarkt og d\u00f8d<\/li>\n<\/ul>\n<p>Snysing av amfetamin kan skade nesegangen og for\u00e5rsake nesebl\u00f8dning.<\/p>\n<p>\u00c5 injisere amfetamin og dele n\u00e5ler kan \u00f8ke risikoen for:<\/p>\n<ul>\n<li>Hepatitt B<\/li>\n<li>Hepatitt C<\/li>\n<li>HIV\/AIDS<\/li>\n<li>Stivkrampe<\/li>\n<\/ul>\n<h6>Kommer ned<\/h6>\n<p>I l\u00f8pet av 2 til 4 dager etter amfetaminbruk kan f\u00f8lgende effekter oppleves:<\/p>\n<ul>\n<li>Rastl\u00f8s s\u00f8vn og utmattelse<\/li>\n<li>Hodepine<\/li>\n<li>Svimmelhet og t\u00e5kesyn<\/li>\n<li>Paranoia, hallusinasjoner og forvirring<\/li>\n<li>Irritabilitet, hum\u00f8rsvingninger og depresjon<\/li>\n<\/ul>\n<p>Bruk av et dempende medikament som alkohol, benzodiazepiner eller cannabis for \u00e5 hjelpe med &#8220;falle ned&#8221;-effekter kan resultere i en syklus av avhengighet av begge typer medikamenter.<\/p>\n<h6>Langsiktige effekter<\/h6>\n<p>Regelmessig bruk av amfetamin kan til slutt for\u00e5rsake:<\/p>\n<ul>\n<li>Redusert appetitt og ekstremt vekttap<\/li>\n<li>Rastl\u00f8s s\u00f8vn<\/li>\n<li>T\u00f8rr munn og tannproblemer<\/li>\n<li>Vanlig forkj\u00f8lelse og influensa<\/li>\n<li>Konsentrasjonsproblemer<\/li>\n<li>Pustevansker<\/li>\n<li>Muskelstivhet<\/li>\n<li>Angst og paranoia<\/li>\n<li>Depresjon<\/li>\n<li>Hjerte- og nyreproblemer<\/li>\n<li>\u00d8kt risiko for hjerneslag<\/li>\n<li>Trenger \u00e5 bruke mer for \u00e5 f\u00e5 samme effekt<\/li>\n<li>Avhengighet av amfetamin<\/li>\n<li>\u00d8konomiske, arbeidsmessige og sosiale problemer<\/li>\n<\/ul>\n<h6>Amfetaminpsykose<\/h6>\n<p>H\u00f8ye doser og hyppig tung bruk kan ogs\u00e5 skape en \u00abamfetaminpsykose\u00bb, preget av paranoide vrangforestillinger, hallusinasjoner og aggressiv eller voldelig oppf\u00f8rsel uten karakter. Disse symptomene forsvinner vanligvis noen dager etter at personen slutter \u00e5 bruke amfetamin.<\/p>\n<h6>Blande amfetamin med andre rusmidler<\/h6>\n<p>Effektene av \u00e5 ta amfetamin sammen med andre rusmidler \u2013 inkludert reseptfrie eller reseptbelagte medisiner \u2013 kan v\u00e6re uforutsigbare og farlige, og kan for\u00e5rsake:<\/p>\n<p><strong>Amfetamin + noen antidepressiva:<\/strong>\u00a0forh\u00f8yet blodtrykk, som kan f\u00f8re til uregelmessig hjerterytme, hjertesvikt og hjerneslag.<a href=\"http:\/\/www.druginfo.adf.org.au\/drug-facts \/amfetamin#references\"><sup>4<\/sup><\/a><\/p>\n<p><strong>Amfetamin + alkohol, cannabis eller benzodiazepiner:<\/strong>\u00a0Kroppen utsettes for en h\u00f8y grad av stress n\u00e5r den pr\u00f8ver \u00e5 h\u00e5ndtere de motstridende effektene av begge typer rusmidler, noe som kan f\u00f8re til en overdose.<\/p>\n<h6>Uttak<\/h6>\n<p>\u00c5 gi opp amfetamin etter lang tids bruk er utfordrende fordi kroppen m\u00e5 venne seg til \u00e5 fungere uten dem. Abstinenssymptomer b\u00f8r legge seg etter en uke og vil stort sett forsvinne etter en m\u00e5ned. Symptomer inkluderer:<\/p>\n<ul>\n<li>Trang etter amfetamin<\/li>\n<li>\u00d8kt appetitt<\/li>\n<li>Forvirring og irritabilitet<\/li>\n<li>Verter og smerter<\/li>\n<li>Utmattelse<\/li>\n<li>Rastl\u00f8s s\u00f8vn og mareritt<\/li>\n<li>Angst, depresjon og paranoia<br \/>\nAmfetaminpulver av god kvalitet p\u00e5 nettet: Det er fullstendig forst\u00e5tt at folk ikke raskt stoler p\u00e5 kvaliteten p\u00e5 amfetaminpulver som selges p\u00e5 nettet fordi de ikke kan unders\u00f8ke det fysisk. Men det er ikke det samme med online leverand\u00f8rer av amfetaminpulver. Produktene her er tro mot beskrivelsen med vedlikehold av h\u00f8y kvalitet utf\u00f8rt under tilsyn av eksperter.<\/p>\n<p>Rask &amp; Diskret frakt: Leveringen av amfetaminpulveret p\u00e5 nett etter \u00e5 ha mottatt bestillingen skjer innenfor den lovede tidsrammen. Fraktteamet legger all sin innsats i \u00e5 gj\u00f8re frakt- og leveringsprosedyren jevn og rask. Du kan ogs\u00e5 forvente utmerkede tjenester n\u00e5r du kj\u00f8per amfetaminpulver online fra profesjonelle p\u00e5 nettplattformen.<\/li>\n<\/ul>\n","protected":false},"excerpt":{"rendered":"<p>Amfetaminpulver\u00a0er en kraftig stimulator av sentralnervesystemet (hjerne og nerver i ryggmargen) og har en medisinsk rolle i en rekke sykdommer. Det er ogs\u00e5 sv\u00e6rt vanedannende og har en historie med misbruk.<\/p>\n<p>Amfetaminpulver brukes medisinsk til \u00e5 behandle oppmerksomhetssvikt hyperaktivitetsforstyrrelse<\/p>\n","protected":false},"featured_media":9167,"comment_status":"open","ping_status":"closed","template":"","meta":{"_acf_changed":false,"_monsterinsights_skip_tracking":false,"_monsterinsights_sitenote_active":false,"_monsterinsights_sitenote_note":"","_monsterinsights_sitenote_category":0},"product_brand":[],"product_cat":[53],"product_tag":[628,629,631,632,633,630],"class_list":{"0":"post-9166","1":"product","2":"type-product","3":"status-publish","4":"has-post-thumbnail","6":"product_cat-research-chemicals","7":"product_tag-amfetaminpulver","8":"product_tag-amfetaminpulver-til-salgs","9":"product_tag-bestill-amfetaminpulver-pa-nett","10":"product_tag-det-beste-stedet-a-kjope-amfetaminpulver-pa-nett","11":"product_tag-hvor-kan-du-kjope-amfetaminpulver-pa-nett","12":"product_tag-kjop-amfetaminpulver-pa-nett","14":"first","15":"instock","16":"shipping-taxable","17":"purchasable","18":"product-type-variable","19":"has-default-attributes"},"acf":[],"yoast_head":"<!-- This site is optimized with the Yoast SEO plugin v27.2 - https:\/\/yoast.com\/product\/yoast-seo-wordpress\/ -->\n<title>Amfetaminpulver til salgs p\u00e5 nett | Global Meds Inc.<\/title>\n<meta name=\"description\" content=\"Amfetaminpulver til salgs p\u00e5 nett. Vi selger Amfetaminpulver av beste kvalitet. Kontakt oss gjerne for mer informasjon og priser.\" \/>\n<meta name=\"robots\" content=\"index, follow, max-snippet:-1, max-image-preview:large, max-video-preview:-1\" \/>\n<link rel=\"canonical\" href=\"https:\/\/globalmedsonlineinc.com\/no\/product\/research-chemicals\/amphetamine\/\" \/>\n<meta property=\"og:locale\" content=\"nn_NO\" \/>\n<meta property=\"og:type\" content=\"article\" \/>\n<meta property=\"og:title\" content=\"Amfetaminpulver til salgs p\u00e5 nett | Global Meds Inc.\" \/>\n<meta property=\"og:description\" content=\"Amfetaminpulver til salgs p\u00e5 nett. Vi selger Amfetaminpulver av beste kvalitet. Kontakt oss gjerne for mer informasjon og priser.\" \/>\n<meta property=\"og:url\" content=\"https:\/\/globalmedsonlineinc.com\/no\/product\/research-chemicals\/amphetamine\/\" \/>\n<meta property=\"og:site_name\" content=\"Global Meds Inc\" \/>\n<meta property=\"article:modified_time\" content=\"2024-02-21T10:43:55+00:00\" \/>\n<meta property=\"og:image\" content=\"https:\/\/globalmedsonlineinc.com\/no\/content\/media\/uploads\/sites\/10\/2021\/07\/Buy-Amphetamine-Powder.jpg\" \/>\n\t<meta property=\"og:image:width\" content=\"1200\" \/>\n\t<meta property=\"og:image:height\" content=\"1200\" \/>\n\t<meta property=\"og:image:type\" content=\"image\/jpeg\" \/>\n<meta name=\"twitter:card\" content=\"summary_large_image\" \/>\n<meta name=\"twitter:label1\" content=\"Est. reading time\" \/>\n\t<meta name=\"twitter:data1\" content=\"5 minutt\" \/>\n<script type=\"application\/ld+json\" class=\"yoast-schema-graph\">{\"@context\":\"https:\/\/schema.org\",\"@graph\":[{\"@type\":\"WebPage\",\"@id\":\"https:\/\/globalmedsonlineinc.com\/no\/product\/research-chemicals\/amphetamine\/\",\"url\":\"https:\/\/globalmedsonlineinc.com\/no\/product\/research-chemicals\/amphetamine\/\",\"name\":\"Amfetaminpulver til salgs p\u00e5 nett | Global Meds Inc.\",\"isPartOf\":{\"@id\":\"https:\/\/globalmedsonlineinc.com\/no\/#website\"},\"primaryImageOfPage\":{\"@id\":\"https:\/\/globalmedsonlineinc.com\/no\/product\/research-chemicals\/amphetamine\/#primaryimage\"},\"image\":{\"@id\":\"https:\/\/globalmedsonlineinc.com\/no\/product\/research-chemicals\/amphetamine\/#primaryimage\"},\"thumbnailUrl\":\"https:\/\/globalmedsonlineinc.com\/no\/content\/media\/uploads\/sites\/10\/2021\/07\/Buy-Amphetamine-Powder.jpg\",\"datePublished\":\"2021-07-02T19:34:28+00:00\",\"dateModified\":\"2024-02-21T10:43:55+00:00\",\"description\":\"Amfetaminpulver til salgs p\u00e5 nett. Vi selger Amfetaminpulver av beste kvalitet. Kontakt oss gjerne for mer informasjon og priser.\",\"breadcrumb\":{\"@id\":\"https:\/\/globalmedsonlineinc.com\/no\/product\/research-chemicals\/amphetamine\/#breadcrumb\"},\"inLanguage\":\"nn-NO\",\"potentialAction\":[{\"@type\":\"ReadAction\",\"target\":[\"https:\/\/globalmedsonlineinc.com\/no\/product\/research-chemicals\/amphetamine\/\"]}]},{\"@type\":\"ImageObject\",\"inLanguage\":\"nn-NO\",\"@id\":\"https:\/\/globalmedsonlineinc.com\/no\/product\/research-chemicals\/amphetamine\/#primaryimage\",\"url\":\"https:\/\/globalmedsonlineinc.com\/no\/content\/media\/uploads\/sites\/10\/2021\/07\/Buy-Amphetamine-Powder.jpg\",\"contentUrl\":\"https:\/\/globalmedsonlineinc.com\/no\/content\/media\/uploads\/sites\/10\/2021\/07\/Buy-Amphetamine-Powder.jpg\",\"width\":1200,\"height\":1200,\"caption\":\"Amfetaminpulver til salgs p\u00e5 nettet\"},{\"@type\":\"BreadcrumbList\",\"@id\":\"https:\/\/globalmedsonlineinc.com\/no\/product\/research-chemicals\/amphetamine\/#breadcrumb\",\"itemListElement\":[{\"@type\":\"ListItem\",\"position\":1,\"name\":\"Home\",\"item\":\"https:\/\/globalmedsonlineinc.com\/no\/\"},{\"@type\":\"ListItem\",\"position\":2,\"name\":\"Produkter\",\"item\":\"https:\/\/globalmedsonlineinc.com\/no\/produkter\/\"},{\"@type\":\"ListItem\",\"position\":3,\"name\":\"Kj\u00f8p amfetaminpulver p\u00e5 nett\"}]},{\"@type\":\"WebSite\",\"@id\":\"https:\/\/globalmedsonlineinc.com\/no\/#website\",\"url\":\"https:\/\/globalmedsonlineinc.com\/no\/\",\"name\":\"Global Meds Inc\",\"description\":\"\",\"publisher\":{\"@id\":\"https:\/\/globalmedsonlineinc.com\/no\/#organization\"},\"potentialAction\":[{\"@type\":\"SearchAction\",\"target\":{\"@type\":\"EntryPoint\",\"urlTemplate\":\"https:\/\/globalmedsonlineinc.com\/no\/?s={search_term_string}\"},\"query-input\":{\"@type\":\"PropertyValueSpecification\",\"valueRequired\":true,\"valueName\":\"search_term_string\"}}],\"inLanguage\":\"nn-NO\"},{\"@type\":\"Organization\",\"@id\":\"https:\/\/globalmedsonlineinc.com\/no\/#organization\",\"name\":\"Global Meds Inc.\",\"url\":\"https:\/\/globalmedsonlineinc.com\/no\/\",\"logo\":{\"@type\":\"ImageObject\",\"inLanguage\":\"nn-NO\",\"@id\":\"https:\/\/globalmedsonlineinc.com\/no\/#\/schema\/logo\/image\/\",\"url\":\"https:\/\/globalmedsonlineinc.com\/no\/content\/media\/uploads\/sites\/10\/2021\/06\/globalmedsonlineincLogoShop20210630123730.00.png\",\"contentUrl\":\"https:\/\/globalmedsonlineinc.com\/no\/content\/media\/uploads\/sites\/10\/2021\/06\/globalmedsonlineincLogoShop20210630123730.00.png\",\"width\":450,\"height\":117,\"caption\":\"Global Meds Inc.\"},\"image\":{\"@id\":\"https:\/\/globalmedsonlineinc.com\/no\/#\/schema\/logo\/image\/\"}}]}<\/script>\n<!-- \/ Yoast SEO plugin. -->","yoast_head_json":{"title":"Amfetaminpulver til salgs p\u00e5 nett | Global Meds Inc.","description":"Amfetaminpulver til salgs p\u00e5 nett. Vi selger Amfetaminpulver av beste kvalitet. Kontakt oss gjerne for mer informasjon og priser.","robots":{"index":"index","follow":"follow","max-snippet":"max-snippet:-1","max-image-preview":"max-image-preview:large","max-video-preview":"max-video-preview:-1"},"canonical":"https:\/\/globalmedsonlineinc.com\/no\/product\/research-chemicals\/amphetamine\/","og_locale":"nn_NO","og_type":"article","og_title":"Amfetaminpulver til salgs p\u00e5 nett | Global Meds Inc.","og_description":"Amfetaminpulver til salgs p\u00e5 nett. Vi selger Amfetaminpulver av beste kvalitet. Kontakt oss gjerne for mer informasjon og priser.","og_url":"https:\/\/globalmedsonlineinc.com\/no\/product\/research-chemicals\/amphetamine\/","og_site_name":"Global Meds Inc","article_modified_time":"2024-02-21T10:43:55+00:00","og_image":[{"width":1200,"height":1200,"url":"https:\/\/globalmedsonlineinc.com\/no\/content\/media\/uploads\/sites\/10\/2021\/07\/Buy-Amphetamine-Powder.jpg","type":"image\/jpeg"}],"twitter_card":"summary_large_image","twitter_misc":{"Est. reading time":"5 minutt"},"schema":{"@context":"https:\/\/schema.org","@graph":[{"@type":"WebPage","@id":"https:\/\/globalmedsonlineinc.com\/no\/product\/research-chemicals\/amphetamine\/","url":"https:\/\/globalmedsonlineinc.com\/no\/product\/research-chemicals\/amphetamine\/","name":"Amfetaminpulver til salgs p\u00e5 nett | Global Meds Inc.","isPartOf":{"@id":"https:\/\/globalmedsonlineinc.com\/no\/#website"},"primaryImageOfPage":{"@id":"https:\/\/globalmedsonlineinc.com\/no\/product\/research-chemicals\/amphetamine\/#primaryimage"},"image":{"@id":"https:\/\/globalmedsonlineinc.com\/no\/product\/research-chemicals\/amphetamine\/#primaryimage"},"thumbnailUrl":"https:\/\/globalmedsonlineinc.com\/no\/content\/media\/uploads\/sites\/10\/2021\/07\/Buy-Amphetamine-Powder.jpg","datePublished":"2021-07-02T19:34:28+00:00","dateModified":"2024-02-21T10:43:55+00:00","description":"Amfetaminpulver til salgs p\u00e5 nett. Vi selger Amfetaminpulver av beste kvalitet. Kontakt oss gjerne for mer informasjon og priser.","breadcrumb":{"@id":"https:\/\/globalmedsonlineinc.com\/no\/product\/research-chemicals\/amphetamine\/#breadcrumb"},"inLanguage":"nn-NO","potentialAction":[{"@type":"ReadAction","target":["https:\/\/globalmedsonlineinc.com\/no\/product\/research-chemicals\/amphetamine\/"]}]},{"@type":"ImageObject","inLanguage":"nn-NO","@id":"https:\/\/globalmedsonlineinc.com\/no\/product\/research-chemicals\/amphetamine\/#primaryimage","url":"https:\/\/globalmedsonlineinc.com\/no\/content\/media\/uploads\/sites\/10\/2021\/07\/Buy-Amphetamine-Powder.jpg","contentUrl":"https:\/\/globalmedsonlineinc.com\/no\/content\/media\/uploads\/sites\/10\/2021\/07\/Buy-Amphetamine-Powder.jpg","width":1200,"height":1200,"caption":"Amfetaminpulver til salgs p\u00e5 nettet"},{"@type":"BreadcrumbList","@id":"https:\/\/globalmedsonlineinc.com\/no\/product\/research-chemicals\/amphetamine\/#breadcrumb","itemListElement":[{"@type":"ListItem","position":1,"name":"Home","item":"https:\/\/globalmedsonlineinc.com\/no\/"},{"@type":"ListItem","position":2,"name":"Produkter","item":"https:\/\/globalmedsonlineinc.com\/no\/produkter\/"},{"@type":"ListItem","position":3,"name":"Kj\u00f8p amfetaminpulver p\u00e5 nett"}]},{"@type":"WebSite","@id":"https:\/\/globalmedsonlineinc.com\/no\/#website","url":"https:\/\/globalmedsonlineinc.com\/no\/","name":"Global Meds Inc","description":"","publisher":{"@id":"https:\/\/globalmedsonlineinc.com\/no\/#organization"},"potentialAction":[{"@type":"SearchAction","target":{"@type":"EntryPoint","urlTemplate":"https:\/\/globalmedsonlineinc.com\/no\/?s={search_term_string}"},"query-input":{"@type":"PropertyValueSpecification","valueRequired":true,"valueName":"search_term_string"}}],"inLanguage":"nn-NO"},{"@type":"Organization","@id":"https:\/\/globalmedsonlineinc.com\/no\/#organization","name":"Global Meds Inc.","url":"https:\/\/globalmedsonlineinc.com\/no\/","logo":{"@type":"ImageObject","inLanguage":"nn-NO","@id":"https:\/\/globalmedsonlineinc.com\/no\/#\/schema\/logo\/image\/","url":"https:\/\/globalmedsonlineinc.com\/no\/content\/media\/uploads\/sites\/10\/2021\/06\/globalmedsonlineincLogoShop20210630123730.00.png","contentUrl":"https:\/\/globalmedsonlineinc.com\/no\/content\/media\/uploads\/sites\/10\/2021\/06\/globalmedsonlineincLogoShop20210630123730.00.png","width":450,"height":117,"caption":"Global Meds Inc."},"image":{"@id":"https:\/\/globalmedsonlineinc.com\/no\/#\/schema\/logo\/image\/"}}]}},"_links":{"self":[{"href":"https:\/\/globalmedsonlineinc.com\/no\/wp-json\/wp\/v2\/product\/9166","targetHints":{"allow":["GET"]}}],"collection":[{"href":"https:\/\/globalmedsonlineinc.com\/no\/wp-json\/wp\/v2\/product"}],"about":[{"href":"https:\/\/globalmedsonlineinc.com\/no\/wp-json\/wp\/v2\/types\/product"}],"replies":[{"embeddable":true,"href":"https:\/\/globalmedsonlineinc.com\/no\/wp-json\/wp\/v2\/comments?post=9166"}],"wp:featuredmedia":[{"embeddable":true,"href":"https:\/\/globalmedsonlineinc.com\/no\/wp-json\/wp\/v2\/media\/9167"}],"wp:attachment":[{"href":"https:\/\/globalmedsonlineinc.com\/no\/wp-json\/wp\/v2\/media?parent=9166"}],"wp:term":[{"taxonomy":"product_brand","embeddable":true,"href":"https:\/\/globalmedsonlineinc.com\/no\/wp-json\/wp\/v2\/product_brand?post=9166"},{"taxonomy":"product_cat","embeddable":true,"href":"https:\/\/globalmedsonlineinc.com\/no\/wp-json\/wp\/v2\/product_cat?post=9166"},{"taxonomy":"product_tag","embeddable":true,"href":"https:\/\/globalmedsonlineinc.com\/no\/wp-json\/wp\/v2\/product_tag?post=9166"}],"curies":[{"name":"wp","href":"https:\/\/api.w.org\/{rel}","templated":true}]}}