{"id":9155,"date":"2021-07-02T19:16:12","date_gmt":"2021-07-02T19:16:12","guid":{"rendered":"https:\/\/globalmedsonlineinc.com\/no\/?post_type=product&#038;p=9155"},"modified":"2024-02-21T10:44:42","modified_gmt":"2024-02-21T10:44:42","slug":"mephedrone-4-mmc","status":"publish","type":"product","link":"https:\/\/globalmedsonlineinc.com\/no\/product\/research-chemicals\/mephedrone-4-mmc\/","title":{"rendered":"Kj\u00f8p Mephedrone (4-MMC) p\u00e5 nett"},"content":{"rendered":"<h1>Mephedrone (4-MMC) til salgs p\u00e5 nettet<\/h1>\n<p><a href=\"https:\/\/globalmedsonlineinc.com\/no\/product\/research-chemicals\/mephedrone-4-mmc\/\">Mephedrone (4-MMC) til salgs<\/a> p\u00e5 nettet. Mephedrone er en spesialist som leverer monoamin. Det er en kiral forbindelse og begge dens enantiomerer viser sammenlignende intensitet som substrater ved dopaminb\u00e6rere. R-mefedron er betydelig mindre kraftig enn S-mefedron som et substrat p\u00e5 serotoninb\u00e6rere.<\/p>\n<p>Keto oksygen gj\u00f8r\u00a0Mephedrone\u00a0(4-MMC) mer hydrofile enn de sammenlignende metylamfetaminene, noe som kan avklare de h\u00f8yere dosene som trengs for \u00e5 oppn\u00e5 en komparativ effekt, ettersom Mephedrone (4-MMC) er <a href=\"https:\/\/en.wikipedia. org\/wiki\/Mephedrone\">mindre<\/a> klar til \u00e5 krysse blod-sinn-hindringen. kj\u00f8pe mefedron p\u00e5 nettet<\/p>\n<p>Mefedron (4-MMC) blir ofte gjennombrent sammen med brennevin. En unders\u00f8kelse p\u00e5 mus analyserte samarbeidet mellom disse to stoffene og nullstilte de psykostimulerende egenskapene til 4-MMC. Det ble oppdaget at brennevin ved lave (ikke-energigivende) porsjoner fundamentalt forbedret de psykostimulerende virkningene av 4-MMC. Denne p\u00e5virkningen ble avbrutt av en \u00f8kning i synaptisk dopamin, ettersom haloperidol, men ikke ketanserin, hadde muligheten til \u00e5 hindre potensering med brennevin. Dessuten ble de l\u00f8nnsomme egenskapene til 4-MMC oppgradert med en lav, ikke-kompenserende andel brennevin. M-CAT-foresp\u00f8rsel p\u00e5 nettet hvor du kan kj\u00f8pe beskjedne 4-MMC p\u00e5 nettet, kj\u00f8pe mefedron p\u00e5 nettet<\/p>\n<p>Mephedrone (4-MMC) Online\u00a0er en av mange moteriktige stoffer eller legitime h\u00f8ydepunkter som har blitt gjort rede for i det siste, inkludert syntetiske stoffer som konstruert cannabis og halvfabrikata som metylheksanamin. Disse medisinene er hovedsakelig utviklet for \u00e5 komme vekk fra kontroll av lover mot ulovlige medisiner, som skaffet dem navnet p\u00e5 arkitektmedisiner. Som indikert av European Monitoring Centre for Drugs and Drug Addiction, ble sammenslutningen av mefedron f\u00f8rst fremstilt i 1929 av Saem de Burnaga Sanchez i Bulletin de la Soci\u00e9t\u00e9 Chimique de France under navnet &#8220;Toluyl-alpha-monomethylaminoethylcetone&#8221;, men forbindelsen ble v\u00e6rende. et m\u00f8rkt resultat av den vitenskapelige verden frem til 2003, da den ble &#8220;gjenoppdaget&#8221; og distribuert av en underjordisk fysiker p\u00e5 nettstedet The Hive under nom de plume. &#8220;Motor postet p\u00e5 nettsiden: &#8220;Jeg har v\u00e6rt utslitt de siste par dagene og hatt det kjempeg\u00f8y med reagenser liggende, s\u00e5 jeg tenkte jeg skulle pr\u00f8ve \u00e5 lage litt 1-(4-metylfenyl)-2- metylaminopropanonhydroklorid eller 4-metylmetkatinon,&#8221; f\u00f8r han skildret at etter \u00e5 ha tatt det, hadde klienten en &#8220;fantastisk f\u00f8lelse av velstand som jeg aldri har f\u00e5tt fra noen medisiner med unntak av min elskede Ecstasy.&#8221; I intervjuer ble Kinetic avbildet som en &#8220;matematiker som pleide \u00e5 fostre d\u00f8sepiller for en stor narkotikaorganisasjon&#8221;, og han uttrykte at han bodde i Israel da han gjenoppdaget mefedron.<\/p>\n<p><strong>Hvordan kan jeg bestille Mephedrone (4-MMC) online?<\/strong><\/p>\n<p>\u00c5 bestille Mephedrone (4-MMC) online er alltid en god avgj\u00f8relse da det hjelper deg med \u00e5 spare b\u00e5de penger og tid. Og den eneste p\u00e5litelige m\u00e5ten \u00e5 kj\u00f8pe Mephedrone (4-MMC) p\u00e5 nettet er \u00e5 koble til et nettapotek. Ja, du leste riktig! Det b\u00f8r ikke v\u00e6re et hvilket som helst tilfeldig apotek, men en nettleverand\u00f8r av Mephedrone (4-MMC) som har et godt rykte p\u00e5 nettplattformen, slik at du kan forvente toppkvalitetsprodukter og rettidig levering fra dem og ikke f\u00f8le noen byrde av noe slag.<\/p>\n<p>Online Mephedrone (4-MMC) Leverand\u00f8r \u2013 Du forst\u00e5r at det er den eneste beste m\u00e5ten \u00e5 kj\u00f8pe Mephedrone (4-MMC) p\u00e5 nettet<\/p>\n<p>Et online mephedrone (4-MMC) apotek som v\u00e5rt er et perfekt valg n\u00e5r det gjelder \u00e5 kj\u00f8pe Mephedrone (4-MMC) online. Med hjelp fra et p\u00e5litelig og profesjonelt apotek kan du kj\u00f8pe de beste produktene og sikre deres effektivitet og sikkerhetsutsikter.<\/p>\n<p>De profesjonelle leverand\u00f8rene f\u00f8lger alltid sine plikter og ansvar overfor kunder seri\u00f8st. Prisene p\u00e5 nettapoteket for \u00e5 kj\u00f8pe Mephedrone (4-MMC) eller andre relaterte produkter er rimelige og rimelige av alle. Det er ikke n\u00f8dvendig \u00e5 bruke en formue for \u00e5 kj\u00f8pe disse produktene.<\/p>\n<p>Mephedrone (4-MMC)-pulver av god kvalitet p\u00e5 nettet: Det er fullstendig forst\u00e5tt at folk ikke raskt stoler p\u00e5 kvaliteten p\u00e5 Mephedrone (4-MMC)-pulver som selges online, fordi de ikke kan unders\u00f8ke det fysisk. Men det er ikke det samme med Online Mephedrone (4-MMC) pulverleverand\u00f8rer p\u00e5 nettet. Produktene her er tro mot beskrivelsen med vedlikehold av h\u00f8y kvalitet utf\u00f8rt under tilsyn av eksperter.<\/p>\n<p>Rask &amp; Diskret frakt: Leveringen av Mephedrone (4-MMC) online etter mottak av bestillingen gj\u00f8res innenfor den lovede tidsrammen. Fraktteamet legger all sin innsats i \u00e5 gj\u00f8re frakt- og leveringsprosedyren jevn og rask. Du kan ogs\u00e5 forvente utmerkede tjenester n\u00e5r du kj\u00f8per Mephedrone (4-MMC) online fra profesjonelle p\u00e5 nettplattformen.<\/p>\n","protected":false},"excerpt":{"rendered":"<p>Mefedron kan komme i form av kapsler, tabletter eller hvitt pulver som brukere kan svelge, sn\u00f8fte, injisere, r\u00f8yke eller bruke rektalt. N\u00e5r det ble tatt oralt, rapporterte brukere at de kunne f\u00f8le effekten innen 15\u201345 minutter; n\u00e5r sn\u00f8ftet<\/p>\n<p>Mephedrone er en av hundrevis av designermedisiner eller juridiske topper som har blitt rapportert de siste \u00e5rene, inkludert kunstige kjemikalier som syntetisk cannabis og semisyntetiske stoffer som metylheksanamin.<\/p>\n","protected":false},"featured_media":9165,"comment_status":"open","ping_status":"closed","template":"","meta":{"_acf_changed":false,"_monsterinsights_skip_tracking":false,"_monsterinsights_sitenote_active":false,"_monsterinsights_sitenote_note":"","_monsterinsights_sitenote_category":0},"product_brand":[],"product_cat":[53],"product_tag":[654,668,669,645,653,646,647,672,673,678,674,675,676,677,651,648,649,650,634,635,636,637,638,639,640,644,641,642,643,655,666,656,663,664,665,667,659,660,658,657,661,662,652,670,671],"class_list":{"0":"post-9155","1":"product","2":"type-product","3":"status-publish","4":"has-post-thumbnail","6":"product_cat-research-chemicals","7":"product_tag-badesalt-av-mefedron-hvor-man-kan-kjope","8":"product_tag-bestill-m-cat-online","9":"product_tag-bestill-mefedron-online","10":"product_tag-billig-4-mmc-pa-nett","11":"product_tag-darlig-erfaring-med-mefedron","12":"product_tag-definer-mefedron","13":"product_tag-hoykvalitets-mefedron-pa-nett","14":"product_tag-hva-er-mefedron","15":"product_tag-hva-finnes-mefedron-i","16":"product_tag-hvilke-badesalt-inneholder-mefedron","17":"product_tag-hvor-kan-man-kjope-billig-4-mmc-pa-nettet","18":"product_tag-hvor-man-kan-kjope-billig-mefedron-pa-nett","19":"product_tag-hvor-man-kan-kjope-mefedron","20":"product_tag-hvor-man-kan-kjope-mefedron-til-personlig-bruk","21":"product_tag-hvordan-a-lage-mefedron-steg-for-steg","22":"product_tag-hvordan-lage-mefedron","23":"product_tag-hvordan-lage-mefedron-hjemme","24":"product_tag-hvordan-lage-mefedron-plantemat","25":"product_tag-kjop-4-mmc-pa-nett","26":"product_tag-kjop-billig-4-mmc-for-personlig-bruk","27":"product_tag-kjop-billig-4-mmc-pa-nett","28":"product_tag-kjop-billig-mefedron-pa-nett","29":"product_tag-kjop-m-cat-pa-nett","30":"product_tag-kjop-mefedron-for-forskjellige-bruksomrader","31":"product_tag-kjop-mefedron-for-plantebruk","32":"product_tag-kjop-mefedron-pa-nett","33":"product_tag-kjop-mefedron-pa-nett-canada","34":"product_tag-kjop-mefedron-pa-nett-neste-dag-levering","35":"product_tag-kjop-mefedronpulver-pa-nett","36":"product_tag-mefedron-blalys","37":"product_tag-mefedron-gatenavn","38":"product_tag-mefedron-koronavirus","39":"product_tag-mefedron-lovlig","40":"product_tag-mefedron-plantemat","41":"product_tag-mefedron-plantemat-til-salgs","42":"product_tag-mefedron-syntese","43":"product_tag-mefedron-til-personlig-bruk","44":"product_tag-mefedron-til-salgs-pa-nett","45":"product_tag-mefedroneffekter","46":"product_tag-mefedronkrystaller-vs-pulver","47":"product_tag-mephedron","48":"product_tag-mephedron-mefedron-lov","49":"product_tag-misbruk-av-mefedron","50":"product_tag-plantemat-mefedron","51":"product_tag-produkter-som-inneholder-meg-fedron","53":"first","54":"instock","55":"sale","56":"featured","57":"shipping-taxable","58":"purchasable","59":"product-type-variable","60":"has-default-attributes"},"acf":[],"yoast_head":"<!-- This site is optimized with the Yoast SEO plugin v27.2 - https:\/\/yoast.com\/product\/yoast-seo-wordpress\/ -->\n<title>Mephedrone (4-MMC) til salgs p\u00e5 nett | Global Meds Inc.<\/title>\n<meta name=\"description\" content=\"Mephedrone (4-MMC) til salgs p\u00e5 nett. Vi selger Mephedrone-pulver av beste kvalitet. Kontakt oss gjerne for mer informasjon og priser.\" \/>\n<meta name=\"robots\" content=\"index, follow, max-snippet:-1, max-image-preview:large, max-video-preview:-1\" \/>\n<link rel=\"canonical\" href=\"https:\/\/globalmedsonlineinc.com\/no\/product\/research-chemicals\/mephedrone-4-mmc\/\" \/>\n<meta property=\"og:locale\" content=\"nn_NO\" \/>\n<meta property=\"og:type\" content=\"article\" \/>\n<meta property=\"og:title\" content=\"Mephedrone (4-MMC) til salgs p\u00e5 nett | Global Meds Inc.\" \/>\n<meta property=\"og:description\" content=\"Mephedrone (4-MMC) til salgs p\u00e5 nett. Vi selger Mephedrone-pulver av beste kvalitet. Kontakt oss gjerne for mer informasjon og priser.\" \/>\n<meta property=\"og:url\" content=\"https:\/\/globalmedsonlineinc.com\/no\/product\/research-chemicals\/mephedrone-4-mmc\/\" \/>\n<meta property=\"og:site_name\" content=\"Global Meds Inc\" \/>\n<meta property=\"article:modified_time\" content=\"2024-02-21T10:44:42+00:00\" \/>\n<meta property=\"og:image\" content=\"https:\/\/globalmedsonlineinc.com\/no\/content\/media\/uploads\/sites\/10\/2021\/07\/MEPHEDRONE-PILLS.jpg\" \/>\n\t<meta property=\"og:image:width\" content=\"1200\" \/>\n\t<meta property=\"og:image:height\" content=\"1200\" \/>\n\t<meta property=\"og:image:type\" content=\"image\/jpeg\" \/>\n<meta name=\"twitter:card\" content=\"summary_large_image\" \/>\n<meta name=\"twitter:label1\" content=\"Est. reading time\" \/>\n\t<meta name=\"twitter:data1\" content=\"4 minutt\" \/>\n<script type=\"application\/ld+json\" class=\"yoast-schema-graph\">{\"@context\":\"https:\/\/schema.org\",\"@graph\":[{\"@type\":\"WebPage\",\"@id\":\"https:\/\/globalmedsonlineinc.com\/no\/product\/research-chemicals\/mephedrone-4-mmc\/\",\"url\":\"https:\/\/globalmedsonlineinc.com\/no\/product\/research-chemicals\/mephedrone-4-mmc\/\",\"name\":\"Mephedrone (4-MMC) til salgs p\u00e5 nett | Global Meds Inc.\",\"isPartOf\":{\"@id\":\"https:\/\/globalmedsonlineinc.com\/no\/#website\"},\"primaryImageOfPage\":{\"@id\":\"https:\/\/globalmedsonlineinc.com\/no\/product\/research-chemicals\/mephedrone-4-mmc\/#primaryimage\"},\"image\":{\"@id\":\"https:\/\/globalmedsonlineinc.com\/no\/product\/research-chemicals\/mephedrone-4-mmc\/#primaryimage\"},\"thumbnailUrl\":\"https:\/\/globalmedsonlineinc.com\/no\/content\/media\/uploads\/sites\/10\/2021\/07\/MEPHEDRONE-PILLS.jpg\",\"datePublished\":\"2021-07-02T19:16:12+00:00\",\"dateModified\":\"2024-02-21T10:44:42+00:00\",\"description\":\"Mephedrone (4-MMC) til salgs p\u00e5 nett. Vi selger Mephedrone-pulver av beste kvalitet. Kontakt oss gjerne for mer informasjon og priser.\",\"breadcrumb\":{\"@id\":\"https:\/\/globalmedsonlineinc.com\/no\/product\/research-chemicals\/mephedrone-4-mmc\/#breadcrumb\"},\"inLanguage\":\"nn-NO\",\"potentialAction\":[{\"@type\":\"ReadAction\",\"target\":[\"https:\/\/globalmedsonlineinc.com\/no\/product\/research-chemicals\/mephedrone-4-mmc\/\"]}]},{\"@type\":\"ImageObject\",\"inLanguage\":\"nn-NO\",\"@id\":\"https:\/\/globalmedsonlineinc.com\/no\/product\/research-chemicals\/mephedrone-4-mmc\/#primaryimage\",\"url\":\"https:\/\/globalmedsonlineinc.com\/no\/content\/media\/uploads\/sites\/10\/2021\/07\/MEPHEDRONE-PILLS.jpg\",\"contentUrl\":\"https:\/\/globalmedsonlineinc.com\/no\/content\/media\/uploads\/sites\/10\/2021\/07\/MEPHEDRONE-PILLS.jpg\",\"width\":1200,\"height\":1200,\"caption\":\"Mephedrone (4-MMC) til salgs p\u00e5 nettet\"},{\"@type\":\"BreadcrumbList\",\"@id\":\"https:\/\/globalmedsonlineinc.com\/no\/product\/research-chemicals\/mephedrone-4-mmc\/#breadcrumb\",\"itemListElement\":[{\"@type\":\"ListItem\",\"position\":1,\"name\":\"Home\",\"item\":\"https:\/\/globalmedsonlineinc.com\/no\/\"},{\"@type\":\"ListItem\",\"position\":2,\"name\":\"Produkter\",\"item\":\"https:\/\/globalmedsonlineinc.com\/no\/produkter\/\"},{\"@type\":\"ListItem\",\"position\":3,\"name\":\"Kj\u00f8p Mephedrone (4-MMC) p\u00e5 nett\"}]},{\"@type\":\"WebSite\",\"@id\":\"https:\/\/globalmedsonlineinc.com\/no\/#website\",\"url\":\"https:\/\/globalmedsonlineinc.com\/no\/\",\"name\":\"Global Meds Inc\",\"description\":\"\",\"publisher\":{\"@id\":\"https:\/\/globalmedsonlineinc.com\/no\/#organization\"},\"potentialAction\":[{\"@type\":\"SearchAction\",\"target\":{\"@type\":\"EntryPoint\",\"urlTemplate\":\"https:\/\/globalmedsonlineinc.com\/no\/?s={search_term_string}\"},\"query-input\":{\"@type\":\"PropertyValueSpecification\",\"valueRequired\":true,\"valueName\":\"search_term_string\"}}],\"inLanguage\":\"nn-NO\"},{\"@type\":\"Organization\",\"@id\":\"https:\/\/globalmedsonlineinc.com\/no\/#organization\",\"name\":\"Global Meds Inc.\",\"url\":\"https:\/\/globalmedsonlineinc.com\/no\/\",\"logo\":{\"@type\":\"ImageObject\",\"inLanguage\":\"nn-NO\",\"@id\":\"https:\/\/globalmedsonlineinc.com\/no\/#\/schema\/logo\/image\/\",\"url\":\"https:\/\/globalmedsonlineinc.com\/no\/content\/media\/uploads\/sites\/10\/2021\/06\/globalmedsonlineincLogoShop20210630123730.00.png\",\"contentUrl\":\"https:\/\/globalmedsonlineinc.com\/no\/content\/media\/uploads\/sites\/10\/2021\/06\/globalmedsonlineincLogoShop20210630123730.00.png\",\"width\":450,\"height\":117,\"caption\":\"Global Meds Inc.\"},\"image\":{\"@id\":\"https:\/\/globalmedsonlineinc.com\/no\/#\/schema\/logo\/image\/\"}}]}<\/script>\n<!-- \/ Yoast SEO plugin. -->","yoast_head_json":{"title":"Mephedrone (4-MMC) til salgs p\u00e5 nett | Global Meds Inc.","description":"Mephedrone (4-MMC) til salgs p\u00e5 nett. Vi selger Mephedrone-pulver av beste kvalitet. Kontakt oss gjerne for mer informasjon og priser.","robots":{"index":"index","follow":"follow","max-snippet":"max-snippet:-1","max-image-preview":"max-image-preview:large","max-video-preview":"max-video-preview:-1"},"canonical":"https:\/\/globalmedsonlineinc.com\/no\/product\/research-chemicals\/mephedrone-4-mmc\/","og_locale":"nn_NO","og_type":"article","og_title":"Mephedrone (4-MMC) til salgs p\u00e5 nett | Global Meds Inc.","og_description":"Mephedrone (4-MMC) til salgs p\u00e5 nett. Vi selger Mephedrone-pulver av beste kvalitet. Kontakt oss gjerne for mer informasjon og priser.","og_url":"https:\/\/globalmedsonlineinc.com\/no\/product\/research-chemicals\/mephedrone-4-mmc\/","og_site_name":"Global Meds Inc","article_modified_time":"2024-02-21T10:44:42+00:00","og_image":[{"width":1200,"height":1200,"url":"https:\/\/globalmedsonlineinc.com\/no\/content\/media\/uploads\/sites\/10\/2021\/07\/MEPHEDRONE-PILLS.jpg","type":"image\/jpeg"}],"twitter_card":"summary_large_image","twitter_misc":{"Est. reading time":"4 minutt"},"schema":{"@context":"https:\/\/schema.org","@graph":[{"@type":"WebPage","@id":"https:\/\/globalmedsonlineinc.com\/no\/product\/research-chemicals\/mephedrone-4-mmc\/","url":"https:\/\/globalmedsonlineinc.com\/no\/product\/research-chemicals\/mephedrone-4-mmc\/","name":"Mephedrone (4-MMC) til salgs p\u00e5 nett | Global Meds Inc.","isPartOf":{"@id":"https:\/\/globalmedsonlineinc.com\/no\/#website"},"primaryImageOfPage":{"@id":"https:\/\/globalmedsonlineinc.com\/no\/product\/research-chemicals\/mephedrone-4-mmc\/#primaryimage"},"image":{"@id":"https:\/\/globalmedsonlineinc.com\/no\/product\/research-chemicals\/mephedrone-4-mmc\/#primaryimage"},"thumbnailUrl":"https:\/\/globalmedsonlineinc.com\/no\/content\/media\/uploads\/sites\/10\/2021\/07\/MEPHEDRONE-PILLS.jpg","datePublished":"2021-07-02T19:16:12+00:00","dateModified":"2024-02-21T10:44:42+00:00","description":"Mephedrone (4-MMC) til salgs p\u00e5 nett. Vi selger Mephedrone-pulver av beste kvalitet. Kontakt oss gjerne for mer informasjon og priser.","breadcrumb":{"@id":"https:\/\/globalmedsonlineinc.com\/no\/product\/research-chemicals\/mephedrone-4-mmc\/#breadcrumb"},"inLanguage":"nn-NO","potentialAction":[{"@type":"ReadAction","target":["https:\/\/globalmedsonlineinc.com\/no\/product\/research-chemicals\/mephedrone-4-mmc\/"]}]},{"@type":"ImageObject","inLanguage":"nn-NO","@id":"https:\/\/globalmedsonlineinc.com\/no\/product\/research-chemicals\/mephedrone-4-mmc\/#primaryimage","url":"https:\/\/globalmedsonlineinc.com\/no\/content\/media\/uploads\/sites\/10\/2021\/07\/MEPHEDRONE-PILLS.jpg","contentUrl":"https:\/\/globalmedsonlineinc.com\/no\/content\/media\/uploads\/sites\/10\/2021\/07\/MEPHEDRONE-PILLS.jpg","width":1200,"height":1200,"caption":"Mephedrone (4-MMC) til salgs p\u00e5 nettet"},{"@type":"BreadcrumbList","@id":"https:\/\/globalmedsonlineinc.com\/no\/product\/research-chemicals\/mephedrone-4-mmc\/#breadcrumb","itemListElement":[{"@type":"ListItem","position":1,"name":"Home","item":"https:\/\/globalmedsonlineinc.com\/no\/"},{"@type":"ListItem","position":2,"name":"Produkter","item":"https:\/\/globalmedsonlineinc.com\/no\/produkter\/"},{"@type":"ListItem","position":3,"name":"Kj\u00f8p Mephedrone (4-MMC) p\u00e5 nett"}]},{"@type":"WebSite","@id":"https:\/\/globalmedsonlineinc.com\/no\/#website","url":"https:\/\/globalmedsonlineinc.com\/no\/","name":"Global Meds Inc","description":"","publisher":{"@id":"https:\/\/globalmedsonlineinc.com\/no\/#organization"},"potentialAction":[{"@type":"SearchAction","target":{"@type":"EntryPoint","urlTemplate":"https:\/\/globalmedsonlineinc.com\/no\/?s={search_term_string}"},"query-input":{"@type":"PropertyValueSpecification","valueRequired":true,"valueName":"search_term_string"}}],"inLanguage":"nn-NO"},{"@type":"Organization","@id":"https:\/\/globalmedsonlineinc.com\/no\/#organization","name":"Global Meds Inc.","url":"https:\/\/globalmedsonlineinc.com\/no\/","logo":{"@type":"ImageObject","inLanguage":"nn-NO","@id":"https:\/\/globalmedsonlineinc.com\/no\/#\/schema\/logo\/image\/","url":"https:\/\/globalmedsonlineinc.com\/no\/content\/media\/uploads\/sites\/10\/2021\/06\/globalmedsonlineincLogoShop20210630123730.00.png","contentUrl":"https:\/\/globalmedsonlineinc.com\/no\/content\/media\/uploads\/sites\/10\/2021\/06\/globalmedsonlineincLogoShop20210630123730.00.png","width":450,"height":117,"caption":"Global Meds Inc."},"image":{"@id":"https:\/\/globalmedsonlineinc.com\/no\/#\/schema\/logo\/image\/"}}]}},"_links":{"self":[{"href":"https:\/\/globalmedsonlineinc.com\/no\/wp-json\/wp\/v2\/product\/9155","targetHints":{"allow":["GET"]}}],"collection":[{"href":"https:\/\/globalmedsonlineinc.com\/no\/wp-json\/wp\/v2\/product"}],"about":[{"href":"https:\/\/globalmedsonlineinc.com\/no\/wp-json\/wp\/v2\/types\/product"}],"replies":[{"embeddable":true,"href":"https:\/\/globalmedsonlineinc.com\/no\/wp-json\/wp\/v2\/comments?post=9155"}],"wp:featuredmedia":[{"embeddable":true,"href":"https:\/\/globalmedsonlineinc.com\/no\/wp-json\/wp\/v2\/media\/9165"}],"wp:attachment":[{"href":"https:\/\/globalmedsonlineinc.com\/no\/wp-json\/wp\/v2\/media?parent=9155"}],"wp:term":[{"taxonomy":"product_brand","embeddable":true,"href":"https:\/\/globalmedsonlineinc.com\/no\/wp-json\/wp\/v2\/product_brand?post=9155"},{"taxonomy":"product_cat","embeddable":true,"href":"https:\/\/globalmedsonlineinc.com\/no\/wp-json\/wp\/v2\/product_cat?post=9155"},{"taxonomy":"product_tag","embeddable":true,"href":"https:\/\/globalmedsonlineinc.com\/no\/wp-json\/wp\/v2\/product_tag?post=9155"}],"curies":[{"name":"wp","href":"https:\/\/api.w.org\/{rel}","templated":true}]}}