{"id":9144,"date":"2021-07-02T18:37:54","date_gmt":"2021-07-02T18:37:54","guid":{"rendered":"https:\/\/globalmedsonlineinc.com\/no\/?post_type=product&#038;p=9144"},"modified":"2024-02-21T10:45:55","modified_gmt":"2024-02-21T10:45:55","slug":"fentanyl-plaster","status":"publish","type":"product","link":"https:\/\/globalmedsonlineinc.com\/no\/product\/pain-killers\/fentanyl-plaster\/","title":{"rendered":"Kj\u00f8p fentanylplaster p\u00e5 nett"},"content":{"rendered":"<h1>Fentanylplaster til salgs p\u00e5 nettet<\/h1>\n<p><a href=\"https:\/\/globalmedsonlineinc.com\/no\/product\/pain-killers\/fentanyl-plaster\/\">Fentanylplaster til salgs p\u00e5 nett<\/a>. Fentanyl er et potent syntetisk opioidanalgetikum med raskt innsettende og kort virkningsvarighet. Det er en potent agonist ved \u00b5-opioidreseptorene. Historisk sett har det v\u00e6rt <a href=\"https:\/\/en.wikipedia.org\/wiki\/Fentanyl\">brukt<\/a> til \u00e5 behandle gjennombruddssmerter og er ofte brukt som smertestillende middel i forbehandlingsmilj\u00f8er og som et bed\u00f8velsesmiddel i kombinasjon med et benzodiazepin. Siden forskjellige produsenter bruker fentanyl som hovedingrediens i deres merkenavn smertestillende, kommer dette stoffet i b\u00e5de lang- og korttidsvirkende <a href=\"https:\/\/no.wikipedia.org\/wiki\/Fentanyl\">former<\/a>. I dag kan du bestille billige fentanylplaster, piller og til og med injiserbare pakker avhengig av tilstanden din og den mest passende formen.<\/p>\n<p>Det er visse situasjoner som alle st\u00e5r overfor n\u00e5r operasjon er n\u00f8dvendig. For \u00e5 holde smertefulle opplevelser p\u00e5 et minimum, vil helsepersonell anbefale bruk av spesifikke anestetika, vanligvis opiater, for \u00e5 blokkere visse signaler i CNS i en kort periode under operasjonen. Fentanyl er et av disse legemidlene som ogs\u00e5 ofte brukes som et effektivt smertestillende middel. I kombinasjon med natriumpentanol brukes fentanyl til pasienter f\u00f8r operasjoner, for kvinner for \u00e5 lindre smerte under f\u00f8dsel og i andre tilfeller n\u00e5r det er n\u00f8dvendig for \u00e5 lindre smerte i kortere perioder. Du kan bestille billig fentanyl uten resept p\u00e5 nett i ulike former og doser og ogs\u00e5 bruke det hjemme som et kraftig bed\u00f8velses- og smertestillende middel. Hos oss kan du alltid kj\u00f8pe fentanylplaster enkelt p\u00e5 nett.<\/p>\n<p>Du kan komme direkte i kontakt med nettapoteket gjennom dets offisielle nettsted og dele bestillingsdetaljene dine for Fentanyl-plaster etter \u00e5 betale for det samme ved \u00e5 bruke de tilgjengelige betalingsalternativene.<\/p>\n<p>Teamet av ledere vil ta seg av ordredetaljene dine og fors\u00f8ke \u00e5 fullf\u00f8re dem s\u00e5 snart som mulig. Pakketeamet vil pakke bestillingen din med ytterste presisjon for \u00e5 sikre at den ikke blir skadet under transporten.<\/p>\n<p>Hvis du har bestemt deg for \u00e5 kj\u00f8pe Fentanyl-plaster online, kan du kontakte nettapoteket i dag og bestille. Bestillingen din vil snart bli fullf\u00f8rt av teammedlemmene.<\/p>\n<p>fentanyl 100mcg plaster (ogs\u00e5 kjent som fentanil) er en potent, syntetisk opioid smertestillende medikament med raskt innsettende og kort virkningsvarighet. Det er en sterk agonist ved \u03bc-opioidreseptorene. Fentanyl er ansl\u00e5tt \u00e5 v\u00e6re mellom 50 og 100 ganger s\u00e5 potent som morfin.<\/p>\n<p>Fentanyl 100mcg plaster ble f\u00f8rst laget av Paul Janssen i 1960, etter den medisinske oppstarten av pethidin (ogs\u00e5 kjent som meperidin, markedsf\u00f8rt som Demerol) flere \u00e5r tidligere. Janssen utviklet fentanyl ved \u00e5 analysere analoger av det strukturelt beslektede stoffet petidin for opioidaktivitet.<\/p>\n<p>Den utbredte bruken av fentanyl utl\u00f8ste produksjonen av fentanylsitrat (saltet som ble dannet ved \u00e5 kombinere fentanyl og sitronsyre i en 1:1 st\u00f8kiometri), som gikk inn i medisinsk bruk som generell anestesi under handelsnavnet Sublimaze p\u00e5 1960-tallet. Etter dette ble mange andre fentanylanaloger utviklet og introdusert i medisinsk praksis, inkludert sufentanil, alfentanil, remifentanil og lofentanil.<\/p>\n<p>Fentanyl 100mcg-plaster P\u00e5 midten av 1990-tallet ble fentanyl introdusert for palliativ bruk med fentanylplasteret, fulgt i det neste ti\u00e5ret av introduksjonen av fentanyl-lollipop, oppl\u00f8sningstabletter og sublingual spray som resorberes gjennom huden inne i munnen. av 2012 var fentanyl det mest brukte syntetiske opioidet i medisin. I 2013 ble 1700 kilo brukt globalt.<\/p>\n<p>Fentanyl brukes ogs\u00e5 som et rekreasjonsmiddel, og denne bruken har f\u00f8rt til tusenvis av overdosed\u00f8dsfall hvert \u00e5r de siste \u00e5rene. D\u00f8dsfall er ogs\u00e5 et resultat av feil medisinsk bruk. Fentanyl har en relativt bred terapeutisk indeks (270) som gj\u00f8r det til et sv\u00e6rt trygt kirurgisk bed\u00f8velsesmiddel n\u00e5r det overv\u00e5kes n\u00f8ye; dens ekstreme styrke krever imidlertid n\u00f8ye m\u00e5linger av h\u00f8yt fortynnet fentanyl i l\u00f8sning; fors\u00f8k p\u00e5 \u00e5 n\u00f8yaktig m\u00e5le en dose rent fentanylpulver er upraktisk uten avansert vitenskapelig utstyr, da en effektiv dose og en d\u00f8delig dose fentanylpulver plassert ved siden av hverandre ville v\u00e6re vanskelig eller umulig \u00e5 skille med det blotte \u00f8ye<\/p>\n<p>Fentanylpiller, pulver, plaster, v\u00e6ske, alt tilgjengelig, bestill n\u00e5 online hos oss.<\/p>\n<p>Fentanylplaster av god kvalitet p\u00e5 nettet: Det er fullstendig forst\u00e5tt at folk ikke raskt stoler p\u00e5 kvaliteten p\u00e5 fentanylplaster p\u00e5 nettet som selges p\u00e5 nettet fordi de ikke kan unders\u00f8ke det fysisk. Men det er ikke det samme med Online Fentanyl Patches online leverand\u00f8rer. Produktene her er tro mot beskrivelsen med vedlikehold av h\u00f8y kvalitet utf\u00f8rt under tilsyn av eksperter.<\/p>\n<p>Rask &amp; Diskret frakt: Leveringen av Fentanyl-lappene p\u00e5 nettet etter mottak av bestillingen skjer innenfor den lovede tidsrammen. Fraktteamet legger all sin innsats i \u00e5 gj\u00f8re frakt- og leveringsprosedyren jevn og rask. Du kan ogs\u00e5 forvente utmerkede tjenester n\u00e5r du kj\u00f8per Fentanyl Patcher online fra profesjonelle p\u00e5 nettplattformen.<\/p>\n","protected":false},"excerpt":{"rendered":"<p>Fentanyl er et legemiddel som brukes til \u00e5 lindre kroniske smerter. Plasteret inneholder et reservoar av medisinen som sakte frigj\u00f8res for \u00e5 gi smertekontroll d\u00f8gnet rundt.<\/p>\n","protected":false},"featured_media":9145,"comment_status":"open","ping_status":"closed","template":"","meta":{"_acf_changed":false,"_monsterinsights_skip_tracking":false,"_monsterinsights_sitenote_active":false,"_monsterinsights_sitenote_note":"","_monsterinsights_sitenote_category":0},"product_brand":[],"product_cat":[52],"product_tag":[679,680,681,682,683,685,707,709,710,691,694,699,696,700,698,701,693,692,689,690,714,715,716,718,717,702,703,705,704,686,695,684,706,708,711,697,712,688,687,713],"class_list":{"0":"post-9144","1":"product","2":"type-product","3":"status-publish","4":"has-post-thumbnail","6":"product_cat-pain-killers","7":"product_tag-100-mg-fentanylplaster","8":"product_tag-100-mikrogram-fentanylplaster","9":"product_tag-681","10":"product_tag-5-mcg-fentanylplaster","11":"product_tag-apotex-fentanylplaster","12":"product_tag-beste-maten-a-misbruke-fentanylplaster-pa","13":"product_tag-bilder-av-fentanylplaster","14":"product_tag-bivirkninger-av-fentanylplaster","15":"product_tag-bivirkninger-av-fentanylplaster-hos-eldre","16":"product_tag-fentanylplaster-50-mg","17":"product_tag-fentanylplaster-for-smerte","18":"product_tag-fentanylplaster-gatepris","19":"product_tag-fentanylplaster-gir-umiddelbar-smertelindring-og-krever-ikke-adjuvante-medisiner","20":"product_tag-fentanylplaster-styrke","21":"product_tag-fentanylplaster-tilbakekalt","22":"product_tag-fentanylplaster-tilbaketrekking","23":"product_tag-fentanylplasterdoser","24":"product_tag-fentanylplastermerker","25":"product_tag-forskjellige-typer-fentanylplaster","26":"product_tag-gjor-fentanylplaster-deg-hoy","27":"product_tag-hva-brukes-fentanylplaster-til","28":"product_tag-hva-er-fentanylplaster","29":"product_tag-hvilken-mg-kommer-fentanylplaster-i","30":"product_tag-hvilken-styrke-kommer-fentanylplaster-i","31":"product_tag-hvilken-tidsplan-er-fentanylplaster","32":"product_tag-hvordan-fungerer-fentanylplaster","33":"product_tag-hvordan-kvitte-seg-med-fentanylplaster","34":"product_tag-hvordan-royke-fentanylplaster","35":"product_tag-hvordan-skyte-fentanylplaster","36":"product_tag-kjop-fentanylplaster","37":"product_tag-overdosering-av-fentanylplaster","38":"product_tag-paforing-av-fentanylplaster","39":"product_tag-produsenter-av-fentanylplaster","40":"product_tag-sandoz-fentanylplaster","41":"product_tag-teva-fentanylplaster-es","42":"product_tag-tilbakekalling-av-fentanylplaster","43":"product_tag-transdermale-fentanylplaster","44":"product_tag-tygge-non-gel-fentanylplaster","45":"product_tag-tyggefentanylplaster","46":"product_tag-watson-fentanylplaster","48":"first","49":"instock","50":"featured","51":"shipping-taxable","52":"purchasable","53":"product-type-variable","54":"has-default-attributes"},"acf":[],"yoast_head":"<!-- This site is optimized with the Yoast SEO plugin v27.2 - https:\/\/yoast.com\/product\/yoast-seo-wordpress\/ -->\n<title>Fentanylplaster til salgs p\u00e5 nett | Global Meds Inc.<\/title>\n<meta name=\"description\" content=\"Fentanylplaster til salgs p\u00e5 nett. Vi selger Fentanyl-plaster av beste kvalitet. Kontakt oss gjerne for mer informasjon og priser.\" \/>\n<meta name=\"robots\" content=\"index, follow, max-snippet:-1, max-image-preview:large, max-video-preview:-1\" \/>\n<link rel=\"canonical\" href=\"https:\/\/globalmedsonlineinc.com\/no\/product\/pain-killers\/fentanyl-plaster\/\" \/>\n<meta property=\"og:locale\" content=\"nn_NO\" \/>\n<meta property=\"og:type\" content=\"article\" \/>\n<meta property=\"og:title\" content=\"Fentanylplaster til salgs p\u00e5 nett | Global Meds Inc.\" \/>\n<meta property=\"og:description\" content=\"Fentanylplaster til salgs p\u00e5 nett. Vi selger Fentanyl-plaster av beste kvalitet. Kontakt oss gjerne for mer informasjon og priser.\" \/>\n<meta property=\"og:url\" content=\"https:\/\/globalmedsonlineinc.com\/no\/product\/pain-killers\/fentanyl-plaster\/\" \/>\n<meta property=\"og:site_name\" content=\"Global Meds Inc\" \/>\n<meta property=\"article:modified_time\" content=\"2024-02-21T10:45:55+00:00\" \/>\n<meta property=\"og:image\" content=\"https:\/\/globalmedsonlineinc.com\/no\/content\/media\/uploads\/sites\/10\/2021\/07\/Fentanyl-100mcg-patch.jpg\" \/>\n\t<meta property=\"og:image:width\" content=\"1200\" \/>\n\t<meta property=\"og:image:height\" content=\"1200\" \/>\n\t<meta property=\"og:image:type\" content=\"image\/jpeg\" \/>\n<meta name=\"twitter:card\" content=\"summary_large_image\" \/>\n<meta name=\"twitter:label1\" content=\"Est. reading time\" \/>\n\t<meta name=\"twitter:data1\" content=\"5 minutt\" \/>\n<script type=\"application\/ld+json\" class=\"yoast-schema-graph\">{\"@context\":\"https:\/\/schema.org\",\"@graph\":[{\"@type\":\"WebPage\",\"@id\":\"https:\/\/globalmedsonlineinc.com\/no\/product\/pain-killers\/fentanyl-plaster\/\",\"url\":\"https:\/\/globalmedsonlineinc.com\/no\/product\/pain-killers\/fentanyl-plaster\/\",\"name\":\"Fentanylplaster til salgs p\u00e5 nett | Global Meds Inc.\",\"isPartOf\":{\"@id\":\"https:\/\/globalmedsonlineinc.com\/no\/#website\"},\"primaryImageOfPage\":{\"@id\":\"https:\/\/globalmedsonlineinc.com\/no\/product\/pain-killers\/fentanyl-plaster\/#primaryimage\"},\"image\":{\"@id\":\"https:\/\/globalmedsonlineinc.com\/no\/product\/pain-killers\/fentanyl-plaster\/#primaryimage\"},\"thumbnailUrl\":\"https:\/\/globalmedsonlineinc.com\/no\/content\/media\/uploads\/sites\/10\/2021\/07\/Fentanyl-100mcg-patch.jpg\",\"datePublished\":\"2021-07-02T18:37:54+00:00\",\"dateModified\":\"2024-02-21T10:45:55+00:00\",\"description\":\"Fentanylplaster til salgs p\u00e5 nett. Vi selger Fentanyl-plaster av beste kvalitet. Kontakt oss gjerne for mer informasjon og priser.\",\"breadcrumb\":{\"@id\":\"https:\/\/globalmedsonlineinc.com\/no\/product\/pain-killers\/fentanyl-plaster\/#breadcrumb\"},\"inLanguage\":\"nn-NO\",\"potentialAction\":[{\"@type\":\"ReadAction\",\"target\":[\"https:\/\/globalmedsonlineinc.com\/no\/product\/pain-killers\/fentanyl-plaster\/\"]}]},{\"@type\":\"ImageObject\",\"inLanguage\":\"nn-NO\",\"@id\":\"https:\/\/globalmedsonlineinc.com\/no\/product\/pain-killers\/fentanyl-plaster\/#primaryimage\",\"url\":\"https:\/\/globalmedsonlineinc.com\/no\/content\/media\/uploads\/sites\/10\/2021\/07\/Fentanyl-100mcg-patch.jpg\",\"contentUrl\":\"https:\/\/globalmedsonlineinc.com\/no\/content\/media\/uploads\/sites\/10\/2021\/07\/Fentanyl-100mcg-patch.jpg\",\"width\":1200,\"height\":1200,\"caption\":\"Fentanylplaster til salgs p\u00e5 nettet\"},{\"@type\":\"BreadcrumbList\",\"@id\":\"https:\/\/globalmedsonlineinc.com\/no\/product\/pain-killers\/fentanyl-plaster\/#breadcrumb\",\"itemListElement\":[{\"@type\":\"ListItem\",\"position\":1,\"name\":\"Home\",\"item\":\"https:\/\/globalmedsonlineinc.com\/no\/\"},{\"@type\":\"ListItem\",\"position\":2,\"name\":\"Produkter\",\"item\":\"https:\/\/globalmedsonlineinc.com\/no\/produkter\/\"},{\"@type\":\"ListItem\",\"position\":3,\"name\":\"Kj\u00f8p fentanylplaster p\u00e5 nett\"}]},{\"@type\":\"WebSite\",\"@id\":\"https:\/\/globalmedsonlineinc.com\/no\/#website\",\"url\":\"https:\/\/globalmedsonlineinc.com\/no\/\",\"name\":\"Global Meds Inc\",\"description\":\"\",\"publisher\":{\"@id\":\"https:\/\/globalmedsonlineinc.com\/no\/#organization\"},\"potentialAction\":[{\"@type\":\"SearchAction\",\"target\":{\"@type\":\"EntryPoint\",\"urlTemplate\":\"https:\/\/globalmedsonlineinc.com\/no\/?s={search_term_string}\"},\"query-input\":{\"@type\":\"PropertyValueSpecification\",\"valueRequired\":true,\"valueName\":\"search_term_string\"}}],\"inLanguage\":\"nn-NO\"},{\"@type\":\"Organization\",\"@id\":\"https:\/\/globalmedsonlineinc.com\/no\/#organization\",\"name\":\"Global Meds Inc.\",\"url\":\"https:\/\/globalmedsonlineinc.com\/no\/\",\"logo\":{\"@type\":\"ImageObject\",\"inLanguage\":\"nn-NO\",\"@id\":\"https:\/\/globalmedsonlineinc.com\/no\/#\/schema\/logo\/image\/\",\"url\":\"https:\/\/globalmedsonlineinc.com\/no\/content\/media\/uploads\/sites\/10\/2021\/06\/globalmedsonlineincLogoShop20210630123730.00.png\",\"contentUrl\":\"https:\/\/globalmedsonlineinc.com\/no\/content\/media\/uploads\/sites\/10\/2021\/06\/globalmedsonlineincLogoShop20210630123730.00.png\",\"width\":450,\"height\":117,\"caption\":\"Global Meds Inc.\"},\"image\":{\"@id\":\"https:\/\/globalmedsonlineinc.com\/no\/#\/schema\/logo\/image\/\"}}]}<\/script>\n<!-- \/ Yoast SEO plugin. -->","yoast_head_json":{"title":"Fentanylplaster til salgs p\u00e5 nett | Global Meds Inc.","description":"Fentanylplaster til salgs p\u00e5 nett. Vi selger Fentanyl-plaster av beste kvalitet. Kontakt oss gjerne for mer informasjon og priser.","robots":{"index":"index","follow":"follow","max-snippet":"max-snippet:-1","max-image-preview":"max-image-preview:large","max-video-preview":"max-video-preview:-1"},"canonical":"https:\/\/globalmedsonlineinc.com\/no\/product\/pain-killers\/fentanyl-plaster\/","og_locale":"nn_NO","og_type":"article","og_title":"Fentanylplaster til salgs p\u00e5 nett | Global Meds Inc.","og_description":"Fentanylplaster til salgs p\u00e5 nett. Vi selger Fentanyl-plaster av beste kvalitet. Kontakt oss gjerne for mer informasjon og priser.","og_url":"https:\/\/globalmedsonlineinc.com\/no\/product\/pain-killers\/fentanyl-plaster\/","og_site_name":"Global Meds Inc","article_modified_time":"2024-02-21T10:45:55+00:00","og_image":[{"width":1200,"height":1200,"url":"https:\/\/globalmedsonlineinc.com\/no\/content\/media\/uploads\/sites\/10\/2021\/07\/Fentanyl-100mcg-patch.jpg","type":"image\/jpeg"}],"twitter_card":"summary_large_image","twitter_misc":{"Est. reading time":"5 minutt"},"schema":{"@context":"https:\/\/schema.org","@graph":[{"@type":"WebPage","@id":"https:\/\/globalmedsonlineinc.com\/no\/product\/pain-killers\/fentanyl-plaster\/","url":"https:\/\/globalmedsonlineinc.com\/no\/product\/pain-killers\/fentanyl-plaster\/","name":"Fentanylplaster til salgs p\u00e5 nett | Global Meds Inc.","isPartOf":{"@id":"https:\/\/globalmedsonlineinc.com\/no\/#website"},"primaryImageOfPage":{"@id":"https:\/\/globalmedsonlineinc.com\/no\/product\/pain-killers\/fentanyl-plaster\/#primaryimage"},"image":{"@id":"https:\/\/globalmedsonlineinc.com\/no\/product\/pain-killers\/fentanyl-plaster\/#primaryimage"},"thumbnailUrl":"https:\/\/globalmedsonlineinc.com\/no\/content\/media\/uploads\/sites\/10\/2021\/07\/Fentanyl-100mcg-patch.jpg","datePublished":"2021-07-02T18:37:54+00:00","dateModified":"2024-02-21T10:45:55+00:00","description":"Fentanylplaster til salgs p\u00e5 nett. Vi selger Fentanyl-plaster av beste kvalitet. Kontakt oss gjerne for mer informasjon og priser.","breadcrumb":{"@id":"https:\/\/globalmedsonlineinc.com\/no\/product\/pain-killers\/fentanyl-plaster\/#breadcrumb"},"inLanguage":"nn-NO","potentialAction":[{"@type":"ReadAction","target":["https:\/\/globalmedsonlineinc.com\/no\/product\/pain-killers\/fentanyl-plaster\/"]}]},{"@type":"ImageObject","inLanguage":"nn-NO","@id":"https:\/\/globalmedsonlineinc.com\/no\/product\/pain-killers\/fentanyl-plaster\/#primaryimage","url":"https:\/\/globalmedsonlineinc.com\/no\/content\/media\/uploads\/sites\/10\/2021\/07\/Fentanyl-100mcg-patch.jpg","contentUrl":"https:\/\/globalmedsonlineinc.com\/no\/content\/media\/uploads\/sites\/10\/2021\/07\/Fentanyl-100mcg-patch.jpg","width":1200,"height":1200,"caption":"Fentanylplaster til salgs p\u00e5 nettet"},{"@type":"BreadcrumbList","@id":"https:\/\/globalmedsonlineinc.com\/no\/product\/pain-killers\/fentanyl-plaster\/#breadcrumb","itemListElement":[{"@type":"ListItem","position":1,"name":"Home","item":"https:\/\/globalmedsonlineinc.com\/no\/"},{"@type":"ListItem","position":2,"name":"Produkter","item":"https:\/\/globalmedsonlineinc.com\/no\/produkter\/"},{"@type":"ListItem","position":3,"name":"Kj\u00f8p fentanylplaster p\u00e5 nett"}]},{"@type":"WebSite","@id":"https:\/\/globalmedsonlineinc.com\/no\/#website","url":"https:\/\/globalmedsonlineinc.com\/no\/","name":"Global Meds Inc","description":"","publisher":{"@id":"https:\/\/globalmedsonlineinc.com\/no\/#organization"},"potentialAction":[{"@type":"SearchAction","target":{"@type":"EntryPoint","urlTemplate":"https:\/\/globalmedsonlineinc.com\/no\/?s={search_term_string}"},"query-input":{"@type":"PropertyValueSpecification","valueRequired":true,"valueName":"search_term_string"}}],"inLanguage":"nn-NO"},{"@type":"Organization","@id":"https:\/\/globalmedsonlineinc.com\/no\/#organization","name":"Global Meds Inc.","url":"https:\/\/globalmedsonlineinc.com\/no\/","logo":{"@type":"ImageObject","inLanguage":"nn-NO","@id":"https:\/\/globalmedsonlineinc.com\/no\/#\/schema\/logo\/image\/","url":"https:\/\/globalmedsonlineinc.com\/no\/content\/media\/uploads\/sites\/10\/2021\/06\/globalmedsonlineincLogoShop20210630123730.00.png","contentUrl":"https:\/\/globalmedsonlineinc.com\/no\/content\/media\/uploads\/sites\/10\/2021\/06\/globalmedsonlineincLogoShop20210630123730.00.png","width":450,"height":117,"caption":"Global Meds Inc."},"image":{"@id":"https:\/\/globalmedsonlineinc.com\/no\/#\/schema\/logo\/image\/"}}]}},"_links":{"self":[{"href":"https:\/\/globalmedsonlineinc.com\/no\/wp-json\/wp\/v2\/product\/9144","targetHints":{"allow":["GET"]}}],"collection":[{"href":"https:\/\/globalmedsonlineinc.com\/no\/wp-json\/wp\/v2\/product"}],"about":[{"href":"https:\/\/globalmedsonlineinc.com\/no\/wp-json\/wp\/v2\/types\/product"}],"replies":[{"embeddable":true,"href":"https:\/\/globalmedsonlineinc.com\/no\/wp-json\/wp\/v2\/comments?post=9144"}],"wp:featuredmedia":[{"embeddable":true,"href":"https:\/\/globalmedsonlineinc.com\/no\/wp-json\/wp\/v2\/media\/9145"}],"wp:attachment":[{"href":"https:\/\/globalmedsonlineinc.com\/no\/wp-json\/wp\/v2\/media?parent=9144"}],"wp:term":[{"taxonomy":"product_brand","embeddable":true,"href":"https:\/\/globalmedsonlineinc.com\/no\/wp-json\/wp\/v2\/product_brand?post=9144"},{"taxonomy":"product_cat","embeddable":true,"href":"https:\/\/globalmedsonlineinc.com\/no\/wp-json\/wp\/v2\/product_cat?post=9144"},{"taxonomy":"product_tag","embeddable":true,"href":"https:\/\/globalmedsonlineinc.com\/no\/wp-json\/wp\/v2\/product_tag?post=9144"}],"curies":[{"name":"wp","href":"https:\/\/api.w.org\/{rel}","templated":true}]}}