{"id":9137,"date":"2021-07-02T18:28:09","date_gmt":"2021-07-02T18:28:09","guid":{"rendered":"https:\/\/globalmedsonlineinc.com\/no\/?post_type=product&#038;p=9137"},"modified":"2024-02-21T10:46:51","modified_gmt":"2024-02-21T10:46:51","slug":"fentanyl-piller","status":"publish","type":"product","link":"https:\/\/globalmedsonlineinc.com\/no\/product\/pain-killers\/fentanyl-piller\/","title":{"rendered":"Kj\u00f8p fentanyl-piller p\u00e5 nett"},"content":{"rendered":"<h1>Fentanylpiller selges uten resept p\u00e5 nettet<\/h1>\n<p><a href=\"https:\/\/globalmedsonlineinc.com\/no\/product\/pain-killers\/fentanyl-pills\/\">Fentanylpiller til salgs p\u00e5 nett<\/a> uten resept. Fentanyl-piller (ellers kalt fentanil) er et kraftig, <a href=\"https:\/\/no.wikipedia.org\/wiki\/Fentanyl\">produsert<\/a> narkotisk plagemiddel med en rask begynnelse og kort aktivitetstid. Det er en kraftig agonist ved \u03bc-narkotiske reseptorer. Fentanyl er vurdert til \u00e5 v\u00e6re 50 til flere ganger mer intens enn morfin.<\/p>\n<p>Fentanyl-piller ble f\u00f8rst produsert av Paul Janssen i 1960, etter at petidin (ellers kalt meperidin, vist frem som Demerol) hadde blitt tatt med i medisin ganske lenge f\u00f8r. Janssen skapte fentanyl ved \u00e5 screene analoger av den grunnleggende beslektede medisinen petidin for narkotisk virkning. Den brede bruken av fentanyl satte i gang dannelsen av fentanylcitrat (saltet innrammet ved \u00e5 kombinere fentanyl og sitrusekstrakt i en 1:1 st\u00f8kiometri), som kom i klinisk bruk som et generelt beroligende middel p\u00e5 1960-tallet under forretningsvaremerket Sublimaze. Derfor ble det dannet en rekke andre fentanylanaloger og tatt med i klinisk arbeid p\u00e5, inkludert sufentanil, alfentanil, remifentanil og lofentanil. Kj\u00f8p fentanylpiller online<\/p>\n<p>Fentanyl-piller i l\u00f8pet av 1990-tallet, fentanyl ble presentert for palliativ bruk med fentanylfiksen, fortsatte i det f\u00f8lgende ti\u00e5ret ved presentasjonen av fentanylgodteri, oppl\u00f8sningstabletter og sublinguale sprut, som inntas gjennom huden i munnen. I 2012, fentanyl var det mest regelmessig brukte konstruerte narkotikumet i medisin. I 2013 ble 1700 kilo brukt rundt om i verden.<\/p>\n<p>Fentanyl p\u00e5 nettet brukes i tillegg som en sportsmedisin, og denne bruken har f\u00f8rt til mange overfl\u00f8dige passeringer hvert \u00e5r i det siste. Passasjer har i tillegg kommet p\u00e5 grunn av upassende klinisk bruk. Fentanyl har en moderat bred reparasjonsfil (270) som gj\u00f8r den til et eksepsjonelt beskyttet forsiktig beroligende middel med forsiktig observasjon; i alle fall krever grensestyrken forsiktige estimater av dypt svekket fentanyl i arrangementet; \u00c5 fors\u00f8ke \u00e5 m\u00e5le en del uforfalsket fentanylpulver n\u00f8yaktig er urimelig uten banebrytende logisk maskinvare, ettersom en levedyktig del og en d\u00f8delig del av fentanylpulver lagt ved siden av hverandre ville v\u00e6re plagsomt eller vanskelig \u00e5 gjenkjenne med det blotte \u00f8ye.<\/p>\n<p>Fentanyl-piller av god kvalitet p\u00e5 nettet: Det er fullstendig forst\u00e5tt at folk ikke raskt stoler p\u00e5 kvaliteten p\u00e5 Fentanyl-piller som selges p\u00e5 nettet, fordi de ikke kan unders\u00f8ke det fysisk. Men det er ikke det samme med Online Fentanyl piller online leverand\u00f8rer. Produktene her er tro mot beskrivelsen med vedlikehold av h\u00f8y kvalitet utf\u00f8rt under tilsyn av eksperter.<\/p>\n<p>Rask &amp; Diskret frakt: Leveringen av Fentanyl-pillene p\u00e5 nett etter \u00e5 ha mottatt bestillingen skjer innen den lovede tidsrammen. Fraktteamet legger all sin innsats i \u00e5 gj\u00f8re frakt- og leveringsprosedyren jevn og rask. Du kan ogs\u00e5 forvente utmerkede tjenester n\u00e5r du kj\u00f8per Fentanyl-piller online fra profesjonelle p\u00e5 nettplattformen.<\/p>\n","protected":false},"excerpt":{"rendered":"<p>Fentanylpiller P\u00e5 midten av 1990-tallet ble fentanyl introdusert for palliativ bruk med fentanylplasteret, fulgt i det neste ti\u00e5ret av introduksjonen av fentanyllollipop, oppl\u00f8sningstabletter og sublingual spray som resorberes gjennom huden inne i munnen.<\/p>\n","protected":false},"featured_media":9138,"comment_status":"open","ping_status":"closed","template":"","meta":{"_acf_changed":false,"_monsterinsights_skip_tracking":false,"_monsterinsights_sitenote_active":false,"_monsterinsights_sitenote_note":"","_monsterinsights_sitenote_category":0},"product_brand":[],"product_cat":[52],"product_tag":[739,740,745,744,727,726,732,733,729,730,731,728,734,719,746,749,747,748,735,736,737,738,724,725,722,723,742,721,743,720,741],"class_list":{"0":"post-9137","1":"product","2":"type-product","3":"status-publish","4":"has-post-thumbnail","6":"product_cat-pain-killers","7":"product_tag-bestill-fentanyl-vaeske-pa-nettet","8":"product_tag-bilder-av-fentanyl-piller","9":"product_tag-bruk-av-fentanyl-piller","10":"product_tag-det-beste-stedet-a-kjope-fentanyl-vaeske-pa-nettet","11":"product_tag-fentanyl-fentanyl-piller-canada-kontakt","12":"product_tag-fentanyl-liquid-til-salgs","13":"product_tag-fentanyl-piller-forhandlere","14":"product_tag-fentanyl-piller-gateverdi","15":"product_tag-fentanyl-piller-hoy","16":"product_tag-fentanyl-piller-hvor-lang-tid-tar-det-a-virke","17":"product_tag-fentanyl-piller-mg","18":"product_tag-fentanyl-piller-til-salgs","19":"product_tag-fentanyl-uten-resept","20":"product_tag-flaske-fentanyl-piller","21":"product_tag-hva-er-fentanyl-piller","22":"product_tag-hvor-kan-man-fa-tak-i-fentanyl-piller","23":"product_tag-hvor-kan-man-kjope-fentanyl-liquid-online","24":"product_tag-hvor-kan-man-kjope-fentanyl-piller-pa-nettet","25":"product_tag-hvordan-fentanyl-piller-fungerer","26":"product_tag-hvordan-kjope-fentanyl-liquid-online","27":"product_tag-hvordan-kjope-fentanyl-piller-pa-nett","28":"product_tag-hvordan-lage-fentanyl-piller","29":"product_tag-kan-du-royke-fentanyl-piller","30":"product_tag-kan-du-ta-fentanyl-piller-og-hydrokodon-sammen","31":"product_tag-kjop-fentanyl-piller","32":"product_tag-kjop-fentanyl-piller-pa-nett","33":"product_tag-kjop-fentanyl-vaeske-online","34":"product_tag-kjop-fentanyl-vaeske-pa-nett","35":"product_tag-kvalitets-fentanyl-piller-til-en-billig-pris","36":"product_tag-merker-av-fentanyl-piller","37":"product_tag-resept-pa-fentanyl-piller","39":"first","40":"instock","41":"sale","42":"shipping-taxable","43":"purchasable","44":"product-type-variable"},"acf":[],"yoast_head":"<!-- This site is optimized with the Yoast SEO plugin v27.2 - https:\/\/yoast.com\/product\/yoast-seo-wordpress\/ -->\n<title>Fentanyl piller til salgs p\u00e5 nett uten resept | Global Meds Inc.<\/title>\n<meta name=\"description\" content=\"Fentanyl piller til salgs p\u00e5 nett uten resept. Vi selger Fentanyl-piller av beste kvalitet. Kontakt oss gjerne for mer informasjon og priser.\" \/>\n<meta name=\"robots\" content=\"index, follow, max-snippet:-1, max-image-preview:large, max-video-preview:-1\" \/>\n<link rel=\"canonical\" href=\"https:\/\/globalmedsonlineinc.com\/no\/product\/pain-killers\/fentanyl-piller\/\" \/>\n<meta property=\"og:locale\" content=\"nn_NO\" \/>\n<meta property=\"og:type\" content=\"article\" \/>\n<meta property=\"og:title\" content=\"Fentanyl piller til salgs p\u00e5 nett uten resept | Global Meds Inc.\" \/>\n<meta property=\"og:description\" content=\"Fentanyl piller til salgs p\u00e5 nett uten resept. Vi selger Fentanyl-piller av beste kvalitet. Kontakt oss gjerne for mer informasjon og priser.\" \/>\n<meta property=\"og:url\" content=\"https:\/\/globalmedsonlineinc.com\/no\/product\/pain-killers\/fentanyl-piller\/\" \/>\n<meta property=\"og:site_name\" content=\"Global Meds Inc\" \/>\n<meta property=\"article:modified_time\" content=\"2024-02-21T10:46:51+00:00\" \/>\n<meta property=\"og:image\" content=\"https:\/\/globalmedsonlineinc.com\/no\/content\/media\/uploads\/sites\/10\/2021\/07\/FENTANYL-Pills.jpg\" \/>\n\t<meta property=\"og:image:width\" content=\"1200\" \/>\n\t<meta property=\"og:image:height\" content=\"1200\" \/>\n\t<meta property=\"og:image:type\" content=\"image\/jpeg\" \/>\n<meta name=\"twitter:card\" content=\"summary_large_image\" \/>\n<meta name=\"twitter:label1\" content=\"Est. reading time\" \/>\n\t<meta name=\"twitter:data1\" content=\"3 minutt\" \/>\n<script type=\"application\/ld+json\" class=\"yoast-schema-graph\">{\"@context\":\"https:\/\/schema.org\",\"@graph\":[{\"@type\":\"WebPage\",\"@id\":\"https:\/\/globalmedsonlineinc.com\/no\/product\/pain-killers\/fentanyl-piller\/\",\"url\":\"https:\/\/globalmedsonlineinc.com\/no\/product\/pain-killers\/fentanyl-piller\/\",\"name\":\"Fentanyl piller til salgs p\u00e5 nett uten resept | Global Meds Inc.\",\"isPartOf\":{\"@id\":\"https:\/\/globalmedsonlineinc.com\/no\/#website\"},\"primaryImageOfPage\":{\"@id\":\"https:\/\/globalmedsonlineinc.com\/no\/product\/pain-killers\/fentanyl-piller\/#primaryimage\"},\"image\":{\"@id\":\"https:\/\/globalmedsonlineinc.com\/no\/product\/pain-killers\/fentanyl-piller\/#primaryimage\"},\"thumbnailUrl\":\"https:\/\/globalmedsonlineinc.com\/no\/content\/media\/uploads\/sites\/10\/2021\/07\/FENTANYL-Pills.jpg\",\"datePublished\":\"2021-07-02T18:28:09+00:00\",\"dateModified\":\"2024-02-21T10:46:51+00:00\",\"description\":\"Fentanyl piller til salgs p\u00e5 nett uten resept. Vi selger Fentanyl-piller av beste kvalitet. Kontakt oss gjerne for mer informasjon og priser.\",\"breadcrumb\":{\"@id\":\"https:\/\/globalmedsonlineinc.com\/no\/product\/pain-killers\/fentanyl-piller\/#breadcrumb\"},\"inLanguage\":\"nn-NO\",\"potentialAction\":[{\"@type\":\"ReadAction\",\"target\":[\"https:\/\/globalmedsonlineinc.com\/no\/product\/pain-killers\/fentanyl-piller\/\"]}]},{\"@type\":\"ImageObject\",\"inLanguage\":\"nn-NO\",\"@id\":\"https:\/\/globalmedsonlineinc.com\/no\/product\/pain-killers\/fentanyl-piller\/#primaryimage\",\"url\":\"https:\/\/globalmedsonlineinc.com\/no\/content\/media\/uploads\/sites\/10\/2021\/07\/FENTANYL-Pills.jpg\",\"contentUrl\":\"https:\/\/globalmedsonlineinc.com\/no\/content\/media\/uploads\/sites\/10\/2021\/07\/FENTANYL-Pills.jpg\",\"width\":1200,\"height\":1200,\"caption\":\"Fentanyl piller til salgs p\u00e5 nett uten resept\"},{\"@type\":\"BreadcrumbList\",\"@id\":\"https:\/\/globalmedsonlineinc.com\/no\/product\/pain-killers\/fentanyl-piller\/#breadcrumb\",\"itemListElement\":[{\"@type\":\"ListItem\",\"position\":1,\"name\":\"Home\",\"item\":\"https:\/\/globalmedsonlineinc.com\/no\/\"},{\"@type\":\"ListItem\",\"position\":2,\"name\":\"Produkter\",\"item\":\"https:\/\/globalmedsonlineinc.com\/no\/produkter\/\"},{\"@type\":\"ListItem\",\"position\":3,\"name\":\"Kj\u00f8p fentanyl-piller p\u00e5 nett\"}]},{\"@type\":\"WebSite\",\"@id\":\"https:\/\/globalmedsonlineinc.com\/no\/#website\",\"url\":\"https:\/\/globalmedsonlineinc.com\/no\/\",\"name\":\"Global Meds Inc\",\"description\":\"\",\"publisher\":{\"@id\":\"https:\/\/globalmedsonlineinc.com\/no\/#organization\"},\"potentialAction\":[{\"@type\":\"SearchAction\",\"target\":{\"@type\":\"EntryPoint\",\"urlTemplate\":\"https:\/\/globalmedsonlineinc.com\/no\/?s={search_term_string}\"},\"query-input\":{\"@type\":\"PropertyValueSpecification\",\"valueRequired\":true,\"valueName\":\"search_term_string\"}}],\"inLanguage\":\"nn-NO\"},{\"@type\":\"Organization\",\"@id\":\"https:\/\/globalmedsonlineinc.com\/no\/#organization\",\"name\":\"Global Meds Inc.\",\"url\":\"https:\/\/globalmedsonlineinc.com\/no\/\",\"logo\":{\"@type\":\"ImageObject\",\"inLanguage\":\"nn-NO\",\"@id\":\"https:\/\/globalmedsonlineinc.com\/no\/#\/schema\/logo\/image\/\",\"url\":\"https:\/\/globalmedsonlineinc.com\/no\/content\/media\/uploads\/sites\/10\/2021\/06\/globalmedsonlineincLogoShop20210630123730.00.png\",\"contentUrl\":\"https:\/\/globalmedsonlineinc.com\/no\/content\/media\/uploads\/sites\/10\/2021\/06\/globalmedsonlineincLogoShop20210630123730.00.png\",\"width\":450,\"height\":117,\"caption\":\"Global Meds Inc.\"},\"image\":{\"@id\":\"https:\/\/globalmedsonlineinc.com\/no\/#\/schema\/logo\/image\/\"}}]}<\/script>\n<!-- \/ Yoast SEO plugin. -->","yoast_head_json":{"title":"Fentanyl piller til salgs p\u00e5 nett uten resept | Global Meds Inc.","description":"Fentanyl piller til salgs p\u00e5 nett uten resept. Vi selger Fentanyl-piller av beste kvalitet. Kontakt oss gjerne for mer informasjon og priser.","robots":{"index":"index","follow":"follow","max-snippet":"max-snippet:-1","max-image-preview":"max-image-preview:large","max-video-preview":"max-video-preview:-1"},"canonical":"https:\/\/globalmedsonlineinc.com\/no\/product\/pain-killers\/fentanyl-piller\/","og_locale":"nn_NO","og_type":"article","og_title":"Fentanyl piller til salgs p\u00e5 nett uten resept | Global Meds Inc.","og_description":"Fentanyl piller til salgs p\u00e5 nett uten resept. Vi selger Fentanyl-piller av beste kvalitet. Kontakt oss gjerne for mer informasjon og priser.","og_url":"https:\/\/globalmedsonlineinc.com\/no\/product\/pain-killers\/fentanyl-piller\/","og_site_name":"Global Meds Inc","article_modified_time":"2024-02-21T10:46:51+00:00","og_image":[{"width":1200,"height":1200,"url":"https:\/\/globalmedsonlineinc.com\/no\/content\/media\/uploads\/sites\/10\/2021\/07\/FENTANYL-Pills.jpg","type":"image\/jpeg"}],"twitter_card":"summary_large_image","twitter_misc":{"Est. reading time":"3 minutt"},"schema":{"@context":"https:\/\/schema.org","@graph":[{"@type":"WebPage","@id":"https:\/\/globalmedsonlineinc.com\/no\/product\/pain-killers\/fentanyl-piller\/","url":"https:\/\/globalmedsonlineinc.com\/no\/product\/pain-killers\/fentanyl-piller\/","name":"Fentanyl piller til salgs p\u00e5 nett uten resept | Global Meds Inc.","isPartOf":{"@id":"https:\/\/globalmedsonlineinc.com\/no\/#website"},"primaryImageOfPage":{"@id":"https:\/\/globalmedsonlineinc.com\/no\/product\/pain-killers\/fentanyl-piller\/#primaryimage"},"image":{"@id":"https:\/\/globalmedsonlineinc.com\/no\/product\/pain-killers\/fentanyl-piller\/#primaryimage"},"thumbnailUrl":"https:\/\/globalmedsonlineinc.com\/no\/content\/media\/uploads\/sites\/10\/2021\/07\/FENTANYL-Pills.jpg","datePublished":"2021-07-02T18:28:09+00:00","dateModified":"2024-02-21T10:46:51+00:00","description":"Fentanyl piller til salgs p\u00e5 nett uten resept. Vi selger Fentanyl-piller av beste kvalitet. Kontakt oss gjerne for mer informasjon og priser.","breadcrumb":{"@id":"https:\/\/globalmedsonlineinc.com\/no\/product\/pain-killers\/fentanyl-piller\/#breadcrumb"},"inLanguage":"nn-NO","potentialAction":[{"@type":"ReadAction","target":["https:\/\/globalmedsonlineinc.com\/no\/product\/pain-killers\/fentanyl-piller\/"]}]},{"@type":"ImageObject","inLanguage":"nn-NO","@id":"https:\/\/globalmedsonlineinc.com\/no\/product\/pain-killers\/fentanyl-piller\/#primaryimage","url":"https:\/\/globalmedsonlineinc.com\/no\/content\/media\/uploads\/sites\/10\/2021\/07\/FENTANYL-Pills.jpg","contentUrl":"https:\/\/globalmedsonlineinc.com\/no\/content\/media\/uploads\/sites\/10\/2021\/07\/FENTANYL-Pills.jpg","width":1200,"height":1200,"caption":"Fentanyl piller til salgs p\u00e5 nett uten resept"},{"@type":"BreadcrumbList","@id":"https:\/\/globalmedsonlineinc.com\/no\/product\/pain-killers\/fentanyl-piller\/#breadcrumb","itemListElement":[{"@type":"ListItem","position":1,"name":"Home","item":"https:\/\/globalmedsonlineinc.com\/no\/"},{"@type":"ListItem","position":2,"name":"Produkter","item":"https:\/\/globalmedsonlineinc.com\/no\/produkter\/"},{"@type":"ListItem","position":3,"name":"Kj\u00f8p fentanyl-piller p\u00e5 nett"}]},{"@type":"WebSite","@id":"https:\/\/globalmedsonlineinc.com\/no\/#website","url":"https:\/\/globalmedsonlineinc.com\/no\/","name":"Global Meds Inc","description":"","publisher":{"@id":"https:\/\/globalmedsonlineinc.com\/no\/#organization"},"potentialAction":[{"@type":"SearchAction","target":{"@type":"EntryPoint","urlTemplate":"https:\/\/globalmedsonlineinc.com\/no\/?s={search_term_string}"},"query-input":{"@type":"PropertyValueSpecification","valueRequired":true,"valueName":"search_term_string"}}],"inLanguage":"nn-NO"},{"@type":"Organization","@id":"https:\/\/globalmedsonlineinc.com\/no\/#organization","name":"Global Meds Inc.","url":"https:\/\/globalmedsonlineinc.com\/no\/","logo":{"@type":"ImageObject","inLanguage":"nn-NO","@id":"https:\/\/globalmedsonlineinc.com\/no\/#\/schema\/logo\/image\/","url":"https:\/\/globalmedsonlineinc.com\/no\/content\/media\/uploads\/sites\/10\/2021\/06\/globalmedsonlineincLogoShop20210630123730.00.png","contentUrl":"https:\/\/globalmedsonlineinc.com\/no\/content\/media\/uploads\/sites\/10\/2021\/06\/globalmedsonlineincLogoShop20210630123730.00.png","width":450,"height":117,"caption":"Global Meds Inc."},"image":{"@id":"https:\/\/globalmedsonlineinc.com\/no\/#\/schema\/logo\/image\/"}}]}},"_links":{"self":[{"href":"https:\/\/globalmedsonlineinc.com\/no\/wp-json\/wp\/v2\/product\/9137","targetHints":{"allow":["GET"]}}],"collection":[{"href":"https:\/\/globalmedsonlineinc.com\/no\/wp-json\/wp\/v2\/product"}],"about":[{"href":"https:\/\/globalmedsonlineinc.com\/no\/wp-json\/wp\/v2\/types\/product"}],"replies":[{"embeddable":true,"href":"https:\/\/globalmedsonlineinc.com\/no\/wp-json\/wp\/v2\/comments?post=9137"}],"wp:featuredmedia":[{"embeddable":true,"href":"https:\/\/globalmedsonlineinc.com\/no\/wp-json\/wp\/v2\/media\/9138"}],"wp:attachment":[{"href":"https:\/\/globalmedsonlineinc.com\/no\/wp-json\/wp\/v2\/media?parent=9137"}],"wp:term":[{"taxonomy":"product_brand","embeddable":true,"href":"https:\/\/globalmedsonlineinc.com\/no\/wp-json\/wp\/v2\/product_brand?post=9137"},{"taxonomy":"product_cat","embeddable":true,"href":"https:\/\/globalmedsonlineinc.com\/no\/wp-json\/wp\/v2\/product_cat?post=9137"},{"taxonomy":"product_tag","embeddable":true,"href":"https:\/\/globalmedsonlineinc.com\/no\/wp-json\/wp\/v2\/product_tag?post=9137"}],"curies":[{"name":"wp","href":"https:\/\/api.w.org\/{rel}","templated":true}]}}