{"id":9130,"date":"2021-07-02T18:18:52","date_gmt":"2021-07-02T18:18:52","guid":{"rendered":"https:\/\/globalmedsonlineinc.com\/no\/?post_type=product&#038;p=9130"},"modified":"2024-02-21T10:48:02","modified_gmt":"2024-02-21T10:48:02","slug":"dilaudid","status":"publish","type":"product","link":"https:\/\/globalmedsonlineinc.com\/no\/product\/pain-killers\/dilaudid\/","title":{"rendered":"Kj\u00f8p Dilaudid piller p\u00e5 nett"},"content":{"rendered":"<h1>Dilaudid-piller til salgs p\u00e5 nett uten resept<\/h1>\n<p><a href=\"https:\/\/globalmedsonlineinc.com\/no\/product\/pain-killers\/dilaudid\/\">Dilaudid-piller til salgs p\u00e5 nett<\/a> uten resept. Kj\u00f8p Dilaudid 8 mg, Hydromorphone er en opioid smertestillende medisin. Et opioid kalles noen ganger et narkotisk middel.<\/p>\n<p>Dilaudid 8 mg brukes til \u00e5 behandle <a href=\"https:\/\/en.wikipedia.org\/wiki\/Hydromorphone\">moderat<\/a> til alvorlig smerte.<\/p>\n<p>Den utvidede utgivelsesformen av dette legemidlet er for d\u00f8gnkontinuerlig behandling av moderate til sterke smerter. Denne formen for Dilaudid 8 mg er ikke beregnet p\u00e5 bruk etter behov for smerte.<\/p>\n<p>Dilaudid 8 mg Hydromorphone kan ogs\u00e5 brukes til form\u00e5l som ikke er oppf\u00f8rt i denne medisinveiledningen.<\/p>\n<h6>Hva er den viktigste informasjonen jeg b\u00f8r vite om hydromorfon?<\/h6>\n<p>Du b\u00f8r ikke ta hydromorfon hvis du har alvorlige pusteproblemer, eller en blokkering i magen eller tarmen.<\/p>\n<p><b>Dilaudid 8 mg Hydromorphone kan bremse eller stoppe pusten din, og kan v\u00e6re vanedannende.<\/b>\u00a0Bruk kun den foreskrevne dosen din, og svelg en forlenget pille hel for \u00e5 unng\u00e5 en potensielt d\u00f8delig dose. Del aldri Dilaudid 8 mg med en annen person.<\/p>\n<figure class=\"promo-box vmig slideshow ga-event\" data-ga_event-category=\"Slideshow\" data-ga_event-action=\"SS-Promo-Impression\" data-ga_event-label=\"SS: COPD: Could You Be I fare?\" data-ga_event-noninteraction=\"true\"><figcaption><\/figcaption><strong>FEILBRUK AV NARKOTISK MEDISIN KAN FOR\u00c5RSAKE AVHENGIGHET, OVERDOSE ELLER D\u00d8D, spesielt hos et barn eller en annen person som bruker medisinen uten resept.<\/strong><\/p>\n<p><strong>Dilaudid 8 mg kan for\u00e5rsake livstruende abstinenssymptomer hos en nyf\u00f8dt hvis mor har tatt dette legemidlet under graviditet.<\/strong><\/p>\n<p><b>Ikke drikk alkohol.<\/b>\u00a0Farlige bivirkninger eller d\u00f8d kan oppst\u00e5.<\/p>\n<p>Hva b\u00f8r jeg diskutere med helsepersonell f\u00f8r jeg bruker hydromorfon?<\/p>\n<p>Du b\u00f8r ikke ta dette legemidlet hvis du noen gang har hatt en allergisk reaksjon p\u00e5 hydromorfon eller andre narkotiske legemidler, eller hvis du har:<\/p>\n<ul>\n<li>alvorlig astma eller pusteproblemer;<\/li>\n<li>en blokkering i magen eller tarmene; eller<\/li>\n<li>en tarmobstruksjon kalt paralytisk ileus.<\/li>\n<\/ul>\n<p>Dilaudid 8 mg hydromorfon hvis du har brukt en MAO-hemmer de siste 14 dagene. En farlig legemiddelinteraksjon kan oppst\u00e5. MAO-hemmere inkluderer isokarboksazid, linezolid, metylenbl\u00e5tt injeksjon, fenelzin, rasagilin, selegilin, tranylcypromin og andre.<\/p>\n<p>Noen medisiner kan samhandle med hydromorfon og for\u00e5rsake en alvorlig tilstand som kalles serotonergt syndrom. S\u00f8rg for at legen din vet om du ogs\u00e5 tar medisiner for depresjon, psykisk sykdom, Parkinsons sykdom, migrene, alvorlige infeksjoner eller forebygging av kvalme og oppkast. Sp\u00f8r legen din f\u00f8r du gj\u00f8r endringer i hvordan eller n\u00e5r du tar medisinene dine.<\/p>\n<p>Du kan kanskje ikke ta Dilaudid 8 mg hydromorfon hvis du IKKE allerede blir behandlet med en lignende opioid (narkotisk) smertemedisin og er tolerant for det. Snakk med legen din hvis du ikke er sikker p\u00e5 at du er opioidtolerant.<\/p>\n<p>For \u00e5 sikre at hydromorfon er trygt for deg, fortell legen din hvis du har:<\/p>\n<ul>\n<li>enhver form for pusteproblemer eller lungesykdom;<\/li>\n<li>en historie med hodeskade, hjernesvulst eller anfall;<\/li>\n<li>en historie med narkotikamisbruk, alkoholavhengighet eller psykisk sykdom;<\/li>\n<li>vanningsproblemer;<\/li>\n<li>lever- eller nyresykdom;<\/li>\n<li>sulfittallergi;<\/li>\n<li>Addisons sykdom eller andre binyresykdommer;<\/li>\n<li>problemer med gallebl\u00e6ren, bukspyttkjertelen eller skjoldbruskkjertelen; eller<\/li>\n<li>hvis du bruker et beroligende middel som Valium (diazepam, alprazolam, lorazepam, Ativan, Klonopin, Restoril, Tranxene, Versed, Xanax og andre).<\/li>\n<\/ul>\n<p>Dilaudid-piller av god kvalitet p\u00e5 nettet: Det er fullstendig forst\u00e5tt at folk ikke raskt stoler p\u00e5 kvaliteten p\u00e5 Dilaudid-piller som selges p\u00e5 nettet fordi de ikke kan unders\u00f8ke det fysisk. Men det er ikke det samme med Online Dilaudid piller online leverand\u00f8rer. Produktene her er tro mot beskrivelsen med vedlikehold av h\u00f8y kvalitet utf\u00f8rt under tilsyn av eksperter.<\/p>\n<p>Rask &amp; Diskret frakt: Leveringen av Dilaudid-pillene p\u00e5 nett etter \u00e5 ha mottatt bestillingen skjer innen den lovede tidsrammen. Fraktteamet legger all sin innsats i \u00e5 gj\u00f8re frakt- og leveringsprosedyren jevn og rask. Du kan ogs\u00e5 forvente utmerkede tjenester n\u00e5r du kj\u00f8per Dilaudid-piller online fra profesjonelle p\u00e5 nettplattformen.<\/figure>\n","protected":false},"excerpt":{"rendered":"<p><b>Dilaudid 8 mg Hydromorphone kan bremse eller stoppe pusten din, og kan v\u00e6re vanedannende.<\/b>\u00a0Bruk kun den foreskrevne dosen din, og svelg en forlenget pille hel for \u00e5 unng\u00e5 en potensielt d\u00f8delig dose. Del aldri Dilaudid 8 mg med en annen person.<\/p>\n","protected":false},"featured_media":9136,"comment_status":"open","ping_status":"closed","template":"","meta":{"_acf_changed":false,"_monsterinsights_skip_tracking":false,"_monsterinsights_sitenote_active":false,"_monsterinsights_sitenote_note":"","_monsterinsights_sitenote_category":0},"product_brand":[],"product_cat":[52],"product_tag":[753,751,755,752,750,754],"class_list":{"0":"post-9130","1":"product","2":"type-product","3":"status-publish","4":"has-post-thumbnail","6":"product_cat-pain-killers","7":"product_tag-bestill-dilaudid-8-mg-online","8":"product_tag-dilaudid-8-mg-for-salg","9":"product_tag-hvor-kan-du-kjope-dilaudid-8-mg-online","10":"product_tag-hvordan-kjope-dilaudid-8-mg-online","11":"product_tag-kjop-dilaudid-8-mg-online","12":"product_tag-spillestedet-for-a-kjope-dilaudid-8-mg-online","14":"first","15":"instock","16":"shipping-taxable","17":"purchasable","18":"product-type-variable"},"acf":[],"yoast_head":"<!-- This site is optimized with the Yoast SEO plugin v27.2 - https:\/\/yoast.com\/product\/yoast-seo-wordpress\/ -->\n<title>Dilaudid piller til salgs p\u00e5 nett uten resept | Global Meds Inc.<\/title>\n<meta name=\"description\" content=\"Dilaudid piller til salgs p\u00e5 nett uten resept. Vi selger Dilaudid-piller av beste kvalitet. Kontakt oss gjerne for mer informasjon og priser.\" \/>\n<meta name=\"robots\" content=\"index, follow, max-snippet:-1, max-image-preview:large, max-video-preview:-1\" \/>\n<link rel=\"canonical\" href=\"https:\/\/globalmedsonlineinc.com\/no\/product\/pain-killers\/dilaudid\/\" \/>\n<meta property=\"og:locale\" content=\"nn_NO\" \/>\n<meta property=\"og:type\" content=\"article\" \/>\n<meta property=\"og:title\" content=\"Dilaudid piller til salgs p\u00e5 nett uten resept | Global Meds Inc.\" \/>\n<meta property=\"og:description\" content=\"Dilaudid piller til salgs p\u00e5 nett uten resept. Vi selger Dilaudid-piller av beste kvalitet. Kontakt oss gjerne for mer informasjon og priser.\" \/>\n<meta property=\"og:url\" content=\"https:\/\/globalmedsonlineinc.com\/no\/product\/pain-killers\/dilaudid\/\" \/>\n<meta property=\"og:site_name\" content=\"Global Meds Inc\" \/>\n<meta property=\"article:modified_time\" content=\"2024-02-21T10:48:02+00:00\" \/>\n<meta property=\"og:image\" content=\"https:\/\/globalmedsonlineinc.com\/no\/content\/media\/uploads\/sites\/10\/2021\/07\/Buy-Dilaudid-8-mg.jpg\" \/>\n\t<meta property=\"og:image:width\" content=\"1200\" \/>\n\t<meta property=\"og:image:height\" content=\"1200\" \/>\n\t<meta property=\"og:image:type\" content=\"image\/jpeg\" \/>\n<meta name=\"twitter:card\" content=\"summary_large_image\" \/>\n<meta name=\"twitter:label1\" content=\"Est. reading time\" \/>\n\t<meta name=\"twitter:data1\" content=\"4 minutt\" \/>\n<script type=\"application\/ld+json\" class=\"yoast-schema-graph\">{\"@context\":\"https:\/\/schema.org\",\"@graph\":[{\"@type\":\"WebPage\",\"@id\":\"https:\/\/globalmedsonlineinc.com\/no\/product\/pain-killers\/dilaudid\/\",\"url\":\"https:\/\/globalmedsonlineinc.com\/no\/product\/pain-killers\/dilaudid\/\",\"name\":\"Dilaudid piller til salgs p\u00e5 nett uten resept | Global Meds Inc.\",\"isPartOf\":{\"@id\":\"https:\/\/globalmedsonlineinc.com\/no\/#website\"},\"primaryImageOfPage\":{\"@id\":\"https:\/\/globalmedsonlineinc.com\/no\/product\/pain-killers\/dilaudid\/#primaryimage\"},\"image\":{\"@id\":\"https:\/\/globalmedsonlineinc.com\/no\/product\/pain-killers\/dilaudid\/#primaryimage\"},\"thumbnailUrl\":\"https:\/\/globalmedsonlineinc.com\/no\/content\/media\/uploads\/sites\/10\/2021\/07\/Buy-Dilaudid-8-mg.jpg\",\"datePublished\":\"2021-07-02T18:18:52+00:00\",\"dateModified\":\"2024-02-21T10:48:02+00:00\",\"description\":\"Dilaudid piller til salgs p\u00e5 nett uten resept. Vi selger Dilaudid-piller av beste kvalitet. Kontakt oss gjerne for mer informasjon og priser.\",\"breadcrumb\":{\"@id\":\"https:\/\/globalmedsonlineinc.com\/no\/product\/pain-killers\/dilaudid\/#breadcrumb\"},\"inLanguage\":\"nn-NO\",\"potentialAction\":[{\"@type\":\"ReadAction\",\"target\":[\"https:\/\/globalmedsonlineinc.com\/no\/product\/pain-killers\/dilaudid\/\"]}]},{\"@type\":\"ImageObject\",\"inLanguage\":\"nn-NO\",\"@id\":\"https:\/\/globalmedsonlineinc.com\/no\/product\/pain-killers\/dilaudid\/#primaryimage\",\"url\":\"https:\/\/globalmedsonlineinc.com\/no\/content\/media\/uploads\/sites\/10\/2021\/07\/Buy-Dilaudid-8-mg.jpg\",\"contentUrl\":\"https:\/\/globalmedsonlineinc.com\/no\/content\/media\/uploads\/sites\/10\/2021\/07\/Buy-Dilaudid-8-mg.jpg\",\"width\":1200,\"height\":1200,\"caption\":\"Dilaudid-piller til salgs p\u00e5 nett uten resept\"},{\"@type\":\"BreadcrumbList\",\"@id\":\"https:\/\/globalmedsonlineinc.com\/no\/product\/pain-killers\/dilaudid\/#breadcrumb\",\"itemListElement\":[{\"@type\":\"ListItem\",\"position\":1,\"name\":\"Home\",\"item\":\"https:\/\/globalmedsonlineinc.com\/no\/\"},{\"@type\":\"ListItem\",\"position\":2,\"name\":\"Produkter\",\"item\":\"https:\/\/globalmedsonlineinc.com\/no\/produkter\/\"},{\"@type\":\"ListItem\",\"position\":3,\"name\":\"Kj\u00f8p Dilaudid piller p\u00e5 nett\"}]},{\"@type\":\"WebSite\",\"@id\":\"https:\/\/globalmedsonlineinc.com\/no\/#website\",\"url\":\"https:\/\/globalmedsonlineinc.com\/no\/\",\"name\":\"Global Meds Inc\",\"description\":\"\",\"publisher\":{\"@id\":\"https:\/\/globalmedsonlineinc.com\/no\/#organization\"},\"potentialAction\":[{\"@type\":\"SearchAction\",\"target\":{\"@type\":\"EntryPoint\",\"urlTemplate\":\"https:\/\/globalmedsonlineinc.com\/no\/?s={search_term_string}\"},\"query-input\":{\"@type\":\"PropertyValueSpecification\",\"valueRequired\":true,\"valueName\":\"search_term_string\"}}],\"inLanguage\":\"nn-NO\"},{\"@type\":\"Organization\",\"@id\":\"https:\/\/globalmedsonlineinc.com\/no\/#organization\",\"name\":\"Global Meds Inc.\",\"url\":\"https:\/\/globalmedsonlineinc.com\/no\/\",\"logo\":{\"@type\":\"ImageObject\",\"inLanguage\":\"nn-NO\",\"@id\":\"https:\/\/globalmedsonlineinc.com\/no\/#\/schema\/logo\/image\/\",\"url\":\"https:\/\/globalmedsonlineinc.com\/no\/content\/media\/uploads\/sites\/10\/2021\/06\/globalmedsonlineincLogoShop20210630123730.00.png\",\"contentUrl\":\"https:\/\/globalmedsonlineinc.com\/no\/content\/media\/uploads\/sites\/10\/2021\/06\/globalmedsonlineincLogoShop20210630123730.00.png\",\"width\":450,\"height\":117,\"caption\":\"Global Meds Inc.\"},\"image\":{\"@id\":\"https:\/\/globalmedsonlineinc.com\/no\/#\/schema\/logo\/image\/\"}}]}<\/script>\n<!-- \/ Yoast SEO plugin. -->","yoast_head_json":{"title":"Dilaudid piller til salgs p\u00e5 nett uten resept | Global Meds Inc.","description":"Dilaudid piller til salgs p\u00e5 nett uten resept. Vi selger Dilaudid-piller av beste kvalitet. Kontakt oss gjerne for mer informasjon og priser.","robots":{"index":"index","follow":"follow","max-snippet":"max-snippet:-1","max-image-preview":"max-image-preview:large","max-video-preview":"max-video-preview:-1"},"canonical":"https:\/\/globalmedsonlineinc.com\/no\/product\/pain-killers\/dilaudid\/","og_locale":"nn_NO","og_type":"article","og_title":"Dilaudid piller til salgs p\u00e5 nett uten resept | Global Meds Inc.","og_description":"Dilaudid piller til salgs p\u00e5 nett uten resept. Vi selger Dilaudid-piller av beste kvalitet. Kontakt oss gjerne for mer informasjon og priser.","og_url":"https:\/\/globalmedsonlineinc.com\/no\/product\/pain-killers\/dilaudid\/","og_site_name":"Global Meds Inc","article_modified_time":"2024-02-21T10:48:02+00:00","og_image":[{"width":1200,"height":1200,"url":"https:\/\/globalmedsonlineinc.com\/no\/content\/media\/uploads\/sites\/10\/2021\/07\/Buy-Dilaudid-8-mg.jpg","type":"image\/jpeg"}],"twitter_card":"summary_large_image","twitter_misc":{"Est. reading time":"4 minutt"},"schema":{"@context":"https:\/\/schema.org","@graph":[{"@type":"WebPage","@id":"https:\/\/globalmedsonlineinc.com\/no\/product\/pain-killers\/dilaudid\/","url":"https:\/\/globalmedsonlineinc.com\/no\/product\/pain-killers\/dilaudid\/","name":"Dilaudid piller til salgs p\u00e5 nett uten resept | Global Meds Inc.","isPartOf":{"@id":"https:\/\/globalmedsonlineinc.com\/no\/#website"},"primaryImageOfPage":{"@id":"https:\/\/globalmedsonlineinc.com\/no\/product\/pain-killers\/dilaudid\/#primaryimage"},"image":{"@id":"https:\/\/globalmedsonlineinc.com\/no\/product\/pain-killers\/dilaudid\/#primaryimage"},"thumbnailUrl":"https:\/\/globalmedsonlineinc.com\/no\/content\/media\/uploads\/sites\/10\/2021\/07\/Buy-Dilaudid-8-mg.jpg","datePublished":"2021-07-02T18:18:52+00:00","dateModified":"2024-02-21T10:48:02+00:00","description":"Dilaudid piller til salgs p\u00e5 nett uten resept. Vi selger Dilaudid-piller av beste kvalitet. Kontakt oss gjerne for mer informasjon og priser.","breadcrumb":{"@id":"https:\/\/globalmedsonlineinc.com\/no\/product\/pain-killers\/dilaudid\/#breadcrumb"},"inLanguage":"nn-NO","potentialAction":[{"@type":"ReadAction","target":["https:\/\/globalmedsonlineinc.com\/no\/product\/pain-killers\/dilaudid\/"]}]},{"@type":"ImageObject","inLanguage":"nn-NO","@id":"https:\/\/globalmedsonlineinc.com\/no\/product\/pain-killers\/dilaudid\/#primaryimage","url":"https:\/\/globalmedsonlineinc.com\/no\/content\/media\/uploads\/sites\/10\/2021\/07\/Buy-Dilaudid-8-mg.jpg","contentUrl":"https:\/\/globalmedsonlineinc.com\/no\/content\/media\/uploads\/sites\/10\/2021\/07\/Buy-Dilaudid-8-mg.jpg","width":1200,"height":1200,"caption":"Dilaudid-piller til salgs p\u00e5 nett uten resept"},{"@type":"BreadcrumbList","@id":"https:\/\/globalmedsonlineinc.com\/no\/product\/pain-killers\/dilaudid\/#breadcrumb","itemListElement":[{"@type":"ListItem","position":1,"name":"Home","item":"https:\/\/globalmedsonlineinc.com\/no\/"},{"@type":"ListItem","position":2,"name":"Produkter","item":"https:\/\/globalmedsonlineinc.com\/no\/produkter\/"},{"@type":"ListItem","position":3,"name":"Kj\u00f8p Dilaudid piller p\u00e5 nett"}]},{"@type":"WebSite","@id":"https:\/\/globalmedsonlineinc.com\/no\/#website","url":"https:\/\/globalmedsonlineinc.com\/no\/","name":"Global Meds Inc","description":"","publisher":{"@id":"https:\/\/globalmedsonlineinc.com\/no\/#organization"},"potentialAction":[{"@type":"SearchAction","target":{"@type":"EntryPoint","urlTemplate":"https:\/\/globalmedsonlineinc.com\/no\/?s={search_term_string}"},"query-input":{"@type":"PropertyValueSpecification","valueRequired":true,"valueName":"search_term_string"}}],"inLanguage":"nn-NO"},{"@type":"Organization","@id":"https:\/\/globalmedsonlineinc.com\/no\/#organization","name":"Global Meds Inc.","url":"https:\/\/globalmedsonlineinc.com\/no\/","logo":{"@type":"ImageObject","inLanguage":"nn-NO","@id":"https:\/\/globalmedsonlineinc.com\/no\/#\/schema\/logo\/image\/","url":"https:\/\/globalmedsonlineinc.com\/no\/content\/media\/uploads\/sites\/10\/2021\/06\/globalmedsonlineincLogoShop20210630123730.00.png","contentUrl":"https:\/\/globalmedsonlineinc.com\/no\/content\/media\/uploads\/sites\/10\/2021\/06\/globalmedsonlineincLogoShop20210630123730.00.png","width":450,"height":117,"caption":"Global Meds Inc."},"image":{"@id":"https:\/\/globalmedsonlineinc.com\/no\/#\/schema\/logo\/image\/"}}]}},"_links":{"self":[{"href":"https:\/\/globalmedsonlineinc.com\/no\/wp-json\/wp\/v2\/product\/9130","targetHints":{"allow":["GET"]}}],"collection":[{"href":"https:\/\/globalmedsonlineinc.com\/no\/wp-json\/wp\/v2\/product"}],"about":[{"href":"https:\/\/globalmedsonlineinc.com\/no\/wp-json\/wp\/v2\/types\/product"}],"replies":[{"embeddable":true,"href":"https:\/\/globalmedsonlineinc.com\/no\/wp-json\/wp\/v2\/comments?post=9130"}],"wp:featuredmedia":[{"embeddable":true,"href":"https:\/\/globalmedsonlineinc.com\/no\/wp-json\/wp\/v2\/media\/9136"}],"wp:attachment":[{"href":"https:\/\/globalmedsonlineinc.com\/no\/wp-json\/wp\/v2\/media?parent=9130"}],"wp:term":[{"taxonomy":"product_brand","embeddable":true,"href":"https:\/\/globalmedsonlineinc.com\/no\/wp-json\/wp\/v2\/product_brand?post=9130"},{"taxonomy":"product_cat","embeddable":true,"href":"https:\/\/globalmedsonlineinc.com\/no\/wp-json\/wp\/v2\/product_cat?post=9130"},{"taxonomy":"product_tag","embeddable":true,"href":"https:\/\/globalmedsonlineinc.com\/no\/wp-json\/wp\/v2\/product_tag?post=9130"}],"curies":[{"name":"wp","href":"https:\/\/api.w.org\/{rel}","templated":true}]}}