{"id":9111,"date":"2021-07-02T17:36:17","date_gmt":"2021-07-02T17:36:17","guid":{"rendered":"https:\/\/globalmedsonlineinc.com\/no\/?post_type=product&#038;p=9111"},"modified":"2024-02-21T10:50:49","modified_gmt":"2024-02-21T10:50:49","slug":"percocet","status":"publish","type":"product","link":"https:\/\/globalmedsonlineinc.com\/no\/product\/pain-killers\/percocet\/","title":{"rendered":"Kj\u00f8p Percocet piller p\u00e5 nett"},"content":{"rendered":"<h1>Percocet-piller selges uten resept p\u00e5 nettet<\/h1>\n<p><span class=\"MUxGbd wuQ4Ob WZ8Tjf\"><a href=\"https:\/\/globalmedsonlineinc.com\/no\/product\/pain-killers\/percocet\/\">Percocet-piller til salgs p\u00e5 nett<\/a> uten resept. <\/span><em>Kj\u00f8p Percocet<\/em>\u00a0online med bitcoins | Ingen RX. <em>Kj\u00f8pe Percocet<\/em>\u00a0uten resept p\u00e5 nett. <em>percocet 10 325<\/em>\u00a0til salgs. <em>Kj\u00f8per<\/em><\/p>\n<p>Generisk og original\u00a0<em>Percocet<\/em> av h\u00f8y kvalitet. Billige piller p\u00e5 nett uten resept N\u00c5. <a href=\"https:\/\/en.wikipedia.org\/wiki\/Oxycodone\/paracetamol\">Trusted<\/a> RX godkjent. 100 % sikker og anonym. <em>Kj\u00f8p<\/em><\/p>\n<p>PERCOCET 10\/325 er klassifisert i klassen medikamenter som er laget ved \u00e5 kombinere to eller flere salter for \u00e5 forbedre deres arbeidsevne.<\/p>\n<p>Kj\u00f8p Percocet, kj\u00f8p Percocet USA, kj\u00f8p Percocet engros, kj\u00f8p Percocet Canada<\/p>\n<p>Denne kombinasjonsmedisinen brukes til \u00e5 lindre moderat til alvorlig smerte. Den inneholder et opioid (narkotisk) smertestillende middel (oksykodon) og et ikke-opioid smertestillende middel (acetaminophen). Oksykodon virker i hjernen for \u00e5 endre hvordan kroppen din f\u00f8les og reagerer p\u00e5 smerte. Paracetamol kan ogs\u00e5 redusere feber.<\/p>\n<p>Percocet-piller av god kvalitet p\u00e5 nettet: Det er fullstendig forst\u00e5tt at folk ikke raskt stoler p\u00e5 kvaliteten p\u00e5 Percocet-piller som selges p\u00e5 nettet fordi de ikke kan unders\u00f8ke det fysisk. Men det er ikke det samme med Online Percocet piller online leverand\u00f8rer. Produktene her er tro mot beskrivelsen med vedlikehold av h\u00f8y kvalitet utf\u00f8rt under tilsyn av eksperter.<\/p>\n<p>Rask &amp; Diskret frakt: Leveringen av Percocet-pillene p\u00e5 nett etter \u00e5 ha mottatt bestillingen skjer innen den lovede tidsrammen. Fraktteamet legger all sin innsats i \u00e5 gj\u00f8re frakt- og leveringsprosedyren jevn og rask. Du kan ogs\u00e5 forvente utmerkede tjenester n\u00e5r du kj\u00f8per Percocet-piller online fra profesjonelle p\u00e5 nettplattformen.<\/p>\n","protected":false},"excerpt":{"rendered":"<p>Dette stoffet brukes til \u00e5 behandle moderat til alvorlig smerte.<\/p>\n","protected":false},"featured_media":9112,"comment_status":"open","ping_status":"closed","template":"","meta":{"_acf_changed":false,"_monsterinsights_skip_tracking":false,"_monsterinsights_sitenote_active":false,"_monsterinsights_sitenote_note":"","_monsterinsights_sitenote_category":0},"product_brand":[],"product_cat":[52],"product_tag":[767,769,770,766,765,768],"class_list":{"0":"post-9111","1":"product","2":"type-product","3":"status-publish","4":"has-post-thumbnail","6":"product_cat-pain-killers","7":"product_tag-bestill-percocet-10-325-pa-nett","8":"product_tag-det-beste-stedet-a-kjope-percocet-10-325-pa-nettet","9":"product_tag-hvor-skal-du-kjop-percocet-10-325-pa-nett","10":"product_tag-hvordan-kjope-percocet-10-325-pa-nett","11":"product_tag-kjop-percocet-10-325-pa-nett","12":"product_tag-percocet-10-325-for-salg","14":"first","15":"instock","16":"shipping-taxable","17":"purchasable","18":"product-type-variable","19":"has-default-attributes"},"acf":[],"yoast_head":"<!-- This site is optimized with the Yoast SEO plugin v27.2 - https:\/\/yoast.com\/product\/yoast-seo-wordpress\/ -->\n<title>Percocet piller til salgs p\u00e5 nett uten resept | Global Meds Inc.<\/title>\n<meta name=\"description\" content=\"Percocet piller til salgs p\u00e5 nett uten resept. Vi selger Percocet-piller av beste kvalitet. Kontakt oss gjerne for mer informasjon og priser.\" \/>\n<meta name=\"robots\" content=\"index, follow, max-snippet:-1, max-image-preview:large, max-video-preview:-1\" \/>\n<link rel=\"canonical\" href=\"https:\/\/globalmedsonlineinc.com\/no\/product\/pain-killers\/percocet\/\" \/>\n<meta property=\"og:locale\" content=\"nn_NO\" \/>\n<meta property=\"og:type\" content=\"article\" \/>\n<meta property=\"og:title\" content=\"Percocet piller til salgs p\u00e5 nett uten resept | Global Meds Inc.\" \/>\n<meta property=\"og:description\" content=\"Percocet piller til salgs p\u00e5 nett uten resept. Vi selger Percocet-piller av beste kvalitet. Kontakt oss gjerne for mer informasjon og priser.\" \/>\n<meta property=\"og:url\" content=\"https:\/\/globalmedsonlineinc.com\/no\/product\/pain-killers\/percocet\/\" \/>\n<meta property=\"og:site_name\" content=\"Global Meds Inc\" \/>\n<meta property=\"article:modified_time\" content=\"2024-02-21T10:50:49+00:00\" \/>\n<meta property=\"og:image\" content=\"https:\/\/globalmedsonlineinc.com\/no\/content\/media\/uploads\/sites\/10\/2021\/07\/Buy-PERCOCET-10-mg.jpg\" \/>\n\t<meta property=\"og:image:width\" content=\"1200\" \/>\n\t<meta property=\"og:image:height\" content=\"1200\" \/>\n\t<meta property=\"og:image:type\" content=\"image\/jpeg\" \/>\n<meta name=\"twitter:card\" content=\"summary_large_image\" \/>\n<meta name=\"twitter:label1\" content=\"Est. reading time\" \/>\n\t<meta name=\"twitter:data1\" content=\"2 minutt\" \/>\n<script type=\"application\/ld+json\" class=\"yoast-schema-graph\">{\"@context\":\"https:\/\/schema.org\",\"@graph\":[{\"@type\":\"WebPage\",\"@id\":\"https:\/\/globalmedsonlineinc.com\/no\/product\/pain-killers\/percocet\/\",\"url\":\"https:\/\/globalmedsonlineinc.com\/no\/product\/pain-killers\/percocet\/\",\"name\":\"Percocet piller til salgs p\u00e5 nett uten resept | Global Meds Inc.\",\"isPartOf\":{\"@id\":\"https:\/\/globalmedsonlineinc.com\/no\/#website\"},\"primaryImageOfPage\":{\"@id\":\"https:\/\/globalmedsonlineinc.com\/no\/product\/pain-killers\/percocet\/#primaryimage\"},\"image\":{\"@id\":\"https:\/\/globalmedsonlineinc.com\/no\/product\/pain-killers\/percocet\/#primaryimage\"},\"thumbnailUrl\":\"https:\/\/globalmedsonlineinc.com\/no\/content\/media\/uploads\/sites\/10\/2021\/07\/Buy-PERCOCET-10-mg.jpg\",\"datePublished\":\"2021-07-02T17:36:17+00:00\",\"dateModified\":\"2024-02-21T10:50:49+00:00\",\"description\":\"Percocet piller til salgs p\u00e5 nett uten resept. Vi selger Percocet-piller av beste kvalitet. Kontakt oss gjerne for mer informasjon og priser.\",\"breadcrumb\":{\"@id\":\"https:\/\/globalmedsonlineinc.com\/no\/product\/pain-killers\/percocet\/#breadcrumb\"},\"inLanguage\":\"nn-NO\",\"potentialAction\":[{\"@type\":\"ReadAction\",\"target\":[\"https:\/\/globalmedsonlineinc.com\/no\/product\/pain-killers\/percocet\/\"]}]},{\"@type\":\"ImageObject\",\"inLanguage\":\"nn-NO\",\"@id\":\"https:\/\/globalmedsonlineinc.com\/no\/product\/pain-killers\/percocet\/#primaryimage\",\"url\":\"https:\/\/globalmedsonlineinc.com\/no\/content\/media\/uploads\/sites\/10\/2021\/07\/Buy-PERCOCET-10-mg.jpg\",\"contentUrl\":\"https:\/\/globalmedsonlineinc.com\/no\/content\/media\/uploads\/sites\/10\/2021\/07\/Buy-PERCOCET-10-mg.jpg\",\"width\":1200,\"height\":1200,\"caption\":\"Percocet-piller selges uten resept p\u00e5 nettet\"},{\"@type\":\"BreadcrumbList\",\"@id\":\"https:\/\/globalmedsonlineinc.com\/no\/product\/pain-killers\/percocet\/#breadcrumb\",\"itemListElement\":[{\"@type\":\"ListItem\",\"position\":1,\"name\":\"Home\",\"item\":\"https:\/\/globalmedsonlineinc.com\/no\/\"},{\"@type\":\"ListItem\",\"position\":2,\"name\":\"Produkter\",\"item\":\"https:\/\/globalmedsonlineinc.com\/no\/produkter\/\"},{\"@type\":\"ListItem\",\"position\":3,\"name\":\"Kj\u00f8p Percocet piller p\u00e5 nett\"}]},{\"@type\":\"WebSite\",\"@id\":\"https:\/\/globalmedsonlineinc.com\/no\/#website\",\"url\":\"https:\/\/globalmedsonlineinc.com\/no\/\",\"name\":\"Global Meds Inc\",\"description\":\"\",\"publisher\":{\"@id\":\"https:\/\/globalmedsonlineinc.com\/no\/#organization\"},\"potentialAction\":[{\"@type\":\"SearchAction\",\"target\":{\"@type\":\"EntryPoint\",\"urlTemplate\":\"https:\/\/globalmedsonlineinc.com\/no\/?s={search_term_string}\"},\"query-input\":{\"@type\":\"PropertyValueSpecification\",\"valueRequired\":true,\"valueName\":\"search_term_string\"}}],\"inLanguage\":\"nn-NO\"},{\"@type\":\"Organization\",\"@id\":\"https:\/\/globalmedsonlineinc.com\/no\/#organization\",\"name\":\"Global Meds Inc.\",\"url\":\"https:\/\/globalmedsonlineinc.com\/no\/\",\"logo\":{\"@type\":\"ImageObject\",\"inLanguage\":\"nn-NO\",\"@id\":\"https:\/\/globalmedsonlineinc.com\/no\/#\/schema\/logo\/image\/\",\"url\":\"https:\/\/globalmedsonlineinc.com\/no\/content\/media\/uploads\/sites\/10\/2021\/06\/globalmedsonlineincLogoShop20210630123730.00.png\",\"contentUrl\":\"https:\/\/globalmedsonlineinc.com\/no\/content\/media\/uploads\/sites\/10\/2021\/06\/globalmedsonlineincLogoShop20210630123730.00.png\",\"width\":450,\"height\":117,\"caption\":\"Global Meds Inc.\"},\"image\":{\"@id\":\"https:\/\/globalmedsonlineinc.com\/no\/#\/schema\/logo\/image\/\"}}]}<\/script>\n<!-- \/ Yoast SEO plugin. -->","yoast_head_json":{"title":"Percocet piller til salgs p\u00e5 nett uten resept | Global Meds Inc.","description":"Percocet piller til salgs p\u00e5 nett uten resept. Vi selger Percocet-piller av beste kvalitet. Kontakt oss gjerne for mer informasjon og priser.","robots":{"index":"index","follow":"follow","max-snippet":"max-snippet:-1","max-image-preview":"max-image-preview:large","max-video-preview":"max-video-preview:-1"},"canonical":"https:\/\/globalmedsonlineinc.com\/no\/product\/pain-killers\/percocet\/","og_locale":"nn_NO","og_type":"article","og_title":"Percocet piller til salgs p\u00e5 nett uten resept | Global Meds Inc.","og_description":"Percocet piller til salgs p\u00e5 nett uten resept. Vi selger Percocet-piller av beste kvalitet. Kontakt oss gjerne for mer informasjon og priser.","og_url":"https:\/\/globalmedsonlineinc.com\/no\/product\/pain-killers\/percocet\/","og_site_name":"Global Meds Inc","article_modified_time":"2024-02-21T10:50:49+00:00","og_image":[{"width":1200,"height":1200,"url":"https:\/\/globalmedsonlineinc.com\/no\/content\/media\/uploads\/sites\/10\/2021\/07\/Buy-PERCOCET-10-mg.jpg","type":"image\/jpeg"}],"twitter_card":"summary_large_image","twitter_misc":{"Est. reading time":"2 minutt"},"schema":{"@context":"https:\/\/schema.org","@graph":[{"@type":"WebPage","@id":"https:\/\/globalmedsonlineinc.com\/no\/product\/pain-killers\/percocet\/","url":"https:\/\/globalmedsonlineinc.com\/no\/product\/pain-killers\/percocet\/","name":"Percocet piller til salgs p\u00e5 nett uten resept | Global Meds Inc.","isPartOf":{"@id":"https:\/\/globalmedsonlineinc.com\/no\/#website"},"primaryImageOfPage":{"@id":"https:\/\/globalmedsonlineinc.com\/no\/product\/pain-killers\/percocet\/#primaryimage"},"image":{"@id":"https:\/\/globalmedsonlineinc.com\/no\/product\/pain-killers\/percocet\/#primaryimage"},"thumbnailUrl":"https:\/\/globalmedsonlineinc.com\/no\/content\/media\/uploads\/sites\/10\/2021\/07\/Buy-PERCOCET-10-mg.jpg","datePublished":"2021-07-02T17:36:17+00:00","dateModified":"2024-02-21T10:50:49+00:00","description":"Percocet piller til salgs p\u00e5 nett uten resept. Vi selger Percocet-piller av beste kvalitet. Kontakt oss gjerne for mer informasjon og priser.","breadcrumb":{"@id":"https:\/\/globalmedsonlineinc.com\/no\/product\/pain-killers\/percocet\/#breadcrumb"},"inLanguage":"nn-NO","potentialAction":[{"@type":"ReadAction","target":["https:\/\/globalmedsonlineinc.com\/no\/product\/pain-killers\/percocet\/"]}]},{"@type":"ImageObject","inLanguage":"nn-NO","@id":"https:\/\/globalmedsonlineinc.com\/no\/product\/pain-killers\/percocet\/#primaryimage","url":"https:\/\/globalmedsonlineinc.com\/no\/content\/media\/uploads\/sites\/10\/2021\/07\/Buy-PERCOCET-10-mg.jpg","contentUrl":"https:\/\/globalmedsonlineinc.com\/no\/content\/media\/uploads\/sites\/10\/2021\/07\/Buy-PERCOCET-10-mg.jpg","width":1200,"height":1200,"caption":"Percocet-piller selges uten resept p\u00e5 nettet"},{"@type":"BreadcrumbList","@id":"https:\/\/globalmedsonlineinc.com\/no\/product\/pain-killers\/percocet\/#breadcrumb","itemListElement":[{"@type":"ListItem","position":1,"name":"Home","item":"https:\/\/globalmedsonlineinc.com\/no\/"},{"@type":"ListItem","position":2,"name":"Produkter","item":"https:\/\/globalmedsonlineinc.com\/no\/produkter\/"},{"@type":"ListItem","position":3,"name":"Kj\u00f8p Percocet piller p\u00e5 nett"}]},{"@type":"WebSite","@id":"https:\/\/globalmedsonlineinc.com\/no\/#website","url":"https:\/\/globalmedsonlineinc.com\/no\/","name":"Global Meds Inc","description":"","publisher":{"@id":"https:\/\/globalmedsonlineinc.com\/no\/#organization"},"potentialAction":[{"@type":"SearchAction","target":{"@type":"EntryPoint","urlTemplate":"https:\/\/globalmedsonlineinc.com\/no\/?s={search_term_string}"},"query-input":{"@type":"PropertyValueSpecification","valueRequired":true,"valueName":"search_term_string"}}],"inLanguage":"nn-NO"},{"@type":"Organization","@id":"https:\/\/globalmedsonlineinc.com\/no\/#organization","name":"Global Meds Inc.","url":"https:\/\/globalmedsonlineinc.com\/no\/","logo":{"@type":"ImageObject","inLanguage":"nn-NO","@id":"https:\/\/globalmedsonlineinc.com\/no\/#\/schema\/logo\/image\/","url":"https:\/\/globalmedsonlineinc.com\/no\/content\/media\/uploads\/sites\/10\/2021\/06\/globalmedsonlineincLogoShop20210630123730.00.png","contentUrl":"https:\/\/globalmedsonlineinc.com\/no\/content\/media\/uploads\/sites\/10\/2021\/06\/globalmedsonlineincLogoShop20210630123730.00.png","width":450,"height":117,"caption":"Global Meds Inc."},"image":{"@id":"https:\/\/globalmedsonlineinc.com\/no\/#\/schema\/logo\/image\/"}}]}},"_links":{"self":[{"href":"https:\/\/globalmedsonlineinc.com\/no\/wp-json\/wp\/v2\/product\/9111","targetHints":{"allow":["GET"]}}],"collection":[{"href":"https:\/\/globalmedsonlineinc.com\/no\/wp-json\/wp\/v2\/product"}],"about":[{"href":"https:\/\/globalmedsonlineinc.com\/no\/wp-json\/wp\/v2\/types\/product"}],"replies":[{"embeddable":true,"href":"https:\/\/globalmedsonlineinc.com\/no\/wp-json\/wp\/v2\/comments?post=9111"}],"wp:featuredmedia":[{"embeddable":true,"href":"https:\/\/globalmedsonlineinc.com\/no\/wp-json\/wp\/v2\/media\/9112"}],"wp:attachment":[{"href":"https:\/\/globalmedsonlineinc.com\/no\/wp-json\/wp\/v2\/media?parent=9111"}],"wp:term":[{"taxonomy":"product_brand","embeddable":true,"href":"https:\/\/globalmedsonlineinc.com\/no\/wp-json\/wp\/v2\/product_brand?post=9111"},{"taxonomy":"product_cat","embeddable":true,"href":"https:\/\/globalmedsonlineinc.com\/no\/wp-json\/wp\/v2\/product_cat?post=9111"},{"taxonomy":"product_tag","embeddable":true,"href":"https:\/\/globalmedsonlineinc.com\/no\/wp-json\/wp\/v2\/product_tag?post=9111"}],"curies":[{"name":"wp","href":"https:\/\/api.w.org\/{rel}","templated":true}]}}