{"id":9106,"date":"2021-07-02T17:26:15","date_gmt":"2021-07-02T17:26:15","guid":{"rendered":"https:\/\/globalmedsonlineinc.com\/no\/?post_type=product&#038;p=9106"},"modified":"2024-02-21T10:52:07","modified_gmt":"2024-02-21T10:52:07","slug":"methadone","status":"publish","type":"product","link":"https:\/\/globalmedsonlineinc.com\/no\/product\/pain-killers\/methadone\/","title":{"rendered":"Kj\u00f8p metadon piller p\u00e5 nett"},"content":{"rendered":"<h1>Metadonpiller selges uten resept p\u00e5 nettet<\/h1>\n<p><a href=\"https:\/\/globalmedsonlineinc.com\/no\/product\/pain-killers\/methadone\/\">Metadonpiller til salgs p\u00e5 nett<\/a> uten resept, Metadon er en langtidsvirkende opioidmedisin som brukes til \u00e5 erstatte de kortere virkende opioidene som noen kan v\u00e6re avhengige av, for eksempel heroin, oksykodon, fentanyl eller hydromorfon. Langtidsvirkende betyr at stoffet virker langsommere i kroppen og over lengre tid. Effekten av metadon varer i 24 til 36 timer. I motsetning m\u00e5 en person som bruker korttidsvirkende opioider for \u00e5 unng\u00e5 abstinens ta tre til fire ganger om dagen. Kj\u00f8p metadonpiller p\u00e5 nettet<\/p>\n<p>N\u00e5r metadon tas i riktig dose, forhindrer det abstinenssymptomer og reduserer suget etter stoffet uten at personen f\u00f8ler seg h\u00f8y (euforisk) eller s\u00f8vnig. Dette reduserer skadene forbundet med opioidmisbruk og gir personer som er avhengige av opioider en sjanse til \u00e5 stabilisere livene sine. Denne behandlingen er kjent som metadon vedlikeholdsterapi, som er en type opioid agonist terapi. Metadonterapi for opioidavhengighet fungerer p\u00e5 samme m\u00e5te som buprenorfin, <a href=\"https:\/\/no.wikipedia.org\/wiki\/Metadon\">en annen<\/a> opioidagonistterapi. Kj\u00f8p metadon piller p\u00e5 nett<\/p>\n<p>Lider du av smerte? n\u00e5 kan du f\u00e5 smertestillende medisiner hjemmefra eller p\u00e5 kontoret, vi selger topp medisinske smertestillende piller for smertelindring og mange andre tilstander som; Xanax, Oxycontin, Oxycodone, Dilaudid, Demerol, Metadon (Dolophine, Methadose), Roxycodone, Diazepam, Ritalin, Percocet, Concerta, Tramadol, Adderall, Hydrocodone, Morfin. Vi har 100 % oversikt over vellykkede leveranser.<\/p>\n<p>Vi har medisiner for behandling av kroniske ryggsmerter, hoste, angst, panikklidelser, depresjon, erektil dysfunksjon, seksuell dysfunksjon, narkolepsi, fedme, depresjon, tretthet, vekttapstilskudd og mer p\u00e5 nett (ikke resept n\u00f8dvendig) kj\u00f8p metadonpiller p\u00e5 nett<\/p>\n<p>&#8211; Ingen resept n\u00f8dvendig<br \/>\n&#8211; Ekspresslevering over natten eller neste dag<br \/>\n&#8211; Pakken er sv\u00e6rt diskret forseglet, pakket inn med en aluminiumsfolie, trygg og sikker<br \/>\n&#8211; Ingen signatur kreves n\u00e5r pakken kommer<br \/>\n&#8211; 100 % kundeservice og support.<br \/>\n&#8211; Pengene tilbake-garanti<br \/>\n\u2013 Vi tilbyr d\u00f8r til d\u00f8r leveringstjeneste<br \/>\n&#8211; Utmerkede og usl\u00e5elige priser.<\/p>\n<p>Vi pakker forsiktig inn pakker med wolfram og karbonpapir for \u00e5 hoppe over tollr\u00f8ntgenmaskiner p\u00e5 flyplasser. Pakkene er vakkert pakket inn med innpakningspapir fra utsiden.<\/p>\n<h6>Dolofin (metadon)<\/h6>\n<p>Dolophine Methadon 10MG,\u00a0denne\u00a0medisinen\u00a0brukes til \u00e5 behandle alvorlige vedvarende smerter (som p\u00e5 grunn av kreft). Metadon tilh\u00f8rer en klasse legemidler kjent som opiod (narkotiske) analgetika. Det fungerer i hjernen for \u00e5 endre hvordan kroppen din f\u00f8les og reagerer p\u00e5 smerte.<\/p>\n<p>Dolophine Metadon 10MG, Ikke bruk denne medisinen for \u00e5 lindre smerte som er mild eller som vil forsvinne i l\u00f8pet av f\u00e5 dager (som smerte fra operasjon). Denne medisinen er ikke for sporadisk (&#8220;etter behov&#8221;) bruk.<\/p>\n<p>Dolophine Methadon 10MG, denne medisinen brukes ogs\u00e5 til \u00e5 behandle avhengighet til opiod (som heriod) som en del av et godkjent behandlingsprogram. Det bidrar til \u00e5 forhindre abstinenssymptomer for\u00e5rsaket av \u00e5 stoppe andre opioider.<\/p>\n<h6>Hvordan bruker du Dolophine (metadon) 10MG<\/h6>\n<p>Se ogs\u00e5 avsnittet Advarsel.<\/p>\n<p>Les\u00a0Dolophine Methadone 10MG-veiledningen og pasientinformasjonsvedlegget hvis det er tilgjengelig fra\u00a0farmas\u00f8yten\u00a0f\u00f8r du begynner \u00e5 bruke\u00a0metadon\u00a0og hver gang du f\u00e5r p\u00e5fyll. Sp\u00f8r legen din eller apoteket hvis du har sp\u00f8rsm\u00e5l.<\/p>\n<p>Dolophine Metadon 10MG, Ta denne medisinen gjennom munnen p\u00e5 en vanlig tidsplan som anvist av legen din og ikke etter behov for plutselige (gjennombrudds)smerter. Du kan ta dette stoffet med eller uten mat. Hvis du har kvalme, kan det hjelpe \u00e5 ta dette stoffet sammen med mat. Sp\u00f8r legen din eller apoteket om andre m\u00e5ter \u00e5 redusere kvalme p\u00e5 (som \u00e5 ligge i 1 til 2 timer med s\u00e5 lite hodebevegelse som mulig).<\/p>\n<p>Hvis du bruker den flytende formen av denne medisinen, m\u00e5l dosen n\u00f8ye med en spesiell m\u00e5leenhet\/skje. Ikke bruk en husholdningsskje fordi du kanskje ikke f\u00e5r riktig dose.<\/p>\n<p>Doseringen er basert p\u00e5 din medisinske tilstand og respons p\u00e5 behandlingen.<\/p>\n<p>Dolophine Methadon 10MG,\u00a0denne\u00a0medisinen\u00a0brukes til \u00e5 behandle alvorlige vedvarende smerter (som p\u00e5 grunn av kreft). Metadon tilh\u00f8rer en klasse legemidler kjent som opiod (narkotiske) analgetika. Det virker i hjernen for \u00e5 endre hvordan kroppen din f\u00f8les og reagerer p\u00e5 smerte. Denne medisinen kan for\u00e5rsake abstinensreaksjoner, spesielt hvis den har blitt brukt regelmessig i lang tid eller i h\u00f8ye doser. I slike tilfeller kan abstinenssymptomer (som rastl\u00f8shet, rennende \u00f8yne, l\u00f8pest\u00f8y, kvalme, svette, muskelsmerter) oppst\u00e5 hvis du plutselig slutter \u00e5 bruke denne medisinen. For \u00e5 forhindre abstinensreaksjoner kan legen din redusere dosen gradvis. R\u00e5df\u00f8r deg med legen din eller apoteket for mer informasjon, og rapporter eventuelle abstinensreaksjoner umiddelbart.<\/p>\n<p>Selv om det hjelper mange mennesker, kan denne medisinen noen ganger f\u00f8re til tillegg. Denne risikoen kan v\u00e6re h\u00f8yere hvis du har en rusforstyrrelse (som overforbruk av eller avhengighet av rusmidler\/alkohol). Ta denne medisinen n\u00f8yaktig som foreskrevet for \u00e5 redusere risikoen for avhengighet. \u00c5 stoppe metadonvedlikeholdsbehandling har en h\u00f8y risiko for tilbakevending til\u00a0Dolophine Methadon 10MG\u00a0misbruk. Sp\u00f8r legen din eller apoteket for mer informasjon.<\/p>\n<p>Fortell legen din dersom tilstanden din vedvarer eller forverres. Dolophine (metadon) 10MG.<\/p>\n<p>metadon piller til salgs, metadon til salgs, metadon til salgs p\u00e5 nett, metadon tabletter til salgs, metadon til salgs uten resept, metadon gateverdi, Kj\u00f8p metadon piller p\u00e5 nettet.<\/p>\n<p>Metadonpiller av god kvalitet p\u00e5 nettet: Det er fullstendig forst\u00e5tt at folk ikke raskt stoler p\u00e5 kvaliteten p\u00e5 metadonpiller som selges p\u00e5 nettet fordi de ikke kan unders\u00f8ke det fysisk. Men det er ikke det samme med nettleverand\u00f8rer av metadonpiller. Produktene her er tro mot beskrivelsen med vedlikehold av h\u00f8y kvalitet utf\u00f8rt under tilsyn av eksperter.<\/p>\n<p>Rask &amp; Diskret frakt: Leveringen av Metadon-pillene p\u00e5 nett etter \u00e5 ha mottatt bestillingen skjer innenfor den lovede tidsrammen. Fraktteamet legger all sin innsats i \u00e5 gj\u00f8re frakt- og leveringsprosedyren jevn og rask. Du kan ogs\u00e5 forvente utmerkede tjenester n\u00e5r du kj\u00f8per Metadon-piller online fra profesjonelle p\u00e5 nettplattformen.<\/p>\n","protected":false},"excerpt":{"rendered":"<p>METADON er et smertestillende middel. Det brukes til \u00e5 behandle alvorlig smerte. Medisinen brukes ogs\u00e5 for \u00e5 forebygge abstinenssymptomer hos personer som er avhengige av andre rusmidler<\/p>\n","protected":false},"featured_media":9107,"comment_status":"open","ping_status":"closed","template":"","meta":{"_acf_changed":false,"_monsterinsights_skip_tracking":false,"_monsterinsights_sitenote_active":false,"_monsterinsights_sitenote_note":"","_monsterinsights_sitenote_category":0},"product_brand":[],"product_cat":[52],"product_tag":[771,772,777,776,773,775,774,778],"class_list":{"0":"post-9106","1":"product","2":"type-product","3":"status-publish","4":"has-post-thumbnail","6":"product_cat-pain-killers","7":"product_tag-hvordan-fa-metadon","8":"product_tag-metadon-10mg-piller","9":"product_tag-metadon-gateverdi","10":"product_tag-metadon-piller-til-salgs","11":"product_tag-metadon-til-salgs","12":"product_tag-metadon-til-salgs-pa-nettet","13":"product_tag-metadon-til-salgs-uten-resept","14":"product_tag-metadontabletter-til-salgs","16":"first","17":"instock","18":"shipping-taxable","19":"purchasable","20":"product-type-variable","21":"has-default-attributes"},"acf":[],"yoast_head":"<!-- This site is optimized with the Yoast SEO plugin v27.2 - https:\/\/yoast.com\/product\/yoast-seo-wordpress\/ -->\n<title>Metadon piller til salgs p\u00e5 nett uten resept | Global Meds Inc.<\/title>\n<meta name=\"description\" content=\"Metadon piller til salgs p\u00e5 nett uten resept. Vi selger metadonpiller av beste kvalitet. Kontakt oss gjerne for mer informasjon og priser.\" \/>\n<meta name=\"robots\" content=\"index, follow, max-snippet:-1, max-image-preview:large, max-video-preview:-1\" \/>\n<link rel=\"canonical\" href=\"https:\/\/globalmedsonlineinc.com\/no\/product\/pain-killers\/methadone\/\" \/>\n<meta property=\"og:locale\" content=\"nn_NO\" \/>\n<meta property=\"og:type\" content=\"article\" \/>\n<meta property=\"og:title\" content=\"Metadon piller til salgs p\u00e5 nett uten resept | Global Meds Inc.\" \/>\n<meta property=\"og:description\" content=\"Metadon piller til salgs p\u00e5 nett uten resept. Vi selger metadonpiller av beste kvalitet. Kontakt oss gjerne for mer informasjon og priser.\" \/>\n<meta property=\"og:url\" content=\"https:\/\/globalmedsonlineinc.com\/no\/product\/pain-killers\/methadone\/\" \/>\n<meta property=\"og:site_name\" content=\"Global Meds Inc\" \/>\n<meta property=\"article:modified_time\" content=\"2024-02-21T10:52:07+00:00\" \/>\n<meta property=\"og:image\" content=\"https:\/\/globalmedsonlineinc.com\/no\/content\/media\/uploads\/sites\/10\/2021\/07\/Dolophine-Methadone-10-MG.jpg\" \/>\n\t<meta property=\"og:image:width\" content=\"1200\" \/>\n\t<meta property=\"og:image:height\" content=\"1200\" \/>\n\t<meta property=\"og:image:type\" content=\"image\/jpeg\" \/>\n<meta name=\"twitter:card\" content=\"summary_large_image\" \/>\n<meta name=\"twitter:label1\" content=\"Est. reading time\" \/>\n\t<meta name=\"twitter:data1\" content=\"5 minutt\" \/>\n<script type=\"application\/ld+json\" class=\"yoast-schema-graph\">{\"@context\":\"https:\/\/schema.org\",\"@graph\":[{\"@type\":\"WebPage\",\"@id\":\"https:\/\/globalmedsonlineinc.com\/no\/product\/pain-killers\/methadone\/\",\"url\":\"https:\/\/globalmedsonlineinc.com\/no\/product\/pain-killers\/methadone\/\",\"name\":\"Metadon piller til salgs p\u00e5 nett uten resept | Global Meds Inc.\",\"isPartOf\":{\"@id\":\"https:\/\/globalmedsonlineinc.com\/no\/#website\"},\"primaryImageOfPage\":{\"@id\":\"https:\/\/globalmedsonlineinc.com\/no\/product\/pain-killers\/methadone\/#primaryimage\"},\"image\":{\"@id\":\"https:\/\/globalmedsonlineinc.com\/no\/product\/pain-killers\/methadone\/#primaryimage\"},\"thumbnailUrl\":\"https:\/\/globalmedsonlineinc.com\/no\/content\/media\/uploads\/sites\/10\/2021\/07\/Dolophine-Methadone-10-MG.jpg\",\"datePublished\":\"2021-07-02T17:26:15+00:00\",\"dateModified\":\"2024-02-21T10:52:07+00:00\",\"description\":\"Metadon piller til salgs p\u00e5 nett uten resept. Vi selger metadonpiller av beste kvalitet. Kontakt oss gjerne for mer informasjon og priser.\",\"breadcrumb\":{\"@id\":\"https:\/\/globalmedsonlineinc.com\/no\/product\/pain-killers\/methadone\/#breadcrumb\"},\"inLanguage\":\"nn-NO\",\"potentialAction\":[{\"@type\":\"ReadAction\",\"target\":[\"https:\/\/globalmedsonlineinc.com\/no\/product\/pain-killers\/methadone\/\"]}]},{\"@type\":\"ImageObject\",\"inLanguage\":\"nn-NO\",\"@id\":\"https:\/\/globalmedsonlineinc.com\/no\/product\/pain-killers\/methadone\/#primaryimage\",\"url\":\"https:\/\/globalmedsonlineinc.com\/no\/content\/media\/uploads\/sites\/10\/2021\/07\/Dolophine-Methadone-10-MG.jpg\",\"contentUrl\":\"https:\/\/globalmedsonlineinc.com\/no\/content\/media\/uploads\/sites\/10\/2021\/07\/Dolophine-Methadone-10-MG.jpg\",\"width\":1200,\"height\":1200,\"caption\":\"Metadonpiller selges uten resept p\u00e5 nettet\"},{\"@type\":\"BreadcrumbList\",\"@id\":\"https:\/\/globalmedsonlineinc.com\/no\/product\/pain-killers\/methadone\/#breadcrumb\",\"itemListElement\":[{\"@type\":\"ListItem\",\"position\":1,\"name\":\"Home\",\"item\":\"https:\/\/globalmedsonlineinc.com\/no\/\"},{\"@type\":\"ListItem\",\"position\":2,\"name\":\"Produkter\",\"item\":\"https:\/\/globalmedsonlineinc.com\/no\/produkter\/\"},{\"@type\":\"ListItem\",\"position\":3,\"name\":\"Kj\u00f8p metadon piller p\u00e5 nett\"}]},{\"@type\":\"WebSite\",\"@id\":\"https:\/\/globalmedsonlineinc.com\/no\/#website\",\"url\":\"https:\/\/globalmedsonlineinc.com\/no\/\",\"name\":\"Global Meds Inc\",\"description\":\"\",\"publisher\":{\"@id\":\"https:\/\/globalmedsonlineinc.com\/no\/#organization\"},\"potentialAction\":[{\"@type\":\"SearchAction\",\"target\":{\"@type\":\"EntryPoint\",\"urlTemplate\":\"https:\/\/globalmedsonlineinc.com\/no\/?s={search_term_string}\"},\"query-input\":{\"@type\":\"PropertyValueSpecification\",\"valueRequired\":true,\"valueName\":\"search_term_string\"}}],\"inLanguage\":\"nn-NO\"},{\"@type\":\"Organization\",\"@id\":\"https:\/\/globalmedsonlineinc.com\/no\/#organization\",\"name\":\"Global Meds Inc.\",\"url\":\"https:\/\/globalmedsonlineinc.com\/no\/\",\"logo\":{\"@type\":\"ImageObject\",\"inLanguage\":\"nn-NO\",\"@id\":\"https:\/\/globalmedsonlineinc.com\/no\/#\/schema\/logo\/image\/\",\"url\":\"https:\/\/globalmedsonlineinc.com\/no\/content\/media\/uploads\/sites\/10\/2021\/06\/globalmedsonlineincLogoShop20210630123730.00.png\",\"contentUrl\":\"https:\/\/globalmedsonlineinc.com\/no\/content\/media\/uploads\/sites\/10\/2021\/06\/globalmedsonlineincLogoShop20210630123730.00.png\",\"width\":450,\"height\":117,\"caption\":\"Global Meds Inc.\"},\"image\":{\"@id\":\"https:\/\/globalmedsonlineinc.com\/no\/#\/schema\/logo\/image\/\"}}]}<\/script>\n<!-- \/ Yoast SEO plugin. -->","yoast_head_json":{"title":"Metadon piller til salgs p\u00e5 nett uten resept | Global Meds Inc.","description":"Metadon piller til salgs p\u00e5 nett uten resept. Vi selger metadonpiller av beste kvalitet. Kontakt oss gjerne for mer informasjon og priser.","robots":{"index":"index","follow":"follow","max-snippet":"max-snippet:-1","max-image-preview":"max-image-preview:large","max-video-preview":"max-video-preview:-1"},"canonical":"https:\/\/globalmedsonlineinc.com\/no\/product\/pain-killers\/methadone\/","og_locale":"nn_NO","og_type":"article","og_title":"Metadon piller til salgs p\u00e5 nett uten resept | Global Meds Inc.","og_description":"Metadon piller til salgs p\u00e5 nett uten resept. Vi selger metadonpiller av beste kvalitet. Kontakt oss gjerne for mer informasjon og priser.","og_url":"https:\/\/globalmedsonlineinc.com\/no\/product\/pain-killers\/methadone\/","og_site_name":"Global Meds Inc","article_modified_time":"2024-02-21T10:52:07+00:00","og_image":[{"width":1200,"height":1200,"url":"https:\/\/globalmedsonlineinc.com\/no\/content\/media\/uploads\/sites\/10\/2021\/07\/Dolophine-Methadone-10-MG.jpg","type":"image\/jpeg"}],"twitter_card":"summary_large_image","twitter_misc":{"Est. reading time":"5 minutt"},"schema":{"@context":"https:\/\/schema.org","@graph":[{"@type":"WebPage","@id":"https:\/\/globalmedsonlineinc.com\/no\/product\/pain-killers\/methadone\/","url":"https:\/\/globalmedsonlineinc.com\/no\/product\/pain-killers\/methadone\/","name":"Metadon piller til salgs p\u00e5 nett uten resept | Global Meds Inc.","isPartOf":{"@id":"https:\/\/globalmedsonlineinc.com\/no\/#website"},"primaryImageOfPage":{"@id":"https:\/\/globalmedsonlineinc.com\/no\/product\/pain-killers\/methadone\/#primaryimage"},"image":{"@id":"https:\/\/globalmedsonlineinc.com\/no\/product\/pain-killers\/methadone\/#primaryimage"},"thumbnailUrl":"https:\/\/globalmedsonlineinc.com\/no\/content\/media\/uploads\/sites\/10\/2021\/07\/Dolophine-Methadone-10-MG.jpg","datePublished":"2021-07-02T17:26:15+00:00","dateModified":"2024-02-21T10:52:07+00:00","description":"Metadon piller til salgs p\u00e5 nett uten resept. Vi selger metadonpiller av beste kvalitet. Kontakt oss gjerne for mer informasjon og priser.","breadcrumb":{"@id":"https:\/\/globalmedsonlineinc.com\/no\/product\/pain-killers\/methadone\/#breadcrumb"},"inLanguage":"nn-NO","potentialAction":[{"@type":"ReadAction","target":["https:\/\/globalmedsonlineinc.com\/no\/product\/pain-killers\/methadone\/"]}]},{"@type":"ImageObject","inLanguage":"nn-NO","@id":"https:\/\/globalmedsonlineinc.com\/no\/product\/pain-killers\/methadone\/#primaryimage","url":"https:\/\/globalmedsonlineinc.com\/no\/content\/media\/uploads\/sites\/10\/2021\/07\/Dolophine-Methadone-10-MG.jpg","contentUrl":"https:\/\/globalmedsonlineinc.com\/no\/content\/media\/uploads\/sites\/10\/2021\/07\/Dolophine-Methadone-10-MG.jpg","width":1200,"height":1200,"caption":"Metadonpiller selges uten resept p\u00e5 nettet"},{"@type":"BreadcrumbList","@id":"https:\/\/globalmedsonlineinc.com\/no\/product\/pain-killers\/methadone\/#breadcrumb","itemListElement":[{"@type":"ListItem","position":1,"name":"Home","item":"https:\/\/globalmedsonlineinc.com\/no\/"},{"@type":"ListItem","position":2,"name":"Produkter","item":"https:\/\/globalmedsonlineinc.com\/no\/produkter\/"},{"@type":"ListItem","position":3,"name":"Kj\u00f8p metadon piller p\u00e5 nett"}]},{"@type":"WebSite","@id":"https:\/\/globalmedsonlineinc.com\/no\/#website","url":"https:\/\/globalmedsonlineinc.com\/no\/","name":"Global Meds Inc","description":"","publisher":{"@id":"https:\/\/globalmedsonlineinc.com\/no\/#organization"},"potentialAction":[{"@type":"SearchAction","target":{"@type":"EntryPoint","urlTemplate":"https:\/\/globalmedsonlineinc.com\/no\/?s={search_term_string}"},"query-input":{"@type":"PropertyValueSpecification","valueRequired":true,"valueName":"search_term_string"}}],"inLanguage":"nn-NO"},{"@type":"Organization","@id":"https:\/\/globalmedsonlineinc.com\/no\/#organization","name":"Global Meds Inc.","url":"https:\/\/globalmedsonlineinc.com\/no\/","logo":{"@type":"ImageObject","inLanguage":"nn-NO","@id":"https:\/\/globalmedsonlineinc.com\/no\/#\/schema\/logo\/image\/","url":"https:\/\/globalmedsonlineinc.com\/no\/content\/media\/uploads\/sites\/10\/2021\/06\/globalmedsonlineincLogoShop20210630123730.00.png","contentUrl":"https:\/\/globalmedsonlineinc.com\/no\/content\/media\/uploads\/sites\/10\/2021\/06\/globalmedsonlineincLogoShop20210630123730.00.png","width":450,"height":117,"caption":"Global Meds Inc."},"image":{"@id":"https:\/\/globalmedsonlineinc.com\/no\/#\/schema\/logo\/image\/"}}]}},"_links":{"self":[{"href":"https:\/\/globalmedsonlineinc.com\/no\/wp-json\/wp\/v2\/product\/9106","targetHints":{"allow":["GET"]}}],"collection":[{"href":"https:\/\/globalmedsonlineinc.com\/no\/wp-json\/wp\/v2\/product"}],"about":[{"href":"https:\/\/globalmedsonlineinc.com\/no\/wp-json\/wp\/v2\/types\/product"}],"replies":[{"embeddable":true,"href":"https:\/\/globalmedsonlineinc.com\/no\/wp-json\/wp\/v2\/comments?post=9106"}],"wp:featuredmedia":[{"embeddable":true,"href":"https:\/\/globalmedsonlineinc.com\/no\/wp-json\/wp\/v2\/media\/9107"}],"wp:attachment":[{"href":"https:\/\/globalmedsonlineinc.com\/no\/wp-json\/wp\/v2\/media?parent=9106"}],"wp:term":[{"taxonomy":"product_brand","embeddable":true,"href":"https:\/\/globalmedsonlineinc.com\/no\/wp-json\/wp\/v2\/product_brand?post=9106"},{"taxonomy":"product_cat","embeddable":true,"href":"https:\/\/globalmedsonlineinc.com\/no\/wp-json\/wp\/v2\/product_cat?post=9106"},{"taxonomy":"product_tag","embeddable":true,"href":"https:\/\/globalmedsonlineinc.com\/no\/wp-json\/wp\/v2\/product_tag?post=9106"}],"curies":[{"name":"wp","href":"https:\/\/api.w.org\/{rel}","templated":true}]}}