{"id":9098,"date":"2021-07-02T17:16:05","date_gmt":"2021-07-02T17:16:05","guid":{"rendered":"https:\/\/globalmedsonlineinc.com\/no\/?post_type=product&#038;p=9098"},"modified":"2024-02-21T10:54:22","modified_gmt":"2024-02-21T10:54:22","slug":"adderall","status":"publish","type":"product","link":"https:\/\/globalmedsonlineinc.com\/no\/product\/pain-killers\/adderall\/","title":{"rendered":"Kj\u00f8p Adderall piller online"},"content":{"rendered":"<h1>Adderall-piller til salgs p\u00e5 nett uten resept<\/h1>\n<p><a href=\"https:\/\/globalmedsonlineinc.com\/no\/product\/pain-killers\/adderall\/\">Adderall-piller til salgs<\/a> p\u00e5 nett uten resept. Adderall 30 MG er et slags stoff som dannes ved \u00e5 kombinere og dekstroamfetamin. Disse to komponentene fungerer som prim\u00e6re stimulanter i et nervesystem. I tillegg p\u00e5virker disse stimulantene hjernekjemikalier og nerver for \u00e5 kontrollere impulser og hyperaktivitet. Legemidlet brukes i utgangspunktet til \u00e5 kurere narkolepsi og hyperaktivitetsforstyrrelse (ADHD). Det er tillatt \u00e5 konsumere i spesifikke land, hovedsakelig Canada og USA.<\/p>\n<h6><strong>Forholdsregler ang\u00e5ende dosering:<\/strong><\/h6>\n<p>Det kan v\u00e6re behov for \u00e5 ta Adderall XR<strong><em>\u00a0<\/em><\/strong> hos en person, men man m\u00e5 konsultere legen f\u00f8r den f\u00f8rste dosen hvis han\/hun har overaktiv skjoldbruskkjertel, moderat til alvorlig h\u00f8yt blodtrykk, glaukom, enhver hjertesykdom eller til og med om en person var rus- eller alkoholmisbruker tidligere. Folk r\u00e5des ogs\u00e5 til \u00e5 ikke misbruke doseringen, da det kan for\u00e5rsake alvorlige bivirkninger p\u00e5 hjertet eller enda verre, d\u00f8d.<\/p>\n<h6><strong>Positivt utfall:<\/strong><\/h6>\n<p>Som forbruker narkotika av noe slag har effekter enten negative eller positive. Adderall 30 MG<strong><em>\u00a0<\/em><\/strong>har ogs\u00e5. Dette har blitt observert at bruk av det for kortere tidsrom som anvist av legen, p\u00e5virker personens helse positivt p\u00e5 grunn av forebygging av ADHD-symptomer. Det skjer fordi:<\/p>\n<ul>\n<li>Det \u00f8ker tilstedev\u00e6relsen av nevrotransmittere i hjernen v\u00e5r som dopamin og noradrenalin. Disse spesifikke kjemikaliene i hjernen fungerer ogs\u00e5 for \u00e5 \u00f8ke energiniv\u00e5et, v\u00e5kenhet og oppmerksomhet.<\/li>\n<li>Medikamentet kan \u00f8ke hjertefrekvensen og opprettholde blodstr\u00f8mmen til musklene.<\/li>\n<li>Konstant bruk av det i henhold til legenes r\u00e5d kan generere h\u00f8yere energi og oppfriskning som sies \u00e5 v\u00e6re lik kokainforbruket.<\/li>\n<\/ul>\n<h6><strong>Negativt utfall:<\/strong><\/h6>\n<p>Siden det er et av de sensitive legemidlene, og inntak av Adderall 30 MG<strong><em>\u00a0<\/em><\/strong>selv etter ekspertens resept kan ha en negativ innvirkning p\u00e5 helsen.<\/p>\n<ul>\n<li>Irritabilitet<\/li>\n<li>Usunt vekttap p\u00e5 grunn av appetittdemping<\/li>\n<li>Rastl\u00f8shet og forstyrret s\u00f8vnm\u00f8nster<\/li>\n<li>Alvorlige hjerteproblemer<\/li>\n<\/ul>\n<h6><strong>I tilfelle misbruk:<\/strong><\/h6>\n<p>Leger advarte alltid pasienter om \u00e5 ta medisiner skarpt, og selv om de ikke ville, ble inntaket av Adderall 30 MG misbrukt, det ville resultere i \u00f8kte energiniv\u00e5er sammen med intens oppkvikning. Dessuten kan misbruk av sistnevnte stoff generere ubehagelige symptomer som:<\/p>\n<ul>\n<li>Mindre konsentrasjon over ting<\/li>\n<li>Depresjon og sl\u00f8vhet<\/li>\n<li>Tretthet<\/li>\n<\/ul>\n<h6><strong>Punkter \u00e5 huske p\u00e5:<\/strong><\/h6>\n<p>I tillegg, f\u00f8r du tar Adderall 30 MG<strong><em>\u00a0<\/em><\/strong>er det noen punkter \u00e5 tenke p\u00e5.<\/p>\n<p>Forskere foreslo folk \u00e5 ikke konsumere det hvis de har brukt MAO-hemmere inkludert linezoild, metylenbl\u00e5tt injeksjon, isokarboksazid, rasagilin og annet i l\u00f8pet av de siste 14 dagene, da det kan resultere i intens medikamentinteraksjon som utvilsomt ikke er sunt.<\/p>\n<p>I tillegg b\u00f8r en person med stimulerende medisinallergi unng\u00e5 det, eller hvis hun\/han allerede har \u00e5 gj\u00f8re med:<\/p>\n<ul>\n<li>Enhver alvorlig hjerte- eller koronarsykdom<\/li>\n<li>Blodtrykk (normalt til h\u00f8yt)<\/li>\n<li>Intens angst og spenning<\/li>\n<li>Narkotika- eller alkoholavhengighet<\/li>\n<\/ul>\n<h6><strong>Hva hvis en person er avhengig av Adderall XR?<\/strong><\/h6>\n<p>Avhengighet av et slikt stoff vil ha to typer utfall, det vil si psykologisk og fysisk.<\/p>\n<p>En person vil finne ham psykologisk avhengig eller avhengig av det hvis han tar det p\u00e5 daglig basis og det blir en del av livet hans. I tillegg kan mindre tilgang til det, uansett \u00e5rsak, v\u00e6re urovekkende og stress eller hodepine vil ofte forekomme hos psykologisk vanedannende mennesker.<\/p>\n<p>Dessuten, for det f\u00f8rste, for psykologisk avhengige mennesker tok det ofte til farlige niv\u00e5er, og de m\u00e5 fortsette inntaket selv om det betyr \u00e5 sette livet deres i fare. Men i slike tilfeller er en kur tilgjengelig. Denne vanen kan forbedres ved psykologisk behandling for \u00e5 endre atferdsm\u00f8nstre. En terapi kalt kognitiv atferdsterapi kan v\u00e6re nyttig, if\u00f8lge eksperter.<\/p>\n<p>For det andre, n\u00e5r en person er vant til tilgjengeligheten av h\u00f8yere niv\u00e5er av dopamin i hjernen og begrensende Adderall XR<em><strong>\u00a0<\/strong><\/em>i et slikt tilfelle kan det falle dopaminniv\u00e5et og personen st\u00e5r overfor:<\/p>\n\n<ul>\n<li>Depresjon eller tretthet<\/li>\n<li>Sover unormalt eller holder seg v\u00e5ken i uvanlige timer<\/li>\n<\/ul>\n<p>Det er relevant \u00e5 nevne det her at denne fysiske avhengigheten kan <a href=\"https:\/\/cs.wikipedia.org\/wiki\/Adderall\">vekke<\/a> trangen til \u00e5 konsumere den mer for \u00e5 forbli forn\u00f8yd, noe som kan f\u00f8re til en person mot flere effekter og overdose.<\/p>\n<p>Men \u00e5 konsumere dem bare etter ekspertr\u00e5d eller \u00e5 m\u00e5le alle mulige forholdsregler kan forhindre folk fra negative utfall<\/p>\n<p>Adderall-piller av god kvalitet p\u00e5 nettet: Det er fullstendig forst\u00e5tt at folk ikke raskt stoler p\u00e5 kvaliteten p\u00e5 Adderall-piller som selges p\u00e5 nettet fordi de ikke kan unders\u00f8ke det fysisk. Men det er ikke det samme med Online Adderall piller online leverand\u00f8rer. Produktene her er tro mot beskrivelsen med vedlikehold av h\u00f8y kvalitet utf\u00f8rt under tilsyn av eksperter.<\/p>\n<p>Rask &amp; Diskret frakt: Leveringen av Adderall-pillene p\u00e5 nett etter \u00e5 ha mottatt bestillingen skjer innenfor den lovede tidsrammen. Fraktteamet legger all sin innsats i \u00e5 gj\u00f8re frakt- og leveringsprosedyren jevn og rask. Du kan ogs\u00e5 forvente utmerkede tjenester n\u00e5r du kj\u00f8per Adderall-piller online fra profesjonelle p\u00e5 nettplattformen.<\/p>\n","protected":false},"excerpt":{"rendered":"<p>Adderall 30 MG er et slags stoff som dannes ved \u00e5 kombinere og dekstroamfetamin. Disse to komponentene fungerer som prim\u00e6re stimulanter i et nervesystem. I tillegg p\u00e5virker disse stimulantene hjernekjemikalier og nerver for \u00e5 kontrollere impulser og hyperaktivitet<\/p>\n","protected":false},"featured_media":9100,"comment_status":"open","ping_status":"closed","template":"","meta":{"_acf_changed":false,"_monsterinsights_skip_tracking":false,"_monsterinsights_sitenote_active":false,"_monsterinsights_sitenote_note":"","_monsterinsights_sitenote_category":0},"product_brand":[],"product_cat":[52],"product_tag":[779,782,783,784,781,780],"class_list":{"0":"post-9098","1":"product","2":"type-product","3":"status-publish","4":"has-post-thumbnail","6":"product_cat-pain-killers","7":"product_tag-adderall-30-mg-til-salgs","8":"product_tag-bestill-adderall-30-mg-online","9":"product_tag-det-beste-stedet-a-kjope-adderall-30-mg-online","10":"product_tag-hvor-kan-man-kjope-adderall-30-mg-online","11":"product_tag-hvordan-kjope-adderall-30-mg-online","12":"product_tag-kjop-adderall-30-mg-online","14":"first","15":"instock","16":"shipping-taxable","17":"purchasable","18":"product-type-variable","19":"has-default-attributes"},"acf":[],"yoast_head":"<!-- This site is optimized with the Yoast SEO plugin v27.2 - https:\/\/yoast.com\/product\/yoast-seo-wordpress\/ -->\n<title>Adderall piller til salgs online uten resept | Global Meds Inc.<\/title>\n<meta name=\"description\" content=\"Adderall piller til salgs online uten resept. Adderall-piller til salgs p\u00e5 nett uten reseptVi selger Adderall-piller av beste kvalitet. Kontakt oss gjerne for mer informasjon og priser.\" \/>\n<meta name=\"robots\" content=\"index, follow, max-snippet:-1, max-image-preview:large, max-video-preview:-1\" \/>\n<link rel=\"canonical\" href=\"https:\/\/globalmedsonlineinc.com\/no\/product\/pain-killers\/adderall\/\" \/>\n<meta property=\"og:locale\" content=\"nn_NO\" \/>\n<meta property=\"og:type\" content=\"article\" \/>\n<meta property=\"og:title\" content=\"Adderall piller til salgs online uten resept | Global Meds Inc.\" \/>\n<meta property=\"og:description\" content=\"Adderall piller til salgs online uten resept. Adderall-piller til salgs p\u00e5 nett uten reseptVi selger Adderall-piller av beste kvalitet. Kontakt oss gjerne for mer informasjon og priser.\" \/>\n<meta property=\"og:url\" content=\"https:\/\/globalmedsonlineinc.com\/no\/product\/pain-killers\/adderall\/\" \/>\n<meta property=\"og:site_name\" content=\"Global Meds Inc\" \/>\n<meta property=\"article:modified_time\" content=\"2024-02-21T10:54:22+00:00\" \/>\n<meta property=\"og:image\" content=\"https:\/\/globalmedsonlineinc.com\/no\/content\/media\/uploads\/sites\/10\/2021\/07\/Buy-Adderall-30-MG.jpg\" \/>\n\t<meta property=\"og:image:width\" content=\"1200\" \/>\n\t<meta property=\"og:image:height\" content=\"1200\" \/>\n\t<meta property=\"og:image:type\" content=\"image\/jpeg\" \/>\n<meta name=\"twitter:card\" content=\"summary_large_image\" \/>\n<meta name=\"twitter:label1\" content=\"Est. reading time\" \/>\n\t<meta name=\"twitter:data1\" content=\"5 minutt\" \/>\n<script type=\"application\/ld+json\" class=\"yoast-schema-graph\">{\"@context\":\"https:\/\/schema.org\",\"@graph\":[{\"@type\":\"WebPage\",\"@id\":\"https:\/\/globalmedsonlineinc.com\/no\/product\/pain-killers\/adderall\/\",\"url\":\"https:\/\/globalmedsonlineinc.com\/no\/product\/pain-killers\/adderall\/\",\"name\":\"Adderall piller til salgs online uten resept | Global Meds Inc.\",\"isPartOf\":{\"@id\":\"https:\/\/globalmedsonlineinc.com\/no\/#website\"},\"primaryImageOfPage\":{\"@id\":\"https:\/\/globalmedsonlineinc.com\/no\/product\/pain-killers\/adderall\/#primaryimage\"},\"image\":{\"@id\":\"https:\/\/globalmedsonlineinc.com\/no\/product\/pain-killers\/adderall\/#primaryimage\"},\"thumbnailUrl\":\"https:\/\/globalmedsonlineinc.com\/no\/content\/media\/uploads\/sites\/10\/2021\/07\/Buy-Adderall-30-MG.jpg\",\"datePublished\":\"2021-07-02T17:16:05+00:00\",\"dateModified\":\"2024-02-21T10:54:22+00:00\",\"description\":\"Adderall piller til salgs online uten resept. Adderall-piller til salgs p\u00e5 nett uten reseptVi selger Adderall-piller av beste kvalitet. Kontakt oss gjerne for mer informasjon og priser.\",\"breadcrumb\":{\"@id\":\"https:\/\/globalmedsonlineinc.com\/no\/product\/pain-killers\/adderall\/#breadcrumb\"},\"inLanguage\":\"nn-NO\",\"potentialAction\":[{\"@type\":\"ReadAction\",\"target\":[\"https:\/\/globalmedsonlineinc.com\/no\/product\/pain-killers\/adderall\/\"]}]},{\"@type\":\"ImageObject\",\"inLanguage\":\"nn-NO\",\"@id\":\"https:\/\/globalmedsonlineinc.com\/no\/product\/pain-killers\/adderall\/#primaryimage\",\"url\":\"https:\/\/globalmedsonlineinc.com\/no\/content\/media\/uploads\/sites\/10\/2021\/07\/Buy-Adderall-30-MG.jpg\",\"contentUrl\":\"https:\/\/globalmedsonlineinc.com\/no\/content\/media\/uploads\/sites\/10\/2021\/07\/Buy-Adderall-30-MG.jpg\",\"width\":1200,\"height\":1200,\"caption\":\"Adderall-piller til salgs p\u00e5 nett uten resept\"},{\"@type\":\"BreadcrumbList\",\"@id\":\"https:\/\/globalmedsonlineinc.com\/no\/product\/pain-killers\/adderall\/#breadcrumb\",\"itemListElement\":[{\"@type\":\"ListItem\",\"position\":1,\"name\":\"Home\",\"item\":\"https:\/\/globalmedsonlineinc.com\/no\/\"},{\"@type\":\"ListItem\",\"position\":2,\"name\":\"Produkter\",\"item\":\"https:\/\/globalmedsonlineinc.com\/no\/produkter\/\"},{\"@type\":\"ListItem\",\"position\":3,\"name\":\"Kj\u00f8p Adderall piller online\"}]},{\"@type\":\"WebSite\",\"@id\":\"https:\/\/globalmedsonlineinc.com\/no\/#website\",\"url\":\"https:\/\/globalmedsonlineinc.com\/no\/\",\"name\":\"Global Meds Inc\",\"description\":\"\",\"publisher\":{\"@id\":\"https:\/\/globalmedsonlineinc.com\/no\/#organization\"},\"potentialAction\":[{\"@type\":\"SearchAction\",\"target\":{\"@type\":\"EntryPoint\",\"urlTemplate\":\"https:\/\/globalmedsonlineinc.com\/no\/?s={search_term_string}\"},\"query-input\":{\"@type\":\"PropertyValueSpecification\",\"valueRequired\":true,\"valueName\":\"search_term_string\"}}],\"inLanguage\":\"nn-NO\"},{\"@type\":\"Organization\",\"@id\":\"https:\/\/globalmedsonlineinc.com\/no\/#organization\",\"name\":\"Global Meds Inc.\",\"url\":\"https:\/\/globalmedsonlineinc.com\/no\/\",\"logo\":{\"@type\":\"ImageObject\",\"inLanguage\":\"nn-NO\",\"@id\":\"https:\/\/globalmedsonlineinc.com\/no\/#\/schema\/logo\/image\/\",\"url\":\"https:\/\/globalmedsonlineinc.com\/no\/content\/media\/uploads\/sites\/10\/2021\/06\/globalmedsonlineincLogoShop20210630123730.00.png\",\"contentUrl\":\"https:\/\/globalmedsonlineinc.com\/no\/content\/media\/uploads\/sites\/10\/2021\/06\/globalmedsonlineincLogoShop20210630123730.00.png\",\"width\":450,\"height\":117,\"caption\":\"Global Meds Inc.\"},\"image\":{\"@id\":\"https:\/\/globalmedsonlineinc.com\/no\/#\/schema\/logo\/image\/\"}}]}<\/script>\n<!-- \/ Yoast SEO plugin. -->","yoast_head_json":{"title":"Adderall piller til salgs online uten resept | Global Meds Inc.","description":"Adderall piller til salgs online uten resept. Adderall-piller til salgs p\u00e5 nett uten reseptVi selger Adderall-piller av beste kvalitet. Kontakt oss gjerne for mer informasjon og priser.","robots":{"index":"index","follow":"follow","max-snippet":"max-snippet:-1","max-image-preview":"max-image-preview:large","max-video-preview":"max-video-preview:-1"},"canonical":"https:\/\/globalmedsonlineinc.com\/no\/product\/pain-killers\/adderall\/","og_locale":"nn_NO","og_type":"article","og_title":"Adderall piller til salgs online uten resept | Global Meds Inc.","og_description":"Adderall piller til salgs online uten resept. Adderall-piller til salgs p\u00e5 nett uten reseptVi selger Adderall-piller av beste kvalitet. Kontakt oss gjerne for mer informasjon og priser.","og_url":"https:\/\/globalmedsonlineinc.com\/no\/product\/pain-killers\/adderall\/","og_site_name":"Global Meds Inc","article_modified_time":"2024-02-21T10:54:22+00:00","og_image":[{"width":1200,"height":1200,"url":"https:\/\/globalmedsonlineinc.com\/no\/content\/media\/uploads\/sites\/10\/2021\/07\/Buy-Adderall-30-MG.jpg","type":"image\/jpeg"}],"twitter_card":"summary_large_image","twitter_misc":{"Est. reading time":"5 minutt"},"schema":{"@context":"https:\/\/schema.org","@graph":[{"@type":"WebPage","@id":"https:\/\/globalmedsonlineinc.com\/no\/product\/pain-killers\/adderall\/","url":"https:\/\/globalmedsonlineinc.com\/no\/product\/pain-killers\/adderall\/","name":"Adderall piller til salgs online uten resept | Global Meds Inc.","isPartOf":{"@id":"https:\/\/globalmedsonlineinc.com\/no\/#website"},"primaryImageOfPage":{"@id":"https:\/\/globalmedsonlineinc.com\/no\/product\/pain-killers\/adderall\/#primaryimage"},"image":{"@id":"https:\/\/globalmedsonlineinc.com\/no\/product\/pain-killers\/adderall\/#primaryimage"},"thumbnailUrl":"https:\/\/globalmedsonlineinc.com\/no\/content\/media\/uploads\/sites\/10\/2021\/07\/Buy-Adderall-30-MG.jpg","datePublished":"2021-07-02T17:16:05+00:00","dateModified":"2024-02-21T10:54:22+00:00","description":"Adderall piller til salgs online uten resept. Adderall-piller til salgs p\u00e5 nett uten reseptVi selger Adderall-piller av beste kvalitet. Kontakt oss gjerne for mer informasjon og priser.","breadcrumb":{"@id":"https:\/\/globalmedsonlineinc.com\/no\/product\/pain-killers\/adderall\/#breadcrumb"},"inLanguage":"nn-NO","potentialAction":[{"@type":"ReadAction","target":["https:\/\/globalmedsonlineinc.com\/no\/product\/pain-killers\/adderall\/"]}]},{"@type":"ImageObject","inLanguage":"nn-NO","@id":"https:\/\/globalmedsonlineinc.com\/no\/product\/pain-killers\/adderall\/#primaryimage","url":"https:\/\/globalmedsonlineinc.com\/no\/content\/media\/uploads\/sites\/10\/2021\/07\/Buy-Adderall-30-MG.jpg","contentUrl":"https:\/\/globalmedsonlineinc.com\/no\/content\/media\/uploads\/sites\/10\/2021\/07\/Buy-Adderall-30-MG.jpg","width":1200,"height":1200,"caption":"Adderall-piller til salgs p\u00e5 nett uten resept"},{"@type":"BreadcrumbList","@id":"https:\/\/globalmedsonlineinc.com\/no\/product\/pain-killers\/adderall\/#breadcrumb","itemListElement":[{"@type":"ListItem","position":1,"name":"Home","item":"https:\/\/globalmedsonlineinc.com\/no\/"},{"@type":"ListItem","position":2,"name":"Produkter","item":"https:\/\/globalmedsonlineinc.com\/no\/produkter\/"},{"@type":"ListItem","position":3,"name":"Kj\u00f8p Adderall piller online"}]},{"@type":"WebSite","@id":"https:\/\/globalmedsonlineinc.com\/no\/#website","url":"https:\/\/globalmedsonlineinc.com\/no\/","name":"Global Meds Inc","description":"","publisher":{"@id":"https:\/\/globalmedsonlineinc.com\/no\/#organization"},"potentialAction":[{"@type":"SearchAction","target":{"@type":"EntryPoint","urlTemplate":"https:\/\/globalmedsonlineinc.com\/no\/?s={search_term_string}"},"query-input":{"@type":"PropertyValueSpecification","valueRequired":true,"valueName":"search_term_string"}}],"inLanguage":"nn-NO"},{"@type":"Organization","@id":"https:\/\/globalmedsonlineinc.com\/no\/#organization","name":"Global Meds Inc.","url":"https:\/\/globalmedsonlineinc.com\/no\/","logo":{"@type":"ImageObject","inLanguage":"nn-NO","@id":"https:\/\/globalmedsonlineinc.com\/no\/#\/schema\/logo\/image\/","url":"https:\/\/globalmedsonlineinc.com\/no\/content\/media\/uploads\/sites\/10\/2021\/06\/globalmedsonlineincLogoShop20210630123730.00.png","contentUrl":"https:\/\/globalmedsonlineinc.com\/no\/content\/media\/uploads\/sites\/10\/2021\/06\/globalmedsonlineincLogoShop20210630123730.00.png","width":450,"height":117,"caption":"Global Meds Inc."},"image":{"@id":"https:\/\/globalmedsonlineinc.com\/no\/#\/schema\/logo\/image\/"}}]}},"_links":{"self":[{"href":"https:\/\/globalmedsonlineinc.com\/no\/wp-json\/wp\/v2\/product\/9098","targetHints":{"allow":["GET"]}}],"collection":[{"href":"https:\/\/globalmedsonlineinc.com\/no\/wp-json\/wp\/v2\/product"}],"about":[{"href":"https:\/\/globalmedsonlineinc.com\/no\/wp-json\/wp\/v2\/types\/product"}],"replies":[{"embeddable":true,"href":"https:\/\/globalmedsonlineinc.com\/no\/wp-json\/wp\/v2\/comments?post=9098"}],"wp:featuredmedia":[{"embeddable":true,"href":"https:\/\/globalmedsonlineinc.com\/no\/wp-json\/wp\/v2\/media\/9100"}],"wp:attachment":[{"href":"https:\/\/globalmedsonlineinc.com\/no\/wp-json\/wp\/v2\/media?parent=9098"}],"wp:term":[{"taxonomy":"product_brand","embeddable":true,"href":"https:\/\/globalmedsonlineinc.com\/no\/wp-json\/wp\/v2\/product_brand?post=9098"},{"taxonomy":"product_cat","embeddable":true,"href":"https:\/\/globalmedsonlineinc.com\/no\/wp-json\/wp\/v2\/product_cat?post=9098"},{"taxonomy":"product_tag","embeddable":true,"href":"https:\/\/globalmedsonlineinc.com\/no\/wp-json\/wp\/v2\/product_tag?post=9098"}],"curies":[{"name":"wp","href":"https:\/\/api.w.org\/{rel}","templated":true}]}}