{"id":9086,"date":"2021-07-02T17:04:14","date_gmt":"2021-07-02T17:04:14","guid":{"rendered":"https:\/\/globalmedsonlineinc.com\/no\/?post_type=product&#038;p=9086"},"modified":"2024-02-21T10:55:34","modified_gmt":"2024-02-21T10:55:34","slug":"oxycodone","status":"publish","type":"product","link":"https:\/\/globalmedsonlineinc.com\/no\/product\/pain-killers\/oxycodone\/","title":{"rendered":"Kj\u00f8p Oxycodone piller online"},"content":{"rendered":"<h1>Oksykodon-piller selges uten resept p\u00e5 nettet<\/h1>\n<p><a href=\"https:\/\/globalmedsonlineinc.com\/no\/product\/pain-killers\/oxycodone\/\">Oxycodone piller til salgs<\/a> online uten resept. Oksykodon er den solide grunnleggende <a href=\"https:\/\/no.wikipedia.org\/wiki\/Oksykodon\">fikseringen<\/a> i en rekke smertestillende midler som anbefales til personer med moderat til alvorlig smerte. Disse pillene kommer i forskjellige former, st\u00f8rrelser og nyanser, avhengig av porsjon og merke. Oksykodon er i tillegg n\u00e5 og igjen godkjent i flytende struktur. Det er regelmessig godkjent som et blandingsmedisin med forskjellige resepter, inkludert acetaminophen, hodepinemedisin og ibuprofen, med forskjellige merkenavn som er avhengige av blandingen. De absolutt mest normale merkenavnene for oksykodon-baserte medisiner er: Kj\u00f8p oksykodon-piller p\u00e5 nettet<\/p>\n<p>Er det riktig \u00e5 si at du opplever pine? for \u00f8yeblikket kan du f\u00e5 smertestillende medisin fra tr\u00f8sten i ditt hjem eller kontor, vi selger de beste kliniske plagepillene for hjelp med ubehag og en rekke andre sykdommer som Inkluder; xanax, oksykontin, oksykodon, dilaudid, demerol, metadon (dolophin, metadose), roksykodon, diazepam, ritalin, percocet, concerta, tramadol, adderall, hydrokodon, morfin. Vi har 100 % rekord i fruktbare formidler. Vi tilbyr et bredt spekter av tjenester til v\u00e5re kunder for \u00e5 kj\u00f8pe oksykodon online uten problemer.<\/p>\n<p>Vi har medisiner for behandling av konstant ryggplager, hack, nerv\u00f8sitet, alarmproblemer, dysterhet, erektil brudd, seksuell brudd, narkolepsi, korpulens, elendighet, svakhet, vektreduksjonstilskudd og mer p\u00e5 nettet (ingen rettsmiddel n\u00f8dvendig)<\/p>\n<p>\u2013 Ingen l\u00f8sning kreves<\/p>\n<p>&#8211; Express for tiden eller 24 timers formidling<\/p>\n<p>&#8211; Pakken er n\u00f8ye festet, pakket inn med en aluminiumsfolie, fri for enhver skade<\/p>\n<p>&#8211; Ingen merking kreves n\u00e5r bunt dukker opp<\/p>\n<p>&#8211; 100 % kundest\u00f8tte og st\u00f8tte.<\/p>\n<p>&#8211; Pengene tilbake-garanti<\/p>\n<p>\u2013 Vi tilbyr hus til hus formidlingsadministrasjon<\/p>\n<p>&#8211; Utmerket og utrolige kostnader.<\/p>\n<p>Vi pakker forsiktig inn bunter med wolfram og karbonpapir for \u00e5 hoppe over toll-x-beam-maskiner ved luftterminaler. Bunter er herlig pakket inn med innpakningspapir fra et eksternt perspektiv. Rolland Meds tilbyr forskjellige tjenester og gj\u00f8r det ogs\u00e5 tilgjengelig for \u00e5 gi kundene kvalitetsmedisiner. Vi har ogs\u00e5 klar og tilgjengelig oksykodon klar til kj\u00f8p p\u00e5 nett. Ikke n\u00f8l med \u00e5 kontakte oss n\u00e5r du \u00f8nsker \u00e5 bestille oksykodon online, s\u00e5 st\u00e5r vi til tjeneste.<\/p>\n<p>Oxycodone-piller av god kvalitet p\u00e5 nettet: Det er fullstendig forst\u00e5tt at folk ikke raskt stoler p\u00e5 kvaliteten p\u00e5 Oxycodone-piller som selges p\u00e5 nettet fordi de ikke kan unders\u00f8ke det fysisk. Men det er ikke det samme med Online Oxycodone piller online leverand\u00f8rer. Produktene her er tro mot beskrivelsen med vedlikehold av h\u00f8y kvalitet utf\u00f8rt under tilsyn av eksperter.<\/p>\n<p>Rask &amp; Diskret frakt: Leveringen av Oxycodone-pillene p\u00e5 nett etter \u00e5 ha mottatt bestillingen skjer innen den lovede tidsrammen. Fraktteamet legger all sin innsats i \u00e5 gj\u00f8re frakt- og leveringsprosedyren jevn og rask. Du kan ogs\u00e5 forvente utmerkede tjenester n\u00e5r du kj\u00f8per Oxycodone piller online fra profesjonelle p\u00e5 nettplattformen.<\/p>\n","protected":false},"excerpt":{"rendered":"<p>Oksykodon er et moderat priset legemiddel som brukes til \u00e5 behandle moderat til alvorlig smerte. Dette stoffet er litt mer popul\u00e6rt enn sammenlignbare stoffer.<\/p>\n","protected":false},"featured_media":9097,"comment_status":"open","ping_status":"closed","template":"","meta":{"_acf_changed":false,"_monsterinsights_skip_tracking":false,"_monsterinsights_sitenote_active":false,"_monsterinsights_sitenote_note":"","_monsterinsights_sitenote_category":0},"product_brand":[],"product_cat":[52],"product_tag":[787,786,785,788,790,791,792,789,797,793,798,796,795,800,799,794],"class_list":{"0":"post-9086","1":"product","2":"type-product","3":"status-publish","4":"has-post-thumbnail","6":"product_cat-pain-killers","7":"product_tag-bestill-oxycodone","8":"product_tag-hvordan-fa-roxycodone","9":"product_tag-kjop-roxycodone-pa-nett","10":"product_tag-oxycodone-30mg-for-salg","11":"product_tag-oxycodone-for-salg-i-utlandet","12":"product_tag-oxycodone-piller-for-salg-pa-nettet","13":"product_tag-oxycodone-pulver-til-salgs","14":"product_tag-oxycodone-til-salgs-uten-resept","15":"product_tag-oxycontin-piller-til-salgs","16":"product_tag-oxycontin-sale-80","17":"product_tag-oxycontin-tabletter-til-salgs","18":"product_tag-oxycontin-til-salgs-pa-nett","19":"product_tag-oxycontin-til-salgs-uten-resept","20":"product_tag-roxycodon-piller-til-salgs-pa-nettet","21":"product_tag-roxycodon-til-salgs","22":"product_tag-sale-oxycontin-til-salgs","24":"first","25":"instock","26":"shipping-taxable","27":"purchasable","28":"product-type-variable","29":"has-default-attributes"},"acf":[],"yoast_head":"<!-- This site is optimized with the Yoast SEO plugin v27.2 - https:\/\/yoast.com\/product\/yoast-seo-wordpress\/ -->\n<title>Oksykodon piller til salgs p\u00e5 nett uten resept - Global Meds Inc.<\/title>\n<meta name=\"description\" content=\"Oksykodon piller til salgs p\u00e5 nett uten resept. Vi selger oksykodonpiller av beste kvalitet. Kontakt oss gjerne for mer informasjon og priser.\" \/>\n<meta name=\"robots\" content=\"index, follow, max-snippet:-1, max-image-preview:large, max-video-preview:-1\" \/>\n<link rel=\"canonical\" href=\"https:\/\/globalmedsonlineinc.com\/no\/product\/pain-killers\/oxycodone\/\" \/>\n<meta property=\"og:locale\" content=\"nn_NO\" \/>\n<meta property=\"og:type\" content=\"article\" \/>\n<meta property=\"og:title\" content=\"Oksykodon piller til salgs p\u00e5 nett uten resept - Global Meds Inc.\" \/>\n<meta property=\"og:description\" content=\"Oksykodon piller til salgs p\u00e5 nett uten resept. Vi selger oksykodonpiller av beste kvalitet. Kontakt oss gjerne for mer informasjon og priser.\" \/>\n<meta property=\"og:url\" content=\"https:\/\/globalmedsonlineinc.com\/no\/product\/pain-killers\/oxycodone\/\" \/>\n<meta property=\"og:site_name\" content=\"Global Meds Inc\" \/>\n<meta property=\"article:modified_time\" content=\"2024-02-21T10:55:34+00:00\" \/>\n<meta property=\"og:image\" content=\"https:\/\/globalmedsonlineinc.com\/no\/content\/media\/uploads\/sites\/10\/2021\/07\/OXYCODONE-30mg-15-MG-1.png\" \/>\n\t<meta property=\"og:image:width\" content=\"590\" \/>\n\t<meta property=\"og:image:height\" content=\"472\" \/>\n\t<meta property=\"og:image:type\" content=\"image\/png\" \/>\n<meta name=\"twitter:card\" content=\"summary_large_image\" \/>\n<meta name=\"twitter:label1\" content=\"Est. reading time\" \/>\n\t<meta name=\"twitter:data1\" content=\"3 minutt\" \/>\n<script type=\"application\/ld+json\" class=\"yoast-schema-graph\">{\"@context\":\"https:\/\/schema.org\",\"@graph\":[{\"@type\":\"WebPage\",\"@id\":\"https:\/\/globalmedsonlineinc.com\/no\/product\/pain-killers\/oxycodone\/\",\"url\":\"https:\/\/globalmedsonlineinc.com\/no\/product\/pain-killers\/oxycodone\/\",\"name\":\"Oksykodon piller til salgs p\u00e5 nett uten resept - Global Meds Inc.\",\"isPartOf\":{\"@id\":\"https:\/\/globalmedsonlineinc.com\/no\/#website\"},\"primaryImageOfPage\":{\"@id\":\"https:\/\/globalmedsonlineinc.com\/no\/product\/pain-killers\/oxycodone\/#primaryimage\"},\"image\":{\"@id\":\"https:\/\/globalmedsonlineinc.com\/no\/product\/pain-killers\/oxycodone\/#primaryimage\"},\"thumbnailUrl\":\"https:\/\/globalmedsonlineinc.com\/no\/content\/media\/uploads\/sites\/10\/2021\/07\/OXYCODONE-30mg-15-MG-1.png\",\"datePublished\":\"2021-07-02T17:04:14+00:00\",\"dateModified\":\"2024-02-21T10:55:34+00:00\",\"description\":\"Oksykodon piller til salgs p\u00e5 nett uten resept. Vi selger oksykodonpiller av beste kvalitet. Kontakt oss gjerne for mer informasjon og priser.\",\"breadcrumb\":{\"@id\":\"https:\/\/globalmedsonlineinc.com\/no\/product\/pain-killers\/oxycodone\/#breadcrumb\"},\"inLanguage\":\"nn-NO\",\"potentialAction\":[{\"@type\":\"ReadAction\",\"target\":[\"https:\/\/globalmedsonlineinc.com\/no\/product\/pain-killers\/oxycodone\/\"]}]},{\"@type\":\"ImageObject\",\"inLanguage\":\"nn-NO\",\"@id\":\"https:\/\/globalmedsonlineinc.com\/no\/product\/pain-killers\/oxycodone\/#primaryimage\",\"url\":\"https:\/\/globalmedsonlineinc.com\/no\/content\/media\/uploads\/sites\/10\/2021\/07\/OXYCODONE-30mg-15-MG-1.png\",\"contentUrl\":\"https:\/\/globalmedsonlineinc.com\/no\/content\/media\/uploads\/sites\/10\/2021\/07\/OXYCODONE-30mg-15-MG-1.png\",\"width\":590,\"height\":472,\"caption\":\"Oksykodon piller til salgs p\u00e5 nett uten resept\"},{\"@type\":\"BreadcrumbList\",\"@id\":\"https:\/\/globalmedsonlineinc.com\/no\/product\/pain-killers\/oxycodone\/#breadcrumb\",\"itemListElement\":[{\"@type\":\"ListItem\",\"position\":1,\"name\":\"Home\",\"item\":\"https:\/\/globalmedsonlineinc.com\/no\/\"},{\"@type\":\"ListItem\",\"position\":2,\"name\":\"Produkter\",\"item\":\"https:\/\/globalmedsonlineinc.com\/no\/produkter\/\"},{\"@type\":\"ListItem\",\"position\":3,\"name\":\"Kj\u00f8p Oxycodone piller online\"}]},{\"@type\":\"WebSite\",\"@id\":\"https:\/\/globalmedsonlineinc.com\/no\/#website\",\"url\":\"https:\/\/globalmedsonlineinc.com\/no\/\",\"name\":\"Global Meds Inc\",\"description\":\"\",\"publisher\":{\"@id\":\"https:\/\/globalmedsonlineinc.com\/no\/#organization\"},\"potentialAction\":[{\"@type\":\"SearchAction\",\"target\":{\"@type\":\"EntryPoint\",\"urlTemplate\":\"https:\/\/globalmedsonlineinc.com\/no\/?s={search_term_string}\"},\"query-input\":{\"@type\":\"PropertyValueSpecification\",\"valueRequired\":true,\"valueName\":\"search_term_string\"}}],\"inLanguage\":\"nn-NO\"},{\"@type\":\"Organization\",\"@id\":\"https:\/\/globalmedsonlineinc.com\/no\/#organization\",\"name\":\"Global Meds Inc.\",\"url\":\"https:\/\/globalmedsonlineinc.com\/no\/\",\"logo\":{\"@type\":\"ImageObject\",\"inLanguage\":\"nn-NO\",\"@id\":\"https:\/\/globalmedsonlineinc.com\/no\/#\/schema\/logo\/image\/\",\"url\":\"https:\/\/globalmedsonlineinc.com\/no\/content\/media\/uploads\/sites\/10\/2021\/06\/globalmedsonlineincLogoShop20210630123730.00.png\",\"contentUrl\":\"https:\/\/globalmedsonlineinc.com\/no\/content\/media\/uploads\/sites\/10\/2021\/06\/globalmedsonlineincLogoShop20210630123730.00.png\",\"width\":450,\"height\":117,\"caption\":\"Global Meds Inc.\"},\"image\":{\"@id\":\"https:\/\/globalmedsonlineinc.com\/no\/#\/schema\/logo\/image\/\"}}]}<\/script>\n<!-- \/ Yoast SEO plugin. -->","yoast_head_json":{"title":"Oksykodon piller til salgs p\u00e5 nett uten resept - Global Meds Inc.","description":"Oksykodon piller til salgs p\u00e5 nett uten resept. Vi selger oksykodonpiller av beste kvalitet. Kontakt oss gjerne for mer informasjon og priser.","robots":{"index":"index","follow":"follow","max-snippet":"max-snippet:-1","max-image-preview":"max-image-preview:large","max-video-preview":"max-video-preview:-1"},"canonical":"https:\/\/globalmedsonlineinc.com\/no\/product\/pain-killers\/oxycodone\/","og_locale":"nn_NO","og_type":"article","og_title":"Oksykodon piller til salgs p\u00e5 nett uten resept - Global Meds Inc.","og_description":"Oksykodon piller til salgs p\u00e5 nett uten resept. Vi selger oksykodonpiller av beste kvalitet. Kontakt oss gjerne for mer informasjon og priser.","og_url":"https:\/\/globalmedsonlineinc.com\/no\/product\/pain-killers\/oxycodone\/","og_site_name":"Global Meds Inc","article_modified_time":"2024-02-21T10:55:34+00:00","og_image":[{"width":590,"height":472,"url":"https:\/\/globalmedsonlineinc.com\/no\/content\/media\/uploads\/sites\/10\/2021\/07\/OXYCODONE-30mg-15-MG-1.png","type":"image\/png"}],"twitter_card":"summary_large_image","twitter_misc":{"Est. reading time":"3 minutt"},"schema":{"@context":"https:\/\/schema.org","@graph":[{"@type":"WebPage","@id":"https:\/\/globalmedsonlineinc.com\/no\/product\/pain-killers\/oxycodone\/","url":"https:\/\/globalmedsonlineinc.com\/no\/product\/pain-killers\/oxycodone\/","name":"Oksykodon piller til salgs p\u00e5 nett uten resept - Global Meds Inc.","isPartOf":{"@id":"https:\/\/globalmedsonlineinc.com\/no\/#website"},"primaryImageOfPage":{"@id":"https:\/\/globalmedsonlineinc.com\/no\/product\/pain-killers\/oxycodone\/#primaryimage"},"image":{"@id":"https:\/\/globalmedsonlineinc.com\/no\/product\/pain-killers\/oxycodone\/#primaryimage"},"thumbnailUrl":"https:\/\/globalmedsonlineinc.com\/no\/content\/media\/uploads\/sites\/10\/2021\/07\/OXYCODONE-30mg-15-MG-1.png","datePublished":"2021-07-02T17:04:14+00:00","dateModified":"2024-02-21T10:55:34+00:00","description":"Oksykodon piller til salgs p\u00e5 nett uten resept. Vi selger oksykodonpiller av beste kvalitet. Kontakt oss gjerne for mer informasjon og priser.","breadcrumb":{"@id":"https:\/\/globalmedsonlineinc.com\/no\/product\/pain-killers\/oxycodone\/#breadcrumb"},"inLanguage":"nn-NO","potentialAction":[{"@type":"ReadAction","target":["https:\/\/globalmedsonlineinc.com\/no\/product\/pain-killers\/oxycodone\/"]}]},{"@type":"ImageObject","inLanguage":"nn-NO","@id":"https:\/\/globalmedsonlineinc.com\/no\/product\/pain-killers\/oxycodone\/#primaryimage","url":"https:\/\/globalmedsonlineinc.com\/no\/content\/media\/uploads\/sites\/10\/2021\/07\/OXYCODONE-30mg-15-MG-1.png","contentUrl":"https:\/\/globalmedsonlineinc.com\/no\/content\/media\/uploads\/sites\/10\/2021\/07\/OXYCODONE-30mg-15-MG-1.png","width":590,"height":472,"caption":"Oksykodon piller til salgs p\u00e5 nett uten resept"},{"@type":"BreadcrumbList","@id":"https:\/\/globalmedsonlineinc.com\/no\/product\/pain-killers\/oxycodone\/#breadcrumb","itemListElement":[{"@type":"ListItem","position":1,"name":"Home","item":"https:\/\/globalmedsonlineinc.com\/no\/"},{"@type":"ListItem","position":2,"name":"Produkter","item":"https:\/\/globalmedsonlineinc.com\/no\/produkter\/"},{"@type":"ListItem","position":3,"name":"Kj\u00f8p Oxycodone piller online"}]},{"@type":"WebSite","@id":"https:\/\/globalmedsonlineinc.com\/no\/#website","url":"https:\/\/globalmedsonlineinc.com\/no\/","name":"Global Meds Inc","description":"","publisher":{"@id":"https:\/\/globalmedsonlineinc.com\/no\/#organization"},"potentialAction":[{"@type":"SearchAction","target":{"@type":"EntryPoint","urlTemplate":"https:\/\/globalmedsonlineinc.com\/no\/?s={search_term_string}"},"query-input":{"@type":"PropertyValueSpecification","valueRequired":true,"valueName":"search_term_string"}}],"inLanguage":"nn-NO"},{"@type":"Organization","@id":"https:\/\/globalmedsonlineinc.com\/no\/#organization","name":"Global Meds Inc.","url":"https:\/\/globalmedsonlineinc.com\/no\/","logo":{"@type":"ImageObject","inLanguage":"nn-NO","@id":"https:\/\/globalmedsonlineinc.com\/no\/#\/schema\/logo\/image\/","url":"https:\/\/globalmedsonlineinc.com\/no\/content\/media\/uploads\/sites\/10\/2021\/06\/globalmedsonlineincLogoShop20210630123730.00.png","contentUrl":"https:\/\/globalmedsonlineinc.com\/no\/content\/media\/uploads\/sites\/10\/2021\/06\/globalmedsonlineincLogoShop20210630123730.00.png","width":450,"height":117,"caption":"Global Meds Inc."},"image":{"@id":"https:\/\/globalmedsonlineinc.com\/no\/#\/schema\/logo\/image\/"}}]}},"_links":{"self":[{"href":"https:\/\/globalmedsonlineinc.com\/no\/wp-json\/wp\/v2\/product\/9086","targetHints":{"allow":["GET"]}}],"collection":[{"href":"https:\/\/globalmedsonlineinc.com\/no\/wp-json\/wp\/v2\/product"}],"about":[{"href":"https:\/\/globalmedsonlineinc.com\/no\/wp-json\/wp\/v2\/types\/product"}],"replies":[{"embeddable":true,"href":"https:\/\/globalmedsonlineinc.com\/no\/wp-json\/wp\/v2\/comments?post=9086"}],"wp:featuredmedia":[{"embeddable":true,"href":"https:\/\/globalmedsonlineinc.com\/no\/wp-json\/wp\/v2\/media\/9097"}],"wp:attachment":[{"href":"https:\/\/globalmedsonlineinc.com\/no\/wp-json\/wp\/v2\/media?parent=9086"}],"wp:term":[{"taxonomy":"product_brand","embeddable":true,"href":"https:\/\/globalmedsonlineinc.com\/no\/wp-json\/wp\/v2\/product_brand?post=9086"},{"taxonomy":"product_cat","embeddable":true,"href":"https:\/\/globalmedsonlineinc.com\/no\/wp-json\/wp\/v2\/product_cat?post=9086"},{"taxonomy":"product_tag","embeddable":true,"href":"https:\/\/globalmedsonlineinc.com\/no\/wp-json\/wp\/v2\/product_tag?post=9086"}],"curies":[{"name":"wp","href":"https:\/\/api.w.org\/{rel}","templated":true}]}}